{"id":3,"date":"2023-10-12T09:04:59","date_gmt":"2023-10-12T09:04:59","guid":{"rendered":"http:\/\/food4animals.nl\/?page_id=3"},"modified":"2023-11-30T10:28:36","modified_gmt":"2023-11-30T10:28:36","slug":"datenschutzbestimmungen","status":"publish","type":"page","link":"https:\/\/www.food4animals.nl\/de\/datenschutzbestimmungen\/","title":{"rendered":"Datenschutzbestimmungen"},"content":{"rendered":"<h2 class=\"wp-block-heading\">Wer wir sind<\/h2><p><strong class=\"privacy-policy-tutorial\">Vorgeschlagener Text: <\/strong>Unsere Website-Adresse lautet: http:\/\/food4animals.nl.<\/p><h2 class=\"wp-block-heading\">Kommentare<\/h2><p><strong class=\"privacy-policy-tutorial\">Vorgeschlagener Text: <\/strong>Wenn Besucher Kommentare auf der Website hinterlassen, erfassen wir die im Kommentarformular angezeigten Daten, die IP-Adresse des Besuchers und den User-Agent des Browsers, um Spam zu erkennen.<\/p><p>Eine anonymisierte Zeichenfolge, die aus Ihrer E-Mail-Adresse erstellt wird (auch Hash genannt), kann an den Gravatar-Dienst gesendet werden, wenn Sie diesen nutzen. Die Seite mit den Datenschutzbestimmungen des Gravatar-Dienstes finden Sie hier: https:\/\/automattic.com\/privacy\/. Nachdem Ihr Kommentar genehmigt wurde, ist Ihr Profilbild im Zusammenhang mit Ihrem Kommentar \u00f6ffentlich sichtbar.<\/p><h2 class=\"wp-block-heading\">Medien<\/h2><p><strong class=\"privacy-policy-tutorial\">Vorgeschlagener Text: <\/strong>Wenn Sie ein registrierter Benutzer sind und Bilder auf die Website hochladen, sollten Sie es vermeiden, Bilder mit EXIF-GPS-Standortdaten hochzuladen. Besucher der Website k\u00f6nnen die Bilder von der Website herunterladen und die Standortdaten sehen.<\/p><h2 class=\"wp-block-heading\">Cookies<\/h2><p><strong class=\"privacy-policy-tutorial\">Vorgeschlagener Text: <\/strong>Wenn Sie einen Kommentar auf unserer Website hinterlassen, k\u00f6nnen Sie angeben, ob Ihr Name, Ihre E-Mail-Adresse und Ihr Standort in einem Cookie gespeichert werden d\u00fcrfen. Wir tun dies aus Gr\u00fcnden der Bequemlichkeit, damit Sie diese Angaben bei einem neuen Kommentar nicht erneut eingeben m\u00fcssen. Diese Cookies sind ein Jahr lang g\u00fcltig.<\/p><p>Wenn Sie unsere Anmeldeseite besuchen, speichern wir ein tempor\u00e4res Cookie, um zu pr\u00fcfen, ob Ihr Browser Cookies zul\u00e4sst. Dieses Cookie enth\u00e4lt keine pers\u00f6nlichen Daten und wird gel\u00f6scht, sobald Sie Ihren Browser schlie\u00dfen.<\/p><p>Sobald Sie sich anmelden, speichern wir einige Cookies, die sich auf Ihre Anmeldeinformationen und Bildschirmdarstellungsoptionen beziehen. Login-Cookies sind 2 Tage lang g\u00fcltig und Cookies f\u00fcr Bildschirmoptionen sind 1 Jahr lang g\u00fcltig. Wenn Sie \"Angemeldet bleiben\" w\u00e4hlen, wird Ihr Login 2 Wochen lang gespeichert. Sobald Sie sich von Ihrem Konto abmelden, werden die Anmelde-Cookies gel\u00f6scht.<\/p><p>Wenn Sie einen Beitrag bearbeiten oder ver\u00f6ffentlichen, wird ein zus\u00e4tzliches Cookie von Ihrem Browser gespeichert. Dieser Cookie enth\u00e4lt keine pers\u00f6nlichen Daten, sondern nur die Post-ID des von Ihnen bearbeiteten Artikels. Dieses Cookie verf\u00e4llt nach einem Tag.<\/p><h2 class=\"wp-block-heading\">Eingebettete Inhalte von anderen Websites<\/h2><p><strong class=\"privacy-policy-tutorial\">Vorgeschlagener Text: <\/strong>Beitr\u00e4ge auf dieser Website k\u00f6nnen eingebettete Inhalte (z. B. Videos, Bilder, Nachrichten usw.) enthalten. Eingebettete Inhalte von anderen Websites verhalten sich genau so, als ob der Besucher diese andere Website besucht h\u00e4tte.<\/p><p>Diese Websites k\u00f6nnen Daten \u00fcber Sie sammeln, Cookies verwenden, zus\u00e4tzliche Trackingfunktionen von Dritten einbetten und Ihre Interaktion mit diesen eingebetteten Inhalten \u00fcberwachen, einschlie\u00dflich der Aufzeichnung Ihrer Interaktion mit eingebetteten Inhalten, wenn Sie ein Konto haben und auf dieser Website angemeldet sind.<\/p><h2 class=\"wp-block-heading\">Mit wem wir Ihre Daten teilen<\/h2><p><strong class=\"privacy-policy-tutorial\">Vorgeschlagener Text: <\/strong>Wenn Sie ein neues Passwort anfordern, wird Ihre IP-Adresse in der E-Mail mit dem neuen Passwort angegeben.<\/p><h2 class=\"wp-block-heading\">Wie lange wir Ihre Daten aufbewahren<\/h2><p><strong class=\"privacy-policy-tutorial\">Vorgeschlagener Text: <\/strong>Wenn Sie einen Kommentar hinterlassen, werden dieser Kommentar und seine Metadaten f\u00fcr immer gespeichert. Auf diese Weise k\u00f6nnen wir Folgekommentare automatisch erkennen und genehmigen, ohne sie moderieren zu m\u00fcssen.<\/p><p>Bei Nutzern, die sich auf unserer Website registrieren (falls vorhanden), speichern wir auch die pers\u00f6nlichen Daten, die sie in ihrem Nutzerprofil angeben. Alle Nutzer k\u00f6nnen ihre pers\u00f6nlichen Daten jederzeit einsehen, bearbeiten oder l\u00f6schen (mit der Ausnahme, dass sie ihren Benutzernamen nicht \u00e4ndern k\u00f6nnen). Auch die Administratoren der Website k\u00f6nnen diese Informationen einsehen und bearbeiten.<\/p><h2 class=\"wp-block-heading\">Welche Rechte Sie an Ihren Daten haben<\/h2><p><strong class=\"privacy-policy-tutorial\">Vorgeschlagener Text: <\/strong>Wenn Sie ein Konto auf dieser Website haben oder Kommentare hinterlassen haben, k\u00f6nnen Sie eine Exportdatei Ihrer pers\u00f6nlichen Daten anfordern, die wir \u00fcber Sie gespeichert haben, einschlie\u00dflich aller Daten, die Sie uns gegeben haben. Sie k\u00f6nnen auch verlangen, dass wir alle personenbezogenen Daten, die wir \u00fcber Sie gespeichert haben, l\u00f6schen. Davon ausgenommen sind Daten, die wir aus verwaltungstechnischen, rechtlichen oder sicherheitsrelevanten Gr\u00fcnden aufbewahren m\u00fcssen.<\/p><h2 class=\"wp-block-heading\">Wohin Ihre Daten gesendet werden<\/h2><p><strong class=\"privacy-policy-tutorial\">Vorgeschlagener Text: <\/strong>Die Antworten der Besucher k\u00f6nnen durch einen automatischen Spam-Erkennungsdienst \u00fcberwacht werden.<\/p>","protected":false},"excerpt":{"rendered":"<p>Wie zijn we Voorgestelde tekst: Ons site adres is: http:\/\/food4animals.nl. Reacties Voorgestelde tekst: Als bezoekers reacties achterlaten op de site, verzamelen we de gegevens getoond in het reactieformulier, het IP-adres van de bezoeker en de browser user agent om te helpen spam te detecteren. Een geanonimiseerde string, gemaakt op basis van je e-mailadres (dit wordt [&hellip;]<\/p>\n","protected":false},"author":1,"featured_media":0,"parent":0,"menu_order":0,"comment_status":"closed","ping_status":"closed","template":"front-page.php","meta":{"_acf_changed":false,"footnotes":""},"class_list":["post-3","page","type-page","status-publish","hentry"],"acf":[],"yoast_head":"<!-- This site is optimized with the Yoast SEO plugin v27.4 - https:\/\/yoast.com\/product\/yoast-seo-wordpress\/ -->\n<title>Privacybeleid - Food4animals<\/title>\n<meta name=\"robots\" content=\"index, follow, max-snippet:-1, max-image-preview:large, max-video-preview:-1\" \/>\n<link rel=\"canonical\" href=\"https:\/\/www.food4animals.nl\/de\/datenschutzbestimmungen\/\" \/>\n<meta property=\"og:locale\" content=\"de_DE\" \/>\n<meta property=\"og:type\" content=\"article\" \/>\n<meta property=\"og:title\" content=\"Privacybeleid - Food4animals\" \/>\n<meta property=\"og:description\" content=\"Wie zijn we Voorgestelde tekst: Ons site adres is: http:\/\/food4animals.nl. Reacties Voorgestelde tekst: Als bezoekers reacties achterlaten op de site, verzamelen we de gegevens getoond in het reactieformulier, het IP-adres van de bezoeker en de browser user agent om te helpen spam te detecteren. Een geanonimiseerde string, gemaakt op basis van je e-mailadres (dit wordt [&hellip;]\" \/>\n<meta property=\"og:url\" content=\"https:\/\/www.food4animals.nl\/de\/datenschutzbestimmungen\/\" \/>\n<meta property=\"og:site_name\" content=\"Food4animals\" \/>\n<meta property=\"article:publisher\" content=\"https:\/\/www.facebook.com\/p\/Food4animals-100063861676074\/\" \/>\n<meta property=\"article:modified_time\" content=\"2023-11-30T10:28:36+00:00\" \/>\n<meta name=\"twitter:card\" content=\"summary_large_image\" \/>\n<meta name=\"twitter:site\" content=\"@food4animals\" \/>\n<meta name=\"twitter:label1\" content=\"Gesch\u00e4tzte Lesezeit\" \/>\n\t<meta name=\"twitter:data1\" content=\"3\u00a0Minuten\" \/>\n<script type=\"application\/ld+json\" class=\"yoast-schema-graph\">{\"@context\":\"https:\\\/\\\/schema.org\",\"@graph\":[{\"@type\":\"WebPage\",\"@id\":\"https:\\\/\\\/www.food4animals.nl\\\/privacybeleid\\\/\",\"url\":\"https:\\\/\\\/www.food4animals.nl\\\/privacybeleid\\\/\",\"name\":\"Privacybeleid - Food4animals\",\"isPartOf\":{\"@id\":\"https:\\\/\\\/www.food4animals.nl\\\/en\\\/#website\"},\"datePublished\":\"2023-10-12T09:04:59+00:00\",\"dateModified\":\"2023-11-30T10:28:36+00:00\",\"breadcrumb\":{\"@id\":\"https:\\\/\\\/www.food4animals.nl\\\/privacybeleid\\\/#breadcrumb\"},\"inLanguage\":\"de\",\"potentialAction\":[{\"@type\":\"ReadAction\",\"target\":[\"https:\\\/\\\/www.food4animals.nl\\\/privacybeleid\\\/\"]}]},{\"@type\":\"BreadcrumbList\",\"@id\":\"https:\\\/\\\/www.food4animals.nl\\\/privacybeleid\\\/#breadcrumb\",\"itemListElement\":[{\"@type\":\"ListItem\",\"position\":1,\"name\":\"Home\",\"item\":\"https:\\\/\\\/www.food4animals.nl\\\/\"},{\"@type\":\"ListItem\",\"position\":2,\"name\":\"Privacybeleid\"}]},{\"@type\":\"WebSite\",\"@id\":\"https:\\\/\\\/www.food4animals.nl\\\/en\\\/#website\",\"url\":\"https:\\\/\\\/www.food4animals.nl\\\/en\\\/\",\"name\":\"Food4animals\",\"description\":\"Alles voor Ruiter en Dier\",\"publisher\":{\"@id\":\"https:\\\/\\\/www.food4animals.nl\\\/en\\\/#organization\"},\"potentialAction\":[{\"@type\":\"SearchAction\",\"target\":{\"@type\":\"EntryPoint\",\"urlTemplate\":\"https:\\\/\\\/www.food4animals.nl\\\/en\\\/?s={search_term_string}\"},\"query-input\":{\"@type\":\"PropertyValueSpecification\",\"valueRequired\":true,\"valueName\":\"search_term_string\"}}],\"inLanguage\":\"de\"},{\"@type\":\"Organization\",\"@id\":\"https:\\\/\\\/www.food4animals.nl\\\/en\\\/#organization\",\"name\":\"Food4animals\",\"url\":\"https:\\\/\\\/www.food4animals.nl\\\/en\\\/\",\"logo\":{\"@type\":\"ImageObject\",\"inLanguage\":\"de\",\"@id\":\"https:\\\/\\\/www.food4animals.nl\\\/en\\\/#\\\/schema\\\/logo\\\/image\\\/\",\"url\":\"https:\\\/\\\/www.food4animals.nl\\\/wp-content\\\/uploads\\\/2023\\\/10\\\/Logo.svg\",\"contentUrl\":\"https:\\\/\\\/www.food4animals.nl\\\/wp-content\\\/uploads\\\/2023\\\/10\\\/Logo.svg\",\"width\":1,\"height\":1,\"caption\":\"Food4animals\"},\"image\":{\"@id\":\"https:\\\/\\\/www.food4animals.nl\\\/en\\\/#\\\/schema\\\/logo\\\/image\\\/\"},\"sameAs\":[\"https:\\\/\\\/www.facebook.com\\\/p\\\/Food4animals-100063861676074\\\/\",\"https:\\\/\\\/x.com\\\/food4animals\"]}]}<\/script>\n<!-- \/ Yoast SEO plugin. -->","yoast_head_json":{"title":"Datenschutzrichtlinie - Food4animals","robots":{"index":"index","follow":"follow","max-snippet":"max-snippet:-1","max-image-preview":"max-image-preview:large","max-video-preview":"max-video-preview:-1"},"canonical":"https:\/\/www.food4animals.nl\/de\/datenschutzbestimmungen\/","og_locale":"de_DE","og_type":"article","og_title":"Privacybeleid - Food4animals","og_description":"Wie zijn we Voorgestelde tekst: Ons site adres is: http:\/\/food4animals.nl. Reacties Voorgestelde tekst: Als bezoekers reacties achterlaten op de site, verzamelen we de gegevens getoond in het reactieformulier, het IP-adres van de bezoeker en de browser user agent om te helpen spam te detecteren. Een geanonimiseerde string, gemaakt op basis van je e-mailadres (dit wordt [&hellip;]","og_url":"https:\/\/www.food4animals.nl\/de\/datenschutzbestimmungen\/","og_site_name":"Food4animals","article_publisher":"https:\/\/www.facebook.com\/p\/Food4animals-100063861676074\/","article_modified_time":"2023-11-30T10:28:36+00:00","twitter_card":"summary_large_image","twitter_site":"@food4animals","twitter_misc":{"Gesch\u00e4tzte Lesezeit":"3\u00a0Minuten"},"schema":{"@context":"https:\/\/schema.org","@graph":[{"@type":"WebPage","@id":"https:\/\/www.food4animals.nl\/privacybeleid\/","url":"https:\/\/www.food4animals.nl\/privacybeleid\/","name":"Datenschutzrichtlinie - Food4animals","isPartOf":{"@id":"https:\/\/www.food4animals.nl\/en\/#website"},"datePublished":"2023-10-12T09:04:59+00:00","dateModified":"2023-11-30T10:28:36+00:00","breadcrumb":{"@id":"https:\/\/www.food4animals.nl\/privacybeleid\/#breadcrumb"},"inLanguage":"de","potentialAction":[{"@type":"ReadAction","target":["https:\/\/www.food4animals.nl\/privacybeleid\/"]}]},{"@type":"BreadcrumbList","@id":"https:\/\/www.food4animals.nl\/privacybeleid\/#breadcrumb","itemListElement":[{"@type":"ListItem","position":1,"name":"Home","item":"https:\/\/www.food4animals.nl\/"},{"@type":"ListItem","position":2,"name":"Privacybeleid"}]},{"@type":"WebSite","@id":"https:\/\/www.food4animals.nl\/en\/#website","url":"https:\/\/www.food4animals.nl\/en\/","name":"Lebensmittel4Tiere","description":"Alles f\u00fcr Reiter und Tier","publisher":{"@id":"https:\/\/www.food4animals.nl\/en\/#organization"},"potentialAction":[{"@type":"SearchAction","target":{"@type":"EntryPoint","urlTemplate":"https:\/\/www.food4animals.nl\/en\/?s={search_term_string}"},"query-input":{"@type":"PropertyValueSpecification","valueRequired":true,"valueName":"search_term_string"}}],"inLanguage":"de"},{"@type":"Organization","@id":"https:\/\/www.food4animals.nl\/en\/#organization","name":"Lebensmittel4Tiere","url":"https:\/\/www.food4animals.nl\/en\/","logo":{"@type":"ImageObject","inLanguage":"de","@id":"https:\/\/www.food4animals.nl\/en\/#\/schema\/logo\/image\/","url":"https:\/\/www.food4animals.nl\/wp-content\/uploads\/2023\/10\/Logo.svg","contentUrl":"https:\/\/www.food4animals.nl\/wp-content\/uploads\/2023\/10\/Logo.svg","width":1,"height":1,"caption":"Food4animals"},"image":{"@id":"https:\/\/www.food4animals.nl\/en\/#\/schema\/logo\/image\/"},"sameAs":["https:\/\/www.facebook.com\/p\/Food4animals-100063861676074\/","https:\/\/x.com\/food4animals"]}]}},"_links":{"self":[{"href":"https:\/\/www.food4animals.nl\/de\/wp-json\/wp\/v2\/pages\/3","targetHints":{"allow":["GET"]}}],"collection":[{"href":"https:\/\/www.food4animals.nl\/de\/wp-json\/wp\/v2\/pages"}],"about":[{"href":"https:\/\/www.food4animals.nl\/de\/wp-json\/wp\/v2\/types\/page"}],"author":[{"embeddable":true,"href":"https:\/\/www.food4animals.nl\/de\/wp-json\/wp\/v2\/users\/1"}],"replies":[{"embeddable":true,"href":"https:\/\/www.food4animals.nl\/de\/wp-json\/wp\/v2\/comments?post=3"}],"version-history":[{"count":1,"href":"https:\/\/www.food4animals.nl\/de\/wp-json\/wp\/v2\/pages\/3\/revisions"}],"predecessor-version":[{"id":5021,"href":"https:\/\/www.food4animals.nl\/de\/wp-json\/wp\/v2\/pages\/3\/revisions\/5021"}],"wp:attachment":[{"href":"https:\/\/www.food4animals.nl\/de\/wp-json\/wp\/v2\/media?parent=3"}],"curies":[{"name":"wp","href":"https:\/\/api.w.org\/{rel}","templated":true}]}}