{"id":10007,"date":"2023-12-13T01:39:58","date_gmt":"2023-12-13T01:39:58","guid":{"rendered":"https:\/\/food4animals.nl\/product\/jolly-soccer-ball-15cm-oranje\/"},"modified":"2026-04-20T01:18:36","modified_gmt":"2026-04-20T00:18:36","slug":"jolly-soccer-ball-15cm-oranje","status":"publish","type":"product","link":"https:\/\/www.food4animals.nl\/de\/produkt\/jolly-soccer-ball-15cm-oranje\/","title":{"rendered":"Jolly Soccer Ball 15cm Orange"},"content":{"rendered":"<p><span style=\"font-size: 10pt;\"><strong>Jolly Soccer Ball<\/strong><\/span><br \/><span style=\"font-size: 10pt;\">Dieser Fu\u00dfball f\u00fcr Hunde regt zu gesunder Bewegung und Spiel an. Hergestellt aus superstarkem Jollyflex-Material, in das der Hund seine Z\u00e4hne versenken kann. Er beh\u00e4lt seine urspr\u00fcngliche Form und der Jolly Soccer Ball verliert keine Luft. Der Ball schwimmt auf dem Wasser und ist durch seine helle Farbe gut sichtbar. <\/span><\/p>\n<p><span style=\"font-size: 10pt;\">De Jolly Soccer Ball is bedoeld om te apporteren, het is niet geschikt als kauwspeelgoed.\u00a0<\/span><\/p>\n<p><span style=\"font-size: 10pt;\">Mit diesem Fu\u00dfball k\u00f6nnen Sie das eigentliche Ziel im Auge behalten - den Spa\u00df, den Sie mit Ihrem Hund haben.<\/span><br \/><span style=\"font-size: 10pt;\">\u00a0<\/span><br \/><span style=\"font-size: 10pt;\"><strong>Geruch<\/strong><\/span><br \/><span style=\"font-size: 10pt;\">Der orangefarbene Jolly Soccer Ball duftet nach Vanille und der gr\u00fcne nach Apfel. <\/span><br \/><span style=\"font-size: 10pt;\">Die anderen Farben des Jolly Soccer Balls sind geruchlos.<\/span><\/p>\n<p><span style=\"font-size: 10pt;\"><strong>Farbe<\/strong><br \/>JOLL036B &#8211; oranje<br \/>JOLL036C &#8211; roze<br \/>JOLL036D &#8211; groen<br \/>JOLL036E &#8211; blauw<br \/>JOLL036F &#8211; oceaanblauw<br \/>JOLL036R &#8211; rood<\/span><\/p>","protected":false},"excerpt":{"rendered":"<p>Deze duurzame speelbal staat garant voor veel speelplezier met uw hond.\u00a0<\/p>","protected":false},"featured_media":36669,"template":"","meta":{"_acf_changed":false},"product_brand":[],"product_cat":[821,822],"product_tag":[827,823,2331,2355,1741,906,1560],"class_list":{"0":"post-10007","1":"product","2":"type-product","3":"status-publish","4":"has-post-thumbnail","6":"product_cat-hond","7":"product_cat-speelgoed","8":"product_tag-ballen","9":"product_tag-hond","10":"product_tag-jolly-pets","11":"product_tag-jollysoccerball","12":"product_tag-met-garantie","13":"product_tag-oranje","14":"product_tag-wkballen","15":"tax_brand-jolly-pets","17":"first","18":"instock","19":"taxable","20":"shipping-taxable","21":"purchasable","22":"product-type-simple"},"acf":[],"yoast_head":"<!-- This site is optimized with the Yoast SEO plugin v27.4 - https:\/\/yoast.com\/product\/yoast-seo-wordpress\/ -->\n<title>Jolly Soccer Ball 15cm Oranje - Food4animals<\/title>\n<meta name=\"robots\" content=\"index, follow, max-snippet:-1, max-image-preview:large, max-video-preview:-1\" \/>\n<link rel=\"canonical\" href=\"https:\/\/www.food4animals.nl\/de\/produkt\/jolly-soccer-ball-15cm-oranje\/\" \/>\n<meta property=\"og:locale\" content=\"de_DE\" \/>\n<meta property=\"og:type\" content=\"article\" \/>\n<meta property=\"og:title\" content=\"Jolly Soccer Ball 15cm Oranje - Food4animals\" \/>\n<meta property=\"og:description\" content=\"Deze duurzame speelbal staat garant voor veel speelplezier met uw hond.\u00a0\" \/>\n<meta property=\"og:url\" content=\"https:\/\/www.food4animals.nl\/de\/produkt\/jolly-soccer-ball-15cm-oranje\/\" \/>\n<meta property=\"og:site_name\" content=\"Food4animals\" \/>\n<meta property=\"article:publisher\" content=\"https:\/\/www.facebook.com\/p\/Food4animals-100063861676074\/\" \/>\n<meta property=\"article:modified_time\" content=\"2026-04-20T00:18:36+00:00\" \/>\n<meta property=\"og:image\" content=\"https:\/\/www.food4animals.nl\/wp-content\/uploads\/2025\/11\/JOLL036B.png\" \/>\n\t<meta property=\"og:image:width\" content=\"1024\" \/>\n\t<meta property=\"og:image:height\" content=\"1024\" \/>\n\t<meta property=\"og:image:type\" content=\"image\/png\" \/>\n<meta name=\"twitter:card\" content=\"summary_large_image\" \/>\n<meta name=\"twitter:site\" content=\"@food4animals\" \/>\n<meta name=\"twitter:label1\" content=\"Gesch\u00e4tzte Lesezeit\" \/>\n\t<meta name=\"twitter:data1\" content=\"1\u00a0Minute\" \/>\n<script type=\"application\/ld+json\" class=\"yoast-schema-graph\">{\"@context\":\"https:\\\/\\\/schema.org\",\"@graph\":[{\"@type\":\"WebPage\",\"@id\":\"https:\\\/\\\/www.food4animals.nl\\\/product\\\/jolly-soccer-ball-15cm-oranje\\\/\",\"url\":\"https:\\\/\\\/www.food4animals.nl\\\/product\\\/jolly-soccer-ball-15cm-oranje\\\/\",\"name\":\"Jolly Soccer Ball 15cm Oranje - Food4animals\",\"isPartOf\":{\"@id\":\"https:\\\/\\\/www.food4animals.nl\\\/en\\\/#website\"},\"primaryImageOfPage\":{\"@id\":\"https:\\\/\\\/www.food4animals.nl\\\/product\\\/jolly-soccer-ball-15cm-oranje\\\/#primaryimage\"},\"image\":{\"@id\":\"https:\\\/\\\/www.food4animals.nl\\\/product\\\/jolly-soccer-ball-15cm-oranje\\\/#primaryimage\"},\"thumbnailUrl\":\"https:\\\/\\\/www.food4animals.nl\\\/wp-content\\\/uploads\\\/2025\\\/11\\\/JOLL036B.png\",\"datePublished\":\"2023-12-13T01:39:58+00:00\",\"dateModified\":\"2026-04-20T00:18:36+00:00\",\"breadcrumb\":{\"@id\":\"https:\\\/\\\/www.food4animals.nl\\\/product\\\/jolly-soccer-ball-15cm-oranje\\\/#breadcrumb\"},\"inLanguage\":\"de\",\"potentialAction\":[{\"@type\":\"ReadAction\",\"target\":[\"https:\\\/\\\/www.food4animals.nl\\\/product\\\/jolly-soccer-ball-15cm-oranje\\\/\"]}]},{\"@type\":\"ImageObject\",\"inLanguage\":\"de\",\"@id\":\"https:\\\/\\\/www.food4animals.nl\\\/product\\\/jolly-soccer-ball-15cm-oranje\\\/#primaryimage\",\"url\":\"https:\\\/\\\/www.food4animals.nl\\\/wp-content\\\/uploads\\\/2025\\\/11\\\/JOLL036B.png\",\"contentUrl\":\"https:\\\/\\\/www.food4animals.nl\\\/wp-content\\\/uploads\\\/2025\\\/11\\\/JOLL036B.png\",\"width\":1024,\"height\":1024},{\"@type\":\"BreadcrumbList\",\"@id\":\"https:\\\/\\\/www.food4animals.nl\\\/product\\\/jolly-soccer-ball-15cm-oranje\\\/#breadcrumb\",\"itemListElement\":[{\"@type\":\"ListItem\",\"position\":1,\"name\":\"Home\",\"item\":\"https:\\\/\\\/www.food4animals.nl\\\/\"},{\"@type\":\"ListItem\",\"position\":2,\"name\":\"Winkel\",\"item\":\"https:\\\/\\\/www.food4animals.nl\\\/winkel\\\/\"},{\"@type\":\"ListItem\",\"position\":3,\"name\":\"Jolly Soccer Ball 15cm Oranje\"}]},{\"@type\":\"WebSite\",\"@id\":\"https:\\\/\\\/www.food4animals.nl\\\/en\\\/#website\",\"url\":\"https:\\\/\\\/www.food4animals.nl\\\/en\\\/\",\"name\":\"Food4animals\",\"description\":\"Alles voor Ruiter en Dier\",\"publisher\":{\"@id\":\"https:\\\/\\\/www.food4animals.nl\\\/en\\\/#organization\"},\"potentialAction\":[{\"@type\":\"SearchAction\",\"target\":{\"@type\":\"EntryPoint\",\"urlTemplate\":\"https:\\\/\\\/www.food4animals.nl\\\/en\\\/?s={search_term_string}\"},\"query-input\":{\"@type\":\"PropertyValueSpecification\",\"valueRequired\":true,\"valueName\":\"search_term_string\"}}],\"inLanguage\":\"de\"},{\"@type\":\"Organization\",\"@id\":\"https:\\\/\\\/www.food4animals.nl\\\/en\\\/#organization\",\"name\":\"Food4animals\",\"url\":\"https:\\\/\\\/www.food4animals.nl\\\/en\\\/\",\"logo\":{\"@type\":\"ImageObject\",\"inLanguage\":\"de\",\"@id\":\"https:\\\/\\\/www.food4animals.nl\\\/en\\\/#\\\/schema\\\/logo\\\/image\\\/\",\"url\":\"https:\\\/\\\/www.food4animals.nl\\\/wp-content\\\/uploads\\\/2023\\\/10\\\/Logo.svg\",\"contentUrl\":\"https:\\\/\\\/www.food4animals.nl\\\/wp-content\\\/uploads\\\/2023\\\/10\\\/Logo.svg\",\"width\":1,\"height\":1,\"caption\":\"Food4animals\"},\"image\":{\"@id\":\"https:\\\/\\\/www.food4animals.nl\\\/en\\\/#\\\/schema\\\/logo\\\/image\\\/\"},\"sameAs\":[\"https:\\\/\\\/www.facebook.com\\\/p\\\/Food4animals-100063861676074\\\/\",\"https:\\\/\\\/x.com\\\/food4animals\"]}]}<\/script>\n<!-- \/ Yoast SEO plugin. -->","yoast_head_json":{"title":"Jolly Soccer Ball 15cm Oranje - Food4animals","robots":{"index":"index","follow":"follow","max-snippet":"max-snippet:-1","max-image-preview":"max-image-preview:large","max-video-preview":"max-video-preview:-1"},"canonical":"https:\/\/www.food4animals.nl\/de\/produkt\/jolly-soccer-ball-15cm-oranje\/","og_locale":"de_DE","og_type":"article","og_title":"Jolly Soccer Ball 15cm Oranje - Food4animals","og_description":"Deze duurzame speelbal staat garant voor veel speelplezier met uw hond.\u00a0","og_url":"https:\/\/www.food4animals.nl\/de\/produkt\/jolly-soccer-ball-15cm-oranje\/","og_site_name":"Food4animals","article_publisher":"https:\/\/www.facebook.com\/p\/Food4animals-100063861676074\/","article_modified_time":"2026-04-20T00:18:36+00:00","og_image":[{"width":1024,"height":1024,"url":"https:\/\/www.food4animals.nl\/wp-content\/uploads\/2025\/11\/JOLL036B.png","type":"image\/png"}],"twitter_card":"summary_large_image","twitter_site":"@food4animals","twitter_misc":{"Gesch\u00e4tzte Lesezeit":"1\u00a0Minute"},"schema":{"@context":"https:\/\/schema.org","@graph":[{"@type":"WebPage","@id":"https:\/\/www.food4animals.nl\/product\/jolly-soccer-ball-15cm-oranje\/","url":"https:\/\/www.food4animals.nl\/product\/jolly-soccer-ball-15cm-oranje\/","name":"Jolly Soccer Ball 15cm Oranje - Food4animals","isPartOf":{"@id":"https:\/\/www.food4animals.nl\/en\/#website"},"primaryImageOfPage":{"@id":"https:\/\/www.food4animals.nl\/product\/jolly-soccer-ball-15cm-oranje\/#primaryimage"},"image":{"@id":"https:\/\/www.food4animals.nl\/product\/jolly-soccer-ball-15cm-oranje\/#primaryimage"},"thumbnailUrl":"https:\/\/www.food4animals.nl\/wp-content\/uploads\/2025\/11\/JOLL036B.png","datePublished":"2023-12-13T01:39:58+00:00","dateModified":"2026-04-20T00:18:36+00:00","breadcrumb":{"@id":"https:\/\/www.food4animals.nl\/product\/jolly-soccer-ball-15cm-oranje\/#breadcrumb"},"inLanguage":"de","potentialAction":[{"@type":"ReadAction","target":["https:\/\/www.food4animals.nl\/product\/jolly-soccer-ball-15cm-oranje\/"]}]},{"@type":"ImageObject","inLanguage":"de","@id":"https:\/\/www.food4animals.nl\/product\/jolly-soccer-ball-15cm-oranje\/#primaryimage","url":"https:\/\/www.food4animals.nl\/wp-content\/uploads\/2025\/11\/JOLL036B.png","contentUrl":"https:\/\/www.food4animals.nl\/wp-content\/uploads\/2025\/11\/JOLL036B.png","width":1024,"height":1024},{"@type":"BreadcrumbList","@id":"https:\/\/www.food4animals.nl\/product\/jolly-soccer-ball-15cm-oranje\/#breadcrumb","itemListElement":[{"@type":"ListItem","position":1,"name":"Home","item":"https:\/\/www.food4animals.nl\/"},{"@type":"ListItem","position":2,"name":"Winkel","item":"https:\/\/www.food4animals.nl\/winkel\/"},{"@type":"ListItem","position":3,"name":"Jolly Soccer Ball 15cm Oranje"}]},{"@type":"WebSite","@id":"https:\/\/www.food4animals.nl\/en\/#website","url":"https:\/\/www.food4animals.nl\/en\/","name":"Lebensmittel4Tiere","description":"Alles f\u00fcr Reiter und Tier","publisher":{"@id":"https:\/\/www.food4animals.nl\/en\/#organization"},"potentialAction":[{"@type":"SearchAction","target":{"@type":"EntryPoint","urlTemplate":"https:\/\/www.food4animals.nl\/en\/?s={search_term_string}"},"query-input":{"@type":"PropertyValueSpecification","valueRequired":true,"valueName":"search_term_string"}}],"inLanguage":"de"},{"@type":"Organization","@id":"https:\/\/www.food4animals.nl\/en\/#organization","name":"Lebensmittel4Tiere","url":"https:\/\/www.food4animals.nl\/en\/","logo":{"@type":"ImageObject","inLanguage":"de","@id":"https:\/\/www.food4animals.nl\/en\/#\/schema\/logo\/image\/","url":"https:\/\/www.food4animals.nl\/wp-content\/uploads\/2023\/10\/Logo.svg","contentUrl":"https:\/\/www.food4animals.nl\/wp-content\/uploads\/2023\/10\/Logo.svg","width":1,"height":1,"caption":"Food4animals"},"image":{"@id":"https:\/\/www.food4animals.nl\/en\/#\/schema\/logo\/image\/"},"sameAs":["https:\/\/www.facebook.com\/p\/Food4animals-100063861676074\/","https:\/\/x.com\/food4animals"]}]}},"_links":{"self":[{"href":"https:\/\/www.food4animals.nl\/de\/wp-json\/wp\/v2\/product\/10007","targetHints":{"allow":["GET"]}}],"collection":[{"href":"https:\/\/www.food4animals.nl\/de\/wp-json\/wp\/v2\/product"}],"about":[{"href":"https:\/\/www.food4animals.nl\/de\/wp-json\/wp\/v2\/types\/product"}],"wp:featuredmedia":[{"embeddable":true,"href":"https:\/\/www.food4animals.nl\/de\/wp-json\/wp\/v2\/media\/36669"}],"wp:attachment":[{"href":"https:\/\/www.food4animals.nl\/de\/wp-json\/wp\/v2\/media?parent=10007"}],"wp:term":[{"taxonomy":"product_brand","embeddable":true,"href":"https:\/\/www.food4animals.nl\/de\/wp-json\/wp\/v2\/product_brand?post=10007"},{"taxonomy":"product_cat","embeddable":true,"href":"https:\/\/www.food4animals.nl\/de\/wp-json\/wp\/v2\/product_cat?post=10007"},{"taxonomy":"product_tag","embeddable":true,"href":"https:\/\/www.food4animals.nl\/de\/wp-json\/wp\/v2\/product_tag?post=10007"}],"curies":[{"name":"wp","href":"https:\/\/api.w.org\/{rel}","templated":true}]}}