{"id":10373,"date":"2023-12-13T01:52:43","date_gmt":"2023-12-13T01:52:43","guid":{"rendered":"https:\/\/food4animals.nl\/product\/jw-insight-millet-spray-holder\/"},"modified":"2025-08-20T01:28:17","modified_gmt":"2025-08-20T00:28:17","slug":"jw-insight-hirsespruhdose","status":"publish","type":"product","link":"https:\/\/www.food4animals.nl\/de\/produkt\/jw-insight-hirsespruhdose\/","title":{"rendered":"JW Insight Hirsespr\u00fchflasche"},"content":{"rendered":"<p><strong>Strohhirsehalter, geeignet f\u00fcr jeden Vogelk\u00e4fig.<\/strong><br \/>\u00a0<br \/>Der Insight Hirsespray-Halter kann f\u00fcr jede Art von Hirse verwendet werden. Endlich ein Halter, der die gesamte L\u00e4nge der Hirse halten kann. Dieser sch\u00f6ne Halter kann in Kombination mit dem Treat Stick Holder verwendet werden, um das Herunterfallen von Futter zu verhindern. Sie k\u00f6nnen diesen Sprayhalter einfach in den Treat Stick Holder einsetzen.<br \/>\u00a0<br \/>- Verhindert, dass Futter aus dem K\u00e4fig f\u00e4llt<br \/>- F\u00fcr das Wohlbefinden Ihres Vogels entwickelt<br \/>- Sehr einfach zu befestigen<br \/>- 20cm lang<br \/>\u00a0<br \/>Geeignet f\u00fcr Sittiche, Kanarienv\u00f6gel, Nymphensittiche und Finken<br \/><em>Lieferung erfolgt sortiert<\/em><\/p>","protected":false},"excerpt":{"rendered":"<p>Strohhirse-Halter, geeignet f\u00fcr jeden K\u00e4fig! L\u00e4nge: 20 cm<\/p>","protected":false},"featured_media":0,"template":"","meta":{"_acf_changed":false},"product_brand":[],"product_cat":[1342,1344],"product_tag":[2360,918,1148,2041],"class_list":{"0":"post-10373","1":"product","2":"type-product","3":"status-publish","5":"product_cat-gevogelte","6":"product_cat-spelen","7":"product_tag-jw","8":"product_tag-kunststof","9":"product_tag-pluimvee-vogels","10":"product_tag-traktatie","11":"tax_brand-jw","13":"first","14":"outofstock","15":"taxable","16":"shipping-taxable","17":"purchasable","18":"product-type-simple"},"acf":[],"yoast_head":"<!-- This site is optimized with the Yoast SEO plugin v27.2 - https:\/\/yoast.com\/product\/yoast-seo-wordpress\/ -->\n<title>JW Insight Millet Spray Holder - Food4animals<\/title>\n<meta name=\"robots\" content=\"index, follow, max-snippet:-1, max-image-preview:large, max-video-preview:-1\" \/>\n<link rel=\"canonical\" href=\"https:\/\/www.food4animals.nl\/de\/produkt\/jw-insight-hirsespruhdose\/\" \/>\n<meta property=\"og:locale\" content=\"de_DE\" \/>\n<meta property=\"og:type\" content=\"article\" \/>\n<meta property=\"og:title\" content=\"JW Insight Millet Spray Holder - Food4animals\" \/>\n<meta property=\"og:description\" content=\"Trosgiersthouder, geschikt voor elke kooi!\u00a0Lengte: 20 cm\" \/>\n<meta property=\"og:url\" content=\"https:\/\/www.food4animals.nl\/de\/produkt\/jw-insight-hirsespruhdose\/\" \/>\n<meta property=\"og:site_name\" content=\"Food4animals\" \/>\n<meta property=\"article:publisher\" content=\"https:\/\/www.facebook.com\/p\/Food4animals-100063861676074\/\" \/>\n<meta property=\"article:modified_time\" content=\"2025-08-20T00:28:17+00:00\" \/>\n<meta name=\"twitter:card\" content=\"summary_large_image\" \/>\n<meta name=\"twitter:site\" content=\"@food4animals\" \/>\n<script type=\"application\/ld+json\" class=\"yoast-schema-graph\">{\"@context\":\"https:\/\/schema.org\",\"@graph\":[{\"@type\":\"WebPage\",\"@id\":\"https:\/\/www.food4animals.nl\/product\/jw-insight-millet-spray-holder\/\",\"url\":\"https:\/\/www.food4animals.nl\/product\/jw-insight-millet-spray-holder\/\",\"name\":\"JW Insight Millet Spray Holder - Food4animals\",\"isPartOf\":{\"@id\":\"https:\/\/www.food4animals.nl\/en\/#website\"},\"datePublished\":\"2023-12-13T01:52:43+00:00\",\"dateModified\":\"2025-08-20T00:28:17+00:00\",\"breadcrumb\":{\"@id\":\"https:\/\/www.food4animals.nl\/product\/jw-insight-millet-spray-holder\/#breadcrumb\"},\"inLanguage\":\"de\",\"potentialAction\":[{\"@type\":\"ReadAction\",\"target\":[\"https:\/\/www.food4animals.nl\/product\/jw-insight-millet-spray-holder\/\"]}]},{\"@type\":\"BreadcrumbList\",\"@id\":\"https:\/\/www.food4animals.nl\/product\/jw-insight-millet-spray-holder\/#breadcrumb\",\"itemListElement\":[{\"@type\":\"ListItem\",\"position\":1,\"name\":\"Home\",\"item\":\"https:\/\/www.food4animals.nl\/\"},{\"@type\":\"ListItem\",\"position\":2,\"name\":\"Winkel\",\"item\":\"https:\/\/www.food4animals.nl\/winkel\/\"},{\"@type\":\"ListItem\",\"position\":3,\"name\":\"JW Insight Millet Spray Holder\"}]},{\"@type\":\"WebSite\",\"@id\":\"https:\/\/www.food4animals.nl\/en\/#website\",\"url\":\"https:\/\/www.food4animals.nl\/en\/\",\"name\":\"Food4animals\",\"description\":\"Alles voor Ruiter en Dier\",\"publisher\":{\"@id\":\"https:\/\/www.food4animals.nl\/en\/#organization\"},\"potentialAction\":[{\"@type\":\"SearchAction\",\"target\":{\"@type\":\"EntryPoint\",\"urlTemplate\":\"https:\/\/www.food4animals.nl\/en\/?s={search_term_string}\"},\"query-input\":{\"@type\":\"PropertyValueSpecification\",\"valueRequired\":true,\"valueName\":\"search_term_string\"}}],\"inLanguage\":\"de\"},{\"@type\":\"Organization\",\"@id\":\"https:\/\/www.food4animals.nl\/en\/#organization\",\"name\":\"Food4animals\",\"url\":\"https:\/\/www.food4animals.nl\/en\/\",\"logo\":{\"@type\":\"ImageObject\",\"inLanguage\":\"de\",\"@id\":\"https:\/\/www.food4animals.nl\/en\/#\/schema\/logo\/image\/\",\"url\":\"https:\/\/www.food4animals.nl\/wp-content\/uploads\/2023\/10\/Logo.svg\",\"contentUrl\":\"https:\/\/www.food4animals.nl\/wp-content\/uploads\/2023\/10\/Logo.svg\",\"width\":1,\"height\":1,\"caption\":\"Food4animals\"},\"image\":{\"@id\":\"https:\/\/www.food4animals.nl\/en\/#\/schema\/logo\/image\/\"},\"sameAs\":[\"https:\/\/www.facebook.com\/p\/Food4animals-100063861676074\/\",\"https:\/\/x.com\/food4animals\"]}]}<\/script>\n<!-- \/ Yoast SEO plugin. -->","yoast_head_json":{"title":"JW Insight Hirsespr\u00fchflasche - Food4animals","robots":{"index":"index","follow":"follow","max-snippet":"max-snippet:-1","max-image-preview":"max-image-preview:large","max-video-preview":"max-video-preview:-1"},"canonical":"https:\/\/www.food4animals.nl\/de\/produkt\/jw-insight-hirsespruhdose\/","og_locale":"de_DE","og_type":"article","og_title":"JW Insight Millet Spray Holder - Food4animals","og_description":"Trosgiersthouder, geschikt voor elke kooi!\u00a0Lengte: 20 cm","og_url":"https:\/\/www.food4animals.nl\/de\/produkt\/jw-insight-hirsespruhdose\/","og_site_name":"Food4animals","article_publisher":"https:\/\/www.facebook.com\/p\/Food4animals-100063861676074\/","article_modified_time":"2025-08-20T00:28:17+00:00","twitter_card":"summary_large_image","twitter_site":"@food4animals","schema":{"@context":"https:\/\/schema.org","@graph":[{"@type":"WebPage","@id":"https:\/\/www.food4animals.nl\/product\/jw-insight-millet-spray-holder\/","url":"https:\/\/www.food4animals.nl\/product\/jw-insight-millet-spray-holder\/","name":"JW Insight Hirsespr\u00fchflasche - Food4animals","isPartOf":{"@id":"https:\/\/www.food4animals.nl\/en\/#website"},"datePublished":"2023-12-13T01:52:43+00:00","dateModified":"2025-08-20T00:28:17+00:00","breadcrumb":{"@id":"https:\/\/www.food4animals.nl\/product\/jw-insight-millet-spray-holder\/#breadcrumb"},"inLanguage":"de","potentialAction":[{"@type":"ReadAction","target":["https:\/\/www.food4animals.nl\/product\/jw-insight-millet-spray-holder\/"]}]},{"@type":"BreadcrumbList","@id":"https:\/\/www.food4animals.nl\/product\/jw-insight-millet-spray-holder\/#breadcrumb","itemListElement":[{"@type":"ListItem","position":1,"name":"Home","item":"https:\/\/www.food4animals.nl\/"},{"@type":"ListItem","position":2,"name":"Winkel","item":"https:\/\/www.food4animals.nl\/winkel\/"},{"@type":"ListItem","position":3,"name":"JW Insight Millet Spray Holder"}]},{"@type":"WebSite","@id":"https:\/\/www.food4animals.nl\/en\/#website","url":"https:\/\/www.food4animals.nl\/en\/","name":"Lebensmittel4Tiere","description":"Alles f\u00fcr Reiter und Tier","publisher":{"@id":"https:\/\/www.food4animals.nl\/en\/#organization"},"potentialAction":[{"@type":"SearchAction","target":{"@type":"EntryPoint","urlTemplate":"https:\/\/www.food4animals.nl\/en\/?s={search_term_string}"},"query-input":{"@type":"PropertyValueSpecification","valueRequired":true,"valueName":"search_term_string"}}],"inLanguage":"de"},{"@type":"Organization","@id":"https:\/\/www.food4animals.nl\/en\/#organization","name":"Lebensmittel4Tiere","url":"https:\/\/www.food4animals.nl\/en\/","logo":{"@type":"ImageObject","inLanguage":"de","@id":"https:\/\/www.food4animals.nl\/en\/#\/schema\/logo\/image\/","url":"https:\/\/www.food4animals.nl\/wp-content\/uploads\/2023\/10\/Logo.svg","contentUrl":"https:\/\/www.food4animals.nl\/wp-content\/uploads\/2023\/10\/Logo.svg","width":1,"height":1,"caption":"Food4animals"},"image":{"@id":"https:\/\/www.food4animals.nl\/en\/#\/schema\/logo\/image\/"},"sameAs":["https:\/\/www.facebook.com\/p\/Food4animals-100063861676074\/","https:\/\/x.com\/food4animals"]}]}},"_links":{"self":[{"href":"https:\/\/www.food4animals.nl\/de\/wp-json\/wp\/v2\/product\/10373","targetHints":{"allow":["GET"]}}],"collection":[{"href":"https:\/\/www.food4animals.nl\/de\/wp-json\/wp\/v2\/product"}],"about":[{"href":"https:\/\/www.food4animals.nl\/de\/wp-json\/wp\/v2\/types\/product"}],"wp:attachment":[{"href":"https:\/\/www.food4animals.nl\/de\/wp-json\/wp\/v2\/media?parent=10373"}],"wp:term":[{"taxonomy":"product_brand","embeddable":true,"href":"https:\/\/www.food4animals.nl\/de\/wp-json\/wp\/v2\/product_brand?post=10373"},{"taxonomy":"product_cat","embeddable":true,"href":"https:\/\/www.food4animals.nl\/de\/wp-json\/wp\/v2\/product_cat?post=10373"},{"taxonomy":"product_tag","embeddable":true,"href":"https:\/\/www.food4animals.nl\/de\/wp-json\/wp\/v2\/product_tag?post=10373"}],"curies":[{"name":"wp","href":"https:\/\/api.w.org\/{rel}","templated":true}]}}