{"id":10651,"date":"2023-12-13T06:30:32","date_gmt":"2023-12-13T06:30:32","guid":{"rendered":"https:\/\/food4animals.nl\/product\/kerbex-rot-insect-repellent\/"},"modified":"2026-04-10T01:25:09","modified_gmt":"2026-04-10T00:25:09","slug":"kerbex-rot-insektenschutzmittel","status":"publish","type":"product","link":"https:\/\/www.food4animals.nl\/de\/produkt\/kerbex-rot-insektenschutzmittel\/","title":{"rendered":"KerbEX Rot Insektenschutzmittel"},"content":{"rendered":"<p><span style=\"font-size: 10pt;\"><strong>KerbEX Rot<br \/><\/strong><\/span><span style=\"font-size: 10pt;\">KerbEX Rot ist ein registriertes Repellent gegen Stechm\u00fccken und Stubenfliegen bei Pferden, das nach jahrelanger Forschung und in Zusammenarbeit mit Pferdebesitzern entwickelt wurde. Charakteristisch f\u00fcr KerbEX Rot ist die starke und lang anhaltende abwehrende Wirkung und die optimale Hautfreundlichkeit. Neben dem Wirkstoff Icaridin enth\u00e4lt das Produkt Knoblauch und nat\u00fcrliche \u00d6le von Teebaum, Nelke, Zitrone und Eukalyptus. KerbEX Rot reduziert die Bel\u00e4stigung durch Stechm\u00fccken und Stubenfliegen erheblich. Sie werden von seiner hervorragenden Wirkung begeistert sein!<\/span><\/p>\n<p><span style=\"font-size: 10pt;\">100% dopingfrei.\u00a0<\/span><\/p>\n<p><span style=\"font-size: 10pt;\"><strong>Wirkstoff<br \/><\/strong><\/span><span style=\"font-size: 10pt;\">Icaridin (CAS 119515-38-7) 12,13% (w\/w)<\/span><\/p>\n<p><span style=\"font-size: 10pt;\"><strong>Benutzerhandbuch<br \/><\/strong><\/span><span style=\"font-size: 10pt;\">Vor Gebrauch gut sch\u00fctteln. KerbEX Rot kann mit einem separaten Spr\u00fchger\u00e4t (kann separat bestellt werden), mit einem Schwamm oder mit einem Tuch aufgetragen werden. F\u00fcr die Behandlung des Kopfes sollte KerbEX Rot mit einem Lappen oder Tuch eingerieben werden. Der Kontakt mit den Augen des Pferdes ist zu vermeiden.<\/span><\/p>\n<p><span style=\"font-size: 10pt;\">Nur zur \u00e4u\u00dferlichen Anwendung. Dieses Mittel nicht auf offene Wunden oder Schleimh\u00e4ute auftragen.<\/span><\/p>\n<p><span style=\"font-size: 10pt;\"><strong>Dosierung<br \/><\/strong><\/span><span style=\"font-size: 10pt;\">36 g\/m<sup>2<\/sup> (26 Spr\u00fchst\u00f6\u00dfe pro m<sup>2<\/sup>).<\/span><\/p>\n<p><span style=\"font-size: 10pt;\"><strong>Schutzdauer<br \/><\/strong><\/span><span style=\"font-size: 10pt;\">8 Stunden. Tragen Sie das Produkt bis zu einmal t\u00e4glich gro\u00dfz\u00fcgig auf das Pferd auf.\u00a0<br \/><\/span><\/p>\n<p><span style=\"font-size: 10pt;\"><strong>Inhalt<br \/><\/strong><\/span><span style=\"font-size: 10pt;\">1 Liter<\/span><\/p>\n<p><span style=\"font-size: 10pt;\"><strong>Zulassungsnummer<br \/><\/strong><\/span><span style=\"font-size: 10pt;\">Niederlande: <a href=\"https:\/\/toelatingen.ctgb.nl\/nl\/authorisations\/25598\" target=\"_blank\" rel=\"noopener\">16342 N<\/a><\/span><\/p>\n<p><span style=\"font-size: 10pt;\">KerbEX Rot sicher verwenden. Vor Gebrauch stets Kennzeichnung und Produktinformation lesen! F\u00fcr Anwendung und Gebrauch, siehe die <a href=\"https:\/\/ctgb-prd.s3.eu-central-1.amazonaws.com\/707ce9181c01b6c7d05aa54d78b59eb4_20210180_16342+NP+WGGA.pdf\" target=\"_blank\" rel=\"noopener\">Rechtliche Hinweise \/ Gebrauchsanweisungen<\/a>.\u00a0<\/span><\/p>\n<p><span style=\"font-size: 10pt;\">Ohne Spr\u00fchger\u00e4t. <br \/>Dieser kann separat bestellt werden.<\/span><\/p>\n<p>\u00a0<\/p>\n<p>\u00a0<\/p>","protected":false},"excerpt":{"rendered":"<p>Registriertes Repellent gegen Stechm\u00fccken und Stubenfliegen bei Pferden.<\/p>","protected":false},"featured_media":37001,"template":"","meta":{"_acf_changed":false},"product_brand":[],"product_cat":[1104,829,1103],"product_tag":[1149,2394,2393],"class_list":{"0":"post-10651","1":"product","2":"type-product","3":"status-publish","4":"has-post-thumbnail","6":"product_cat-dazen-en-teken","7":"product_cat-paard","8":"product_cat-vliegen","9":"product_tag-bestrijdingsmiddelen","10":"product_tag-kerbex","11":"product_tag-kerbex-rot","12":"tax_brand-kerbex","14":"first","15":"instock","16":"taxable","17":"shipping-taxable","18":"purchasable","19":"product-type-simple"},"acf":[],"yoast_head":"<!-- This site is optimized with the Yoast SEO plugin v27.2 - https:\/\/yoast.com\/product\/yoast-seo-wordpress\/ -->\n<title>KerbEX Rot Insect repellent - Food4animals<\/title>\n<meta name=\"robots\" content=\"index, follow, max-snippet:-1, max-image-preview:large, max-video-preview:-1\" \/>\n<link rel=\"canonical\" href=\"https:\/\/www.food4animals.nl\/de\/produkt\/kerbex-rot-insektenschutzmittel\/\" \/>\n<meta property=\"og:locale\" content=\"de_DE\" \/>\n<meta property=\"og:type\" content=\"article\" \/>\n<meta property=\"og:title\" content=\"KerbEX Rot Insect repellent - Food4animals\" \/>\n<meta property=\"og:description\" content=\"Geregistreerd afweermiddel tegen dazen en huisvliegen bij paarden.\" \/>\n<meta property=\"og:url\" content=\"https:\/\/www.food4animals.nl\/de\/produkt\/kerbex-rot-insektenschutzmittel\/\" \/>\n<meta property=\"og:site_name\" content=\"Food4animals\" \/>\n<meta property=\"article:publisher\" content=\"https:\/\/www.facebook.com\/p\/Food4animals-100063861676074\/\" \/>\n<meta property=\"article:modified_time\" content=\"2026-04-10T00:25:09+00:00\" \/>\n<meta property=\"og:image\" content=\"https:\/\/www.food4animals.nl\/wp-content\/uploads\/2025\/11\/KERB01000.png\" \/>\n\t<meta property=\"og:image:width\" content=\"980\" \/>\n\t<meta property=\"og:image:height\" content=\"980\" \/>\n\t<meta property=\"og:image:type\" content=\"image\/png\" \/>\n<meta name=\"twitter:card\" content=\"summary_large_image\" \/>\n<meta name=\"twitter:site\" content=\"@food4animals\" \/>\n<meta name=\"twitter:label1\" content=\"Gesch\u00e4tzte Lesezeit\" \/>\n\t<meta name=\"twitter:data1\" content=\"1\u00a0Minute\" \/>\n<script type=\"application\/ld+json\" class=\"yoast-schema-graph\">{\"@context\":\"https:\/\/schema.org\",\"@graph\":[{\"@type\":\"WebPage\",\"@id\":\"https:\/\/www.food4animals.nl\/product\/kerbex-rot-insect-repellent\/\",\"url\":\"https:\/\/www.food4animals.nl\/product\/kerbex-rot-insect-repellent\/\",\"name\":\"KerbEX Rot Insect repellent - Food4animals\",\"isPartOf\":{\"@id\":\"https:\/\/www.food4animals.nl\/en\/#website\"},\"primaryImageOfPage\":{\"@id\":\"https:\/\/www.food4animals.nl\/product\/kerbex-rot-insect-repellent\/#primaryimage\"},\"image\":{\"@id\":\"https:\/\/www.food4animals.nl\/product\/kerbex-rot-insect-repellent\/#primaryimage\"},\"thumbnailUrl\":\"https:\/\/www.food4animals.nl\/wp-content\/uploads\/2025\/11\/KERB01000.png\",\"datePublished\":\"2023-12-13T06:30:32+00:00\",\"dateModified\":\"2026-04-10T00:25:09+00:00\",\"breadcrumb\":{\"@id\":\"https:\/\/www.food4animals.nl\/product\/kerbex-rot-insect-repellent\/#breadcrumb\"},\"inLanguage\":\"de\",\"potentialAction\":[{\"@type\":\"ReadAction\",\"target\":[\"https:\/\/www.food4animals.nl\/product\/kerbex-rot-insect-repellent\/\"]}]},{\"@type\":\"ImageObject\",\"inLanguage\":\"de\",\"@id\":\"https:\/\/www.food4animals.nl\/product\/kerbex-rot-insect-repellent\/#primaryimage\",\"url\":\"https:\/\/www.food4animals.nl\/wp-content\/uploads\/2025\/11\/KERB01000.png\",\"contentUrl\":\"https:\/\/www.food4animals.nl\/wp-content\/uploads\/2025\/11\/KERB01000.png\",\"width\":980,\"height\":980},{\"@type\":\"BreadcrumbList\",\"@id\":\"https:\/\/www.food4animals.nl\/product\/kerbex-rot-insect-repellent\/#breadcrumb\",\"itemListElement\":[{\"@type\":\"ListItem\",\"position\":1,\"name\":\"Home\",\"item\":\"https:\/\/www.food4animals.nl\/\"},{\"@type\":\"ListItem\",\"position\":2,\"name\":\"Winkel\",\"item\":\"https:\/\/www.food4animals.nl\/winkel\/\"},{\"@type\":\"ListItem\",\"position\":3,\"name\":\"KerbEX Rot Insect repellent\"}]},{\"@type\":\"WebSite\",\"@id\":\"https:\/\/www.food4animals.nl\/en\/#website\",\"url\":\"https:\/\/www.food4animals.nl\/en\/\",\"name\":\"Food4animals\",\"description\":\"Alles voor Ruiter en Dier\",\"publisher\":{\"@id\":\"https:\/\/www.food4animals.nl\/en\/#organization\"},\"potentialAction\":[{\"@type\":\"SearchAction\",\"target\":{\"@type\":\"EntryPoint\",\"urlTemplate\":\"https:\/\/www.food4animals.nl\/en\/?s={search_term_string}\"},\"query-input\":{\"@type\":\"PropertyValueSpecification\",\"valueRequired\":true,\"valueName\":\"search_term_string\"}}],\"inLanguage\":\"de\"},{\"@type\":\"Organization\",\"@id\":\"https:\/\/www.food4animals.nl\/en\/#organization\",\"name\":\"Food4animals\",\"url\":\"https:\/\/www.food4animals.nl\/en\/\",\"logo\":{\"@type\":\"ImageObject\",\"inLanguage\":\"de\",\"@id\":\"https:\/\/www.food4animals.nl\/en\/#\/schema\/logo\/image\/\",\"url\":\"https:\/\/www.food4animals.nl\/wp-content\/uploads\/2023\/10\/Logo.svg\",\"contentUrl\":\"https:\/\/www.food4animals.nl\/wp-content\/uploads\/2023\/10\/Logo.svg\",\"width\":1,\"height\":1,\"caption\":\"Food4animals\"},\"image\":{\"@id\":\"https:\/\/www.food4animals.nl\/en\/#\/schema\/logo\/image\/\"},\"sameAs\":[\"https:\/\/www.facebook.com\/p\/Food4animals-100063861676074\/\",\"https:\/\/x.com\/food4animals\"]}]}<\/script>\n<!-- \/ Yoast SEO plugin. -->","yoast_head_json":{"title":"KerbEX Rot Insektenschutzmittel - Food4animals","robots":{"index":"index","follow":"follow","max-snippet":"max-snippet:-1","max-image-preview":"max-image-preview:large","max-video-preview":"max-video-preview:-1"},"canonical":"https:\/\/www.food4animals.nl\/de\/produkt\/kerbex-rot-insektenschutzmittel\/","og_locale":"de_DE","og_type":"article","og_title":"KerbEX Rot Insect repellent - Food4animals","og_description":"Geregistreerd afweermiddel tegen dazen en huisvliegen bij paarden.","og_url":"https:\/\/www.food4animals.nl\/de\/produkt\/kerbex-rot-insektenschutzmittel\/","og_site_name":"Food4animals","article_publisher":"https:\/\/www.facebook.com\/p\/Food4animals-100063861676074\/","article_modified_time":"2026-04-10T00:25:09+00:00","og_image":[{"width":980,"height":980,"url":"https:\/\/www.food4animals.nl\/wp-content\/uploads\/2025\/11\/KERB01000.png","type":"image\/png"}],"twitter_card":"summary_large_image","twitter_site":"@food4animals","twitter_misc":{"Gesch\u00e4tzte Lesezeit":"1\u00a0Minute"},"schema":{"@context":"https:\/\/schema.org","@graph":[{"@type":"WebPage","@id":"https:\/\/www.food4animals.nl\/product\/kerbex-rot-insect-repellent\/","url":"https:\/\/www.food4animals.nl\/product\/kerbex-rot-insect-repellent\/","name":"KerbEX Rot Insektenschutzmittel - Food4animals","isPartOf":{"@id":"https:\/\/www.food4animals.nl\/en\/#website"},"primaryImageOfPage":{"@id":"https:\/\/www.food4animals.nl\/product\/kerbex-rot-insect-repellent\/#primaryimage"},"image":{"@id":"https:\/\/www.food4animals.nl\/product\/kerbex-rot-insect-repellent\/#primaryimage"},"thumbnailUrl":"https:\/\/www.food4animals.nl\/wp-content\/uploads\/2025\/11\/KERB01000.png","datePublished":"2023-12-13T06:30:32+00:00","dateModified":"2026-04-10T00:25:09+00:00","breadcrumb":{"@id":"https:\/\/www.food4animals.nl\/product\/kerbex-rot-insect-repellent\/#breadcrumb"},"inLanguage":"de","potentialAction":[{"@type":"ReadAction","target":["https:\/\/www.food4animals.nl\/product\/kerbex-rot-insect-repellent\/"]}]},{"@type":"ImageObject","inLanguage":"de","@id":"https:\/\/www.food4animals.nl\/product\/kerbex-rot-insect-repellent\/#primaryimage","url":"https:\/\/www.food4animals.nl\/wp-content\/uploads\/2025\/11\/KERB01000.png","contentUrl":"https:\/\/www.food4animals.nl\/wp-content\/uploads\/2025\/11\/KERB01000.png","width":980,"height":980},{"@type":"BreadcrumbList","@id":"https:\/\/www.food4animals.nl\/product\/kerbex-rot-insect-repellent\/#breadcrumb","itemListElement":[{"@type":"ListItem","position":1,"name":"Home","item":"https:\/\/www.food4animals.nl\/"},{"@type":"ListItem","position":2,"name":"Winkel","item":"https:\/\/www.food4animals.nl\/winkel\/"},{"@type":"ListItem","position":3,"name":"KerbEX Rot Insect repellent"}]},{"@type":"WebSite","@id":"https:\/\/www.food4animals.nl\/en\/#website","url":"https:\/\/www.food4animals.nl\/en\/","name":"Lebensmittel4Tiere","description":"Alles f\u00fcr Reiter und Tier","publisher":{"@id":"https:\/\/www.food4animals.nl\/en\/#organization"},"potentialAction":[{"@type":"SearchAction","target":{"@type":"EntryPoint","urlTemplate":"https:\/\/www.food4animals.nl\/en\/?s={search_term_string}"},"query-input":{"@type":"PropertyValueSpecification","valueRequired":true,"valueName":"search_term_string"}}],"inLanguage":"de"},{"@type":"Organization","@id":"https:\/\/www.food4animals.nl\/en\/#organization","name":"Lebensmittel4Tiere","url":"https:\/\/www.food4animals.nl\/en\/","logo":{"@type":"ImageObject","inLanguage":"de","@id":"https:\/\/www.food4animals.nl\/en\/#\/schema\/logo\/image\/","url":"https:\/\/www.food4animals.nl\/wp-content\/uploads\/2023\/10\/Logo.svg","contentUrl":"https:\/\/www.food4animals.nl\/wp-content\/uploads\/2023\/10\/Logo.svg","width":1,"height":1,"caption":"Food4animals"},"image":{"@id":"https:\/\/www.food4animals.nl\/en\/#\/schema\/logo\/image\/"},"sameAs":["https:\/\/www.facebook.com\/p\/Food4animals-100063861676074\/","https:\/\/x.com\/food4animals"]}]}},"_links":{"self":[{"href":"https:\/\/www.food4animals.nl\/de\/wp-json\/wp\/v2\/product\/10651","targetHints":{"allow":["GET"]}}],"collection":[{"href":"https:\/\/www.food4animals.nl\/de\/wp-json\/wp\/v2\/product"}],"about":[{"href":"https:\/\/www.food4animals.nl\/de\/wp-json\/wp\/v2\/types\/product"}],"wp:featuredmedia":[{"embeddable":true,"href":"https:\/\/www.food4animals.nl\/de\/wp-json\/wp\/v2\/media\/37001"}],"wp:attachment":[{"href":"https:\/\/www.food4animals.nl\/de\/wp-json\/wp\/v2\/media?parent=10651"}],"wp:term":[{"taxonomy":"product_brand","embeddable":true,"href":"https:\/\/www.food4animals.nl\/de\/wp-json\/wp\/v2\/product_brand?post=10651"},{"taxonomy":"product_cat","embeddable":true,"href":"https:\/\/www.food4animals.nl\/de\/wp-json\/wp\/v2\/product_cat?post=10651"},{"taxonomy":"product_tag","embeddable":true,"href":"https:\/\/www.food4animals.nl\/de\/wp-json\/wp\/v2\/product_tag?post=10651"}],"curies":[{"name":"wp","href":"https:\/\/api.w.org\/{rel}","templated":true}]}}