{"id":10968,"date":"2023-12-13T10:35:28","date_gmt":"2023-12-13T10:35:28","guid":{"rendered":"https:\/\/food4animals.nl\/product\/knock-pest-mieren-gel-5-gram\/"},"modified":"2026-04-18T01:26:32","modified_gmt":"2026-04-18T00:26:32","slug":"klopf-schadlings-ameisen-gel-5-gramm","status":"publish","type":"product","link":"https:\/\/www.food4animals.nl\/de\/produkt\/klopf-schadlings-ameisen-gel-5-gramm\/","title":{"rendered":"Knock Pest Ameisen Gel 5 Gramm"},"content":{"rendered":"<p><span style=\"font-size: 10pt;\">Auf der Grundlage desselben Gels haben wir die Knock Pest Ant Bait Box (<a title=\"Knock Pest Ameisenk\u00f6derbox\" href=\"..\/..\/..\/product\/21905-knock-pest-mierenlokdoos-2-stuks\">KNOC00047<\/a>) als Alternative zur Verf\u00fcgung.\u00a0<\/span><\/p>\n<h2><span style=\"font-size: 10pt;\">Knock Pest Ameisen Gel\u00a0<strong><br \/>\n<\/strong><\/span><\/h2>\n<p><span style=\"font-size: 10pt;\"><strong>Knock Pest Ameisengel zur Bek\u00e4mpfung von Ameisen und Ameisennestern.<\/strong><\/span><br \/>\n<span style=\"font-size: 10pt;\">Gebrauchsfertiges Sch\u00e4dlingsbek\u00e4mpfungsmittel zur Bek\u00e4mpfung der Schwarzen Wegameise (Lasius niger) im Innen- und Au\u00dfenbereich und tropischer Ameisen, wie der Argentinischen Ameise und der Pharaoameise, im Innenbereich.<\/span><\/p>\n<p><span style=\"font-size: 10pt;\">Die \u00e4u\u00dferst schmackhafte Formulierung ist f\u00fcr Ameisen unwiderstehlich und bietet eine wirksame Kontrolle des gesamten Nestes, die bis zu 3 Monate anh\u00e4lt.<\/span><\/p>\n<p><span style=\"font-size: 10pt;\">Das Gel sollte tropfenweise entlang der Ameisenstra\u00dfen, in Fugen und Ritzen oder an Nest\u00f6ffnungen aufgetragen werden. Setzen Sie das Produkt nicht dem Sonnenlicht oder der Hitze aus.<\/span><\/p>\n<p><span style=\"font-size: 10pt;\">Um das Gel sicher aufzutragen, verwenden Sie eine Knock-Pest-Gel-K\u00f6derstation (<a href=\"..\/product\/18065-knock-pest-gel-lokaasstation\" target=\"_blank\" rel=\"noopener\">KNOC00117K<\/a> oder <a href=\"..\/product\/19400-knock-pest-gel-lokaasstation-met-plaksticker\" target=\"_blank\" rel=\"noopener\">KNOC00117L<\/a>).<\/span><\/p>\n<p><span style=\"font-size: 10pt;\"><strong>Dosierung<\/strong><\/span><br \/>\n<span style=\"font-size: 10pt;\">2 Tropfen von 0,05 Gramm (Durchmesser 5 mm) pro Laufmeter oder pro Nesteingang.<\/span><\/p>\n<p><span style=\"font-size: 10pt;\">Maximal 30 Tropfen \u00e0 0,05 Gramm pro Nest auftragen. Der Inhalt von 1 Tube ist gut f\u00fcr 100 Tropfen.<\/span><\/p>\n<p><span style=\"font-size: 10pt;\"><strong>Zulassungsnummer<\/strong><\/span><br \/>\n<a href=\"https:\/\/toelatingen.ctgb.nl\/nl\/authorisations\/25732\" target=\"_blank\" rel=\"noopener\"><span style=\"font-size: 10pt;\">NL-0026653-0000<\/span><\/a><\/p>\n<p><span style=\"font-size: 10pt;\"><strong>Wirkstoff<\/strong><\/span><br \/>\n<span style=\"font-size: 10pt;\">Imidacloprid 0,0204%<\/span><\/p>\n<p><span style=\"font-size: 10pt;\"><strong>Inhalt<\/strong><\/span><br \/>\n<span style=\"font-size: 10pt;\">5 Gramm<\/span><\/p>\n<p><strong><span style=\"font-size: 10pt;\">Display-Kasten<\/span><\/strong><br \/>\n<span style=\"font-size: 10pt;\">12 St\u00fcck<\/span><\/p>\n<p><span style=\"font-size: 10pt;\"><strong>Etikett und Produktinformation<br \/>\n<\/strong><\/span><span style=\"font-size: 10pt;\">Verwenden Sie Knock Pest Ant Gel sicher. Lesen Sie vor der Anwendung zuerst das Etikett und die Produktinformationen! F\u00fcr die Anwendung und den Gebrauch, siehe die <a href=\"https:\/\/ctgb-prd.s3.eu-central-1.amazonaws.com\/7e161cfe9762915a9079c4665a604079_20220973_spc+DX3+GEL+NL+nl+202206091659+WGGA.pdf\" target=\"_blank\" rel=\"noopener\">Rechtliche Hinweise \/ Gebrauchsanweisungen<\/a>.<\/span><\/p>","protected":false},"excerpt":{"rendered":"<p>Knock Pest Mieren Gel voor het bestrijden van mieren en mierennesten. De zeer smakelijke formulering is onweerstaanbaar voor mieren en zorgt voor effectieve bestrijding van het hele nest en heeft een werking tot 3 maanden.<\/p>","protected":false},"featured_media":29931,"template":"","meta":{"_acf_changed":false},"product_brand":[],"product_cat":[2444,1196],"product_tag":[2423,1338,2470,1111],"class_list":{"0":"post-10968","1":"product","2":"type-product","3":"status-publish","4":"has-post-thumbnail","6":"product_cat-mier","7":"product_cat-ongedierte","8":"product_tag-knock-pest","9":"product_tag-mier","10":"product_tag-mieren-maart","11":"product_tag-vliegenspecial2023","12":"tax_brand-knock-pest","14":"first","15":"instock","16":"taxable","17":"shipping-taxable","18":"purchasable","19":"product-type-simple"},"acf":[],"yoast_head":"<!-- This site is optimized with the Yoast SEO plugin v27.4 - https:\/\/yoast.com\/product\/yoast-seo-wordpress\/ -->\n<title>Knock Pest Mieren Gel 5 gram - Food4animals<\/title>\n<meta name=\"description\" content=\"Knock Pest Mieren Gel voor het bestrijden van mieren en mierennesten. De zeer smakelijke formulering is onweerstaanbaar voor mieren en zorgt voor effectieve bestrijding van het hele nest en heeft een werking tot 3 maanden.\" \/>\n<meta name=\"robots\" content=\"index, follow, max-snippet:-1, max-image-preview:large, max-video-preview:-1\" \/>\n<link rel=\"canonical\" href=\"https:\/\/www.food4animals.nl\/de\/produkt\/klopf-schadlings-ameisen-gel-5-gramm\/\" \/>\n<meta property=\"og:locale\" content=\"de_DE\" \/>\n<meta property=\"og:type\" content=\"article\" \/>\n<meta property=\"og:title\" content=\"Knock Pest Mieren Gel 5 gram - Food4animals\" \/>\n<meta property=\"og:description\" content=\"Knock Pest Mieren Gel voor het bestrijden van mieren en mierennesten. De zeer smakelijke formulering is onweerstaanbaar voor mieren en zorgt voor effectieve bestrijding van het hele nest en heeft een werking tot 3 maanden.\" \/>\n<meta property=\"og:url\" content=\"https:\/\/www.food4animals.nl\/de\/produkt\/klopf-schadlings-ameisen-gel-5-gramm\/\" \/>\n<meta property=\"og:site_name\" content=\"Food4animals\" \/>\n<meta property=\"article:publisher\" content=\"https:\/\/www.facebook.com\/p\/Food4animals-100063861676074\/\" \/>\n<meta property=\"article:modified_time\" content=\"2026-04-18T00:26:32+00:00\" \/>\n<meta property=\"og:image\" content=\"https:\/\/www.food4animals.nl\/wp-content\/uploads\/2023\/12\/Knock-Pest-Mieren-Gel.jpg\" \/>\n\t<meta property=\"og:image:width\" content=\"1024\" \/>\n\t<meta property=\"og:image:height\" content=\"1024\" \/>\n\t<meta property=\"og:image:type\" content=\"image\/jpeg\" \/>\n<meta name=\"twitter:card\" content=\"summary_large_image\" \/>\n<meta name=\"twitter:site\" content=\"@food4animals\" \/>\n<meta name=\"twitter:label1\" content=\"Gesch\u00e4tzte Lesezeit\" \/>\n\t<meta name=\"twitter:data1\" content=\"2\u00a0Minuten\" \/>\n<script type=\"application\/ld+json\" class=\"yoast-schema-graph\">{\"@context\":\"https:\\\/\\\/schema.org\",\"@graph\":[{\"@type\":\"WebPage\",\"@id\":\"https:\\\/\\\/www.food4animals.nl\\\/product\\\/knock-pest-mieren-gel-5-gram\\\/\",\"url\":\"https:\\\/\\\/www.food4animals.nl\\\/product\\\/knock-pest-mieren-gel-5-gram\\\/\",\"name\":\"Knock Pest Mieren Gel 5 gram - Food4animals\",\"isPartOf\":{\"@id\":\"https:\\\/\\\/www.food4animals.nl\\\/en\\\/#website\"},\"primaryImageOfPage\":{\"@id\":\"https:\\\/\\\/www.food4animals.nl\\\/product\\\/knock-pest-mieren-gel-5-gram\\\/#primaryimage\"},\"image\":{\"@id\":\"https:\\\/\\\/www.food4animals.nl\\\/product\\\/knock-pest-mieren-gel-5-gram\\\/#primaryimage\"},\"thumbnailUrl\":\"https:\\\/\\\/www.food4animals.nl\\\/wp-content\\\/uploads\\\/2023\\\/12\\\/Knock-Pest-Mieren-Gel.jpg\",\"datePublished\":\"2023-12-13T10:35:28+00:00\",\"dateModified\":\"2026-04-18T00:26:32+00:00\",\"description\":\"Knock Pest Mieren Gel voor het bestrijden van mieren en mierennesten. De zeer smakelijke formulering is onweerstaanbaar voor mieren en zorgt voor effectieve bestrijding van het hele nest en heeft een werking tot 3 maanden.\",\"breadcrumb\":{\"@id\":\"https:\\\/\\\/www.food4animals.nl\\\/product\\\/knock-pest-mieren-gel-5-gram\\\/#breadcrumb\"},\"inLanguage\":\"de\",\"potentialAction\":[{\"@type\":\"ReadAction\",\"target\":[\"https:\\\/\\\/www.food4animals.nl\\\/product\\\/knock-pest-mieren-gel-5-gram\\\/\"]}]},{\"@type\":\"ImageObject\",\"inLanguage\":\"de\",\"@id\":\"https:\\\/\\\/www.food4animals.nl\\\/product\\\/knock-pest-mieren-gel-5-gram\\\/#primaryimage\",\"url\":\"https:\\\/\\\/www.food4animals.nl\\\/wp-content\\\/uploads\\\/2023\\\/12\\\/Knock-Pest-Mieren-Gel.jpg\",\"contentUrl\":\"https:\\\/\\\/www.food4animals.nl\\\/wp-content\\\/uploads\\\/2023\\\/12\\\/Knock-Pest-Mieren-Gel.jpg\",\"width\":1024,\"height\":1024,\"caption\":\"Knock Pest Mieren Gel Ter bestrijding van de zwarte wegmier en tropische mieren\"},{\"@type\":\"BreadcrumbList\",\"@id\":\"https:\\\/\\\/www.food4animals.nl\\\/product\\\/knock-pest-mieren-gel-5-gram\\\/#breadcrumb\",\"itemListElement\":[{\"@type\":\"ListItem\",\"position\":1,\"name\":\"Home\",\"item\":\"https:\\\/\\\/www.food4animals.nl\\\/\"},{\"@type\":\"ListItem\",\"position\":2,\"name\":\"Winkel\",\"item\":\"https:\\\/\\\/www.food4animals.nl\\\/winkel\\\/\"},{\"@type\":\"ListItem\",\"position\":3,\"name\":\"Knock Pest Mieren Gel 5 gram\"}]},{\"@type\":\"WebSite\",\"@id\":\"https:\\\/\\\/www.food4animals.nl\\\/en\\\/#website\",\"url\":\"https:\\\/\\\/www.food4animals.nl\\\/en\\\/\",\"name\":\"Food4animals\",\"description\":\"Alles voor Ruiter en Dier\",\"publisher\":{\"@id\":\"https:\\\/\\\/www.food4animals.nl\\\/en\\\/#organization\"},\"potentialAction\":[{\"@type\":\"SearchAction\",\"target\":{\"@type\":\"EntryPoint\",\"urlTemplate\":\"https:\\\/\\\/www.food4animals.nl\\\/en\\\/?s={search_term_string}\"},\"query-input\":{\"@type\":\"PropertyValueSpecification\",\"valueRequired\":true,\"valueName\":\"search_term_string\"}}],\"inLanguage\":\"de\"},{\"@type\":\"Organization\",\"@id\":\"https:\\\/\\\/www.food4animals.nl\\\/en\\\/#organization\",\"name\":\"Food4animals\",\"url\":\"https:\\\/\\\/www.food4animals.nl\\\/en\\\/\",\"logo\":{\"@type\":\"ImageObject\",\"inLanguage\":\"de\",\"@id\":\"https:\\\/\\\/www.food4animals.nl\\\/en\\\/#\\\/schema\\\/logo\\\/image\\\/\",\"url\":\"https:\\\/\\\/www.food4animals.nl\\\/wp-content\\\/uploads\\\/2023\\\/10\\\/Logo.svg\",\"contentUrl\":\"https:\\\/\\\/www.food4animals.nl\\\/wp-content\\\/uploads\\\/2023\\\/10\\\/Logo.svg\",\"width\":1,\"height\":1,\"caption\":\"Food4animals\"},\"image\":{\"@id\":\"https:\\\/\\\/www.food4animals.nl\\\/en\\\/#\\\/schema\\\/logo\\\/image\\\/\"},\"sameAs\":[\"https:\\\/\\\/www.facebook.com\\\/p\\\/Food4animals-100063861676074\\\/\",\"https:\\\/\\\/x.com\\\/food4animals\"]}]}<\/script>\n<!-- \/ Yoast SEO plugin. -->","yoast_head_json":{"title":"Knock Pest Ameisen Gel 5 Gramm - Food4animals","description":"Knock Pest Mieren Gel voor het bestrijden van mieren en mierennesten. De zeer smakelijke formulering is onweerstaanbaar voor mieren en zorgt voor effectieve bestrijding van het hele nest en heeft een werking tot 3 maanden.","robots":{"index":"index","follow":"follow","max-snippet":"max-snippet:-1","max-image-preview":"max-image-preview:large","max-video-preview":"max-video-preview:-1"},"canonical":"https:\/\/www.food4animals.nl\/de\/produkt\/klopf-schadlings-ameisen-gel-5-gramm\/","og_locale":"de_DE","og_type":"article","og_title":"Knock Pest Mieren Gel 5 gram - Food4animals","og_description":"Knock Pest Mieren Gel voor het bestrijden van mieren en mierennesten. De zeer smakelijke formulering is onweerstaanbaar voor mieren en zorgt voor effectieve bestrijding van het hele nest en heeft een werking tot 3 maanden.","og_url":"https:\/\/www.food4animals.nl\/de\/produkt\/klopf-schadlings-ameisen-gel-5-gramm\/","og_site_name":"Food4animals","article_publisher":"https:\/\/www.facebook.com\/p\/Food4animals-100063861676074\/","article_modified_time":"2026-04-18T00:26:32+00:00","og_image":[{"width":1024,"height":1024,"url":"https:\/\/www.food4animals.nl\/wp-content\/uploads\/2023\/12\/Knock-Pest-Mieren-Gel.jpg","type":"image\/jpeg"}],"twitter_card":"summary_large_image","twitter_site":"@food4animals","twitter_misc":{"Gesch\u00e4tzte Lesezeit":"2\u00a0Minuten"},"schema":{"@context":"https:\/\/schema.org","@graph":[{"@type":"WebPage","@id":"https:\/\/www.food4animals.nl\/product\/knock-pest-mieren-gel-5-gram\/","url":"https:\/\/www.food4animals.nl\/product\/knock-pest-mieren-gel-5-gram\/","name":"Knock Pest Ameisen Gel 5 Gramm - Food4animals","isPartOf":{"@id":"https:\/\/www.food4animals.nl\/en\/#website"},"primaryImageOfPage":{"@id":"https:\/\/www.food4animals.nl\/product\/knock-pest-mieren-gel-5-gram\/#primaryimage"},"image":{"@id":"https:\/\/www.food4animals.nl\/product\/knock-pest-mieren-gel-5-gram\/#primaryimage"},"thumbnailUrl":"https:\/\/www.food4animals.nl\/wp-content\/uploads\/2023\/12\/Knock-Pest-Mieren-Gel.jpg","datePublished":"2023-12-13T10:35:28+00:00","dateModified":"2026-04-18T00:26:32+00:00","description":"Knock Pest Mieren Gel voor het bestrijden van mieren en mierennesten. De zeer smakelijke formulering is onweerstaanbaar voor mieren en zorgt voor effectieve bestrijding van het hele nest en heeft een werking tot 3 maanden.","breadcrumb":{"@id":"https:\/\/www.food4animals.nl\/product\/knock-pest-mieren-gel-5-gram\/#breadcrumb"},"inLanguage":"de","potentialAction":[{"@type":"ReadAction","target":["https:\/\/www.food4animals.nl\/product\/knock-pest-mieren-gel-5-gram\/"]}]},{"@type":"ImageObject","inLanguage":"de","@id":"https:\/\/www.food4animals.nl\/product\/knock-pest-mieren-gel-5-gram\/#primaryimage","url":"https:\/\/www.food4animals.nl\/wp-content\/uploads\/2023\/12\/Knock-Pest-Mieren-Gel.jpg","contentUrl":"https:\/\/www.food4animals.nl\/wp-content\/uploads\/2023\/12\/Knock-Pest-Mieren-Gel.jpg","width":1024,"height":1024,"caption":"Knock Pest Mieren Gel Ter bestrijding van de zwarte wegmier en tropische mieren"},{"@type":"BreadcrumbList","@id":"https:\/\/www.food4animals.nl\/product\/knock-pest-mieren-gel-5-gram\/#breadcrumb","itemListElement":[{"@type":"ListItem","position":1,"name":"Home","item":"https:\/\/www.food4animals.nl\/"},{"@type":"ListItem","position":2,"name":"Winkel","item":"https:\/\/www.food4animals.nl\/winkel\/"},{"@type":"ListItem","position":3,"name":"Knock Pest Mieren Gel 5 gram"}]},{"@type":"WebSite","@id":"https:\/\/www.food4animals.nl\/en\/#website","url":"https:\/\/www.food4animals.nl\/en\/","name":"Lebensmittel4Tiere","description":"Alles f\u00fcr Reiter und Tier","publisher":{"@id":"https:\/\/www.food4animals.nl\/en\/#organization"},"potentialAction":[{"@type":"SearchAction","target":{"@type":"EntryPoint","urlTemplate":"https:\/\/www.food4animals.nl\/en\/?s={search_term_string}"},"query-input":{"@type":"PropertyValueSpecification","valueRequired":true,"valueName":"search_term_string"}}],"inLanguage":"de"},{"@type":"Organization","@id":"https:\/\/www.food4animals.nl\/en\/#organization","name":"Lebensmittel4Tiere","url":"https:\/\/www.food4animals.nl\/en\/","logo":{"@type":"ImageObject","inLanguage":"de","@id":"https:\/\/www.food4animals.nl\/en\/#\/schema\/logo\/image\/","url":"https:\/\/www.food4animals.nl\/wp-content\/uploads\/2023\/10\/Logo.svg","contentUrl":"https:\/\/www.food4animals.nl\/wp-content\/uploads\/2023\/10\/Logo.svg","width":1,"height":1,"caption":"Food4animals"},"image":{"@id":"https:\/\/www.food4animals.nl\/en\/#\/schema\/logo\/image\/"},"sameAs":["https:\/\/www.facebook.com\/p\/Food4animals-100063861676074\/","https:\/\/x.com\/food4animals"]}]}},"_links":{"self":[{"href":"https:\/\/www.food4animals.nl\/de\/wp-json\/wp\/v2\/product\/10968","targetHints":{"allow":["GET"]}}],"collection":[{"href":"https:\/\/www.food4animals.nl\/de\/wp-json\/wp\/v2\/product"}],"about":[{"href":"https:\/\/www.food4animals.nl\/de\/wp-json\/wp\/v2\/types\/product"}],"wp:featuredmedia":[{"embeddable":true,"href":"https:\/\/www.food4animals.nl\/de\/wp-json\/wp\/v2\/media\/29931"}],"wp:attachment":[{"href":"https:\/\/www.food4animals.nl\/de\/wp-json\/wp\/v2\/media?parent=10968"}],"wp:term":[{"taxonomy":"product_brand","embeddable":true,"href":"https:\/\/www.food4animals.nl\/de\/wp-json\/wp\/v2\/product_brand?post=10968"},{"taxonomy":"product_cat","embeddable":true,"href":"https:\/\/www.food4animals.nl\/de\/wp-json\/wp\/v2\/product_cat?post=10968"},{"taxonomy":"product_tag","embeddable":true,"href":"https:\/\/www.food4animals.nl\/de\/wp-json\/wp\/v2\/product_tag?post=10968"}],"curies":[{"name":"wp","href":"https:\/\/api.w.org\/{rel}","templated":true}]}}