{"id":10971,"date":"2023-12-13T10:35:35","date_gmt":"2023-12-13T10:35:35","guid":{"rendered":"https:\/\/food4animals.nl\/product\/knock-pest-mierenlokdoos-2-stuks\/"},"modified":"2026-04-11T01:24:12","modified_gmt":"2026-04-11T00:24:12","slug":"klopf-schadlings-ameisenkoderdose-2-stuck","status":"publish","type":"product","link":"https:\/\/www.food4animals.nl\/de\/produkt\/klopf-schadlings-ameisenkoderdose-2-stuck\/","title":{"rendered":"Knock Pest Ameisenk\u00f6derdose (2 St\u00fcck)"},"content":{"rendered":"<h2><span style=\"font-size: 10pt;\">Knock Pest Ameisenk\u00f6derbox\u00a0<strong><br \/>\n<\/strong><\/span><\/h2>\n<p><span style=\"font-size: 10pt;\"><strong>Knock Pest Ameisenk\u00f6derbox zur Bek\u00e4mpfung von Ameisen und Ameisennestern.<\/strong><\/span><br \/>\n<span style=\"font-size: 10pt;\">Gebrauchsfertige K\u00f6derdose zur Bek\u00e4mpfung der Schwarzen Wegameise (Lasius niger) im Innen- und Au\u00dfenbereich.<\/span><\/p>\n<p><span style=\"font-size: 10pt;\">Die \u00e4u\u00dferst schmackhafte Formulierung ist f\u00fcr Ameisen unwiderstehlich und bietet eine wirksame Kontrolle des gesamten Nestes, die bis zu 3 Monate anh\u00e4lt.<\/span><\/p>\n<p><span style=\"font-size: 10pt;\">Stellen Sie die K\u00f6derbox dort auf, wo sich Ameisen aufhalten: entlang von Ameisenstra\u00dfen oder in der N\u00e4he von Nesteing\u00e4ngen.<\/span><\/p>\n<p><span style=\"font-size: 10pt;\"><strong>Dosierung:<\/strong><\/span><br \/>\n<span style=\"font-size: 10pt;\">1 K\u00f6derdose pro 15 - 20 m<sup>2<\/sup><\/span><\/p>\n<p><span style=\"font-size: 10pt;\"><strong>Aktiver Inhaltsstoff:<br \/>\n<\/strong><\/span><span style=\"font-size: 10pt;\">Imidacloprid 0,0204%<\/span><\/p>\n<p><span style=\"font-size: 10pt;\"><strong>Zulassungsnummer:<\/strong> <a href=\"https:\/\/toelatingen.ctgb.nl\/nl\/authorisations\/25732\" target=\"_blank\" rel=\"noopener\">NL-0026653-0000<\/a><\/span><\/p>\n<p><span style=\"font-size: 10pt;\"><strong>Inhalt:<br \/>\n<\/strong><\/span><span style=\"font-size: 10pt;\">2 Gramm pro K\u00f6derdose<\/span><\/p>\n<p><span style=\"font-size: 10pt;\"><strong>Verpackung:<\/strong> 2 Einheiten<br \/>\n<\/span><span style=\"font-size: 10pt;\"><strong>Kasten anzeigen:<\/strong> 24 S\u00e4tze \u00e0 2 St\u00fcck<\/span><\/p>\n<p><span style=\"font-size: 10pt;\">Verwenden Sie die Knock Pest Ameisenk\u00f6derbox sicher. Lesen Sie vor der Anwendung das Etikett und die Produktinformationen! F\u00fcr Anwendung und Gebrauch, siehe die <a href=\"https:\/\/ctgb-prd.s3.eu-central-1.amazonaws.com\/7e161cfe9762915a9079c4665a604079_20220973_spc+DX3+GEL+NL+nl+202206091659+WGGA.pdf\" target=\"_blank\" rel=\"noopener\"><u>Rechtliche Hinweise \/ Gebrauchsanweisungen<\/u><\/a>.<br \/>\n<\/span><\/p>","protected":false},"excerpt":{"rendered":"<p>Gew\u00e4hrleistet eine wirksame Kontrolle des gesamten Nestes.<\/p>","protected":false},"featured_media":30375,"template":"","meta":{"_acf_changed":false},"product_brand":[],"product_cat":[2444,1196],"product_tag":[2423,1338,2470],"class_list":{"0":"post-10971","1":"product","2":"type-product","3":"status-publish","4":"has-post-thumbnail","6":"product_cat-mier","7":"product_cat-ongedierte","8":"product_tag-knock-pest","9":"product_tag-mier","10":"product_tag-mieren-maart","11":"tax_brand-knock-pest","13":"first","14":"instock","15":"taxable","16":"shipping-taxable","17":"purchasable","18":"product-type-simple"},"acf":[],"yoast_head":"<!-- This site is optimized with the Yoast SEO plugin v27.2 - https:\/\/yoast.com\/product\/yoast-seo-wordpress\/ -->\n<title>Knock Pest Mierenlokdoos (2 stuks) - Food4animals<\/title>\n<meta name=\"robots\" content=\"index, follow, max-snippet:-1, max-image-preview:large, max-video-preview:-1\" \/>\n<link rel=\"canonical\" href=\"https:\/\/www.food4animals.nl\/de\/produkt\/klopf-schadlings-ameisenkoderdose-2-stuck\/\" \/>\n<meta property=\"og:locale\" content=\"de_DE\" \/>\n<meta property=\"og:type\" content=\"article\" \/>\n<meta property=\"og:title\" content=\"Knock Pest Mierenlokdoos (2 stuks) - Food4animals\" \/>\n<meta property=\"og:description\" content=\"Zorgt voor effectieve bestrijding van het hele nest.\" \/>\n<meta property=\"og:url\" content=\"https:\/\/www.food4animals.nl\/de\/produkt\/klopf-schadlings-ameisenkoderdose-2-stuck\/\" \/>\n<meta property=\"og:site_name\" content=\"Food4animals\" \/>\n<meta property=\"article:publisher\" content=\"https:\/\/www.facebook.com\/p\/Food4animals-100063861676074\/\" \/>\n<meta property=\"article:modified_time\" content=\"2026-04-11T00:24:12+00:00\" \/>\n<meta property=\"og:image\" content=\"https:\/\/www.food4animals.nl\/wp-content\/uploads\/2023\/12\/Knock-Pest-Mierenlokdoos.jpg\" \/>\n\t<meta property=\"og:image:width\" content=\"1024\" \/>\n\t<meta property=\"og:image:height\" content=\"1024\" \/>\n\t<meta property=\"og:image:type\" content=\"image\/jpeg\" \/>\n<meta name=\"twitter:card\" content=\"summary_large_image\" \/>\n<meta name=\"twitter:site\" content=\"@food4animals\" \/>\n<meta name=\"twitter:label1\" content=\"Gesch\u00e4tzte Lesezeit\" \/>\n\t<meta name=\"twitter:data1\" content=\"1\u00a0Minute\" \/>\n<script type=\"application\/ld+json\" class=\"yoast-schema-graph\">{\"@context\":\"https:\/\/schema.org\",\"@graph\":[{\"@type\":\"WebPage\",\"@id\":\"https:\/\/www.food4animals.nl\/product\/knock-pest-mierenlokdoos-2-stuks\/\",\"url\":\"https:\/\/www.food4animals.nl\/product\/knock-pest-mierenlokdoos-2-stuks\/\",\"name\":\"Knock Pest Mierenlokdoos (2 stuks) - Food4animals\",\"isPartOf\":{\"@id\":\"https:\/\/www.food4animals.nl\/en\/#website\"},\"primaryImageOfPage\":{\"@id\":\"https:\/\/www.food4animals.nl\/product\/knock-pest-mierenlokdoos-2-stuks\/#primaryimage\"},\"image\":{\"@id\":\"https:\/\/www.food4animals.nl\/product\/knock-pest-mierenlokdoos-2-stuks\/#primaryimage\"},\"thumbnailUrl\":\"https:\/\/www.food4animals.nl\/wp-content\/uploads\/2023\/12\/Knock-Pest-Mierenlokdoos.jpg\",\"datePublished\":\"2023-12-13T10:35:35+00:00\",\"dateModified\":\"2026-04-11T00:24:12+00:00\",\"breadcrumb\":{\"@id\":\"https:\/\/www.food4animals.nl\/product\/knock-pest-mierenlokdoos-2-stuks\/#breadcrumb\"},\"inLanguage\":\"de\",\"potentialAction\":[{\"@type\":\"ReadAction\",\"target\":[\"https:\/\/www.food4animals.nl\/product\/knock-pest-mierenlokdoos-2-stuks\/\"]}]},{\"@type\":\"ImageObject\",\"inLanguage\":\"de\",\"@id\":\"https:\/\/www.food4animals.nl\/product\/knock-pest-mierenlokdoos-2-stuks\/#primaryimage\",\"url\":\"https:\/\/www.food4animals.nl\/wp-content\/uploads\/2023\/12\/Knock-Pest-Mierenlokdoos.jpg\",\"contentUrl\":\"https:\/\/www.food4animals.nl\/wp-content\/uploads\/2023\/12\/Knock-Pest-Mierenlokdoos.jpg\",\"width\":1024,\"height\":1024,\"caption\":\"Knock Pest Mierenlokdoos Zorgt voor effectieve bestrijding van het hele nest.\"},{\"@type\":\"BreadcrumbList\",\"@id\":\"https:\/\/www.food4animals.nl\/product\/knock-pest-mierenlokdoos-2-stuks\/#breadcrumb\",\"itemListElement\":[{\"@type\":\"ListItem\",\"position\":1,\"name\":\"Home\",\"item\":\"https:\/\/www.food4animals.nl\/\"},{\"@type\":\"ListItem\",\"position\":2,\"name\":\"Winkel\",\"item\":\"https:\/\/www.food4animals.nl\/winkel\/\"},{\"@type\":\"ListItem\",\"position\":3,\"name\":\"Knock Pest Mierenlokdoos (2 stuks)\"}]},{\"@type\":\"WebSite\",\"@id\":\"https:\/\/www.food4animals.nl\/en\/#website\",\"url\":\"https:\/\/www.food4animals.nl\/en\/\",\"name\":\"Food4animals\",\"description\":\"Alles voor Ruiter en Dier\",\"publisher\":{\"@id\":\"https:\/\/www.food4animals.nl\/en\/#organization\"},\"potentialAction\":[{\"@type\":\"SearchAction\",\"target\":{\"@type\":\"EntryPoint\",\"urlTemplate\":\"https:\/\/www.food4animals.nl\/en\/?s={search_term_string}\"},\"query-input\":{\"@type\":\"PropertyValueSpecification\",\"valueRequired\":true,\"valueName\":\"search_term_string\"}}],\"inLanguage\":\"de\"},{\"@type\":\"Organization\",\"@id\":\"https:\/\/www.food4animals.nl\/en\/#organization\",\"name\":\"Food4animals\",\"url\":\"https:\/\/www.food4animals.nl\/en\/\",\"logo\":{\"@type\":\"ImageObject\",\"inLanguage\":\"de\",\"@id\":\"https:\/\/www.food4animals.nl\/en\/#\/schema\/logo\/image\/\",\"url\":\"https:\/\/www.food4animals.nl\/wp-content\/uploads\/2023\/10\/Logo.svg\",\"contentUrl\":\"https:\/\/www.food4animals.nl\/wp-content\/uploads\/2023\/10\/Logo.svg\",\"width\":1,\"height\":1,\"caption\":\"Food4animals\"},\"image\":{\"@id\":\"https:\/\/www.food4animals.nl\/en\/#\/schema\/logo\/image\/\"},\"sameAs\":[\"https:\/\/www.facebook.com\/p\/Food4animals-100063861676074\/\",\"https:\/\/x.com\/food4animals\"]}]}<\/script>\n<!-- \/ Yoast SEO plugin. -->","yoast_head_json":{"title":"Knock Pest Ameisenk\u00f6derdose (2 St\u00fcck) - Food4animals","robots":{"index":"index","follow":"follow","max-snippet":"max-snippet:-1","max-image-preview":"max-image-preview:large","max-video-preview":"max-video-preview:-1"},"canonical":"https:\/\/www.food4animals.nl\/de\/produkt\/klopf-schadlings-ameisenkoderdose-2-stuck\/","og_locale":"de_DE","og_type":"article","og_title":"Knock Pest Mierenlokdoos (2 stuks) - Food4animals","og_description":"Zorgt voor effectieve bestrijding van het hele nest.","og_url":"https:\/\/www.food4animals.nl\/de\/produkt\/klopf-schadlings-ameisenkoderdose-2-stuck\/","og_site_name":"Food4animals","article_publisher":"https:\/\/www.facebook.com\/p\/Food4animals-100063861676074\/","article_modified_time":"2026-04-11T00:24:12+00:00","og_image":[{"width":1024,"height":1024,"url":"https:\/\/www.food4animals.nl\/wp-content\/uploads\/2023\/12\/Knock-Pest-Mierenlokdoos.jpg","type":"image\/jpeg"}],"twitter_card":"summary_large_image","twitter_site":"@food4animals","twitter_misc":{"Gesch\u00e4tzte Lesezeit":"1\u00a0Minute"},"schema":{"@context":"https:\/\/schema.org","@graph":[{"@type":"WebPage","@id":"https:\/\/www.food4animals.nl\/product\/knock-pest-mierenlokdoos-2-stuks\/","url":"https:\/\/www.food4animals.nl\/product\/knock-pest-mierenlokdoos-2-stuks\/","name":"Knock Pest Ameisenk\u00f6derdose (2 St\u00fcck) - Food4animals","isPartOf":{"@id":"https:\/\/www.food4animals.nl\/en\/#website"},"primaryImageOfPage":{"@id":"https:\/\/www.food4animals.nl\/product\/knock-pest-mierenlokdoos-2-stuks\/#primaryimage"},"image":{"@id":"https:\/\/www.food4animals.nl\/product\/knock-pest-mierenlokdoos-2-stuks\/#primaryimage"},"thumbnailUrl":"https:\/\/www.food4animals.nl\/wp-content\/uploads\/2023\/12\/Knock-Pest-Mierenlokdoos.jpg","datePublished":"2023-12-13T10:35:35+00:00","dateModified":"2026-04-11T00:24:12+00:00","breadcrumb":{"@id":"https:\/\/www.food4animals.nl\/product\/knock-pest-mierenlokdoos-2-stuks\/#breadcrumb"},"inLanguage":"de","potentialAction":[{"@type":"ReadAction","target":["https:\/\/www.food4animals.nl\/product\/knock-pest-mierenlokdoos-2-stuks\/"]}]},{"@type":"ImageObject","inLanguage":"de","@id":"https:\/\/www.food4animals.nl\/product\/knock-pest-mierenlokdoos-2-stuks\/#primaryimage","url":"https:\/\/www.food4animals.nl\/wp-content\/uploads\/2023\/12\/Knock-Pest-Mierenlokdoos.jpg","contentUrl":"https:\/\/www.food4animals.nl\/wp-content\/uploads\/2023\/12\/Knock-Pest-Mierenlokdoos.jpg","width":1024,"height":1024,"caption":"Knock Pest Mierenlokdoos Zorgt voor effectieve bestrijding van het hele nest."},{"@type":"BreadcrumbList","@id":"https:\/\/www.food4animals.nl\/product\/knock-pest-mierenlokdoos-2-stuks\/#breadcrumb","itemListElement":[{"@type":"ListItem","position":1,"name":"Home","item":"https:\/\/www.food4animals.nl\/"},{"@type":"ListItem","position":2,"name":"Winkel","item":"https:\/\/www.food4animals.nl\/winkel\/"},{"@type":"ListItem","position":3,"name":"Knock Pest Mierenlokdoos (2 stuks)"}]},{"@type":"WebSite","@id":"https:\/\/www.food4animals.nl\/en\/#website","url":"https:\/\/www.food4animals.nl\/en\/","name":"Lebensmittel4Tiere","description":"Alles f\u00fcr Reiter und Tier","publisher":{"@id":"https:\/\/www.food4animals.nl\/en\/#organization"},"potentialAction":[{"@type":"SearchAction","target":{"@type":"EntryPoint","urlTemplate":"https:\/\/www.food4animals.nl\/en\/?s={search_term_string}"},"query-input":{"@type":"PropertyValueSpecification","valueRequired":true,"valueName":"search_term_string"}}],"inLanguage":"de"},{"@type":"Organization","@id":"https:\/\/www.food4animals.nl\/en\/#organization","name":"Lebensmittel4Tiere","url":"https:\/\/www.food4animals.nl\/en\/","logo":{"@type":"ImageObject","inLanguage":"de","@id":"https:\/\/www.food4animals.nl\/en\/#\/schema\/logo\/image\/","url":"https:\/\/www.food4animals.nl\/wp-content\/uploads\/2023\/10\/Logo.svg","contentUrl":"https:\/\/www.food4animals.nl\/wp-content\/uploads\/2023\/10\/Logo.svg","width":1,"height":1,"caption":"Food4animals"},"image":{"@id":"https:\/\/www.food4animals.nl\/en\/#\/schema\/logo\/image\/"},"sameAs":["https:\/\/www.facebook.com\/p\/Food4animals-100063861676074\/","https:\/\/x.com\/food4animals"]}]}},"_links":{"self":[{"href":"https:\/\/www.food4animals.nl\/de\/wp-json\/wp\/v2\/product\/10971","targetHints":{"allow":["GET"]}}],"collection":[{"href":"https:\/\/www.food4animals.nl\/de\/wp-json\/wp\/v2\/product"}],"about":[{"href":"https:\/\/www.food4animals.nl\/de\/wp-json\/wp\/v2\/types\/product"}],"wp:featuredmedia":[{"embeddable":true,"href":"https:\/\/www.food4animals.nl\/de\/wp-json\/wp\/v2\/media\/30375"}],"wp:attachment":[{"href":"https:\/\/www.food4animals.nl\/de\/wp-json\/wp\/v2\/media?parent=10971"}],"wp:term":[{"taxonomy":"product_brand","embeddable":true,"href":"https:\/\/www.food4animals.nl\/de\/wp-json\/wp\/v2\/product_brand?post=10971"},{"taxonomy":"product_cat","embeddable":true,"href":"https:\/\/www.food4animals.nl\/de\/wp-json\/wp\/v2\/product_cat?post=10971"},{"taxonomy":"product_tag","embeddable":true,"href":"https:\/\/www.food4animals.nl\/de\/wp-json\/wp\/v2\/product_tag?post=10971"}],"curies":[{"name":"wp","href":"https:\/\/api.w.org\/{rel}","templated":true}]}}