{"id":10988,"date":"2023-12-13T10:36:13","date_gmt":"2023-12-13T10:36:13","guid":{"rendered":"https:\/\/food4animals.nl\/product\/knock-pest-muggenlamp-7-watt\/"},"modified":"2026-04-11T01:24:08","modified_gmt":"2026-04-11T00:24:08","slug":"klopfpest-muckenlampe-7-watt","status":"publish","type":"product","link":"https:\/\/www.food4animals.nl\/de\/produkt\/klopfpest-muckenlampe-7-watt\/","title":{"rendered":"Knock Pest Stechm\u00fcckenlampe 7 Watt"},"content":{"rendered":"<p><span style=\"font-size: 10pt;\"><strong>Der Knock Pest M\u00fcckenmagnet<\/strong><\/span><br \/><span style=\"font-size: 10pt;\">F\u00e4ngt Stechm\u00fccken aus allen Richtungen (360\u00b0). Der Knock Pest MosquitoMagnet verwendet spezielles blaues ultraviolettes Licht und st\u00f6\u00dft menschliches CO<sub>2<\/sub><sup>\u00a0<\/sup>Geruch. Das ultraviolette Licht und der menschliche Geruch machen den Knock Pest MosquitoMagnet unwiderstehlich f\u00fcr M\u00fccken. Dank der starken Saugkraft ist es unm\u00f6glich, zu entkommen, und die M\u00fccken werden im Auffangbeh\u00e4lter unter dem Ger\u00e4t lebendig gefangen. Da die M\u00fccken lebendig gefangen werden, str\u00f6men noch mehr M\u00fccken zum Knock Pest MosquitoMagnet. Der Knock Pest MosquitoMagnet ist sparsam in der Anwendung und hat eine Fangreichweite von 100 m<sup>2<\/sup>.<\/span><\/p>\n<p><span style=\"color: #000000; font-size: 10pt;\"><a href=\"nl\/product\/1597\/6228\/rund\/vliegenbestrijding\/elektrische-vliegenvallen\/tbp-muggenlamp-los-7-watt\"><span style=\"color: #000000;\"><strong>Ausgestattet mit 1 x 7-Watt-UV-A-Lampe (MUGG050)<\/strong><\/span><\/a><\/span><br \/><span style=\"font-size: 10pt;\">\u00a0<\/span><br \/><span style=\"font-size: 10pt;\"><strong>Vorteile<\/strong><\/span><\/p>\n<p class=\"p3\"><span style=\"font-size: 10pt;\">- Emission von menschlichem CO<sub>2<\/sub>\u00a0Geruch aus.<\/span><\/p>\n<p class=\"p3\"><span style=\"font-size: 10pt;\">- Zieht Insekten an wie kein anderer durch<span class=\"Apple-converted-space\">\u00a0<\/span>das spezielle UV-A-Licht.<\/span><\/p>\n<p class=\"p3\"><span style=\"font-size: 10pt;\">- Hergestellt aus langlebigen Materialien.<\/span><\/p>\n<p class=\"p3\"><span style=\"font-size: 10pt;\">- Rost- und wartungsfrei.<\/span><\/p>\n<p class=\"p3\"><span style=\"font-size: 10pt;\">- Erfasst aus allen Richtungen (360\u00b0).<\/span><\/p>\n<p class=\"p3\"><span style=\"font-size: 10pt;\">- Fangreichweite von 100 m<sup>2<\/sup>.<\/span><\/p>\n<p class=\"p3\"><span style=\"font-size: 10pt;\">- Geringer Stromverbrauch.<\/span><\/p>\n<p class=\"p3\"><span style=\"font-size: 10pt;\">- Stechm\u00fccken sind leicht zu entfernen<span class=\"Apple-converted-space\">\u00a0d<\/span>.m.v. die Auffangschale.<\/span><\/p>\n<p class=\"p3\"><span style=\"font-size: 10pt;\">- Hergestellt aus feuerfestem ABS-Material und erf\u00fcllt die IPX4-Norm.<\/span><\/p>\n<p class=\"p3\"><span style=\"font-size: 10pt;\">- Durchschnittliche Lebensdauer der R\u00f6hre: 8000 Stunden.<\/span><\/p>\n<p class=\"p2\"><span style=\"font-size: 10pt;\">- Kann aufgeh\u00e4ngt oder abgestellt werden.<\/span><\/p>\n<p><span style=\"font-size: 10pt;\"><strong>Ideal f\u00fcr den Einsatz in den folgenden Bereichen<\/strong><\/span><\/p>\n<ul>\n<li><span style=\"font-size: 10pt;\">Garten und Terrasse<\/span><\/li>\n<li><span style=\"font-size: 10pt;\">Wohnh\u00e4user<\/span><\/li>\n<li><span style=\"font-size: 10pt;\">Warter\u00e4ume<\/span><\/li>\n<li><span style=\"font-size: 10pt;\">Kantinen<\/span><\/li>\n<li><span style=\"font-size: 10pt;\">Gesch\u00e4fte<\/span><\/li>\n<\/ul>\n<p class=\"p2\"><span style=\"font-size: 10pt;\"><strong>Format<br \/><\/strong><\/span><span style=\"font-size: 10pt;\">22 x 22 x 32,5 cm<\/span><\/p>\n<p><span style=\"font-size: 10pt;\"><strong>Funktioniert mit Netzstrom (wasserdichter Stecker).<\/strong><\/span><\/p>\n<p><span style=\"font-size: 10pt;\"><img loading=\"lazy\" decoding=\"async\" src=\"\/imagestream\/stream\/44990\/100\/100\/Knock_Off_Mug.jpg\" width=\"100\" height=\"100\" \/>\u00a0<img loading=\"lazy\" decoding=\"async\" src=\"\/imagestream\/stream\/44969\/100\/100\/Knock_Off_Co2.jpg\" width=\"100\" height=\"100\" \/>\u00a0<img loading=\"lazy\" decoding=\"async\" src=\"\/imagestream\/stream\/44985\/100\/100\/Knock_Off_Vent.jpg\" width=\"100\" height=\"100\" \/>\u00a0<img loading=\"lazy\" decoding=\"async\" src=\"\/imagestream\/stream\/44991\/100\/100\/Knock_Off_100_m2_2.jpg\" width=\"100\" height=\"100\" \/>\u00a0<img loading=\"lazy\" decoding=\"async\" src=\"\/imagestream\/stream\/44974\/70\/100\/Knock_Off_Lamp_7w.jpg\" width=\"70\" height=\"100\" \/><\/span><\/p>","protected":false},"excerpt":{"rendered":"<p>F\u00e4ngt Stechm\u00fccken aus allen Richtungen (360\u00b0).\u00a0<\/p>","protected":false},"featured_media":37051,"template":"","meta":{"_acf_changed":false},"product_brand":[],"product_cat":[2462,1196],"product_tag":[2307,2423,2464,1390,2450,1111],"class_list":{"0":"post-10988","1":"product","2":"type-product","3":"status-publish","4":"has-post-thumbnail","6":"product_cat-mug","7":"product_cat-ongedierte","8":"product_tag-elektrische-vliegenvallen","9":"product_tag-knock-pest","10":"product_tag-knock-pestmug","11":"product_tag-mug","12":"product_tag-muggenmailing","13":"product_tag-vliegenspecial2023","14":"tax_brand-knock-pest","16":"first","17":"instock","18":"taxable","19":"shipping-taxable","20":"purchasable","21":"product-type-simple"},"acf":[],"yoast_head":"<!-- This site is optimized with the Yoast SEO plugin v27.2 - https:\/\/yoast.com\/product\/yoast-seo-wordpress\/ -->\n<title>Knock Pest Muggenlamp 7 Watt - Food4animals<\/title>\n<meta name=\"robots\" content=\"index, follow, max-snippet:-1, max-image-preview:large, max-video-preview:-1\" \/>\n<link rel=\"canonical\" href=\"https:\/\/www.food4animals.nl\/de\/produkt\/klopfpest-muckenlampe-7-watt\/\" \/>\n<meta property=\"og:locale\" content=\"de_DE\" \/>\n<meta property=\"og:type\" content=\"article\" \/>\n<meta property=\"og:title\" content=\"Knock Pest Muggenlamp 7 Watt - Food4animals\" \/>\n<meta property=\"og:description\" content=\"Vangt muggen uit alle richtingen (360\u00b0).\u00a0\" \/>\n<meta property=\"og:url\" content=\"https:\/\/www.food4animals.nl\/de\/produkt\/klopfpest-muckenlampe-7-watt\/\" \/>\n<meta property=\"og:site_name\" content=\"Food4animals\" \/>\n<meta property=\"article:publisher\" content=\"https:\/\/www.facebook.com\/p\/Food4animals-100063861676074\/\" \/>\n<meta property=\"article:modified_time\" content=\"2026-04-11T00:24:08+00:00\" \/>\n<meta property=\"og:image\" content=\"https:\/\/www.food4animals.nl\/wp-content\/uploads\/2025\/11\/KNOC00020.png\" \/>\n\t<meta property=\"og:image:width\" content=\"1023\" \/>\n\t<meta property=\"og:image:height\" content=\"1024\" \/>\n\t<meta property=\"og:image:type\" content=\"image\/png\" \/>\n<meta name=\"twitter:card\" content=\"summary_large_image\" \/>\n<meta name=\"twitter:site\" content=\"@food4animals\" \/>\n<meta name=\"twitter:label1\" content=\"Gesch\u00e4tzte Lesezeit\" \/>\n\t<meta name=\"twitter:data1\" content=\"1\u00a0Minute\" \/>\n<script type=\"application\/ld+json\" class=\"yoast-schema-graph\">{\"@context\":\"https:\/\/schema.org\",\"@graph\":[{\"@type\":\"WebPage\",\"@id\":\"https:\/\/www.food4animals.nl\/product\/knock-pest-muggenlamp-7-watt\/\",\"url\":\"https:\/\/www.food4animals.nl\/product\/knock-pest-muggenlamp-7-watt\/\",\"name\":\"Knock Pest Muggenlamp 7 Watt - Food4animals\",\"isPartOf\":{\"@id\":\"https:\/\/www.food4animals.nl\/en\/#website\"},\"primaryImageOfPage\":{\"@id\":\"https:\/\/www.food4animals.nl\/product\/knock-pest-muggenlamp-7-watt\/#primaryimage\"},\"image\":{\"@id\":\"https:\/\/www.food4animals.nl\/product\/knock-pest-muggenlamp-7-watt\/#primaryimage\"},\"thumbnailUrl\":\"https:\/\/www.food4animals.nl\/wp-content\/uploads\/2025\/11\/KNOC00020.png\",\"datePublished\":\"2023-12-13T10:36:13+00:00\",\"dateModified\":\"2026-04-11T00:24:08+00:00\",\"breadcrumb\":{\"@id\":\"https:\/\/www.food4animals.nl\/product\/knock-pest-muggenlamp-7-watt\/#breadcrumb\"},\"inLanguage\":\"de\",\"potentialAction\":[{\"@type\":\"ReadAction\",\"target\":[\"https:\/\/www.food4animals.nl\/product\/knock-pest-muggenlamp-7-watt\/\"]}]},{\"@type\":\"ImageObject\",\"inLanguage\":\"de\",\"@id\":\"https:\/\/www.food4animals.nl\/product\/knock-pest-muggenlamp-7-watt\/#primaryimage\",\"url\":\"https:\/\/www.food4animals.nl\/wp-content\/uploads\/2025\/11\/KNOC00020.png\",\"contentUrl\":\"https:\/\/www.food4animals.nl\/wp-content\/uploads\/2025\/11\/KNOC00020.png\",\"width\":1023,\"height\":1024},{\"@type\":\"BreadcrumbList\",\"@id\":\"https:\/\/www.food4animals.nl\/product\/knock-pest-muggenlamp-7-watt\/#breadcrumb\",\"itemListElement\":[{\"@type\":\"ListItem\",\"position\":1,\"name\":\"Home\",\"item\":\"https:\/\/www.food4animals.nl\/\"},{\"@type\":\"ListItem\",\"position\":2,\"name\":\"Winkel\",\"item\":\"https:\/\/www.food4animals.nl\/winkel\/\"},{\"@type\":\"ListItem\",\"position\":3,\"name\":\"Knock Pest Muggenlamp 7 Watt\"}]},{\"@type\":\"WebSite\",\"@id\":\"https:\/\/www.food4animals.nl\/en\/#website\",\"url\":\"https:\/\/www.food4animals.nl\/en\/\",\"name\":\"Food4animals\",\"description\":\"Alles voor Ruiter en Dier\",\"publisher\":{\"@id\":\"https:\/\/www.food4animals.nl\/en\/#organization\"},\"potentialAction\":[{\"@type\":\"SearchAction\",\"target\":{\"@type\":\"EntryPoint\",\"urlTemplate\":\"https:\/\/www.food4animals.nl\/en\/?s={search_term_string}\"},\"query-input\":{\"@type\":\"PropertyValueSpecification\",\"valueRequired\":true,\"valueName\":\"search_term_string\"}}],\"inLanguage\":\"de\"},{\"@type\":\"Organization\",\"@id\":\"https:\/\/www.food4animals.nl\/en\/#organization\",\"name\":\"Food4animals\",\"url\":\"https:\/\/www.food4animals.nl\/en\/\",\"logo\":{\"@type\":\"ImageObject\",\"inLanguage\":\"de\",\"@id\":\"https:\/\/www.food4animals.nl\/en\/#\/schema\/logo\/image\/\",\"url\":\"https:\/\/www.food4animals.nl\/wp-content\/uploads\/2023\/10\/Logo.svg\",\"contentUrl\":\"https:\/\/www.food4animals.nl\/wp-content\/uploads\/2023\/10\/Logo.svg\",\"width\":1,\"height\":1,\"caption\":\"Food4animals\"},\"image\":{\"@id\":\"https:\/\/www.food4animals.nl\/en\/#\/schema\/logo\/image\/\"},\"sameAs\":[\"https:\/\/www.facebook.com\/p\/Food4animals-100063861676074\/\",\"https:\/\/x.com\/food4animals\"]}]}<\/script>\n<!-- \/ Yoast SEO plugin. -->","yoast_head_json":{"title":"Knock Pest Stechm\u00fcckenlampe 7 Watt - Food4animals","robots":{"index":"index","follow":"follow","max-snippet":"max-snippet:-1","max-image-preview":"max-image-preview:large","max-video-preview":"max-video-preview:-1"},"canonical":"https:\/\/www.food4animals.nl\/de\/produkt\/klopfpest-muckenlampe-7-watt\/","og_locale":"de_DE","og_type":"article","og_title":"Knock Pest Muggenlamp 7 Watt - Food4animals","og_description":"Vangt muggen uit alle richtingen (360\u00b0).\u00a0","og_url":"https:\/\/www.food4animals.nl\/de\/produkt\/klopfpest-muckenlampe-7-watt\/","og_site_name":"Food4animals","article_publisher":"https:\/\/www.facebook.com\/p\/Food4animals-100063861676074\/","article_modified_time":"2026-04-11T00:24:08+00:00","og_image":[{"width":1023,"height":1024,"url":"https:\/\/www.food4animals.nl\/wp-content\/uploads\/2025\/11\/KNOC00020.png","type":"image\/png"}],"twitter_card":"summary_large_image","twitter_site":"@food4animals","twitter_misc":{"Gesch\u00e4tzte Lesezeit":"1\u00a0Minute"},"schema":{"@context":"https:\/\/schema.org","@graph":[{"@type":"WebPage","@id":"https:\/\/www.food4animals.nl\/product\/knock-pest-muggenlamp-7-watt\/","url":"https:\/\/www.food4animals.nl\/product\/knock-pest-muggenlamp-7-watt\/","name":"Knock Pest Stechm\u00fcckenlampe 7 Watt - Food4animals","isPartOf":{"@id":"https:\/\/www.food4animals.nl\/en\/#website"},"primaryImageOfPage":{"@id":"https:\/\/www.food4animals.nl\/product\/knock-pest-muggenlamp-7-watt\/#primaryimage"},"image":{"@id":"https:\/\/www.food4animals.nl\/product\/knock-pest-muggenlamp-7-watt\/#primaryimage"},"thumbnailUrl":"https:\/\/www.food4animals.nl\/wp-content\/uploads\/2025\/11\/KNOC00020.png","datePublished":"2023-12-13T10:36:13+00:00","dateModified":"2026-04-11T00:24:08+00:00","breadcrumb":{"@id":"https:\/\/www.food4animals.nl\/product\/knock-pest-muggenlamp-7-watt\/#breadcrumb"},"inLanguage":"de","potentialAction":[{"@type":"ReadAction","target":["https:\/\/www.food4animals.nl\/product\/knock-pest-muggenlamp-7-watt\/"]}]},{"@type":"ImageObject","inLanguage":"de","@id":"https:\/\/www.food4animals.nl\/product\/knock-pest-muggenlamp-7-watt\/#primaryimage","url":"https:\/\/www.food4animals.nl\/wp-content\/uploads\/2025\/11\/KNOC00020.png","contentUrl":"https:\/\/www.food4animals.nl\/wp-content\/uploads\/2025\/11\/KNOC00020.png","width":1023,"height":1024},{"@type":"BreadcrumbList","@id":"https:\/\/www.food4animals.nl\/product\/knock-pest-muggenlamp-7-watt\/#breadcrumb","itemListElement":[{"@type":"ListItem","position":1,"name":"Home","item":"https:\/\/www.food4animals.nl\/"},{"@type":"ListItem","position":2,"name":"Winkel","item":"https:\/\/www.food4animals.nl\/winkel\/"},{"@type":"ListItem","position":3,"name":"Knock Pest Muggenlamp 7 Watt"}]},{"@type":"WebSite","@id":"https:\/\/www.food4animals.nl\/en\/#website","url":"https:\/\/www.food4animals.nl\/en\/","name":"Lebensmittel4Tiere","description":"Alles f\u00fcr Reiter und Tier","publisher":{"@id":"https:\/\/www.food4animals.nl\/en\/#organization"},"potentialAction":[{"@type":"SearchAction","target":{"@type":"EntryPoint","urlTemplate":"https:\/\/www.food4animals.nl\/en\/?s={search_term_string}"},"query-input":{"@type":"PropertyValueSpecification","valueRequired":true,"valueName":"search_term_string"}}],"inLanguage":"de"},{"@type":"Organization","@id":"https:\/\/www.food4animals.nl\/en\/#organization","name":"Lebensmittel4Tiere","url":"https:\/\/www.food4animals.nl\/en\/","logo":{"@type":"ImageObject","inLanguage":"de","@id":"https:\/\/www.food4animals.nl\/en\/#\/schema\/logo\/image\/","url":"https:\/\/www.food4animals.nl\/wp-content\/uploads\/2023\/10\/Logo.svg","contentUrl":"https:\/\/www.food4animals.nl\/wp-content\/uploads\/2023\/10\/Logo.svg","width":1,"height":1,"caption":"Food4animals"},"image":{"@id":"https:\/\/www.food4animals.nl\/en\/#\/schema\/logo\/image\/"},"sameAs":["https:\/\/www.facebook.com\/p\/Food4animals-100063861676074\/","https:\/\/x.com\/food4animals"]}]}},"_links":{"self":[{"href":"https:\/\/www.food4animals.nl\/de\/wp-json\/wp\/v2\/product\/10988","targetHints":{"allow":["GET"]}}],"collection":[{"href":"https:\/\/www.food4animals.nl\/de\/wp-json\/wp\/v2\/product"}],"about":[{"href":"https:\/\/www.food4animals.nl\/de\/wp-json\/wp\/v2\/types\/product"}],"wp:featuredmedia":[{"embeddable":true,"href":"https:\/\/www.food4animals.nl\/de\/wp-json\/wp\/v2\/media\/37051"}],"wp:attachment":[{"href":"https:\/\/www.food4animals.nl\/de\/wp-json\/wp\/v2\/media?parent=10988"}],"wp:term":[{"taxonomy":"product_brand","embeddable":true,"href":"https:\/\/www.food4animals.nl\/de\/wp-json\/wp\/v2\/product_brand?post=10988"},{"taxonomy":"product_cat","embeddable":true,"href":"https:\/\/www.food4animals.nl\/de\/wp-json\/wp\/v2\/product_cat?post=10988"},{"taxonomy":"product_tag","embeddable":true,"href":"https:\/\/www.food4animals.nl\/de\/wp-json\/wp\/v2\/product_tag?post=10988"}],"curies":[{"name":"wp","href":"https:\/\/api.w.org\/{rel}","templated":true}]}}