{"id":11079,"date":"2023-12-13T10:40:16","date_gmt":"2023-12-13T10:40:16","guid":{"rendered":"https:\/\/food4animals.nl\/product\/knock-pest-stay-away-mol-en-woelrat\/"},"modified":"2026-02-11T02:22:44","modified_gmt":"2026-02-11T01:22:44","slug":"knock-pest-stay-away-mol-en-woelrat","status":"publish","type":"product","link":"https:\/\/www.food4animals.nl\/de\/produkt\/knock-pest-stay-away-mol-en-woelrat\/","title":{"rendered":"Sch\u00e4dlinge abwehren Maulw\u00fcrfe und W\u00fchlm\u00e4use"},"content":{"rendered":"<p><span style=\"font-size: 10pt;\">Op een natuurlijke manier ongedierte verjagen wordt steeds populairder! Met de Stay Away lijn van Knock Pest is er definitief een doorbraak op dit gebied. Knock Pest Stay Away Mol\/Woelrat verjaagt mollen en woelratten op vriendelijke wijze met zeer effectief resultaat. Kant-en-klaar product om direct in de gangen toe te passen.<\/span><\/p>\n<p><span style=\"font-size: 10pt;\">De biologische vloeistof bestaat uit gedistilleerd water, etherische oli\u00ebn en een emulgator en is vermengd met een kokosgranulaat. Het product geeft een brandlucht af waardoor de mollen en woelratten worden verdreven.<\/span><\/p>\n<ul>\n<li><span style=\"font-size: 10pt;\">3 maanden werkzaam.<\/span><\/li>\n<li><span style=\"font-size: 10pt;\">100% natuurlijk!<\/span><\/li>\n<li><span style=\"font-size: 10pt;\">Onschadelijk voor mens en dier.<\/span><\/li>\n<li><span style=\"font-size: 10pt;\">Onschadelijk voor het milieu.<\/span><\/li>\n<\/ul>\n<p><span style=\"font-size: 10pt;\"><strong>Gebrauchsanweisung:<br \/><\/strong>Durchsuche die G\u00e4nge mit einem Stock. \u00d6ffnen Sie den Korridor und streuen Sie ein paar Kokosnussgranulatst\u00fccke in den Korridor. Decken Sie den Korridor ab, aber achten Sie darauf, dass er nicht einst\u00fcrzt.<\/span><\/p>\n<p><span style=\"font-size: 10pt;\"><strong>Perfect in te zetten op de volgende plaatsen:<br \/><\/strong><\/span><span style=\"font-size: 10pt;\">Rasen, (Gem\u00fcse-)Garten, Wiese und Fu\u00dfballpl\u00e4tze.<\/span><\/p>\n<p><span style=\"font-size: 10pt;\"><strong>Dosierung:<br \/><\/strong><\/span><span style=\"font-size: 10pt;\">Paar brokken kokos per 1- 2 meter in de gangen plaatsen.<\/span><\/p>\n<p><span style=\"font-size: 10pt;\"><strong>Inhalt:<br \/><\/strong><\/span><span style=\"font-size: 10pt;\">1,1 liter<\/span><\/p>","protected":false},"excerpt":{"rendered":"<p>Verjaag nu mollen en woelratten effectief op een natuurlijke manier!<\/p>","protected":false},"featured_media":37078,"template":"","meta":{"_acf_changed":false},"product_brand":[],"product_cat":[1196,1294],"product_tag":[2484,2483,2482],"class_list":{"0":"post-11079","1":"product","2":"type-product","3":"status-publish","4":"has-post-thumbnail","6":"product_cat-ongedierte","7":"product_cat-rat","8":"product_tag-knock-pest_stayaway","9":"product_tag-stay-away","10":"product_tag-stay_away","12":"first","13":"outofstock","14":"taxable","15":"shipping-taxable","16":"purchasable","17":"product-type-simple"},"acf":[],"yoast_head":"<!-- This site is optimized with the Yoast SEO plugin v27.4 - https:\/\/yoast.com\/product\/yoast-seo-wordpress\/ -->\n<title>Knock Pest Stay Away Mol en Woelrat - Food4animals<\/title>\n<meta name=\"robots\" content=\"index, follow, max-snippet:-1, max-image-preview:large, max-video-preview:-1\" \/>\n<link rel=\"canonical\" href=\"https:\/\/www.food4animals.nl\/de\/produkt\/knock-pest-stay-away-mol-en-woelrat\/\" \/>\n<meta property=\"og:locale\" content=\"de_DE\" \/>\n<meta property=\"og:type\" content=\"article\" \/>\n<meta property=\"og:title\" content=\"Knock Pest Stay Away Mol en Woelrat - Food4animals\" \/>\n<meta property=\"og:description\" content=\"Verjaag nu mollen en woelratten effectief op een natuurlijke manier!\" \/>\n<meta property=\"og:url\" content=\"https:\/\/www.food4animals.nl\/de\/produkt\/knock-pest-stay-away-mol-en-woelrat\/\" \/>\n<meta property=\"og:site_name\" content=\"Food4animals\" \/>\n<meta property=\"article:publisher\" content=\"https:\/\/www.facebook.com\/p\/Food4animals-100063861676074\/\" \/>\n<meta property=\"article:modified_time\" content=\"2026-02-11T01:22:44+00:00\" \/>\n<meta property=\"og:image\" content=\"https:\/\/www.food4animals.nl\/wp-content\/uploads\/2025\/11\/KNOC00035H.png\" \/>\n\t<meta property=\"og:image:width\" content=\"1024\" \/>\n\t<meta property=\"og:image:height\" content=\"1024\" \/>\n\t<meta property=\"og:image:type\" content=\"image\/png\" \/>\n<meta name=\"twitter:card\" content=\"summary_large_image\" \/>\n<meta name=\"twitter:site\" content=\"@food4animals\" \/>\n<meta name=\"twitter:label1\" content=\"Gesch\u00e4tzte Lesezeit\" \/>\n\t<meta name=\"twitter:data1\" content=\"1\u00a0Minute\" \/>\n<script type=\"application\/ld+json\" class=\"yoast-schema-graph\">{\"@context\":\"https:\\\/\\\/schema.org\",\"@graph\":[{\"@type\":\"WebPage\",\"@id\":\"https:\\\/\\\/www.food4animals.nl\\\/product\\\/knock-pest-stay-away-mol-en-woelrat\\\/\",\"url\":\"https:\\\/\\\/www.food4animals.nl\\\/product\\\/knock-pest-stay-away-mol-en-woelrat\\\/\",\"name\":\"Knock Pest Stay Away Mol en Woelrat - Food4animals\",\"isPartOf\":{\"@id\":\"https:\\\/\\\/www.food4animals.nl\\\/en\\\/#website\"},\"primaryImageOfPage\":{\"@id\":\"https:\\\/\\\/www.food4animals.nl\\\/product\\\/knock-pest-stay-away-mol-en-woelrat\\\/#primaryimage\"},\"image\":{\"@id\":\"https:\\\/\\\/www.food4animals.nl\\\/product\\\/knock-pest-stay-away-mol-en-woelrat\\\/#primaryimage\"},\"thumbnailUrl\":\"https:\\\/\\\/www.food4animals.nl\\\/wp-content\\\/uploads\\\/2025\\\/11\\\/KNOC00035H.png\",\"datePublished\":\"2023-12-13T10:40:16+00:00\",\"dateModified\":\"2026-02-11T01:22:44+00:00\",\"breadcrumb\":{\"@id\":\"https:\\\/\\\/www.food4animals.nl\\\/product\\\/knock-pest-stay-away-mol-en-woelrat\\\/#breadcrumb\"},\"inLanguage\":\"de\",\"potentialAction\":[{\"@type\":\"ReadAction\",\"target\":[\"https:\\\/\\\/www.food4animals.nl\\\/product\\\/knock-pest-stay-away-mol-en-woelrat\\\/\"]}]},{\"@type\":\"ImageObject\",\"inLanguage\":\"de\",\"@id\":\"https:\\\/\\\/www.food4animals.nl\\\/product\\\/knock-pest-stay-away-mol-en-woelrat\\\/#primaryimage\",\"url\":\"https:\\\/\\\/www.food4animals.nl\\\/wp-content\\\/uploads\\\/2025\\\/11\\\/KNOC00035H.png\",\"contentUrl\":\"https:\\\/\\\/www.food4animals.nl\\\/wp-content\\\/uploads\\\/2025\\\/11\\\/KNOC00035H.png\",\"width\":1024,\"height\":1024},{\"@type\":\"BreadcrumbList\",\"@id\":\"https:\\\/\\\/www.food4animals.nl\\\/product\\\/knock-pest-stay-away-mol-en-woelrat\\\/#breadcrumb\",\"itemListElement\":[{\"@type\":\"ListItem\",\"position\":1,\"name\":\"Home\",\"item\":\"https:\\\/\\\/www.food4animals.nl\\\/\"},{\"@type\":\"ListItem\",\"position\":2,\"name\":\"Winkel\",\"item\":\"https:\\\/\\\/www.food4animals.nl\\\/winkel\\\/\"},{\"@type\":\"ListItem\",\"position\":3,\"name\":\"Knock Pest Stay Away Mol en Woelrat\"}]},{\"@type\":\"WebSite\",\"@id\":\"https:\\\/\\\/www.food4animals.nl\\\/en\\\/#website\",\"url\":\"https:\\\/\\\/www.food4animals.nl\\\/en\\\/\",\"name\":\"Food4animals\",\"description\":\"Alles voor Ruiter en Dier\",\"publisher\":{\"@id\":\"https:\\\/\\\/www.food4animals.nl\\\/en\\\/#organization\"},\"potentialAction\":[{\"@type\":\"SearchAction\",\"target\":{\"@type\":\"EntryPoint\",\"urlTemplate\":\"https:\\\/\\\/www.food4animals.nl\\\/en\\\/?s={search_term_string}\"},\"query-input\":{\"@type\":\"PropertyValueSpecification\",\"valueRequired\":true,\"valueName\":\"search_term_string\"}}],\"inLanguage\":\"de\"},{\"@type\":\"Organization\",\"@id\":\"https:\\\/\\\/www.food4animals.nl\\\/en\\\/#organization\",\"name\":\"Food4animals\",\"url\":\"https:\\\/\\\/www.food4animals.nl\\\/en\\\/\",\"logo\":{\"@type\":\"ImageObject\",\"inLanguage\":\"de\",\"@id\":\"https:\\\/\\\/www.food4animals.nl\\\/en\\\/#\\\/schema\\\/logo\\\/image\\\/\",\"url\":\"https:\\\/\\\/www.food4animals.nl\\\/wp-content\\\/uploads\\\/2023\\\/10\\\/Logo.svg\",\"contentUrl\":\"https:\\\/\\\/www.food4animals.nl\\\/wp-content\\\/uploads\\\/2023\\\/10\\\/Logo.svg\",\"width\":1,\"height\":1,\"caption\":\"Food4animals\"},\"image\":{\"@id\":\"https:\\\/\\\/www.food4animals.nl\\\/en\\\/#\\\/schema\\\/logo\\\/image\\\/\"},\"sameAs\":[\"https:\\\/\\\/www.facebook.com\\\/p\\\/Food4animals-100063861676074\\\/\",\"https:\\\/\\\/x.com\\\/food4animals\"]}]}<\/script>\n<!-- \/ Yoast SEO plugin. -->","yoast_head_json":{"title":"Knock Pest Stay Away Mol en Woelrat - Food4animals","robots":{"index":"index","follow":"follow","max-snippet":"max-snippet:-1","max-image-preview":"max-image-preview:large","max-video-preview":"max-video-preview:-1"},"canonical":"https:\/\/www.food4animals.nl\/de\/produkt\/knock-pest-stay-away-mol-en-woelrat\/","og_locale":"de_DE","og_type":"article","og_title":"Knock Pest Stay Away Mol en Woelrat - Food4animals","og_description":"Verjaag nu mollen en woelratten effectief op een natuurlijke manier!","og_url":"https:\/\/www.food4animals.nl\/de\/produkt\/knock-pest-stay-away-mol-en-woelrat\/","og_site_name":"Food4animals","article_publisher":"https:\/\/www.facebook.com\/p\/Food4animals-100063861676074\/","article_modified_time":"2026-02-11T01:22:44+00:00","og_image":[{"width":1024,"height":1024,"url":"https:\/\/www.food4animals.nl\/wp-content\/uploads\/2025\/11\/KNOC00035H.png","type":"image\/png"}],"twitter_card":"summary_large_image","twitter_site":"@food4animals","twitter_misc":{"Gesch\u00e4tzte Lesezeit":"1\u00a0Minute"},"schema":{"@context":"https:\/\/schema.org","@graph":[{"@type":"WebPage","@id":"https:\/\/www.food4animals.nl\/product\/knock-pest-stay-away-mol-en-woelrat\/","url":"https:\/\/www.food4animals.nl\/product\/knock-pest-stay-away-mol-en-woelrat\/","name":"Knock Pest Stay Away Mol en Woelrat - Food4animals","isPartOf":{"@id":"https:\/\/www.food4animals.nl\/en\/#website"},"primaryImageOfPage":{"@id":"https:\/\/www.food4animals.nl\/product\/knock-pest-stay-away-mol-en-woelrat\/#primaryimage"},"image":{"@id":"https:\/\/www.food4animals.nl\/product\/knock-pest-stay-away-mol-en-woelrat\/#primaryimage"},"thumbnailUrl":"https:\/\/www.food4animals.nl\/wp-content\/uploads\/2025\/11\/KNOC00035H.png","datePublished":"2023-12-13T10:40:16+00:00","dateModified":"2026-02-11T01:22:44+00:00","breadcrumb":{"@id":"https:\/\/www.food4animals.nl\/product\/knock-pest-stay-away-mol-en-woelrat\/#breadcrumb"},"inLanguage":"de","potentialAction":[{"@type":"ReadAction","target":["https:\/\/www.food4animals.nl\/product\/knock-pest-stay-away-mol-en-woelrat\/"]}]},{"@type":"ImageObject","inLanguage":"de","@id":"https:\/\/www.food4animals.nl\/product\/knock-pest-stay-away-mol-en-woelrat\/#primaryimage","url":"https:\/\/www.food4animals.nl\/wp-content\/uploads\/2025\/11\/KNOC00035H.png","contentUrl":"https:\/\/www.food4animals.nl\/wp-content\/uploads\/2025\/11\/KNOC00035H.png","width":1024,"height":1024},{"@type":"BreadcrumbList","@id":"https:\/\/www.food4animals.nl\/product\/knock-pest-stay-away-mol-en-woelrat\/#breadcrumb","itemListElement":[{"@type":"ListItem","position":1,"name":"Home","item":"https:\/\/www.food4animals.nl\/"},{"@type":"ListItem","position":2,"name":"Winkel","item":"https:\/\/www.food4animals.nl\/winkel\/"},{"@type":"ListItem","position":3,"name":"Knock Pest Stay Away Mol en Woelrat"}]},{"@type":"WebSite","@id":"https:\/\/www.food4animals.nl\/en\/#website","url":"https:\/\/www.food4animals.nl\/en\/","name":"Lebensmittel4Tiere","description":"Alles f\u00fcr Reiter und Tier","publisher":{"@id":"https:\/\/www.food4animals.nl\/en\/#organization"},"potentialAction":[{"@type":"SearchAction","target":{"@type":"EntryPoint","urlTemplate":"https:\/\/www.food4animals.nl\/en\/?s={search_term_string}"},"query-input":{"@type":"PropertyValueSpecification","valueRequired":true,"valueName":"search_term_string"}}],"inLanguage":"de"},{"@type":"Organization","@id":"https:\/\/www.food4animals.nl\/en\/#organization","name":"Lebensmittel4Tiere","url":"https:\/\/www.food4animals.nl\/en\/","logo":{"@type":"ImageObject","inLanguage":"de","@id":"https:\/\/www.food4animals.nl\/en\/#\/schema\/logo\/image\/","url":"https:\/\/www.food4animals.nl\/wp-content\/uploads\/2023\/10\/Logo.svg","contentUrl":"https:\/\/www.food4animals.nl\/wp-content\/uploads\/2023\/10\/Logo.svg","width":1,"height":1,"caption":"Food4animals"},"image":{"@id":"https:\/\/www.food4animals.nl\/en\/#\/schema\/logo\/image\/"},"sameAs":["https:\/\/www.facebook.com\/p\/Food4animals-100063861676074\/","https:\/\/x.com\/food4animals"]}]}},"_links":{"self":[{"href":"https:\/\/www.food4animals.nl\/de\/wp-json\/wp\/v2\/product\/11079","targetHints":{"allow":["GET"]}}],"collection":[{"href":"https:\/\/www.food4animals.nl\/de\/wp-json\/wp\/v2\/product"}],"about":[{"href":"https:\/\/www.food4animals.nl\/de\/wp-json\/wp\/v2\/types\/product"}],"wp:featuredmedia":[{"embeddable":true,"href":"https:\/\/www.food4animals.nl\/de\/wp-json\/wp\/v2\/media\/37078"}],"wp:attachment":[{"href":"https:\/\/www.food4animals.nl\/de\/wp-json\/wp\/v2\/media?parent=11079"}],"wp:term":[{"taxonomy":"product_brand","embeddable":true,"href":"https:\/\/www.food4animals.nl\/de\/wp-json\/wp\/v2\/product_brand?post=11079"},{"taxonomy":"product_cat","embeddable":true,"href":"https:\/\/www.food4animals.nl\/de\/wp-json\/wp\/v2\/product_cat?post=11079"},{"taxonomy":"product_tag","embeddable":true,"href":"https:\/\/www.food4animals.nl\/de\/wp-json\/wp\/v2\/product_tag?post=11079"}],"curies":[{"name":"wp","href":"https:\/\/api.w.org\/{rel}","templated":true}]}}