{"id":11147,"date":"2023-12-13T10:43:52","date_gmt":"2023-12-13T10:43:52","guid":{"rendered":"https:\/\/food4animals.nl\/product\/knock-pest-vlooien-tekenband-35-cm-kat-nlfr\/"},"modified":"2026-04-13T01:28:54","modified_gmt":"2026-04-13T00:28:54","slug":"knock-pest-floh-zecken-kragen-35-cm-katze-nlfr","status":"publish","type":"product","link":"https:\/\/www.food4animals.nl\/de\/produkt\/knock-pest-floh-zecken-kragen-35-cm-katze-nlfr\/","title":{"rendered":"Knock Pest Floh-Zecken-Halsband 35 cm Katze NL+FR"},"content":{"rendered":"<h2><span style=\"font-size: 10pt;\"><span style=\"color: #ff0000;\">Achtung! Bitte bestellen Sie die richtige Version. Sie k\u00f6nnen zwischen 2 verschiedenen Sprachen auf dem Etikett w\u00e4hlen:\u00a0<\/span><strong><span style=\"color: #ff0000;\"><br \/><\/span><span style=\"color: #000000; font-size: 10pt;\">KNOC00116D: auf Niederl\u00e4ndisch und Franz\u00f6sisch<br \/>KNOC00116DE: in Deutsch und Englisch<\/span><\/strong><\/span><\/h2>\n<h2><span style=\"color: #ff0000; font-size: 12pt;\"><br \/><\/span><span style=\"font-size: 12pt; color: #333333;\"><strong>Floh- und Zeckenhalsband zum Schutz von Katzen<\/strong><\/span><\/h2>\n<p><span style=\"font-size: 10pt;\">Dieses Floh-\/Zeckenhalsband f\u00fcr Katzen ist <strong><span style=\"color: #339966;\">100% toxinfrei,<\/span><\/strong> wirkt bis zu 4 Monate, ist regenfest und hat eine physikalische Wirkung auf sogenannte Ektoparasiten. Es macht die Parasiten unbeweglich und trocknet sie aus. Dieses Band enth\u00e4lt keine Insektizide und ist daher f\u00fcr Mensch und Tier sicher. Um beste Ergebnisse zu erzielen, wird empfohlen, das Flohhalsband dauerhaft zu tragen, damit das Fell ausreichend Wirkstoff enth\u00e4lt.<\/span><\/p>\n<ul style=\"list-style-type: disc;\">\n<li><strong><span style=\"font-size: 10pt; color: #339966;\">100% toxinfrei<\/span><\/strong><\/li>\n<li><span style=\"font-size: 10pt;\">Regen- und wasserfest<\/span><\/li>\n<li><span style=\"font-size: 10pt;\">Unsch\u00e4dlich f\u00fcr Menschen, Tiere und die Umwelt<\/span><\/li>\n<li><span style=\"font-size: 10pt;\">Wirksam f\u00fcr bis zu 4 Monate\u00a0<\/span><\/li>\n<li><span style=\"font-size: 10pt;\">Geeignet f\u00fcr Katzen und K\u00e4tzchen ab einem Alter von 12 Wochen und einem Gewicht von \u00fcber 1 kg<br \/><\/span><\/li>\n<li><span style=\"font-size: 10pt;\">Bienenfreundlich\u00a0<\/span><\/li>\n<\/ul>\n<p><span style=\"font-size: 10pt;\"><img loading=\"lazy\" decoding=\"async\" class=\"preview\" style=\"max-width: 100%;\" src=\"\/imagestream\/stream\/268963\/KATTTT-knock-vlooienband-2-.gif\" alt=\"\" width=\"309\" height=\"285\" \/><\/span><\/p>\n<p><span style=\"font-size: 10pt;\"><strong>Wirkstoff<br \/><\/strong><5% dimethicone copolyol<\/span><\/p>\n<h2><span style=\"color: #333333;\"><strong>Wussten Sie schon? Tipp!<\/strong><\/span><\/h2>\n<p><span style=\"font-size: 10pt;\">Wenn Sie das Band zuschneiden und ein St\u00fcck \u00fcbrig bleibt, werfen Sie es nicht sofort weg, sondern saugen Sie es mit dem Staubsauger auf. Auf diese Weise bleibt das Produkt auch im Staubsaugerbeutel funktionsf\u00e4hig.<\/span><\/p>\n<h2><span style=\"color: #333333;\"><strong>Flohhalsb\u00e4nder Hund<\/strong><\/span><\/h2>\n<p><span style=\"font-size: 10pt;\">NOC00116E - <a href=\"\/de\/19298-knock-pest-vlooienteken-band-35cm-hond-nlfr\/\" target=\"_blank\" rel=\"noopener\">Flohhalsband f\u00fcr kleine Hunde 35 cm<\/a>| Niederl\u00e4ndisch- und Franz\u00f6sischsprachig<\/span><br \/><span style=\"font-size: 10pt;\">KNOC00116F - <a href=\"\/de\/19407-knock-pest-vlooienteken-band-35-cm-hond-degb\/\" target=\"_blank\" rel=\"noopener\">Flohhalsband f\u00fcr kleine Hunde 35 cm<\/a> | Deutsch und Englisch<\/span><\/p>\n<p><span style=\"font-size: 10pt;\">KNOC00116G - <a href=\"\/de\/19297-knock-pest-vlooienteken-band-60-cm-hond-nlfr\/\" target=\"_blank\" rel=\"noopener\">Hund Flohhalsband 60 cm<\/a> | Niederl\u00e4ndisch- und Franz\u00f6sischsprachig<\/span><br \/><span style=\"font-size: 10pt;\">KNOC00116GE - <a href=\"\/de\/19409-knock-pest-vlooienteken-band-60-cm-hond-degb\/\" target=\"_blank\" rel=\"noopener\">Hund Flohhalsband 60 cm<\/a> | Deutsch und Englisch<\/span><\/p>\n<p>\u00a0<\/p>","protected":false},"excerpt":{"rendered":"<p>Insektizidfreies Flohhalsband f\u00fcr Katzen.<\/p>","protected":false},"featured_media":37143,"template":"","meta":{"_acf_changed":false},"product_brand":[],"product_cat":[863,1154],"product_tag":[2479,842,2423,2497,2496,2495,1158,2493],"class_list":{"0":"post-11147","1":"product","2":"type-product","3":"status-publish","4":"has-post-thumbnail","6":"product_cat-kat","7":"product_cat-vlooien-en-teken-kat","8":"product_tag-anti-vlooien","9":"product_tag-kat","10":"product_tag-knock-pest","11":"product_tag-knock-pest-vlooien","12":"product_tag-knock-pest-vlooienband","13":"product_tag-ko_vlooienband","14":"product_tag-vlo","15":"product_tag-vlooienband","16":"tax_brand-knock-pest","18":"first","19":"instock","20":"taxable","21":"shipping-taxable","22":"purchasable","23":"product-type-simple"},"acf":[],"yoast_head":"<!-- This site is optimized with the Yoast SEO plugin v27.2 - https:\/\/yoast.com\/product\/yoast-seo-wordpress\/ -->\n<title>Knock Pest vlooien-tekenband 35 cm Kat NL+FR - Food4animals<\/title>\n<meta name=\"robots\" content=\"index, follow, max-snippet:-1, max-image-preview:large, max-video-preview:-1\" \/>\n<link rel=\"canonical\" href=\"https:\/\/www.food4animals.nl\/de\/produkt\/knock-pest-floh-zecken-kragen-35-cm-katze-nlfr\/\" \/>\n<meta property=\"og:locale\" content=\"de_DE\" \/>\n<meta property=\"og:type\" content=\"article\" \/>\n<meta property=\"og:title\" content=\"Knock Pest vlooien-tekenband 35 cm Kat NL+FR - Food4animals\" \/>\n<meta property=\"og:description\" content=\"Vlooienband zonder insecticiden voor kat.\" \/>\n<meta property=\"og:url\" content=\"https:\/\/www.food4animals.nl\/de\/produkt\/knock-pest-floh-zecken-kragen-35-cm-katze-nlfr\/\" \/>\n<meta property=\"og:site_name\" content=\"Food4animals\" \/>\n<meta property=\"article:publisher\" content=\"https:\/\/www.facebook.com\/p\/Food4animals-100063861676074\/\" \/>\n<meta property=\"article:modified_time\" content=\"2026-04-13T00:28:54+00:00\" \/>\n<meta property=\"og:image\" content=\"https:\/\/www.food4animals.nl\/wp-content\/uploads\/2025\/11\/KNOC00116D.png\" \/>\n\t<meta property=\"og:image:width\" content=\"1024\" \/>\n\t<meta property=\"og:image:height\" content=\"1024\" \/>\n\t<meta property=\"og:image:type\" content=\"image\/png\" \/>\n<meta name=\"twitter:card\" content=\"summary_large_image\" \/>\n<meta name=\"twitter:site\" content=\"@food4animals\" \/>\n<meta name=\"twitter:label1\" content=\"Gesch\u00e4tzte Lesezeit\" \/>\n\t<meta name=\"twitter:data1\" content=\"1\u00a0Minute\" \/>\n<script type=\"application\/ld+json\" class=\"yoast-schema-graph\">{\"@context\":\"https:\/\/schema.org\",\"@graph\":[{\"@type\":\"WebPage\",\"@id\":\"https:\/\/www.food4animals.nl\/product\/knock-pest-vlooien-tekenband-35-cm-kat-nlfr\/\",\"url\":\"https:\/\/www.food4animals.nl\/product\/knock-pest-vlooien-tekenband-35-cm-kat-nlfr\/\",\"name\":\"Knock Pest vlooien-tekenband 35 cm Kat NL+FR - Food4animals\",\"isPartOf\":{\"@id\":\"https:\/\/www.food4animals.nl\/en\/#website\"},\"primaryImageOfPage\":{\"@id\":\"https:\/\/www.food4animals.nl\/product\/knock-pest-vlooien-tekenband-35-cm-kat-nlfr\/#primaryimage\"},\"image\":{\"@id\":\"https:\/\/www.food4animals.nl\/product\/knock-pest-vlooien-tekenband-35-cm-kat-nlfr\/#primaryimage\"},\"thumbnailUrl\":\"https:\/\/www.food4animals.nl\/wp-content\/uploads\/2025\/11\/KNOC00116D.png\",\"datePublished\":\"2023-12-13T10:43:52+00:00\",\"dateModified\":\"2026-04-13T00:28:54+00:00\",\"breadcrumb\":{\"@id\":\"https:\/\/www.food4animals.nl\/product\/knock-pest-vlooien-tekenband-35-cm-kat-nlfr\/#breadcrumb\"},\"inLanguage\":\"de\",\"potentialAction\":[{\"@type\":\"ReadAction\",\"target\":[\"https:\/\/www.food4animals.nl\/product\/knock-pest-vlooien-tekenband-35-cm-kat-nlfr\/\"]}]},{\"@type\":\"ImageObject\",\"inLanguage\":\"de\",\"@id\":\"https:\/\/www.food4animals.nl\/product\/knock-pest-vlooien-tekenband-35-cm-kat-nlfr\/#primaryimage\",\"url\":\"https:\/\/www.food4animals.nl\/wp-content\/uploads\/2025\/11\/KNOC00116D.png\",\"contentUrl\":\"https:\/\/www.food4animals.nl\/wp-content\/uploads\/2025\/11\/KNOC00116D.png\",\"width\":1024,\"height\":1024},{\"@type\":\"BreadcrumbList\",\"@id\":\"https:\/\/www.food4animals.nl\/product\/knock-pest-vlooien-tekenband-35-cm-kat-nlfr\/#breadcrumb\",\"itemListElement\":[{\"@type\":\"ListItem\",\"position\":1,\"name\":\"Home\",\"item\":\"https:\/\/www.food4animals.nl\/\"},{\"@type\":\"ListItem\",\"position\":2,\"name\":\"Winkel\",\"item\":\"https:\/\/www.food4animals.nl\/winkel\/\"},{\"@type\":\"ListItem\",\"position\":3,\"name\":\"Knock Pest vlooien-tekenband 35 cm Kat NL+FR\"}]},{\"@type\":\"WebSite\",\"@id\":\"https:\/\/www.food4animals.nl\/en\/#website\",\"url\":\"https:\/\/www.food4animals.nl\/en\/\",\"name\":\"Food4animals\",\"description\":\"Alles voor Ruiter en Dier\",\"publisher\":{\"@id\":\"https:\/\/www.food4animals.nl\/en\/#organization\"},\"potentialAction\":[{\"@type\":\"SearchAction\",\"target\":{\"@type\":\"EntryPoint\",\"urlTemplate\":\"https:\/\/www.food4animals.nl\/en\/?s={search_term_string}\"},\"query-input\":{\"@type\":\"PropertyValueSpecification\",\"valueRequired\":true,\"valueName\":\"search_term_string\"}}],\"inLanguage\":\"de\"},{\"@type\":\"Organization\",\"@id\":\"https:\/\/www.food4animals.nl\/en\/#organization\",\"name\":\"Food4animals\",\"url\":\"https:\/\/www.food4animals.nl\/en\/\",\"logo\":{\"@type\":\"ImageObject\",\"inLanguage\":\"de\",\"@id\":\"https:\/\/www.food4animals.nl\/en\/#\/schema\/logo\/image\/\",\"url\":\"https:\/\/www.food4animals.nl\/wp-content\/uploads\/2023\/10\/Logo.svg\",\"contentUrl\":\"https:\/\/www.food4animals.nl\/wp-content\/uploads\/2023\/10\/Logo.svg\",\"width\":1,\"height\":1,\"caption\":\"Food4animals\"},\"image\":{\"@id\":\"https:\/\/www.food4animals.nl\/en\/#\/schema\/logo\/image\/\"},\"sameAs\":[\"https:\/\/www.facebook.com\/p\/Food4animals-100063861676074\/\",\"https:\/\/x.com\/food4animals\"]}]}<\/script>\n<!-- \/ Yoast SEO plugin. -->","yoast_head_json":{"title":"Knock Pest Floh-Zecken-Halsband 35 cm Katze NL+FR - Food4animals","robots":{"index":"index","follow":"follow","max-snippet":"max-snippet:-1","max-image-preview":"max-image-preview:large","max-video-preview":"max-video-preview:-1"},"canonical":"https:\/\/www.food4animals.nl\/de\/produkt\/knock-pest-floh-zecken-kragen-35-cm-katze-nlfr\/","og_locale":"de_DE","og_type":"article","og_title":"Knock Pest vlooien-tekenband 35 cm Kat NL+FR - Food4animals","og_description":"Vlooienband zonder insecticiden voor kat.","og_url":"https:\/\/www.food4animals.nl\/de\/produkt\/knock-pest-floh-zecken-kragen-35-cm-katze-nlfr\/","og_site_name":"Food4animals","article_publisher":"https:\/\/www.facebook.com\/p\/Food4animals-100063861676074\/","article_modified_time":"2026-04-13T00:28:54+00:00","og_image":[{"width":1024,"height":1024,"url":"https:\/\/www.food4animals.nl\/wp-content\/uploads\/2025\/11\/KNOC00116D.png","type":"image\/png"}],"twitter_card":"summary_large_image","twitter_site":"@food4animals","twitter_misc":{"Gesch\u00e4tzte Lesezeit":"1\u00a0Minute"},"schema":{"@context":"https:\/\/schema.org","@graph":[{"@type":"WebPage","@id":"https:\/\/www.food4animals.nl\/product\/knock-pest-vlooien-tekenband-35-cm-kat-nlfr\/","url":"https:\/\/www.food4animals.nl\/product\/knock-pest-vlooien-tekenband-35-cm-kat-nlfr\/","name":"Knock Pest Floh-Zecken-Halsband 35 cm Katze NL+FR - Food4animals","isPartOf":{"@id":"https:\/\/www.food4animals.nl\/en\/#website"},"primaryImageOfPage":{"@id":"https:\/\/www.food4animals.nl\/product\/knock-pest-vlooien-tekenband-35-cm-kat-nlfr\/#primaryimage"},"image":{"@id":"https:\/\/www.food4animals.nl\/product\/knock-pest-vlooien-tekenband-35-cm-kat-nlfr\/#primaryimage"},"thumbnailUrl":"https:\/\/www.food4animals.nl\/wp-content\/uploads\/2025\/11\/KNOC00116D.png","datePublished":"2023-12-13T10:43:52+00:00","dateModified":"2026-04-13T00:28:54+00:00","breadcrumb":{"@id":"https:\/\/www.food4animals.nl\/product\/knock-pest-vlooien-tekenband-35-cm-kat-nlfr\/#breadcrumb"},"inLanguage":"de","potentialAction":[{"@type":"ReadAction","target":["https:\/\/www.food4animals.nl\/product\/knock-pest-vlooien-tekenband-35-cm-kat-nlfr\/"]}]},{"@type":"ImageObject","inLanguage":"de","@id":"https:\/\/www.food4animals.nl\/product\/knock-pest-vlooien-tekenband-35-cm-kat-nlfr\/#primaryimage","url":"https:\/\/www.food4animals.nl\/wp-content\/uploads\/2025\/11\/KNOC00116D.png","contentUrl":"https:\/\/www.food4animals.nl\/wp-content\/uploads\/2025\/11\/KNOC00116D.png","width":1024,"height":1024},{"@type":"BreadcrumbList","@id":"https:\/\/www.food4animals.nl\/product\/knock-pest-vlooien-tekenband-35-cm-kat-nlfr\/#breadcrumb","itemListElement":[{"@type":"ListItem","position":1,"name":"Home","item":"https:\/\/www.food4animals.nl\/"},{"@type":"ListItem","position":2,"name":"Winkel","item":"https:\/\/www.food4animals.nl\/winkel\/"},{"@type":"ListItem","position":3,"name":"Knock Pest vlooien-tekenband 35 cm Kat NL+FR"}]},{"@type":"WebSite","@id":"https:\/\/www.food4animals.nl\/en\/#website","url":"https:\/\/www.food4animals.nl\/en\/","name":"Lebensmittel4Tiere","description":"Alles f\u00fcr Reiter und Tier","publisher":{"@id":"https:\/\/www.food4animals.nl\/en\/#organization"},"potentialAction":[{"@type":"SearchAction","target":{"@type":"EntryPoint","urlTemplate":"https:\/\/www.food4animals.nl\/en\/?s={search_term_string}"},"query-input":{"@type":"PropertyValueSpecification","valueRequired":true,"valueName":"search_term_string"}}],"inLanguage":"de"},{"@type":"Organization","@id":"https:\/\/www.food4animals.nl\/en\/#organization","name":"Lebensmittel4Tiere","url":"https:\/\/www.food4animals.nl\/en\/","logo":{"@type":"ImageObject","inLanguage":"de","@id":"https:\/\/www.food4animals.nl\/en\/#\/schema\/logo\/image\/","url":"https:\/\/www.food4animals.nl\/wp-content\/uploads\/2023\/10\/Logo.svg","contentUrl":"https:\/\/www.food4animals.nl\/wp-content\/uploads\/2023\/10\/Logo.svg","width":1,"height":1,"caption":"Food4animals"},"image":{"@id":"https:\/\/www.food4animals.nl\/en\/#\/schema\/logo\/image\/"},"sameAs":["https:\/\/www.facebook.com\/p\/Food4animals-100063861676074\/","https:\/\/x.com\/food4animals"]}]}},"_links":{"self":[{"href":"https:\/\/www.food4animals.nl\/de\/wp-json\/wp\/v2\/product\/11147","targetHints":{"allow":["GET"]}}],"collection":[{"href":"https:\/\/www.food4animals.nl\/de\/wp-json\/wp\/v2\/product"}],"about":[{"href":"https:\/\/www.food4animals.nl\/de\/wp-json\/wp\/v2\/types\/product"}],"wp:featuredmedia":[{"embeddable":true,"href":"https:\/\/www.food4animals.nl\/de\/wp-json\/wp\/v2\/media\/37143"}],"wp:attachment":[{"href":"https:\/\/www.food4animals.nl\/de\/wp-json\/wp\/v2\/media?parent=11147"}],"wp:term":[{"taxonomy":"product_brand","embeddable":true,"href":"https:\/\/www.food4animals.nl\/de\/wp-json\/wp\/v2\/product_brand?post=11147"},{"taxonomy":"product_cat","embeddable":true,"href":"https:\/\/www.food4animals.nl\/de\/wp-json\/wp\/v2\/product_cat?post=11147"},{"taxonomy":"product_tag","embeddable":true,"href":"https:\/\/www.food4animals.nl\/de\/wp-json\/wp\/v2\/product_tag?post=11147"}],"curies":[{"name":"wp","href":"https:\/\/api.w.org\/{rel}","templated":true}]}}