{"id":11897,"date":"2023-12-13T11:32:42","date_gmt":"2023-12-13T11:32:42","guid":{"rendered":"https:\/\/food4animals.nl\/product\/kong-extreme-m-88-cm\/"},"modified":"2026-04-05T01:22:29","modified_gmt":"2026-04-05T00:22:29","slug":"kong-extreme-m-88-cm","status":"publish","type":"product","link":"https:\/\/www.food4animals.nl\/de\/produkt\/kong-extreme-m-88-cm\/","title":{"rendered":"KONG Extreme M 8,8 cm"},"content":{"rendered":"<p><span style=\"font-size: 10pt;\"><strong>KONG Extrem<\/strong><\/span><br \/><span style=\"font-size: 10pt;\">De meest onverslijtbare versie van ons originele KONG speeltje. De ultrasterke, ultra-onverslijtbare, zwarte rubberen samenstelling wordt aanbevolen voor de allersterkste kauwers.<\/span><br \/><span style=\"font-size: 10pt;\">\u00a0<\/span><br \/><span style=\"font-size: 10pt;\">\u2022 Perfect om te vullen met traktaties van KONG<\/span><br \/><span style=\"font-size: 10pt;\">\u2022 Helpt tegen verveling en scheidingsangst bij sterke kauwers<\/span><br \/><span style=\"font-size: 10pt;\">\u2022 Onvoorspelbare veerkracht voor apporteerspelletjes<\/span><br \/><span style=\"font-size: 10pt;\">\u2022 Wordt wereldwijd gebruikt door politie, drugsbestrijding en militaire K-9 teams<\/span><br \/><span style=\"font-size: 10pt;\">\u2022 Wordt ook gebruikt door wedstrijdtrainers van Schutzhund en AKC<\/span><br \/><span style=\"font-size: 10pt;\">\u00a0<\/span><br \/><span style=\"font-size: 10pt;\"><strong>Gr\u00f6\u00dfe und L\u00e4nge<\/strong><\/span><br \/><span style=\"font-size: 10pt;\">KONGK3E: Small &#8211; 7,62 cm<\/span><br \/><span style=\"font-size: 10pt;\">KONGK2E: Medium &#8211; 8,89 cm\u00a0<\/span><br \/><span style=\"font-size: 10pt;\">KONGK1E: Large &#8211; 10,16 cm\u00a0<\/span><br \/><span style=\"font-size: 10pt;\">KONGUXLE: Extra-large &#8211; 12,70 cm<\/span><br \/><span style=\"font-size: 10pt;\">KONGUKKE: XX-large &#8211; 15,24 cm\u00a0<\/span><br \/><span style=\"font-size: 10pt;\">\u00a0<\/span><br \/><span style=\"font-size: 10pt;\"><strong>Combineer dit speeltje met deze traktaties:<br \/><\/strong><em>\u00a0\u00a0<\/em>\u00a0\u00a0<a href=\"..\/nl\/product\/2915\/14328\/hond\/speelgoed\/traktatiespeelgoed\/kong-snacks-bacon-cheese-small\">K\u00e4sesnacks<\/a>, \u00a0 \u00a0 \u00a0 \u00a0 \u00a0\u00a0<a href=\"..\/nl\/product\/2915\/14345\/hond\/speelgoed\/traktatiespeelgoed\/kong-snacks-liver-small\">Leber-Snacks<\/a>\u00a0 \u00a0 \u00a0 \u00a0 \u00a0 \u00a0 \u00a0 \u00a0<a href=\"..\/nl\/product\/2915\/14339\/hond\/speelgoed\/traktatiespeelgoed\/kong-easy-treat-liver\">Leichter Genuss<\/a>\u00a0 \u00a0 \u00a0 \u00a0 oder \u00a0\u00a0\u00a0<a href=\"..\/nl\/product\/2915\/14378\/hond\/speelgoed\/traktatiespeelgoed\/kong-snacks-puppy-small\">Welpensnacks<\/a>, \u00a0 \u00a0 \u00a0 \u00a0\u00a0<em><br \/><a href=\"..\/nl\/product\/2915\/14328\/hond\/speelgoed\/traktatiespeelgoed\/kong-snacks-bacon-cheese-small\"><img loading=\"lazy\" decoding=\"async\" src=\"\/imagestream\/stream\/32545\/120\/120\/kongxo3e%20kongx01e+groep.jpg\" width=\"120\" height=\"120\" \/><\/a>\u00a0\u00a0<a href=\"..\/nl\/product\/2915\/14345\/hond\/speelgoed\/traktatiespeelgoed\/kong-snacks-liver-small\"><img loading=\"lazy\" decoding=\"async\" src=\"\/imagestream\/stream\/32546\/120\/123\/kongxp3e%20kongxp1e+groep.jpg\" width=\"120\" height=\"123\" \/><\/a>\u00a0 \u00a0\u00a0<a href=\"..\/nl\/product\/2915\/14339\/hond\/speelgoed\/traktatiespeelgoed\/kong-easy-treat-liver\"><img loading=\"lazy\" decoding=\"async\" src=\"\/imagestream\/stream\/32055\/120\/123\/kongxs1e%20kongxs4e%20kongxs9e.jpg\" width=\"120\" height=\"123\" \/><\/a>\u00a0 \u00a0<em><a href=\"..\/nl\/product\/2915\/14378\/hond\/speelgoed\/traktatiespeelgoed\/kong-snacks-puppy-small\"><img loading=\"lazy\" decoding=\"async\" src=\"\/imagestream\/stream\/32499\/120\/125\/kongxy3e%20kongxy1e+groep.jpg\" width=\"120\" height=\"125\" \/><\/a>\u00a0\u00a0<\/em><\/em><\/span><\/p>","protected":false},"excerpt":{"rendered":"<p>De meest onverslijtbare versie van ons originele KONG speeltje.<\/p>","protected":false},"featured_media":37727,"template":"","meta":{"_acf_changed":false},"product_brand":[],"product_cat":[821,822],"product_tag":[823,2539,895,896],"class_list":{"0":"post-11897","1":"product","2":"type-product","3":"status-publish","4":"has-post-thumbnail","6":"product_cat-hond","7":"product_cat-speelgoed","8":"product_tag-hond","9":"product_tag-kong-het-sterkste-merk-voor-uw-huisdier-om-mee-te-spelen","10":"product_tag-m","11":"product_tag-voor-de-kauwer","12":"tax_brand-kong","14":"first","15":"instock","16":"taxable","17":"shipping-taxable","18":"purchasable","19":"product-type-simple"},"acf":[],"yoast_head":"<!-- This site is optimized with the Yoast SEO plugin v27.2 - https:\/\/yoast.com\/product\/yoast-seo-wordpress\/ -->\n<title>KONG Extreme M 8,8 cm - Food4animals<\/title>\n<meta name=\"robots\" content=\"index, follow, max-snippet:-1, max-image-preview:large, max-video-preview:-1\" \/>\n<link rel=\"canonical\" href=\"https:\/\/www.food4animals.nl\/de\/produkt\/kong-extreme-m-88-cm\/\" \/>\n<meta property=\"og:locale\" content=\"de_DE\" \/>\n<meta property=\"og:type\" content=\"article\" \/>\n<meta property=\"og:title\" content=\"KONG Extreme M 8,8 cm - Food4animals\" \/>\n<meta property=\"og:description\" content=\"De meest onverslijtbare versie van ons originele KONG speeltje.\" \/>\n<meta property=\"og:url\" content=\"https:\/\/www.food4animals.nl\/de\/produkt\/kong-extreme-m-88-cm\/\" \/>\n<meta property=\"og:site_name\" content=\"Food4animals\" \/>\n<meta property=\"article:publisher\" content=\"https:\/\/www.facebook.com\/p\/Food4animals-100063861676074\/\" \/>\n<meta property=\"article:modified_time\" content=\"2026-04-05T00:22:29+00:00\" \/>\n<meta property=\"og:image\" content=\"https:\/\/www.food4animals.nl\/wp-content\/uploads\/2025\/11\/KONGK2E.png\" \/>\n\t<meta property=\"og:image:width\" content=\"1024\" \/>\n\t<meta property=\"og:image:height\" content=\"1024\" \/>\n\t<meta property=\"og:image:type\" content=\"image\/png\" \/>\n<meta name=\"twitter:card\" content=\"summary_large_image\" \/>\n<meta name=\"twitter:site\" content=\"@food4animals\" \/>\n<script type=\"application\/ld+json\" class=\"yoast-schema-graph\">{\"@context\":\"https:\/\/schema.org\",\"@graph\":[{\"@type\":\"WebPage\",\"@id\":\"https:\/\/www.food4animals.nl\/product\/kong-extreme-m-88-cm\/\",\"url\":\"https:\/\/www.food4animals.nl\/product\/kong-extreme-m-88-cm\/\",\"name\":\"KONG Extreme M 8,8 cm - Food4animals\",\"isPartOf\":{\"@id\":\"https:\/\/www.food4animals.nl\/en\/#website\"},\"primaryImageOfPage\":{\"@id\":\"https:\/\/www.food4animals.nl\/product\/kong-extreme-m-88-cm\/#primaryimage\"},\"image\":{\"@id\":\"https:\/\/www.food4animals.nl\/product\/kong-extreme-m-88-cm\/#primaryimage\"},\"thumbnailUrl\":\"https:\/\/www.food4animals.nl\/wp-content\/uploads\/2025\/11\/KONGK2E.png\",\"datePublished\":\"2023-12-13T11:32:42+00:00\",\"dateModified\":\"2026-04-05T00:22:29+00:00\",\"breadcrumb\":{\"@id\":\"https:\/\/www.food4animals.nl\/product\/kong-extreme-m-88-cm\/#breadcrumb\"},\"inLanguage\":\"de\",\"potentialAction\":[{\"@type\":\"ReadAction\",\"target\":[\"https:\/\/www.food4animals.nl\/product\/kong-extreme-m-88-cm\/\"]}]},{\"@type\":\"ImageObject\",\"inLanguage\":\"de\",\"@id\":\"https:\/\/www.food4animals.nl\/product\/kong-extreme-m-88-cm\/#primaryimage\",\"url\":\"https:\/\/www.food4animals.nl\/wp-content\/uploads\/2025\/11\/KONGK2E.png\",\"contentUrl\":\"https:\/\/www.food4animals.nl\/wp-content\/uploads\/2025\/11\/KONGK2E.png\",\"width\":1024,\"height\":1024},{\"@type\":\"BreadcrumbList\",\"@id\":\"https:\/\/www.food4animals.nl\/product\/kong-extreme-m-88-cm\/#breadcrumb\",\"itemListElement\":[{\"@type\":\"ListItem\",\"position\":1,\"name\":\"Home\",\"item\":\"https:\/\/www.food4animals.nl\/\"},{\"@type\":\"ListItem\",\"position\":2,\"name\":\"Winkel\",\"item\":\"https:\/\/www.food4animals.nl\/winkel\/\"},{\"@type\":\"ListItem\",\"position\":3,\"name\":\"KONG Extreme M 8,8 cm\"}]},{\"@type\":\"WebSite\",\"@id\":\"https:\/\/www.food4animals.nl\/en\/#website\",\"url\":\"https:\/\/www.food4animals.nl\/en\/\",\"name\":\"Food4animals\",\"description\":\"Alles voor Ruiter en Dier\",\"publisher\":{\"@id\":\"https:\/\/www.food4animals.nl\/en\/#organization\"},\"potentialAction\":[{\"@type\":\"SearchAction\",\"target\":{\"@type\":\"EntryPoint\",\"urlTemplate\":\"https:\/\/www.food4animals.nl\/en\/?s={search_term_string}\"},\"query-input\":{\"@type\":\"PropertyValueSpecification\",\"valueRequired\":true,\"valueName\":\"search_term_string\"}}],\"inLanguage\":\"de\"},{\"@type\":\"Organization\",\"@id\":\"https:\/\/www.food4animals.nl\/en\/#organization\",\"name\":\"Food4animals\",\"url\":\"https:\/\/www.food4animals.nl\/en\/\",\"logo\":{\"@type\":\"ImageObject\",\"inLanguage\":\"de\",\"@id\":\"https:\/\/www.food4animals.nl\/en\/#\/schema\/logo\/image\/\",\"url\":\"https:\/\/www.food4animals.nl\/wp-content\/uploads\/2023\/10\/Logo.svg\",\"contentUrl\":\"https:\/\/www.food4animals.nl\/wp-content\/uploads\/2023\/10\/Logo.svg\",\"width\":1,\"height\":1,\"caption\":\"Food4animals\"},\"image\":{\"@id\":\"https:\/\/www.food4animals.nl\/en\/#\/schema\/logo\/image\/\"},\"sameAs\":[\"https:\/\/www.facebook.com\/p\/Food4animals-100063861676074\/\",\"https:\/\/x.com\/food4animals\"]}]}<\/script>\n<!-- \/ Yoast SEO plugin. -->","yoast_head_json":{"title":"KONG Extreme M 8,8 cm - Food4animals","robots":{"index":"index","follow":"follow","max-snippet":"max-snippet:-1","max-image-preview":"max-image-preview:large","max-video-preview":"max-video-preview:-1"},"canonical":"https:\/\/www.food4animals.nl\/de\/produkt\/kong-extreme-m-88-cm\/","og_locale":"de_DE","og_type":"article","og_title":"KONG Extreme M 8,8 cm - Food4animals","og_description":"De meest onverslijtbare versie van ons originele KONG speeltje.","og_url":"https:\/\/www.food4animals.nl\/de\/produkt\/kong-extreme-m-88-cm\/","og_site_name":"Food4animals","article_publisher":"https:\/\/www.facebook.com\/p\/Food4animals-100063861676074\/","article_modified_time":"2026-04-05T00:22:29+00:00","og_image":[{"width":1024,"height":1024,"url":"https:\/\/www.food4animals.nl\/wp-content\/uploads\/2025\/11\/KONGK2E.png","type":"image\/png"}],"twitter_card":"summary_large_image","twitter_site":"@food4animals","schema":{"@context":"https:\/\/schema.org","@graph":[{"@type":"WebPage","@id":"https:\/\/www.food4animals.nl\/product\/kong-extreme-m-88-cm\/","url":"https:\/\/www.food4animals.nl\/product\/kong-extreme-m-88-cm\/","name":"KONG Extreme M 8,8 cm - Food4animals","isPartOf":{"@id":"https:\/\/www.food4animals.nl\/en\/#website"},"primaryImageOfPage":{"@id":"https:\/\/www.food4animals.nl\/product\/kong-extreme-m-88-cm\/#primaryimage"},"image":{"@id":"https:\/\/www.food4animals.nl\/product\/kong-extreme-m-88-cm\/#primaryimage"},"thumbnailUrl":"https:\/\/www.food4animals.nl\/wp-content\/uploads\/2025\/11\/KONGK2E.png","datePublished":"2023-12-13T11:32:42+00:00","dateModified":"2026-04-05T00:22:29+00:00","breadcrumb":{"@id":"https:\/\/www.food4animals.nl\/product\/kong-extreme-m-88-cm\/#breadcrumb"},"inLanguage":"de","potentialAction":[{"@type":"ReadAction","target":["https:\/\/www.food4animals.nl\/product\/kong-extreme-m-88-cm\/"]}]},{"@type":"ImageObject","inLanguage":"de","@id":"https:\/\/www.food4animals.nl\/product\/kong-extreme-m-88-cm\/#primaryimage","url":"https:\/\/www.food4animals.nl\/wp-content\/uploads\/2025\/11\/KONGK2E.png","contentUrl":"https:\/\/www.food4animals.nl\/wp-content\/uploads\/2025\/11\/KONGK2E.png","width":1024,"height":1024},{"@type":"BreadcrumbList","@id":"https:\/\/www.food4animals.nl\/product\/kong-extreme-m-88-cm\/#breadcrumb","itemListElement":[{"@type":"ListItem","position":1,"name":"Home","item":"https:\/\/www.food4animals.nl\/"},{"@type":"ListItem","position":2,"name":"Winkel","item":"https:\/\/www.food4animals.nl\/winkel\/"},{"@type":"ListItem","position":3,"name":"KONG Extreme M 8,8 cm"}]},{"@type":"WebSite","@id":"https:\/\/www.food4animals.nl\/en\/#website","url":"https:\/\/www.food4animals.nl\/en\/","name":"Lebensmittel4Tiere","description":"Alles f\u00fcr Reiter und Tier","publisher":{"@id":"https:\/\/www.food4animals.nl\/en\/#organization"},"potentialAction":[{"@type":"SearchAction","target":{"@type":"EntryPoint","urlTemplate":"https:\/\/www.food4animals.nl\/en\/?s={search_term_string}"},"query-input":{"@type":"PropertyValueSpecification","valueRequired":true,"valueName":"search_term_string"}}],"inLanguage":"de"},{"@type":"Organization","@id":"https:\/\/www.food4animals.nl\/en\/#organization","name":"Lebensmittel4Tiere","url":"https:\/\/www.food4animals.nl\/en\/","logo":{"@type":"ImageObject","inLanguage":"de","@id":"https:\/\/www.food4animals.nl\/en\/#\/schema\/logo\/image\/","url":"https:\/\/www.food4animals.nl\/wp-content\/uploads\/2023\/10\/Logo.svg","contentUrl":"https:\/\/www.food4animals.nl\/wp-content\/uploads\/2023\/10\/Logo.svg","width":1,"height":1,"caption":"Food4animals"},"image":{"@id":"https:\/\/www.food4animals.nl\/en\/#\/schema\/logo\/image\/"},"sameAs":["https:\/\/www.facebook.com\/p\/Food4animals-100063861676074\/","https:\/\/x.com\/food4animals"]}]}},"_links":{"self":[{"href":"https:\/\/www.food4animals.nl\/de\/wp-json\/wp\/v2\/product\/11897","targetHints":{"allow":["GET"]}}],"collection":[{"href":"https:\/\/www.food4animals.nl\/de\/wp-json\/wp\/v2\/product"}],"about":[{"href":"https:\/\/www.food4animals.nl\/de\/wp-json\/wp\/v2\/types\/product"}],"wp:featuredmedia":[{"embeddable":true,"href":"https:\/\/www.food4animals.nl\/de\/wp-json\/wp\/v2\/media\/37727"}],"wp:attachment":[{"href":"https:\/\/www.food4animals.nl\/de\/wp-json\/wp\/v2\/media?parent=11897"}],"wp:term":[{"taxonomy":"product_brand","embeddable":true,"href":"https:\/\/www.food4animals.nl\/de\/wp-json\/wp\/v2\/product_brand?post=11897"},{"taxonomy":"product_cat","embeddable":true,"href":"https:\/\/www.food4animals.nl\/de\/wp-json\/wp\/v2\/product_cat?post=11897"},{"taxonomy":"product_tag","embeddable":true,"href":"https:\/\/www.food4animals.nl\/de\/wp-json\/wp\/v2\/product_tag?post=11897"}],"curies":[{"name":"wp","href":"https:\/\/api.w.org\/{rel}","templated":true}]}}