{"id":12336,"date":"2023-12-13T11:51:00","date_gmt":"2023-12-13T11:51:00","guid":{"rendered":"https:\/\/food4animals.nl\/product\/kong-pull-a-partz-purrito\/"},"modified":"2024-04-18T00:31:39","modified_gmt":"2024-04-17T23:31:39","slug":"kong-pull-a-partz-purrito","status":"publish","type":"product","link":"https:\/\/www.food4animals.nl\/de\/produkt\/kong-pull-a-partz-purrito\/","title":{"rendered":"KONG Pull-A-Partz Purrito"},"content":{"rendered":"<p><span style=\"font-size: 10pt\">Dieser super s\u00fc\u00dfe Burrito ist mit knisterndem Material gef\u00fcllt und enth\u00e4lt 2 verschiedene Spielzeuge. Diese Kombination l\u00e4dt zum Toben, Schlagen, Greifen und Jagen ein. Stimuliert den nat\u00fcrlichen Jagdinstinkt. Der Zusatz von Katzenminze in jedem Spielzeug erh\u00f6ht die Attraktivit\u00e4t dieses Spielzeugs noch mehr! Das sind 3 Spielzeuge in 1!<\/span><\/p>\n<p><span style=\"font-size: 10pt\"><strong>Das ist der Burrito, den jede Katze liebt:<\/strong><\/span><\/p>\n<ul>\n<li><span style=\"font-size: 10pt\">3 Spielzeuge in 1<\/span><\/li>\n<li><span style=\"font-size: 10pt\">Knistermaterial f\u00fcr zus\u00e4tzlichen Spielspa\u00df<\/span><\/li>\n<li><span style=\"font-size: 10pt\">Mit Katzenminze als zus\u00e4tzliche Attraktion f\u00fcr Katzen<\/span><\/li>\n<li><span style=\"font-size: 10pt\">Stimuliert den nat\u00fcrlichen Jagdinstinkt<\/span><\/li>\n<\/ul>","protected":false},"excerpt":{"rendered":"<p>Cooles Spielzeug f\u00fcr Katzen: knisternder Burrito mit 2 versteckten Spielzeugen<\/p>","protected":false},"featured_media":0,"template":"","meta":{"_acf_changed":false},"product_brand":[],"product_cat":[864],"product_tag":[923,842,2539],"class_list":{"0":"post-12336","1":"product","2":"type-product","3":"status-publish","5":"product_cat-speelgoed-kat","6":"product_tag-catnip","7":"product_tag-kat","8":"product_tag-kong-het-sterkste-merk-voor-uw-huisdier-om-mee-te-spelen","9":"tax_brand-kong","11":"first","12":"instock","13":"taxable","14":"shipping-taxable","15":"purchasable","16":"product-type-simple"},"acf":[],"yoast_head":"<!-- This site is optimized with the Yoast SEO plugin v27.2 - https:\/\/yoast.com\/product\/yoast-seo-wordpress\/ -->\n<title>KONG Pull-A-Partz Purrito - Food4animals<\/title>\n<meta name=\"robots\" content=\"index, follow, max-snippet:-1, max-image-preview:large, max-video-preview:-1\" \/>\n<link rel=\"canonical\" href=\"https:\/\/www.food4animals.nl\/de\/produkt\/kong-pull-a-partz-purrito\/\" \/>\n<meta property=\"og:locale\" content=\"de_DE\" \/>\n<meta property=\"og:type\" content=\"article\" \/>\n<meta property=\"og:title\" content=\"KONG Pull-A-Partz Purrito - Food4animals\" \/>\n<meta property=\"og:description\" content=\"Gaaf speeltje voor katten: knisperende burrito met 2 verborgen speeltjes\" \/>\n<meta property=\"og:url\" content=\"https:\/\/www.food4animals.nl\/de\/produkt\/kong-pull-a-partz-purrito\/\" \/>\n<meta property=\"og:site_name\" content=\"Food4animals\" \/>\n<meta property=\"article:publisher\" content=\"https:\/\/www.facebook.com\/p\/Food4animals-100063861676074\/\" \/>\n<meta property=\"article:modified_time\" content=\"2024-04-17T23:31:39+00:00\" \/>\n<meta property=\"og:image\" content=\"https:\/\/www.food4animals.nl\/wp-content\/uploads\/2023\/12\/270656.png\" \/>\n\t<meta property=\"og:image:width\" content=\"980\" \/>\n\t<meta property=\"og:image:height\" content=\"980\" \/>\n\t<meta property=\"og:image:type\" content=\"image\/png\" \/>\n<meta name=\"twitter:card\" content=\"summary_large_image\" \/>\n<meta name=\"twitter:site\" content=\"@food4animals\" \/>\n<script type=\"application\/ld+json\" class=\"yoast-schema-graph\">{\"@context\":\"https:\/\/schema.org\",\"@graph\":[{\"@type\":\"WebPage\",\"@id\":\"https:\/\/www.food4animals.nl\/product\/kong-pull-a-partz-purrito\/\",\"url\":\"https:\/\/www.food4animals.nl\/product\/kong-pull-a-partz-purrito\/\",\"name\":\"KONG Pull-A-Partz Purrito - Food4animals\",\"isPartOf\":{\"@id\":\"https:\/\/www.food4animals.nl\/en\/#website\"},\"datePublished\":\"2023-12-13T11:51:00+00:00\",\"dateModified\":\"2024-04-17T23:31:39+00:00\",\"breadcrumb\":{\"@id\":\"https:\/\/www.food4animals.nl\/product\/kong-pull-a-partz-purrito\/#breadcrumb\"},\"inLanguage\":\"de\",\"potentialAction\":[{\"@type\":\"ReadAction\",\"target\":[\"https:\/\/www.food4animals.nl\/product\/kong-pull-a-partz-purrito\/\"]}]},{\"@type\":\"BreadcrumbList\",\"@id\":\"https:\/\/www.food4animals.nl\/product\/kong-pull-a-partz-purrito\/#breadcrumb\",\"itemListElement\":[{\"@type\":\"ListItem\",\"position\":1,\"name\":\"Home\",\"item\":\"https:\/\/www.food4animals.nl\/\"},{\"@type\":\"ListItem\",\"position\":2,\"name\":\"Winkel\",\"item\":\"https:\/\/www.food4animals.nl\/winkel\/\"},{\"@type\":\"ListItem\",\"position\":3,\"name\":\"KONG Pull-A-Partz Purrito\"}]},{\"@type\":\"WebSite\",\"@id\":\"https:\/\/www.food4animals.nl\/en\/#website\",\"url\":\"https:\/\/www.food4animals.nl\/en\/\",\"name\":\"Food4animals\",\"description\":\"Alles voor Ruiter en Dier\",\"publisher\":{\"@id\":\"https:\/\/www.food4animals.nl\/en\/#organization\"},\"potentialAction\":[{\"@type\":\"SearchAction\",\"target\":{\"@type\":\"EntryPoint\",\"urlTemplate\":\"https:\/\/www.food4animals.nl\/en\/?s={search_term_string}\"},\"query-input\":{\"@type\":\"PropertyValueSpecification\",\"valueRequired\":true,\"valueName\":\"search_term_string\"}}],\"inLanguage\":\"de\"},{\"@type\":\"Organization\",\"@id\":\"https:\/\/www.food4animals.nl\/en\/#organization\",\"name\":\"Food4animals\",\"url\":\"https:\/\/www.food4animals.nl\/en\/\",\"logo\":{\"@type\":\"ImageObject\",\"inLanguage\":\"de\",\"@id\":\"https:\/\/www.food4animals.nl\/en\/#\/schema\/logo\/image\/\",\"url\":\"https:\/\/www.food4animals.nl\/wp-content\/uploads\/2023\/10\/Logo.svg\",\"contentUrl\":\"https:\/\/www.food4animals.nl\/wp-content\/uploads\/2023\/10\/Logo.svg\",\"width\":1,\"height\":1,\"caption\":\"Food4animals\"},\"image\":{\"@id\":\"https:\/\/www.food4animals.nl\/en\/#\/schema\/logo\/image\/\"},\"sameAs\":[\"https:\/\/www.facebook.com\/p\/Food4animals-100063861676074\/\",\"https:\/\/x.com\/food4animals\"]}]}<\/script>\n<!-- \/ Yoast SEO plugin. -->","yoast_head_json":{"title":"KONG Pull-A-Partz Purrito - Food4animals","robots":{"index":"index","follow":"follow","max-snippet":"max-snippet:-1","max-image-preview":"max-image-preview:large","max-video-preview":"max-video-preview:-1"},"canonical":"https:\/\/www.food4animals.nl\/de\/produkt\/kong-pull-a-partz-purrito\/","og_locale":"de_DE","og_type":"article","og_title":"KONG Pull-A-Partz Purrito - Food4animals","og_description":"Gaaf speeltje voor katten: knisperende burrito met 2 verborgen speeltjes","og_url":"https:\/\/www.food4animals.nl\/de\/produkt\/kong-pull-a-partz-purrito\/","og_site_name":"Food4animals","article_publisher":"https:\/\/www.facebook.com\/p\/Food4animals-100063861676074\/","article_modified_time":"2024-04-17T23:31:39+00:00","og_image":[{"width":980,"height":980,"url":"https:\/\/www.food4animals.nl\/wp-content\/uploads\/2023\/12\/270656.png","type":"image\/png"}],"twitter_card":"summary_large_image","twitter_site":"@food4animals","schema":{"@context":"https:\/\/schema.org","@graph":[{"@type":"WebPage","@id":"https:\/\/www.food4animals.nl\/product\/kong-pull-a-partz-purrito\/","url":"https:\/\/www.food4animals.nl\/product\/kong-pull-a-partz-purrito\/","name":"KONG Pull-A-Partz Purrito - Food4animals","isPartOf":{"@id":"https:\/\/www.food4animals.nl\/en\/#website"},"datePublished":"2023-12-13T11:51:00+00:00","dateModified":"2024-04-17T23:31:39+00:00","breadcrumb":{"@id":"https:\/\/www.food4animals.nl\/product\/kong-pull-a-partz-purrito\/#breadcrumb"},"inLanguage":"de","potentialAction":[{"@type":"ReadAction","target":["https:\/\/www.food4animals.nl\/product\/kong-pull-a-partz-purrito\/"]}]},{"@type":"BreadcrumbList","@id":"https:\/\/www.food4animals.nl\/product\/kong-pull-a-partz-purrito\/#breadcrumb","itemListElement":[{"@type":"ListItem","position":1,"name":"Home","item":"https:\/\/www.food4animals.nl\/"},{"@type":"ListItem","position":2,"name":"Winkel","item":"https:\/\/www.food4animals.nl\/winkel\/"},{"@type":"ListItem","position":3,"name":"KONG Pull-A-Partz Purrito"}]},{"@type":"WebSite","@id":"https:\/\/www.food4animals.nl\/en\/#website","url":"https:\/\/www.food4animals.nl\/en\/","name":"Lebensmittel4Tiere","description":"Alles f\u00fcr Reiter und Tier","publisher":{"@id":"https:\/\/www.food4animals.nl\/en\/#organization"},"potentialAction":[{"@type":"SearchAction","target":{"@type":"EntryPoint","urlTemplate":"https:\/\/www.food4animals.nl\/en\/?s={search_term_string}"},"query-input":{"@type":"PropertyValueSpecification","valueRequired":true,"valueName":"search_term_string"}}],"inLanguage":"de"},{"@type":"Organization","@id":"https:\/\/www.food4animals.nl\/en\/#organization","name":"Lebensmittel4Tiere","url":"https:\/\/www.food4animals.nl\/en\/","logo":{"@type":"ImageObject","inLanguage":"de","@id":"https:\/\/www.food4animals.nl\/en\/#\/schema\/logo\/image\/","url":"https:\/\/www.food4animals.nl\/wp-content\/uploads\/2023\/10\/Logo.svg","contentUrl":"https:\/\/www.food4animals.nl\/wp-content\/uploads\/2023\/10\/Logo.svg","width":1,"height":1,"caption":"Food4animals"},"image":{"@id":"https:\/\/www.food4animals.nl\/en\/#\/schema\/logo\/image\/"},"sameAs":["https:\/\/www.facebook.com\/p\/Food4animals-100063861676074\/","https:\/\/x.com\/food4animals"]}]}},"_links":{"self":[{"href":"https:\/\/www.food4animals.nl\/de\/wp-json\/wp\/v2\/product\/12336","targetHints":{"allow":["GET"]}}],"collection":[{"href":"https:\/\/www.food4animals.nl\/de\/wp-json\/wp\/v2\/product"}],"about":[{"href":"https:\/\/www.food4animals.nl\/de\/wp-json\/wp\/v2\/types\/product"}],"wp:attachment":[{"href":"https:\/\/www.food4animals.nl\/de\/wp-json\/wp\/v2\/media?parent=12336"}],"wp:term":[{"taxonomy":"product_brand","embeddable":true,"href":"https:\/\/www.food4animals.nl\/de\/wp-json\/wp\/v2\/product_brand?post=12336"},{"taxonomy":"product_cat","embeddable":true,"href":"https:\/\/www.food4animals.nl\/de\/wp-json\/wp\/v2\/product_cat?post=12336"},{"taxonomy":"product_tag","embeddable":true,"href":"https:\/\/www.food4animals.nl\/de\/wp-json\/wp\/v2\/product_tag?post=12336"}],"curies":[{"name":"wp","href":"https:\/\/api.w.org\/{rel}","templated":true}]}}