{"id":12393,"date":"2023-12-13T14:16:13","date_gmt":"2023-12-13T14:16:13","guid":{"rendered":"https:\/\/food4animals.nl\/product\/kong-puppy-m-86-cm-blauw-of-roze\/"},"modified":"2026-04-21T01:22:55","modified_gmt":"2026-04-21T00:22:55","slug":"kong-puppy-m-86-cm-blauw-of-roze","status":"publish","type":"product","link":"https:\/\/www.food4animals.nl\/de\/produkt\/kong-puppy-m-86-cm-blauw-of-roze\/","title":{"rendered":"KONG Puppy M 8,6 cm Blauw of Roze"},"content":{"rendered":"<p><span style=\"font-size: 10pt;\"><strong>KONG Puppy-speeltjes<\/strong><\/span><br \/><span style=\"font-size: 10pt;\">Het KONG Puppy-speeltje is het originele speeltje dat het begin was van de KONG Puppy- productlijn, die gemaakt is van een exclusief rubberen formule voor het doorkomen van het gebit. Dierenartsen en trainers raden aan om de KONG Puppy vol te stoppen met KONG Easy Treat, Snacks of Ziggies voor hulp bij zindelijkheidstraining, het verminderen van scheidingsangst, het bevorderen van correct kauwgedrag en het voorkomen van slecht gedrag.<\/span><br \/><span style=\"font-size: 10pt;\">\u00a0<\/span><br \/><span style=\"font-size: 10pt;\">\u2022 Perfect om te vullen met traktaties<\/span><br \/><span style=\"font-size: 10pt;\">\u2022 Onvoorspelbare veerkracht voor apporteerspelletjes<\/span><br \/><span style=\"font-size: 10pt;\">\u2022 Zachte puppy rubber-formule is geweldig voor het verzachten van tandvlees<\/span><br \/><span style=\"font-size: 10pt;\">\u00a0<\/span><br \/><span style=\"font-size: 10pt;\"><strong>Gr\u00f6\u00dfe und L\u00e4nge<\/strong><\/span><br \/><span style=\"font-size: 10pt;\">KONGKP4E: Extra-small &#8211; 5,72 cm<\/span><br \/><span style=\"font-size: 10pt;\">KONGKP3E: Small &#8211; 7,62 cm<\/span><br \/><span style=\"font-size: 10pt;\">KONGKP2E: Medium &#8211; 8,64 cm<\/span><br \/><span style=\"font-size: 10pt;\">KONGKP1E: Large &#8211; 10,16 cm<\/span><br \/><span style=\"font-size: 10pt;\">\u00a0<\/span><br \/><span style=\"font-size: 10pt;\"><em>Die Farben sind sortiert.<br \/>\u00a0<br \/><\/em><strong>Combineer dit speeltje met deze traktaties:<br \/><\/strong><em>\u00a0 <\/em>\u00a0 <a href=\"..\/..\/..\/nl\/product\/2915\/14378\/hond\/speelgoed\/traktatiespeelgoed\/kong-snacks-puppy-small\">Welpensnacks<\/a>, \u00a0 \u00a0 \u00a0 \u00a0 \u00a0 <a href=\"..\/..\/..\/nl\/product\/2915\/14328\/hond\/speelgoed\/traktatiespeelgoed\/kong-snacks-bacon-cheese-small\">K\u00e4sesnacks<\/a>, \u00a0 \u00a0 \u00a0 \u00a0 \u00a0 <a href=\"..\/..\/..\/nl\/product\/2915\/14345\/hond\/speelgoed\/traktatiespeelgoed\/kong-snacks-liver-small\">Leber-Snacks<\/a> \u00a0 \u00a0 \u00a0 \u00a0 oder \u00a0 \u00a0 \u00a0 \u00a0 \u00a0<a href=\"..\/..\/..\/nl\/product\/2915\/14339\/hond\/speelgoed\/traktatiespeelgoed\/kong-easy-treat-liver\">Leichter Genuss<\/a><em><br \/><a href=\"..\/..\/..\/nl\/product\/2915\/14378\/hond\/speelgoed\/traktatiespeelgoed\/kong-snacks-puppy-small\"><img loading=\"lazy\" decoding=\"async\" src=\"\/imagestream\/stream\/32499\/120\/125\/kongxy3e%20kongxy1e+groep.jpg\" width=\"120\" height=\"125\" \/><\/a>\u00a0 \u00a0<a href=\"..\/..\/..\/nl\/product\/2915\/14328\/hond\/speelgoed\/traktatiespeelgoed\/kong-snacks-bacon-cheese-small\"><img loading=\"lazy\" decoding=\"async\" src=\"\/imagestream\/stream\/32545\/120\/120\/kongxo3e%20kongx01e+groep.jpg\" width=\"120\" height=\"120\" \/><\/a>\u00a0\u00a0<a href=\"..\/..\/..\/nl\/product\/2915\/14345\/hond\/speelgoed\/traktatiespeelgoed\/kong-snacks-liver-small\"><img loading=\"lazy\" decoding=\"async\" src=\"\/imagestream\/stream\/32546\/120\/123\/kongxp3e%20kongxp1e+groep.jpg\" width=\"120\" height=\"123\" \/><\/a>\u00a0 \u00a0 \u00a0 \u00a0 \u00a0<a href=\"..\/..\/..\/nl\/product\/2915\/14339\/hond\/speelgoed\/traktatiespeelgoed\/kong-easy-treat-liver\"><img loading=\"lazy\" decoding=\"async\" src=\"\/imagestream\/stream\/32055\/120\/123\/kongxs1e%20kongxs4e%20kongxs9e.jpg\" width=\"120\" height=\"123\" \/><\/a>\u00a0<br \/><\/em><\/span><\/p>","protected":false},"excerpt":{"rendered":"<p>Gemaakt van een exclusief rubberen formule voor het doorkomen van het gebit.<\/p>","protected":false},"featured_media":37798,"template":"","meta":{"_acf_changed":false},"product_brand":[],"product_cat":[821,822],"product_tag":[897,823,2539,895,910,936,828,934],"class_list":{"0":"post-12393","1":"product","2":"type-product","3":"status-publish","4":"has-post-thumbnail","6":"product_cat-hond","7":"product_cat-speelgoed","8":"product_tag-gebit","9":"product_tag-hond","10":"product_tag-kong-het-sterkste-merk-voor-uw-huisdier-om-mee-te-spelen","11":"product_tag-m","12":"product_tag-roze","13":"product_tag-speelgoed","14":"product_tag-traktatie-en-beloning","15":"product_tag-voor-puppys","16":"tax_brand-kong","18":"first","19":"instock","20":"taxable","21":"shipping-taxable","22":"purchasable","23":"product-type-simple"},"acf":[],"yoast_head":"<!-- This site is optimized with the Yoast SEO plugin v27.4 - https:\/\/yoast.com\/product\/yoast-seo-wordpress\/ -->\n<title>KONG Puppy M 8,6 cm Blauw of Roze - Food4animals<\/title>\n<meta name=\"robots\" content=\"index, follow, max-snippet:-1, max-image-preview:large, max-video-preview:-1\" \/>\n<link rel=\"canonical\" href=\"https:\/\/www.food4animals.nl\/de\/produkt\/kong-puppy-m-86-cm-blauw-of-roze\/\" \/>\n<meta property=\"og:locale\" content=\"de_DE\" \/>\n<meta property=\"og:type\" content=\"article\" \/>\n<meta property=\"og:title\" content=\"KONG Puppy M 8,6 cm Blauw of Roze - Food4animals\" \/>\n<meta property=\"og:description\" content=\"Gemaakt van een exclusief rubberen formule voor het doorkomen van het gebit.\" \/>\n<meta property=\"og:url\" content=\"https:\/\/www.food4animals.nl\/de\/produkt\/kong-puppy-m-86-cm-blauw-of-roze\/\" \/>\n<meta property=\"og:site_name\" content=\"Food4animals\" \/>\n<meta property=\"article:publisher\" content=\"https:\/\/www.facebook.com\/p\/Food4animals-100063861676074\/\" \/>\n<meta property=\"article:modified_time\" content=\"2026-04-21T00:22:55+00:00\" \/>\n<meta property=\"og:image\" content=\"https:\/\/www.food4animals.nl\/wp-content\/uploads\/2025\/11\/KONGKP2E-1-scaled.jpg\" \/>\n\t<meta property=\"og:image:width\" content=\"2560\" \/>\n\t<meta property=\"og:image:height\" content=\"2560\" \/>\n\t<meta property=\"og:image:type\" content=\"image\/jpeg\" \/>\n<meta name=\"twitter:card\" content=\"summary_large_image\" \/>\n<meta name=\"twitter:site\" content=\"@food4animals\" \/>\n<meta name=\"twitter:label1\" content=\"Gesch\u00e4tzte Lesezeit\" \/>\n\t<meta name=\"twitter:data1\" content=\"1\u00a0Minute\" \/>\n<script type=\"application\/ld+json\" class=\"yoast-schema-graph\">{\"@context\":\"https:\\\/\\\/schema.org\",\"@graph\":[{\"@type\":\"WebPage\",\"@id\":\"https:\\\/\\\/www.food4animals.nl\\\/product\\\/kong-puppy-m-86-cm-blauw-of-roze\\\/\",\"url\":\"https:\\\/\\\/www.food4animals.nl\\\/product\\\/kong-puppy-m-86-cm-blauw-of-roze\\\/\",\"name\":\"KONG Puppy M 8,6 cm Blauw of Roze - Food4animals\",\"isPartOf\":{\"@id\":\"https:\\\/\\\/www.food4animals.nl\\\/en\\\/#website\"},\"primaryImageOfPage\":{\"@id\":\"https:\\\/\\\/www.food4animals.nl\\\/product\\\/kong-puppy-m-86-cm-blauw-of-roze\\\/#primaryimage\"},\"image\":{\"@id\":\"https:\\\/\\\/www.food4animals.nl\\\/product\\\/kong-puppy-m-86-cm-blauw-of-roze\\\/#primaryimage\"},\"thumbnailUrl\":\"https:\\\/\\\/www.food4animals.nl\\\/wp-content\\\/uploads\\\/2025\\\/11\\\/KONGKP2E-1-scaled.jpg\",\"datePublished\":\"2023-12-13T14:16:13+00:00\",\"dateModified\":\"2026-04-21T00:22:55+00:00\",\"breadcrumb\":{\"@id\":\"https:\\\/\\\/www.food4animals.nl\\\/product\\\/kong-puppy-m-86-cm-blauw-of-roze\\\/#breadcrumb\"},\"inLanguage\":\"de\",\"potentialAction\":[{\"@type\":\"ReadAction\",\"target\":[\"https:\\\/\\\/www.food4animals.nl\\\/product\\\/kong-puppy-m-86-cm-blauw-of-roze\\\/\"]}]},{\"@type\":\"ImageObject\",\"inLanguage\":\"de\",\"@id\":\"https:\\\/\\\/www.food4animals.nl\\\/product\\\/kong-puppy-m-86-cm-blauw-of-roze\\\/#primaryimage\",\"url\":\"https:\\\/\\\/www.food4animals.nl\\\/wp-content\\\/uploads\\\/2025\\\/11\\\/KONGKP2E-1-scaled.jpg\",\"contentUrl\":\"https:\\\/\\\/www.food4animals.nl\\\/wp-content\\\/uploads\\\/2025\\\/11\\\/KONGKP2E-1-scaled.jpg\",\"width\":2560,\"height\":2560},{\"@type\":\"BreadcrumbList\",\"@id\":\"https:\\\/\\\/www.food4animals.nl\\\/product\\\/kong-puppy-m-86-cm-blauw-of-roze\\\/#breadcrumb\",\"itemListElement\":[{\"@type\":\"ListItem\",\"position\":1,\"name\":\"Home\",\"item\":\"https:\\\/\\\/www.food4animals.nl\\\/\"},{\"@type\":\"ListItem\",\"position\":2,\"name\":\"Winkel\",\"item\":\"https:\\\/\\\/www.food4animals.nl\\\/winkel\\\/\"},{\"@type\":\"ListItem\",\"position\":3,\"name\":\"KONG Puppy M 8,6 cm Blauw of Roze\"}]},{\"@type\":\"WebSite\",\"@id\":\"https:\\\/\\\/www.food4animals.nl\\\/en\\\/#website\",\"url\":\"https:\\\/\\\/www.food4animals.nl\\\/en\\\/\",\"name\":\"Food4animals\",\"description\":\"Alles voor Ruiter en Dier\",\"publisher\":{\"@id\":\"https:\\\/\\\/www.food4animals.nl\\\/en\\\/#organization\"},\"potentialAction\":[{\"@type\":\"SearchAction\",\"target\":{\"@type\":\"EntryPoint\",\"urlTemplate\":\"https:\\\/\\\/www.food4animals.nl\\\/en\\\/?s={search_term_string}\"},\"query-input\":{\"@type\":\"PropertyValueSpecification\",\"valueRequired\":true,\"valueName\":\"search_term_string\"}}],\"inLanguage\":\"de\"},{\"@type\":\"Organization\",\"@id\":\"https:\\\/\\\/www.food4animals.nl\\\/en\\\/#organization\",\"name\":\"Food4animals\",\"url\":\"https:\\\/\\\/www.food4animals.nl\\\/en\\\/\",\"logo\":{\"@type\":\"ImageObject\",\"inLanguage\":\"de\",\"@id\":\"https:\\\/\\\/www.food4animals.nl\\\/en\\\/#\\\/schema\\\/logo\\\/image\\\/\",\"url\":\"https:\\\/\\\/www.food4animals.nl\\\/wp-content\\\/uploads\\\/2023\\\/10\\\/Logo.svg\",\"contentUrl\":\"https:\\\/\\\/www.food4animals.nl\\\/wp-content\\\/uploads\\\/2023\\\/10\\\/Logo.svg\",\"width\":1,\"height\":1,\"caption\":\"Food4animals\"},\"image\":{\"@id\":\"https:\\\/\\\/www.food4animals.nl\\\/en\\\/#\\\/schema\\\/logo\\\/image\\\/\"},\"sameAs\":[\"https:\\\/\\\/www.facebook.com\\\/p\\\/Food4animals-100063861676074\\\/\",\"https:\\\/\\\/x.com\\\/food4animals\"]}]}<\/script>\n<!-- \/ Yoast SEO plugin. -->","yoast_head_json":{"title":"KONG Puppy M 8,6 cm Blauw of Roze - Food4animals","robots":{"index":"index","follow":"follow","max-snippet":"max-snippet:-1","max-image-preview":"max-image-preview:large","max-video-preview":"max-video-preview:-1"},"canonical":"https:\/\/www.food4animals.nl\/de\/produkt\/kong-puppy-m-86-cm-blauw-of-roze\/","og_locale":"de_DE","og_type":"article","og_title":"KONG Puppy M 8,6 cm Blauw of Roze - Food4animals","og_description":"Gemaakt van een exclusief rubberen formule voor het doorkomen van het gebit.","og_url":"https:\/\/www.food4animals.nl\/de\/produkt\/kong-puppy-m-86-cm-blauw-of-roze\/","og_site_name":"Food4animals","article_publisher":"https:\/\/www.facebook.com\/p\/Food4animals-100063861676074\/","article_modified_time":"2026-04-21T00:22:55+00:00","og_image":[{"width":2560,"height":2560,"url":"https:\/\/www.food4animals.nl\/wp-content\/uploads\/2025\/11\/KONGKP2E-1-scaled.jpg","type":"image\/jpeg"}],"twitter_card":"summary_large_image","twitter_site":"@food4animals","twitter_misc":{"Gesch\u00e4tzte Lesezeit":"1\u00a0Minute"},"schema":{"@context":"https:\/\/schema.org","@graph":[{"@type":"WebPage","@id":"https:\/\/www.food4animals.nl\/product\/kong-puppy-m-86-cm-blauw-of-roze\/","url":"https:\/\/www.food4animals.nl\/product\/kong-puppy-m-86-cm-blauw-of-roze\/","name":"KONG Puppy M 8,6 cm Blauw of Roze - Food4animals","isPartOf":{"@id":"https:\/\/www.food4animals.nl\/en\/#website"},"primaryImageOfPage":{"@id":"https:\/\/www.food4animals.nl\/product\/kong-puppy-m-86-cm-blauw-of-roze\/#primaryimage"},"image":{"@id":"https:\/\/www.food4animals.nl\/product\/kong-puppy-m-86-cm-blauw-of-roze\/#primaryimage"},"thumbnailUrl":"https:\/\/www.food4animals.nl\/wp-content\/uploads\/2025\/11\/KONGKP2E-1-scaled.jpg","datePublished":"2023-12-13T14:16:13+00:00","dateModified":"2026-04-21T00:22:55+00:00","breadcrumb":{"@id":"https:\/\/www.food4animals.nl\/product\/kong-puppy-m-86-cm-blauw-of-roze\/#breadcrumb"},"inLanguage":"de","potentialAction":[{"@type":"ReadAction","target":["https:\/\/www.food4animals.nl\/product\/kong-puppy-m-86-cm-blauw-of-roze\/"]}]},{"@type":"ImageObject","inLanguage":"de","@id":"https:\/\/www.food4animals.nl\/product\/kong-puppy-m-86-cm-blauw-of-roze\/#primaryimage","url":"https:\/\/www.food4animals.nl\/wp-content\/uploads\/2025\/11\/KONGKP2E-1-scaled.jpg","contentUrl":"https:\/\/www.food4animals.nl\/wp-content\/uploads\/2025\/11\/KONGKP2E-1-scaled.jpg","width":2560,"height":2560},{"@type":"BreadcrumbList","@id":"https:\/\/www.food4animals.nl\/product\/kong-puppy-m-86-cm-blauw-of-roze\/#breadcrumb","itemListElement":[{"@type":"ListItem","position":1,"name":"Home","item":"https:\/\/www.food4animals.nl\/"},{"@type":"ListItem","position":2,"name":"Winkel","item":"https:\/\/www.food4animals.nl\/winkel\/"},{"@type":"ListItem","position":3,"name":"KONG Puppy M 8,6 cm Blauw of Roze"}]},{"@type":"WebSite","@id":"https:\/\/www.food4animals.nl\/en\/#website","url":"https:\/\/www.food4animals.nl\/en\/","name":"Lebensmittel4Tiere","description":"Alles f\u00fcr Reiter und Tier","publisher":{"@id":"https:\/\/www.food4animals.nl\/en\/#organization"},"potentialAction":[{"@type":"SearchAction","target":{"@type":"EntryPoint","urlTemplate":"https:\/\/www.food4animals.nl\/en\/?s={search_term_string}"},"query-input":{"@type":"PropertyValueSpecification","valueRequired":true,"valueName":"search_term_string"}}],"inLanguage":"de"},{"@type":"Organization","@id":"https:\/\/www.food4animals.nl\/en\/#organization","name":"Lebensmittel4Tiere","url":"https:\/\/www.food4animals.nl\/en\/","logo":{"@type":"ImageObject","inLanguage":"de","@id":"https:\/\/www.food4animals.nl\/en\/#\/schema\/logo\/image\/","url":"https:\/\/www.food4animals.nl\/wp-content\/uploads\/2023\/10\/Logo.svg","contentUrl":"https:\/\/www.food4animals.nl\/wp-content\/uploads\/2023\/10\/Logo.svg","width":1,"height":1,"caption":"Food4animals"},"image":{"@id":"https:\/\/www.food4animals.nl\/en\/#\/schema\/logo\/image\/"},"sameAs":["https:\/\/www.facebook.com\/p\/Food4animals-100063861676074\/","https:\/\/x.com\/food4animals"]}]}},"_links":{"self":[{"href":"https:\/\/www.food4animals.nl\/de\/wp-json\/wp\/v2\/product\/12393","targetHints":{"allow":["GET"]}}],"collection":[{"href":"https:\/\/www.food4animals.nl\/de\/wp-json\/wp\/v2\/product"}],"about":[{"href":"https:\/\/www.food4animals.nl\/de\/wp-json\/wp\/v2\/types\/product"}],"wp:featuredmedia":[{"embeddable":true,"href":"https:\/\/www.food4animals.nl\/de\/wp-json\/wp\/v2\/media\/37798"}],"wp:attachment":[{"href":"https:\/\/www.food4animals.nl\/de\/wp-json\/wp\/v2\/media?parent=12393"}],"wp:term":[{"taxonomy":"product_brand","embeddable":true,"href":"https:\/\/www.food4animals.nl\/de\/wp-json\/wp\/v2\/product_brand?post=12393"},{"taxonomy":"product_cat","embeddable":true,"href":"https:\/\/www.food4animals.nl\/de\/wp-json\/wp\/v2\/product_cat?post=12393"},{"taxonomy":"product_tag","embeddable":true,"href":"https:\/\/www.food4animals.nl\/de\/wp-json\/wp\/v2\/product_tag?post=12393"}],"curies":[{"name":"wp","href":"https:\/\/api.w.org\/{rel}","templated":true}]}}