{"id":12487,"date":"2023-12-13T11:57:15","date_gmt":"2023-12-13T11:57:15","guid":{"rendered":"https:\/\/food4animals.nl\/product\/kong-rollijn-explorer-grijs-l-75m-50kg\/"},"modified":"2026-03-13T02:25:04","modified_gmt":"2026-03-13T01:25:04","slug":"kong-roll-line-explorer-grau-l-75m-50kg","status":"publish","type":"product","link":"https:\/\/www.food4animals.nl\/de\/produkt\/kong-roll-line-explorer-grau-l-75m-50kg\/","title":{"rendered":"KONG Roller Line Explorer Grau L (7,5m\/50kg)"},"content":{"rendered":"<p><span style=\"font-size: 10pt;\"><strong>KONG Wiederverwendbare Leine<\/strong><\/span><br \/><span style=\"font-size: 10pt;\">Au\u00dfergew\u00f6hnlich aktive Entdecker brauchen auf ihren t\u00e4glichen Spazierg\u00e4ngen mehr Freiheit. Mit dieser Hundeleine ist das kein Problem. Sie verf\u00fcgt \u00fcber eine 7,5 Meter lange Leine, an der alle vierbeinigen Abenteurer umherstreifen, schn\u00fcffeln und die Welt erkunden k\u00f6nnen. <\/span><br \/><span style=\"font-size: 10pt;\">Der intuitive Brems- und Anhaltemechanismus ist auf die nat\u00fcrlichen Bewegungen und das typische Laufverhalten des Hundes abgestimmt.<\/span><\/p>\n<ul>\n<li><span style=\"font-size: 10pt;\">Weicher Griff mit St\u00fctze<\/span><\/li>\n<li><span style=\"font-size: 10pt;\">Leicht zu bremsen + zu verriegeln<\/span><\/li>\n<li><span style=\"font-size: 10pt;\">KONG Gummi-Daumengriff<\/span><\/li>\n<li><span style=\"font-size: 10pt;\">Anti-Twist-System<\/span><\/li>\n<li><span style=\"font-size: 10pt;\">Starker Metall-Drehhaken<\/span><\/li>\n<\/ul>\n<p><span style=\"font-size: 10pt;\">Geeignet f\u00fcr Hunde bis zu 50 kg.<\/span><\/p>\n<p><span style=\"font-size: 10pt;\"><img loading=\"lazy\" decoding=\"async\" class=\"preview\" style=\"max-width: 100%;\" src=\"\/imagestream\/stream\/273306\/KONGEXPLGGY3.png\" alt=\"\" width=\"462\" height=\"462\" \/><\/span><\/p>","protected":false},"excerpt":{"rendered":"<p>Besonders aktive Entdecker brauchen bei ihren t\u00e4glichen Spazierg\u00e4ngen mehr Freiheit.<\/p>","protected":false},"featured_media":37704,"template":"","meta":{"_acf_changed":false},"product_brand":[],"product_cat":[937,821],"product_tag":[823,2539,1052,1890],"class_list":{"0":"post-12487","1":"product","2":"type-product","3":"status-publish","4":"has-post-thumbnail","6":"product_cat-accessoires","7":"product_cat-hond","8":"product_tag-hond","9":"product_tag-kong-het-sterkste-merk-voor-uw-huisdier-om-mee-te-spelen","10":"product_tag-lijnen","11":"product_tag-lijnen-en-tuigjes","12":"tax_brand-kong","14":"first","15":"outofstock","16":"taxable","17":"shipping-taxable","18":"purchasable","19":"product-type-simple"},"acf":[],"yoast_head":"<!-- This site is optimized with the Yoast SEO plugin v27.4 - https:\/\/yoast.com\/product\/yoast-seo-wordpress\/ -->\n<title>KONG Rollijn Explorer Grijs L (7,5m\/50kg) - Food4animals<\/title>\n<meta name=\"robots\" content=\"index, follow, max-snippet:-1, max-image-preview:large, max-video-preview:-1\" \/>\n<link rel=\"canonical\" href=\"https:\/\/www.food4animals.nl\/de\/produkt\/kong-roll-line-explorer-grau-l-75m-50kg\/\" \/>\n<meta property=\"og:locale\" content=\"de_DE\" \/>\n<meta property=\"og:type\" content=\"article\" \/>\n<meta property=\"og:title\" content=\"KONG Rollijn Explorer Grijs L (7,5m\/50kg) - Food4animals\" \/>\n<meta property=\"og:description\" content=\"Uitzonderlijk actieve ontdekkingsreizigers hebben extra vrijheid nodig bij hun dagelijkse wandelingen.\" \/>\n<meta property=\"og:url\" content=\"https:\/\/www.food4animals.nl\/de\/produkt\/kong-roll-line-explorer-grau-l-75m-50kg\/\" \/>\n<meta property=\"og:site_name\" content=\"Food4animals\" \/>\n<meta property=\"article:publisher\" content=\"https:\/\/www.facebook.com\/p\/Food4animals-100063861676074\/\" \/>\n<meta property=\"article:modified_time\" content=\"2026-03-13T01:25:04+00:00\" \/>\n<meta property=\"og:image\" content=\"https:\/\/www.food4animals.nl\/wp-content\/uploads\/2025\/11\/KONGEXPLGGY.png\" \/>\n\t<meta property=\"og:image:width\" content=\"1056\" \/>\n\t<meta property=\"og:image:height\" content=\"980\" \/>\n\t<meta property=\"og:image:type\" content=\"image\/png\" \/>\n<meta name=\"twitter:card\" content=\"summary_large_image\" \/>\n<meta name=\"twitter:site\" content=\"@food4animals\" \/>\n<script type=\"application\/ld+json\" class=\"yoast-schema-graph\">{\"@context\":\"https:\\\/\\\/schema.org\",\"@graph\":[{\"@type\":\"WebPage\",\"@id\":\"https:\\\/\\\/www.food4animals.nl\\\/product\\\/kong-rollijn-explorer-grijs-l-75m-50kg\\\/\",\"url\":\"https:\\\/\\\/www.food4animals.nl\\\/product\\\/kong-rollijn-explorer-grijs-l-75m-50kg\\\/\",\"name\":\"KONG Rollijn Explorer Grijs L (7,5m\\\/50kg) - Food4animals\",\"isPartOf\":{\"@id\":\"https:\\\/\\\/www.food4animals.nl\\\/en\\\/#website\"},\"primaryImageOfPage\":{\"@id\":\"https:\\\/\\\/www.food4animals.nl\\\/product\\\/kong-rollijn-explorer-grijs-l-75m-50kg\\\/#primaryimage\"},\"image\":{\"@id\":\"https:\\\/\\\/www.food4animals.nl\\\/product\\\/kong-rollijn-explorer-grijs-l-75m-50kg\\\/#primaryimage\"},\"thumbnailUrl\":\"https:\\\/\\\/www.food4animals.nl\\\/wp-content\\\/uploads\\\/2025\\\/11\\\/KONGEXPLGGY.png\",\"datePublished\":\"2023-12-13T11:57:15+00:00\",\"dateModified\":\"2026-03-13T01:25:04+00:00\",\"breadcrumb\":{\"@id\":\"https:\\\/\\\/www.food4animals.nl\\\/product\\\/kong-rollijn-explorer-grijs-l-75m-50kg\\\/#breadcrumb\"},\"inLanguage\":\"de\",\"potentialAction\":[{\"@type\":\"ReadAction\",\"target\":[\"https:\\\/\\\/www.food4animals.nl\\\/product\\\/kong-rollijn-explorer-grijs-l-75m-50kg\\\/\"]}]},{\"@type\":\"ImageObject\",\"inLanguage\":\"de\",\"@id\":\"https:\\\/\\\/www.food4animals.nl\\\/product\\\/kong-rollijn-explorer-grijs-l-75m-50kg\\\/#primaryimage\",\"url\":\"https:\\\/\\\/www.food4animals.nl\\\/wp-content\\\/uploads\\\/2025\\\/11\\\/KONGEXPLGGY.png\",\"contentUrl\":\"https:\\\/\\\/www.food4animals.nl\\\/wp-content\\\/uploads\\\/2025\\\/11\\\/KONGEXPLGGY.png\",\"width\":1056,\"height\":980},{\"@type\":\"BreadcrumbList\",\"@id\":\"https:\\\/\\\/www.food4animals.nl\\\/product\\\/kong-rollijn-explorer-grijs-l-75m-50kg\\\/#breadcrumb\",\"itemListElement\":[{\"@type\":\"ListItem\",\"position\":1,\"name\":\"Home\",\"item\":\"https:\\\/\\\/www.food4animals.nl\\\/\"},{\"@type\":\"ListItem\",\"position\":2,\"name\":\"Winkel\",\"item\":\"https:\\\/\\\/www.food4animals.nl\\\/winkel\\\/\"},{\"@type\":\"ListItem\",\"position\":3,\"name\":\"KONG Rollijn Explorer Grijs L (7,5m\\\/50kg)\"}]},{\"@type\":\"WebSite\",\"@id\":\"https:\\\/\\\/www.food4animals.nl\\\/en\\\/#website\",\"url\":\"https:\\\/\\\/www.food4animals.nl\\\/en\\\/\",\"name\":\"Food4animals\",\"description\":\"Alles voor Ruiter en Dier\",\"publisher\":{\"@id\":\"https:\\\/\\\/www.food4animals.nl\\\/en\\\/#organization\"},\"potentialAction\":[{\"@type\":\"SearchAction\",\"target\":{\"@type\":\"EntryPoint\",\"urlTemplate\":\"https:\\\/\\\/www.food4animals.nl\\\/en\\\/?s={search_term_string}\"},\"query-input\":{\"@type\":\"PropertyValueSpecification\",\"valueRequired\":true,\"valueName\":\"search_term_string\"}}],\"inLanguage\":\"de\"},{\"@type\":\"Organization\",\"@id\":\"https:\\\/\\\/www.food4animals.nl\\\/en\\\/#organization\",\"name\":\"Food4animals\",\"url\":\"https:\\\/\\\/www.food4animals.nl\\\/en\\\/\",\"logo\":{\"@type\":\"ImageObject\",\"inLanguage\":\"de\",\"@id\":\"https:\\\/\\\/www.food4animals.nl\\\/en\\\/#\\\/schema\\\/logo\\\/image\\\/\",\"url\":\"https:\\\/\\\/www.food4animals.nl\\\/wp-content\\\/uploads\\\/2023\\\/10\\\/Logo.svg\",\"contentUrl\":\"https:\\\/\\\/www.food4animals.nl\\\/wp-content\\\/uploads\\\/2023\\\/10\\\/Logo.svg\",\"width\":1,\"height\":1,\"caption\":\"Food4animals\"},\"image\":{\"@id\":\"https:\\\/\\\/www.food4animals.nl\\\/en\\\/#\\\/schema\\\/logo\\\/image\\\/\"},\"sameAs\":[\"https:\\\/\\\/www.facebook.com\\\/p\\\/Food4animals-100063861676074\\\/\",\"https:\\\/\\\/x.com\\\/food4animals\"]}]}<\/script>\n<!-- \/ Yoast SEO plugin. -->","yoast_head_json":{"title":"KONG Roller Line Explorer Grau L (7,5m\/50kg) - Food4animals","robots":{"index":"index","follow":"follow","max-snippet":"max-snippet:-1","max-image-preview":"max-image-preview:large","max-video-preview":"max-video-preview:-1"},"canonical":"https:\/\/www.food4animals.nl\/de\/produkt\/kong-roll-line-explorer-grau-l-75m-50kg\/","og_locale":"de_DE","og_type":"article","og_title":"KONG Rollijn Explorer Grijs L (7,5m\/50kg) - Food4animals","og_description":"Uitzonderlijk actieve ontdekkingsreizigers hebben extra vrijheid nodig bij hun dagelijkse wandelingen.","og_url":"https:\/\/www.food4animals.nl\/de\/produkt\/kong-roll-line-explorer-grau-l-75m-50kg\/","og_site_name":"Food4animals","article_publisher":"https:\/\/www.facebook.com\/p\/Food4animals-100063861676074\/","article_modified_time":"2026-03-13T01:25:04+00:00","og_image":[{"width":1056,"height":980,"url":"https:\/\/www.food4animals.nl\/wp-content\/uploads\/2025\/11\/KONGEXPLGGY.png","type":"image\/png"}],"twitter_card":"summary_large_image","twitter_site":"@food4animals","schema":{"@context":"https:\/\/schema.org","@graph":[{"@type":"WebPage","@id":"https:\/\/www.food4animals.nl\/product\/kong-rollijn-explorer-grijs-l-75m-50kg\/","url":"https:\/\/www.food4animals.nl\/product\/kong-rollijn-explorer-grijs-l-75m-50kg\/","name":"KONG Roller Line Explorer Grau L (7,5m\/50kg) - Food4animals","isPartOf":{"@id":"https:\/\/www.food4animals.nl\/en\/#website"},"primaryImageOfPage":{"@id":"https:\/\/www.food4animals.nl\/product\/kong-rollijn-explorer-grijs-l-75m-50kg\/#primaryimage"},"image":{"@id":"https:\/\/www.food4animals.nl\/product\/kong-rollijn-explorer-grijs-l-75m-50kg\/#primaryimage"},"thumbnailUrl":"https:\/\/www.food4animals.nl\/wp-content\/uploads\/2025\/11\/KONGEXPLGGY.png","datePublished":"2023-12-13T11:57:15+00:00","dateModified":"2026-03-13T01:25:04+00:00","breadcrumb":{"@id":"https:\/\/www.food4animals.nl\/product\/kong-rollijn-explorer-grijs-l-75m-50kg\/#breadcrumb"},"inLanguage":"de","potentialAction":[{"@type":"ReadAction","target":["https:\/\/www.food4animals.nl\/product\/kong-rollijn-explorer-grijs-l-75m-50kg\/"]}]},{"@type":"ImageObject","inLanguage":"de","@id":"https:\/\/www.food4animals.nl\/product\/kong-rollijn-explorer-grijs-l-75m-50kg\/#primaryimage","url":"https:\/\/www.food4animals.nl\/wp-content\/uploads\/2025\/11\/KONGEXPLGGY.png","contentUrl":"https:\/\/www.food4animals.nl\/wp-content\/uploads\/2025\/11\/KONGEXPLGGY.png","width":1056,"height":980},{"@type":"BreadcrumbList","@id":"https:\/\/www.food4animals.nl\/product\/kong-rollijn-explorer-grijs-l-75m-50kg\/#breadcrumb","itemListElement":[{"@type":"ListItem","position":1,"name":"Home","item":"https:\/\/www.food4animals.nl\/"},{"@type":"ListItem","position":2,"name":"Winkel","item":"https:\/\/www.food4animals.nl\/winkel\/"},{"@type":"ListItem","position":3,"name":"KONG Rollijn Explorer Grijs L (7,5m\/50kg)"}]},{"@type":"WebSite","@id":"https:\/\/www.food4animals.nl\/en\/#website","url":"https:\/\/www.food4animals.nl\/en\/","name":"Lebensmittel4Tiere","description":"Alles f\u00fcr Reiter und Tier","publisher":{"@id":"https:\/\/www.food4animals.nl\/en\/#organization"},"potentialAction":[{"@type":"SearchAction","target":{"@type":"EntryPoint","urlTemplate":"https:\/\/www.food4animals.nl\/en\/?s={search_term_string}"},"query-input":{"@type":"PropertyValueSpecification","valueRequired":true,"valueName":"search_term_string"}}],"inLanguage":"de"},{"@type":"Organization","@id":"https:\/\/www.food4animals.nl\/en\/#organization","name":"Lebensmittel4Tiere","url":"https:\/\/www.food4animals.nl\/en\/","logo":{"@type":"ImageObject","inLanguage":"de","@id":"https:\/\/www.food4animals.nl\/en\/#\/schema\/logo\/image\/","url":"https:\/\/www.food4animals.nl\/wp-content\/uploads\/2023\/10\/Logo.svg","contentUrl":"https:\/\/www.food4animals.nl\/wp-content\/uploads\/2023\/10\/Logo.svg","width":1,"height":1,"caption":"Food4animals"},"image":{"@id":"https:\/\/www.food4animals.nl\/en\/#\/schema\/logo\/image\/"},"sameAs":["https:\/\/www.facebook.com\/p\/Food4animals-100063861676074\/","https:\/\/x.com\/food4animals"]}]}},"_links":{"self":[{"href":"https:\/\/www.food4animals.nl\/de\/wp-json\/wp\/v2\/product\/12487","targetHints":{"allow":["GET"]}}],"collection":[{"href":"https:\/\/www.food4animals.nl\/de\/wp-json\/wp\/v2\/product"}],"about":[{"href":"https:\/\/www.food4animals.nl\/de\/wp-json\/wp\/v2\/types\/product"}],"wp:featuredmedia":[{"embeddable":true,"href":"https:\/\/www.food4animals.nl\/de\/wp-json\/wp\/v2\/media\/37704"}],"wp:attachment":[{"href":"https:\/\/www.food4animals.nl\/de\/wp-json\/wp\/v2\/media?parent=12487"}],"wp:term":[{"taxonomy":"product_brand","embeddable":true,"href":"https:\/\/www.food4animals.nl\/de\/wp-json\/wp\/v2\/product_brand?post=12487"},{"taxonomy":"product_cat","embeddable":true,"href":"https:\/\/www.food4animals.nl\/de\/wp-json\/wp\/v2\/product_cat?post=12487"},{"taxonomy":"product_tag","embeddable":true,"href":"https:\/\/www.food4animals.nl\/de\/wp-json\/wp\/v2\/product_tag?post=12487"}],"curies":[{"name":"wp","href":"https:\/\/api.w.org\/{rel}","templated":true}]}}