{"id":12733,"date":"2023-12-13T12:08:41","date_gmt":"2023-12-13T12:08:41","guid":{"rendered":"https:\/\/food4animals.nl\/product\/kong-signature-ball-md-eu-bulk\/"},"modified":"2026-04-18T01:32:08","modified_gmt":"2026-04-18T00:32:08","slug":"kong-signature-ball-md-eu-bulk","status":"publish","type":"product","link":"https:\/\/www.food4animals.nl\/de\/produkt\/kong-signature-ball-md-eu-bulk\/","title":{"rendered":"KONG Signature Ball Md EU Bulk"},"content":{"rendered":"<p><span style=\"font-size: 10pt;\"><strong>Signatur-Kugeln<\/strong><\/span><br \/><span style=\"font-size: 10pt;\">Mit dem KONG Signature Ball kann Ihr Hund l\u00e4nger und mit mehr Spa\u00df Apportieren spielen. Mit einer langlebigen Konstruktion ist dieser Ball ideal f\u00fcr Hunde, die nie m\u00fcde werden, zu spielen. Enth\u00e4lt einen Quietscher f\u00fcr zus\u00e4tzlichen Spielspa\u00df und h\u00fcpft h\u00f6her als ein normaler Tennisball.<\/span><\/p>\n<p><span style=\"font-size: 10pt;\">- Der Ball springt besonders hoch<\/span><\/p>\n<p><span style=\"font-size: 10pt;\">- Hergestellt aus robustem Material<\/span><\/p>\n<p><span style=\"font-size: 10pt;\">- Stimuliert den nat\u00fcrlichen Jagdinstinkt Ihres Hundes<\/span><\/p>\n<p><span style=\"font-size: 10pt;\">- Ideal f\u00fcr interaktive Spiele<\/span><\/p>\n<p><span style=\"font-size: 10pt;\">- Perfekt zum Spielen im Freien<\/span><\/p>\n<p><span style=\"font-size: 10pt;\"><strong>Format<\/strong><\/span><br \/><span style=\"font-size: 10pt;\">Medium (tot 16 kg)<\/span><\/p>","protected":false},"excerpt":{"rendered":"<p>Ideal f\u00fcr Hunde, die nie m\u00fcde werden zu spielen.<\/p>","protected":false},"featured_media":38339,"template":"","meta":{"_acf_changed":false},"product_brand":[],"product_cat":[821,822],"product_tag":[827,823,2539],"class_list":{"0":"post-12733","1":"product","2":"type-product","3":"status-publish","4":"has-post-thumbnail","6":"product_cat-hond","7":"product_cat-speelgoed","8":"product_tag-ballen","9":"product_tag-hond","10":"product_tag-kong-het-sterkste-merk-voor-uw-huisdier-om-mee-te-spelen","11":"tax_brand-kong","13":"first","14":"instock","15":"taxable","16":"shipping-taxable","17":"purchasable","18":"product-type-simple"},"acf":[],"yoast_head":"<!-- This site is optimized with the Yoast SEO plugin v27.4 - https:\/\/yoast.com\/product\/yoast-seo-wordpress\/ -->\n<title>KONG Signature Ball Md EU Bulk - Food4animals<\/title>\n<meta name=\"robots\" content=\"index, follow, max-snippet:-1, max-image-preview:large, max-video-preview:-1\" \/>\n<link rel=\"canonical\" href=\"https:\/\/www.food4animals.nl\/de\/produkt\/kong-signature-ball-md-eu-bulk\/\" \/>\n<meta property=\"og:locale\" content=\"de_DE\" \/>\n<meta property=\"og:type\" content=\"article\" \/>\n<meta property=\"og:title\" content=\"KONG Signature Ball Md EU Bulk - Food4animals\" \/>\n<meta property=\"og:description\" content=\"Zeer geschikt voor honden die nooit genoeg krijgen van spelletjes.\" \/>\n<meta property=\"og:url\" content=\"https:\/\/www.food4animals.nl\/de\/produkt\/kong-signature-ball-md-eu-bulk\/\" \/>\n<meta property=\"og:site_name\" content=\"Food4animals\" \/>\n<meta property=\"article:publisher\" content=\"https:\/\/www.facebook.com\/p\/Food4animals-100063861676074\/\" \/>\n<meta property=\"article:modified_time\" content=\"2026-04-18T00:32:08+00:00\" \/>\n<meta property=\"og:image\" content=\"https:\/\/www.food4animals.nl\/wp-content\/uploads\/2025\/11\/KONGSKB2BE.png\" \/>\n\t<meta property=\"og:image:width\" content=\"980\" \/>\n\t<meta property=\"og:image:height\" content=\"980\" \/>\n\t<meta property=\"og:image:type\" content=\"image\/png\" \/>\n<meta name=\"twitter:card\" content=\"summary_large_image\" \/>\n<meta name=\"twitter:site\" content=\"@food4animals\" \/>\n<script type=\"application\/ld+json\" class=\"yoast-schema-graph\">{\"@context\":\"https:\\\/\\\/schema.org\",\"@graph\":[{\"@type\":\"WebPage\",\"@id\":\"https:\\\/\\\/www.food4animals.nl\\\/product\\\/kong-signature-ball-md-eu-bulk\\\/\",\"url\":\"https:\\\/\\\/www.food4animals.nl\\\/product\\\/kong-signature-ball-md-eu-bulk\\\/\",\"name\":\"KONG Signature Ball Md EU Bulk - Food4animals\",\"isPartOf\":{\"@id\":\"https:\\\/\\\/www.food4animals.nl\\\/en\\\/#website\"},\"primaryImageOfPage\":{\"@id\":\"https:\\\/\\\/www.food4animals.nl\\\/product\\\/kong-signature-ball-md-eu-bulk\\\/#primaryimage\"},\"image\":{\"@id\":\"https:\\\/\\\/www.food4animals.nl\\\/product\\\/kong-signature-ball-md-eu-bulk\\\/#primaryimage\"},\"thumbnailUrl\":\"https:\\\/\\\/www.food4animals.nl\\\/wp-content\\\/uploads\\\/2025\\\/11\\\/KONGSKB2BE.png\",\"datePublished\":\"2023-12-13T12:08:41+00:00\",\"dateModified\":\"2026-04-18T00:32:08+00:00\",\"breadcrumb\":{\"@id\":\"https:\\\/\\\/www.food4animals.nl\\\/product\\\/kong-signature-ball-md-eu-bulk\\\/#breadcrumb\"},\"inLanguage\":\"de\",\"potentialAction\":[{\"@type\":\"ReadAction\",\"target\":[\"https:\\\/\\\/www.food4animals.nl\\\/product\\\/kong-signature-ball-md-eu-bulk\\\/\"]}]},{\"@type\":\"ImageObject\",\"inLanguage\":\"de\",\"@id\":\"https:\\\/\\\/www.food4animals.nl\\\/product\\\/kong-signature-ball-md-eu-bulk\\\/#primaryimage\",\"url\":\"https:\\\/\\\/www.food4animals.nl\\\/wp-content\\\/uploads\\\/2025\\\/11\\\/KONGSKB2BE.png\",\"contentUrl\":\"https:\\\/\\\/www.food4animals.nl\\\/wp-content\\\/uploads\\\/2025\\\/11\\\/KONGSKB2BE.png\",\"width\":980,\"height\":980},{\"@type\":\"BreadcrumbList\",\"@id\":\"https:\\\/\\\/www.food4animals.nl\\\/product\\\/kong-signature-ball-md-eu-bulk\\\/#breadcrumb\",\"itemListElement\":[{\"@type\":\"ListItem\",\"position\":1,\"name\":\"Home\",\"item\":\"https:\\\/\\\/www.food4animals.nl\\\/\"},{\"@type\":\"ListItem\",\"position\":2,\"name\":\"Winkel\",\"item\":\"https:\\\/\\\/www.food4animals.nl\\\/winkel\\\/\"},{\"@type\":\"ListItem\",\"position\":3,\"name\":\"KONG Signature Ball Md EU Bulk\"}]},{\"@type\":\"WebSite\",\"@id\":\"https:\\\/\\\/www.food4animals.nl\\\/en\\\/#website\",\"url\":\"https:\\\/\\\/www.food4animals.nl\\\/en\\\/\",\"name\":\"Food4animals\",\"description\":\"Alles voor Ruiter en Dier\",\"publisher\":{\"@id\":\"https:\\\/\\\/www.food4animals.nl\\\/en\\\/#organization\"},\"potentialAction\":[{\"@type\":\"SearchAction\",\"target\":{\"@type\":\"EntryPoint\",\"urlTemplate\":\"https:\\\/\\\/www.food4animals.nl\\\/en\\\/?s={search_term_string}\"},\"query-input\":{\"@type\":\"PropertyValueSpecification\",\"valueRequired\":true,\"valueName\":\"search_term_string\"}}],\"inLanguage\":\"de\"},{\"@type\":\"Organization\",\"@id\":\"https:\\\/\\\/www.food4animals.nl\\\/en\\\/#organization\",\"name\":\"Food4animals\",\"url\":\"https:\\\/\\\/www.food4animals.nl\\\/en\\\/\",\"logo\":{\"@type\":\"ImageObject\",\"inLanguage\":\"de\",\"@id\":\"https:\\\/\\\/www.food4animals.nl\\\/en\\\/#\\\/schema\\\/logo\\\/image\\\/\",\"url\":\"https:\\\/\\\/www.food4animals.nl\\\/wp-content\\\/uploads\\\/2023\\\/10\\\/Logo.svg\",\"contentUrl\":\"https:\\\/\\\/www.food4animals.nl\\\/wp-content\\\/uploads\\\/2023\\\/10\\\/Logo.svg\",\"width\":1,\"height\":1,\"caption\":\"Food4animals\"},\"image\":{\"@id\":\"https:\\\/\\\/www.food4animals.nl\\\/en\\\/#\\\/schema\\\/logo\\\/image\\\/\"},\"sameAs\":[\"https:\\\/\\\/www.facebook.com\\\/p\\\/Food4animals-100063861676074\\\/\",\"https:\\\/\\\/x.com\\\/food4animals\"]}]}<\/script>\n<!-- \/ Yoast SEO plugin. -->","yoast_head_json":{"title":"KONG Signature Ball Md EU Bulk - Food4animals","robots":{"index":"index","follow":"follow","max-snippet":"max-snippet:-1","max-image-preview":"max-image-preview:large","max-video-preview":"max-video-preview:-1"},"canonical":"https:\/\/www.food4animals.nl\/de\/produkt\/kong-signature-ball-md-eu-bulk\/","og_locale":"de_DE","og_type":"article","og_title":"KONG Signature Ball Md EU Bulk - Food4animals","og_description":"Zeer geschikt voor honden die nooit genoeg krijgen van spelletjes.","og_url":"https:\/\/www.food4animals.nl\/de\/produkt\/kong-signature-ball-md-eu-bulk\/","og_site_name":"Food4animals","article_publisher":"https:\/\/www.facebook.com\/p\/Food4animals-100063861676074\/","article_modified_time":"2026-04-18T00:32:08+00:00","og_image":[{"width":980,"height":980,"url":"https:\/\/www.food4animals.nl\/wp-content\/uploads\/2025\/11\/KONGSKB2BE.png","type":"image\/png"}],"twitter_card":"summary_large_image","twitter_site":"@food4animals","schema":{"@context":"https:\/\/schema.org","@graph":[{"@type":"WebPage","@id":"https:\/\/www.food4animals.nl\/product\/kong-signature-ball-md-eu-bulk\/","url":"https:\/\/www.food4animals.nl\/product\/kong-signature-ball-md-eu-bulk\/","name":"KONG Signature Ball Md EU Bulk - Food4animals","isPartOf":{"@id":"https:\/\/www.food4animals.nl\/en\/#website"},"primaryImageOfPage":{"@id":"https:\/\/www.food4animals.nl\/product\/kong-signature-ball-md-eu-bulk\/#primaryimage"},"image":{"@id":"https:\/\/www.food4animals.nl\/product\/kong-signature-ball-md-eu-bulk\/#primaryimage"},"thumbnailUrl":"https:\/\/www.food4animals.nl\/wp-content\/uploads\/2025\/11\/KONGSKB2BE.png","datePublished":"2023-12-13T12:08:41+00:00","dateModified":"2026-04-18T00:32:08+00:00","breadcrumb":{"@id":"https:\/\/www.food4animals.nl\/product\/kong-signature-ball-md-eu-bulk\/#breadcrumb"},"inLanguage":"de","potentialAction":[{"@type":"ReadAction","target":["https:\/\/www.food4animals.nl\/product\/kong-signature-ball-md-eu-bulk\/"]}]},{"@type":"ImageObject","inLanguage":"de","@id":"https:\/\/www.food4animals.nl\/product\/kong-signature-ball-md-eu-bulk\/#primaryimage","url":"https:\/\/www.food4animals.nl\/wp-content\/uploads\/2025\/11\/KONGSKB2BE.png","contentUrl":"https:\/\/www.food4animals.nl\/wp-content\/uploads\/2025\/11\/KONGSKB2BE.png","width":980,"height":980},{"@type":"BreadcrumbList","@id":"https:\/\/www.food4animals.nl\/product\/kong-signature-ball-md-eu-bulk\/#breadcrumb","itemListElement":[{"@type":"ListItem","position":1,"name":"Home","item":"https:\/\/www.food4animals.nl\/"},{"@type":"ListItem","position":2,"name":"Winkel","item":"https:\/\/www.food4animals.nl\/winkel\/"},{"@type":"ListItem","position":3,"name":"KONG Signature Ball Md EU Bulk"}]},{"@type":"WebSite","@id":"https:\/\/www.food4animals.nl\/en\/#website","url":"https:\/\/www.food4animals.nl\/en\/","name":"Lebensmittel4Tiere","description":"Alles f\u00fcr Reiter und Tier","publisher":{"@id":"https:\/\/www.food4animals.nl\/en\/#organization"},"potentialAction":[{"@type":"SearchAction","target":{"@type":"EntryPoint","urlTemplate":"https:\/\/www.food4animals.nl\/en\/?s={search_term_string}"},"query-input":{"@type":"PropertyValueSpecification","valueRequired":true,"valueName":"search_term_string"}}],"inLanguage":"de"},{"@type":"Organization","@id":"https:\/\/www.food4animals.nl\/en\/#organization","name":"Lebensmittel4Tiere","url":"https:\/\/www.food4animals.nl\/en\/","logo":{"@type":"ImageObject","inLanguage":"de","@id":"https:\/\/www.food4animals.nl\/en\/#\/schema\/logo\/image\/","url":"https:\/\/www.food4animals.nl\/wp-content\/uploads\/2023\/10\/Logo.svg","contentUrl":"https:\/\/www.food4animals.nl\/wp-content\/uploads\/2023\/10\/Logo.svg","width":1,"height":1,"caption":"Food4animals"},"image":{"@id":"https:\/\/www.food4animals.nl\/en\/#\/schema\/logo\/image\/"},"sameAs":["https:\/\/www.facebook.com\/p\/Food4animals-100063861676074\/","https:\/\/x.com\/food4animals"]}]}},"_links":{"self":[{"href":"https:\/\/www.food4animals.nl\/de\/wp-json\/wp\/v2\/product\/12733","targetHints":{"allow":["GET"]}}],"collection":[{"href":"https:\/\/www.food4animals.nl\/de\/wp-json\/wp\/v2\/product"}],"about":[{"href":"https:\/\/www.food4animals.nl\/de\/wp-json\/wp\/v2\/types\/product"}],"wp:featuredmedia":[{"embeddable":true,"href":"https:\/\/www.food4animals.nl\/de\/wp-json\/wp\/v2\/media\/38339"}],"wp:attachment":[{"href":"https:\/\/www.food4animals.nl\/de\/wp-json\/wp\/v2\/media?parent=12733"}],"wp:term":[{"taxonomy":"product_brand","embeddable":true,"href":"https:\/\/www.food4animals.nl\/de\/wp-json\/wp\/v2\/product_brand?post=12733"},{"taxonomy":"product_cat","embeddable":true,"href":"https:\/\/www.food4animals.nl\/de\/wp-json\/wp\/v2\/product_cat?post=12733"},{"taxonomy":"product_tag","embeddable":true,"href":"https:\/\/www.food4animals.nl\/de\/wp-json\/wp\/v2\/product_tag?post=12733"}],"curies":[{"name":"wp","href":"https:\/\/api.w.org\/{rel}","templated":true}]}}