{"id":12786,"date":"2023-12-13T12:10:45","date_gmt":"2023-12-13T12:10:45","guid":{"rendered":"https:\/\/food4animals.nl\/product\/kong-signature-stick-lg\/"},"modified":"2025-11-06T02:34:37","modified_gmt":"2025-11-06T01:34:37","slug":"kong-signatur-stick-lg","status":"publish","type":"product","link":"https:\/\/www.food4animals.nl\/de\/produkt\/kong-signatur-stick-lg\/","title":{"rendered":"KONG Unterschrift Stick Lg"},"content":{"rendered":"<h2><span style=\"font-size: 10pt;\"><strong>KONG Wurfholz<\/strong><\/span><\/h2>\n<p><span style=\"font-size: 10pt;\">Dieser robuste Wurfstock garantiert stundenlangen Zieh- und Apportierspa\u00df. Hergestellt aus strapazierf\u00e4higem, sehr starkem Material in KONG-Qualit\u00e4t.\u00a0<\/span><\/p>\n<p><span style=\"font-size: 10pt;\">Nat\u00fcrlich mit einem Quietscher, damit es noch mehr Spa\u00df macht. Trotz des robusten Materials ist er sanft zu Z\u00e4hnen und Zahnfleisch und wurde speziell entwickelt, um leicht aufgenommen werden zu k\u00f6nnen.<\/span><\/p>\n<ul>\n<li><span style=\"font-size: 10pt;\">Robustes und langlebiges Aussehen<\/span><\/li>\n<li><span style=\"font-size: 10pt;\">Quietscht, klappert und knittert\u00a0<\/span><\/li>\n<li><span style=\"font-size: 10pt;\">Schonend f\u00fcr Z\u00e4hne und Zahnfleisch<\/span><\/li>\n<\/ul>\n<p><span style=\"font-size: 10pt;\"><strong>Format<\/strong><\/span><br \/><span style=\"font-size: 10pt;\">Mittel 33 cm (KONGSK2E)<\/span><br \/><span style=\"font-size: 10pt;\">Gro\u00df 50 cm (KONGSK1E)<\/span><br \/><span style=\"font-size: 10pt;\">X Gro\u00df 63 cm (KONGSKXE)<\/span><\/p>","protected":false},"excerpt":{"rendered":"<p>Robuster Wurfstock f\u00fcr stundenlangen Zieh- und Apportierspa\u00df.<\/p>","protected":false},"featured_media":0,"template":"","meta":{"_acf_changed":false},"product_brand":[],"product_cat":[821,822],"product_tag":[955,823,2539,901],"class_list":{"0":"post-12786","1":"product","2":"type-product","3":"status-publish","5":"product_cat-hond","6":"product_cat-speelgoed","7":"product_tag-apporteren","8":"product_tag-hond","9":"product_tag-kong-het-sterkste-merk-voor-uw-huisdier-om-mee-te-spelen","10":"product_tag-l","11":"tax_brand-kong","13":"first","14":"outofstock","15":"taxable","16":"shipping-taxable","17":"purchasable","18":"product-type-simple"},"acf":[],"yoast_head":"<!-- This site is optimized with the Yoast SEO plugin v27.2 - https:\/\/yoast.com\/product\/yoast-seo-wordpress\/ -->\n<title>KONG Signature Stick Lg - Food4animals<\/title>\n<meta name=\"robots\" content=\"index, follow, max-snippet:-1, max-image-preview:large, max-video-preview:-1\" \/>\n<link rel=\"canonical\" href=\"https:\/\/www.food4animals.nl\/de\/produkt\/kong-signatur-stick-lg\/\" \/>\n<meta property=\"og:locale\" content=\"de_DE\" \/>\n<meta property=\"og:type\" content=\"article\" \/>\n<meta property=\"og:title\" content=\"KONG Signature Stick Lg - Food4animals\" \/>\n<meta property=\"og:description\" content=\"Stoere werpstok voor urenlang trek- en apporteerplezier.\" \/>\n<meta property=\"og:url\" content=\"https:\/\/www.food4animals.nl\/de\/produkt\/kong-signatur-stick-lg\/\" \/>\n<meta property=\"og:site_name\" content=\"Food4animals\" \/>\n<meta property=\"article:publisher\" content=\"https:\/\/www.facebook.com\/p\/Food4animals-100063861676074\/\" \/>\n<meta property=\"article:modified_time\" content=\"2025-11-06T01:34:37+00:00\" \/>\n<meta name=\"twitter:card\" content=\"summary_large_image\" \/>\n<meta name=\"twitter:site\" content=\"@food4animals\" \/>\n<script type=\"application\/ld+json\" class=\"yoast-schema-graph\">{\"@context\":\"https:\/\/schema.org\",\"@graph\":[{\"@type\":\"WebPage\",\"@id\":\"https:\/\/www.food4animals.nl\/product\/kong-signature-stick-lg\/\",\"url\":\"https:\/\/www.food4animals.nl\/product\/kong-signature-stick-lg\/\",\"name\":\"KONG Signature Stick Lg - Food4animals\",\"isPartOf\":{\"@id\":\"https:\/\/www.food4animals.nl\/en\/#website\"},\"datePublished\":\"2023-12-13T12:10:45+00:00\",\"dateModified\":\"2025-11-06T01:34:37+00:00\",\"breadcrumb\":{\"@id\":\"https:\/\/www.food4animals.nl\/product\/kong-signature-stick-lg\/#breadcrumb\"},\"inLanguage\":\"de\",\"potentialAction\":[{\"@type\":\"ReadAction\",\"target\":[\"https:\/\/www.food4animals.nl\/product\/kong-signature-stick-lg\/\"]}]},{\"@type\":\"BreadcrumbList\",\"@id\":\"https:\/\/www.food4animals.nl\/product\/kong-signature-stick-lg\/#breadcrumb\",\"itemListElement\":[{\"@type\":\"ListItem\",\"position\":1,\"name\":\"Home\",\"item\":\"https:\/\/www.food4animals.nl\/\"},{\"@type\":\"ListItem\",\"position\":2,\"name\":\"Winkel\",\"item\":\"https:\/\/www.food4animals.nl\/winkel\/\"},{\"@type\":\"ListItem\",\"position\":3,\"name\":\"KONG Signature Stick Lg\"}]},{\"@type\":\"WebSite\",\"@id\":\"https:\/\/www.food4animals.nl\/en\/#website\",\"url\":\"https:\/\/www.food4animals.nl\/en\/\",\"name\":\"Food4animals\",\"description\":\"Alles voor Ruiter en Dier\",\"publisher\":{\"@id\":\"https:\/\/www.food4animals.nl\/en\/#organization\"},\"potentialAction\":[{\"@type\":\"SearchAction\",\"target\":{\"@type\":\"EntryPoint\",\"urlTemplate\":\"https:\/\/www.food4animals.nl\/en\/?s={search_term_string}\"},\"query-input\":{\"@type\":\"PropertyValueSpecification\",\"valueRequired\":true,\"valueName\":\"search_term_string\"}}],\"inLanguage\":\"de\"},{\"@type\":\"Organization\",\"@id\":\"https:\/\/www.food4animals.nl\/en\/#organization\",\"name\":\"Food4animals\",\"url\":\"https:\/\/www.food4animals.nl\/en\/\",\"logo\":{\"@type\":\"ImageObject\",\"inLanguage\":\"de\",\"@id\":\"https:\/\/www.food4animals.nl\/en\/#\/schema\/logo\/image\/\",\"url\":\"https:\/\/www.food4animals.nl\/wp-content\/uploads\/2023\/10\/Logo.svg\",\"contentUrl\":\"https:\/\/www.food4animals.nl\/wp-content\/uploads\/2023\/10\/Logo.svg\",\"width\":1,\"height\":1,\"caption\":\"Food4animals\"},\"image\":{\"@id\":\"https:\/\/www.food4animals.nl\/en\/#\/schema\/logo\/image\/\"},\"sameAs\":[\"https:\/\/www.facebook.com\/p\/Food4animals-100063861676074\/\",\"https:\/\/x.com\/food4animals\"]}]}<\/script>\n<!-- \/ Yoast SEO plugin. -->","yoast_head_json":{"title":"KONG Signature Stick Lg - Food4animals","robots":{"index":"index","follow":"follow","max-snippet":"max-snippet:-1","max-image-preview":"max-image-preview:large","max-video-preview":"max-video-preview:-1"},"canonical":"https:\/\/www.food4animals.nl\/de\/produkt\/kong-signatur-stick-lg\/","og_locale":"de_DE","og_type":"article","og_title":"KONG Signature Stick Lg - Food4animals","og_description":"Stoere werpstok voor urenlang trek- en apporteerplezier.","og_url":"https:\/\/www.food4animals.nl\/de\/produkt\/kong-signatur-stick-lg\/","og_site_name":"Food4animals","article_publisher":"https:\/\/www.facebook.com\/p\/Food4animals-100063861676074\/","article_modified_time":"2025-11-06T01:34:37+00:00","twitter_card":"summary_large_image","twitter_site":"@food4animals","schema":{"@context":"https:\/\/schema.org","@graph":[{"@type":"WebPage","@id":"https:\/\/www.food4animals.nl\/product\/kong-signature-stick-lg\/","url":"https:\/\/www.food4animals.nl\/product\/kong-signature-stick-lg\/","name":"KONG Signature Stick Lg - Food4animals","isPartOf":{"@id":"https:\/\/www.food4animals.nl\/en\/#website"},"datePublished":"2023-12-13T12:10:45+00:00","dateModified":"2025-11-06T01:34:37+00:00","breadcrumb":{"@id":"https:\/\/www.food4animals.nl\/product\/kong-signature-stick-lg\/#breadcrumb"},"inLanguage":"de","potentialAction":[{"@type":"ReadAction","target":["https:\/\/www.food4animals.nl\/product\/kong-signature-stick-lg\/"]}]},{"@type":"BreadcrumbList","@id":"https:\/\/www.food4animals.nl\/product\/kong-signature-stick-lg\/#breadcrumb","itemListElement":[{"@type":"ListItem","position":1,"name":"Home","item":"https:\/\/www.food4animals.nl\/"},{"@type":"ListItem","position":2,"name":"Winkel","item":"https:\/\/www.food4animals.nl\/winkel\/"},{"@type":"ListItem","position":3,"name":"KONG Signature Stick Lg"}]},{"@type":"WebSite","@id":"https:\/\/www.food4animals.nl\/en\/#website","url":"https:\/\/www.food4animals.nl\/en\/","name":"Lebensmittel4Tiere","description":"Alles f\u00fcr Reiter und Tier","publisher":{"@id":"https:\/\/www.food4animals.nl\/en\/#organization"},"potentialAction":[{"@type":"SearchAction","target":{"@type":"EntryPoint","urlTemplate":"https:\/\/www.food4animals.nl\/en\/?s={search_term_string}"},"query-input":{"@type":"PropertyValueSpecification","valueRequired":true,"valueName":"search_term_string"}}],"inLanguage":"de"},{"@type":"Organization","@id":"https:\/\/www.food4animals.nl\/en\/#organization","name":"Lebensmittel4Tiere","url":"https:\/\/www.food4animals.nl\/en\/","logo":{"@type":"ImageObject","inLanguage":"de","@id":"https:\/\/www.food4animals.nl\/en\/#\/schema\/logo\/image\/","url":"https:\/\/www.food4animals.nl\/wp-content\/uploads\/2023\/10\/Logo.svg","contentUrl":"https:\/\/www.food4animals.nl\/wp-content\/uploads\/2023\/10\/Logo.svg","width":1,"height":1,"caption":"Food4animals"},"image":{"@id":"https:\/\/www.food4animals.nl\/en\/#\/schema\/logo\/image\/"},"sameAs":["https:\/\/www.facebook.com\/p\/Food4animals-100063861676074\/","https:\/\/x.com\/food4animals"]}]}},"_links":{"self":[{"href":"https:\/\/www.food4animals.nl\/de\/wp-json\/wp\/v2\/product\/12786","targetHints":{"allow":["GET"]}}],"collection":[{"href":"https:\/\/www.food4animals.nl\/de\/wp-json\/wp\/v2\/product"}],"about":[{"href":"https:\/\/www.food4animals.nl\/de\/wp-json\/wp\/v2\/types\/product"}],"wp:attachment":[{"href":"https:\/\/www.food4animals.nl\/de\/wp-json\/wp\/v2\/media?parent=12786"}],"wp:term":[{"taxonomy":"product_brand","embeddable":true,"href":"https:\/\/www.food4animals.nl\/de\/wp-json\/wp\/v2\/product_brand?post=12786"},{"taxonomy":"product_cat","embeddable":true,"href":"https:\/\/www.food4animals.nl\/de\/wp-json\/wp\/v2\/product_cat?post=12786"},{"taxonomy":"product_tag","embeddable":true,"href":"https:\/\/www.food4animals.nl\/de\/wp-json\/wp\/v2\/product_tag?post=12786"}],"curies":[{"name":"wp","href":"https:\/\/api.w.org\/{rel}","templated":true}]}}