{"id":13265,"date":"2023-12-13T14:22:14","date_gmt":"2023-12-13T14:22:14","guid":{"rendered":"https:\/\/food4animals.nl\/product\/kong-wubba-ballistic-friend-x-large-ass-styles\/"},"modified":"2026-04-20T01:26:37","modified_gmt":"2026-04-20T00:26:37","slug":"kong-wubba-ballistic-friend-x-large-ass-styles","status":"publish","type":"product","link":"https:\/\/www.food4animals.nl\/de\/produkt\/kong-wubba-ballistic-friend-x-large-ass-styles\/","title":{"rendered":"KONG Wubba Ballistic Friend X-Large (ass. Styles)"},"content":{"rendered":"<p><span style=\"font-size: 10pt;\"><strong>KONG Wubba Ballistic<\/strong><\/span><br \/><span style=\"font-size: 10pt;\">De KONG Wubba Ballistic Friends zijn de schattigste en sterkste interactieve piep- en schudspeeltjes op de markt. Deze veelzijdige speeltjes zijn perfect voor gebruik binnenshuis of buiten en door hun slingerende staarten zijn ze gemakkelijk op te pakken en te gooien. Elk speeltje is bedekt met duurzaam en versterkt nylon voor extra stevigheid.<\/span><br \/><span style=\"font-size: 10pt;\">\u00a0<\/span><br \/><span style=\"font-size: 10pt;\">\u2022 Bedekt met duurzaam en versterkt nylon<\/span><br \/><span style=\"font-size: 10pt;\">\u2022 Perfect voor interactieve trek- en apporteerspelletjes<\/span><br \/><span style=\"font-size: 10pt;\">\u2022 Pieper voor extra plezier<\/span><br \/><span style=\"font-size: 10pt;\">\u2022 Verkrijgbaar in grappige figuurtjes: Oranje panter, Groen konijntje, Roze nijlpaard<\/span><br \/><span style=\"font-size: 10pt;\">\u00a0<\/span><br \/><span style=\"font-size: 10pt;\"><strong>Gr\u00f6\u00dfe und L\u00e4nge<\/strong><\/span><br \/><span style=\"font-size: 10pt;\">KONGWBF3E: Small &#8211; 24,13 cm<\/span><br \/><span style=\"font-size: 10pt;\">KONGWBF1E: Large &#8211; 35,56 cm<\/span><br \/><span style=\"font-size: 10pt;\">KONGWBFXE: Extra-large &#8211; 43,18 cm<\/span><\/p>\n<p><span style=\"font-size: 10pt;\"><em>Figuurtje wordt assorti geleverd.<\/em><\/span><\/p>","protected":false},"excerpt":{"rendered":"<p>Perfect voor gebruik binnenshuis of buiten.<\/p>","protected":false},"featured_media":38495,"template":"","meta":{"_acf_changed":false},"product_brand":[],"product_cat":[821,822],"product_tag":[827,823,2539,1054],"class_list":{"0":"post-13265","1":"product","2":"type-product","3":"status-publish","4":"has-post-thumbnail","6":"product_cat-hond","7":"product_cat-speelgoed","8":"product_tag-ballen","9":"product_tag-hond","10":"product_tag-kong-het-sterkste-merk-voor-uw-huisdier-om-mee-te-spelen","11":"product_tag-xl","12":"tax_brand-kong","14":"first","15":"instock","16":"taxable","17":"shipping-taxable","18":"purchasable","19":"product-type-simple"},"acf":[],"yoast_head":"<!-- This site is optimized with the Yoast SEO plugin v27.4 - https:\/\/yoast.com\/product\/yoast-seo-wordpress\/ -->\n<title>KONG Wubba Ballistic Friend X-Large (ass. Styles) - Food4animals<\/title>\n<meta name=\"robots\" content=\"index, follow, max-snippet:-1, max-image-preview:large, max-video-preview:-1\" \/>\n<link rel=\"canonical\" href=\"https:\/\/www.food4animals.nl\/de\/produkt\/kong-wubba-ballistic-friend-x-large-ass-styles\/\" \/>\n<meta property=\"og:locale\" content=\"de_DE\" \/>\n<meta property=\"og:type\" content=\"article\" \/>\n<meta property=\"og:title\" content=\"KONG Wubba Ballistic Friend X-Large (ass. Styles) - Food4animals\" \/>\n<meta property=\"og:description\" content=\"Perfect voor gebruik binnenshuis of buiten.\" \/>\n<meta property=\"og:url\" content=\"https:\/\/www.food4animals.nl\/de\/produkt\/kong-wubba-ballistic-friend-x-large-ass-styles\/\" \/>\n<meta property=\"og:site_name\" content=\"Food4animals\" \/>\n<meta property=\"article:publisher\" content=\"https:\/\/www.facebook.com\/p\/Food4animals-100063861676074\/\" \/>\n<meta property=\"article:modified_time\" content=\"2026-04-20T00:26:37+00:00\" \/>\n<meta property=\"og:image\" content=\"https:\/\/www.food4animals.nl\/wp-content\/uploads\/2025\/11\/KONGWBF3E_KONGWBF1E_KONGWBFXE-GROEP.png\" \/>\n\t<meta property=\"og:image:width\" content=\"1497\" \/>\n\t<meta property=\"og:image:height\" content=\"980\" \/>\n\t<meta property=\"og:image:type\" content=\"image\/png\" \/>\n<meta name=\"twitter:card\" content=\"summary_large_image\" \/>\n<meta name=\"twitter:site\" content=\"@food4animals\" \/>\n<script type=\"application\/ld+json\" class=\"yoast-schema-graph\">{\"@context\":\"https:\\\/\\\/schema.org\",\"@graph\":[{\"@type\":\"WebPage\",\"@id\":\"https:\\\/\\\/www.food4animals.nl\\\/product\\\/kong-wubba-ballistic-friend-x-large-ass-styles\\\/\",\"url\":\"https:\\\/\\\/www.food4animals.nl\\\/product\\\/kong-wubba-ballistic-friend-x-large-ass-styles\\\/\",\"name\":\"KONG Wubba Ballistic Friend X-Large (ass. Styles) - Food4animals\",\"isPartOf\":{\"@id\":\"https:\\\/\\\/www.food4animals.nl\\\/en\\\/#website\"},\"primaryImageOfPage\":{\"@id\":\"https:\\\/\\\/www.food4animals.nl\\\/product\\\/kong-wubba-ballistic-friend-x-large-ass-styles\\\/#primaryimage\"},\"image\":{\"@id\":\"https:\\\/\\\/www.food4animals.nl\\\/product\\\/kong-wubba-ballistic-friend-x-large-ass-styles\\\/#primaryimage\"},\"thumbnailUrl\":\"https:\\\/\\\/www.food4animals.nl\\\/wp-content\\\/uploads\\\/2025\\\/11\\\/KONGWBF3E_KONGWBF1E_KONGWBFXE-GROEP.png\",\"datePublished\":\"2023-12-13T14:22:14+00:00\",\"dateModified\":\"2026-04-20T00:26:37+00:00\",\"breadcrumb\":{\"@id\":\"https:\\\/\\\/www.food4animals.nl\\\/product\\\/kong-wubba-ballistic-friend-x-large-ass-styles\\\/#breadcrumb\"},\"inLanguage\":\"de\",\"potentialAction\":[{\"@type\":\"ReadAction\",\"target\":[\"https:\\\/\\\/www.food4animals.nl\\\/product\\\/kong-wubba-ballistic-friend-x-large-ass-styles\\\/\"]}]},{\"@type\":\"ImageObject\",\"inLanguage\":\"de\",\"@id\":\"https:\\\/\\\/www.food4animals.nl\\\/product\\\/kong-wubba-ballistic-friend-x-large-ass-styles\\\/#primaryimage\",\"url\":\"https:\\\/\\\/www.food4animals.nl\\\/wp-content\\\/uploads\\\/2025\\\/11\\\/KONGWBF3E_KONGWBF1E_KONGWBFXE-GROEP.png\",\"contentUrl\":\"https:\\\/\\\/www.food4animals.nl\\\/wp-content\\\/uploads\\\/2025\\\/11\\\/KONGWBF3E_KONGWBF1E_KONGWBFXE-GROEP.png\",\"width\":1497,\"height\":980},{\"@type\":\"BreadcrumbList\",\"@id\":\"https:\\\/\\\/www.food4animals.nl\\\/product\\\/kong-wubba-ballistic-friend-x-large-ass-styles\\\/#breadcrumb\",\"itemListElement\":[{\"@type\":\"ListItem\",\"position\":1,\"name\":\"Home\",\"item\":\"https:\\\/\\\/www.food4animals.nl\\\/\"},{\"@type\":\"ListItem\",\"position\":2,\"name\":\"Winkel\",\"item\":\"https:\\\/\\\/www.food4animals.nl\\\/winkel\\\/\"},{\"@type\":\"ListItem\",\"position\":3,\"name\":\"KONG Wubba Ballistic Friend X-Large (ass. Styles)\"}]},{\"@type\":\"WebSite\",\"@id\":\"https:\\\/\\\/www.food4animals.nl\\\/en\\\/#website\",\"url\":\"https:\\\/\\\/www.food4animals.nl\\\/en\\\/\",\"name\":\"Food4animals\",\"description\":\"Alles voor Ruiter en Dier\",\"publisher\":{\"@id\":\"https:\\\/\\\/www.food4animals.nl\\\/en\\\/#organization\"},\"potentialAction\":[{\"@type\":\"SearchAction\",\"target\":{\"@type\":\"EntryPoint\",\"urlTemplate\":\"https:\\\/\\\/www.food4animals.nl\\\/en\\\/?s={search_term_string}\"},\"query-input\":{\"@type\":\"PropertyValueSpecification\",\"valueRequired\":true,\"valueName\":\"search_term_string\"}}],\"inLanguage\":\"de\"},{\"@type\":\"Organization\",\"@id\":\"https:\\\/\\\/www.food4animals.nl\\\/en\\\/#organization\",\"name\":\"Food4animals\",\"url\":\"https:\\\/\\\/www.food4animals.nl\\\/en\\\/\",\"logo\":{\"@type\":\"ImageObject\",\"inLanguage\":\"de\",\"@id\":\"https:\\\/\\\/www.food4animals.nl\\\/en\\\/#\\\/schema\\\/logo\\\/image\\\/\",\"url\":\"https:\\\/\\\/www.food4animals.nl\\\/wp-content\\\/uploads\\\/2023\\\/10\\\/Logo.svg\",\"contentUrl\":\"https:\\\/\\\/www.food4animals.nl\\\/wp-content\\\/uploads\\\/2023\\\/10\\\/Logo.svg\",\"width\":1,\"height\":1,\"caption\":\"Food4animals\"},\"image\":{\"@id\":\"https:\\\/\\\/www.food4animals.nl\\\/en\\\/#\\\/schema\\\/logo\\\/image\\\/\"},\"sameAs\":[\"https:\\\/\\\/www.facebook.com\\\/p\\\/Food4animals-100063861676074\\\/\",\"https:\\\/\\\/x.com\\\/food4animals\"]}]}<\/script>\n<!-- \/ Yoast SEO plugin. -->","yoast_head_json":{"title":"KONG Wubba Ballistic Friend X-Large (ass. Styles) - Food4animals","robots":{"index":"index","follow":"follow","max-snippet":"max-snippet:-1","max-image-preview":"max-image-preview:large","max-video-preview":"max-video-preview:-1"},"canonical":"https:\/\/www.food4animals.nl\/de\/produkt\/kong-wubba-ballistic-friend-x-large-ass-styles\/","og_locale":"de_DE","og_type":"article","og_title":"KONG Wubba Ballistic Friend X-Large (ass. Styles) - Food4animals","og_description":"Perfect voor gebruik binnenshuis of buiten.","og_url":"https:\/\/www.food4animals.nl\/de\/produkt\/kong-wubba-ballistic-friend-x-large-ass-styles\/","og_site_name":"Food4animals","article_publisher":"https:\/\/www.facebook.com\/p\/Food4animals-100063861676074\/","article_modified_time":"2026-04-20T00:26:37+00:00","og_image":[{"width":1497,"height":980,"url":"https:\/\/www.food4animals.nl\/wp-content\/uploads\/2025\/11\/KONGWBF3E_KONGWBF1E_KONGWBFXE-GROEP.png","type":"image\/png"}],"twitter_card":"summary_large_image","twitter_site":"@food4animals","schema":{"@context":"https:\/\/schema.org","@graph":[{"@type":"WebPage","@id":"https:\/\/www.food4animals.nl\/product\/kong-wubba-ballistic-friend-x-large-ass-styles\/","url":"https:\/\/www.food4animals.nl\/product\/kong-wubba-ballistic-friend-x-large-ass-styles\/","name":"KONG Wubba Ballistic Friend X-Large (ass. Styles) - Food4animals","isPartOf":{"@id":"https:\/\/www.food4animals.nl\/en\/#website"},"primaryImageOfPage":{"@id":"https:\/\/www.food4animals.nl\/product\/kong-wubba-ballistic-friend-x-large-ass-styles\/#primaryimage"},"image":{"@id":"https:\/\/www.food4animals.nl\/product\/kong-wubba-ballistic-friend-x-large-ass-styles\/#primaryimage"},"thumbnailUrl":"https:\/\/www.food4animals.nl\/wp-content\/uploads\/2025\/11\/KONGWBF3E_KONGWBF1E_KONGWBFXE-GROEP.png","datePublished":"2023-12-13T14:22:14+00:00","dateModified":"2026-04-20T00:26:37+00:00","breadcrumb":{"@id":"https:\/\/www.food4animals.nl\/product\/kong-wubba-ballistic-friend-x-large-ass-styles\/#breadcrumb"},"inLanguage":"de","potentialAction":[{"@type":"ReadAction","target":["https:\/\/www.food4animals.nl\/product\/kong-wubba-ballistic-friend-x-large-ass-styles\/"]}]},{"@type":"ImageObject","inLanguage":"de","@id":"https:\/\/www.food4animals.nl\/product\/kong-wubba-ballistic-friend-x-large-ass-styles\/#primaryimage","url":"https:\/\/www.food4animals.nl\/wp-content\/uploads\/2025\/11\/KONGWBF3E_KONGWBF1E_KONGWBFXE-GROEP.png","contentUrl":"https:\/\/www.food4animals.nl\/wp-content\/uploads\/2025\/11\/KONGWBF3E_KONGWBF1E_KONGWBFXE-GROEP.png","width":1497,"height":980},{"@type":"BreadcrumbList","@id":"https:\/\/www.food4animals.nl\/product\/kong-wubba-ballistic-friend-x-large-ass-styles\/#breadcrumb","itemListElement":[{"@type":"ListItem","position":1,"name":"Home","item":"https:\/\/www.food4animals.nl\/"},{"@type":"ListItem","position":2,"name":"Winkel","item":"https:\/\/www.food4animals.nl\/winkel\/"},{"@type":"ListItem","position":3,"name":"KONG Wubba Ballistic Friend X-Large (ass. Styles)"}]},{"@type":"WebSite","@id":"https:\/\/www.food4animals.nl\/en\/#website","url":"https:\/\/www.food4animals.nl\/en\/","name":"Lebensmittel4Tiere","description":"Alles f\u00fcr Reiter und Tier","publisher":{"@id":"https:\/\/www.food4animals.nl\/en\/#organization"},"potentialAction":[{"@type":"SearchAction","target":{"@type":"EntryPoint","urlTemplate":"https:\/\/www.food4animals.nl\/en\/?s={search_term_string}"},"query-input":{"@type":"PropertyValueSpecification","valueRequired":true,"valueName":"search_term_string"}}],"inLanguage":"de"},{"@type":"Organization","@id":"https:\/\/www.food4animals.nl\/en\/#organization","name":"Lebensmittel4Tiere","url":"https:\/\/www.food4animals.nl\/en\/","logo":{"@type":"ImageObject","inLanguage":"de","@id":"https:\/\/www.food4animals.nl\/en\/#\/schema\/logo\/image\/","url":"https:\/\/www.food4animals.nl\/wp-content\/uploads\/2023\/10\/Logo.svg","contentUrl":"https:\/\/www.food4animals.nl\/wp-content\/uploads\/2023\/10\/Logo.svg","width":1,"height":1,"caption":"Food4animals"},"image":{"@id":"https:\/\/www.food4animals.nl\/en\/#\/schema\/logo\/image\/"},"sameAs":["https:\/\/www.facebook.com\/p\/Food4animals-100063861676074\/","https:\/\/x.com\/food4animals"]}]}},"_links":{"self":[{"href":"https:\/\/www.food4animals.nl\/de\/wp-json\/wp\/v2\/product\/13265","targetHints":{"allow":["GET"]}}],"collection":[{"href":"https:\/\/www.food4animals.nl\/de\/wp-json\/wp\/v2\/product"}],"about":[{"href":"https:\/\/www.food4animals.nl\/de\/wp-json\/wp\/v2\/types\/product"}],"wp:featuredmedia":[{"embeddable":true,"href":"https:\/\/www.food4animals.nl\/de\/wp-json\/wp\/v2\/media\/38495"}],"wp:attachment":[{"href":"https:\/\/www.food4animals.nl\/de\/wp-json\/wp\/v2\/media?parent=13265"}],"wp:term":[{"taxonomy":"product_brand","embeddable":true,"href":"https:\/\/www.food4animals.nl\/de\/wp-json\/wp\/v2\/product_brand?post=13265"},{"taxonomy":"product_cat","embeddable":true,"href":"https:\/\/www.food4animals.nl\/de\/wp-json\/wp\/v2\/product_cat?post=13265"},{"taxonomy":"product_tag","embeddable":true,"href":"https:\/\/www.food4animals.nl\/de\/wp-json\/wp\/v2\/product_tag?post=13265"}],"curies":[{"name":"wp","href":"https:\/\/api.w.org\/{rel}","templated":true}]}}