{"id":13559,"date":"2023-12-13T12:44:02","date_gmt":"2023-12-13T12:44:02","guid":{"rendered":"https:\/\/food4animals.nl\/product\/lax-hooi-knabbelblok-voor-paarden\/"},"modified":"2026-04-10T01:32:32","modified_gmt":"2026-04-10T00:32:32","slug":"lax-hooi-knabbelblok-voor-paarden","status":"publish","type":"product","link":"https:\/\/www.food4animals.nl\/de\/produkt\/lax-hooi-knabbelblok-voor-paarden\/","title":{"rendered":"Lax Heu Knabberblock f\u00fcr Pferde"},"content":{"rendered":"<h2><span style=\"font-size: 10pt;\">LAX Hooi knabbelblok<\/span><\/h2>\n<p><span style=\"font-size: 10pt;\">De Lax producten zijn de gezonde snack voor paarden en combineren natuurlijke ingredi\u00ebnten met een unieke smaak en zorgvuldige verwerking. Zo bieden ze de beste voorwaarden voor hoogwaardig voer. De heerlijke krokante sticks hebben de beste eigenschappen en verwennen paarden met belangrijke voedingsstoffen. Met een laag suikergehalte is dit de ideale aanvulling voor een evenwichtige voeding. Het paardenvoer is gemaakt van weidehooi van gecontroleerde teelt en is graan- en melassevrij. Vers van de wei worden de ingredi\u00ebnten direct verwerkt en geperst tot een lange, ronde vorm. De gezonde ruwvoersnack is daardoor zeer uitgebreid en zorgt voor langdurig knabbelplezier.<\/span><\/p>\n<p><span style=\"font-size: 10pt;\">De Lax hooi knabbelblokken kunnen in de voerbak worden gevoerd, van de grond worden gegeten of met de hand worden gevoerd.\u00a0<\/span><span style=\"font-size: 10pt;\">Dit geeft de paarden extra werk en er ontstaat geen stof of vuil &#8211; het perfecte alternatief voor hooinetten.\u00a0<\/span><span style=\"font-size: 10pt;\">Deze heerlijke lekkernijen dragen niet alleen bij aan het welzijn van paarden, ze bevorderen ook de speekselproductie.<\/span><\/p>\n<p><span style=\"font-size: 10pt;\">Die Leckerlis sind f\u00fcr alle Pferde geeignet, auch f\u00fcr solche, die empfindlich auf Staub oder Schimmel reagieren oder Verhaltensst\u00f6rungen und schwieriges Stallverhalten haben.\u00a0<\/span><\/p>\n<p><span style=\"font-size: 10pt;\"><strong>Inhalt<\/strong><br \/>4 stuks<\/span><\/p>","protected":false},"excerpt":{"rendered":"<p>Heerlijke snack die zorgt voor urenlang knabbelplezier.<\/p>","protected":false},"featured_media":38785,"template":"","meta":{"_acf_changed":false},"product_brand":[],"product_cat":[829,2631],"product_tag":[2633,2636,2637,843],"class_list":{"0":"post-13559","1":"product","2":"type-product","3":"status-publish","4":"has-post-thumbnail","6":"product_cat-paard","7":"product_cat-spelen-en-belonen","8":"product_tag-lax","9":"product_tag-lax-knabbelblok","10":"product_tag-lax-paard","11":"product_tag-paard","12":"tax_brand-lax","14":"first","15":"outofstock","16":"taxable","17":"shipping-taxable","18":"purchasable","19":"product-type-simple"},"acf":[],"yoast_head":"<!-- This site is optimized with the Yoast SEO plugin v27.2 - https:\/\/yoast.com\/product\/yoast-seo-wordpress\/ -->\n<title>Lax Hooi knabbelblok voor Paarden - Food4animals<\/title>\n<meta name=\"robots\" content=\"index, follow, max-snippet:-1, max-image-preview:large, max-video-preview:-1\" \/>\n<link rel=\"canonical\" href=\"https:\/\/www.food4animals.nl\/de\/produkt\/lax-hooi-knabbelblok-voor-paarden\/\" \/>\n<meta property=\"og:locale\" content=\"de_DE\" \/>\n<meta property=\"og:type\" content=\"article\" \/>\n<meta property=\"og:title\" content=\"Lax Hooi knabbelblok voor Paarden - Food4animals\" \/>\n<meta property=\"og:description\" content=\"Heerlijke snack die zorgt voor urenlang knabbelplezier.\" \/>\n<meta property=\"og:url\" content=\"https:\/\/www.food4animals.nl\/de\/produkt\/lax-hooi-knabbelblok-voor-paarden\/\" \/>\n<meta property=\"og:site_name\" content=\"Food4animals\" \/>\n<meta property=\"article:publisher\" content=\"https:\/\/www.facebook.com\/p\/Food4animals-100063861676074\/\" \/>\n<meta property=\"article:modified_time\" content=\"2026-04-10T00:32:32+00:00\" \/>\n<meta property=\"og:image\" content=\"https:\/\/www.food4animals.nl\/wp-content\/uploads\/2025\/11\/LAXP007.png\" \/>\n\t<meta property=\"og:image:width\" content=\"1024\" \/>\n\t<meta property=\"og:image:height\" content=\"713\" \/>\n\t<meta property=\"og:image:type\" content=\"image\/png\" \/>\n<meta name=\"twitter:card\" content=\"summary_large_image\" \/>\n<meta name=\"twitter:site\" content=\"@food4animals\" \/>\n<meta name=\"twitter:label1\" content=\"Gesch\u00e4tzte Lesezeit\" \/>\n\t<meta name=\"twitter:data1\" content=\"1\u00a0Minute\" \/>\n<script type=\"application\/ld+json\" class=\"yoast-schema-graph\">{\"@context\":\"https:\/\/schema.org\",\"@graph\":[{\"@type\":\"WebPage\",\"@id\":\"https:\/\/www.food4animals.nl\/product\/lax-hooi-knabbelblok-voor-paarden\/\",\"url\":\"https:\/\/www.food4animals.nl\/product\/lax-hooi-knabbelblok-voor-paarden\/\",\"name\":\"Lax Hooi knabbelblok voor Paarden - Food4animals\",\"isPartOf\":{\"@id\":\"https:\/\/www.food4animals.nl\/en\/#website\"},\"primaryImageOfPage\":{\"@id\":\"https:\/\/www.food4animals.nl\/product\/lax-hooi-knabbelblok-voor-paarden\/#primaryimage\"},\"image\":{\"@id\":\"https:\/\/www.food4animals.nl\/product\/lax-hooi-knabbelblok-voor-paarden\/#primaryimage\"},\"thumbnailUrl\":\"https:\/\/www.food4animals.nl\/wp-content\/uploads\/2025\/11\/LAXP007.png\",\"datePublished\":\"2023-12-13T12:44:02+00:00\",\"dateModified\":\"2026-04-10T00:32:32+00:00\",\"breadcrumb\":{\"@id\":\"https:\/\/www.food4animals.nl\/product\/lax-hooi-knabbelblok-voor-paarden\/#breadcrumb\"},\"inLanguage\":\"de\",\"potentialAction\":[{\"@type\":\"ReadAction\",\"target\":[\"https:\/\/www.food4animals.nl\/product\/lax-hooi-knabbelblok-voor-paarden\/\"]}]},{\"@type\":\"ImageObject\",\"inLanguage\":\"de\",\"@id\":\"https:\/\/www.food4animals.nl\/product\/lax-hooi-knabbelblok-voor-paarden\/#primaryimage\",\"url\":\"https:\/\/www.food4animals.nl\/wp-content\/uploads\/2025\/11\/LAXP007.png\",\"contentUrl\":\"https:\/\/www.food4animals.nl\/wp-content\/uploads\/2025\/11\/LAXP007.png\",\"width\":1024,\"height\":713},{\"@type\":\"BreadcrumbList\",\"@id\":\"https:\/\/www.food4animals.nl\/product\/lax-hooi-knabbelblok-voor-paarden\/#breadcrumb\",\"itemListElement\":[{\"@type\":\"ListItem\",\"position\":1,\"name\":\"Home\",\"item\":\"https:\/\/www.food4animals.nl\/\"},{\"@type\":\"ListItem\",\"position\":2,\"name\":\"Winkel\",\"item\":\"https:\/\/www.food4animals.nl\/winkel\/\"},{\"@type\":\"ListItem\",\"position\":3,\"name\":\"Lax Hooi knabbelblok voor Paarden\"}]},{\"@type\":\"WebSite\",\"@id\":\"https:\/\/www.food4animals.nl\/en\/#website\",\"url\":\"https:\/\/www.food4animals.nl\/en\/\",\"name\":\"Food4animals\",\"description\":\"Alles voor Ruiter en Dier\",\"publisher\":{\"@id\":\"https:\/\/www.food4animals.nl\/en\/#organization\"},\"potentialAction\":[{\"@type\":\"SearchAction\",\"target\":{\"@type\":\"EntryPoint\",\"urlTemplate\":\"https:\/\/www.food4animals.nl\/en\/?s={search_term_string}\"},\"query-input\":{\"@type\":\"PropertyValueSpecification\",\"valueRequired\":true,\"valueName\":\"search_term_string\"}}],\"inLanguage\":\"de\"},{\"@type\":\"Organization\",\"@id\":\"https:\/\/www.food4animals.nl\/en\/#organization\",\"name\":\"Food4animals\",\"url\":\"https:\/\/www.food4animals.nl\/en\/\",\"logo\":{\"@type\":\"ImageObject\",\"inLanguage\":\"de\",\"@id\":\"https:\/\/www.food4animals.nl\/en\/#\/schema\/logo\/image\/\",\"url\":\"https:\/\/www.food4animals.nl\/wp-content\/uploads\/2023\/10\/Logo.svg\",\"contentUrl\":\"https:\/\/www.food4animals.nl\/wp-content\/uploads\/2023\/10\/Logo.svg\",\"width\":1,\"height\":1,\"caption\":\"Food4animals\"},\"image\":{\"@id\":\"https:\/\/www.food4animals.nl\/en\/#\/schema\/logo\/image\/\"},\"sameAs\":[\"https:\/\/www.facebook.com\/p\/Food4animals-100063861676074\/\",\"https:\/\/x.com\/food4animals\"]}]}<\/script>\n<!-- \/ Yoast SEO plugin. -->","yoast_head_json":{"title":"Lax Hooi knabbelblok voor Paarden - Food4animals","robots":{"index":"index","follow":"follow","max-snippet":"max-snippet:-1","max-image-preview":"max-image-preview:large","max-video-preview":"max-video-preview:-1"},"canonical":"https:\/\/www.food4animals.nl\/de\/produkt\/lax-hooi-knabbelblok-voor-paarden\/","og_locale":"de_DE","og_type":"article","og_title":"Lax Hooi knabbelblok voor Paarden - Food4animals","og_description":"Heerlijke snack die zorgt voor urenlang knabbelplezier.","og_url":"https:\/\/www.food4animals.nl\/de\/produkt\/lax-hooi-knabbelblok-voor-paarden\/","og_site_name":"Food4animals","article_publisher":"https:\/\/www.facebook.com\/p\/Food4animals-100063861676074\/","article_modified_time":"2026-04-10T00:32:32+00:00","og_image":[{"width":1024,"height":713,"url":"https:\/\/www.food4animals.nl\/wp-content\/uploads\/2025\/11\/LAXP007.png","type":"image\/png"}],"twitter_card":"summary_large_image","twitter_site":"@food4animals","twitter_misc":{"Gesch\u00e4tzte Lesezeit":"1\u00a0Minute"},"schema":{"@context":"https:\/\/schema.org","@graph":[{"@type":"WebPage","@id":"https:\/\/www.food4animals.nl\/product\/lax-hooi-knabbelblok-voor-paarden\/","url":"https:\/\/www.food4animals.nl\/product\/lax-hooi-knabbelblok-voor-paarden\/","name":"Lax Hooi knabbelblok voor Paarden - Food4animals","isPartOf":{"@id":"https:\/\/www.food4animals.nl\/en\/#website"},"primaryImageOfPage":{"@id":"https:\/\/www.food4animals.nl\/product\/lax-hooi-knabbelblok-voor-paarden\/#primaryimage"},"image":{"@id":"https:\/\/www.food4animals.nl\/product\/lax-hooi-knabbelblok-voor-paarden\/#primaryimage"},"thumbnailUrl":"https:\/\/www.food4animals.nl\/wp-content\/uploads\/2025\/11\/LAXP007.png","datePublished":"2023-12-13T12:44:02+00:00","dateModified":"2026-04-10T00:32:32+00:00","breadcrumb":{"@id":"https:\/\/www.food4animals.nl\/product\/lax-hooi-knabbelblok-voor-paarden\/#breadcrumb"},"inLanguage":"de","potentialAction":[{"@type":"ReadAction","target":["https:\/\/www.food4animals.nl\/product\/lax-hooi-knabbelblok-voor-paarden\/"]}]},{"@type":"ImageObject","inLanguage":"de","@id":"https:\/\/www.food4animals.nl\/product\/lax-hooi-knabbelblok-voor-paarden\/#primaryimage","url":"https:\/\/www.food4animals.nl\/wp-content\/uploads\/2025\/11\/LAXP007.png","contentUrl":"https:\/\/www.food4animals.nl\/wp-content\/uploads\/2025\/11\/LAXP007.png","width":1024,"height":713},{"@type":"BreadcrumbList","@id":"https:\/\/www.food4animals.nl\/product\/lax-hooi-knabbelblok-voor-paarden\/#breadcrumb","itemListElement":[{"@type":"ListItem","position":1,"name":"Home","item":"https:\/\/www.food4animals.nl\/"},{"@type":"ListItem","position":2,"name":"Winkel","item":"https:\/\/www.food4animals.nl\/winkel\/"},{"@type":"ListItem","position":3,"name":"Lax Hooi knabbelblok voor Paarden"}]},{"@type":"WebSite","@id":"https:\/\/www.food4animals.nl\/en\/#website","url":"https:\/\/www.food4animals.nl\/en\/","name":"Lebensmittel4Tiere","description":"Alles f\u00fcr Reiter und Tier","publisher":{"@id":"https:\/\/www.food4animals.nl\/en\/#organization"},"potentialAction":[{"@type":"SearchAction","target":{"@type":"EntryPoint","urlTemplate":"https:\/\/www.food4animals.nl\/en\/?s={search_term_string}"},"query-input":{"@type":"PropertyValueSpecification","valueRequired":true,"valueName":"search_term_string"}}],"inLanguage":"de"},{"@type":"Organization","@id":"https:\/\/www.food4animals.nl\/en\/#organization","name":"Lebensmittel4Tiere","url":"https:\/\/www.food4animals.nl\/en\/","logo":{"@type":"ImageObject","inLanguage":"de","@id":"https:\/\/www.food4animals.nl\/en\/#\/schema\/logo\/image\/","url":"https:\/\/www.food4animals.nl\/wp-content\/uploads\/2023\/10\/Logo.svg","contentUrl":"https:\/\/www.food4animals.nl\/wp-content\/uploads\/2023\/10\/Logo.svg","width":1,"height":1,"caption":"Food4animals"},"image":{"@id":"https:\/\/www.food4animals.nl\/en\/#\/schema\/logo\/image\/"},"sameAs":["https:\/\/www.facebook.com\/p\/Food4animals-100063861676074\/","https:\/\/x.com\/food4animals"]}]}},"_links":{"self":[{"href":"https:\/\/www.food4animals.nl\/de\/wp-json\/wp\/v2\/product\/13559","targetHints":{"allow":["GET"]}}],"collection":[{"href":"https:\/\/www.food4animals.nl\/de\/wp-json\/wp\/v2\/product"}],"about":[{"href":"https:\/\/www.food4animals.nl\/de\/wp-json\/wp\/v2\/types\/product"}],"wp:featuredmedia":[{"embeddable":true,"href":"https:\/\/www.food4animals.nl\/de\/wp-json\/wp\/v2\/media\/38785"}],"wp:attachment":[{"href":"https:\/\/www.food4animals.nl\/de\/wp-json\/wp\/v2\/media?parent=13559"}],"wp:term":[{"taxonomy":"product_brand","embeddable":true,"href":"https:\/\/www.food4animals.nl\/de\/wp-json\/wp\/v2\/product_brand?post=13559"},{"taxonomy":"product_cat","embeddable":true,"href":"https:\/\/www.food4animals.nl\/de\/wp-json\/wp\/v2\/product_cat?post=13559"},{"taxonomy":"product_tag","embeddable":true,"href":"https:\/\/www.food4animals.nl\/de\/wp-json\/wp\/v2\/product_tag?post=13559"}],"curies":[{"name":"wp","href":"https:\/\/api.w.org\/{rel}","templated":true}]}}