{"id":13574,"date":"2023-12-13T14:25:02","date_gmt":"2023-12-13T14:25:02","guid":{"rendered":"https:\/\/food4animals.nl\/product\/lax-luzerne-aan-speeltouw-voor-paarden\/"},"modified":"2026-04-20T01:28:19","modified_gmt":"2026-04-20T00:28:19","slug":"laxe-luzerne-am-spielseil-fur-pferde","status":"publish","type":"product","link":"https:\/\/www.food4animals.nl\/de\/produkt\/laxe-luzerne-am-spielseil-fur-pferde\/","title":{"rendered":"Lax Lucerne am Spielseil f\u00fcr Pferde"},"content":{"rendered":"<h2><span style=\"font-size: 10pt;\">Lax Luzern am Spielseil<\/span><\/h2>\n<p><span style=\"font-size: 10pt;\">Der gesunde Snack f\u00fcr Pferde.<\/span><\/p>\n<p><span style=\"font-size: 10pt;\">Die Produkte von Lax kombinieren nat\u00fcrliche Zutaten mit einzigartigem Geschmack und sorgf\u00e4ltiger Verarbeitung und bieten so die besten Voraussetzungen f\u00fcr hochwertiges Futter. <br \/>Die leckeren Luzernebriketts haben die besten Eigenschaften und verw\u00f6hnen die Pferde mit wichtigen N\u00e4hrstoffen. Mit einem geringen Zuckergehalt ist es die ideale Erg\u00e4nzung f\u00fcr eine ausgewogene Ern\u00e4hrung. Das Pferdefutter wird aus 100% Alfalfa aus kontrolliertem Anbau hergestellt und ist frei von Getreide und Melasse. <\/p>\n<p>Frisch von der Weide werden die Zutaten sofort weiterverarbeitet und in eine lange, runde Form gepresst. Der gesunde Raufutter-Snack ist sehr aufw\u00e4ndig und sorgt f\u00fcr lang anhaltenden Knabberspa\u00df. Die Luzernebriketts sind mit einer Schnur in der Mitte aufgereiht und k\u00f6nnen einfach in die Pferdebox oder ins Freie geh\u00e4ngt werden. Mit dem Lax Lucerne Spielseil haben die Pferde eine zus\u00e4tzliche Besch\u00e4ftigung und es entsteht kein Staub oder Schmutz - die perfekte Alternative zu Heunetzen. Die leckeren Leckerbissen tragen nicht nur zum Wohlbefinden der Pferde bei, sondern f\u00f6rdern auch die Speichelproduktion.\u00a0<\/span><\/p>\n<p><span style=\"font-size: 10pt;\">Die Leckerlis sind f\u00fcr alle Pferde geeignet, auch f\u00fcr solche, die empfindlich auf Staub oder Schimmel reagieren oder Verhaltensst\u00f6rungen und schwieriges Stallverhalten haben.\u00a0<\/span><\/p>\n<p>\u00a0<\/p>","protected":false},"excerpt":{"rendered":"<p>Leckerer Snack f\u00fcr lang anhaltenden Knabberspa\u00df.<\/p>","protected":false},"featured_media":38768,"template":"","meta":{"_acf_changed":false},"product_brand":[],"product_cat":[829,2631],"product_tag":[2633,2638,2637,843],"class_list":{"0":"post-13574","1":"product","2":"type-product","3":"status-publish","4":"has-post-thumbnail","6":"product_cat-paard","7":"product_cat-spelen-en-belonen","8":"product_tag-lax","9":"product_tag-lax-touw","10":"product_tag-lax-paard","11":"product_tag-paard","12":"tax_brand-lax","14":"first","15":"instock","16":"taxable","17":"shipping-taxable","18":"purchasable","19":"product-type-simple"},"acf":[],"yoast_head":"<!-- This site is optimized with the Yoast SEO plugin v27.4 - https:\/\/yoast.com\/product\/yoast-seo-wordpress\/ -->\n<title>Lax Luzerne aan Speeltouw voor Paarden - Food4animals<\/title>\n<meta name=\"robots\" content=\"index, follow, max-snippet:-1, max-image-preview:large, max-video-preview:-1\" \/>\n<link rel=\"canonical\" href=\"https:\/\/www.food4animals.nl\/de\/produkt\/laxe-luzerne-am-spielseil-fur-pferde\/\" \/>\n<meta property=\"og:locale\" content=\"de_DE\" \/>\n<meta property=\"og:type\" content=\"article\" \/>\n<meta property=\"og:title\" content=\"Lax Luzerne aan Speeltouw voor Paarden - Food4animals\" \/>\n<meta property=\"og:description\" content=\"Heerlijke snack voor langdurig knabbelplezier.\" \/>\n<meta property=\"og:url\" content=\"https:\/\/www.food4animals.nl\/de\/produkt\/laxe-luzerne-am-spielseil-fur-pferde\/\" \/>\n<meta property=\"og:site_name\" content=\"Food4animals\" \/>\n<meta property=\"article:publisher\" content=\"https:\/\/www.facebook.com\/p\/Food4animals-100063861676074\/\" \/>\n<meta property=\"article:modified_time\" content=\"2026-04-20T00:28:19+00:00\" \/>\n<meta property=\"og:image\" content=\"https:\/\/www.food4animals.nl\/wp-content\/uploads\/2025\/11\/LAXP003-lax-lucerne-on-rope-for-horses.webp\" \/>\n\t<meta property=\"og:image:width\" content=\"360\" \/>\n\t<meta property=\"og:image:height\" content=\"540\" \/>\n\t<meta property=\"og:image:type\" content=\"image\/webp\" \/>\n<meta name=\"twitter:card\" content=\"summary_large_image\" \/>\n<meta name=\"twitter:site\" content=\"@food4animals\" \/>\n<meta name=\"twitter:label1\" content=\"Gesch\u00e4tzte Lesezeit\" \/>\n\t<meta name=\"twitter:data1\" content=\"1\u00a0Minute\" \/>\n<script type=\"application\/ld+json\" class=\"yoast-schema-graph\">{\"@context\":\"https:\\\/\\\/schema.org\",\"@graph\":[{\"@type\":\"WebPage\",\"@id\":\"https:\\\/\\\/www.food4animals.nl\\\/product\\\/lax-luzerne-aan-speeltouw-voor-paarden\\\/\",\"url\":\"https:\\\/\\\/www.food4animals.nl\\\/product\\\/lax-luzerne-aan-speeltouw-voor-paarden\\\/\",\"name\":\"Lax Luzerne aan Speeltouw voor Paarden - Food4animals\",\"isPartOf\":{\"@id\":\"https:\\\/\\\/www.food4animals.nl\\\/en\\\/#website\"},\"primaryImageOfPage\":{\"@id\":\"https:\\\/\\\/www.food4animals.nl\\\/product\\\/lax-luzerne-aan-speeltouw-voor-paarden\\\/#primaryimage\"},\"image\":{\"@id\":\"https:\\\/\\\/www.food4animals.nl\\\/product\\\/lax-luzerne-aan-speeltouw-voor-paarden\\\/#primaryimage\"},\"thumbnailUrl\":\"https:\\\/\\\/www.food4animals.nl\\\/wp-content\\\/uploads\\\/2025\\\/11\\\/LAXP003-lax-lucerne-on-rope-for-horses.webp\",\"datePublished\":\"2023-12-13T14:25:02+00:00\",\"dateModified\":\"2026-04-20T00:28:19+00:00\",\"breadcrumb\":{\"@id\":\"https:\\\/\\\/www.food4animals.nl\\\/product\\\/lax-luzerne-aan-speeltouw-voor-paarden\\\/#breadcrumb\"},\"inLanguage\":\"de\",\"potentialAction\":[{\"@type\":\"ReadAction\",\"target\":[\"https:\\\/\\\/www.food4animals.nl\\\/product\\\/lax-luzerne-aan-speeltouw-voor-paarden\\\/\"]}]},{\"@type\":\"ImageObject\",\"inLanguage\":\"de\",\"@id\":\"https:\\\/\\\/www.food4animals.nl\\\/product\\\/lax-luzerne-aan-speeltouw-voor-paarden\\\/#primaryimage\",\"url\":\"https:\\\/\\\/www.food4animals.nl\\\/wp-content\\\/uploads\\\/2025\\\/11\\\/LAXP003-lax-lucerne-on-rope-for-horses.webp\",\"contentUrl\":\"https:\\\/\\\/www.food4animals.nl\\\/wp-content\\\/uploads\\\/2025\\\/11\\\/LAXP003-lax-lucerne-on-rope-for-horses.webp\",\"width\":360,\"height\":540},{\"@type\":\"BreadcrumbList\",\"@id\":\"https:\\\/\\\/www.food4animals.nl\\\/product\\\/lax-luzerne-aan-speeltouw-voor-paarden\\\/#breadcrumb\",\"itemListElement\":[{\"@type\":\"ListItem\",\"position\":1,\"name\":\"Home\",\"item\":\"https:\\\/\\\/www.food4animals.nl\\\/\"},{\"@type\":\"ListItem\",\"position\":2,\"name\":\"Winkel\",\"item\":\"https:\\\/\\\/www.food4animals.nl\\\/winkel\\\/\"},{\"@type\":\"ListItem\",\"position\":3,\"name\":\"Lax Luzerne aan Speeltouw voor Paarden\"}]},{\"@type\":\"WebSite\",\"@id\":\"https:\\\/\\\/www.food4animals.nl\\\/en\\\/#website\",\"url\":\"https:\\\/\\\/www.food4animals.nl\\\/en\\\/\",\"name\":\"Food4animals\",\"description\":\"Alles voor Ruiter en Dier\",\"publisher\":{\"@id\":\"https:\\\/\\\/www.food4animals.nl\\\/en\\\/#organization\"},\"potentialAction\":[{\"@type\":\"SearchAction\",\"target\":{\"@type\":\"EntryPoint\",\"urlTemplate\":\"https:\\\/\\\/www.food4animals.nl\\\/en\\\/?s={search_term_string}\"},\"query-input\":{\"@type\":\"PropertyValueSpecification\",\"valueRequired\":true,\"valueName\":\"search_term_string\"}}],\"inLanguage\":\"de\"},{\"@type\":\"Organization\",\"@id\":\"https:\\\/\\\/www.food4animals.nl\\\/en\\\/#organization\",\"name\":\"Food4animals\",\"url\":\"https:\\\/\\\/www.food4animals.nl\\\/en\\\/\",\"logo\":{\"@type\":\"ImageObject\",\"inLanguage\":\"de\",\"@id\":\"https:\\\/\\\/www.food4animals.nl\\\/en\\\/#\\\/schema\\\/logo\\\/image\\\/\",\"url\":\"https:\\\/\\\/www.food4animals.nl\\\/wp-content\\\/uploads\\\/2023\\\/10\\\/Logo.svg\",\"contentUrl\":\"https:\\\/\\\/www.food4animals.nl\\\/wp-content\\\/uploads\\\/2023\\\/10\\\/Logo.svg\",\"width\":1,\"height\":1,\"caption\":\"Food4animals\"},\"image\":{\"@id\":\"https:\\\/\\\/www.food4animals.nl\\\/en\\\/#\\\/schema\\\/logo\\\/image\\\/\"},\"sameAs\":[\"https:\\\/\\\/www.facebook.com\\\/p\\\/Food4animals-100063861676074\\\/\",\"https:\\\/\\\/x.com\\\/food4animals\"]}]}<\/script>\n<!-- \/ Yoast SEO plugin. -->","yoast_head_json":{"title":"Lax Lucerne am Spielseil f\u00fcr Pferde - Food4animals","robots":{"index":"index","follow":"follow","max-snippet":"max-snippet:-1","max-image-preview":"max-image-preview:large","max-video-preview":"max-video-preview:-1"},"canonical":"https:\/\/www.food4animals.nl\/de\/produkt\/laxe-luzerne-am-spielseil-fur-pferde\/","og_locale":"de_DE","og_type":"article","og_title":"Lax Luzerne aan Speeltouw voor Paarden - Food4animals","og_description":"Heerlijke snack voor langdurig knabbelplezier.","og_url":"https:\/\/www.food4animals.nl\/de\/produkt\/laxe-luzerne-am-spielseil-fur-pferde\/","og_site_name":"Food4animals","article_publisher":"https:\/\/www.facebook.com\/p\/Food4animals-100063861676074\/","article_modified_time":"2026-04-20T00:28:19+00:00","og_image":[{"width":360,"height":540,"url":"https:\/\/www.food4animals.nl\/wp-content\/uploads\/2025\/11\/LAXP003-lax-lucerne-on-rope-for-horses.webp","type":"image\/webp"}],"twitter_card":"summary_large_image","twitter_site":"@food4animals","twitter_misc":{"Gesch\u00e4tzte Lesezeit":"1\u00a0Minute"},"schema":{"@context":"https:\/\/schema.org","@graph":[{"@type":"WebPage","@id":"https:\/\/www.food4animals.nl\/product\/lax-luzerne-aan-speeltouw-voor-paarden\/","url":"https:\/\/www.food4animals.nl\/product\/lax-luzerne-aan-speeltouw-voor-paarden\/","name":"Lax Lucerne am Spielseil f\u00fcr Pferde - Food4animals","isPartOf":{"@id":"https:\/\/www.food4animals.nl\/en\/#website"},"primaryImageOfPage":{"@id":"https:\/\/www.food4animals.nl\/product\/lax-luzerne-aan-speeltouw-voor-paarden\/#primaryimage"},"image":{"@id":"https:\/\/www.food4animals.nl\/product\/lax-luzerne-aan-speeltouw-voor-paarden\/#primaryimage"},"thumbnailUrl":"https:\/\/www.food4animals.nl\/wp-content\/uploads\/2025\/11\/LAXP003-lax-lucerne-on-rope-for-horses.webp","datePublished":"2023-12-13T14:25:02+00:00","dateModified":"2026-04-20T00:28:19+00:00","breadcrumb":{"@id":"https:\/\/www.food4animals.nl\/product\/lax-luzerne-aan-speeltouw-voor-paarden\/#breadcrumb"},"inLanguage":"de","potentialAction":[{"@type":"ReadAction","target":["https:\/\/www.food4animals.nl\/product\/lax-luzerne-aan-speeltouw-voor-paarden\/"]}]},{"@type":"ImageObject","inLanguage":"de","@id":"https:\/\/www.food4animals.nl\/product\/lax-luzerne-aan-speeltouw-voor-paarden\/#primaryimage","url":"https:\/\/www.food4animals.nl\/wp-content\/uploads\/2025\/11\/LAXP003-lax-lucerne-on-rope-for-horses.webp","contentUrl":"https:\/\/www.food4animals.nl\/wp-content\/uploads\/2025\/11\/LAXP003-lax-lucerne-on-rope-for-horses.webp","width":360,"height":540},{"@type":"BreadcrumbList","@id":"https:\/\/www.food4animals.nl\/product\/lax-luzerne-aan-speeltouw-voor-paarden\/#breadcrumb","itemListElement":[{"@type":"ListItem","position":1,"name":"Home","item":"https:\/\/www.food4animals.nl\/"},{"@type":"ListItem","position":2,"name":"Winkel","item":"https:\/\/www.food4animals.nl\/winkel\/"},{"@type":"ListItem","position":3,"name":"Lax Luzerne aan Speeltouw voor Paarden"}]},{"@type":"WebSite","@id":"https:\/\/www.food4animals.nl\/en\/#website","url":"https:\/\/www.food4animals.nl\/en\/","name":"Lebensmittel4Tiere","description":"Alles f\u00fcr Reiter und Tier","publisher":{"@id":"https:\/\/www.food4animals.nl\/en\/#organization"},"potentialAction":[{"@type":"SearchAction","target":{"@type":"EntryPoint","urlTemplate":"https:\/\/www.food4animals.nl\/en\/?s={search_term_string}"},"query-input":{"@type":"PropertyValueSpecification","valueRequired":true,"valueName":"search_term_string"}}],"inLanguage":"de"},{"@type":"Organization","@id":"https:\/\/www.food4animals.nl\/en\/#organization","name":"Lebensmittel4Tiere","url":"https:\/\/www.food4animals.nl\/en\/","logo":{"@type":"ImageObject","inLanguage":"de","@id":"https:\/\/www.food4animals.nl\/en\/#\/schema\/logo\/image\/","url":"https:\/\/www.food4animals.nl\/wp-content\/uploads\/2023\/10\/Logo.svg","contentUrl":"https:\/\/www.food4animals.nl\/wp-content\/uploads\/2023\/10\/Logo.svg","width":1,"height":1,"caption":"Food4animals"},"image":{"@id":"https:\/\/www.food4animals.nl\/en\/#\/schema\/logo\/image\/"},"sameAs":["https:\/\/www.facebook.com\/p\/Food4animals-100063861676074\/","https:\/\/x.com\/food4animals"]}]}},"_links":{"self":[{"href":"https:\/\/www.food4animals.nl\/de\/wp-json\/wp\/v2\/product\/13574","targetHints":{"allow":["GET"]}}],"collection":[{"href":"https:\/\/www.food4animals.nl\/de\/wp-json\/wp\/v2\/product"}],"about":[{"href":"https:\/\/www.food4animals.nl\/de\/wp-json\/wp\/v2\/types\/product"}],"wp:featuredmedia":[{"embeddable":true,"href":"https:\/\/www.food4animals.nl\/de\/wp-json\/wp\/v2\/media\/38768"}],"wp:attachment":[{"href":"https:\/\/www.food4animals.nl\/de\/wp-json\/wp\/v2\/media?parent=13574"}],"wp:term":[{"taxonomy":"product_brand","embeddable":true,"href":"https:\/\/www.food4animals.nl\/de\/wp-json\/wp\/v2\/product_brand?post=13574"},{"taxonomy":"product_cat","embeddable":true,"href":"https:\/\/www.food4animals.nl\/de\/wp-json\/wp\/v2\/product_cat?post=13574"},{"taxonomy":"product_tag","embeddable":true,"href":"https:\/\/www.food4animals.nl\/de\/wp-json\/wp\/v2\/product_tag?post=13574"}],"curies":[{"name":"wp","href":"https:\/\/api.w.org\/{rel}","templated":true}]}}