{"id":13654,"date":"2023-12-13T12:50:45","date_gmt":"2023-12-13T12:50:45","guid":{"rendered":"https:\/\/food4animals.nl\/product\/led-is-more-30-x-3-cm-40-led-lampen\/"},"modified":"2026-05-01T01:28:12","modified_gmt":"2026-05-01T00:28:12","slug":"led-ist-mehr-30-x-3-cm-40-led-gluhbirnen","status":"publish","type":"product","link":"https:\/\/www.food4animals.nl\/de\/produkt\/led-ist-mehr-30-x-3-cm-40-led-gluhbirnen\/","title":{"rendered":"LED ist mehr 30 x 3 cm (40 LED-Lampen)"},"content":{"rendered":"<h2>Kabellose LED-Lampe mit Bewegungssensor<\/h2>\n<p>Mit der kabellosen LED-Lampe k\u00f6nnen Sie ganz einfach an fast jedem Ort Licht spenden. Die Lampe ist magnetisch, sodass Sie sie einfach an Metall oder an dem mitgelieferten Metallklebeband befestigen k\u00f6nnen. Sie k\u00f6nnen die Lampe unter anderem in einer Scheune, in einem Stall, in einem Lagerraum oder in der N\u00e4he von Treppen verwenden. Die Lampe verf\u00fcgt \u00fcber eine Infraroterkennung (PIR) und kann sich daher selbst einschalten, wenn eine Bewegung erkannt wird.<\/p>\n<p>Die Lampe kann mit dem mitgelieferten USB-Ladekabel aufgeladen werden. Wenn der Akku vollst\u00e4ndig aufgeladen ist, kann die Lampe bis zu 3 Stunden lang brennen. Die Lampe hat eine Lebensdauer von bis zu 100.000 Stunden.<\/p>\n<h3>Licht-Modi<\/h3>\n<ul>\n<li>0 - Aus<\/li>\n<li>1 - Schaltet die Bewegung ein<\/li>\n<li>2 - Konstantes Licht<\/li>\n<li>3 - Schaltet die Bewegung ein, wobei das Licht auf die H\u00e4lfte reduziert wird<\/li>\n<\/ul>\n<p>Bei den Einstellungen 1 und 3 schaltet sich die Lampe automatisch ein, wenn sie eine Bewegung aus 2 bis 5 Metern Entfernung erkennt. Die Lampe schaltet sich nur ein, wenn es dunkel genug ist. Nach 15 Sekunden schaltet sich die Lampe wieder aus, wenn keine Bewegung erkannt wird. Diese Modi sind sehr praktisch, wenn Sie m\u00f6chten, dass sich das Licht einschaltet, wenn Sie einen Raum betreten, und sich dann automatisch wieder ausschaltet. Brauchen Sie Arbeitslicht? Dann w\u00e4hlen Sie Einstellung 2.<\/p>\n<h3>Spezifikationen<\/h3>\n<ul>\n<li>Spannung: DC 3-6 V<\/li>\n<li>Leistungsaufnahme: 2,8 W<\/li>\n<li>Infrarot-Abstand: 2 - 5 Meter<\/li>\n<li>Infrarot-Winkel: <110<\/li>\n<li>Verz\u00f6gerungszeit: 15 sec<\/li>\n<li>Warmes Licht (kaltwei\u00df)<\/li>\n<\/ul>\n<p><strong>Anmerkung:<\/strong> Nicht f\u00fcr den Au\u00dfenbereich und feuchte Umgebungen geeignet.<\/p>\n<h3>Varianten<\/h3>\n<ul>\n<li>19 cm<\/li>\n<li>30 cm<\/li>\n<li>40 cm<\/li>\n<\/ul>","protected":false},"excerpt":{"rendered":"<p>Versorgen Sie ganz einfach jeden gew\u00fcnschten Punkt mit Licht!<\/p>","protected":false},"featured_media":38820,"template":"","meta":{"_acf_changed":false},"product_brand":[],"product_cat":[1247,1817],"product_tag":[816,2641],"class_list":{"0":"post-13654","1":"product","2":"type-product","3":"status-publish","4":"has-post-thumbnail","6":"product_cat-stal-en-erf","7":"product_cat-veiligheid-en-bescherming","8":"product_tag-mens","9":"product_tag-verlichting","10":"tax_brand-led-is-more","12":"first","13":"instock","14":"taxable","15":"shipping-taxable","16":"purchasable","17":"product-type-simple"},"acf":[],"yoast_head":"<!-- This site is optimized with the Yoast SEO plugin v27.4 - https:\/\/yoast.com\/product\/yoast-seo-wordpress\/ -->\n<title>LED is more 30 x 3 cm (40 LED lampen) - Food4animals<\/title>\n<meta name=\"robots\" content=\"index, follow, max-snippet:-1, max-image-preview:large, max-video-preview:-1\" \/>\n<link rel=\"canonical\" href=\"https:\/\/www.food4animals.nl\/de\/produkt\/led-ist-mehr-30-x-3-cm-40-led-gluhbirnen\/\" \/>\n<meta property=\"og:locale\" content=\"de_DE\" \/>\n<meta property=\"og:type\" content=\"article\" \/>\n<meta property=\"og:title\" content=\"LED is more 30 x 3 cm (40 LED lampen) - Food4animals\" \/>\n<meta property=\"og:description\" content=\"Voorzie elke gewenste plek eenvoudig van licht!\" \/>\n<meta property=\"og:url\" content=\"https:\/\/www.food4animals.nl\/de\/produkt\/led-ist-mehr-30-x-3-cm-40-led-gluhbirnen\/\" \/>\n<meta property=\"og:site_name\" content=\"Food4animals\" \/>\n<meta property=\"article:publisher\" content=\"https:\/\/www.facebook.com\/p\/Food4animals-100063861676074\/\" \/>\n<meta property=\"article:modified_time\" content=\"2026-05-01T00:28:12+00:00\" \/>\n<meta property=\"og:image\" content=\"https:\/\/www.food4animals.nl\/wp-content\/uploads\/2025\/11\/LEDI002.png\" \/>\n\t<meta property=\"og:image:width\" content=\"980\" \/>\n\t<meta property=\"og:image:height\" content=\"980\" \/>\n\t<meta property=\"og:image:type\" content=\"image\/png\" \/>\n<meta name=\"twitter:card\" content=\"summary_large_image\" \/>\n<meta name=\"twitter:site\" content=\"@food4animals\" \/>\n<meta name=\"twitter:label1\" content=\"Gesch\u00e4tzte Lesezeit\" \/>\n\t<meta name=\"twitter:data1\" content=\"1\u00a0Minute\" \/>\n<script type=\"application\/ld+json\" class=\"yoast-schema-graph\">{\"@context\":\"https:\\\/\\\/schema.org\",\"@graph\":[{\"@type\":\"WebPage\",\"@id\":\"https:\\\/\\\/www.food4animals.nl\\\/product\\\/led-is-more-30-x-3-cm-40-led-lampen\\\/\",\"url\":\"https:\\\/\\\/www.food4animals.nl\\\/product\\\/led-is-more-30-x-3-cm-40-led-lampen\\\/\",\"name\":\"LED is more 30 x 3 cm (40 LED lampen) - Food4animals\",\"isPartOf\":{\"@id\":\"https:\\\/\\\/www.food4animals.nl\\\/en\\\/#website\"},\"primaryImageOfPage\":{\"@id\":\"https:\\\/\\\/www.food4animals.nl\\\/product\\\/led-is-more-30-x-3-cm-40-led-lampen\\\/#primaryimage\"},\"image\":{\"@id\":\"https:\\\/\\\/www.food4animals.nl\\\/product\\\/led-is-more-30-x-3-cm-40-led-lampen\\\/#primaryimage\"},\"thumbnailUrl\":\"https:\\\/\\\/www.food4animals.nl\\\/wp-content\\\/uploads\\\/2025\\\/11\\\/LEDI002.png\",\"datePublished\":\"2023-12-13T12:50:45+00:00\",\"dateModified\":\"2026-05-01T00:28:12+00:00\",\"breadcrumb\":{\"@id\":\"https:\\\/\\\/www.food4animals.nl\\\/product\\\/led-is-more-30-x-3-cm-40-led-lampen\\\/#breadcrumb\"},\"inLanguage\":\"de\",\"potentialAction\":[{\"@type\":\"ReadAction\",\"target\":[\"https:\\\/\\\/www.food4animals.nl\\\/product\\\/led-is-more-30-x-3-cm-40-led-lampen\\\/\"]}]},{\"@type\":\"ImageObject\",\"inLanguage\":\"de\",\"@id\":\"https:\\\/\\\/www.food4animals.nl\\\/product\\\/led-is-more-30-x-3-cm-40-led-lampen\\\/#primaryimage\",\"url\":\"https:\\\/\\\/www.food4animals.nl\\\/wp-content\\\/uploads\\\/2025\\\/11\\\/LEDI002.png\",\"contentUrl\":\"https:\\\/\\\/www.food4animals.nl\\\/wp-content\\\/uploads\\\/2025\\\/11\\\/LEDI002.png\",\"width\":980,\"height\":980},{\"@type\":\"BreadcrumbList\",\"@id\":\"https:\\\/\\\/www.food4animals.nl\\\/product\\\/led-is-more-30-x-3-cm-40-led-lampen\\\/#breadcrumb\",\"itemListElement\":[{\"@type\":\"ListItem\",\"position\":1,\"name\":\"Home\",\"item\":\"https:\\\/\\\/www.food4animals.nl\\\/\"},{\"@type\":\"ListItem\",\"position\":2,\"name\":\"Winkel\",\"item\":\"https:\\\/\\\/www.food4animals.nl\\\/winkel\\\/\"},{\"@type\":\"ListItem\",\"position\":3,\"name\":\"LED is more 30 x 3 cm (40 LED lampen)\"}]},{\"@type\":\"WebSite\",\"@id\":\"https:\\\/\\\/www.food4animals.nl\\\/en\\\/#website\",\"url\":\"https:\\\/\\\/www.food4animals.nl\\\/en\\\/\",\"name\":\"Food4animals\",\"description\":\"Alles voor Ruiter en Dier\",\"publisher\":{\"@id\":\"https:\\\/\\\/www.food4animals.nl\\\/en\\\/#organization\"},\"potentialAction\":[{\"@type\":\"SearchAction\",\"target\":{\"@type\":\"EntryPoint\",\"urlTemplate\":\"https:\\\/\\\/www.food4animals.nl\\\/en\\\/?s={search_term_string}\"},\"query-input\":{\"@type\":\"PropertyValueSpecification\",\"valueRequired\":true,\"valueName\":\"search_term_string\"}}],\"inLanguage\":\"de\"},{\"@type\":\"Organization\",\"@id\":\"https:\\\/\\\/www.food4animals.nl\\\/en\\\/#organization\",\"name\":\"Food4animals\",\"url\":\"https:\\\/\\\/www.food4animals.nl\\\/en\\\/\",\"logo\":{\"@type\":\"ImageObject\",\"inLanguage\":\"de\",\"@id\":\"https:\\\/\\\/www.food4animals.nl\\\/en\\\/#\\\/schema\\\/logo\\\/image\\\/\",\"url\":\"https:\\\/\\\/www.food4animals.nl\\\/wp-content\\\/uploads\\\/2023\\\/10\\\/Logo.svg\",\"contentUrl\":\"https:\\\/\\\/www.food4animals.nl\\\/wp-content\\\/uploads\\\/2023\\\/10\\\/Logo.svg\",\"width\":1,\"height\":1,\"caption\":\"Food4animals\"},\"image\":{\"@id\":\"https:\\\/\\\/www.food4animals.nl\\\/en\\\/#\\\/schema\\\/logo\\\/image\\\/\"},\"sameAs\":[\"https:\\\/\\\/www.facebook.com\\\/p\\\/Food4animals-100063861676074\\\/\",\"https:\\\/\\\/x.com\\\/food4animals\"]}]}<\/script>\n<!-- \/ Yoast SEO plugin. -->","yoast_head_json":{"title":"LED ist mehr 30 x 3 cm (40 LED-Birnen) - Food4animals","robots":{"index":"index","follow":"follow","max-snippet":"max-snippet:-1","max-image-preview":"max-image-preview:large","max-video-preview":"max-video-preview:-1"},"canonical":"https:\/\/www.food4animals.nl\/de\/produkt\/led-ist-mehr-30-x-3-cm-40-led-gluhbirnen\/","og_locale":"de_DE","og_type":"article","og_title":"LED is more 30 x 3 cm (40 LED lampen) - Food4animals","og_description":"Voorzie elke gewenste plek eenvoudig van licht!","og_url":"https:\/\/www.food4animals.nl\/de\/produkt\/led-ist-mehr-30-x-3-cm-40-led-gluhbirnen\/","og_site_name":"Food4animals","article_publisher":"https:\/\/www.facebook.com\/p\/Food4animals-100063861676074\/","article_modified_time":"2026-05-01T00:28:12+00:00","og_image":[{"width":980,"height":980,"url":"https:\/\/www.food4animals.nl\/wp-content\/uploads\/2025\/11\/LEDI002.png","type":"image\/png"}],"twitter_card":"summary_large_image","twitter_site":"@food4animals","twitter_misc":{"Gesch\u00e4tzte Lesezeit":"1\u00a0Minute"},"schema":{"@context":"https:\/\/schema.org","@graph":[{"@type":"WebPage","@id":"https:\/\/www.food4animals.nl\/product\/led-is-more-30-x-3-cm-40-led-lampen\/","url":"https:\/\/www.food4animals.nl\/product\/led-is-more-30-x-3-cm-40-led-lampen\/","name":"LED ist mehr 30 x 3 cm (40 LED-Birnen) - Food4animals","isPartOf":{"@id":"https:\/\/www.food4animals.nl\/en\/#website"},"primaryImageOfPage":{"@id":"https:\/\/www.food4animals.nl\/product\/led-is-more-30-x-3-cm-40-led-lampen\/#primaryimage"},"image":{"@id":"https:\/\/www.food4animals.nl\/product\/led-is-more-30-x-3-cm-40-led-lampen\/#primaryimage"},"thumbnailUrl":"https:\/\/www.food4animals.nl\/wp-content\/uploads\/2025\/11\/LEDI002.png","datePublished":"2023-12-13T12:50:45+00:00","dateModified":"2026-05-01T00:28:12+00:00","breadcrumb":{"@id":"https:\/\/www.food4animals.nl\/product\/led-is-more-30-x-3-cm-40-led-lampen\/#breadcrumb"},"inLanguage":"de","potentialAction":[{"@type":"ReadAction","target":["https:\/\/www.food4animals.nl\/product\/led-is-more-30-x-3-cm-40-led-lampen\/"]}]},{"@type":"ImageObject","inLanguage":"de","@id":"https:\/\/www.food4animals.nl\/product\/led-is-more-30-x-3-cm-40-led-lampen\/#primaryimage","url":"https:\/\/www.food4animals.nl\/wp-content\/uploads\/2025\/11\/LEDI002.png","contentUrl":"https:\/\/www.food4animals.nl\/wp-content\/uploads\/2025\/11\/LEDI002.png","width":980,"height":980},{"@type":"BreadcrumbList","@id":"https:\/\/www.food4animals.nl\/product\/led-is-more-30-x-3-cm-40-led-lampen\/#breadcrumb","itemListElement":[{"@type":"ListItem","position":1,"name":"Home","item":"https:\/\/www.food4animals.nl\/"},{"@type":"ListItem","position":2,"name":"Winkel","item":"https:\/\/www.food4animals.nl\/winkel\/"},{"@type":"ListItem","position":3,"name":"LED is more 30 x 3 cm (40 LED lampen)"}]},{"@type":"WebSite","@id":"https:\/\/www.food4animals.nl\/en\/#website","url":"https:\/\/www.food4animals.nl\/en\/","name":"Lebensmittel4Tiere","description":"Alles f\u00fcr Reiter und Tier","publisher":{"@id":"https:\/\/www.food4animals.nl\/en\/#organization"},"potentialAction":[{"@type":"SearchAction","target":{"@type":"EntryPoint","urlTemplate":"https:\/\/www.food4animals.nl\/en\/?s={search_term_string}"},"query-input":{"@type":"PropertyValueSpecification","valueRequired":true,"valueName":"search_term_string"}}],"inLanguage":"de"},{"@type":"Organization","@id":"https:\/\/www.food4animals.nl\/en\/#organization","name":"Lebensmittel4Tiere","url":"https:\/\/www.food4animals.nl\/en\/","logo":{"@type":"ImageObject","inLanguage":"de","@id":"https:\/\/www.food4animals.nl\/en\/#\/schema\/logo\/image\/","url":"https:\/\/www.food4animals.nl\/wp-content\/uploads\/2023\/10\/Logo.svg","contentUrl":"https:\/\/www.food4animals.nl\/wp-content\/uploads\/2023\/10\/Logo.svg","width":1,"height":1,"caption":"Food4animals"},"image":{"@id":"https:\/\/www.food4animals.nl\/en\/#\/schema\/logo\/image\/"},"sameAs":["https:\/\/www.facebook.com\/p\/Food4animals-100063861676074\/","https:\/\/x.com\/food4animals"]}]}},"_links":{"self":[{"href":"https:\/\/www.food4animals.nl\/de\/wp-json\/wp\/v2\/product\/13654","targetHints":{"allow":["GET"]}}],"collection":[{"href":"https:\/\/www.food4animals.nl\/de\/wp-json\/wp\/v2\/product"}],"about":[{"href":"https:\/\/www.food4animals.nl\/de\/wp-json\/wp\/v2\/types\/product"}],"wp:featuredmedia":[{"embeddable":true,"href":"https:\/\/www.food4animals.nl\/de\/wp-json\/wp\/v2\/media\/38820"}],"wp:attachment":[{"href":"https:\/\/www.food4animals.nl\/de\/wp-json\/wp\/v2\/media?parent=13654"}],"wp:term":[{"taxonomy":"product_brand","embeddable":true,"href":"https:\/\/www.food4animals.nl\/de\/wp-json\/wp\/v2\/product_brand?post=13654"},{"taxonomy":"product_cat","embeddable":true,"href":"https:\/\/www.food4animals.nl\/de\/wp-json\/wp\/v2\/product_cat?post=13654"},{"taxonomy":"product_tag","embeddable":true,"href":"https:\/\/www.food4animals.nl\/de\/wp-json\/wp\/v2\/product_tag?post=13654"}],"curies":[{"name":"wp","href":"https:\/\/api.w.org\/{rel}","templated":true}]}}