{"id":13656,"date":"2023-12-13T14:25:34","date_gmt":"2023-12-13T14:25:34","guid":{"rendered":"https:\/\/food4animals.nl\/product\/led-is-more-muts\/"},"modified":"2026-04-21T01:26:45","modified_gmt":"2026-04-21T00:26:45","slug":"led-ist-mehr-hat","status":"publish","type":"product","link":"https:\/\/www.food4animals.nl\/de\/produkt\/led-ist-mehr-hat\/","title":{"rendered":"LED ist mehr Hut"},"content":{"rendered":"<h2>Hut mit LED-Lampe<\/h2>\n<p>Mit dieser M\u00fctze mit LED-Lampe sind Sie immer gut sichtbar! Tragen Sie diese M\u00fctze in der Nacht oder an grauen Wintertagen, damit andere Sie gut sehen k\u00f6nnen. So k\u00f6nnen Sie beruhigt spazieren gehen, laufen, Rad fahren, Hausarbeiten erledigen oder den Hund ausf\u00fchren, auch wenn es drau\u00dfen dunkel ist. Au\u00dferdem h\u00e4lt die M\u00fctze Ihren Kopf und Ihre Ohren nat\u00fcrlich angenehm warm.\u00a0<\/p>\n<h3><strong>Der Hut hat 4 Lichtmodi:<\/strong><\/h3>\n<ul>\n<li>0 - Aus<\/li>\n<li>1 - Helles Licht<\/li>\n<li>2 - Normales Licht<\/li>\n<li>3 - Minimales Licht<\/li>\n<\/ul>\n<p>Die verschiedenen Lichtmodi machen den Hut f\u00fcr verschiedene Situationen geeignet. Machen Sie nachts einen Spaziergang im Wald? Dann ist das helle Licht perfekt, um zu sehen, wohin Sie gehen. Nehmen Sie am Stra\u00dfenverkehr teil? Dann w\u00e4hlen Sie normales Licht, so dass Sie gut sichtbar sind, aber andere nicht blenden. Minimales Licht reicht aus, wenn der Tag grau oder regnerisch ist.<\/p>\n<p>Die Lampe kann von der Kappe abgenommen werden, so dass Sie die Lampe aufladen oder die Kappe waschen k\u00f6nnen. Die LED-Lampe wird \u00fcber den USB-Anschluss aufgeladen.\u00a0<\/p>\n<h3><strong>Zusammensetzung<\/strong><\/h3>\n<ul>\n<li>35% Acryl<\/li>\n<li>65% Polyester<\/li>\n<\/ul>\n<h3><strong style=\"font-family: var(--primary-font); font-size: var(--h3-font-size);\">Waschanleitung<\/strong><\/h3>\n<ul>\n<li>Entfernen Sie die LED-Lampe vor dem Waschen<\/li>\n<li>Maschinenwaschbar bei bis zu 35\u00b0C<\/li>\n<li>Nicht f\u00fcr den Trockner geeignet<\/li>\n<li>Nicht b\u00fcgeln\u00a0<\/li>\n<li>Nicht chemisch reinigen<\/li>\n<\/ul>\n<p>\u00a0<\/p>\n<p>\u00a0<\/p>","protected":false},"excerpt":{"rendered":"<p>Auch im Dunkeln gut sichtbar mit diesem Hut mit LED-Lampe!<\/p>","protected":false},"featured_media":38824,"template":"","meta":{"_acf_changed":false},"product_brand":[],"product_cat":[1247,1817],"product_tag":[816,2641],"class_list":{"0":"post-13656","1":"product","2":"type-product","3":"status-publish","4":"has-post-thumbnail","6":"product_cat-stal-en-erf","7":"product_cat-veiligheid-en-bescherming","8":"product_tag-mens","9":"product_tag-verlichting","10":"tax_brand-led-is-more","12":"first","13":"instock","14":"taxable","15":"shipping-taxable","16":"purchasable","17":"product-type-simple"},"acf":[],"yoast_head":"<!-- This site is optimized with the Yoast SEO plugin v27.4 - https:\/\/yoast.com\/product\/yoast-seo-wordpress\/ -->\n<title>LED is more muts - Food4animals<\/title>\n<meta name=\"robots\" content=\"index, follow, max-snippet:-1, max-image-preview:large, max-video-preview:-1\" \/>\n<link rel=\"canonical\" href=\"https:\/\/www.food4animals.nl\/de\/produkt\/led-ist-mehr-hat\/\" \/>\n<meta property=\"og:locale\" content=\"de_DE\" \/>\n<meta property=\"og:type\" content=\"article\" \/>\n<meta property=\"og:title\" content=\"LED is more muts - Food4animals\" \/>\n<meta property=\"og:description\" content=\"Ook in het donker goed zichtbaar met deze muts met LED lamp!\" \/>\n<meta property=\"og:url\" content=\"https:\/\/www.food4animals.nl\/de\/produkt\/led-ist-mehr-hat\/\" \/>\n<meta property=\"og:site_name\" content=\"Food4animals\" \/>\n<meta property=\"article:publisher\" content=\"https:\/\/www.facebook.com\/p\/Food4animals-100063861676074\/\" \/>\n<meta property=\"article:modified_time\" content=\"2026-04-21T00:26:45+00:00\" \/>\n<meta property=\"og:image\" content=\"https:\/\/www.food4animals.nl\/wp-content\/uploads\/2025\/11\/LEDI004.png\" \/>\n\t<meta property=\"og:image:width\" content=\"980\" \/>\n\t<meta property=\"og:image:height\" content=\"980\" \/>\n\t<meta property=\"og:image:type\" content=\"image\/png\" \/>\n<meta name=\"twitter:card\" content=\"summary_large_image\" \/>\n<meta name=\"twitter:site\" content=\"@food4animals\" \/>\n<meta name=\"twitter:label1\" content=\"Gesch\u00e4tzte Lesezeit\" \/>\n\t<meta name=\"twitter:data1\" content=\"1\u00a0Minute\" \/>\n<script type=\"application\/ld+json\" class=\"yoast-schema-graph\">{\"@context\":\"https:\\\/\\\/schema.org\",\"@graph\":[{\"@type\":\"WebPage\",\"@id\":\"https:\\\/\\\/www.food4animals.nl\\\/product\\\/led-is-more-muts\\\/\",\"url\":\"https:\\\/\\\/www.food4animals.nl\\\/product\\\/led-is-more-muts\\\/\",\"name\":\"LED is more muts - Food4animals\",\"isPartOf\":{\"@id\":\"https:\\\/\\\/www.food4animals.nl\\\/en\\\/#website\"},\"primaryImageOfPage\":{\"@id\":\"https:\\\/\\\/www.food4animals.nl\\\/product\\\/led-is-more-muts\\\/#primaryimage\"},\"image\":{\"@id\":\"https:\\\/\\\/www.food4animals.nl\\\/product\\\/led-is-more-muts\\\/#primaryimage\"},\"thumbnailUrl\":\"https:\\\/\\\/www.food4animals.nl\\\/wp-content\\\/uploads\\\/2025\\\/11\\\/LEDI004.png\",\"datePublished\":\"2023-12-13T14:25:34+00:00\",\"dateModified\":\"2026-04-21T00:26:45+00:00\",\"breadcrumb\":{\"@id\":\"https:\\\/\\\/www.food4animals.nl\\\/product\\\/led-is-more-muts\\\/#breadcrumb\"},\"inLanguage\":\"de\",\"potentialAction\":[{\"@type\":\"ReadAction\",\"target\":[\"https:\\\/\\\/www.food4animals.nl\\\/product\\\/led-is-more-muts\\\/\"]}]},{\"@type\":\"ImageObject\",\"inLanguage\":\"de\",\"@id\":\"https:\\\/\\\/www.food4animals.nl\\\/product\\\/led-is-more-muts\\\/#primaryimage\",\"url\":\"https:\\\/\\\/www.food4animals.nl\\\/wp-content\\\/uploads\\\/2025\\\/11\\\/LEDI004.png\",\"contentUrl\":\"https:\\\/\\\/www.food4animals.nl\\\/wp-content\\\/uploads\\\/2025\\\/11\\\/LEDI004.png\",\"width\":980,\"height\":980},{\"@type\":\"BreadcrumbList\",\"@id\":\"https:\\\/\\\/www.food4animals.nl\\\/product\\\/led-is-more-muts\\\/#breadcrumb\",\"itemListElement\":[{\"@type\":\"ListItem\",\"position\":1,\"name\":\"Home\",\"item\":\"https:\\\/\\\/www.food4animals.nl\\\/\"},{\"@type\":\"ListItem\",\"position\":2,\"name\":\"Winkel\",\"item\":\"https:\\\/\\\/www.food4animals.nl\\\/winkel\\\/\"},{\"@type\":\"ListItem\",\"position\":3,\"name\":\"LED is more muts\"}]},{\"@type\":\"WebSite\",\"@id\":\"https:\\\/\\\/www.food4animals.nl\\\/en\\\/#website\",\"url\":\"https:\\\/\\\/www.food4animals.nl\\\/en\\\/\",\"name\":\"Food4animals\",\"description\":\"Alles voor Ruiter en Dier\",\"publisher\":{\"@id\":\"https:\\\/\\\/www.food4animals.nl\\\/en\\\/#organization\"},\"potentialAction\":[{\"@type\":\"SearchAction\",\"target\":{\"@type\":\"EntryPoint\",\"urlTemplate\":\"https:\\\/\\\/www.food4animals.nl\\\/en\\\/?s={search_term_string}\"},\"query-input\":{\"@type\":\"PropertyValueSpecification\",\"valueRequired\":true,\"valueName\":\"search_term_string\"}}],\"inLanguage\":\"de\"},{\"@type\":\"Organization\",\"@id\":\"https:\\\/\\\/www.food4animals.nl\\\/en\\\/#organization\",\"name\":\"Food4animals\",\"url\":\"https:\\\/\\\/www.food4animals.nl\\\/en\\\/\",\"logo\":{\"@type\":\"ImageObject\",\"inLanguage\":\"de\",\"@id\":\"https:\\\/\\\/www.food4animals.nl\\\/en\\\/#\\\/schema\\\/logo\\\/image\\\/\",\"url\":\"https:\\\/\\\/www.food4animals.nl\\\/wp-content\\\/uploads\\\/2023\\\/10\\\/Logo.svg\",\"contentUrl\":\"https:\\\/\\\/www.food4animals.nl\\\/wp-content\\\/uploads\\\/2023\\\/10\\\/Logo.svg\",\"width\":1,\"height\":1,\"caption\":\"Food4animals\"},\"image\":{\"@id\":\"https:\\\/\\\/www.food4animals.nl\\\/en\\\/#\\\/schema\\\/logo\\\/image\\\/\"},\"sameAs\":[\"https:\\\/\\\/www.facebook.com\\\/p\\\/Food4animals-100063861676074\\\/\",\"https:\\\/\\\/x.com\\\/food4animals\"]}]}<\/script>\n<!-- \/ Yoast SEO plugin. -->","yoast_head_json":{"title":"LED ist mehr Hut - Food4animals","robots":{"index":"index","follow":"follow","max-snippet":"max-snippet:-1","max-image-preview":"max-image-preview:large","max-video-preview":"max-video-preview:-1"},"canonical":"https:\/\/www.food4animals.nl\/de\/produkt\/led-ist-mehr-hat\/","og_locale":"de_DE","og_type":"article","og_title":"LED is more muts - Food4animals","og_description":"Ook in het donker goed zichtbaar met deze muts met LED lamp!","og_url":"https:\/\/www.food4animals.nl\/de\/produkt\/led-ist-mehr-hat\/","og_site_name":"Food4animals","article_publisher":"https:\/\/www.facebook.com\/p\/Food4animals-100063861676074\/","article_modified_time":"2026-04-21T00:26:45+00:00","og_image":[{"width":980,"height":980,"url":"https:\/\/www.food4animals.nl\/wp-content\/uploads\/2025\/11\/LEDI004.png","type":"image\/png"}],"twitter_card":"summary_large_image","twitter_site":"@food4animals","twitter_misc":{"Gesch\u00e4tzte Lesezeit":"1\u00a0Minute"},"schema":{"@context":"https:\/\/schema.org","@graph":[{"@type":"WebPage","@id":"https:\/\/www.food4animals.nl\/product\/led-is-more-muts\/","url":"https:\/\/www.food4animals.nl\/product\/led-is-more-muts\/","name":"LED ist mehr Hut - Food4animals","isPartOf":{"@id":"https:\/\/www.food4animals.nl\/en\/#website"},"primaryImageOfPage":{"@id":"https:\/\/www.food4animals.nl\/product\/led-is-more-muts\/#primaryimage"},"image":{"@id":"https:\/\/www.food4animals.nl\/product\/led-is-more-muts\/#primaryimage"},"thumbnailUrl":"https:\/\/www.food4animals.nl\/wp-content\/uploads\/2025\/11\/LEDI004.png","datePublished":"2023-12-13T14:25:34+00:00","dateModified":"2026-04-21T00:26:45+00:00","breadcrumb":{"@id":"https:\/\/www.food4animals.nl\/product\/led-is-more-muts\/#breadcrumb"},"inLanguage":"de","potentialAction":[{"@type":"ReadAction","target":["https:\/\/www.food4animals.nl\/product\/led-is-more-muts\/"]}]},{"@type":"ImageObject","inLanguage":"de","@id":"https:\/\/www.food4animals.nl\/product\/led-is-more-muts\/#primaryimage","url":"https:\/\/www.food4animals.nl\/wp-content\/uploads\/2025\/11\/LEDI004.png","contentUrl":"https:\/\/www.food4animals.nl\/wp-content\/uploads\/2025\/11\/LEDI004.png","width":980,"height":980},{"@type":"BreadcrumbList","@id":"https:\/\/www.food4animals.nl\/product\/led-is-more-muts\/#breadcrumb","itemListElement":[{"@type":"ListItem","position":1,"name":"Home","item":"https:\/\/www.food4animals.nl\/"},{"@type":"ListItem","position":2,"name":"Winkel","item":"https:\/\/www.food4animals.nl\/winkel\/"},{"@type":"ListItem","position":3,"name":"LED is more muts"}]},{"@type":"WebSite","@id":"https:\/\/www.food4animals.nl\/en\/#website","url":"https:\/\/www.food4animals.nl\/en\/","name":"Lebensmittel4Tiere","description":"Alles f\u00fcr Reiter und Tier","publisher":{"@id":"https:\/\/www.food4animals.nl\/en\/#organization"},"potentialAction":[{"@type":"SearchAction","target":{"@type":"EntryPoint","urlTemplate":"https:\/\/www.food4animals.nl\/en\/?s={search_term_string}"},"query-input":{"@type":"PropertyValueSpecification","valueRequired":true,"valueName":"search_term_string"}}],"inLanguage":"de"},{"@type":"Organization","@id":"https:\/\/www.food4animals.nl\/en\/#organization","name":"Lebensmittel4Tiere","url":"https:\/\/www.food4animals.nl\/en\/","logo":{"@type":"ImageObject","inLanguage":"de","@id":"https:\/\/www.food4animals.nl\/en\/#\/schema\/logo\/image\/","url":"https:\/\/www.food4animals.nl\/wp-content\/uploads\/2023\/10\/Logo.svg","contentUrl":"https:\/\/www.food4animals.nl\/wp-content\/uploads\/2023\/10\/Logo.svg","width":1,"height":1,"caption":"Food4animals"},"image":{"@id":"https:\/\/www.food4animals.nl\/en\/#\/schema\/logo\/image\/"},"sameAs":["https:\/\/www.facebook.com\/p\/Food4animals-100063861676074\/","https:\/\/x.com\/food4animals"]}]}},"_links":{"self":[{"href":"https:\/\/www.food4animals.nl\/de\/wp-json\/wp\/v2\/product\/13656","targetHints":{"allow":["GET"]}}],"collection":[{"href":"https:\/\/www.food4animals.nl\/de\/wp-json\/wp\/v2\/product"}],"about":[{"href":"https:\/\/www.food4animals.nl\/de\/wp-json\/wp\/v2\/types\/product"}],"wp:featuredmedia":[{"embeddable":true,"href":"https:\/\/www.food4animals.nl\/de\/wp-json\/wp\/v2\/media\/38824"}],"wp:attachment":[{"href":"https:\/\/www.food4animals.nl\/de\/wp-json\/wp\/v2\/media?parent=13656"}],"wp:term":[{"taxonomy":"product_brand","embeddable":true,"href":"https:\/\/www.food4animals.nl\/de\/wp-json\/wp\/v2\/product_brand?post=13656"},{"taxonomy":"product_cat","embeddable":true,"href":"https:\/\/www.food4animals.nl\/de\/wp-json\/wp\/v2\/product_cat?post=13656"},{"taxonomy":"product_tag","embeddable":true,"href":"https:\/\/www.food4animals.nl\/de\/wp-json\/wp\/v2\/product_tag?post=13656"}],"curies":[{"name":"wp","href":"https:\/\/api.w.org\/{rel}","templated":true}]}}