{"id":13689,"date":"2023-12-13T12:52:41","date_gmt":"2023-12-13T12:52:41","guid":{"rendered":"https:\/\/food4animals.nl\/product\/lets-sleep-comfy-cushion-hondenmand-l-cognac\/"},"modified":"2026-04-20T01:28:26","modified_gmt":"2026-04-20T00:28:26","slug":"lets-sleep-comfy-cushion-hundekorb-l-cognac","status":"publish","type":"product","link":"https:\/\/www.food4animals.nl\/de\/produkt\/lets-sleep-comfy-cushion-hundekorb-l-cognac\/","title":{"rendered":"Let's Sleep Comfy Cushion Hundekorb L Cognac"},"content":{"rendered":"<h2>Let's Sleep Comfy Kissen<\/h2>\n<p>Mit dem Let's Sleep Comfy Cushion k\u00f6nnen Sie Ihrem Hund ein Nickerchen g\u00f6nnen oder ihn in den Schlaf wiegen. Dieses Hundekissen mit erh\u00f6htem Rand ist perfekt f\u00fcr Hunde, die sich nach dem Spazierengehen und Spielen an einem gem\u00fctlichen Ort erholen m\u00f6chten.<\/p>\n<p>Dieses Hundekissen\/Liegebett ist durch seinen erh\u00f6hten Rand einzigartig. Dadurch erinnert es an ein gem\u00fctliches Hundek\u00f6rbchen und f\u00fchlt sich gleichzeitig angenehm weich an wie ein Kissen. Das liegt an der weichen und festen Schaumstofff\u00fcllung, die sich dem K\u00f6rper des Hundes anpasst. Der erh\u00f6hte Rand sorgt f\u00fcr eine angenehme R\u00fcckenunterst\u00fctzung. Mit einem Kissen oder einer Decke k\u00f6nnen Sie dieses Lounge-Bett noch luxuri\u00f6ser und stilvoller gestalten. Dank der praktischen Anti-Rutsch-Schicht auf der Unterseite rutscht das Liegebett nicht \u00fcber den Boden.<\/p>\n<p>G\u00f6nnen Sie Ihrem vierbeinigen Freund einen herrlich kuscheligen Schlafplatz mit dem Comfy Cushion!<\/p>\n<h3>Varianten<\/h3>\n<ul>\n<li>LETS0520A - Taupe M (60x50x12 cm)<\/li>\n<li>LETS0520B - Cognac M (60x50x12 cm)<\/li>\n<li>LETS0520C - Anthrazit M (60x50x12 cm)<\/li>\n<li>LETS0521A - Taupe L (85x70x12 cm)<\/li>\n<li>LETS0521B - Cognac L (85x70x12 cm)<\/li>\n<li>LETS0521C - Anthrazit L (85x70x12 cm)<\/li>\n<li>LETS0522A - Taupe XL (100x85x15 cm)<\/li>\n<li>LETS0522B - Cognac XL (100x85x15 cm)<\/li>\n<li>LETS0522C - Anthrazit XL (100x85x15 cm)<\/li>\n<\/ul>","protected":false},"excerpt":{"rendered":"<p>Lassen Sie Ihren vierbeinigen Freund dieses Lounge-Bett genie\u00dfen!<\/p>","protected":false},"featured_media":38899,"template":"","meta":{"_acf_changed":false},"product_brand":[],"product_cat":[821,929],"product_tag":[2655,901,2654],"class_list":{"0":"post-13689","1":"product","2":"type-product","3":"status-publish","4":"has-post-thumbnail","6":"product_cat-hond","7":"product_cat-kussens-en-transport","8":"product_tag-comfy-cushion","9":"product_tag-l","10":"product_tag-lets-sleep-2023","12":"first","13":"instock","14":"taxable","15":"shipping-taxable","16":"purchasable","17":"product-type-simple"},"acf":[],"yoast_head":"<!-- This site is optimized with the Yoast SEO plugin v27.4 - https:\/\/yoast.com\/product\/yoast-seo-wordpress\/ -->\n<title>Let&#039;s Sleep Comfy Cushion Hondenmand L Cognac - Food4animals<\/title>\n<meta name=\"robots\" content=\"index, follow, max-snippet:-1, max-image-preview:large, max-video-preview:-1\" \/>\n<link rel=\"canonical\" href=\"https:\/\/www.food4animals.nl\/de\/produkt\/lets-sleep-comfy-cushion-hundekorb-l-cognac\/\" \/>\n<meta property=\"og:locale\" content=\"de_DE\" \/>\n<meta property=\"og:type\" content=\"article\" \/>\n<meta property=\"og:title\" content=\"Let&#039;s Sleep Comfy Cushion Hondenmand L Cognac - Food4animals\" \/>\n<meta property=\"og:description\" content=\"Laat je viervoeter genieten van dit loungebed!\" \/>\n<meta property=\"og:url\" content=\"https:\/\/www.food4animals.nl\/de\/produkt\/lets-sleep-comfy-cushion-hundekorb-l-cognac\/\" \/>\n<meta property=\"og:site_name\" content=\"Food4animals\" \/>\n<meta property=\"article:publisher\" content=\"https:\/\/www.facebook.com\/p\/Food4animals-100063861676074\/\" \/>\n<meta property=\"article:modified_time\" content=\"2026-04-20T00:28:26+00:00\" \/>\n<meta property=\"og:image\" content=\"https:\/\/www.food4animals.nl\/wp-content\/uploads\/2025\/11\/LETS0521B.png\" \/>\n\t<meta property=\"og:image:width\" content=\"1024\" \/>\n\t<meta property=\"og:image:height\" content=\"1024\" \/>\n\t<meta property=\"og:image:type\" content=\"image\/png\" \/>\n<meta name=\"twitter:card\" content=\"summary_large_image\" \/>\n<meta name=\"twitter:site\" content=\"@food4animals\" \/>\n<meta name=\"twitter:label1\" content=\"Gesch\u00e4tzte Lesezeit\" \/>\n\t<meta name=\"twitter:data1\" content=\"1\u00a0Minute\" \/>\n<script type=\"application\/ld+json\" class=\"yoast-schema-graph\">{\"@context\":\"https:\\\/\\\/schema.org\",\"@graph\":[{\"@type\":\"WebPage\",\"@id\":\"https:\\\/\\\/www.food4animals.nl\\\/product\\\/lets-sleep-comfy-cushion-hondenmand-l-cognac\\\/\",\"url\":\"https:\\\/\\\/www.food4animals.nl\\\/product\\\/lets-sleep-comfy-cushion-hondenmand-l-cognac\\\/\",\"name\":\"Let's Sleep Comfy Cushion Hondenmand L Cognac - Food4animals\",\"isPartOf\":{\"@id\":\"https:\\\/\\\/www.food4animals.nl\\\/en\\\/#website\"},\"primaryImageOfPage\":{\"@id\":\"https:\\\/\\\/www.food4animals.nl\\\/product\\\/lets-sleep-comfy-cushion-hondenmand-l-cognac\\\/#primaryimage\"},\"image\":{\"@id\":\"https:\\\/\\\/www.food4animals.nl\\\/product\\\/lets-sleep-comfy-cushion-hondenmand-l-cognac\\\/#primaryimage\"},\"thumbnailUrl\":\"https:\\\/\\\/www.food4animals.nl\\\/wp-content\\\/uploads\\\/2025\\\/11\\\/LETS0521B.png\",\"datePublished\":\"2023-12-13T12:52:41+00:00\",\"dateModified\":\"2026-04-20T00:28:26+00:00\",\"breadcrumb\":{\"@id\":\"https:\\\/\\\/www.food4animals.nl\\\/product\\\/lets-sleep-comfy-cushion-hondenmand-l-cognac\\\/#breadcrumb\"},\"inLanguage\":\"de\",\"potentialAction\":[{\"@type\":\"ReadAction\",\"target\":[\"https:\\\/\\\/www.food4animals.nl\\\/product\\\/lets-sleep-comfy-cushion-hondenmand-l-cognac\\\/\"]}]},{\"@type\":\"ImageObject\",\"inLanguage\":\"de\",\"@id\":\"https:\\\/\\\/www.food4animals.nl\\\/product\\\/lets-sleep-comfy-cushion-hondenmand-l-cognac\\\/#primaryimage\",\"url\":\"https:\\\/\\\/www.food4animals.nl\\\/wp-content\\\/uploads\\\/2025\\\/11\\\/LETS0521B.png\",\"contentUrl\":\"https:\\\/\\\/www.food4animals.nl\\\/wp-content\\\/uploads\\\/2025\\\/11\\\/LETS0521B.png\",\"width\":1024,\"height\":1024},{\"@type\":\"BreadcrumbList\",\"@id\":\"https:\\\/\\\/www.food4animals.nl\\\/product\\\/lets-sleep-comfy-cushion-hondenmand-l-cognac\\\/#breadcrumb\",\"itemListElement\":[{\"@type\":\"ListItem\",\"position\":1,\"name\":\"Home\",\"item\":\"https:\\\/\\\/www.food4animals.nl\\\/\"},{\"@type\":\"ListItem\",\"position\":2,\"name\":\"Winkel\",\"item\":\"https:\\\/\\\/www.food4animals.nl\\\/winkel\\\/\"},{\"@type\":\"ListItem\",\"position\":3,\"name\":\"Let&#8217;s Sleep Comfy Cushion Hondenmand L Cognac\"}]},{\"@type\":\"WebSite\",\"@id\":\"https:\\\/\\\/www.food4animals.nl\\\/en\\\/#website\",\"url\":\"https:\\\/\\\/www.food4animals.nl\\\/en\\\/\",\"name\":\"Food4animals\",\"description\":\"Alles voor Ruiter en Dier\",\"publisher\":{\"@id\":\"https:\\\/\\\/www.food4animals.nl\\\/en\\\/#organization\"},\"potentialAction\":[{\"@type\":\"SearchAction\",\"target\":{\"@type\":\"EntryPoint\",\"urlTemplate\":\"https:\\\/\\\/www.food4animals.nl\\\/en\\\/?s={search_term_string}\"},\"query-input\":{\"@type\":\"PropertyValueSpecification\",\"valueRequired\":true,\"valueName\":\"search_term_string\"}}],\"inLanguage\":\"de\"},{\"@type\":\"Organization\",\"@id\":\"https:\\\/\\\/www.food4animals.nl\\\/en\\\/#organization\",\"name\":\"Food4animals\",\"url\":\"https:\\\/\\\/www.food4animals.nl\\\/en\\\/\",\"logo\":{\"@type\":\"ImageObject\",\"inLanguage\":\"de\",\"@id\":\"https:\\\/\\\/www.food4animals.nl\\\/en\\\/#\\\/schema\\\/logo\\\/image\\\/\",\"url\":\"https:\\\/\\\/www.food4animals.nl\\\/wp-content\\\/uploads\\\/2023\\\/10\\\/Logo.svg\",\"contentUrl\":\"https:\\\/\\\/www.food4animals.nl\\\/wp-content\\\/uploads\\\/2023\\\/10\\\/Logo.svg\",\"width\":1,\"height\":1,\"caption\":\"Food4animals\"},\"image\":{\"@id\":\"https:\\\/\\\/www.food4animals.nl\\\/en\\\/#\\\/schema\\\/logo\\\/image\\\/\"},\"sameAs\":[\"https:\\\/\\\/www.facebook.com\\\/p\\\/Food4animals-100063861676074\\\/\",\"https:\\\/\\\/x.com\\\/food4animals\"]}]}<\/script>\n<!-- \/ Yoast SEO plugin. -->","yoast_head_json":{"title":"Let's Sleep Comfy Cushion Hundekorb L Cognac - Food4animals","robots":{"index":"index","follow":"follow","max-snippet":"max-snippet:-1","max-image-preview":"max-image-preview:large","max-video-preview":"max-video-preview:-1"},"canonical":"https:\/\/www.food4animals.nl\/de\/produkt\/lets-sleep-comfy-cushion-hundekorb-l-cognac\/","og_locale":"de_DE","og_type":"article","og_title":"Let's Sleep Comfy Cushion Hondenmand L Cognac - Food4animals","og_description":"Laat je viervoeter genieten van dit loungebed!","og_url":"https:\/\/www.food4animals.nl\/de\/produkt\/lets-sleep-comfy-cushion-hundekorb-l-cognac\/","og_site_name":"Food4animals","article_publisher":"https:\/\/www.facebook.com\/p\/Food4animals-100063861676074\/","article_modified_time":"2026-04-20T00:28:26+00:00","og_image":[{"width":1024,"height":1024,"url":"https:\/\/www.food4animals.nl\/wp-content\/uploads\/2025\/11\/LETS0521B.png","type":"image\/png"}],"twitter_card":"summary_large_image","twitter_site":"@food4animals","twitter_misc":{"Gesch\u00e4tzte Lesezeit":"1\u00a0Minute"},"schema":{"@context":"https:\/\/schema.org","@graph":[{"@type":"WebPage","@id":"https:\/\/www.food4animals.nl\/product\/lets-sleep-comfy-cushion-hondenmand-l-cognac\/","url":"https:\/\/www.food4animals.nl\/product\/lets-sleep-comfy-cushion-hondenmand-l-cognac\/","name":"Let's Sleep Comfy Cushion Hundekorb L Cognac - Food4animals","isPartOf":{"@id":"https:\/\/www.food4animals.nl\/en\/#website"},"primaryImageOfPage":{"@id":"https:\/\/www.food4animals.nl\/product\/lets-sleep-comfy-cushion-hondenmand-l-cognac\/#primaryimage"},"image":{"@id":"https:\/\/www.food4animals.nl\/product\/lets-sleep-comfy-cushion-hondenmand-l-cognac\/#primaryimage"},"thumbnailUrl":"https:\/\/www.food4animals.nl\/wp-content\/uploads\/2025\/11\/LETS0521B.png","datePublished":"2023-12-13T12:52:41+00:00","dateModified":"2026-04-20T00:28:26+00:00","breadcrumb":{"@id":"https:\/\/www.food4animals.nl\/product\/lets-sleep-comfy-cushion-hondenmand-l-cognac\/#breadcrumb"},"inLanguage":"de","potentialAction":[{"@type":"ReadAction","target":["https:\/\/www.food4animals.nl\/product\/lets-sleep-comfy-cushion-hondenmand-l-cognac\/"]}]},{"@type":"ImageObject","inLanguage":"de","@id":"https:\/\/www.food4animals.nl\/product\/lets-sleep-comfy-cushion-hondenmand-l-cognac\/#primaryimage","url":"https:\/\/www.food4animals.nl\/wp-content\/uploads\/2025\/11\/LETS0521B.png","contentUrl":"https:\/\/www.food4animals.nl\/wp-content\/uploads\/2025\/11\/LETS0521B.png","width":1024,"height":1024},{"@type":"BreadcrumbList","@id":"https:\/\/www.food4animals.nl\/product\/lets-sleep-comfy-cushion-hondenmand-l-cognac\/#breadcrumb","itemListElement":[{"@type":"ListItem","position":1,"name":"Home","item":"https:\/\/www.food4animals.nl\/"},{"@type":"ListItem","position":2,"name":"Winkel","item":"https:\/\/www.food4animals.nl\/winkel\/"},{"@type":"ListItem","position":3,"name":"Let&#8217;s Sleep Comfy Cushion Hondenmand L Cognac"}]},{"@type":"WebSite","@id":"https:\/\/www.food4animals.nl\/en\/#website","url":"https:\/\/www.food4animals.nl\/en\/","name":"Lebensmittel4Tiere","description":"Alles f\u00fcr Reiter und Tier","publisher":{"@id":"https:\/\/www.food4animals.nl\/en\/#organization"},"potentialAction":[{"@type":"SearchAction","target":{"@type":"EntryPoint","urlTemplate":"https:\/\/www.food4animals.nl\/en\/?s={search_term_string}"},"query-input":{"@type":"PropertyValueSpecification","valueRequired":true,"valueName":"search_term_string"}}],"inLanguage":"de"},{"@type":"Organization","@id":"https:\/\/www.food4animals.nl\/en\/#organization","name":"Lebensmittel4Tiere","url":"https:\/\/www.food4animals.nl\/en\/","logo":{"@type":"ImageObject","inLanguage":"de","@id":"https:\/\/www.food4animals.nl\/en\/#\/schema\/logo\/image\/","url":"https:\/\/www.food4animals.nl\/wp-content\/uploads\/2023\/10\/Logo.svg","contentUrl":"https:\/\/www.food4animals.nl\/wp-content\/uploads\/2023\/10\/Logo.svg","width":1,"height":1,"caption":"Food4animals"},"image":{"@id":"https:\/\/www.food4animals.nl\/en\/#\/schema\/logo\/image\/"},"sameAs":["https:\/\/www.facebook.com\/p\/Food4animals-100063861676074\/","https:\/\/x.com\/food4animals"]}]}},"_links":{"self":[{"href":"https:\/\/www.food4animals.nl\/de\/wp-json\/wp\/v2\/product\/13689","targetHints":{"allow":["GET"]}}],"collection":[{"href":"https:\/\/www.food4animals.nl\/de\/wp-json\/wp\/v2\/product"}],"about":[{"href":"https:\/\/www.food4animals.nl\/de\/wp-json\/wp\/v2\/types\/product"}],"wp:featuredmedia":[{"embeddable":true,"href":"https:\/\/www.food4animals.nl\/de\/wp-json\/wp\/v2\/media\/38899"}],"wp:attachment":[{"href":"https:\/\/www.food4animals.nl\/de\/wp-json\/wp\/v2\/media?parent=13689"}],"wp:term":[{"taxonomy":"product_brand","embeddable":true,"href":"https:\/\/www.food4animals.nl\/de\/wp-json\/wp\/v2\/product_brand?post=13689"},{"taxonomy":"product_cat","embeddable":true,"href":"https:\/\/www.food4animals.nl\/de\/wp-json\/wp\/v2\/product_cat?post=13689"},{"taxonomy":"product_tag","embeddable":true,"href":"https:\/\/www.food4animals.nl\/de\/wp-json\/wp\/v2\/product_tag?post=13689"}],"curies":[{"name":"wp","href":"https:\/\/api.w.org\/{rel}","templated":true}]}}