{"id":13707,"date":"2023-12-13T12:53:23","date_gmt":"2023-12-13T12:53:23","guid":{"rendered":"https:\/\/food4animals.nl\/product\/lets-sleep-cozy-basket-rieten-hondenmand-l-antraciet\/"},"modified":"2026-02-03T02:28:35","modified_gmt":"2026-02-03T01:28:35","slug":"lets-sleep-cozy-basket-rieten-hondenmand-l-antraciet","status":"publish","type":"product","link":"https:\/\/www.food4animals.nl\/de\/produkt\/lets-sleep-cozy-basket-rieten-hondenmand-l-antraciet\/","title":{"rendered":"Let's Sleep Cozy Basket Weidenkorb Hundekorb L Anthrazit"},"content":{"rendered":"<h2>Let's Sleep Cozy Basket<\/h2>\n<p>Lieben Sie es auch, Ihren Hund zu verw\u00f6hnen? Oder wei\u00df Ihr Hund immer, wie er den bequemsten Platz im Haus f\u00fcr sich beanspruchen kann? Dann ist der Let's Sleep Cozy Basket der perfekte Hundekorb f\u00fcr Ihren besten Freund!<\/p>\n<p>Der Let's Sleep Cozy Basket besteht aus einem herrlich luxuri\u00f6sen Korb aus geflochtener Weide und einem passenden Kissen. Das Kissen hat eine weiche, aber dennoch feste F\u00fcllung, so dass es bequem zu liegen ist und gleichzeitig Halt bietet. Ihr Hund kann in das Kissen einsinken und der Korb bietet eine angenehme R\u00fcckenst\u00fctze. Die Beine des Korbs sind gummiert, damit er nicht so leicht verrutscht und die Gefahr von Kratzern auf dem Boden minimiert wird.\u00a0<\/p>\n<p>Verw\u00f6hnen Sie Ihren Hund mit diesem luxuri\u00f6sen und bequemen K\u00f6rbchen in vollen Z\u00fcgen!<\/p>\n<h3>Varianten<\/h3>\n<ul>\n<li>LETS0560A - M (75x56x26 cm)<\/li>\n<li>LETS0560B - L (95x68x28 cm)<\/li>\n<li>LETS0560C - XL (115x78x30 cm)<\/li>\n<\/ul>","protected":false},"excerpt":{"rendered":"<p>Verw\u00f6hnen Sie Ihren besten Freund mit diesem wunderbar luxuri\u00f6sen und komfortablen Korb!<\/p>","protected":false},"featured_media":38949,"template":"","meta":{"_acf_changed":false},"product_brand":[],"product_cat":[821,929],"product_tag":[901,2654],"class_list":{"0":"post-13707","1":"product","2":"type-product","3":"status-publish","4":"has-post-thumbnail","6":"product_cat-hond","7":"product_cat-kussens-en-transport","8":"product_tag-l","9":"product_tag-lets-sleep-2023","11":"first","12":"outofstock","13":"taxable","14":"shipping-taxable","15":"purchasable","16":"product-type-simple"},"acf":[],"yoast_head":"<!-- This site is optimized with the Yoast SEO plugin v27.4 - https:\/\/yoast.com\/product\/yoast-seo-wordpress\/ -->\n<title>Let&#039;s Sleep Cozy Basket Rieten Hondenmand L Antraciet - Food4animals<\/title>\n<meta name=\"robots\" content=\"index, follow, max-snippet:-1, max-image-preview:large, max-video-preview:-1\" \/>\n<link rel=\"canonical\" href=\"https:\/\/www.food4animals.nl\/de\/produkt\/lets-sleep-cozy-basket-rieten-hondenmand-l-antraciet\/\" \/>\n<meta property=\"og:locale\" content=\"de_DE\" \/>\n<meta property=\"og:type\" content=\"article\" \/>\n<meta property=\"og:title\" content=\"Let&#039;s Sleep Cozy Basket Rieten Hondenmand L Antraciet - Food4animals\" \/>\n<meta property=\"og:description\" content=\"Verwen je beste vriend met deze heerlijk luxe en comfortabele mand!\" \/>\n<meta property=\"og:url\" content=\"https:\/\/www.food4animals.nl\/de\/produkt\/lets-sleep-cozy-basket-rieten-hondenmand-l-antraciet\/\" \/>\n<meta property=\"og:site_name\" content=\"Food4animals\" \/>\n<meta property=\"article:publisher\" content=\"https:\/\/www.facebook.com\/p\/Food4animals-100063861676074\/\" \/>\n<meta property=\"article:modified_time\" content=\"2026-02-03T01:28:35+00:00\" \/>\n<meta property=\"og:image\" content=\"https:\/\/www.food4animals.nl\/wp-content\/uploads\/2025\/11\/LETS0560B.png\" \/>\n\t<meta property=\"og:image:width\" content=\"1024\" \/>\n\t<meta property=\"og:image:height\" content=\"1024\" \/>\n\t<meta property=\"og:image:type\" content=\"image\/png\" \/>\n<meta name=\"twitter:card\" content=\"summary_large_image\" \/>\n<meta name=\"twitter:site\" content=\"@food4animals\" \/>\n<meta name=\"twitter:label1\" content=\"Gesch\u00e4tzte Lesezeit\" \/>\n\t<meta name=\"twitter:data1\" content=\"1\u00a0Minute\" \/>\n<script type=\"application\/ld+json\" class=\"yoast-schema-graph\">{\"@context\":\"https:\\\/\\\/schema.org\",\"@graph\":[{\"@type\":\"WebPage\",\"@id\":\"https:\\\/\\\/www.food4animals.nl\\\/product\\\/lets-sleep-cozy-basket-rieten-hondenmand-l-antraciet\\\/\",\"url\":\"https:\\\/\\\/www.food4animals.nl\\\/product\\\/lets-sleep-cozy-basket-rieten-hondenmand-l-antraciet\\\/\",\"name\":\"Let's Sleep Cozy Basket Rieten Hondenmand L Antraciet - Food4animals\",\"isPartOf\":{\"@id\":\"https:\\\/\\\/www.food4animals.nl\\\/en\\\/#website\"},\"primaryImageOfPage\":{\"@id\":\"https:\\\/\\\/www.food4animals.nl\\\/product\\\/lets-sleep-cozy-basket-rieten-hondenmand-l-antraciet\\\/#primaryimage\"},\"image\":{\"@id\":\"https:\\\/\\\/www.food4animals.nl\\\/product\\\/lets-sleep-cozy-basket-rieten-hondenmand-l-antraciet\\\/#primaryimage\"},\"thumbnailUrl\":\"https:\\\/\\\/www.food4animals.nl\\\/wp-content\\\/uploads\\\/2025\\\/11\\\/LETS0560B.png\",\"datePublished\":\"2023-12-13T12:53:23+00:00\",\"dateModified\":\"2026-02-03T01:28:35+00:00\",\"breadcrumb\":{\"@id\":\"https:\\\/\\\/www.food4animals.nl\\\/product\\\/lets-sleep-cozy-basket-rieten-hondenmand-l-antraciet\\\/#breadcrumb\"},\"inLanguage\":\"de\",\"potentialAction\":[{\"@type\":\"ReadAction\",\"target\":[\"https:\\\/\\\/www.food4animals.nl\\\/product\\\/lets-sleep-cozy-basket-rieten-hondenmand-l-antraciet\\\/\"]}]},{\"@type\":\"ImageObject\",\"inLanguage\":\"de\",\"@id\":\"https:\\\/\\\/www.food4animals.nl\\\/product\\\/lets-sleep-cozy-basket-rieten-hondenmand-l-antraciet\\\/#primaryimage\",\"url\":\"https:\\\/\\\/www.food4animals.nl\\\/wp-content\\\/uploads\\\/2025\\\/11\\\/LETS0560B.png\",\"contentUrl\":\"https:\\\/\\\/www.food4animals.nl\\\/wp-content\\\/uploads\\\/2025\\\/11\\\/LETS0560B.png\",\"width\":1024,\"height\":1024},{\"@type\":\"BreadcrumbList\",\"@id\":\"https:\\\/\\\/www.food4animals.nl\\\/product\\\/lets-sleep-cozy-basket-rieten-hondenmand-l-antraciet\\\/#breadcrumb\",\"itemListElement\":[{\"@type\":\"ListItem\",\"position\":1,\"name\":\"Home\",\"item\":\"https:\\\/\\\/www.food4animals.nl\\\/\"},{\"@type\":\"ListItem\",\"position\":2,\"name\":\"Winkel\",\"item\":\"https:\\\/\\\/www.food4animals.nl\\\/winkel\\\/\"},{\"@type\":\"ListItem\",\"position\":3,\"name\":\"Let&#8217;s Sleep Cozy Basket Rieten Hondenmand L Antraciet\"}]},{\"@type\":\"WebSite\",\"@id\":\"https:\\\/\\\/www.food4animals.nl\\\/en\\\/#website\",\"url\":\"https:\\\/\\\/www.food4animals.nl\\\/en\\\/\",\"name\":\"Food4animals\",\"description\":\"Alles voor Ruiter en Dier\",\"publisher\":{\"@id\":\"https:\\\/\\\/www.food4animals.nl\\\/en\\\/#organization\"},\"potentialAction\":[{\"@type\":\"SearchAction\",\"target\":{\"@type\":\"EntryPoint\",\"urlTemplate\":\"https:\\\/\\\/www.food4animals.nl\\\/en\\\/?s={search_term_string}\"},\"query-input\":{\"@type\":\"PropertyValueSpecification\",\"valueRequired\":true,\"valueName\":\"search_term_string\"}}],\"inLanguage\":\"de\"},{\"@type\":\"Organization\",\"@id\":\"https:\\\/\\\/www.food4animals.nl\\\/en\\\/#organization\",\"name\":\"Food4animals\",\"url\":\"https:\\\/\\\/www.food4animals.nl\\\/en\\\/\",\"logo\":{\"@type\":\"ImageObject\",\"inLanguage\":\"de\",\"@id\":\"https:\\\/\\\/www.food4animals.nl\\\/en\\\/#\\\/schema\\\/logo\\\/image\\\/\",\"url\":\"https:\\\/\\\/www.food4animals.nl\\\/wp-content\\\/uploads\\\/2023\\\/10\\\/Logo.svg\",\"contentUrl\":\"https:\\\/\\\/www.food4animals.nl\\\/wp-content\\\/uploads\\\/2023\\\/10\\\/Logo.svg\",\"width\":1,\"height\":1,\"caption\":\"Food4animals\"},\"image\":{\"@id\":\"https:\\\/\\\/www.food4animals.nl\\\/en\\\/#\\\/schema\\\/logo\\\/image\\\/\"},\"sameAs\":[\"https:\\\/\\\/www.facebook.com\\\/p\\\/Food4animals-100063861676074\\\/\",\"https:\\\/\\\/x.com\\\/food4animals\"]}]}<\/script>\n<!-- \/ Yoast SEO plugin. -->","yoast_head_json":{"title":"Let's Sleep Cozy Basket Rieten Hondenmand L Antraciet - Food4animals","robots":{"index":"index","follow":"follow","max-snippet":"max-snippet:-1","max-image-preview":"max-image-preview:large","max-video-preview":"max-video-preview:-1"},"canonical":"https:\/\/www.food4animals.nl\/de\/produkt\/lets-sleep-cozy-basket-rieten-hondenmand-l-antraciet\/","og_locale":"de_DE","og_type":"article","og_title":"Let's Sleep Cozy Basket Rieten Hondenmand L Antraciet - Food4animals","og_description":"Verwen je beste vriend met deze heerlijk luxe en comfortabele mand!","og_url":"https:\/\/www.food4animals.nl\/de\/produkt\/lets-sleep-cozy-basket-rieten-hondenmand-l-antraciet\/","og_site_name":"Food4animals","article_publisher":"https:\/\/www.facebook.com\/p\/Food4animals-100063861676074\/","article_modified_time":"2026-02-03T01:28:35+00:00","og_image":[{"width":1024,"height":1024,"url":"https:\/\/www.food4animals.nl\/wp-content\/uploads\/2025\/11\/LETS0560B.png","type":"image\/png"}],"twitter_card":"summary_large_image","twitter_site":"@food4animals","twitter_misc":{"Gesch\u00e4tzte Lesezeit":"1\u00a0Minute"},"schema":{"@context":"https:\/\/schema.org","@graph":[{"@type":"WebPage","@id":"https:\/\/www.food4animals.nl\/product\/lets-sleep-cozy-basket-rieten-hondenmand-l-antraciet\/","url":"https:\/\/www.food4animals.nl\/product\/lets-sleep-cozy-basket-rieten-hondenmand-l-antraciet\/","name":"Let's Sleep Cozy Basket Rieten Hondenmand L Antraciet - Food4animals","isPartOf":{"@id":"https:\/\/www.food4animals.nl\/en\/#website"},"primaryImageOfPage":{"@id":"https:\/\/www.food4animals.nl\/product\/lets-sleep-cozy-basket-rieten-hondenmand-l-antraciet\/#primaryimage"},"image":{"@id":"https:\/\/www.food4animals.nl\/product\/lets-sleep-cozy-basket-rieten-hondenmand-l-antraciet\/#primaryimage"},"thumbnailUrl":"https:\/\/www.food4animals.nl\/wp-content\/uploads\/2025\/11\/LETS0560B.png","datePublished":"2023-12-13T12:53:23+00:00","dateModified":"2026-02-03T01:28:35+00:00","breadcrumb":{"@id":"https:\/\/www.food4animals.nl\/product\/lets-sleep-cozy-basket-rieten-hondenmand-l-antraciet\/#breadcrumb"},"inLanguage":"de","potentialAction":[{"@type":"ReadAction","target":["https:\/\/www.food4animals.nl\/product\/lets-sleep-cozy-basket-rieten-hondenmand-l-antraciet\/"]}]},{"@type":"ImageObject","inLanguage":"de","@id":"https:\/\/www.food4animals.nl\/product\/lets-sleep-cozy-basket-rieten-hondenmand-l-antraciet\/#primaryimage","url":"https:\/\/www.food4animals.nl\/wp-content\/uploads\/2025\/11\/LETS0560B.png","contentUrl":"https:\/\/www.food4animals.nl\/wp-content\/uploads\/2025\/11\/LETS0560B.png","width":1024,"height":1024},{"@type":"BreadcrumbList","@id":"https:\/\/www.food4animals.nl\/product\/lets-sleep-cozy-basket-rieten-hondenmand-l-antraciet\/#breadcrumb","itemListElement":[{"@type":"ListItem","position":1,"name":"Home","item":"https:\/\/www.food4animals.nl\/"},{"@type":"ListItem","position":2,"name":"Winkel","item":"https:\/\/www.food4animals.nl\/winkel\/"},{"@type":"ListItem","position":3,"name":"Let&#8217;s Sleep Cozy Basket Rieten Hondenmand L Antraciet"}]},{"@type":"WebSite","@id":"https:\/\/www.food4animals.nl\/en\/#website","url":"https:\/\/www.food4animals.nl\/en\/","name":"Lebensmittel4Tiere","description":"Alles f\u00fcr Reiter und Tier","publisher":{"@id":"https:\/\/www.food4animals.nl\/en\/#organization"},"potentialAction":[{"@type":"SearchAction","target":{"@type":"EntryPoint","urlTemplate":"https:\/\/www.food4animals.nl\/en\/?s={search_term_string}"},"query-input":{"@type":"PropertyValueSpecification","valueRequired":true,"valueName":"search_term_string"}}],"inLanguage":"de"},{"@type":"Organization","@id":"https:\/\/www.food4animals.nl\/en\/#organization","name":"Lebensmittel4Tiere","url":"https:\/\/www.food4animals.nl\/en\/","logo":{"@type":"ImageObject","inLanguage":"de","@id":"https:\/\/www.food4animals.nl\/en\/#\/schema\/logo\/image\/","url":"https:\/\/www.food4animals.nl\/wp-content\/uploads\/2023\/10\/Logo.svg","contentUrl":"https:\/\/www.food4animals.nl\/wp-content\/uploads\/2023\/10\/Logo.svg","width":1,"height":1,"caption":"Food4animals"},"image":{"@id":"https:\/\/www.food4animals.nl\/en\/#\/schema\/logo\/image\/"},"sameAs":["https:\/\/www.facebook.com\/p\/Food4animals-100063861676074\/","https:\/\/x.com\/food4animals"]}]}},"_links":{"self":[{"href":"https:\/\/www.food4animals.nl\/de\/wp-json\/wp\/v2\/product\/13707","targetHints":{"allow":["GET"]}}],"collection":[{"href":"https:\/\/www.food4animals.nl\/de\/wp-json\/wp\/v2\/product"}],"about":[{"href":"https:\/\/www.food4animals.nl\/de\/wp-json\/wp\/v2\/types\/product"}],"wp:featuredmedia":[{"embeddable":true,"href":"https:\/\/www.food4animals.nl\/de\/wp-json\/wp\/v2\/media\/38949"}],"wp:attachment":[{"href":"https:\/\/www.food4animals.nl\/de\/wp-json\/wp\/v2\/media?parent=13707"}],"wp:term":[{"taxonomy":"product_brand","embeddable":true,"href":"https:\/\/www.food4animals.nl\/de\/wp-json\/wp\/v2\/product_brand?post=13707"},{"taxonomy":"product_cat","embeddable":true,"href":"https:\/\/www.food4animals.nl\/de\/wp-json\/wp\/v2\/product_cat?post=13707"},{"taxonomy":"product_tag","embeddable":true,"href":"https:\/\/www.food4animals.nl\/de\/wp-json\/wp\/v2\/product_tag?post=13707"}],"curies":[{"name":"wp","href":"https:\/\/api.w.org\/{rel}","templated":true}]}}