{"id":13723,"date":"2023-12-13T12:54:06","date_gmt":"2023-12-13T12:54:06","guid":{"rendered":"https:\/\/food4animals.nl\/product\/lets-sleep-donut-100-cm-beige-roze\/"},"modified":"2025-11-24T02:40:27","modified_gmt":"2025-11-24T01:40:27","slug":"lets-sleep-donut-100-cm-beige-roze","status":"publish","type":"product","link":"https:\/\/www.food4animals.nl\/de\/produkt\/lets-sleep-donut-100-cm-beige-roze\/","title":{"rendered":"Let&#8217;s Sleep Donut 100 cm Beige Roze"},"content":{"rendered":"<h2><span style=\"font-size: 10pt;\">Let's Sleep Donut Beige Rosa<\/span><\/h2>\n<p><span style=\"font-size: 10pt;\">Dieser fluffige Donut-Korb ist absolut zeitgem\u00e4\u00df!<\/span><br \/><span style=\"font-size: 10pt;\">Speziell entwickelt, um sich auszuruhen und gut zu schlafen. <\/span><\/p>\n<p><span style=\"font-size: 10pt;\">Ein sch\u00f6ner Schlaf-\/Ruheplatz verhindert viel Stress und sorgt daf\u00fcr, dass sich Hunde und Katzen sofort wohl f\u00fchlen. <br \/>Die runde Donut-Form sorgt daf\u00fcr, dass Haustiere tats\u00e4chlich in jeder Position bequem darin liegen k\u00f6nnen.\u00a0 \u00a0<\/span><br \/><span style=\"font-size: 10pt;\">Das weiche Material vermittelt sofort ein angenehmes und komfortables, sicheres Gef\u00fchl. Auch f\u00fcr Welpen sehr gut geeignet!\u00a0\u00a0<\/span><\/p>\n<p><span style=\"font-size: 10pt;\">Da der Donut keine harten Kanten hat, ist er auch f\u00fcr Haustiere mit Gelenkproblemen geeignet. <br \/>Das sch\u00f6ne Design dieses Donut-Korbs passt perfekt in jede Einrichtung.\u00a0<\/span><\/p>\n<ul>\n<li><span style=\"font-size: 10pt;\">Super weich, herrlich warm und bequem\u00a0<\/span><\/li>\n<li><span style=\"font-size: 10pt;\">Entwickelt in Zusammenarbeit mit Tier\u00e4rzten und anderen Fachleuten<\/span><\/li>\n<li><span style=\"font-size: 10pt;\">Boden mit Anti-Rutsch-Beschichtung<\/span><\/li>\n<li><span style=\"font-size: 10pt;\">Erh\u00e4ltlich in verschiedenen Farben<\/span><\/li>\n<li><span style=\"font-size: 10pt;\">Geeignet f\u00fcr Hunde und Katzen<\/span><\/li>\n<li><span style=\"font-size: 10pt;\">Hoher Komfort <\/span><\/li>\n<li><span style=\"font-size: 10pt;\">Reduziert Stress<\/span><\/li>\n<\/ul>\n<p><strong><span style=\"font-size: 10pt;\">Format<\/span><\/strong><br \/><span style=\"font-size: 10pt;\">M - \u00f8 50 cm<\/span><br \/><span style=\"font-size: 10pt;\">L - \u00f8 60 cm<br \/>XL - \u00f8 80 cm<br \/>XXL - \u00f8 100 cm<br \/><\/span><\/p>","protected":false},"excerpt":{"rendered":"<p>Hunde und Katzen lieben diesen weichen, flauschigen Donut-Korb!<\/p>","protected":false},"featured_media":0,"template":"","meta":{"_acf_changed":false},"product_brand":[],"product_cat":[821,929],"product_tag":[823,2648,910,939],"class_list":{"0":"post-13723","1":"product","2":"type-product","3":"status-publish","5":"product_cat-hond","6":"product_cat-kussens-en-transport","7":"product_tag-hond","8":"product_tag-lets","9":"product_tag-roze","10":"product_tag-xxl","11":"tax_brand-lets","13":"first","14":"outofstock","15":"taxable","16":"shipping-taxable","17":"purchasable","18":"product-type-simple"},"acf":[],"yoast_head":"<!-- This site is optimized with the Yoast SEO plugin v27.2 - https:\/\/yoast.com\/product\/yoast-seo-wordpress\/ -->\n<title>Let&#039;s Sleep Donut 100 cm Beige Roze - Food4animals<\/title>\n<meta name=\"robots\" content=\"index, follow, max-snippet:-1, max-image-preview:large, max-video-preview:-1\" \/>\n<link rel=\"canonical\" href=\"https:\/\/www.food4animals.nl\/de\/produkt\/lets-sleep-donut-100-cm-beige-roze\/\" \/>\n<meta property=\"og:locale\" content=\"de_DE\" \/>\n<meta property=\"og:type\" content=\"article\" \/>\n<meta property=\"og:title\" content=\"Let&#039;s Sleep Donut 100 cm Beige Roze - Food4animals\" \/>\n<meta property=\"og:description\" content=\"Honden en katten zijn dol op deze zachte, fluffy donutmand!\" \/>\n<meta property=\"og:url\" content=\"https:\/\/www.food4animals.nl\/de\/produkt\/lets-sleep-donut-100-cm-beige-roze\/\" \/>\n<meta property=\"og:site_name\" content=\"Food4animals\" \/>\n<meta property=\"article:publisher\" content=\"https:\/\/www.facebook.com\/p\/Food4animals-100063861676074\/\" \/>\n<meta property=\"article:modified_time\" content=\"2025-11-24T01:40:27+00:00\" \/>\n<meta name=\"twitter:card\" content=\"summary_large_image\" \/>\n<meta name=\"twitter:site\" content=\"@food4animals\" \/>\n<meta name=\"twitter:label1\" content=\"Gesch\u00e4tzte Lesezeit\" \/>\n\t<meta name=\"twitter:data1\" content=\"1\u00a0Minute\" \/>\n<script type=\"application\/ld+json\" class=\"yoast-schema-graph\">{\"@context\":\"https:\/\/schema.org\",\"@graph\":[{\"@type\":\"WebPage\",\"@id\":\"https:\/\/www.food4animals.nl\/product\/lets-sleep-donut-100-cm-beige-roze\/\",\"url\":\"https:\/\/www.food4animals.nl\/product\/lets-sleep-donut-100-cm-beige-roze\/\",\"name\":\"Let's Sleep Donut 100 cm Beige Roze - Food4animals\",\"isPartOf\":{\"@id\":\"https:\/\/www.food4animals.nl\/en\/#website\"},\"datePublished\":\"2023-12-13T12:54:06+00:00\",\"dateModified\":\"2025-11-24T01:40:27+00:00\",\"breadcrumb\":{\"@id\":\"https:\/\/www.food4animals.nl\/product\/lets-sleep-donut-100-cm-beige-roze\/#breadcrumb\"},\"inLanguage\":\"de\",\"potentialAction\":[{\"@type\":\"ReadAction\",\"target\":[\"https:\/\/www.food4animals.nl\/product\/lets-sleep-donut-100-cm-beige-roze\/\"]}]},{\"@type\":\"BreadcrumbList\",\"@id\":\"https:\/\/www.food4animals.nl\/product\/lets-sleep-donut-100-cm-beige-roze\/#breadcrumb\",\"itemListElement\":[{\"@type\":\"ListItem\",\"position\":1,\"name\":\"Home\",\"item\":\"https:\/\/www.food4animals.nl\/\"},{\"@type\":\"ListItem\",\"position\":2,\"name\":\"Winkel\",\"item\":\"https:\/\/www.food4animals.nl\/winkel\/\"},{\"@type\":\"ListItem\",\"position\":3,\"name\":\"Let&#8217;s Sleep Donut 100 cm Beige Roze\"}]},{\"@type\":\"WebSite\",\"@id\":\"https:\/\/www.food4animals.nl\/en\/#website\",\"url\":\"https:\/\/www.food4animals.nl\/en\/\",\"name\":\"Food4animals\",\"description\":\"Alles voor Ruiter en Dier\",\"publisher\":{\"@id\":\"https:\/\/www.food4animals.nl\/en\/#organization\"},\"potentialAction\":[{\"@type\":\"SearchAction\",\"target\":{\"@type\":\"EntryPoint\",\"urlTemplate\":\"https:\/\/www.food4animals.nl\/en\/?s={search_term_string}\"},\"query-input\":{\"@type\":\"PropertyValueSpecification\",\"valueRequired\":true,\"valueName\":\"search_term_string\"}}],\"inLanguage\":\"de\"},{\"@type\":\"Organization\",\"@id\":\"https:\/\/www.food4animals.nl\/en\/#organization\",\"name\":\"Food4animals\",\"url\":\"https:\/\/www.food4animals.nl\/en\/\",\"logo\":{\"@type\":\"ImageObject\",\"inLanguage\":\"de\",\"@id\":\"https:\/\/www.food4animals.nl\/en\/#\/schema\/logo\/image\/\",\"url\":\"https:\/\/www.food4animals.nl\/wp-content\/uploads\/2023\/10\/Logo.svg\",\"contentUrl\":\"https:\/\/www.food4animals.nl\/wp-content\/uploads\/2023\/10\/Logo.svg\",\"width\":1,\"height\":1,\"caption\":\"Food4animals\"},\"image\":{\"@id\":\"https:\/\/www.food4animals.nl\/en\/#\/schema\/logo\/image\/\"},\"sameAs\":[\"https:\/\/www.facebook.com\/p\/Food4animals-100063861676074\/\",\"https:\/\/x.com\/food4animals\"]}]}<\/script>\n<!-- \/ Yoast SEO plugin. -->","yoast_head_json":{"title":"Let's Sleep Donut 100 cm Beige Roze - Food4animals","robots":{"index":"index","follow":"follow","max-snippet":"max-snippet:-1","max-image-preview":"max-image-preview:large","max-video-preview":"max-video-preview:-1"},"canonical":"https:\/\/www.food4animals.nl\/de\/produkt\/lets-sleep-donut-100-cm-beige-roze\/","og_locale":"de_DE","og_type":"article","og_title":"Let's Sleep Donut 100 cm Beige Roze - Food4animals","og_description":"Honden en katten zijn dol op deze zachte, fluffy donutmand!","og_url":"https:\/\/www.food4animals.nl\/de\/produkt\/lets-sleep-donut-100-cm-beige-roze\/","og_site_name":"Food4animals","article_publisher":"https:\/\/www.facebook.com\/p\/Food4animals-100063861676074\/","article_modified_time":"2025-11-24T01:40:27+00:00","twitter_card":"summary_large_image","twitter_site":"@food4animals","twitter_misc":{"Gesch\u00e4tzte Lesezeit":"1\u00a0Minute"},"schema":{"@context":"https:\/\/schema.org","@graph":[{"@type":"WebPage","@id":"https:\/\/www.food4animals.nl\/product\/lets-sleep-donut-100-cm-beige-roze\/","url":"https:\/\/www.food4animals.nl\/product\/lets-sleep-donut-100-cm-beige-roze\/","name":"Let's Sleep Donut 100 cm Beige Roze - Food4animals","isPartOf":{"@id":"https:\/\/www.food4animals.nl\/en\/#website"},"datePublished":"2023-12-13T12:54:06+00:00","dateModified":"2025-11-24T01:40:27+00:00","breadcrumb":{"@id":"https:\/\/www.food4animals.nl\/product\/lets-sleep-donut-100-cm-beige-roze\/#breadcrumb"},"inLanguage":"de","potentialAction":[{"@type":"ReadAction","target":["https:\/\/www.food4animals.nl\/product\/lets-sleep-donut-100-cm-beige-roze\/"]}]},{"@type":"BreadcrumbList","@id":"https:\/\/www.food4animals.nl\/product\/lets-sleep-donut-100-cm-beige-roze\/#breadcrumb","itemListElement":[{"@type":"ListItem","position":1,"name":"Home","item":"https:\/\/www.food4animals.nl\/"},{"@type":"ListItem","position":2,"name":"Winkel","item":"https:\/\/www.food4animals.nl\/winkel\/"},{"@type":"ListItem","position":3,"name":"Let&#8217;s Sleep Donut 100 cm Beige Roze"}]},{"@type":"WebSite","@id":"https:\/\/www.food4animals.nl\/en\/#website","url":"https:\/\/www.food4animals.nl\/en\/","name":"Lebensmittel4Tiere","description":"Alles f\u00fcr Reiter und Tier","publisher":{"@id":"https:\/\/www.food4animals.nl\/en\/#organization"},"potentialAction":[{"@type":"SearchAction","target":{"@type":"EntryPoint","urlTemplate":"https:\/\/www.food4animals.nl\/en\/?s={search_term_string}"},"query-input":{"@type":"PropertyValueSpecification","valueRequired":true,"valueName":"search_term_string"}}],"inLanguage":"de"},{"@type":"Organization","@id":"https:\/\/www.food4animals.nl\/en\/#organization","name":"Lebensmittel4Tiere","url":"https:\/\/www.food4animals.nl\/en\/","logo":{"@type":"ImageObject","inLanguage":"de","@id":"https:\/\/www.food4animals.nl\/en\/#\/schema\/logo\/image\/","url":"https:\/\/www.food4animals.nl\/wp-content\/uploads\/2023\/10\/Logo.svg","contentUrl":"https:\/\/www.food4animals.nl\/wp-content\/uploads\/2023\/10\/Logo.svg","width":1,"height":1,"caption":"Food4animals"},"image":{"@id":"https:\/\/www.food4animals.nl\/en\/#\/schema\/logo\/image\/"},"sameAs":["https:\/\/www.facebook.com\/p\/Food4animals-100063861676074\/","https:\/\/x.com\/food4animals"]}]}},"_links":{"self":[{"href":"https:\/\/www.food4animals.nl\/de\/wp-json\/wp\/v2\/product\/13723","targetHints":{"allow":["GET"]}}],"collection":[{"href":"https:\/\/www.food4animals.nl\/de\/wp-json\/wp\/v2\/product"}],"about":[{"href":"https:\/\/www.food4animals.nl\/de\/wp-json\/wp\/v2\/types\/product"}],"wp:attachment":[{"href":"https:\/\/www.food4animals.nl\/de\/wp-json\/wp\/v2\/media?parent=13723"}],"wp:term":[{"taxonomy":"product_brand","embeddable":true,"href":"https:\/\/www.food4animals.nl\/de\/wp-json\/wp\/v2\/product_brand?post=13723"},{"taxonomy":"product_cat","embeddable":true,"href":"https:\/\/www.food4animals.nl\/de\/wp-json\/wp\/v2\/product_cat?post=13723"},{"taxonomy":"product_tag","embeddable":true,"href":"https:\/\/www.food4animals.nl\/de\/wp-json\/wp\/v2\/product_tag?post=13723"}],"curies":[{"name":"wp","href":"https:\/\/api.w.org\/{rel}","templated":true}]}}