{"id":13839,"date":"2023-12-13T12:59:32","date_gmt":"2023-12-13T12:59:32","guid":{"rendered":"https:\/\/food4animals.nl\/product\/lets-sleep-plush-pillow-hondenkussen-m-cognac\/"},"modified":"2026-04-20T01:28:24","modified_gmt":"2026-04-20T00:28:24","slug":"lets-sleep-plush-pillow-hondenkussen-m-cognac","status":"publish","type":"product","link":"https:\/\/www.food4animals.nl\/de\/produkt\/lets-sleep-plush-pillow-hondenkussen-m-cognac\/","title":{"rendered":"Let's Sleep Pl\u00fcsch-Kissen Hundekissen M Cognac"},"content":{"rendered":"<h2>Let's Sleep Pl\u00fcsch-Kissen<\/h2>\n<p>Apportieren auf einem Spielplatz, Toben mit anderen Hunden, lange Spazierg\u00e4nge im Wald... Welcher Hund liebt das nicht? Nach einem Tag voller Abenteuer und neuer Eindr\u00fccke ruht sich Ihr Hund wahrscheinlich gerne aus. Wie sch\u00f6n, dass Ihr Hund dann in ein weiches und dickes Hundekissen sinken kann? Mit dem Let's Sleep Plush Pillow sorgen Sie f\u00fcr wohlverdiente Momente der Ruhe f\u00fcr Ihren vierbeinigen Freund.<\/p>\n<p>Dieses wunderbar weiche und volle Kissen hat eine gro\u00dfz\u00fcgige F\u00fcllung aus zerkleinerten Schaumstoffflocken. Diese Flocken f\u00fchlen sich angenehm an und erm\u00f6glichen es dem Hund, in das Kissen zu sinken. Dank der weichen, aber festen F\u00fcllung ist Ihr Hund gleichzeitig gut gest\u00fctzt. Das Kissen ist vollst\u00e4ndig mit einem wildleder\u00e4hnlichen Stoff \u00fcberzogen, der f\u00fcr ein luxuri\u00f6ses Aussehen sorgt und perfekt in jedes Interieur passt.<\/p>\n<p>Lassen Sie Ihren Hund nach einem langen Tag in das Plush Pillow Hundekissen sinken, damit er am n\u00e4chsten Tag bereit f\u00fcr neue Entdeckungen ist!<\/p>\n<h3>Varianten<\/h3>\n<ul>\n<li>LETS0510A - Taupe M (80x55x10 cm)<\/li>\n<li>LETS0510B - Cognac M (80x55x10 cm)<\/li>\n<li>LETS0510C - Anthrazit M (80x55x10 cm)<\/li>\n<li>LETS0511A - Taupe L (100x75x10 cm)<\/li>\n<li>LETS0511B - Cognac L (100x75x10 cm)<\/li>\n<li>LETS0511C - Anthrazit L (100x75x10 cm)<\/li>\n<li>LETS0512A - Taupe XL (125x90x10 cm)<\/li>\n<li>LETS0512B - Cognac XL (125x90x10 cm)<\/li>\n<li>LETS0512C - Anthrazit XL (125x90x10 cm)<\/li>\n<\/ul>\n<p>\u00a0<\/p>\n<p>\u00a0<\/p>","protected":false},"excerpt":{"rendered":"<p>Lassen Sie Ihren Hund nach einem Tag voller Abenteuer in dieses bequeme und gro\u00dfz\u00fcgig gepolsterte Hundekissen sinken!<\/p>","protected":false},"featured_media":38863,"template":"","meta":{"_acf_changed":false},"product_brand":[],"product_cat":[821,929],"product_tag":[1008,2648,2654,895,2658],"class_list":{"0":"post-13839","1":"product","2":"type-product","3":"status-publish","4":"has-post-thumbnail","6":"product_cat-hond","7":"product_cat-kussens-en-transport","8":"product_tag-kussens","9":"product_tag-lets","10":"product_tag-lets-sleep-2023","11":"product_tag-m","12":"product_tag-plush-pillow","13":"tax_brand-lets","15":"first","16":"instock","17":"taxable","18":"shipping-taxable","19":"purchasable","20":"product-type-simple"},"acf":[],"yoast_head":"<!-- This site is optimized with the Yoast SEO plugin v27.4 - https:\/\/yoast.com\/product\/yoast-seo-wordpress\/ -->\n<title>Let&#039;s Sleep Plush Pillow Hondenkussen M Cognac - Food4animals<\/title>\n<meta name=\"robots\" content=\"index, follow, max-snippet:-1, max-image-preview:large, max-video-preview:-1\" \/>\n<link rel=\"canonical\" href=\"https:\/\/www.food4animals.nl\/de\/produkt\/lets-sleep-plush-pillow-hondenkussen-m-cognac\/\" \/>\n<meta property=\"og:locale\" content=\"de_DE\" \/>\n<meta property=\"og:type\" content=\"article\" \/>\n<meta property=\"og:title\" content=\"Let&#039;s Sleep Plush Pillow Hondenkussen M Cognac - Food4animals\" \/>\n<meta property=\"og:description\" content=\"Laat je hond na een dag vol avonturen lekker wegzakken in dit comfortabele en royaal gevulde hondenkussen!\" \/>\n<meta property=\"og:url\" content=\"https:\/\/www.food4animals.nl\/de\/produkt\/lets-sleep-plush-pillow-hondenkussen-m-cognac\/\" \/>\n<meta property=\"og:site_name\" content=\"Food4animals\" \/>\n<meta property=\"article:publisher\" content=\"https:\/\/www.facebook.com\/p\/Food4animals-100063861676074\/\" \/>\n<meta property=\"article:modified_time\" content=\"2026-04-20T00:28:24+00:00\" \/>\n<meta property=\"og:image\" content=\"https:\/\/www.food4animals.nl\/wp-content\/uploads\/2025\/11\/LETS0510B.png\" \/>\n\t<meta property=\"og:image:width\" content=\"1024\" \/>\n\t<meta property=\"og:image:height\" content=\"1024\" \/>\n\t<meta property=\"og:image:type\" content=\"image\/png\" \/>\n<meta name=\"twitter:card\" content=\"summary_large_image\" \/>\n<meta name=\"twitter:site\" content=\"@food4animals\" \/>\n<meta name=\"twitter:label1\" content=\"Gesch\u00e4tzte Lesezeit\" \/>\n\t<meta name=\"twitter:data1\" content=\"1\u00a0Minute\" \/>\n<script type=\"application\/ld+json\" class=\"yoast-schema-graph\">{\"@context\":\"https:\\\/\\\/schema.org\",\"@graph\":[{\"@type\":\"WebPage\",\"@id\":\"https:\\\/\\\/www.food4animals.nl\\\/product\\\/lets-sleep-plush-pillow-hondenkussen-m-cognac\\\/\",\"url\":\"https:\\\/\\\/www.food4animals.nl\\\/product\\\/lets-sleep-plush-pillow-hondenkussen-m-cognac\\\/\",\"name\":\"Let's Sleep Plush Pillow Hondenkussen M Cognac - Food4animals\",\"isPartOf\":{\"@id\":\"https:\\\/\\\/www.food4animals.nl\\\/en\\\/#website\"},\"primaryImageOfPage\":{\"@id\":\"https:\\\/\\\/www.food4animals.nl\\\/product\\\/lets-sleep-plush-pillow-hondenkussen-m-cognac\\\/#primaryimage\"},\"image\":{\"@id\":\"https:\\\/\\\/www.food4animals.nl\\\/product\\\/lets-sleep-plush-pillow-hondenkussen-m-cognac\\\/#primaryimage\"},\"thumbnailUrl\":\"https:\\\/\\\/www.food4animals.nl\\\/wp-content\\\/uploads\\\/2025\\\/11\\\/LETS0510B.png\",\"datePublished\":\"2023-12-13T12:59:32+00:00\",\"dateModified\":\"2026-04-20T00:28:24+00:00\",\"breadcrumb\":{\"@id\":\"https:\\\/\\\/www.food4animals.nl\\\/product\\\/lets-sleep-plush-pillow-hondenkussen-m-cognac\\\/#breadcrumb\"},\"inLanguage\":\"de\",\"potentialAction\":[{\"@type\":\"ReadAction\",\"target\":[\"https:\\\/\\\/www.food4animals.nl\\\/product\\\/lets-sleep-plush-pillow-hondenkussen-m-cognac\\\/\"]}]},{\"@type\":\"ImageObject\",\"inLanguage\":\"de\",\"@id\":\"https:\\\/\\\/www.food4animals.nl\\\/product\\\/lets-sleep-plush-pillow-hondenkussen-m-cognac\\\/#primaryimage\",\"url\":\"https:\\\/\\\/www.food4animals.nl\\\/wp-content\\\/uploads\\\/2025\\\/11\\\/LETS0510B.png\",\"contentUrl\":\"https:\\\/\\\/www.food4animals.nl\\\/wp-content\\\/uploads\\\/2025\\\/11\\\/LETS0510B.png\",\"width\":1024,\"height\":1024},{\"@type\":\"BreadcrumbList\",\"@id\":\"https:\\\/\\\/www.food4animals.nl\\\/product\\\/lets-sleep-plush-pillow-hondenkussen-m-cognac\\\/#breadcrumb\",\"itemListElement\":[{\"@type\":\"ListItem\",\"position\":1,\"name\":\"Home\",\"item\":\"https:\\\/\\\/www.food4animals.nl\\\/\"},{\"@type\":\"ListItem\",\"position\":2,\"name\":\"Winkel\",\"item\":\"https:\\\/\\\/www.food4animals.nl\\\/winkel\\\/\"},{\"@type\":\"ListItem\",\"position\":3,\"name\":\"Let&#8217;s Sleep Plush Pillow Hondenkussen M Cognac\"}]},{\"@type\":\"WebSite\",\"@id\":\"https:\\\/\\\/www.food4animals.nl\\\/en\\\/#website\",\"url\":\"https:\\\/\\\/www.food4animals.nl\\\/en\\\/\",\"name\":\"Food4animals\",\"description\":\"Alles voor Ruiter en Dier\",\"publisher\":{\"@id\":\"https:\\\/\\\/www.food4animals.nl\\\/en\\\/#organization\"},\"potentialAction\":[{\"@type\":\"SearchAction\",\"target\":{\"@type\":\"EntryPoint\",\"urlTemplate\":\"https:\\\/\\\/www.food4animals.nl\\\/en\\\/?s={search_term_string}\"},\"query-input\":{\"@type\":\"PropertyValueSpecification\",\"valueRequired\":true,\"valueName\":\"search_term_string\"}}],\"inLanguage\":\"de\"},{\"@type\":\"Organization\",\"@id\":\"https:\\\/\\\/www.food4animals.nl\\\/en\\\/#organization\",\"name\":\"Food4animals\",\"url\":\"https:\\\/\\\/www.food4animals.nl\\\/en\\\/\",\"logo\":{\"@type\":\"ImageObject\",\"inLanguage\":\"de\",\"@id\":\"https:\\\/\\\/www.food4animals.nl\\\/en\\\/#\\\/schema\\\/logo\\\/image\\\/\",\"url\":\"https:\\\/\\\/www.food4animals.nl\\\/wp-content\\\/uploads\\\/2023\\\/10\\\/Logo.svg\",\"contentUrl\":\"https:\\\/\\\/www.food4animals.nl\\\/wp-content\\\/uploads\\\/2023\\\/10\\\/Logo.svg\",\"width\":1,\"height\":1,\"caption\":\"Food4animals\"},\"image\":{\"@id\":\"https:\\\/\\\/www.food4animals.nl\\\/en\\\/#\\\/schema\\\/logo\\\/image\\\/\"},\"sameAs\":[\"https:\\\/\\\/www.facebook.com\\\/p\\\/Food4animals-100063861676074\\\/\",\"https:\\\/\\\/x.com\\\/food4animals\"]}]}<\/script>\n<!-- \/ Yoast SEO plugin. -->","yoast_head_json":{"title":"Let's Sleep Plush Pillow Hondenkussen M Cognac - Food4animals","robots":{"index":"index","follow":"follow","max-snippet":"max-snippet:-1","max-image-preview":"max-image-preview:large","max-video-preview":"max-video-preview:-1"},"canonical":"https:\/\/www.food4animals.nl\/de\/produkt\/lets-sleep-plush-pillow-hondenkussen-m-cognac\/","og_locale":"de_DE","og_type":"article","og_title":"Let's Sleep Plush Pillow Hondenkussen M Cognac - Food4animals","og_description":"Laat je hond na een dag vol avonturen lekker wegzakken in dit comfortabele en royaal gevulde hondenkussen!","og_url":"https:\/\/www.food4animals.nl\/de\/produkt\/lets-sleep-plush-pillow-hondenkussen-m-cognac\/","og_site_name":"Food4animals","article_publisher":"https:\/\/www.facebook.com\/p\/Food4animals-100063861676074\/","article_modified_time":"2026-04-20T00:28:24+00:00","og_image":[{"width":1024,"height":1024,"url":"https:\/\/www.food4animals.nl\/wp-content\/uploads\/2025\/11\/LETS0510B.png","type":"image\/png"}],"twitter_card":"summary_large_image","twitter_site":"@food4animals","twitter_misc":{"Gesch\u00e4tzte Lesezeit":"1\u00a0Minute"},"schema":{"@context":"https:\/\/schema.org","@graph":[{"@type":"WebPage","@id":"https:\/\/www.food4animals.nl\/product\/lets-sleep-plush-pillow-hondenkussen-m-cognac\/","url":"https:\/\/www.food4animals.nl\/product\/lets-sleep-plush-pillow-hondenkussen-m-cognac\/","name":"Let's Sleep Plush Pillow Hondenkussen M Cognac - Food4animals","isPartOf":{"@id":"https:\/\/www.food4animals.nl\/en\/#website"},"primaryImageOfPage":{"@id":"https:\/\/www.food4animals.nl\/product\/lets-sleep-plush-pillow-hondenkussen-m-cognac\/#primaryimage"},"image":{"@id":"https:\/\/www.food4animals.nl\/product\/lets-sleep-plush-pillow-hondenkussen-m-cognac\/#primaryimage"},"thumbnailUrl":"https:\/\/www.food4animals.nl\/wp-content\/uploads\/2025\/11\/LETS0510B.png","datePublished":"2023-12-13T12:59:32+00:00","dateModified":"2026-04-20T00:28:24+00:00","breadcrumb":{"@id":"https:\/\/www.food4animals.nl\/product\/lets-sleep-plush-pillow-hondenkussen-m-cognac\/#breadcrumb"},"inLanguage":"de","potentialAction":[{"@type":"ReadAction","target":["https:\/\/www.food4animals.nl\/product\/lets-sleep-plush-pillow-hondenkussen-m-cognac\/"]}]},{"@type":"ImageObject","inLanguage":"de","@id":"https:\/\/www.food4animals.nl\/product\/lets-sleep-plush-pillow-hondenkussen-m-cognac\/#primaryimage","url":"https:\/\/www.food4animals.nl\/wp-content\/uploads\/2025\/11\/LETS0510B.png","contentUrl":"https:\/\/www.food4animals.nl\/wp-content\/uploads\/2025\/11\/LETS0510B.png","width":1024,"height":1024},{"@type":"BreadcrumbList","@id":"https:\/\/www.food4animals.nl\/product\/lets-sleep-plush-pillow-hondenkussen-m-cognac\/#breadcrumb","itemListElement":[{"@type":"ListItem","position":1,"name":"Home","item":"https:\/\/www.food4animals.nl\/"},{"@type":"ListItem","position":2,"name":"Winkel","item":"https:\/\/www.food4animals.nl\/winkel\/"},{"@type":"ListItem","position":3,"name":"Let&#8217;s Sleep Plush Pillow Hondenkussen M Cognac"}]},{"@type":"WebSite","@id":"https:\/\/www.food4animals.nl\/en\/#website","url":"https:\/\/www.food4animals.nl\/en\/","name":"Lebensmittel4Tiere","description":"Alles f\u00fcr Reiter und Tier","publisher":{"@id":"https:\/\/www.food4animals.nl\/en\/#organization"},"potentialAction":[{"@type":"SearchAction","target":{"@type":"EntryPoint","urlTemplate":"https:\/\/www.food4animals.nl\/en\/?s={search_term_string}"},"query-input":{"@type":"PropertyValueSpecification","valueRequired":true,"valueName":"search_term_string"}}],"inLanguage":"de"},{"@type":"Organization","@id":"https:\/\/www.food4animals.nl\/en\/#organization","name":"Lebensmittel4Tiere","url":"https:\/\/www.food4animals.nl\/en\/","logo":{"@type":"ImageObject","inLanguage":"de","@id":"https:\/\/www.food4animals.nl\/en\/#\/schema\/logo\/image\/","url":"https:\/\/www.food4animals.nl\/wp-content\/uploads\/2023\/10\/Logo.svg","contentUrl":"https:\/\/www.food4animals.nl\/wp-content\/uploads\/2023\/10\/Logo.svg","width":1,"height":1,"caption":"Food4animals"},"image":{"@id":"https:\/\/www.food4animals.nl\/en\/#\/schema\/logo\/image\/"},"sameAs":["https:\/\/www.facebook.com\/p\/Food4animals-100063861676074\/","https:\/\/x.com\/food4animals"]}]}},"_links":{"self":[{"href":"https:\/\/www.food4animals.nl\/de\/wp-json\/wp\/v2\/product\/13839","targetHints":{"allow":["GET"]}}],"collection":[{"href":"https:\/\/www.food4animals.nl\/de\/wp-json\/wp\/v2\/product"}],"about":[{"href":"https:\/\/www.food4animals.nl\/de\/wp-json\/wp\/v2\/types\/product"}],"wp:featuredmedia":[{"embeddable":true,"href":"https:\/\/www.food4animals.nl\/de\/wp-json\/wp\/v2\/media\/38863"}],"wp:attachment":[{"href":"https:\/\/www.food4animals.nl\/de\/wp-json\/wp\/v2\/media?parent=13839"}],"wp:term":[{"taxonomy":"product_brand","embeddable":true,"href":"https:\/\/www.food4animals.nl\/de\/wp-json\/wp\/v2\/product_brand?post=13839"},{"taxonomy":"product_cat","embeddable":true,"href":"https:\/\/www.food4animals.nl\/de\/wp-json\/wp\/v2\/product_cat?post=13839"},{"taxonomy":"product_tag","embeddable":true,"href":"https:\/\/www.food4animals.nl\/de\/wp-json\/wp\/v2\/product_tag?post=13839"}],"curies":[{"name":"wp","href":"https:\/\/api.w.org\/{rel}","templated":true}]}}