{"id":14084,"date":"2023-12-13T13:14:52","date_gmt":"2023-12-13T13:14:52","guid":{"rendered":"https:\/\/food4animals.nl\/product\/lounge-dog-bed-l\/"},"modified":"2026-04-06T01:24:27","modified_gmt":"2026-04-06T00:24:27","slug":"lounge-dog-bed-l","status":"publish","type":"product","link":"https:\/\/www.food4animals.nl\/de\/produkt\/lounge-dog-bed-l\/","title":{"rendered":"Lounge Dog Bed L"},"content":{"rendered":"<p><strong>Das ideale Bett f\u00fcr den Innenbereich.<\/strong><br \/>Fl\u00fcssigkeitsdicht, weich, lecker und super sauber zu halten. Mit erh\u00f6htem Rand, damit ein Unfall (Spucken, Pinkeln, Unordnung mit einem Kauknochen) nicht auf den Teppich gelangt.<\/p>\n<p>Das Lounge Dogbed ist mit bestem PU-Leder, einem hochwertigen Kunstleder, gepolstert, wodurch das Hundebett die K\u00f6rperw\u00e4rme Ihres Hundes viel besser speichern kann. Au\u00dferdem ist die Reinigung dieses Hundebettes ein Kinderspiel. Das geschmeidige PU-Leder l\u00e4sst sich einfach und schnell mit einem feuchten Tuch abwischen und schon ist Ihr Hundebett wieder sauber. Verschmutzungen und unangenehme Ger\u00fcche geh\u00f6ren der Vergangenheit an! Da das PU-Leder des Bettes vollkommen wasserabweisend ist, bieten diese Hundebetten auch eine L\u00f6sung f\u00fcr \u00e4ltere inkontinente Hunde oder Welpen und junge Hunde, die noch nicht (vollst\u00e4ndig) stubenrein sind. Auch Fl\u00f6he und Zecken haben keine Chance, da sie sich nicht im Bett einnisten k\u00f6nnen, wie es bei normalen Hundebetten der Fall ist.<\/p>\n<p><strong>Allergien (Staub\/Staubmilben):<\/strong><\/p>\n<p>Da der Bezug des Lounge Dogbeds aus strapazierf\u00e4higem PU-Leder gefertigt ist, ist das Lounge Dogbed das ideale Kissen f\u00fcr Menschen oder Haustiere mit Allergieproblemen. Denn z.B. Staub, Hausstaubmilben, Fl\u00f6he, etc. k\u00f6nnen sich in diesem Kissen nicht festsetzen.<\/p>\n<p><strong>Lounge Dogbed ist in den folgenden Gr\u00f6\u00dfen erh\u00e4ltlich:<br \/><\/strong><em><strong>1.<\/strong> 50 x 60 cm (KUSS030)<\/em><br \/>Geeignet f\u00fcr kleine Hunde mit einem Gewicht von 0-10 kg: Chihuahua, Zwergdackel, Dackel, Malteser, Cavalier king charles spaniel.<br \/><em><strong>2.<\/strong> 70 x 85 cm (KUSS031)<\/em><br \/>Geeignet f\u00fcr mittelgro\u00dfe Hunde mit einem Gewicht von 10-20 kg: Franz\u00f6sische Bulldogge, Border Collie, Friesischer Sch\u00e4ferhund.<br \/><em><strong>3.<\/strong> 85 x 100 cm (KUSS032)<\/em><br \/>Geeignet f\u00fcr gro\u00dfe Hunde 20-40 kg: Golden Retriever, Labrador, Deutscher Sch\u00e4ferhund, Dalmatiner.<br \/><em><strong>4.<\/strong>\u00a0100 x 120 cm (KUSS033)<\/em><br \/><span style=\"color: #000000;\">Geeignet f\u00fcr extragro\u00dfe Hunde mit einem Gewicht von 40 bis 80 kg: Rottweiler, Berner Sennenhund, Bernhardiner, Boerboel, Deutsche Dogge.<\/span><\/p>\n<p><span style=\"color: #ff0000; font-size: 12px;\"><span style=\"color: #000000;\"><strong>Das Lounge-Bett ist ein Leckerbissen f\u00fcr Ihren Hund.<\/p>\n<p>Format<br \/><\/strong>KUSS030: S - 50 x 60 cm<\/span><br \/><span style=\"color: #000000;\">KUSS031: M - 70 x 85 cm<\/span><br \/><span style=\"color: #000000;\">KUSS032: L - 85 x 100 cm<\/span><br \/><span style=\"color: #000000;\">KUSS033: XL - 100 x 120 cm<\/span><strong><br \/><\/strong><\/span><\/p>","protected":false},"excerpt":{"rendered":"<p>Das ideale Bett f\u00fcr drinnen, fl\u00fcssigkeitsdicht, weich, lieblich und super sauber zu halten, mit erh\u00f6htem Rand, damit ein Unfall (Spucken, Pinkeln, Unordnung mit einem Kauknochen) nicht auf Ihren Teppich gelangt.<\/p>","protected":false},"featured_media":38662,"template":"","meta":{"_acf_changed":false},"product_brand":[],"product_cat":[821,929],"product_tag":[1779,917,823,901,2691,2576],"class_list":{"0":"post-14084","1":"product","2":"type-product","3":"status-publish","4":"has-post-thumbnail","6":"product_cat-hond","7":"product_cat-kussens-en-transport","8":"product_tag-foam","9":"product_tag-grijs","10":"product_tag-hond","11":"product_tag-l","12":"product_tag-lounge-dogbed","13":"product_tag-manden","14":"tax_brand-holland-animal-care","16":"first","17":"instock","18":"taxable","19":"shipping-taxable","20":"purchasable","21":"product-type-simple"},"acf":[],"yoast_head":"<!-- This site is optimized with the Yoast SEO plugin v27.2 - https:\/\/yoast.com\/product\/yoast-seo-wordpress\/ -->\n<title>Lounge Dog Bed L - Food4animals<\/title>\n<meta name=\"robots\" content=\"index, follow, max-snippet:-1, max-image-preview:large, max-video-preview:-1\" \/>\n<link rel=\"canonical\" href=\"https:\/\/www.food4animals.nl\/de\/produkt\/lounge-dog-bed-l\/\" \/>\n<meta property=\"og:locale\" content=\"de_DE\" \/>\n<meta property=\"og:type\" content=\"article\" \/>\n<meta property=\"og:title\" content=\"Lounge Dog Bed L - Food4animals\" \/>\n<meta property=\"og:description\" content=\"Het meest ideale bed voor binnenshuis.Vloeistofdicht, zacht, heerlijk en super schoon te houden.Met opstaande rand zodat een ongelukje (spugen, plassen, knoeien met een kauwbot) niet op uw tapijt komt.\" \/>\n<meta property=\"og:url\" content=\"https:\/\/www.food4animals.nl\/de\/produkt\/lounge-dog-bed-l\/\" \/>\n<meta property=\"og:site_name\" content=\"Food4animals\" \/>\n<meta property=\"article:publisher\" content=\"https:\/\/www.facebook.com\/p\/Food4animals-100063861676074\/\" \/>\n<meta property=\"article:modified_time\" content=\"2026-04-06T00:24:27+00:00\" \/>\n<meta property=\"og:image\" content=\"https:\/\/www.food4animals.nl\/wp-content\/uploads\/2025\/11\/KUSS032.png\" \/>\n\t<meta property=\"og:image:width\" content=\"2094\" \/>\n\t<meta property=\"og:image:height\" content=\"966\" \/>\n\t<meta property=\"og:image:type\" content=\"image\/png\" \/>\n<meta name=\"twitter:card\" content=\"summary_large_image\" \/>\n<meta name=\"twitter:site\" content=\"@food4animals\" \/>\n<meta name=\"twitter:label1\" content=\"Gesch\u00e4tzte Lesezeit\" \/>\n\t<meta name=\"twitter:data1\" content=\"2\u00a0Minuten\" \/>\n<script type=\"application\/ld+json\" class=\"yoast-schema-graph\">{\"@context\":\"https:\/\/schema.org\",\"@graph\":[{\"@type\":\"WebPage\",\"@id\":\"https:\/\/www.food4animals.nl\/product\/lounge-dog-bed-l\/\",\"url\":\"https:\/\/www.food4animals.nl\/product\/lounge-dog-bed-l\/\",\"name\":\"Lounge Dog Bed L - Food4animals\",\"isPartOf\":{\"@id\":\"https:\/\/www.food4animals.nl\/en\/#website\"},\"primaryImageOfPage\":{\"@id\":\"https:\/\/www.food4animals.nl\/product\/lounge-dog-bed-l\/#primaryimage\"},\"image\":{\"@id\":\"https:\/\/www.food4animals.nl\/product\/lounge-dog-bed-l\/#primaryimage\"},\"thumbnailUrl\":\"https:\/\/www.food4animals.nl\/wp-content\/uploads\/2025\/11\/KUSS032.png\",\"datePublished\":\"2023-12-13T13:14:52+00:00\",\"dateModified\":\"2026-04-06T00:24:27+00:00\",\"breadcrumb\":{\"@id\":\"https:\/\/www.food4animals.nl\/product\/lounge-dog-bed-l\/#breadcrumb\"},\"inLanguage\":\"de\",\"potentialAction\":[{\"@type\":\"ReadAction\",\"target\":[\"https:\/\/www.food4animals.nl\/product\/lounge-dog-bed-l\/\"]}]},{\"@type\":\"ImageObject\",\"inLanguage\":\"de\",\"@id\":\"https:\/\/www.food4animals.nl\/product\/lounge-dog-bed-l\/#primaryimage\",\"url\":\"https:\/\/www.food4animals.nl\/wp-content\/uploads\/2025\/11\/KUSS032.png\",\"contentUrl\":\"https:\/\/www.food4animals.nl\/wp-content\/uploads\/2025\/11\/KUSS032.png\",\"width\":2094,\"height\":966},{\"@type\":\"BreadcrumbList\",\"@id\":\"https:\/\/www.food4animals.nl\/product\/lounge-dog-bed-l\/#breadcrumb\",\"itemListElement\":[{\"@type\":\"ListItem\",\"position\":1,\"name\":\"Home\",\"item\":\"https:\/\/www.food4animals.nl\/\"},{\"@type\":\"ListItem\",\"position\":2,\"name\":\"Winkel\",\"item\":\"https:\/\/www.food4animals.nl\/winkel\/\"},{\"@type\":\"ListItem\",\"position\":3,\"name\":\"Lounge Dog Bed L\"}]},{\"@type\":\"WebSite\",\"@id\":\"https:\/\/www.food4animals.nl\/en\/#website\",\"url\":\"https:\/\/www.food4animals.nl\/en\/\",\"name\":\"Food4animals\",\"description\":\"Alles voor Ruiter en Dier\",\"publisher\":{\"@id\":\"https:\/\/www.food4animals.nl\/en\/#organization\"},\"potentialAction\":[{\"@type\":\"SearchAction\",\"target\":{\"@type\":\"EntryPoint\",\"urlTemplate\":\"https:\/\/www.food4animals.nl\/en\/?s={search_term_string}\"},\"query-input\":{\"@type\":\"PropertyValueSpecification\",\"valueRequired\":true,\"valueName\":\"search_term_string\"}}],\"inLanguage\":\"de\"},{\"@type\":\"Organization\",\"@id\":\"https:\/\/www.food4animals.nl\/en\/#organization\",\"name\":\"Food4animals\",\"url\":\"https:\/\/www.food4animals.nl\/en\/\",\"logo\":{\"@type\":\"ImageObject\",\"inLanguage\":\"de\",\"@id\":\"https:\/\/www.food4animals.nl\/en\/#\/schema\/logo\/image\/\",\"url\":\"https:\/\/www.food4animals.nl\/wp-content\/uploads\/2023\/10\/Logo.svg\",\"contentUrl\":\"https:\/\/www.food4animals.nl\/wp-content\/uploads\/2023\/10\/Logo.svg\",\"width\":1,\"height\":1,\"caption\":\"Food4animals\"},\"image\":{\"@id\":\"https:\/\/www.food4animals.nl\/en\/#\/schema\/logo\/image\/\"},\"sameAs\":[\"https:\/\/www.facebook.com\/p\/Food4animals-100063861676074\/\",\"https:\/\/x.com\/food4animals\"]}]}<\/script>\n<!-- \/ Yoast SEO plugin. -->","yoast_head_json":{"title":"Lounge Dog Bed L - Food4animals","robots":{"index":"index","follow":"follow","max-snippet":"max-snippet:-1","max-image-preview":"max-image-preview:large","max-video-preview":"max-video-preview:-1"},"canonical":"https:\/\/www.food4animals.nl\/de\/produkt\/lounge-dog-bed-l\/","og_locale":"de_DE","og_type":"article","og_title":"Lounge Dog Bed L - Food4animals","og_description":"Het meest ideale bed voor binnenshuis.Vloeistofdicht, zacht, heerlijk en super schoon te houden.Met opstaande rand zodat een ongelukje (spugen, plassen, knoeien met een kauwbot) niet op uw tapijt komt.","og_url":"https:\/\/www.food4animals.nl\/de\/produkt\/lounge-dog-bed-l\/","og_site_name":"Food4animals","article_publisher":"https:\/\/www.facebook.com\/p\/Food4animals-100063861676074\/","article_modified_time":"2026-04-06T00:24:27+00:00","og_image":[{"width":2094,"height":966,"url":"https:\/\/www.food4animals.nl\/wp-content\/uploads\/2025\/11\/KUSS032.png","type":"image\/png"}],"twitter_card":"summary_large_image","twitter_site":"@food4animals","twitter_misc":{"Gesch\u00e4tzte Lesezeit":"2\u00a0Minuten"},"schema":{"@context":"https:\/\/schema.org","@graph":[{"@type":"WebPage","@id":"https:\/\/www.food4animals.nl\/product\/lounge-dog-bed-l\/","url":"https:\/\/www.food4animals.nl\/product\/lounge-dog-bed-l\/","name":"Lounge Dog Bed L - Food4animals","isPartOf":{"@id":"https:\/\/www.food4animals.nl\/en\/#website"},"primaryImageOfPage":{"@id":"https:\/\/www.food4animals.nl\/product\/lounge-dog-bed-l\/#primaryimage"},"image":{"@id":"https:\/\/www.food4animals.nl\/product\/lounge-dog-bed-l\/#primaryimage"},"thumbnailUrl":"https:\/\/www.food4animals.nl\/wp-content\/uploads\/2025\/11\/KUSS032.png","datePublished":"2023-12-13T13:14:52+00:00","dateModified":"2026-04-06T00:24:27+00:00","breadcrumb":{"@id":"https:\/\/www.food4animals.nl\/product\/lounge-dog-bed-l\/#breadcrumb"},"inLanguage":"de","potentialAction":[{"@type":"ReadAction","target":["https:\/\/www.food4animals.nl\/product\/lounge-dog-bed-l\/"]}]},{"@type":"ImageObject","inLanguage":"de","@id":"https:\/\/www.food4animals.nl\/product\/lounge-dog-bed-l\/#primaryimage","url":"https:\/\/www.food4animals.nl\/wp-content\/uploads\/2025\/11\/KUSS032.png","contentUrl":"https:\/\/www.food4animals.nl\/wp-content\/uploads\/2025\/11\/KUSS032.png","width":2094,"height":966},{"@type":"BreadcrumbList","@id":"https:\/\/www.food4animals.nl\/product\/lounge-dog-bed-l\/#breadcrumb","itemListElement":[{"@type":"ListItem","position":1,"name":"Home","item":"https:\/\/www.food4animals.nl\/"},{"@type":"ListItem","position":2,"name":"Winkel","item":"https:\/\/www.food4animals.nl\/winkel\/"},{"@type":"ListItem","position":3,"name":"Lounge Dog Bed L"}]},{"@type":"WebSite","@id":"https:\/\/www.food4animals.nl\/en\/#website","url":"https:\/\/www.food4animals.nl\/en\/","name":"Lebensmittel4Tiere","description":"Alles f\u00fcr Reiter und Tier","publisher":{"@id":"https:\/\/www.food4animals.nl\/en\/#organization"},"potentialAction":[{"@type":"SearchAction","target":{"@type":"EntryPoint","urlTemplate":"https:\/\/www.food4animals.nl\/en\/?s={search_term_string}"},"query-input":{"@type":"PropertyValueSpecification","valueRequired":true,"valueName":"search_term_string"}}],"inLanguage":"de"},{"@type":"Organization","@id":"https:\/\/www.food4animals.nl\/en\/#organization","name":"Lebensmittel4Tiere","url":"https:\/\/www.food4animals.nl\/en\/","logo":{"@type":"ImageObject","inLanguage":"de","@id":"https:\/\/www.food4animals.nl\/en\/#\/schema\/logo\/image\/","url":"https:\/\/www.food4animals.nl\/wp-content\/uploads\/2023\/10\/Logo.svg","contentUrl":"https:\/\/www.food4animals.nl\/wp-content\/uploads\/2023\/10\/Logo.svg","width":1,"height":1,"caption":"Food4animals"},"image":{"@id":"https:\/\/www.food4animals.nl\/en\/#\/schema\/logo\/image\/"},"sameAs":["https:\/\/www.facebook.com\/p\/Food4animals-100063861676074\/","https:\/\/x.com\/food4animals"]}]}},"_links":{"self":[{"href":"https:\/\/www.food4animals.nl\/de\/wp-json\/wp\/v2\/product\/14084","targetHints":{"allow":["GET"]}}],"collection":[{"href":"https:\/\/www.food4animals.nl\/de\/wp-json\/wp\/v2\/product"}],"about":[{"href":"https:\/\/www.food4animals.nl\/de\/wp-json\/wp\/v2\/types\/product"}],"wp:featuredmedia":[{"embeddable":true,"href":"https:\/\/www.food4animals.nl\/de\/wp-json\/wp\/v2\/media\/38662"}],"wp:attachment":[{"href":"https:\/\/www.food4animals.nl\/de\/wp-json\/wp\/v2\/media?parent=14084"}],"wp:term":[{"taxonomy":"product_brand","embeddable":true,"href":"https:\/\/www.food4animals.nl\/de\/wp-json\/wp\/v2\/product_brand?post=14084"},{"taxonomy":"product_cat","embeddable":true,"href":"https:\/\/www.food4animals.nl\/de\/wp-json\/wp\/v2\/product_cat?post=14084"},{"taxonomy":"product_tag","embeddable":true,"href":"https:\/\/www.food4animals.nl\/de\/wp-json\/wp\/v2\/product_tag?post=14084"}],"curies":[{"name":"wp","href":"https:\/\/api.w.org\/{rel}","templated":true}]}}