{"id":14130,"date":"2023-12-13T13:17:26","date_gmt":"2023-12-13T13:17:26","guid":{"rendered":"https:\/\/food4animals.nl\/product\/lucky-horse-unicorn-knuffel-spray\/"},"modified":"2026-04-13T01:38:25","modified_gmt":"2026-04-13T00:38:25","slug":"lucky-horse-unicorn-knuffel-spray","status":"publish","type":"product","link":"https:\/\/www.food4animals.nl\/de\/produkt\/lucky-horse-unicorn-knuffel-spray\/","title":{"rendered":"Gl\u00fcckspferd Einhorn Kuschelspray"},"content":{"rendered":"<p><span style=\"font-size: 10pt;\">De ultieme knuffelspray voor paarden en pony&#8217;s. <br \/>De spray bevat lavendelolie met een heerlijke geur en heeft een rustgevende werking op je pony of paard. Bovendien is Knuffelspray een perfecte ontklitter, die staart en manen dagenlang goed doorkambaar maakt en een prachtige glans geeft.\u00a0<br \/><\/span><span style=\"font-size: 10pt;\"><br \/>Voor iedere ruiter die wil dat het paard of de pony er uit ziet als een topmodel!<\/span><\/p>\n<p><strong><span style=\"font-size: 10pt;\">Benutzerhandbuch<br \/><\/span><\/strong><span style=\"font-size: 10pt;\">Spr\u00fchen Sie es in die M\u00e4hne und den Schweif und k\u00e4mmen Sie es gut durch, um einen perfekten Anti-Kitz-Effekt zu erzielen. Spr\u00fchen Sie es f\u00fcr eine beruhigende Wirkung auf den Hals und wiederholen Sie den Vorgang nach Wunsch.\u00a0<\/span><\/p>\n<p><strong><span style=\"font-size: 10pt;\">Speichern Sie<br \/><\/span><\/strong><span style=\"font-size: 10pt;\">Op kamertemperatuur<\/span><\/p>\n<p><strong><span style=\"font-size: 10pt;\">Inhalt<br \/><\/span><\/strong><span style=\"font-size: 10pt;\">250 ml<\/span><\/p>","protected":false},"excerpt":{"rendered":"<p>Rustgevende werking op paard en perfect doorkambare manen en staart.<\/p>","protected":false},"featured_media":39103,"template":"","meta":{"_acf_changed":false},"product_brand":[],"product_cat":[829,1216],"product_tag":[2693,2697,843,2009],"class_list":{"0":"post-14130","1":"product","2":"type-product","3":"status-publish","4":"has-post-thumbnail","6":"product_cat-paard","7":"product_cat-verzorging-paard","8":"product_tag-lucky-horse","9":"product_tag-lucky-horse-unicorn","10":"product_tag-paard","11":"product_tag-staart-en-manen","12":"tax_brand-lucky-horse","14":"first","15":"instock","16":"taxable","17":"shipping-taxable","18":"purchasable","19":"product-type-simple"},"acf":[],"yoast_head":"<!-- This site is optimized with the Yoast SEO plugin v27.2 - https:\/\/yoast.com\/product\/yoast-seo-wordpress\/ -->\n<title>Lucky Horse Unicorn Knuffel Spray - Food4animals<\/title>\n<meta name=\"robots\" content=\"index, follow, max-snippet:-1, max-image-preview:large, max-video-preview:-1\" \/>\n<link rel=\"canonical\" href=\"https:\/\/www.food4animals.nl\/de\/produkt\/lucky-horse-unicorn-knuffel-spray\/\" \/>\n<meta property=\"og:locale\" content=\"de_DE\" \/>\n<meta property=\"og:type\" content=\"article\" \/>\n<meta property=\"og:title\" content=\"Lucky Horse Unicorn Knuffel Spray - Food4animals\" \/>\n<meta property=\"og:description\" content=\"Rustgevende werking op paard en perfect doorkambare manen en staart.\" \/>\n<meta property=\"og:url\" content=\"https:\/\/www.food4animals.nl\/de\/produkt\/lucky-horse-unicorn-knuffel-spray\/\" \/>\n<meta property=\"og:site_name\" content=\"Food4animals\" \/>\n<meta property=\"article:publisher\" content=\"https:\/\/www.facebook.com\/p\/Food4animals-100063861676074\/\" \/>\n<meta property=\"article:modified_time\" content=\"2026-04-13T00:38:25+00:00\" \/>\n<meta property=\"og:image\" content=\"https:\/\/www.food4animals.nl\/wp-content\/uploads\/2025\/11\/LUCK10.png\" \/>\n\t<meta property=\"og:image:width\" content=\"453\" \/>\n\t<meta property=\"og:image:height\" content=\"980\" \/>\n\t<meta property=\"og:image:type\" content=\"image\/png\" \/>\n<meta name=\"twitter:card\" content=\"summary_large_image\" \/>\n<meta name=\"twitter:site\" content=\"@food4animals\" \/>\n<script type=\"application\/ld+json\" class=\"yoast-schema-graph\">{\"@context\":\"https:\/\/schema.org\",\"@graph\":[{\"@type\":\"WebPage\",\"@id\":\"https:\/\/www.food4animals.nl\/product\/lucky-horse-unicorn-knuffel-spray\/\",\"url\":\"https:\/\/www.food4animals.nl\/product\/lucky-horse-unicorn-knuffel-spray\/\",\"name\":\"Lucky Horse Unicorn Knuffel Spray - Food4animals\",\"isPartOf\":{\"@id\":\"https:\/\/www.food4animals.nl\/en\/#website\"},\"primaryImageOfPage\":{\"@id\":\"https:\/\/www.food4animals.nl\/product\/lucky-horse-unicorn-knuffel-spray\/#primaryimage\"},\"image\":{\"@id\":\"https:\/\/www.food4animals.nl\/product\/lucky-horse-unicorn-knuffel-spray\/#primaryimage\"},\"thumbnailUrl\":\"https:\/\/www.food4animals.nl\/wp-content\/uploads\/2025\/11\/LUCK10.png\",\"datePublished\":\"2023-12-13T13:17:26+00:00\",\"dateModified\":\"2026-04-13T00:38:25+00:00\",\"breadcrumb\":{\"@id\":\"https:\/\/www.food4animals.nl\/product\/lucky-horse-unicorn-knuffel-spray\/#breadcrumb\"},\"inLanguage\":\"de\",\"potentialAction\":[{\"@type\":\"ReadAction\",\"target\":[\"https:\/\/www.food4animals.nl\/product\/lucky-horse-unicorn-knuffel-spray\/\"]}]},{\"@type\":\"ImageObject\",\"inLanguage\":\"de\",\"@id\":\"https:\/\/www.food4animals.nl\/product\/lucky-horse-unicorn-knuffel-spray\/#primaryimage\",\"url\":\"https:\/\/www.food4animals.nl\/wp-content\/uploads\/2025\/11\/LUCK10.png\",\"contentUrl\":\"https:\/\/www.food4animals.nl\/wp-content\/uploads\/2025\/11\/LUCK10.png\",\"width\":453,\"height\":980},{\"@type\":\"BreadcrumbList\",\"@id\":\"https:\/\/www.food4animals.nl\/product\/lucky-horse-unicorn-knuffel-spray\/#breadcrumb\",\"itemListElement\":[{\"@type\":\"ListItem\",\"position\":1,\"name\":\"Home\",\"item\":\"https:\/\/www.food4animals.nl\/\"},{\"@type\":\"ListItem\",\"position\":2,\"name\":\"Winkel\",\"item\":\"https:\/\/www.food4animals.nl\/winkel\/\"},{\"@type\":\"ListItem\",\"position\":3,\"name\":\"Lucky Horse Unicorn Knuffel Spray\"}]},{\"@type\":\"WebSite\",\"@id\":\"https:\/\/www.food4animals.nl\/en\/#website\",\"url\":\"https:\/\/www.food4animals.nl\/en\/\",\"name\":\"Food4animals\",\"description\":\"Alles voor Ruiter en Dier\",\"publisher\":{\"@id\":\"https:\/\/www.food4animals.nl\/en\/#organization\"},\"potentialAction\":[{\"@type\":\"SearchAction\",\"target\":{\"@type\":\"EntryPoint\",\"urlTemplate\":\"https:\/\/www.food4animals.nl\/en\/?s={search_term_string}\"},\"query-input\":{\"@type\":\"PropertyValueSpecification\",\"valueRequired\":true,\"valueName\":\"search_term_string\"}}],\"inLanguage\":\"de\"},{\"@type\":\"Organization\",\"@id\":\"https:\/\/www.food4animals.nl\/en\/#organization\",\"name\":\"Food4animals\",\"url\":\"https:\/\/www.food4animals.nl\/en\/\",\"logo\":{\"@type\":\"ImageObject\",\"inLanguage\":\"de\",\"@id\":\"https:\/\/www.food4animals.nl\/en\/#\/schema\/logo\/image\/\",\"url\":\"https:\/\/www.food4animals.nl\/wp-content\/uploads\/2023\/10\/Logo.svg\",\"contentUrl\":\"https:\/\/www.food4animals.nl\/wp-content\/uploads\/2023\/10\/Logo.svg\",\"width\":1,\"height\":1,\"caption\":\"Food4animals\"},\"image\":{\"@id\":\"https:\/\/www.food4animals.nl\/en\/#\/schema\/logo\/image\/\"},\"sameAs\":[\"https:\/\/www.facebook.com\/p\/Food4animals-100063861676074\/\",\"https:\/\/x.com\/food4animals\"]}]}<\/script>\n<!-- \/ Yoast SEO plugin. -->","yoast_head_json":{"title":"Lucky Horse Unicorn Knuffel Spray - Food4animals","robots":{"index":"index","follow":"follow","max-snippet":"max-snippet:-1","max-image-preview":"max-image-preview:large","max-video-preview":"max-video-preview:-1"},"canonical":"https:\/\/www.food4animals.nl\/de\/produkt\/lucky-horse-unicorn-knuffel-spray\/","og_locale":"de_DE","og_type":"article","og_title":"Lucky Horse Unicorn Knuffel Spray - Food4animals","og_description":"Rustgevende werking op paard en perfect doorkambare manen en staart.","og_url":"https:\/\/www.food4animals.nl\/de\/produkt\/lucky-horse-unicorn-knuffel-spray\/","og_site_name":"Food4animals","article_publisher":"https:\/\/www.facebook.com\/p\/Food4animals-100063861676074\/","article_modified_time":"2026-04-13T00:38:25+00:00","og_image":[{"width":453,"height":980,"url":"https:\/\/www.food4animals.nl\/wp-content\/uploads\/2025\/11\/LUCK10.png","type":"image\/png"}],"twitter_card":"summary_large_image","twitter_site":"@food4animals","schema":{"@context":"https:\/\/schema.org","@graph":[{"@type":"WebPage","@id":"https:\/\/www.food4animals.nl\/product\/lucky-horse-unicorn-knuffel-spray\/","url":"https:\/\/www.food4animals.nl\/product\/lucky-horse-unicorn-knuffel-spray\/","name":"Lucky Horse Unicorn Knuffel Spray - Food4animals","isPartOf":{"@id":"https:\/\/www.food4animals.nl\/en\/#website"},"primaryImageOfPage":{"@id":"https:\/\/www.food4animals.nl\/product\/lucky-horse-unicorn-knuffel-spray\/#primaryimage"},"image":{"@id":"https:\/\/www.food4animals.nl\/product\/lucky-horse-unicorn-knuffel-spray\/#primaryimage"},"thumbnailUrl":"https:\/\/www.food4animals.nl\/wp-content\/uploads\/2025\/11\/LUCK10.png","datePublished":"2023-12-13T13:17:26+00:00","dateModified":"2026-04-13T00:38:25+00:00","breadcrumb":{"@id":"https:\/\/www.food4animals.nl\/product\/lucky-horse-unicorn-knuffel-spray\/#breadcrumb"},"inLanguage":"de","potentialAction":[{"@type":"ReadAction","target":["https:\/\/www.food4animals.nl\/product\/lucky-horse-unicorn-knuffel-spray\/"]}]},{"@type":"ImageObject","inLanguage":"de","@id":"https:\/\/www.food4animals.nl\/product\/lucky-horse-unicorn-knuffel-spray\/#primaryimage","url":"https:\/\/www.food4animals.nl\/wp-content\/uploads\/2025\/11\/LUCK10.png","contentUrl":"https:\/\/www.food4animals.nl\/wp-content\/uploads\/2025\/11\/LUCK10.png","width":453,"height":980},{"@type":"BreadcrumbList","@id":"https:\/\/www.food4animals.nl\/product\/lucky-horse-unicorn-knuffel-spray\/#breadcrumb","itemListElement":[{"@type":"ListItem","position":1,"name":"Home","item":"https:\/\/www.food4animals.nl\/"},{"@type":"ListItem","position":2,"name":"Winkel","item":"https:\/\/www.food4animals.nl\/winkel\/"},{"@type":"ListItem","position":3,"name":"Lucky Horse Unicorn Knuffel Spray"}]},{"@type":"WebSite","@id":"https:\/\/www.food4animals.nl\/en\/#website","url":"https:\/\/www.food4animals.nl\/en\/","name":"Lebensmittel4Tiere","description":"Alles f\u00fcr Reiter und Tier","publisher":{"@id":"https:\/\/www.food4animals.nl\/en\/#organization"},"potentialAction":[{"@type":"SearchAction","target":{"@type":"EntryPoint","urlTemplate":"https:\/\/www.food4animals.nl\/en\/?s={search_term_string}"},"query-input":{"@type":"PropertyValueSpecification","valueRequired":true,"valueName":"search_term_string"}}],"inLanguage":"de"},{"@type":"Organization","@id":"https:\/\/www.food4animals.nl\/en\/#organization","name":"Lebensmittel4Tiere","url":"https:\/\/www.food4animals.nl\/en\/","logo":{"@type":"ImageObject","inLanguage":"de","@id":"https:\/\/www.food4animals.nl\/en\/#\/schema\/logo\/image\/","url":"https:\/\/www.food4animals.nl\/wp-content\/uploads\/2023\/10\/Logo.svg","contentUrl":"https:\/\/www.food4animals.nl\/wp-content\/uploads\/2023\/10\/Logo.svg","width":1,"height":1,"caption":"Food4animals"},"image":{"@id":"https:\/\/www.food4animals.nl\/en\/#\/schema\/logo\/image\/"},"sameAs":["https:\/\/www.facebook.com\/p\/Food4animals-100063861676074\/","https:\/\/x.com\/food4animals"]}]}},"_links":{"self":[{"href":"https:\/\/www.food4animals.nl\/de\/wp-json\/wp\/v2\/product\/14130","targetHints":{"allow":["GET"]}}],"collection":[{"href":"https:\/\/www.food4animals.nl\/de\/wp-json\/wp\/v2\/product"}],"about":[{"href":"https:\/\/www.food4animals.nl\/de\/wp-json\/wp\/v2\/types\/product"}],"wp:featuredmedia":[{"embeddable":true,"href":"https:\/\/www.food4animals.nl\/de\/wp-json\/wp\/v2\/media\/39103"}],"wp:attachment":[{"href":"https:\/\/www.food4animals.nl\/de\/wp-json\/wp\/v2\/media?parent=14130"}],"wp:term":[{"taxonomy":"product_brand","embeddable":true,"href":"https:\/\/www.food4animals.nl\/de\/wp-json\/wp\/v2\/product_brand?post=14130"},{"taxonomy":"product_cat","embeddable":true,"href":"https:\/\/www.food4animals.nl\/de\/wp-json\/wp\/v2\/product_cat?post=14130"},{"taxonomy":"product_tag","embeddable":true,"href":"https:\/\/www.food4animals.nl\/de\/wp-json\/wp\/v2\/product_tag?post=14130"}],"curies":[{"name":"wp","href":"https:\/\/api.w.org\/{rel}","templated":true}]}}