{"id":14184,"date":"2023-12-13T13:19:49","date_gmt":"2023-12-13T13:19:49","guid":{"rendered":"https:\/\/food4animals.nl\/product\/lunas-choice-trainermix-kipstukjes\/"},"modified":"2026-04-06T01:26:14","modified_gmt":"2026-04-06T00:26:14","slug":"lunas-choice-trainermix-kipstukjes","status":"publish","type":"product","link":"https:\/\/www.food4animals.nl\/de\/produkt\/lunas-choice-trainermix-kipstukjes\/","title":{"rendered":"Luna's Choice Trainer Mix H\u00e4hnchenst\u00fccke"},"content":{"rendered":"<p><span style=\"font-size: 10pt;\">Deze trainer-snack is gevuld met heerlijke kip en is een semi-moist soft beloning. Dit houdt in dat deze snacks nog licht vochtig zijn en daardoor extreem krachtig zijn in smaak en geur. Daarom zijn dit ook de ideale snacks voor hondentrainers en baasjes om hun honden en pups te belonen bij goed gedrag tijdens een training of cursus. Deze trainer-snack bevat geen toegevoegde suikers en het mooiste van alles is dat deze snoepjes gemaakt zijn in Nederland!<\/span><\/p>\n<p><span style=\"font-size: 10pt;\"><strong>Jetzt auch in 10 kg Gro\u00dfpackungen erh\u00e4ltlich!<\/p>\n<p><\/strong><strong>Alle Vorteile von Luna's Choice Trainer Mix:<\/strong><\/span><\/p>\n<ul>\n<li><span style=\"font-size: 10pt;\">\u00c4u\u00dferst starker Duft sorgt f\u00fcr zus\u00e4tzliche Aufmerksamkeit beim Training<\/span><\/li>\n<li><span style=\"font-size: 10pt;\">Extrem starker Geschmack, der Ihren Hund dazu bringt, noch mehr zu wollen und somit noch h\u00e4rter f\u00fcr eine Belohnung zu arbeiten<\/span><\/li>\n<li><span style=\"font-size: 10pt;\">Geen toegevoegde suikers<\/span><\/li>\n<li><span style=\"font-size: 10pt;\">Ideaal beloningsformaat van 2 cm<\/span><\/li>\n<li><span style=\"font-size: 10pt;\">Hergestellt in den Niederlanden<\/span><\/li>\n<\/ul>\n<p><span style=\"font-size: 10pt;\"><img loading=\"lazy\" decoding=\"async\" class=\"preview\" src=\"\/imagestream\/stream\/272495\/made%20in%20holland.jpg\" alt=\"\" width=\"111\" height=\"94\" \/><img loading=\"lazy\" decoding=\"async\" class=\"preview\" src=\"\/imagestream\/stream\/272496\/ifs.png\" alt=\"\" width=\"170\" height=\"91\" \/><\/span><\/p>\n<p><span style=\"font-size: 10pt;\"><strong>Verpackung<br \/><\/strong><\/span>LUNA0047: 500 gram (ca. 500 beloningen)<br \/>LUNA0047A10: 10 kg (ca. 10.000 beloningen)<\/p>\n<p><span style=\"font-size: 10pt;\">\u00a0<\/span><\/p>","protected":false},"excerpt":{"rendered":"<p>Trainermix met kip.<\/p>","protected":false},"featured_media":39132,"template":"","meta":{"_acf_changed":false},"product_brand":[],"product_cat":[821,1433],"product_tag":[1912,823,1406,2701,2705],"class_list":{"0":"post-14184","1":"product","2":"type-product","3":"status-publish","4":"has-post-thumbnail","6":"product_cat-hond","7":"product_cat-snacks","8":"product_tag-geschenktips_2022","9":"product_tag-hond","10":"product_tag-kip","11":"product_tag-lunas-choice","12":"product_tag-lunaschoice_trainermix","13":"tax_brand-lunas-choice","15":"first","16":"instock","17":"taxable","18":"shipping-taxable","19":"purchasable","20":"product-type-simple"},"acf":[],"yoast_head":"<!-- This site is optimized with the Yoast SEO plugin v27.2 - https:\/\/yoast.com\/product\/yoast-seo-wordpress\/ -->\n<title>Luna&#039;s Choice Trainermix Kipstukjes - Food4animals<\/title>\n<meta name=\"robots\" content=\"index, follow, max-snippet:-1, max-image-preview:large, max-video-preview:-1\" \/>\n<link rel=\"canonical\" href=\"https:\/\/www.food4animals.nl\/de\/produkt\/lunas-choice-trainermix-kipstukjes\/\" \/>\n<meta property=\"og:locale\" content=\"de_DE\" \/>\n<meta property=\"og:type\" content=\"article\" \/>\n<meta property=\"og:title\" content=\"Luna&#039;s Choice Trainermix Kipstukjes - Food4animals\" \/>\n<meta property=\"og:description\" content=\"Trainermix met kip.\" \/>\n<meta property=\"og:url\" content=\"https:\/\/www.food4animals.nl\/de\/produkt\/lunas-choice-trainermix-kipstukjes\/\" \/>\n<meta property=\"og:site_name\" content=\"Food4animals\" \/>\n<meta property=\"article:publisher\" content=\"https:\/\/www.facebook.com\/p\/Food4animals-100063861676074\/\" \/>\n<meta property=\"article:modified_time\" content=\"2026-04-06T00:26:14+00:00\" \/>\n<meta property=\"og:image\" content=\"https:\/\/www.food4animals.nl\/wp-content\/uploads\/2025\/11\/LUNA0047.png\" \/>\n\t<meta property=\"og:image:width\" content=\"980\" \/>\n\t<meta property=\"og:image:height\" content=\"979\" \/>\n\t<meta property=\"og:image:type\" content=\"image\/png\" \/>\n<meta name=\"twitter:card\" content=\"summary_large_image\" \/>\n<meta name=\"twitter:site\" content=\"@food4animals\" \/>\n<meta name=\"twitter:label1\" content=\"Gesch\u00e4tzte Lesezeit\" \/>\n\t<meta name=\"twitter:data1\" content=\"1\u00a0Minute\" \/>\n<script type=\"application\/ld+json\" class=\"yoast-schema-graph\">{\"@context\":\"https:\/\/schema.org\",\"@graph\":[{\"@type\":\"WebPage\",\"@id\":\"https:\/\/www.food4animals.nl\/product\/lunas-choice-trainermix-kipstukjes\/\",\"url\":\"https:\/\/www.food4animals.nl\/product\/lunas-choice-trainermix-kipstukjes\/\",\"name\":\"Luna's Choice Trainermix Kipstukjes - Food4animals\",\"isPartOf\":{\"@id\":\"https:\/\/www.food4animals.nl\/en\/#website\"},\"primaryImageOfPage\":{\"@id\":\"https:\/\/www.food4animals.nl\/product\/lunas-choice-trainermix-kipstukjes\/#primaryimage\"},\"image\":{\"@id\":\"https:\/\/www.food4animals.nl\/product\/lunas-choice-trainermix-kipstukjes\/#primaryimage\"},\"thumbnailUrl\":\"https:\/\/www.food4animals.nl\/wp-content\/uploads\/2025\/11\/LUNA0047.png\",\"datePublished\":\"2023-12-13T13:19:49+00:00\",\"dateModified\":\"2026-04-06T00:26:14+00:00\",\"breadcrumb\":{\"@id\":\"https:\/\/www.food4animals.nl\/product\/lunas-choice-trainermix-kipstukjes\/#breadcrumb\"},\"inLanguage\":\"de\",\"potentialAction\":[{\"@type\":\"ReadAction\",\"target\":[\"https:\/\/www.food4animals.nl\/product\/lunas-choice-trainermix-kipstukjes\/\"]}]},{\"@type\":\"ImageObject\",\"inLanguage\":\"de\",\"@id\":\"https:\/\/www.food4animals.nl\/product\/lunas-choice-trainermix-kipstukjes\/#primaryimage\",\"url\":\"https:\/\/www.food4animals.nl\/wp-content\/uploads\/2025\/11\/LUNA0047.png\",\"contentUrl\":\"https:\/\/www.food4animals.nl\/wp-content\/uploads\/2025\/11\/LUNA0047.png\",\"width\":980,\"height\":979},{\"@type\":\"BreadcrumbList\",\"@id\":\"https:\/\/www.food4animals.nl\/product\/lunas-choice-trainermix-kipstukjes\/#breadcrumb\",\"itemListElement\":[{\"@type\":\"ListItem\",\"position\":1,\"name\":\"Home\",\"item\":\"https:\/\/www.food4animals.nl\/\"},{\"@type\":\"ListItem\",\"position\":2,\"name\":\"Winkel\",\"item\":\"https:\/\/www.food4animals.nl\/winkel\/\"},{\"@type\":\"ListItem\",\"position\":3,\"name\":\"Luna&#8217;s Choice Trainermix Kipstukjes\"}]},{\"@type\":\"WebSite\",\"@id\":\"https:\/\/www.food4animals.nl\/en\/#website\",\"url\":\"https:\/\/www.food4animals.nl\/en\/\",\"name\":\"Food4animals\",\"description\":\"Alles voor Ruiter en Dier\",\"publisher\":{\"@id\":\"https:\/\/www.food4animals.nl\/en\/#organization\"},\"potentialAction\":[{\"@type\":\"SearchAction\",\"target\":{\"@type\":\"EntryPoint\",\"urlTemplate\":\"https:\/\/www.food4animals.nl\/en\/?s={search_term_string}\"},\"query-input\":{\"@type\":\"PropertyValueSpecification\",\"valueRequired\":true,\"valueName\":\"search_term_string\"}}],\"inLanguage\":\"de\"},{\"@type\":\"Organization\",\"@id\":\"https:\/\/www.food4animals.nl\/en\/#organization\",\"name\":\"Food4animals\",\"url\":\"https:\/\/www.food4animals.nl\/en\/\",\"logo\":{\"@type\":\"ImageObject\",\"inLanguage\":\"de\",\"@id\":\"https:\/\/www.food4animals.nl\/en\/#\/schema\/logo\/image\/\",\"url\":\"https:\/\/www.food4animals.nl\/wp-content\/uploads\/2023\/10\/Logo.svg\",\"contentUrl\":\"https:\/\/www.food4animals.nl\/wp-content\/uploads\/2023\/10\/Logo.svg\",\"width\":1,\"height\":1,\"caption\":\"Food4animals\"},\"image\":{\"@id\":\"https:\/\/www.food4animals.nl\/en\/#\/schema\/logo\/image\/\"},\"sameAs\":[\"https:\/\/www.facebook.com\/p\/Food4animals-100063861676074\/\",\"https:\/\/x.com\/food4animals\"]}]}<\/script>\n<!-- \/ Yoast SEO plugin. -->","yoast_head_json":{"title":"Luna's Choice Trainermix Kipstukjes - Food4animals","robots":{"index":"index","follow":"follow","max-snippet":"max-snippet:-1","max-image-preview":"max-image-preview:large","max-video-preview":"max-video-preview:-1"},"canonical":"https:\/\/www.food4animals.nl\/de\/produkt\/lunas-choice-trainermix-kipstukjes\/","og_locale":"de_DE","og_type":"article","og_title":"Luna's Choice Trainermix Kipstukjes - Food4animals","og_description":"Trainermix met kip.","og_url":"https:\/\/www.food4animals.nl\/de\/produkt\/lunas-choice-trainermix-kipstukjes\/","og_site_name":"Food4animals","article_publisher":"https:\/\/www.facebook.com\/p\/Food4animals-100063861676074\/","article_modified_time":"2026-04-06T00:26:14+00:00","og_image":[{"width":980,"height":979,"url":"https:\/\/www.food4animals.nl\/wp-content\/uploads\/2025\/11\/LUNA0047.png","type":"image\/png"}],"twitter_card":"summary_large_image","twitter_site":"@food4animals","twitter_misc":{"Gesch\u00e4tzte Lesezeit":"1\u00a0Minute"},"schema":{"@context":"https:\/\/schema.org","@graph":[{"@type":"WebPage","@id":"https:\/\/www.food4animals.nl\/product\/lunas-choice-trainermix-kipstukjes\/","url":"https:\/\/www.food4animals.nl\/product\/lunas-choice-trainermix-kipstukjes\/","name":"Luna's Choice Trainermix Kipstukjes - Food4animals","isPartOf":{"@id":"https:\/\/www.food4animals.nl\/en\/#website"},"primaryImageOfPage":{"@id":"https:\/\/www.food4animals.nl\/product\/lunas-choice-trainermix-kipstukjes\/#primaryimage"},"image":{"@id":"https:\/\/www.food4animals.nl\/product\/lunas-choice-trainermix-kipstukjes\/#primaryimage"},"thumbnailUrl":"https:\/\/www.food4animals.nl\/wp-content\/uploads\/2025\/11\/LUNA0047.png","datePublished":"2023-12-13T13:19:49+00:00","dateModified":"2026-04-06T00:26:14+00:00","breadcrumb":{"@id":"https:\/\/www.food4animals.nl\/product\/lunas-choice-trainermix-kipstukjes\/#breadcrumb"},"inLanguage":"de","potentialAction":[{"@type":"ReadAction","target":["https:\/\/www.food4animals.nl\/product\/lunas-choice-trainermix-kipstukjes\/"]}]},{"@type":"ImageObject","inLanguage":"de","@id":"https:\/\/www.food4animals.nl\/product\/lunas-choice-trainermix-kipstukjes\/#primaryimage","url":"https:\/\/www.food4animals.nl\/wp-content\/uploads\/2025\/11\/LUNA0047.png","contentUrl":"https:\/\/www.food4animals.nl\/wp-content\/uploads\/2025\/11\/LUNA0047.png","width":980,"height":979},{"@type":"BreadcrumbList","@id":"https:\/\/www.food4animals.nl\/product\/lunas-choice-trainermix-kipstukjes\/#breadcrumb","itemListElement":[{"@type":"ListItem","position":1,"name":"Home","item":"https:\/\/www.food4animals.nl\/"},{"@type":"ListItem","position":2,"name":"Winkel","item":"https:\/\/www.food4animals.nl\/winkel\/"},{"@type":"ListItem","position":3,"name":"Luna&#8217;s Choice Trainermix Kipstukjes"}]},{"@type":"WebSite","@id":"https:\/\/www.food4animals.nl\/en\/#website","url":"https:\/\/www.food4animals.nl\/en\/","name":"Lebensmittel4Tiere","description":"Alles f\u00fcr Reiter und Tier","publisher":{"@id":"https:\/\/www.food4animals.nl\/en\/#organization"},"potentialAction":[{"@type":"SearchAction","target":{"@type":"EntryPoint","urlTemplate":"https:\/\/www.food4animals.nl\/en\/?s={search_term_string}"},"query-input":{"@type":"PropertyValueSpecification","valueRequired":true,"valueName":"search_term_string"}}],"inLanguage":"de"},{"@type":"Organization","@id":"https:\/\/www.food4animals.nl\/en\/#organization","name":"Lebensmittel4Tiere","url":"https:\/\/www.food4animals.nl\/en\/","logo":{"@type":"ImageObject","inLanguage":"de","@id":"https:\/\/www.food4animals.nl\/en\/#\/schema\/logo\/image\/","url":"https:\/\/www.food4animals.nl\/wp-content\/uploads\/2023\/10\/Logo.svg","contentUrl":"https:\/\/www.food4animals.nl\/wp-content\/uploads\/2023\/10\/Logo.svg","width":1,"height":1,"caption":"Food4animals"},"image":{"@id":"https:\/\/www.food4animals.nl\/en\/#\/schema\/logo\/image\/"},"sameAs":["https:\/\/www.facebook.com\/p\/Food4animals-100063861676074\/","https:\/\/x.com\/food4animals"]}]}},"_links":{"self":[{"href":"https:\/\/www.food4animals.nl\/de\/wp-json\/wp\/v2\/product\/14184","targetHints":{"allow":["GET"]}}],"collection":[{"href":"https:\/\/www.food4animals.nl\/de\/wp-json\/wp\/v2\/product"}],"about":[{"href":"https:\/\/www.food4animals.nl\/de\/wp-json\/wp\/v2\/types\/product"}],"wp:featuredmedia":[{"embeddable":true,"href":"https:\/\/www.food4animals.nl\/de\/wp-json\/wp\/v2\/media\/39132"}],"wp:attachment":[{"href":"https:\/\/www.food4animals.nl\/de\/wp-json\/wp\/v2\/media?parent=14184"}],"wp:term":[{"taxonomy":"product_brand","embeddable":true,"href":"https:\/\/www.food4animals.nl\/de\/wp-json\/wp\/v2\/product_brand?post=14184"},{"taxonomy":"product_cat","embeddable":true,"href":"https:\/\/www.food4animals.nl\/de\/wp-json\/wp\/v2\/product_cat?post=14184"},{"taxonomy":"product_tag","embeddable":true,"href":"https:\/\/www.food4animals.nl\/de\/wp-json\/wp\/v2\/product_tag?post=14184"}],"curies":[{"name":"wp","href":"https:\/\/api.w.org\/{rel}","templated":true}]}}