{"id":14206,"date":"2023-12-13T13:20:50","date_gmt":"2023-12-13T13:20:50","guid":{"rendered":"https:\/\/food4animals.nl\/product\/lunas-choice-trainermix-zalmballetjes-glutenvrij\/"},"modified":"2026-04-21T01:28:11","modified_gmt":"2026-04-21T00:28:11","slug":"lunas-choice-trainer-mix-lachsballchen-glutenfrei","status":"publish","type":"product","link":"https:\/\/www.food4animals.nl\/de\/produkt\/lunas-choice-trainer-mix-lachsballchen-glutenfrei\/","title":{"rendered":"Luna's Choice Trainer Mix Lachsb\u00e4llchen (glutenfrei)"},"content":{"rendered":"<p><span style=\"font-size: 10pt;\">Dieser Snack mit einem hohen Fleischanteil besteht aus nicht weniger als 26% Lachs und ist eine halbfeuchte, weiche Belohnung. Das bedeutet, dass diese Snacks noch leicht feucht sind und daher extrem stark im Geschmack und Geruch. Daher sind sie auch die idealen Snacks f\u00fcr Hundetrainer und Besitzer, um ihre Hunde und Welpen f\u00fcr gutes Verhalten w\u00e4hrend eines Trainings oder Kurses zu belohnen. Dieser Trainersnack enth\u00e4lt keinen Zuckerzusatz, keine Farbstoffe, ist gluten- und getreidefrei und das Beste ist, dass diese Leckerbissen in den Niederlanden hergestellt werden! Verpackt in einer praktischen, wiederverschlie\u00dfbaren T\u00fcte bleiben die Snacks einfacher und l\u00e4nger frisch.\u00a0<\/span><\/p>\n<p><span style=\"font-size: 10pt;\"><strong>Jetzt auch in 10 kg Gro\u00dfpackungen erh\u00e4ltlich!<\/p>\n<p><\/strong><strong>Alle Vorteile von Luna's Choice Trainer Mix:<\/strong><\/span><\/p>\n<ul>\n<li><span style=\"font-size: 10pt;\">\u00c4u\u00dferst starker Duft sorgt f\u00fcr zus\u00e4tzliche Aufmerksamkeit beim Training<\/span><\/li>\n<li><span style=\"font-size: 10pt;\">Extrem starker Geschmack, der Ihren Hund dazu bringt, noch mehr zu wollen und somit noch h\u00e4rter f\u00fcr eine Belohnung zu arbeiten<\/span><\/li>\n<li><span style=\"font-size: 10pt;\">Ohne Zusatz von Zucker und Farbstoffen<\/span><\/li>\n<li><strong><span style=\"font-size: 10pt;\">Gluten- und getreidefrei<\/span><\/strong><\/li>\n<li><span style=\"font-size: 10pt;\">Wiederverschlie\u00dfbare Verpackung<\/span><\/li>\n<li><span style=\"font-size: 10pt;\">Ideale Belohnungsgr\u00f6\u00dfe von ca. 1,5 cm<\/span><\/li>\n<li><span style=\"font-size: 10pt;\">Hergestellt in den Niederlanden<\/span><\/li>\n<\/ul>\n<p><span style=\"font-size: 10pt;\"><img loading=\"lazy\" decoding=\"async\" class=\"preview\" src=\"\/imagestream\/stream\/272495\/made%20in%20holland.jpg\" alt=\"\" width=\"111\" height=\"94\" \/><img loading=\"lazy\" decoding=\"async\" class=\"preview\" src=\"\/imagestream\/stream\/272496\/ifs.png\" alt=\"\" width=\"170\" height=\"91\" \/><\/span><\/p>\n<p><span style=\"font-size: 10pt;\"><strong>Verpackung<br \/><\/strong>500 g (ca. 150 Belohnungen)<br \/>10 kg Gro\u00dfpackung (ca. 3000 Belohnungen)<br \/><\/span><\/p>","protected":false},"excerpt":{"rendered":"<p>Trainer-Mix mit Lachsb\u00e4llchen<\/p>","protected":false},"featured_media":39129,"template":"","meta":{"_acf_changed":false},"product_brand":[],"product_cat":[821,1433],"product_tag":[1912,823,2701,2705,1447],"class_list":{"0":"post-14206","1":"product","2":"type-product","3":"status-publish","4":"has-post-thumbnail","6":"product_cat-hond","7":"product_cat-snacks","8":"product_tag-geschenktips_2022","9":"product_tag-hond","10":"product_tag-lunas-choice","11":"product_tag-lunaschoice_trainermix","12":"product_tag-zalm","13":"tax_brand-lunas-choice","15":"first","16":"instock","17":"taxable","18":"shipping-taxable","19":"purchasable","20":"product-type-simple"},"acf":[],"yoast_head":"<!-- This site is optimized with the Yoast SEO plugin v27.4 - https:\/\/yoast.com\/product\/yoast-seo-wordpress\/ -->\n<title>Luna&#039;s Choice Trainermix Zalmballetjes (glutenvrij) - Food4animals<\/title>\n<meta name=\"robots\" content=\"index, follow, max-snippet:-1, max-image-preview:large, max-video-preview:-1\" \/>\n<link rel=\"canonical\" href=\"https:\/\/www.food4animals.nl\/de\/produkt\/lunas-choice-trainer-mix-lachsballchen-glutenfrei\/\" \/>\n<meta property=\"og:locale\" content=\"de_DE\" \/>\n<meta property=\"og:type\" content=\"article\" \/>\n<meta property=\"og:title\" content=\"Luna&#039;s Choice Trainermix Zalmballetjes (glutenvrij) - Food4animals\" \/>\n<meta property=\"og:description\" content=\"Trainermix met zalmballetjes\" \/>\n<meta property=\"og:url\" content=\"https:\/\/www.food4animals.nl\/de\/produkt\/lunas-choice-trainer-mix-lachsballchen-glutenfrei\/\" \/>\n<meta property=\"og:site_name\" content=\"Food4animals\" \/>\n<meta property=\"article:publisher\" content=\"https:\/\/www.facebook.com\/p\/Food4animals-100063861676074\/\" \/>\n<meta property=\"article:modified_time\" content=\"2026-04-21T00:28:11+00:00\" \/>\n<meta property=\"og:image\" content=\"https:\/\/www.food4animals.nl\/wp-content\/uploads\/2025\/11\/LUNA0045.png\" \/>\n\t<meta property=\"og:image:width\" content=\"1024\" \/>\n\t<meta property=\"og:image:height\" content=\"1024\" \/>\n\t<meta property=\"og:image:type\" content=\"image\/png\" \/>\n<meta name=\"twitter:card\" content=\"summary_large_image\" \/>\n<meta name=\"twitter:site\" content=\"@food4animals\" \/>\n<meta name=\"twitter:label1\" content=\"Gesch\u00e4tzte Lesezeit\" \/>\n\t<meta name=\"twitter:data1\" content=\"1\u00a0Minute\" \/>\n<script type=\"application\/ld+json\" class=\"yoast-schema-graph\">{\"@context\":\"https:\\\/\\\/schema.org\",\"@graph\":[{\"@type\":\"WebPage\",\"@id\":\"https:\\\/\\\/www.food4animals.nl\\\/product\\\/lunas-choice-trainermix-zalmballetjes-glutenvrij\\\/\",\"url\":\"https:\\\/\\\/www.food4animals.nl\\\/product\\\/lunas-choice-trainermix-zalmballetjes-glutenvrij\\\/\",\"name\":\"Luna's Choice Trainermix Zalmballetjes (glutenvrij) - Food4animals\",\"isPartOf\":{\"@id\":\"https:\\\/\\\/www.food4animals.nl\\\/en\\\/#website\"},\"primaryImageOfPage\":{\"@id\":\"https:\\\/\\\/www.food4animals.nl\\\/product\\\/lunas-choice-trainermix-zalmballetjes-glutenvrij\\\/#primaryimage\"},\"image\":{\"@id\":\"https:\\\/\\\/www.food4animals.nl\\\/product\\\/lunas-choice-trainermix-zalmballetjes-glutenvrij\\\/#primaryimage\"},\"thumbnailUrl\":\"https:\\\/\\\/www.food4animals.nl\\\/wp-content\\\/uploads\\\/2025\\\/11\\\/LUNA0045.png\",\"datePublished\":\"2023-12-13T13:20:50+00:00\",\"dateModified\":\"2026-04-21T00:28:11+00:00\",\"breadcrumb\":{\"@id\":\"https:\\\/\\\/www.food4animals.nl\\\/product\\\/lunas-choice-trainermix-zalmballetjes-glutenvrij\\\/#breadcrumb\"},\"inLanguage\":\"de\",\"potentialAction\":[{\"@type\":\"ReadAction\",\"target\":[\"https:\\\/\\\/www.food4animals.nl\\\/product\\\/lunas-choice-trainermix-zalmballetjes-glutenvrij\\\/\"]}]},{\"@type\":\"ImageObject\",\"inLanguage\":\"de\",\"@id\":\"https:\\\/\\\/www.food4animals.nl\\\/product\\\/lunas-choice-trainermix-zalmballetjes-glutenvrij\\\/#primaryimage\",\"url\":\"https:\\\/\\\/www.food4animals.nl\\\/wp-content\\\/uploads\\\/2025\\\/11\\\/LUNA0045.png\",\"contentUrl\":\"https:\\\/\\\/www.food4animals.nl\\\/wp-content\\\/uploads\\\/2025\\\/11\\\/LUNA0045.png\",\"width\":1024,\"height\":1024},{\"@type\":\"BreadcrumbList\",\"@id\":\"https:\\\/\\\/www.food4animals.nl\\\/product\\\/lunas-choice-trainermix-zalmballetjes-glutenvrij\\\/#breadcrumb\",\"itemListElement\":[{\"@type\":\"ListItem\",\"position\":1,\"name\":\"Home\",\"item\":\"https:\\\/\\\/www.food4animals.nl\\\/\"},{\"@type\":\"ListItem\",\"position\":2,\"name\":\"Winkel\",\"item\":\"https:\\\/\\\/www.food4animals.nl\\\/winkel\\\/\"},{\"@type\":\"ListItem\",\"position\":3,\"name\":\"Luna&#8217;s Choice Trainermix Zalmballetjes (glutenvrij)\"}]},{\"@type\":\"WebSite\",\"@id\":\"https:\\\/\\\/www.food4animals.nl\\\/en\\\/#website\",\"url\":\"https:\\\/\\\/www.food4animals.nl\\\/en\\\/\",\"name\":\"Food4animals\",\"description\":\"Alles voor Ruiter en Dier\",\"publisher\":{\"@id\":\"https:\\\/\\\/www.food4animals.nl\\\/en\\\/#organization\"},\"potentialAction\":[{\"@type\":\"SearchAction\",\"target\":{\"@type\":\"EntryPoint\",\"urlTemplate\":\"https:\\\/\\\/www.food4animals.nl\\\/en\\\/?s={search_term_string}\"},\"query-input\":{\"@type\":\"PropertyValueSpecification\",\"valueRequired\":true,\"valueName\":\"search_term_string\"}}],\"inLanguage\":\"de\"},{\"@type\":\"Organization\",\"@id\":\"https:\\\/\\\/www.food4animals.nl\\\/en\\\/#organization\",\"name\":\"Food4animals\",\"url\":\"https:\\\/\\\/www.food4animals.nl\\\/en\\\/\",\"logo\":{\"@type\":\"ImageObject\",\"inLanguage\":\"de\",\"@id\":\"https:\\\/\\\/www.food4animals.nl\\\/en\\\/#\\\/schema\\\/logo\\\/image\\\/\",\"url\":\"https:\\\/\\\/www.food4animals.nl\\\/wp-content\\\/uploads\\\/2023\\\/10\\\/Logo.svg\",\"contentUrl\":\"https:\\\/\\\/www.food4animals.nl\\\/wp-content\\\/uploads\\\/2023\\\/10\\\/Logo.svg\",\"width\":1,\"height\":1,\"caption\":\"Food4animals\"},\"image\":{\"@id\":\"https:\\\/\\\/www.food4animals.nl\\\/en\\\/#\\\/schema\\\/logo\\\/image\\\/\"},\"sameAs\":[\"https:\\\/\\\/www.facebook.com\\\/p\\\/Food4animals-100063861676074\\\/\",\"https:\\\/\\\/x.com\\\/food4animals\"]}]}<\/script>\n<!-- \/ Yoast SEO plugin. -->","yoast_head_json":{"title":"Luna's Choice Trainer mix Lachsb\u00e4llchen (glutenfrei) - Food4animals","robots":{"index":"index","follow":"follow","max-snippet":"max-snippet:-1","max-image-preview":"max-image-preview:large","max-video-preview":"max-video-preview:-1"},"canonical":"https:\/\/www.food4animals.nl\/de\/produkt\/lunas-choice-trainer-mix-lachsballchen-glutenfrei\/","og_locale":"de_DE","og_type":"article","og_title":"Luna's Choice Trainermix Zalmballetjes (glutenvrij) - Food4animals","og_description":"Trainermix met zalmballetjes","og_url":"https:\/\/www.food4animals.nl\/de\/produkt\/lunas-choice-trainer-mix-lachsballchen-glutenfrei\/","og_site_name":"Food4animals","article_publisher":"https:\/\/www.facebook.com\/p\/Food4animals-100063861676074\/","article_modified_time":"2026-04-21T00:28:11+00:00","og_image":[{"width":1024,"height":1024,"url":"https:\/\/www.food4animals.nl\/wp-content\/uploads\/2025\/11\/LUNA0045.png","type":"image\/png"}],"twitter_card":"summary_large_image","twitter_site":"@food4animals","twitter_misc":{"Gesch\u00e4tzte Lesezeit":"1\u00a0Minute"},"schema":{"@context":"https:\/\/schema.org","@graph":[{"@type":"WebPage","@id":"https:\/\/www.food4animals.nl\/product\/lunas-choice-trainermix-zalmballetjes-glutenvrij\/","url":"https:\/\/www.food4animals.nl\/product\/lunas-choice-trainermix-zalmballetjes-glutenvrij\/","name":"Luna's Choice Trainer mix Lachsb\u00e4llchen (glutenfrei) - Food4animals","isPartOf":{"@id":"https:\/\/www.food4animals.nl\/en\/#website"},"primaryImageOfPage":{"@id":"https:\/\/www.food4animals.nl\/product\/lunas-choice-trainermix-zalmballetjes-glutenvrij\/#primaryimage"},"image":{"@id":"https:\/\/www.food4animals.nl\/product\/lunas-choice-trainermix-zalmballetjes-glutenvrij\/#primaryimage"},"thumbnailUrl":"https:\/\/www.food4animals.nl\/wp-content\/uploads\/2025\/11\/LUNA0045.png","datePublished":"2023-12-13T13:20:50+00:00","dateModified":"2026-04-21T00:28:11+00:00","breadcrumb":{"@id":"https:\/\/www.food4animals.nl\/product\/lunas-choice-trainermix-zalmballetjes-glutenvrij\/#breadcrumb"},"inLanguage":"de","potentialAction":[{"@type":"ReadAction","target":["https:\/\/www.food4animals.nl\/product\/lunas-choice-trainermix-zalmballetjes-glutenvrij\/"]}]},{"@type":"ImageObject","inLanguage":"de","@id":"https:\/\/www.food4animals.nl\/product\/lunas-choice-trainermix-zalmballetjes-glutenvrij\/#primaryimage","url":"https:\/\/www.food4animals.nl\/wp-content\/uploads\/2025\/11\/LUNA0045.png","contentUrl":"https:\/\/www.food4animals.nl\/wp-content\/uploads\/2025\/11\/LUNA0045.png","width":1024,"height":1024},{"@type":"BreadcrumbList","@id":"https:\/\/www.food4animals.nl\/product\/lunas-choice-trainermix-zalmballetjes-glutenvrij\/#breadcrumb","itemListElement":[{"@type":"ListItem","position":1,"name":"Home","item":"https:\/\/www.food4animals.nl\/"},{"@type":"ListItem","position":2,"name":"Winkel","item":"https:\/\/www.food4animals.nl\/winkel\/"},{"@type":"ListItem","position":3,"name":"Luna&#8217;s Choice Trainermix Zalmballetjes (glutenvrij)"}]},{"@type":"WebSite","@id":"https:\/\/www.food4animals.nl\/en\/#website","url":"https:\/\/www.food4animals.nl\/en\/","name":"Lebensmittel4Tiere","description":"Alles f\u00fcr Reiter und Tier","publisher":{"@id":"https:\/\/www.food4animals.nl\/en\/#organization"},"potentialAction":[{"@type":"SearchAction","target":{"@type":"EntryPoint","urlTemplate":"https:\/\/www.food4animals.nl\/en\/?s={search_term_string}"},"query-input":{"@type":"PropertyValueSpecification","valueRequired":true,"valueName":"search_term_string"}}],"inLanguage":"de"},{"@type":"Organization","@id":"https:\/\/www.food4animals.nl\/en\/#organization","name":"Lebensmittel4Tiere","url":"https:\/\/www.food4animals.nl\/en\/","logo":{"@type":"ImageObject","inLanguage":"de","@id":"https:\/\/www.food4animals.nl\/en\/#\/schema\/logo\/image\/","url":"https:\/\/www.food4animals.nl\/wp-content\/uploads\/2023\/10\/Logo.svg","contentUrl":"https:\/\/www.food4animals.nl\/wp-content\/uploads\/2023\/10\/Logo.svg","width":1,"height":1,"caption":"Food4animals"},"image":{"@id":"https:\/\/www.food4animals.nl\/en\/#\/schema\/logo\/image\/"},"sameAs":["https:\/\/www.facebook.com\/p\/Food4animals-100063861676074\/","https:\/\/x.com\/food4animals"]}]}},"_links":{"self":[{"href":"https:\/\/www.food4animals.nl\/de\/wp-json\/wp\/v2\/product\/14206","targetHints":{"allow":["GET"]}}],"collection":[{"href":"https:\/\/www.food4animals.nl\/de\/wp-json\/wp\/v2\/product"}],"about":[{"href":"https:\/\/www.food4animals.nl\/de\/wp-json\/wp\/v2\/types\/product"}],"wp:featuredmedia":[{"embeddable":true,"href":"https:\/\/www.food4animals.nl\/de\/wp-json\/wp\/v2\/media\/39129"}],"wp:attachment":[{"href":"https:\/\/www.food4animals.nl\/de\/wp-json\/wp\/v2\/media?parent=14206"}],"wp:term":[{"taxonomy":"product_brand","embeddable":true,"href":"https:\/\/www.food4animals.nl\/de\/wp-json\/wp\/v2\/product_brand?post=14206"},{"taxonomy":"product_cat","embeddable":true,"href":"https:\/\/www.food4animals.nl\/de\/wp-json\/wp\/v2\/product_cat?post=14206"},{"taxonomy":"product_tag","embeddable":true,"href":"https:\/\/www.food4animals.nl\/de\/wp-json\/wp\/v2\/product_tag?post=14206"}],"curies":[{"name":"wp","href":"https:\/\/api.w.org\/{rel}","templated":true}]}}