{"id":14272,"date":"2023-12-13T13:23:59","date_gmt":"2023-12-13T13:23:59","guid":{"rendered":"https:\/\/food4animals.nl\/product\/madison-manchester-lounge-cushion-taupe-s\/"},"modified":"2026-05-03T01:28:57","modified_gmt":"2026-05-03T00:28:57","slug":"madison-manchester-lounge-cushion-taupe-s","status":"publish","type":"product","link":"https:\/\/www.food4animals.nl\/de\/produkt\/madison-manchester-lounge-cushion-taupe-s\/","title":{"rendered":"Madison Manchester Lounge Cushion Taupe S"},"content":{"rendered":"<h2><span style=\"font-size: 10pt;\">Een geweldig kussen voor honden die graag buiten zijn.\u00a0<br \/><\/span><\/h2>\n<p><span style=\"font-size: 10pt;\">Ontworpen met comfort, veiligheid en duurzaamheid in het achterhoofd. Dit maakt dat de Manchester een loungekussen van zeer hoge kwaliteit is.\u00a0<br \/>De stof is een van de beste en sterkste geweven materialen, gemaakt van 100% acryl\/dralonvezels. Zeer makkelijk in onderhoud.\u00a0<\/span><\/p>\n<p><span style=\"font-size: 10pt;\">Door de waterafstotende coating is het makkelijk om losse haren en eventuele vlekken af te vegen. <br \/>De binnenkant van het kussen is zeer comfortabel en gemaakt van gerycled schuim- en silicoonvulling. <br \/>De vulling even opschudden om zijn oorspronkelijke vorm terug te krijgen.\u00a0<\/span><\/p>\n<p><span style=\"font-size: 10pt;\">Erh\u00e4ltlich in drei verschiedenen Gr\u00f6\u00dfen und vier trendigen Farben.\u00a0<\/span><\/p>\n<ul>\n<li><span style=\"font-size: 10pt;\">100% Acryl-\/Dralonfasern<\/span><\/li>\n<li><span style=\"font-size: 10pt;\">Luft- und feuchtigkeitsregulierend<\/span><\/li>\n<li><span style=\"font-size: 10pt;\">Antibakterielle Klebeschicht<\/span><\/li>\n<li><span style=\"font-size: 10pt;\">Leicht zu reinigen und zu pflegen<\/span><\/li>\n<li><span style=\"font-size: 10pt;\">Hochwertiger Rei\u00dfverschluss<\/span><\/li>\n<\/ul>\n<p><span style=\"font-size: 10pt;\"><strong>Format<br \/><\/strong>S &#8211; 80 x 65 x 15 cm<br \/>M &#8211; 100 x 70 x 15 cm<br \/>L &#8211; 120 x 90 x 15 cm<\/span><\/p>\n<p><strong><a href=\"https:\/\/view.publitas.com\/hofman-animal-care\/madison-friends-brochure\/page\/1\" target=\"_blank\" rel=\"noopener\"><span style=\"font-size: 10pt;\">Klicken Sie hier f\u00fcr die Madison Friends Brosch\u00fcre!\u00a0<\/span><\/a><\/strong><\/p>\n<p><span style=\"font-size: 10pt;\"><img decoding=\"async\" class=\"preview\" style=\"max-width: 100%;\" src=\"..\/..\/..\/imagestream\/stream\/276321\/Quality-Excellent.png\" alt=\"\" \/><img decoding=\"async\" class=\"preview\" style=\"max-width: 100%;\" src=\"..\/..\/..\/imagestream\/stream\/276326\/YKK-Quality-Zipper.png\" alt=\"\" \/><img decoding=\"async\" class=\"preview\" style=\"max-width: 100%;\" src=\"..\/..\/..\/imagestream\/stream\/276319\/Hygiene-Technology.png\" alt=\"\" \/><img decoding=\"async\" class=\"preview\" style=\"max-width: 100%;\" src=\"..\/..\/..\/imagestream\/stream\/276313\/Anti-Bacterial.png\" alt=\"\" \/><img decoding=\"async\" class=\"preview\" style=\"max-width: 100%;\" src=\"..\/..\/..\/imagestream\/stream\/276325\/Water-Repellent.png\" alt=\"\" \/><img decoding=\"async\" class=\"preview\" style=\"max-width: 100%;\" src=\"..\/..\/..\/imagestream\/stream\/276323\/Wash-Advice.png\" alt=\"\" \/><img decoding=\"async\" class=\"preview\" style=\"max-width: 100%;\" src=\"..\/..\/..\/imagestream\/stream\/276324\/Washable-Cover.png\" alt=\"\" \/><\/span><\/p>","protected":false},"excerpt":{"rendered":"<p>Heerlijk kussen van hoge kwaliteit.<\/p>","protected":false},"featured_media":39234,"template":"","meta":{"_acf_changed":false},"product_brand":[],"product_cat":[821,929],"product_tag":[823,1008,2708,2709,2710,904],"class_list":{"0":"post-14272","1":"product","2":"type-product","3":"status-publish","4":"has-post-thumbnail","6":"product_cat-hond","7":"product_cat-kussens-en-transport","8":"product_tag-hond","9":"product_tag-kussens","10":"product_tag-madison","11":"product_tag-madison_manchester","12":"product_tag-madison_manchester_cushion","13":"product_tag-s","14":"tax_brand-madison","16":"first","17":"instock","18":"taxable","19":"shipping-taxable","20":"purchasable","21":"product-type-simple"},"acf":[],"yoast_head":"<!-- This site is optimized with the Yoast SEO plugin v27.4 - https:\/\/yoast.com\/product\/yoast-seo-wordpress\/ -->\n<title>Madison Manchester Lounge Cushion Taupe S - Food4animals<\/title>\n<meta name=\"robots\" content=\"index, follow, max-snippet:-1, max-image-preview:large, max-video-preview:-1\" \/>\n<link rel=\"canonical\" href=\"https:\/\/www.food4animals.nl\/de\/produkt\/madison-manchester-lounge-cushion-taupe-s\/\" \/>\n<meta property=\"og:locale\" content=\"de_DE\" \/>\n<meta property=\"og:type\" content=\"article\" \/>\n<meta property=\"og:title\" content=\"Madison Manchester Lounge Cushion Taupe S - Food4animals\" \/>\n<meta property=\"og:description\" content=\"Heerlijk kussen van hoge kwaliteit.\" \/>\n<meta property=\"og:url\" content=\"https:\/\/www.food4animals.nl\/de\/produkt\/madison-manchester-lounge-cushion-taupe-s\/\" \/>\n<meta property=\"og:site_name\" content=\"Food4animals\" \/>\n<meta property=\"article:publisher\" content=\"https:\/\/www.facebook.com\/p\/Food4animals-100063861676074\/\" \/>\n<meta property=\"article:modified_time\" content=\"2026-05-03T00:28:57+00:00\" \/>\n<meta property=\"og:image\" content=\"https:\/\/www.food4animals.nl\/wp-content\/uploads\/2025\/11\/MADI0111.png\" \/>\n\t<meta property=\"og:image:width\" content=\"980\" \/>\n\t<meta property=\"og:image:height\" content=\"980\" \/>\n\t<meta property=\"og:image:type\" content=\"image\/png\" \/>\n<meta name=\"twitter:card\" content=\"summary_large_image\" \/>\n<meta name=\"twitter:site\" content=\"@food4animals\" \/>\n<meta name=\"twitter:label1\" content=\"Gesch\u00e4tzte Lesezeit\" \/>\n\t<meta name=\"twitter:data1\" content=\"1\u00a0Minute\" \/>\n<script type=\"application\/ld+json\" class=\"yoast-schema-graph\">{\"@context\":\"https:\\\/\\\/schema.org\",\"@graph\":[{\"@type\":\"WebPage\",\"@id\":\"https:\\\/\\\/www.food4animals.nl\\\/product\\\/madison-manchester-lounge-cushion-taupe-s\\\/\",\"url\":\"https:\\\/\\\/www.food4animals.nl\\\/product\\\/madison-manchester-lounge-cushion-taupe-s\\\/\",\"name\":\"Madison Manchester Lounge Cushion Taupe S - Food4animals\",\"isPartOf\":{\"@id\":\"https:\\\/\\\/www.food4animals.nl\\\/en\\\/#website\"},\"primaryImageOfPage\":{\"@id\":\"https:\\\/\\\/www.food4animals.nl\\\/product\\\/madison-manchester-lounge-cushion-taupe-s\\\/#primaryimage\"},\"image\":{\"@id\":\"https:\\\/\\\/www.food4animals.nl\\\/product\\\/madison-manchester-lounge-cushion-taupe-s\\\/#primaryimage\"},\"thumbnailUrl\":\"https:\\\/\\\/www.food4animals.nl\\\/wp-content\\\/uploads\\\/2025\\\/11\\\/MADI0111.png\",\"datePublished\":\"2023-12-13T13:23:59+00:00\",\"dateModified\":\"2026-05-03T00:28:57+00:00\",\"breadcrumb\":{\"@id\":\"https:\\\/\\\/www.food4animals.nl\\\/product\\\/madison-manchester-lounge-cushion-taupe-s\\\/#breadcrumb\"},\"inLanguage\":\"de\",\"potentialAction\":[{\"@type\":\"ReadAction\",\"target\":[\"https:\\\/\\\/www.food4animals.nl\\\/product\\\/madison-manchester-lounge-cushion-taupe-s\\\/\"]}]},{\"@type\":\"ImageObject\",\"inLanguage\":\"de\",\"@id\":\"https:\\\/\\\/www.food4animals.nl\\\/product\\\/madison-manchester-lounge-cushion-taupe-s\\\/#primaryimage\",\"url\":\"https:\\\/\\\/www.food4animals.nl\\\/wp-content\\\/uploads\\\/2025\\\/11\\\/MADI0111.png\",\"contentUrl\":\"https:\\\/\\\/www.food4animals.nl\\\/wp-content\\\/uploads\\\/2025\\\/11\\\/MADI0111.png\",\"width\":980,\"height\":980},{\"@type\":\"BreadcrumbList\",\"@id\":\"https:\\\/\\\/www.food4animals.nl\\\/product\\\/madison-manchester-lounge-cushion-taupe-s\\\/#breadcrumb\",\"itemListElement\":[{\"@type\":\"ListItem\",\"position\":1,\"name\":\"Home\",\"item\":\"https:\\\/\\\/www.food4animals.nl\\\/\"},{\"@type\":\"ListItem\",\"position\":2,\"name\":\"Winkel\",\"item\":\"https:\\\/\\\/www.food4animals.nl\\\/winkel\\\/\"},{\"@type\":\"ListItem\",\"position\":3,\"name\":\"Madison Manchester Lounge Cushion Taupe S\"}]},{\"@type\":\"WebSite\",\"@id\":\"https:\\\/\\\/www.food4animals.nl\\\/en\\\/#website\",\"url\":\"https:\\\/\\\/www.food4animals.nl\\\/en\\\/\",\"name\":\"Food4animals\",\"description\":\"Alles voor Ruiter en Dier\",\"publisher\":{\"@id\":\"https:\\\/\\\/www.food4animals.nl\\\/en\\\/#organization\"},\"potentialAction\":[{\"@type\":\"SearchAction\",\"target\":{\"@type\":\"EntryPoint\",\"urlTemplate\":\"https:\\\/\\\/www.food4animals.nl\\\/en\\\/?s={search_term_string}\"},\"query-input\":{\"@type\":\"PropertyValueSpecification\",\"valueRequired\":true,\"valueName\":\"search_term_string\"}}],\"inLanguage\":\"de\"},{\"@type\":\"Organization\",\"@id\":\"https:\\\/\\\/www.food4animals.nl\\\/en\\\/#organization\",\"name\":\"Food4animals\",\"url\":\"https:\\\/\\\/www.food4animals.nl\\\/en\\\/\",\"logo\":{\"@type\":\"ImageObject\",\"inLanguage\":\"de\",\"@id\":\"https:\\\/\\\/www.food4animals.nl\\\/en\\\/#\\\/schema\\\/logo\\\/image\\\/\",\"url\":\"https:\\\/\\\/www.food4animals.nl\\\/wp-content\\\/uploads\\\/2023\\\/10\\\/Logo.svg\",\"contentUrl\":\"https:\\\/\\\/www.food4animals.nl\\\/wp-content\\\/uploads\\\/2023\\\/10\\\/Logo.svg\",\"width\":1,\"height\":1,\"caption\":\"Food4animals\"},\"image\":{\"@id\":\"https:\\\/\\\/www.food4animals.nl\\\/en\\\/#\\\/schema\\\/logo\\\/image\\\/\"},\"sameAs\":[\"https:\\\/\\\/www.facebook.com\\\/p\\\/Food4animals-100063861676074\\\/\",\"https:\\\/\\\/x.com\\\/food4animals\"]}]}<\/script>\n<!-- \/ Yoast SEO plugin. -->","yoast_head_json":{"title":"Madison Manchester Lounge Cushion Taupe S - Food4animals","robots":{"index":"index","follow":"follow","max-snippet":"max-snippet:-1","max-image-preview":"max-image-preview:large","max-video-preview":"max-video-preview:-1"},"canonical":"https:\/\/www.food4animals.nl\/de\/produkt\/madison-manchester-lounge-cushion-taupe-s\/","og_locale":"de_DE","og_type":"article","og_title":"Madison Manchester Lounge Cushion Taupe S - Food4animals","og_description":"Heerlijk kussen van hoge kwaliteit.","og_url":"https:\/\/www.food4animals.nl\/de\/produkt\/madison-manchester-lounge-cushion-taupe-s\/","og_site_name":"Food4animals","article_publisher":"https:\/\/www.facebook.com\/p\/Food4animals-100063861676074\/","article_modified_time":"2026-05-03T00:28:57+00:00","og_image":[{"width":980,"height":980,"url":"https:\/\/www.food4animals.nl\/wp-content\/uploads\/2025\/11\/MADI0111.png","type":"image\/png"}],"twitter_card":"summary_large_image","twitter_site":"@food4animals","twitter_misc":{"Gesch\u00e4tzte Lesezeit":"1\u00a0Minute"},"schema":{"@context":"https:\/\/schema.org","@graph":[{"@type":"WebPage","@id":"https:\/\/www.food4animals.nl\/product\/madison-manchester-lounge-cushion-taupe-s\/","url":"https:\/\/www.food4animals.nl\/product\/madison-manchester-lounge-cushion-taupe-s\/","name":"Madison Manchester Lounge Cushion Taupe S - Food4animals","isPartOf":{"@id":"https:\/\/www.food4animals.nl\/en\/#website"},"primaryImageOfPage":{"@id":"https:\/\/www.food4animals.nl\/product\/madison-manchester-lounge-cushion-taupe-s\/#primaryimage"},"image":{"@id":"https:\/\/www.food4animals.nl\/product\/madison-manchester-lounge-cushion-taupe-s\/#primaryimage"},"thumbnailUrl":"https:\/\/www.food4animals.nl\/wp-content\/uploads\/2025\/11\/MADI0111.png","datePublished":"2023-12-13T13:23:59+00:00","dateModified":"2026-05-03T00:28:57+00:00","breadcrumb":{"@id":"https:\/\/www.food4animals.nl\/product\/madison-manchester-lounge-cushion-taupe-s\/#breadcrumb"},"inLanguage":"de","potentialAction":[{"@type":"ReadAction","target":["https:\/\/www.food4animals.nl\/product\/madison-manchester-lounge-cushion-taupe-s\/"]}]},{"@type":"ImageObject","inLanguage":"de","@id":"https:\/\/www.food4animals.nl\/product\/madison-manchester-lounge-cushion-taupe-s\/#primaryimage","url":"https:\/\/www.food4animals.nl\/wp-content\/uploads\/2025\/11\/MADI0111.png","contentUrl":"https:\/\/www.food4animals.nl\/wp-content\/uploads\/2025\/11\/MADI0111.png","width":980,"height":980},{"@type":"BreadcrumbList","@id":"https:\/\/www.food4animals.nl\/product\/madison-manchester-lounge-cushion-taupe-s\/#breadcrumb","itemListElement":[{"@type":"ListItem","position":1,"name":"Home","item":"https:\/\/www.food4animals.nl\/"},{"@type":"ListItem","position":2,"name":"Winkel","item":"https:\/\/www.food4animals.nl\/winkel\/"},{"@type":"ListItem","position":3,"name":"Madison Manchester Lounge Cushion Taupe S"}]},{"@type":"WebSite","@id":"https:\/\/www.food4animals.nl\/en\/#website","url":"https:\/\/www.food4animals.nl\/en\/","name":"Lebensmittel4Tiere","description":"Alles f\u00fcr Reiter und Tier","publisher":{"@id":"https:\/\/www.food4animals.nl\/en\/#organization"},"potentialAction":[{"@type":"SearchAction","target":{"@type":"EntryPoint","urlTemplate":"https:\/\/www.food4animals.nl\/en\/?s={search_term_string}"},"query-input":{"@type":"PropertyValueSpecification","valueRequired":true,"valueName":"search_term_string"}}],"inLanguage":"de"},{"@type":"Organization","@id":"https:\/\/www.food4animals.nl\/en\/#organization","name":"Lebensmittel4Tiere","url":"https:\/\/www.food4animals.nl\/en\/","logo":{"@type":"ImageObject","inLanguage":"de","@id":"https:\/\/www.food4animals.nl\/en\/#\/schema\/logo\/image\/","url":"https:\/\/www.food4animals.nl\/wp-content\/uploads\/2023\/10\/Logo.svg","contentUrl":"https:\/\/www.food4animals.nl\/wp-content\/uploads\/2023\/10\/Logo.svg","width":1,"height":1,"caption":"Food4animals"},"image":{"@id":"https:\/\/www.food4animals.nl\/en\/#\/schema\/logo\/image\/"},"sameAs":["https:\/\/www.facebook.com\/p\/Food4animals-100063861676074\/","https:\/\/x.com\/food4animals"]}]}},"_links":{"self":[{"href":"https:\/\/www.food4animals.nl\/de\/wp-json\/wp\/v2\/product\/14272","targetHints":{"allow":["GET"]}}],"collection":[{"href":"https:\/\/www.food4animals.nl\/de\/wp-json\/wp\/v2\/product"}],"about":[{"href":"https:\/\/www.food4animals.nl\/de\/wp-json\/wp\/v2\/types\/product"}],"wp:featuredmedia":[{"embeddable":true,"href":"https:\/\/www.food4animals.nl\/de\/wp-json\/wp\/v2\/media\/39234"}],"wp:attachment":[{"href":"https:\/\/www.food4animals.nl\/de\/wp-json\/wp\/v2\/media?parent=14272"}],"wp:term":[{"taxonomy":"product_brand","embeddable":true,"href":"https:\/\/www.food4animals.nl\/de\/wp-json\/wp\/v2\/product_brand?post=14272"},{"taxonomy":"product_cat","embeddable":true,"href":"https:\/\/www.food4animals.nl\/de\/wp-json\/wp\/v2\/product_cat?post=14272"},{"taxonomy":"product_tag","embeddable":true,"href":"https:\/\/www.food4animals.nl\/de\/wp-json\/wp\/v2\/product_tag?post=14272"}],"curies":[{"name":"wp","href":"https:\/\/api.w.org\/{rel}","templated":true}]}}