{"id":14299,"date":"2023-12-13T13:25:14","date_gmt":"2023-12-13T13:25:14","guid":{"rendered":"https:\/\/food4animals.nl\/product\/madison-manchester-pet-bed-taupe-s\/"},"modified":"2025-08-25T01:48:14","modified_gmt":"2025-08-25T00:48:14","slug":"madison-manchester-haustierbett-taupe-s","status":"publish","type":"product","link":"https:\/\/www.food4animals.nl\/de\/produkt\/madison-manchester-haustierbett-taupe-s\/","title":{"rendered":"Madison Manchester Haustier Bett Taupe S"},"content":{"rendered":"<h2><span style=\"font-size: 10pt;\">Tolles Bett f\u00fcr Hunde und Katzen, die Komfort lieben.\u00a0<br \/><\/span><\/h2>\n<p><span style=\"font-size: 10pt;\">Bei der Entwicklung wurde auf Komfort, Sicherheit und Langlebigkeit geachtet. Dies macht die Manchester von sehr hoher Qualit\u00e4t.\u00a0<br \/>Der Stoff ist eines der besten und st\u00e4rksten gewebten Materialien, hergestellt aus 100% Dralonfasern. Der Bezug ist abnehmbar und zum Waschen geeignet.\u00a0\u00a0<\/span><\/p>\n<p><span style=\"font-size: 10pt;\">Die Konstruktion dieses Bettes besteht aus 4 Elementen. Die erh\u00f6hten Kanten geben dem Tier ein angenehmes, sicheres Gef\u00fchl. <br \/>Die Unterseite des Kissens besteht aus einer Schaumstoffmatratze, auf der die Haustiere bequem liegen k\u00f6nnen. Die Unterseite ist rutschfest, so dass das Kissen nicht verrutscht. Es kommt mit einem sch\u00f6nen weichen Kissen, aus weichem Velours. Ein sch\u00f6ner Ort zum Schlafen und Entspannen.\u00a0<\/span><\/p>\n<p><span style=\"font-size: 10pt;\">Einfacher Zusammenbau: die Schaumstoffkissen in den Bezug legen und mit dem Rei\u00dfverschluss schlie\u00dfen. Wenn Sie das Bett aufsch\u00fctteln, nimmt es seine urspr\u00fcngliche Form wieder an.\u00a0<\/span><\/p>\n<p><span style=\"font-size: 10pt;\">Erh\u00e4ltlich in drei verschiedenen Gr\u00f6\u00dfen und vier trendigen Farben.\u00a0<\/span><\/p>\n<ul>\n<li><span style=\"font-size: 10pt;\">100% Acryl-\/Dralonfasern<\/span><\/li>\n<li><span style=\"font-size: 10pt;\">Luft- und feuchtigkeitsregulierend<\/span><\/li>\n<li><span style=\"font-size: 10pt;\">Antibakterielle Klebeschicht<\/span><\/li>\n<li><span style=\"font-size: 10pt;\">Leicht zu reinigen und zu pflegen<\/span><\/li>\n<li><span style=\"font-size: 10pt;\">Hochwertiger Rei\u00dfverschluss<\/span><\/li>\n<\/ul>\n<p><span style=\"font-size: 10pt;\"><strong>Format<br \/><\/strong>S - 80 x 67 x 22 cm<br \/>M - 100 x 80 x 25 cm<br \/>L - 120 x 95 x 28 cm<\/span><\/p>\n<p><a href=\"https:\/\/view.publitas.com\/hofman-animal-care\/madison-friends-brochure\/page\/1\" target=\"_blank\" rel=\"noopener\"><strong><span style=\"font-size: 10pt;\">Klicken Sie hier f\u00fcr die Madison Friends Brosch\u00fcre!\u00a0<\/span><\/strong><\/a><\/p>\n<p><span style=\"font-size: 10pt;\"><img decoding=\"async\" class=\"preview\" style=\"max-width: 100%;\" src=\"\/imagestream\/stream\/276321\/Quality-Excellent.png\" alt=\"\" \/><img decoding=\"async\" class=\"preview\" style=\"max-width: 100%;\" src=\"\/imagestream\/stream\/276318\/Foam-Mattress.png\" alt=\"\" \/><img loading=\"lazy\" decoding=\"async\" class=\"preview\" style=\"max-width: 100%;\" src=\"\/imagestream\/stream\/276314\/Comfort-Mattress.png\" alt=\"\" width=\"146\" height=\"146\" \/><img decoding=\"async\" class=\"preview\" style=\"max-width: 100%;\" src=\"\/imagestream\/stream\/276326\/YKK-Quality-Zipper.png\" alt=\"\" \/><img decoding=\"async\" class=\"preview\" style=\"max-width: 100%;\" src=\"\/imagestream\/stream\/276316\/Detachable-Cushion.png\" alt=\"\" \/><img decoding=\"async\" class=\"preview\" style=\"max-width: 100%;\" src=\"\/imagestream\/stream\/276323\/Wash-Advice.png\" alt=\"\" \/><img decoding=\"async\" class=\"preview\" style=\"max-width: 100%;\" src=\"\/imagestream\/stream\/276324\/Washable-Cover.png\" alt=\"\" \/><\/span><\/p>","protected":false},"excerpt":{"rendered":"<p>Toller Liegestuhl f\u00fcr Hunde und Katzen.<\/p>","protected":false},"featured_media":0,"template":"","meta":{"_acf_changed":false},"product_brand":[],"product_cat":[821,929],"product_tag":[823,842,1008,2708,2709,2712,904],"class_list":{"0":"post-14299","1":"product","2":"type-product","3":"status-publish","5":"product_cat-hond","6":"product_cat-kussens-en-transport","7":"product_tag-hond","8":"product_tag-kat","9":"product_tag-kussens","10":"product_tag-madison","11":"product_tag-madison_manchester","12":"product_tag-madison_manchester_petbed","13":"product_tag-s","14":"tax_brand-madison","16":"first","17":"outofstock","18":"taxable","19":"shipping-taxable","20":"purchasable","21":"product-type-simple"},"acf":[],"yoast_head":"<!-- This site is optimized with the Yoast SEO plugin v27.4 - https:\/\/yoast.com\/product\/yoast-seo-wordpress\/ -->\n<title>Madison Manchester Pet Bed Taupe S - Food4animals<\/title>\n<meta name=\"robots\" content=\"index, follow, max-snippet:-1, max-image-preview:large, max-video-preview:-1\" \/>\n<link rel=\"canonical\" href=\"https:\/\/www.food4animals.nl\/de\/produkt\/madison-manchester-haustierbett-taupe-s\/\" \/>\n<meta property=\"og:locale\" content=\"de_DE\" \/>\n<meta property=\"og:type\" content=\"article\" \/>\n<meta property=\"og:title\" content=\"Madison Manchester Pet Bed Taupe S - Food4animals\" \/>\n<meta property=\"og:description\" content=\"Geweldig ligbed voor honden en katten.\" \/>\n<meta property=\"og:url\" content=\"https:\/\/www.food4animals.nl\/de\/produkt\/madison-manchester-haustierbett-taupe-s\/\" \/>\n<meta property=\"og:site_name\" content=\"Food4animals\" \/>\n<meta property=\"article:publisher\" content=\"https:\/\/www.facebook.com\/p\/Food4animals-100063861676074\/\" \/>\n<meta property=\"article:modified_time\" content=\"2025-08-25T00:48:14+00:00\" \/>\n<meta name=\"twitter:card\" content=\"summary_large_image\" \/>\n<meta name=\"twitter:site\" content=\"@food4animals\" \/>\n<meta name=\"twitter:label1\" content=\"Gesch\u00e4tzte Lesezeit\" \/>\n\t<meta name=\"twitter:data1\" content=\"1\u00a0Minute\" \/>\n<script type=\"application\/ld+json\" class=\"yoast-schema-graph\">{\"@context\":\"https:\\\/\\\/schema.org\",\"@graph\":[{\"@type\":\"WebPage\",\"@id\":\"https:\\\/\\\/www.food4animals.nl\\\/product\\\/madison-manchester-pet-bed-taupe-s\\\/\",\"url\":\"https:\\\/\\\/www.food4animals.nl\\\/product\\\/madison-manchester-pet-bed-taupe-s\\\/\",\"name\":\"Madison Manchester Pet Bed Taupe S - Food4animals\",\"isPartOf\":{\"@id\":\"https:\\\/\\\/www.food4animals.nl\\\/en\\\/#website\"},\"datePublished\":\"2023-12-13T13:25:14+00:00\",\"dateModified\":\"2025-08-25T00:48:14+00:00\",\"breadcrumb\":{\"@id\":\"https:\\\/\\\/www.food4animals.nl\\\/product\\\/madison-manchester-pet-bed-taupe-s\\\/#breadcrumb\"},\"inLanguage\":\"de\",\"potentialAction\":[{\"@type\":\"ReadAction\",\"target\":[\"https:\\\/\\\/www.food4animals.nl\\\/product\\\/madison-manchester-pet-bed-taupe-s\\\/\"]}]},{\"@type\":\"BreadcrumbList\",\"@id\":\"https:\\\/\\\/www.food4animals.nl\\\/product\\\/madison-manchester-pet-bed-taupe-s\\\/#breadcrumb\",\"itemListElement\":[{\"@type\":\"ListItem\",\"position\":1,\"name\":\"Home\",\"item\":\"https:\\\/\\\/www.food4animals.nl\\\/\"},{\"@type\":\"ListItem\",\"position\":2,\"name\":\"Winkel\",\"item\":\"https:\\\/\\\/www.food4animals.nl\\\/winkel\\\/\"},{\"@type\":\"ListItem\",\"position\":3,\"name\":\"Madison Manchester Pet Bed Taupe S\"}]},{\"@type\":\"WebSite\",\"@id\":\"https:\\\/\\\/www.food4animals.nl\\\/en\\\/#website\",\"url\":\"https:\\\/\\\/www.food4animals.nl\\\/en\\\/\",\"name\":\"Food4animals\",\"description\":\"Alles voor Ruiter en Dier\",\"publisher\":{\"@id\":\"https:\\\/\\\/www.food4animals.nl\\\/en\\\/#organization\"},\"potentialAction\":[{\"@type\":\"SearchAction\",\"target\":{\"@type\":\"EntryPoint\",\"urlTemplate\":\"https:\\\/\\\/www.food4animals.nl\\\/en\\\/?s={search_term_string}\"},\"query-input\":{\"@type\":\"PropertyValueSpecification\",\"valueRequired\":true,\"valueName\":\"search_term_string\"}}],\"inLanguage\":\"de\"},{\"@type\":\"Organization\",\"@id\":\"https:\\\/\\\/www.food4animals.nl\\\/en\\\/#organization\",\"name\":\"Food4animals\",\"url\":\"https:\\\/\\\/www.food4animals.nl\\\/en\\\/\",\"logo\":{\"@type\":\"ImageObject\",\"inLanguage\":\"de\",\"@id\":\"https:\\\/\\\/www.food4animals.nl\\\/en\\\/#\\\/schema\\\/logo\\\/image\\\/\",\"url\":\"https:\\\/\\\/www.food4animals.nl\\\/wp-content\\\/uploads\\\/2023\\\/10\\\/Logo.svg\",\"contentUrl\":\"https:\\\/\\\/www.food4animals.nl\\\/wp-content\\\/uploads\\\/2023\\\/10\\\/Logo.svg\",\"width\":1,\"height\":1,\"caption\":\"Food4animals\"},\"image\":{\"@id\":\"https:\\\/\\\/www.food4animals.nl\\\/en\\\/#\\\/schema\\\/logo\\\/image\\\/\"},\"sameAs\":[\"https:\\\/\\\/www.facebook.com\\\/p\\\/Food4animals-100063861676074\\\/\",\"https:\\\/\\\/x.com\\\/food4animals\"]}]}<\/script>\n<!-- \/ Yoast SEO plugin. -->","yoast_head_json":{"title":"Madison Manchester Haustierbett Taupe S - Food4animals","robots":{"index":"index","follow":"follow","max-snippet":"max-snippet:-1","max-image-preview":"max-image-preview:large","max-video-preview":"max-video-preview:-1"},"canonical":"https:\/\/www.food4animals.nl\/de\/produkt\/madison-manchester-haustierbett-taupe-s\/","og_locale":"de_DE","og_type":"article","og_title":"Madison Manchester Pet Bed Taupe S - Food4animals","og_description":"Geweldig ligbed voor honden en katten.","og_url":"https:\/\/www.food4animals.nl\/de\/produkt\/madison-manchester-haustierbett-taupe-s\/","og_site_name":"Food4animals","article_publisher":"https:\/\/www.facebook.com\/p\/Food4animals-100063861676074\/","article_modified_time":"2025-08-25T00:48:14+00:00","twitter_card":"summary_large_image","twitter_site":"@food4animals","twitter_misc":{"Gesch\u00e4tzte Lesezeit":"1\u00a0Minute"},"schema":{"@context":"https:\/\/schema.org","@graph":[{"@type":"WebPage","@id":"https:\/\/www.food4animals.nl\/product\/madison-manchester-pet-bed-taupe-s\/","url":"https:\/\/www.food4animals.nl\/product\/madison-manchester-pet-bed-taupe-s\/","name":"Madison Manchester Haustierbett Taupe S - Food4animals","isPartOf":{"@id":"https:\/\/www.food4animals.nl\/en\/#website"},"datePublished":"2023-12-13T13:25:14+00:00","dateModified":"2025-08-25T00:48:14+00:00","breadcrumb":{"@id":"https:\/\/www.food4animals.nl\/product\/madison-manchester-pet-bed-taupe-s\/#breadcrumb"},"inLanguage":"de","potentialAction":[{"@type":"ReadAction","target":["https:\/\/www.food4animals.nl\/product\/madison-manchester-pet-bed-taupe-s\/"]}]},{"@type":"BreadcrumbList","@id":"https:\/\/www.food4animals.nl\/product\/madison-manchester-pet-bed-taupe-s\/#breadcrumb","itemListElement":[{"@type":"ListItem","position":1,"name":"Home","item":"https:\/\/www.food4animals.nl\/"},{"@type":"ListItem","position":2,"name":"Winkel","item":"https:\/\/www.food4animals.nl\/winkel\/"},{"@type":"ListItem","position":3,"name":"Madison Manchester Pet Bed Taupe S"}]},{"@type":"WebSite","@id":"https:\/\/www.food4animals.nl\/en\/#website","url":"https:\/\/www.food4animals.nl\/en\/","name":"Lebensmittel4Tiere","description":"Alles f\u00fcr Reiter und Tier","publisher":{"@id":"https:\/\/www.food4animals.nl\/en\/#organization"},"potentialAction":[{"@type":"SearchAction","target":{"@type":"EntryPoint","urlTemplate":"https:\/\/www.food4animals.nl\/en\/?s={search_term_string}"},"query-input":{"@type":"PropertyValueSpecification","valueRequired":true,"valueName":"search_term_string"}}],"inLanguage":"de"},{"@type":"Organization","@id":"https:\/\/www.food4animals.nl\/en\/#organization","name":"Lebensmittel4Tiere","url":"https:\/\/www.food4animals.nl\/en\/","logo":{"@type":"ImageObject","inLanguage":"de","@id":"https:\/\/www.food4animals.nl\/en\/#\/schema\/logo\/image\/","url":"https:\/\/www.food4animals.nl\/wp-content\/uploads\/2023\/10\/Logo.svg","contentUrl":"https:\/\/www.food4animals.nl\/wp-content\/uploads\/2023\/10\/Logo.svg","width":1,"height":1,"caption":"Food4animals"},"image":{"@id":"https:\/\/www.food4animals.nl\/en\/#\/schema\/logo\/image\/"},"sameAs":["https:\/\/www.facebook.com\/p\/Food4animals-100063861676074\/","https:\/\/x.com\/food4animals"]}]}},"_links":{"self":[{"href":"https:\/\/www.food4animals.nl\/de\/wp-json\/wp\/v2\/product\/14299","targetHints":{"allow":["GET"]}}],"collection":[{"href":"https:\/\/www.food4animals.nl\/de\/wp-json\/wp\/v2\/product"}],"about":[{"href":"https:\/\/www.food4animals.nl\/de\/wp-json\/wp\/v2\/types\/product"}],"wp:attachment":[{"href":"https:\/\/www.food4animals.nl\/de\/wp-json\/wp\/v2\/media?parent=14299"}],"wp:term":[{"taxonomy":"product_brand","embeddable":true,"href":"https:\/\/www.food4animals.nl\/de\/wp-json\/wp\/v2\/product_brand?post=14299"},{"taxonomy":"product_cat","embeddable":true,"href":"https:\/\/www.food4animals.nl\/de\/wp-json\/wp\/v2\/product_cat?post=14299"},{"taxonomy":"product_tag","embeddable":true,"href":"https:\/\/www.food4animals.nl\/de\/wp-json\/wp\/v2\/product_tag?post=14299"}],"curies":[{"name":"wp","href":"https:\/\/api.w.org\/{rel}","templated":true}]}}