{"id":14540,"date":"2023-12-13T13:37:12","date_gmt":"2023-12-13T13:37:12","guid":{"rendered":"https:\/\/food4animals.nl\/product\/mammicurine-880-50-injectoren-reg-nl-h-vrij\/"},"modified":"2026-04-28T01:28:04","modified_gmt":"2026-04-28T00:28:04","slug":"mammicurin-880-50-injektoren-reg-en-h-frei","status":"publish","type":"product","link":"https:\/\/www.food4animals.nl\/de\/produkt\/mammicurin-880-50-injektoren-reg-en-h-frei\/","title":{"rendered":"Mammicurin 880 (50 Injektoren) REG DE H FREE"},"content":{"rendered":"<h2><span style=\"font-size: 10pt;\"><strong>Mammicurin 880<\/strong><\/span><\/h2>\n<p><span style=\"font-size: 10pt;\">Hom\u00f6opathisches Tierarzneimittel. Injektor zur intramamm\u00e4ren Anwendung.<\/span><\/p>\n<p><span style=\"font-size: 10pt;\"><strong>Zielarten<br \/><\/strong><\/span><span style=\"font-size: 10pt;\">Rindfleisch, Hammel und Ziege.<\/span><\/p>\n<p><span style=\"font-size: 10pt;\"><strong>Aktive Bestandteile<br \/><\/strong><\/span><span style=\"font-size: 10pt;\">Pro 10-Gramm-Injektor:<br \/><\/span><span style=\"font-size: 10pt;\">Ringelblume officinales 1 DH 0,25 ml<br \/><\/span><span style=\"font-size: 10pt;\">Echinacea angustifolia 4 CH 0,04 ml<br \/><\/span><span style=\"font-size: 10pt;\">Phytolacca decandra 2 DH 0,25 ml<\/span><\/p>\n<p><span style=\"font-size: 10pt;\">Hilfsstoff mit bekannter Wirkung: Ethanol 96% (v\/v).<\/span><\/p>\n<p><span style=\"font-size: 10pt;\"><strong>Anzeige<br \/><\/strong><\/span><span style=\"font-size: 10pt;\">Traditionelles hom\u00f6opathisches Tierarzneimittel zur Unterst\u00fctzung der Wiederherstellung der Euterfunktion bei K\u00fchen, Schafen und Ziegen.<\/span><\/p>\n<p><span style=\"font-size: 10pt;\"><strong>Dosierung und Verabreichung<br \/><\/strong><\/span><span style=\"font-size: 10pt;\">Zur intramamm\u00e4ren Verabreichung.<br \/><\/span><span style=\"font-size: 10pt;\">1 Injektion von 10 Gramm pro Quartal, zweimal t\u00e4glich f\u00fcr 3 bis 5 Tage.<br \/><\/span><span style=\"font-size: 10pt;\">Vor der Anwendung dieses hom\u00f6opathischen Tierarzneimittels muss das Viertel vollst\u00e4ndig leer gemolken und der Bereich um die Zitzen\u00f6ffnung desinfiziert werden.<\/span><\/p>\n<p><span style=\"font-size: 10pt;\"><strong>Wartezeit<br \/><\/strong><\/span><span style=\"font-size: 10pt;\">Null Tage.<br \/><\/span><span style=\"font-size: 10pt;\">W\u00e4hrend der Medikation keine Milch aus behandelten Quartieren abgeben<\/span><\/p>\n<p><span style=\"font-size: 10pt;\"><strong>Besondere Warnhinweise<br \/><\/strong><\/span><span style=\"font-size: 10pt;\">Lesen Sie vor der Anwendung die Packungsbeilage.<\/span><\/p>\n<p><span style=\"font-size: 10pt;\">REG <a href=\"https:\/\/www.diergeneesmiddeleninformatiebank.nl\/ords\/f?p=111:3::ALLRVH:NO::P0_DOMAIN,P0_LANG,P3_RVG1:V,NL,120295\" target=\"_blank\" rel=\"noopener\">DE H 120295<\/a> <\/span><\/p>\n<p><span style=\"font-size: 10pt;\">Nur f\u00fcr den tier\u00e4rztlichen Gebrauch - KOSTENLOS<\/span><\/p>\n<p>\u00a0<\/p>\n<a href=\"https:\/\/www.cbg-meb.nl\/onderwerpen\/bd-internethandel-diergeneesmiddelen\" target=\"_blank\" rel=\"noopener\"><img decoding=\"async\" class=\"preview\" style=\"max-width: 90px; float: right;\" src=\"\/imagestream\/stream\/279197\/2209-logo-internethandel.jpg\" alt=\"\" \/><\/a>","protected":false},"excerpt":{"rendered":"<p>Hom\u00f6opathisches Tierarzneimittel gegen Mastitis.<\/p>","protected":false},"featured_media":39285,"template":"","meta":{"_acf_changed":false},"product_brand":[],"product_cat":[834,835],"product_tag":[1543,2722,1658,814,839],"class_list":{"0":"post-14540","1":"product","2":"type-product","3":"status-publish","4":"has-post-thumbnail","6":"product_cat-rund","7":"product_cat-uierverzorging","8":"product_tag-droogzetten","9":"product_tag-mammicurine","10":"product_tag-ontsteking","11":"product_tag-rund","12":"product_tag-schaap-en-geit","13":"tax_brand-veeservice-idac-b-v","15":"first","16":"instock","17":"taxable","18":"shipping-taxable","19":"purchasable","20":"product-type-simple"},"acf":[],"yoast_head":"<!-- This site is optimized with the Yoast SEO plugin v27.4 - https:\/\/yoast.com\/product\/yoast-seo-wordpress\/ -->\n<title>Mammicurine 880 (50 injectoren) REG NL H VRIJ - Food4animals<\/title>\n<meta name=\"robots\" content=\"index, follow, max-snippet:-1, max-image-preview:large, max-video-preview:-1\" \/>\n<link rel=\"canonical\" href=\"https:\/\/www.food4animals.nl\/de\/produkt\/mammicurin-880-50-injektoren-reg-en-h-frei\/\" \/>\n<meta property=\"og:locale\" content=\"de_DE\" \/>\n<meta property=\"og:type\" content=\"article\" \/>\n<meta property=\"og:title\" content=\"Mammicurine 880 (50 injectoren) REG NL H VRIJ - Food4animals\" \/>\n<meta property=\"og:description\" content=\"Homeopatisch diergeneesmiddel tegen mastitis.\" \/>\n<meta property=\"og:url\" content=\"https:\/\/www.food4animals.nl\/de\/produkt\/mammicurin-880-50-injektoren-reg-en-h-frei\/\" \/>\n<meta property=\"og:site_name\" content=\"Food4animals\" \/>\n<meta property=\"article:publisher\" content=\"https:\/\/www.facebook.com\/p\/Food4animals-100063861676074\/\" \/>\n<meta property=\"article:modified_time\" content=\"2026-04-28T00:28:04+00:00\" \/>\n<meta property=\"og:image\" content=\"https:\/\/www.food4animals.nl\/wp-content\/uploads\/2025\/11\/MAMM050.png\" \/>\n\t<meta property=\"og:image:width\" content=\"762\" \/>\n\t<meta property=\"og:image:height\" content=\"981\" \/>\n\t<meta property=\"og:image:type\" content=\"image\/png\" \/>\n<meta name=\"twitter:card\" content=\"summary_large_image\" \/>\n<meta name=\"twitter:site\" content=\"@food4animals\" \/>\n<meta name=\"twitter:label1\" content=\"Gesch\u00e4tzte Lesezeit\" \/>\n\t<meta name=\"twitter:data1\" content=\"1\u00a0Minute\" \/>\n<script type=\"application\/ld+json\" class=\"yoast-schema-graph\">{\"@context\":\"https:\\\/\\\/schema.org\",\"@graph\":[{\"@type\":\"WebPage\",\"@id\":\"https:\\\/\\\/www.food4animals.nl\\\/product\\\/mammicurine-880-50-injectoren-reg-nl-h-vrij\\\/\",\"url\":\"https:\\\/\\\/www.food4animals.nl\\\/product\\\/mammicurine-880-50-injectoren-reg-nl-h-vrij\\\/\",\"name\":\"Mammicurine 880 (50 injectoren) REG NL H VRIJ - Food4animals\",\"isPartOf\":{\"@id\":\"https:\\\/\\\/www.food4animals.nl\\\/en\\\/#website\"},\"primaryImageOfPage\":{\"@id\":\"https:\\\/\\\/www.food4animals.nl\\\/product\\\/mammicurine-880-50-injectoren-reg-nl-h-vrij\\\/#primaryimage\"},\"image\":{\"@id\":\"https:\\\/\\\/www.food4animals.nl\\\/product\\\/mammicurine-880-50-injectoren-reg-nl-h-vrij\\\/#primaryimage\"},\"thumbnailUrl\":\"https:\\\/\\\/www.food4animals.nl\\\/wp-content\\\/uploads\\\/2025\\\/11\\\/MAMM050.png\",\"datePublished\":\"2023-12-13T13:37:12+00:00\",\"dateModified\":\"2026-04-28T00:28:04+00:00\",\"breadcrumb\":{\"@id\":\"https:\\\/\\\/www.food4animals.nl\\\/product\\\/mammicurine-880-50-injectoren-reg-nl-h-vrij\\\/#breadcrumb\"},\"inLanguage\":\"de\",\"potentialAction\":[{\"@type\":\"ReadAction\",\"target\":[\"https:\\\/\\\/www.food4animals.nl\\\/product\\\/mammicurine-880-50-injectoren-reg-nl-h-vrij\\\/\"]}]},{\"@type\":\"ImageObject\",\"inLanguage\":\"de\",\"@id\":\"https:\\\/\\\/www.food4animals.nl\\\/product\\\/mammicurine-880-50-injectoren-reg-nl-h-vrij\\\/#primaryimage\",\"url\":\"https:\\\/\\\/www.food4animals.nl\\\/wp-content\\\/uploads\\\/2025\\\/11\\\/MAMM050.png\",\"contentUrl\":\"https:\\\/\\\/www.food4animals.nl\\\/wp-content\\\/uploads\\\/2025\\\/11\\\/MAMM050.png\",\"width\":762,\"height\":981},{\"@type\":\"BreadcrumbList\",\"@id\":\"https:\\\/\\\/www.food4animals.nl\\\/product\\\/mammicurine-880-50-injectoren-reg-nl-h-vrij\\\/#breadcrumb\",\"itemListElement\":[{\"@type\":\"ListItem\",\"position\":1,\"name\":\"Home\",\"item\":\"https:\\\/\\\/www.food4animals.nl\\\/\"},{\"@type\":\"ListItem\",\"position\":2,\"name\":\"Winkel\",\"item\":\"https:\\\/\\\/www.food4animals.nl\\\/winkel\\\/\"},{\"@type\":\"ListItem\",\"position\":3,\"name\":\"Mammicurine 880 (50 injectoren) REG NL H VRIJ\"}]},{\"@type\":\"WebSite\",\"@id\":\"https:\\\/\\\/www.food4animals.nl\\\/en\\\/#website\",\"url\":\"https:\\\/\\\/www.food4animals.nl\\\/en\\\/\",\"name\":\"Food4animals\",\"description\":\"Alles voor Ruiter en Dier\",\"publisher\":{\"@id\":\"https:\\\/\\\/www.food4animals.nl\\\/en\\\/#organization\"},\"potentialAction\":[{\"@type\":\"SearchAction\",\"target\":{\"@type\":\"EntryPoint\",\"urlTemplate\":\"https:\\\/\\\/www.food4animals.nl\\\/en\\\/?s={search_term_string}\"},\"query-input\":{\"@type\":\"PropertyValueSpecification\",\"valueRequired\":true,\"valueName\":\"search_term_string\"}}],\"inLanguage\":\"de\"},{\"@type\":\"Organization\",\"@id\":\"https:\\\/\\\/www.food4animals.nl\\\/en\\\/#organization\",\"name\":\"Food4animals\",\"url\":\"https:\\\/\\\/www.food4animals.nl\\\/en\\\/\",\"logo\":{\"@type\":\"ImageObject\",\"inLanguage\":\"de\",\"@id\":\"https:\\\/\\\/www.food4animals.nl\\\/en\\\/#\\\/schema\\\/logo\\\/image\\\/\",\"url\":\"https:\\\/\\\/www.food4animals.nl\\\/wp-content\\\/uploads\\\/2023\\\/10\\\/Logo.svg\",\"contentUrl\":\"https:\\\/\\\/www.food4animals.nl\\\/wp-content\\\/uploads\\\/2023\\\/10\\\/Logo.svg\",\"width\":1,\"height\":1,\"caption\":\"Food4animals\"},\"image\":{\"@id\":\"https:\\\/\\\/www.food4animals.nl\\\/en\\\/#\\\/schema\\\/logo\\\/image\\\/\"},\"sameAs\":[\"https:\\\/\\\/www.facebook.com\\\/p\\\/Food4animals-100063861676074\\\/\",\"https:\\\/\\\/x.com\\\/food4animals\"]}]}<\/script>\n<!-- \/ Yoast SEO plugin. -->","yoast_head_json":{"title":"Mammicurin 880 (50 Injektoren) REG DE H FREE - Food4animals","robots":{"index":"index","follow":"follow","max-snippet":"max-snippet:-1","max-image-preview":"max-image-preview:large","max-video-preview":"max-video-preview:-1"},"canonical":"https:\/\/www.food4animals.nl\/de\/produkt\/mammicurin-880-50-injektoren-reg-en-h-frei\/","og_locale":"de_DE","og_type":"article","og_title":"Mammicurine 880 (50 injectoren) REG NL H VRIJ - Food4animals","og_description":"Homeopatisch diergeneesmiddel tegen mastitis.","og_url":"https:\/\/www.food4animals.nl\/de\/produkt\/mammicurin-880-50-injektoren-reg-en-h-frei\/","og_site_name":"Food4animals","article_publisher":"https:\/\/www.facebook.com\/p\/Food4animals-100063861676074\/","article_modified_time":"2026-04-28T00:28:04+00:00","og_image":[{"width":762,"height":981,"url":"https:\/\/www.food4animals.nl\/wp-content\/uploads\/2025\/11\/MAMM050.png","type":"image\/png"}],"twitter_card":"summary_large_image","twitter_site":"@food4animals","twitter_misc":{"Gesch\u00e4tzte Lesezeit":"1\u00a0Minute"},"schema":{"@context":"https:\/\/schema.org","@graph":[{"@type":"WebPage","@id":"https:\/\/www.food4animals.nl\/product\/mammicurine-880-50-injectoren-reg-nl-h-vrij\/","url":"https:\/\/www.food4animals.nl\/product\/mammicurine-880-50-injectoren-reg-nl-h-vrij\/","name":"Mammicurin 880 (50 Injektoren) REG DE H FREE - Food4animals","isPartOf":{"@id":"https:\/\/www.food4animals.nl\/en\/#website"},"primaryImageOfPage":{"@id":"https:\/\/www.food4animals.nl\/product\/mammicurine-880-50-injectoren-reg-nl-h-vrij\/#primaryimage"},"image":{"@id":"https:\/\/www.food4animals.nl\/product\/mammicurine-880-50-injectoren-reg-nl-h-vrij\/#primaryimage"},"thumbnailUrl":"https:\/\/www.food4animals.nl\/wp-content\/uploads\/2025\/11\/MAMM050.png","datePublished":"2023-12-13T13:37:12+00:00","dateModified":"2026-04-28T00:28:04+00:00","breadcrumb":{"@id":"https:\/\/www.food4animals.nl\/product\/mammicurine-880-50-injectoren-reg-nl-h-vrij\/#breadcrumb"},"inLanguage":"de","potentialAction":[{"@type":"ReadAction","target":["https:\/\/www.food4animals.nl\/product\/mammicurine-880-50-injectoren-reg-nl-h-vrij\/"]}]},{"@type":"ImageObject","inLanguage":"de","@id":"https:\/\/www.food4animals.nl\/product\/mammicurine-880-50-injectoren-reg-nl-h-vrij\/#primaryimage","url":"https:\/\/www.food4animals.nl\/wp-content\/uploads\/2025\/11\/MAMM050.png","contentUrl":"https:\/\/www.food4animals.nl\/wp-content\/uploads\/2025\/11\/MAMM050.png","width":762,"height":981},{"@type":"BreadcrumbList","@id":"https:\/\/www.food4animals.nl\/product\/mammicurine-880-50-injectoren-reg-nl-h-vrij\/#breadcrumb","itemListElement":[{"@type":"ListItem","position":1,"name":"Home","item":"https:\/\/www.food4animals.nl\/"},{"@type":"ListItem","position":2,"name":"Winkel","item":"https:\/\/www.food4animals.nl\/winkel\/"},{"@type":"ListItem","position":3,"name":"Mammicurine 880 (50 injectoren) REG NL H VRIJ"}]},{"@type":"WebSite","@id":"https:\/\/www.food4animals.nl\/en\/#website","url":"https:\/\/www.food4animals.nl\/en\/","name":"Lebensmittel4Tiere","description":"Alles f\u00fcr Reiter und Tier","publisher":{"@id":"https:\/\/www.food4animals.nl\/en\/#organization"},"potentialAction":[{"@type":"SearchAction","target":{"@type":"EntryPoint","urlTemplate":"https:\/\/www.food4animals.nl\/en\/?s={search_term_string}"},"query-input":{"@type":"PropertyValueSpecification","valueRequired":true,"valueName":"search_term_string"}}],"inLanguage":"de"},{"@type":"Organization","@id":"https:\/\/www.food4animals.nl\/en\/#organization","name":"Lebensmittel4Tiere","url":"https:\/\/www.food4animals.nl\/en\/","logo":{"@type":"ImageObject","inLanguage":"de","@id":"https:\/\/www.food4animals.nl\/en\/#\/schema\/logo\/image\/","url":"https:\/\/www.food4animals.nl\/wp-content\/uploads\/2023\/10\/Logo.svg","contentUrl":"https:\/\/www.food4animals.nl\/wp-content\/uploads\/2023\/10\/Logo.svg","width":1,"height":1,"caption":"Food4animals"},"image":{"@id":"https:\/\/www.food4animals.nl\/en\/#\/schema\/logo\/image\/"},"sameAs":["https:\/\/www.facebook.com\/p\/Food4animals-100063861676074\/","https:\/\/x.com\/food4animals"]}]}},"_links":{"self":[{"href":"https:\/\/www.food4animals.nl\/de\/wp-json\/wp\/v2\/product\/14540","targetHints":{"allow":["GET"]}}],"collection":[{"href":"https:\/\/www.food4animals.nl\/de\/wp-json\/wp\/v2\/product"}],"about":[{"href":"https:\/\/www.food4animals.nl\/de\/wp-json\/wp\/v2\/types\/product"}],"wp:featuredmedia":[{"embeddable":true,"href":"https:\/\/www.food4animals.nl\/de\/wp-json\/wp\/v2\/media\/39285"}],"wp:attachment":[{"href":"https:\/\/www.food4animals.nl\/de\/wp-json\/wp\/v2\/media?parent=14540"}],"wp:term":[{"taxonomy":"product_brand","embeddable":true,"href":"https:\/\/www.food4animals.nl\/de\/wp-json\/wp\/v2\/product_brand?post=14540"},{"taxonomy":"product_cat","embeddable":true,"href":"https:\/\/www.food4animals.nl\/de\/wp-json\/wp\/v2\/product_cat?post=14540"},{"taxonomy":"product_tag","embeddable":true,"href":"https:\/\/www.food4animals.nl\/de\/wp-json\/wp\/v2\/product_tag?post=14540"}],"curies":[{"name":"wp","href":"https:\/\/api.w.org\/{rel}","templated":true}]}}