{"id":14609,"date":"2023-12-13T13:40:44","date_gmt":"2023-12-13T13:40:44","guid":{"rendered":"https:\/\/food4animals.nl\/product\/maxforce-platin-papiervis-kakkerlak-gel\/"},"modified":"2026-05-15T17:53:19","modified_gmt":"2026-05-15T16:53:19","slug":"maxforce-platinfisch-schaben-gel","status":"publish","type":"product","link":"https:\/\/www.food4animals.nl\/de\/produkt\/maxforce-platinfisch-schaben-gel\/","title":{"rendered":"Maxforce Platin Papierfisch\/Schabe Gel"},"content":{"rendered":"<p><strong><span style=\"font-size: 10pt;\">Maxforce Platin, das erste und einzige gebrauchsfertige Gel zur Bek\u00e4mpfung von Papierfischen auf der Basis des Wirkstoffs Clothianidin.\u00a0<\/span><\/strong><span style=\"font-size: 10pt;\"><br \/>\nAuch zur Bek\u00e4mpfung von Kakerlaken.<\/span><\/p>\n<p><span style=\"font-size: 10pt;\">Eine aktualisierte Nahrungsmatrix macht das Gel f\u00fcr Papierfische und Kakerlaken sehr attraktiv. Ausgestattet mit einem zus\u00e4tzlichen Nahrungsstimulans, verpackt in blauer Perlentechnologie, die dieses Nahrungsstimulans nach und nach freisetzt. Die mikroskopisch kleinen blauen Perlen verl\u00e4ngern die Wirkungsdauer von Maxforce Platin.<\/span><\/p>\n<p><span style=\"font-size: 10pt;\">Die einzigartige Gelformulierung sorgt daf\u00fcr, dass die Au\u00dfenseite der Tropfen f\u00fcr die Nagebed\u00fcrfnisse der Papierfische attraktiv ist.<\/span><\/p>\n<p><span style=\"font-size: 10pt;\"><strong>Vorteile<\/strong><\/span><\/p>\n<ul>\n<li><span style=\"font-size: 10pt;\">Hochwirksam gegen Papierfische und Schaben<\/span><\/li>\n<li><span style=\"font-size: 10pt;\">Dezentes Wei\u00df<\/span><\/li>\n<li><span style=\"font-size: 10pt;\">Leicht zu dosieren<\/span><\/li>\n<\/ul>\n<p><span style=\"font-size: 10pt;\"><strong>Anwendungen<br \/>\n<\/strong><\/span><span style=\"font-size: 10pt;\">Maxforce Platin kann in Wohn- und Gesch\u00e4ftsr\u00e4umen sowie in der Kleintierhaltung eingesetzt werden (nur Geb\u00e4ude, Lebensmittelverarbeitungs- und Lagerr\u00e4ume, ausgenommen St\u00e4lle, Tiergehege und K\u00e4fige mit Tieren).<\/span><\/p>\n<p><span style=\"font-size: 10pt;\"><strong>Anwendung und Sicherheit<br \/>\n<\/strong><\/span><span style=\"font-size: 10pt;\">Tragen Sie Maxforce Platin als Tropfen oder d\u00fcnne Linien auf die Oberfl\u00e4chen in den definierten Zielbereichen auf. Es kann in Ecken, Fugen und Ritzen und versteckten R\u00e4umen angewendet werden. Dosieren Sie je nach Art und Gr\u00f6\u00dfe des Befalls.<\/span><\/p>\n<p><span style=\"font-size: 10pt;\">Maxforce Platin-Kartuschen sollten mit geeigneten Pistolen (<a href=\"..\/..\/..\/product\/14865-pistool-voor-gel-maxforceimidasectgoliath\" target=\"_blank\" rel=\"noopener\">PIST0075<\/a> oder <a href=\"..\/..\/..\/product\/17405-pistool-voor-gel-maxforceimidasectgoliath\" target=\"_blank\" rel=\"noopener\">PIST0077<\/a>).<\/span><\/p>\n<p><span style=\"font-size: 10pt;\"><strong>Dosierung<br \/>\n<\/strong><\/span><span style=\"font-size: 10pt;\"><u>Zur Bek\u00e4mpfung von Papierfischen:<br \/>\n<\/u><\/span><span style=\"font-size: 10pt;\">20 Tropfen mit einem Durchmesser von 3 mm oder 65 Tropfen mit einem Durchmesser von 2 mm.<\/span><\/p>\n<p><span style=\"font-size: 10pt;\"><u>Zur Bek\u00e4mpfung von Schaben bei geringem Befall:<br \/>\n<\/u><\/span><span style=\"font-size: 10pt;\">Deutsche Schabe: 1 Tropfen pro m2 oder eine Linie in der Gr\u00f6\u00dfe von 1 Tropfen.<\/span><\/p>\n<p><span style=\"font-size: 10pt;\">Orientalische oder amerikanische Schaben: 2 Tropfen pro m2 oder eine Linie in der Gr\u00f6\u00dfe von 2 Tropfen.<\/span><\/p>\n<p><span style=\"font-size: 10pt;\"><u>Zur Bek\u00e4mpfung von Schaben bei hohem Befallsgrad:<br \/>\n<\/u><\/span><span style=\"font-size: 10pt;\">Deutsche Schabe: 2 Tropfen pro m2 oder eine Linie von der Gr\u00f6\u00dfe von 2 Tropfen.<\/span><\/p>\n<p><span style=\"font-size: 10pt;\">Orientalische oder amerikanische Schaben: 3 Tropfen pro m2 oder eine Linie in der Gr\u00f6\u00dfe von 3 Tropfen.<\/span><\/p>\n<p><span style=\"font-size: 10pt;\">Ein Tropfen = 0,1 g (+\/- 7 mm Durchmesser)<\/span><\/p>\n<p><span style=\"font-size: 10pt;\"><strong>Wirkstoff<\/strong><br \/>\nClothianidin 1,026%.<\/span><\/p>\n<p><span style=\"font-size: 10pt;\"><strong>Zulassung<br \/>\n<\/strong><\/span><span style=\"font-size: 10pt;\">Zulassungsnummer: <a href=\"https:\/\/toelatingen.ctgb.nl\/nl\/authorisations\/16595\" target=\"_blank\" rel=\"noopener\">NL-0020305-0000<\/a><\/span><\/p>\n<p><span style=\"font-size: 10pt;\">Verwenden Sie Maxforce Platin sicher. Vor Gebrauch stets Kennzeichnung und Produktinformation lesen! F\u00fcr Anwendung und Gebrauch siehe die <a href=\"https:\/\/ctgb-prd.s3.eu-central-1.amazonaws.com\/7a6e40222cd058e411edb0401f5fa545_20161585_juiste+versie+spc+Maxforce+Platin+NL+nl+202003111557+WGGA.pdf\" target=\"_blank\" rel=\"noopener\">rechtliche Hinweise\/Benutzerhandbuch.<\/a><\/span><\/p>\n<p><strong><span style=\"font-size: 10pt;\">Inhalt<br \/>\n<\/span><\/strong><span style=\"font-size: 10pt;\">30 g<\/span><\/p>","protected":false},"excerpt":{"rendered":"<p>Sehr attraktiv f\u00fcr Papierfische und Kakerlaken.<\/p>","protected":false},"featured_media":29466,"template":"","meta":{"_acf_changed":false},"product_brand":[],"product_cat":[1196,2461],"product_tag":[1720,874,1686,1687],"class_list":{"0":"post-14609","1":"product","2":"type-product","3":"status-publish","4":"has-post-thumbnail","6":"product_cat-ongedierte","7":"product_cat-zilvervis-en-papiervis","8":"product_tag-bayer","9":"product_tag-envu","10":"product_tag-kakkerlak","11":"product_tag-zilvervis-en-papiervis","12":"tax_brand-envu","14":"first","15":"instock","16":"taxable","17":"shipping-taxable","18":"purchasable","19":"product-type-simple"},"acf":[],"yoast_head":"<!-- This site is optimized with the Yoast SEO plugin v27.4 - https:\/\/yoast.com\/product\/yoast-seo-wordpress\/ -->\n<title>Maxforce Platin Papiervis\/Kakkerlak Gel - Food4animals<\/title>\n<meta name=\"robots\" content=\"index, follow, max-snippet:-1, max-image-preview:large, max-video-preview:-1\" \/>\n<link rel=\"canonical\" href=\"https:\/\/www.food4animals.nl\/de\/produkt\/maxforce-platinfisch-schaben-gel\/\" \/>\n<meta property=\"og:locale\" content=\"de_DE\" \/>\n<meta property=\"og:type\" content=\"article\" \/>\n<meta property=\"og:title\" content=\"Maxforce Platin Papiervis\/Kakkerlak Gel - Food4animals\" \/>\n<meta property=\"og:description\" content=\"Zeer aantrekkelijk voor papiervisjes en kakkerlakken.\" \/>\n<meta property=\"og:url\" content=\"https:\/\/www.food4animals.nl\/de\/produkt\/maxforce-platinfisch-schaben-gel\/\" \/>\n<meta property=\"og:site_name\" content=\"Food4animals\" \/>\n<meta property=\"article:publisher\" content=\"https:\/\/www.facebook.com\/p\/Food4animals-100063861676074\/\" \/>\n<meta property=\"article:modified_time\" content=\"2026-05-15T16:53:19+00:00\" \/>\n<meta property=\"og:image\" content=\"https:\/\/www.food4animals.nl\/wp-content\/uploads\/2023\/12\/Maxforce-Platin-30-g.jpg\" \/>\n\t<meta property=\"og:image:width\" content=\"1024\" \/>\n\t<meta property=\"og:image:height\" content=\"1024\" \/>\n\t<meta property=\"og:image:type\" content=\"image\/jpeg\" \/>\n<meta name=\"twitter:card\" content=\"summary_large_image\" \/>\n<meta name=\"twitter:site\" content=\"@food4animals\" \/>\n<meta name=\"twitter:label1\" content=\"Gesch\u00e4tzte Lesezeit\" \/>\n\t<meta name=\"twitter:data1\" content=\"2\u00a0Minuten\" \/>\n<script type=\"application\/ld+json\" class=\"yoast-schema-graph\">{\"@context\":\"https:\\\/\\\/schema.org\",\"@graph\":[{\"@type\":\"WebPage\",\"@id\":\"https:\\\/\\\/www.food4animals.nl\\\/product\\\/maxforce-platin-papiervis-kakkerlak-gel\\\/\",\"url\":\"https:\\\/\\\/www.food4animals.nl\\\/product\\\/maxforce-platin-papiervis-kakkerlak-gel\\\/\",\"name\":\"Maxforce Platin Papiervis\\\/Kakkerlak Gel - Food4animals\",\"isPartOf\":{\"@id\":\"https:\\\/\\\/www.food4animals.nl\\\/en\\\/#website\"},\"primaryImageOfPage\":{\"@id\":\"https:\\\/\\\/www.food4animals.nl\\\/product\\\/maxforce-platin-papiervis-kakkerlak-gel\\\/#primaryimage\"},\"image\":{\"@id\":\"https:\\\/\\\/www.food4animals.nl\\\/product\\\/maxforce-platin-papiervis-kakkerlak-gel\\\/#primaryimage\"},\"thumbnailUrl\":\"https:\\\/\\\/www.food4animals.nl\\\/wp-content\\\/uploads\\\/2023\\\/12\\\/Maxforce-Platin-30-g.jpg\",\"datePublished\":\"2023-12-13T13:40:44+00:00\",\"dateModified\":\"2026-05-15T16:53:19+00:00\",\"breadcrumb\":{\"@id\":\"https:\\\/\\\/www.food4animals.nl\\\/product\\\/maxforce-platin-papiervis-kakkerlak-gel\\\/#breadcrumb\"},\"inLanguage\":\"de\",\"potentialAction\":[{\"@type\":\"ReadAction\",\"target\":[\"https:\\\/\\\/www.food4animals.nl\\\/product\\\/maxforce-platin-papiervis-kakkerlak-gel\\\/\"]}]},{\"@type\":\"ImageObject\",\"inLanguage\":\"de\",\"@id\":\"https:\\\/\\\/www.food4animals.nl\\\/product\\\/maxforce-platin-papiervis-kakkerlak-gel\\\/#primaryimage\",\"url\":\"https:\\\/\\\/www.food4animals.nl\\\/wp-content\\\/uploads\\\/2023\\\/12\\\/Maxforce-Platin-30-g.jpg\",\"contentUrl\":\"https:\\\/\\\/www.food4animals.nl\\\/wp-content\\\/uploads\\\/2023\\\/12\\\/Maxforce-Platin-30-g.jpg\",\"width\":1024,\"height\":1024,\"caption\":\"Maxforce Platin Zeer aantrekkelijk voor papiervisjes en kakkerlakken.\"},{\"@type\":\"BreadcrumbList\",\"@id\":\"https:\\\/\\\/www.food4animals.nl\\\/product\\\/maxforce-platin-papiervis-kakkerlak-gel\\\/#breadcrumb\",\"itemListElement\":[{\"@type\":\"ListItem\",\"position\":1,\"name\":\"Home\",\"item\":\"https:\\\/\\\/www.food4animals.nl\\\/\"},{\"@type\":\"ListItem\",\"position\":2,\"name\":\"Winkel\",\"item\":\"https:\\\/\\\/www.food4animals.nl\\\/winkel\\\/\"},{\"@type\":\"ListItem\",\"position\":3,\"name\":\"Maxforce Platin Papiervis\\\/Kakkerlak Gel\"}]},{\"@type\":\"WebSite\",\"@id\":\"https:\\\/\\\/www.food4animals.nl\\\/en\\\/#website\",\"url\":\"https:\\\/\\\/www.food4animals.nl\\\/en\\\/\",\"name\":\"Food4animals\",\"description\":\"Alles voor Ruiter en Dier\",\"publisher\":{\"@id\":\"https:\\\/\\\/www.food4animals.nl\\\/en\\\/#organization\"},\"potentialAction\":[{\"@type\":\"SearchAction\",\"target\":{\"@type\":\"EntryPoint\",\"urlTemplate\":\"https:\\\/\\\/www.food4animals.nl\\\/en\\\/?s={search_term_string}\"},\"query-input\":{\"@type\":\"PropertyValueSpecification\",\"valueRequired\":true,\"valueName\":\"search_term_string\"}}],\"inLanguage\":\"de\"},{\"@type\":\"Organization\",\"@id\":\"https:\\\/\\\/www.food4animals.nl\\\/en\\\/#organization\",\"name\":\"Food4animals\",\"url\":\"https:\\\/\\\/www.food4animals.nl\\\/en\\\/\",\"logo\":{\"@type\":\"ImageObject\",\"inLanguage\":\"de\",\"@id\":\"https:\\\/\\\/www.food4animals.nl\\\/en\\\/#\\\/schema\\\/logo\\\/image\\\/\",\"url\":\"https:\\\/\\\/www.food4animals.nl\\\/wp-content\\\/uploads\\\/2023\\\/10\\\/Logo.svg\",\"contentUrl\":\"https:\\\/\\\/www.food4animals.nl\\\/wp-content\\\/uploads\\\/2023\\\/10\\\/Logo.svg\",\"width\":1,\"height\":1,\"caption\":\"Food4animals\"},\"image\":{\"@id\":\"https:\\\/\\\/www.food4animals.nl\\\/en\\\/#\\\/schema\\\/logo\\\/image\\\/\"},\"sameAs\":[\"https:\\\/\\\/www.facebook.com\\\/p\\\/Food4animals-100063861676074\\\/\",\"https:\\\/\\\/x.com\\\/food4animals\"]}]}<\/script>\n<!-- \/ Yoast SEO plugin. -->","yoast_head_json":{"title":"Maxforce Platin Papierfisch\/Schabe Gel - Food4animals","robots":{"index":"index","follow":"follow","max-snippet":"max-snippet:-1","max-image-preview":"max-image-preview:large","max-video-preview":"max-video-preview:-1"},"canonical":"https:\/\/www.food4animals.nl\/de\/produkt\/maxforce-platinfisch-schaben-gel\/","og_locale":"de_DE","og_type":"article","og_title":"Maxforce Platin Papiervis\/Kakkerlak Gel - Food4animals","og_description":"Zeer aantrekkelijk voor papiervisjes en kakkerlakken.","og_url":"https:\/\/www.food4animals.nl\/de\/produkt\/maxforce-platinfisch-schaben-gel\/","og_site_name":"Food4animals","article_publisher":"https:\/\/www.facebook.com\/p\/Food4animals-100063861676074\/","article_modified_time":"2026-05-15T16:53:19+00:00","og_image":[{"width":1024,"height":1024,"url":"https:\/\/www.food4animals.nl\/wp-content\/uploads\/2023\/12\/Maxforce-Platin-30-g.jpg","type":"image\/jpeg"}],"twitter_card":"summary_large_image","twitter_site":"@food4animals","twitter_misc":{"Gesch\u00e4tzte Lesezeit":"2\u00a0Minuten"},"schema":{"@context":"https:\/\/schema.org","@graph":[{"@type":"WebPage","@id":"https:\/\/www.food4animals.nl\/product\/maxforce-platin-papiervis-kakkerlak-gel\/","url":"https:\/\/www.food4animals.nl\/product\/maxforce-platin-papiervis-kakkerlak-gel\/","name":"Maxforce Platin Papierfisch\/Schabe Gel - Food4animals","isPartOf":{"@id":"https:\/\/www.food4animals.nl\/en\/#website"},"primaryImageOfPage":{"@id":"https:\/\/www.food4animals.nl\/product\/maxforce-platin-papiervis-kakkerlak-gel\/#primaryimage"},"image":{"@id":"https:\/\/www.food4animals.nl\/product\/maxforce-platin-papiervis-kakkerlak-gel\/#primaryimage"},"thumbnailUrl":"https:\/\/www.food4animals.nl\/wp-content\/uploads\/2023\/12\/Maxforce-Platin-30-g.jpg","datePublished":"2023-12-13T13:40:44+00:00","dateModified":"2026-05-15T16:53:19+00:00","breadcrumb":{"@id":"https:\/\/www.food4animals.nl\/product\/maxforce-platin-papiervis-kakkerlak-gel\/#breadcrumb"},"inLanguage":"de","potentialAction":[{"@type":"ReadAction","target":["https:\/\/www.food4animals.nl\/product\/maxforce-platin-papiervis-kakkerlak-gel\/"]}]},{"@type":"ImageObject","inLanguage":"de","@id":"https:\/\/www.food4animals.nl\/product\/maxforce-platin-papiervis-kakkerlak-gel\/#primaryimage","url":"https:\/\/www.food4animals.nl\/wp-content\/uploads\/2023\/12\/Maxforce-Platin-30-g.jpg","contentUrl":"https:\/\/www.food4animals.nl\/wp-content\/uploads\/2023\/12\/Maxforce-Platin-30-g.jpg","width":1024,"height":1024,"caption":"Maxforce Platin Zeer aantrekkelijk voor papiervisjes en kakkerlakken."},{"@type":"BreadcrumbList","@id":"https:\/\/www.food4animals.nl\/product\/maxforce-platin-papiervis-kakkerlak-gel\/#breadcrumb","itemListElement":[{"@type":"ListItem","position":1,"name":"Home","item":"https:\/\/www.food4animals.nl\/"},{"@type":"ListItem","position":2,"name":"Winkel","item":"https:\/\/www.food4animals.nl\/winkel\/"},{"@type":"ListItem","position":3,"name":"Maxforce Platin Papiervis\/Kakkerlak Gel"}]},{"@type":"WebSite","@id":"https:\/\/www.food4animals.nl\/en\/#website","url":"https:\/\/www.food4animals.nl\/en\/","name":"Lebensmittel4Tiere","description":"Alles f\u00fcr Reiter und Tier","publisher":{"@id":"https:\/\/www.food4animals.nl\/en\/#organization"},"potentialAction":[{"@type":"SearchAction","target":{"@type":"EntryPoint","urlTemplate":"https:\/\/www.food4animals.nl\/en\/?s={search_term_string}"},"query-input":{"@type":"PropertyValueSpecification","valueRequired":true,"valueName":"search_term_string"}}],"inLanguage":"de"},{"@type":"Organization","@id":"https:\/\/www.food4animals.nl\/en\/#organization","name":"Lebensmittel4Tiere","url":"https:\/\/www.food4animals.nl\/en\/","logo":{"@type":"ImageObject","inLanguage":"de","@id":"https:\/\/www.food4animals.nl\/en\/#\/schema\/logo\/image\/","url":"https:\/\/www.food4animals.nl\/wp-content\/uploads\/2023\/10\/Logo.svg","contentUrl":"https:\/\/www.food4animals.nl\/wp-content\/uploads\/2023\/10\/Logo.svg","width":1,"height":1,"caption":"Food4animals"},"image":{"@id":"https:\/\/www.food4animals.nl\/en\/#\/schema\/logo\/image\/"},"sameAs":["https:\/\/www.facebook.com\/p\/Food4animals-100063861676074\/","https:\/\/x.com\/food4animals"]}]}},"_links":{"self":[{"href":"https:\/\/www.food4animals.nl\/de\/wp-json\/wp\/v2\/product\/14609","targetHints":{"allow":["GET"]}}],"collection":[{"href":"https:\/\/www.food4animals.nl\/de\/wp-json\/wp\/v2\/product"}],"about":[{"href":"https:\/\/www.food4animals.nl\/de\/wp-json\/wp\/v2\/types\/product"}],"wp:featuredmedia":[{"embeddable":true,"href":"https:\/\/www.food4animals.nl\/de\/wp-json\/wp\/v2\/media\/29466"}],"wp:attachment":[{"href":"https:\/\/www.food4animals.nl\/de\/wp-json\/wp\/v2\/media?parent=14609"}],"wp:term":[{"taxonomy":"product_brand","embeddable":true,"href":"https:\/\/www.food4animals.nl\/de\/wp-json\/wp\/v2\/product_brand?post=14609"},{"taxonomy":"product_cat","embeddable":true,"href":"https:\/\/www.food4animals.nl\/de\/wp-json\/wp\/v2\/product_cat?post=14609"},{"taxonomy":"product_tag","embeddable":true,"href":"https:\/\/www.food4animals.nl\/de\/wp-json\/wp\/v2\/product_tag?post=14609"}],"curies":[{"name":"wp","href":"https:\/\/api.w.org\/{rel}","templated":true}]}}