{"id":14659,"date":"2023-12-13T13:43:00","date_gmt":"2023-12-13T13:43:00","guid":{"rendered":"https:\/\/food4animals.nl\/product\/maxi-subliem-cp-1-op-8\/"},"modified":"2026-04-28T01:28:08","modified_gmt":"2026-04-28T00:28:08","slug":"maxi-sublime-cp-1-in-8","status":"publish","type":"product","link":"https:\/\/www.food4animals.nl\/de\/produkt\/maxi-sublime-cp-1-in-8\/","title":{"rendered":"Maxi Subliem CP (1 zu 8)"},"content":{"rendered":"<p><span style=\"font-size: 10.0pt;\">Zitzendesinfektion f\u00fcr s\u00e4ugende Tiere. Zur Anwendung im Stall nach dem Melken. Zur Bek\u00e4mpfung von Bakterien, Hefen und Viren.<\/span><\/p>\n<p><span style=\"font-size: 10pt;\"><strong><span style=\"font-family: Calibri, sans-serif;\">Benutzerhandbuch<\/span><\/strong><strong><br \/><\/strong>Maxi Subliem wird als Konzentrat geliefert und muss vor der Verwendung verd\u00fcnnt werden, um eine endg\u00fcltige Konzentration von Jod von 0,3% zu erhalten. Das Produkt sollte auf 11% verd\u00fcnnt werden (110 mL des Produkts, f\u00fcgen Sie Wasser auf 1 L). Es sollte nicht mehr Fl\u00fcssigkeit als n\u00f6tig hergestellt werden. Gehen Sie von 5 mL Produkt pro Kuh und pro Behandlung aus. Es wird empfohlen, eine Dosierpumpe zu verwenden, um das Produkt in das Spr\u00fchger\u00e4t zu f\u00fcllen. Tragen Sie w\u00e4hrend des Verd\u00fcnnungsschritts Handschuhe und einen Augenschutz. Das verd\u00fcnnte Produkt kann 1 Woche lang gelagert und verwendet werden. Das Produkt sollte vor der Anwendung auf eine Temperatur von mehr als 20 \u00b0C gebracht werden.<\/span><\/p>\n<p><span style=\"font-size: 10pt;\"><strong><span style=\"font-family: Calibri, sans-serif;\">Anmeldung<\/span><\/strong><strong><br \/><\/strong>Tragen Sie das verd\u00fcnnte Produkt mit einem manuellen oder automatischen Spr\u00fchger\u00e4t auf die Nippel auf. Das Produkt sollte zweimal t\u00e4glich unmittelbar nach dem Melken mit einem Handspr\u00fchger\u00e4t und dreimal t\u00e4glich mit einem Roboter (oder automatischen Spr\u00fchger\u00e4t) aufgetragen werden.  Achten Sie darauf, dass die Zitze auf drei Viertel ihrer L\u00e4nge vollst\u00e4ndig bespr\u00fcht wird. Lassen Sie das Produkt auf den Zitzen trocknen. Um eine ausreichende Einwirkzeit zu gew\u00e4hrleisten, sollte darauf geachtet werden, dass das Produkt nach der Anwendung nicht entfernt wird (z. B. sollten die Tiere f\u00fcnf Minuten lang stehen bleiben). Nicht mit anderen Chemikalien mischen.<\/span><\/p>\n<p><span style=\"font-size: 10pt;\"><em><span style=\"font-family: Calibri, sans-serif;\">5 Liter Konzentrat reichen aus, um 45 Liter Zitzenspray herzustellen.\u00a0<\/span><\/em><\/span><\/p>\n<p><span style=\"font-size: 10pt;\"><strong><span style=\"font-family: Calibri, sans-serif;\">Zulassung<\/span><\/strong><strong><br \/><\/strong>Zulassungsnummer: <a href=\"https:\/\/echa.europa.eu\/nl\/information-on-chemicals\/biocidal-products\/-\/disbp\/factsheet\/EU-0022265-0013\/authorisationid\">EU-0022265-0013<\/a><\/span><\/p>\n<p><span style=\"font-size: 10.0pt;\">Maxi Subliem CP sicher verwenden. Vor Gebrauch Etikett und Produktinformation lesen! F\u00fcr Anwendung und Gebrauch, siehe die gesetzlichen <a href=\"https:\/\/echa.europa.eu\/documents\/10162\/d7f5c870-a9fb-8f99-2c52-20c651067ff3\" target=\"_blank\" rel=\"noopener\">Betriebsanleitung.<\/a><\/span><\/p>","protected":false},"excerpt":{"rendered":"<p>Zur Konditionierung und Desinfektion der Zitzen unmittelbar nach dem Melken.<\/p>","protected":false},"featured_media":39331,"template":"","meta":{"_acf_changed":false},"product_brand":[],"product_cat":[834,835],"product_tag":[1723,883,814,839,1238],"class_list":{"0":"post-14659","1":"product","2":"type-product","3":"status-publish","4":"has-post-thumbnail","6":"product_cat-rund","7":"product_cat-uierverzorging","8":"product_tag-dippen-en-sprayen","9":"product_tag-excellent","10":"product_tag-rund","11":"product_tag-schaap-en-geit","12":"product_tag-tepelverzorging","13":"tax_brand-excellent","15":"first","16":"instock","17":"taxable","18":"shipping-taxable","19":"purchasable","20":"product-type-simple"},"acf":[],"yoast_head":"<!-- This site is optimized with the Yoast SEO plugin v27.4 - https:\/\/yoast.com\/product\/yoast-seo-wordpress\/ -->\n<title>Maxi Subliem CP (1 op 8) - Food4animals<\/title>\n<meta name=\"robots\" content=\"index, follow, max-snippet:-1, max-image-preview:large, max-video-preview:-1\" \/>\n<link rel=\"canonical\" href=\"https:\/\/www.food4animals.nl\/de\/produkt\/maxi-sublime-cp-1-in-8\/\" \/>\n<meta property=\"og:locale\" content=\"de_DE\" \/>\n<meta property=\"og:type\" content=\"article\" \/>\n<meta property=\"og:title\" content=\"Maxi Subliem CP (1 op 8) - Food4animals\" \/>\n<meta property=\"og:description\" content=\"Voor het verzorgen en desinfecteren van spenen direct na het melken.\" \/>\n<meta property=\"og:url\" content=\"https:\/\/www.food4animals.nl\/de\/produkt\/maxi-sublime-cp-1-in-8\/\" \/>\n<meta property=\"og:site_name\" content=\"Food4animals\" \/>\n<meta property=\"article:publisher\" content=\"https:\/\/www.facebook.com\/p\/Food4animals-100063861676074\/\" \/>\n<meta property=\"article:modified_time\" content=\"2026-04-28T00:28:08+00:00\" \/>\n<meta property=\"og:image\" content=\"https:\/\/www.food4animals.nl\/wp-content\/uploads\/2025\/11\/MAXI0023.png\" \/>\n\t<meta property=\"og:image:width\" content=\"1024\" \/>\n\t<meta property=\"og:image:height\" content=\"1024\" \/>\n\t<meta property=\"og:image:type\" content=\"image\/png\" \/>\n<meta name=\"twitter:card\" content=\"summary_large_image\" \/>\n<meta name=\"twitter:site\" content=\"@food4animals\" \/>\n<meta name=\"twitter:label1\" content=\"Gesch\u00e4tzte Lesezeit\" \/>\n\t<meta name=\"twitter:data1\" content=\"1\u00a0Minute\" \/>\n<script type=\"application\/ld+json\" class=\"yoast-schema-graph\">{\"@context\":\"https:\\\/\\\/schema.org\",\"@graph\":[{\"@type\":\"WebPage\",\"@id\":\"https:\\\/\\\/www.food4animals.nl\\\/product\\\/maxi-subliem-cp-1-op-8\\\/\",\"url\":\"https:\\\/\\\/www.food4animals.nl\\\/product\\\/maxi-subliem-cp-1-op-8\\\/\",\"name\":\"Maxi Subliem CP (1 op 8) - Food4animals\",\"isPartOf\":{\"@id\":\"https:\\\/\\\/www.food4animals.nl\\\/en\\\/#website\"},\"primaryImageOfPage\":{\"@id\":\"https:\\\/\\\/www.food4animals.nl\\\/product\\\/maxi-subliem-cp-1-op-8\\\/#primaryimage\"},\"image\":{\"@id\":\"https:\\\/\\\/www.food4animals.nl\\\/product\\\/maxi-subliem-cp-1-op-8\\\/#primaryimage\"},\"thumbnailUrl\":\"https:\\\/\\\/www.food4animals.nl\\\/wp-content\\\/uploads\\\/2025\\\/11\\\/MAXI0023.png\",\"datePublished\":\"2023-12-13T13:43:00+00:00\",\"dateModified\":\"2026-04-28T00:28:08+00:00\",\"breadcrumb\":{\"@id\":\"https:\\\/\\\/www.food4animals.nl\\\/product\\\/maxi-subliem-cp-1-op-8\\\/#breadcrumb\"},\"inLanguage\":\"de\",\"potentialAction\":[{\"@type\":\"ReadAction\",\"target\":[\"https:\\\/\\\/www.food4animals.nl\\\/product\\\/maxi-subliem-cp-1-op-8\\\/\"]}]},{\"@type\":\"ImageObject\",\"inLanguage\":\"de\",\"@id\":\"https:\\\/\\\/www.food4animals.nl\\\/product\\\/maxi-subliem-cp-1-op-8\\\/#primaryimage\",\"url\":\"https:\\\/\\\/www.food4animals.nl\\\/wp-content\\\/uploads\\\/2025\\\/11\\\/MAXI0023.png\",\"contentUrl\":\"https:\\\/\\\/www.food4animals.nl\\\/wp-content\\\/uploads\\\/2025\\\/11\\\/MAXI0023.png\",\"width\":1024,\"height\":1024},{\"@type\":\"BreadcrumbList\",\"@id\":\"https:\\\/\\\/www.food4animals.nl\\\/product\\\/maxi-subliem-cp-1-op-8\\\/#breadcrumb\",\"itemListElement\":[{\"@type\":\"ListItem\",\"position\":1,\"name\":\"Home\",\"item\":\"https:\\\/\\\/www.food4animals.nl\\\/\"},{\"@type\":\"ListItem\",\"position\":2,\"name\":\"Winkel\",\"item\":\"https:\\\/\\\/www.food4animals.nl\\\/winkel\\\/\"},{\"@type\":\"ListItem\",\"position\":3,\"name\":\"Maxi Subliem CP (1 op 8)\"}]},{\"@type\":\"WebSite\",\"@id\":\"https:\\\/\\\/www.food4animals.nl\\\/en\\\/#website\",\"url\":\"https:\\\/\\\/www.food4animals.nl\\\/en\\\/\",\"name\":\"Food4animals\",\"description\":\"Alles voor Ruiter en Dier\",\"publisher\":{\"@id\":\"https:\\\/\\\/www.food4animals.nl\\\/en\\\/#organization\"},\"potentialAction\":[{\"@type\":\"SearchAction\",\"target\":{\"@type\":\"EntryPoint\",\"urlTemplate\":\"https:\\\/\\\/www.food4animals.nl\\\/en\\\/?s={search_term_string}\"},\"query-input\":{\"@type\":\"PropertyValueSpecification\",\"valueRequired\":true,\"valueName\":\"search_term_string\"}}],\"inLanguage\":\"de\"},{\"@type\":\"Organization\",\"@id\":\"https:\\\/\\\/www.food4animals.nl\\\/en\\\/#organization\",\"name\":\"Food4animals\",\"url\":\"https:\\\/\\\/www.food4animals.nl\\\/en\\\/\",\"logo\":{\"@type\":\"ImageObject\",\"inLanguage\":\"de\",\"@id\":\"https:\\\/\\\/www.food4animals.nl\\\/en\\\/#\\\/schema\\\/logo\\\/image\\\/\",\"url\":\"https:\\\/\\\/www.food4animals.nl\\\/wp-content\\\/uploads\\\/2023\\\/10\\\/Logo.svg\",\"contentUrl\":\"https:\\\/\\\/www.food4animals.nl\\\/wp-content\\\/uploads\\\/2023\\\/10\\\/Logo.svg\",\"width\":1,\"height\":1,\"caption\":\"Food4animals\"},\"image\":{\"@id\":\"https:\\\/\\\/www.food4animals.nl\\\/en\\\/#\\\/schema\\\/logo\\\/image\\\/\"},\"sameAs\":[\"https:\\\/\\\/www.facebook.com\\\/p\\\/Food4animals-100063861676074\\\/\",\"https:\\\/\\\/x.com\\\/food4animals\"]}]}<\/script>\n<!-- \/ Yoast SEO plugin. -->","yoast_head_json":{"title":"Maxi Sublime CP (1 zu 8) - Food4animals","robots":{"index":"index","follow":"follow","max-snippet":"max-snippet:-1","max-image-preview":"max-image-preview:large","max-video-preview":"max-video-preview:-1"},"canonical":"https:\/\/www.food4animals.nl\/de\/produkt\/maxi-sublime-cp-1-in-8\/","og_locale":"de_DE","og_type":"article","og_title":"Maxi Subliem CP (1 op 8) - Food4animals","og_description":"Voor het verzorgen en desinfecteren van spenen direct na het melken.","og_url":"https:\/\/www.food4animals.nl\/de\/produkt\/maxi-sublime-cp-1-in-8\/","og_site_name":"Food4animals","article_publisher":"https:\/\/www.facebook.com\/p\/Food4animals-100063861676074\/","article_modified_time":"2026-04-28T00:28:08+00:00","og_image":[{"width":1024,"height":1024,"url":"https:\/\/www.food4animals.nl\/wp-content\/uploads\/2025\/11\/MAXI0023.png","type":"image\/png"}],"twitter_card":"summary_large_image","twitter_site":"@food4animals","twitter_misc":{"Gesch\u00e4tzte Lesezeit":"1\u00a0Minute"},"schema":{"@context":"https:\/\/schema.org","@graph":[{"@type":"WebPage","@id":"https:\/\/www.food4animals.nl\/product\/maxi-subliem-cp-1-op-8\/","url":"https:\/\/www.food4animals.nl\/product\/maxi-subliem-cp-1-op-8\/","name":"Maxi Sublime CP (1 zu 8) - Food4animals","isPartOf":{"@id":"https:\/\/www.food4animals.nl\/en\/#website"},"primaryImageOfPage":{"@id":"https:\/\/www.food4animals.nl\/product\/maxi-subliem-cp-1-op-8\/#primaryimage"},"image":{"@id":"https:\/\/www.food4animals.nl\/product\/maxi-subliem-cp-1-op-8\/#primaryimage"},"thumbnailUrl":"https:\/\/www.food4animals.nl\/wp-content\/uploads\/2025\/11\/MAXI0023.png","datePublished":"2023-12-13T13:43:00+00:00","dateModified":"2026-04-28T00:28:08+00:00","breadcrumb":{"@id":"https:\/\/www.food4animals.nl\/product\/maxi-subliem-cp-1-op-8\/#breadcrumb"},"inLanguage":"de","potentialAction":[{"@type":"ReadAction","target":["https:\/\/www.food4animals.nl\/product\/maxi-subliem-cp-1-op-8\/"]}]},{"@type":"ImageObject","inLanguage":"de","@id":"https:\/\/www.food4animals.nl\/product\/maxi-subliem-cp-1-op-8\/#primaryimage","url":"https:\/\/www.food4animals.nl\/wp-content\/uploads\/2025\/11\/MAXI0023.png","contentUrl":"https:\/\/www.food4animals.nl\/wp-content\/uploads\/2025\/11\/MAXI0023.png","width":1024,"height":1024},{"@type":"BreadcrumbList","@id":"https:\/\/www.food4animals.nl\/product\/maxi-subliem-cp-1-op-8\/#breadcrumb","itemListElement":[{"@type":"ListItem","position":1,"name":"Home","item":"https:\/\/www.food4animals.nl\/"},{"@type":"ListItem","position":2,"name":"Winkel","item":"https:\/\/www.food4animals.nl\/winkel\/"},{"@type":"ListItem","position":3,"name":"Maxi Subliem CP (1 op 8)"}]},{"@type":"WebSite","@id":"https:\/\/www.food4animals.nl\/en\/#website","url":"https:\/\/www.food4animals.nl\/en\/","name":"Lebensmittel4Tiere","description":"Alles f\u00fcr Reiter und Tier","publisher":{"@id":"https:\/\/www.food4animals.nl\/en\/#organization"},"potentialAction":[{"@type":"SearchAction","target":{"@type":"EntryPoint","urlTemplate":"https:\/\/www.food4animals.nl\/en\/?s={search_term_string}"},"query-input":{"@type":"PropertyValueSpecification","valueRequired":true,"valueName":"search_term_string"}}],"inLanguage":"de"},{"@type":"Organization","@id":"https:\/\/www.food4animals.nl\/en\/#organization","name":"Lebensmittel4Tiere","url":"https:\/\/www.food4animals.nl\/en\/","logo":{"@type":"ImageObject","inLanguage":"de","@id":"https:\/\/www.food4animals.nl\/en\/#\/schema\/logo\/image\/","url":"https:\/\/www.food4animals.nl\/wp-content\/uploads\/2023\/10\/Logo.svg","contentUrl":"https:\/\/www.food4animals.nl\/wp-content\/uploads\/2023\/10\/Logo.svg","width":1,"height":1,"caption":"Food4animals"},"image":{"@id":"https:\/\/www.food4animals.nl\/en\/#\/schema\/logo\/image\/"},"sameAs":["https:\/\/www.facebook.com\/p\/Food4animals-100063861676074\/","https:\/\/x.com\/food4animals"]}]}},"_links":{"self":[{"href":"https:\/\/www.food4animals.nl\/de\/wp-json\/wp\/v2\/product\/14659","targetHints":{"allow":["GET"]}}],"collection":[{"href":"https:\/\/www.food4animals.nl\/de\/wp-json\/wp\/v2\/product"}],"about":[{"href":"https:\/\/www.food4animals.nl\/de\/wp-json\/wp\/v2\/types\/product"}],"wp:featuredmedia":[{"embeddable":true,"href":"https:\/\/www.food4animals.nl\/de\/wp-json\/wp\/v2\/media\/39331"}],"wp:attachment":[{"href":"https:\/\/www.food4animals.nl\/de\/wp-json\/wp\/v2\/media?parent=14659"}],"wp:term":[{"taxonomy":"product_brand","embeddable":true,"href":"https:\/\/www.food4animals.nl\/de\/wp-json\/wp\/v2\/product_brand?post=14659"},{"taxonomy":"product_cat","embeddable":true,"href":"https:\/\/www.food4animals.nl\/de\/wp-json\/wp\/v2\/product_cat?post=14659"},{"taxonomy":"product_tag","embeddable":true,"href":"https:\/\/www.food4animals.nl\/de\/wp-json\/wp\/v2\/product_tag?post=14659"}],"curies":[{"name":"wp","href":"https:\/\/api.w.org\/{rel}","templated":true}]}}