{"id":14711,"date":"2023-12-13T13:45:26","date_gmt":"2023-12-13T13:45:26","guid":{"rendered":"https:\/\/food4animals.nl\/product\/maximus-fun-play-ball-pink\/"},"modified":"2026-04-19T01:42:29","modified_gmt":"2026-04-19T00:42:29","slug":"maximus-fun-play-ball-pink","status":"publish","type":"product","link":"https:\/\/www.food4animals.nl\/de\/produkt\/maximus-fun-play-ball-pink\/","title":{"rendered":"Maximus Fun Play Ball Pink"},"content":{"rendered":"<h2><span style=\"font-size: 10pt;\">Maximus Fun Play Ball<\/span><\/h2>\n<p><span style=\"font-size: 10pt;\">Der Maximus Fun Play Ball wird aus hochwertigen Materialien hergestellt und ist extrem robust. Die innere Schicht des Balls besteht aus Gummi, der mit starker Baumwolle ausgekleidet ist. Da die Au\u00dfenseite aus PU-Material besteht, ist der Ball weich, langlebig und praktisch unzerst\u00f6rbar.<\/span><br \/><span style=\"font-size: 10pt;\"><br \/>An der oberen Schlaufe l\u00e4sst sich der Ball einfach im Stall oder auf der Weide aufh\u00e4ngen. Die am Maximus Fun Play Ball angebrachten Gummib\u00e4nder erm\u00f6glichen es Ihnen, Heu, Gras oder andere Snacks am Ball zu befestigen. Dank der Schlaufe und der Gummib\u00e4nder ist es f\u00fcr Ihr Pferd oder Pony besonders einfach, den Fun Play Ball aufzunehmen. Das garantiert jede Menge Spielspa\u00df und Herausforderung!<\/span><\/p>\n<p><span style=\"font-size: 10pt;\">Der Ball wird mit einer Pumpe geliefert.<\/span><\/p>\n<p><strong><span style=\"font-size: 10pt;\">Die L\u00f6sung gegen Langeweile im Stall oder auf der Weide!\u00a0<\/span><\/strong><\/p>\n<p><span style=\"font-size: 10pt;\"><strong>Format<\/strong><br \/>19 cm<\/span><\/p>\n<p><span style=\"font-size: 10pt;\"><strong>Farbe<\/strong><br \/>MAXI5300 - rosa<br \/>MAXI5301 - rot<br \/>MAXI5302 - blau<br \/>MAXI5303 - gr\u00fcn<br \/>MAXI5304 - gelb<br \/>MAXI5305 - orange<br \/><\/span><\/p>\n<p><span style=\"font-size: 10pt;\">\u00a0<\/span><\/p>","protected":false},"excerpt":{"rendered":"<p>Die L\u00f6sung gegen Langeweile im Stall oder auf der Weide!<\/p>","protected":false},"featured_media":39375,"template":"","meta":{"_acf_changed":false},"product_brand":[],"product_cat":[829,2631],"product_tag":[827,2003,2211,2734,843,910],"class_list":{"0":"post-14711","1":"product","2":"type-product","3":"status-publish","4":"has-post-thumbnail","6":"product_cat-paard","7":"product_cat-spelen-en-belonen","8":"product_tag-ballen","9":"product_tag-geschenken-paard","10":"product_tag-horse-slow-feeders","11":"product_tag-maximus","12":"product_tag-paard","13":"product_tag-roze","14":"tax_brand-maximus","16":"first","17":"instock","18":"taxable","19":"shipping-taxable","20":"purchasable","21":"product-type-simple"},"acf":[],"yoast_head":"<!-- This site is optimized with the Yoast SEO plugin v27.4 - https:\/\/yoast.com\/product\/yoast-seo-wordpress\/ -->\n<title>Maximus Fun Play Ball Pink - Food4animals<\/title>\n<meta name=\"robots\" content=\"index, follow, max-snippet:-1, max-image-preview:large, max-video-preview:-1\" \/>\n<link rel=\"canonical\" href=\"https:\/\/www.food4animals.nl\/de\/produkt\/maximus-fun-play-ball-pink\/\" \/>\n<meta property=\"og:locale\" content=\"de_DE\" \/>\n<meta property=\"og:type\" content=\"article\" \/>\n<meta property=\"og:title\" content=\"Maximus Fun Play Ball Pink - Food4animals\" \/>\n<meta property=\"og:description\" content=\"D\u00e9 oplossing voor verveling op stal of in de wei!\" \/>\n<meta property=\"og:url\" content=\"https:\/\/www.food4animals.nl\/de\/produkt\/maximus-fun-play-ball-pink\/\" \/>\n<meta property=\"og:site_name\" content=\"Food4animals\" \/>\n<meta property=\"article:publisher\" content=\"https:\/\/www.facebook.com\/p\/Food4animals-100063861676074\/\" \/>\n<meta property=\"article:modified_time\" content=\"2026-04-19T00:42:29+00:00\" \/>\n<meta property=\"og:image\" content=\"https:\/\/www.food4animals.nl\/wp-content\/uploads\/2025\/11\/MAXI5300.png\" \/>\n\t<meta property=\"og:image:width\" content=\"1024\" \/>\n\t<meta property=\"og:image:height\" content=\"1023\" \/>\n\t<meta property=\"og:image:type\" content=\"image\/png\" \/>\n<meta name=\"twitter:card\" content=\"summary_large_image\" \/>\n<meta name=\"twitter:site\" content=\"@food4animals\" \/>\n<meta name=\"twitter:label1\" content=\"Gesch\u00e4tzte Lesezeit\" \/>\n\t<meta name=\"twitter:data1\" content=\"1\u00a0Minute\" \/>\n<script type=\"application\/ld+json\" class=\"yoast-schema-graph\">{\"@context\":\"https:\\\/\\\/schema.org\",\"@graph\":[{\"@type\":\"WebPage\",\"@id\":\"https:\\\/\\\/www.food4animals.nl\\\/product\\\/maximus-fun-play-ball-pink\\\/\",\"url\":\"https:\\\/\\\/www.food4animals.nl\\\/product\\\/maximus-fun-play-ball-pink\\\/\",\"name\":\"Maximus Fun Play Ball Pink - Food4animals\",\"isPartOf\":{\"@id\":\"https:\\\/\\\/www.food4animals.nl\\\/en\\\/#website\"},\"primaryImageOfPage\":{\"@id\":\"https:\\\/\\\/www.food4animals.nl\\\/product\\\/maximus-fun-play-ball-pink\\\/#primaryimage\"},\"image\":{\"@id\":\"https:\\\/\\\/www.food4animals.nl\\\/product\\\/maximus-fun-play-ball-pink\\\/#primaryimage\"},\"thumbnailUrl\":\"https:\\\/\\\/www.food4animals.nl\\\/wp-content\\\/uploads\\\/2025\\\/11\\\/MAXI5300.png\",\"datePublished\":\"2023-12-13T13:45:26+00:00\",\"dateModified\":\"2026-04-19T00:42:29+00:00\",\"breadcrumb\":{\"@id\":\"https:\\\/\\\/www.food4animals.nl\\\/product\\\/maximus-fun-play-ball-pink\\\/#breadcrumb\"},\"inLanguage\":\"de\",\"potentialAction\":[{\"@type\":\"ReadAction\",\"target\":[\"https:\\\/\\\/www.food4animals.nl\\\/product\\\/maximus-fun-play-ball-pink\\\/\"]}]},{\"@type\":\"ImageObject\",\"inLanguage\":\"de\",\"@id\":\"https:\\\/\\\/www.food4animals.nl\\\/product\\\/maximus-fun-play-ball-pink\\\/#primaryimage\",\"url\":\"https:\\\/\\\/www.food4animals.nl\\\/wp-content\\\/uploads\\\/2025\\\/11\\\/MAXI5300.png\",\"contentUrl\":\"https:\\\/\\\/www.food4animals.nl\\\/wp-content\\\/uploads\\\/2025\\\/11\\\/MAXI5300.png\",\"width\":1024,\"height\":1023},{\"@type\":\"BreadcrumbList\",\"@id\":\"https:\\\/\\\/www.food4animals.nl\\\/product\\\/maximus-fun-play-ball-pink\\\/#breadcrumb\",\"itemListElement\":[{\"@type\":\"ListItem\",\"position\":1,\"name\":\"Home\",\"item\":\"https:\\\/\\\/www.food4animals.nl\\\/\"},{\"@type\":\"ListItem\",\"position\":2,\"name\":\"Winkel\",\"item\":\"https:\\\/\\\/www.food4animals.nl\\\/winkel\\\/\"},{\"@type\":\"ListItem\",\"position\":3,\"name\":\"Maximus Fun Play Ball Pink\"}]},{\"@type\":\"WebSite\",\"@id\":\"https:\\\/\\\/www.food4animals.nl\\\/en\\\/#website\",\"url\":\"https:\\\/\\\/www.food4animals.nl\\\/en\\\/\",\"name\":\"Food4animals\",\"description\":\"Alles voor Ruiter en Dier\",\"publisher\":{\"@id\":\"https:\\\/\\\/www.food4animals.nl\\\/en\\\/#organization\"},\"potentialAction\":[{\"@type\":\"SearchAction\",\"target\":{\"@type\":\"EntryPoint\",\"urlTemplate\":\"https:\\\/\\\/www.food4animals.nl\\\/en\\\/?s={search_term_string}\"},\"query-input\":{\"@type\":\"PropertyValueSpecification\",\"valueRequired\":true,\"valueName\":\"search_term_string\"}}],\"inLanguage\":\"de\"},{\"@type\":\"Organization\",\"@id\":\"https:\\\/\\\/www.food4animals.nl\\\/en\\\/#organization\",\"name\":\"Food4animals\",\"url\":\"https:\\\/\\\/www.food4animals.nl\\\/en\\\/\",\"logo\":{\"@type\":\"ImageObject\",\"inLanguage\":\"de\",\"@id\":\"https:\\\/\\\/www.food4animals.nl\\\/en\\\/#\\\/schema\\\/logo\\\/image\\\/\",\"url\":\"https:\\\/\\\/www.food4animals.nl\\\/wp-content\\\/uploads\\\/2023\\\/10\\\/Logo.svg\",\"contentUrl\":\"https:\\\/\\\/www.food4animals.nl\\\/wp-content\\\/uploads\\\/2023\\\/10\\\/Logo.svg\",\"width\":1,\"height\":1,\"caption\":\"Food4animals\"},\"image\":{\"@id\":\"https:\\\/\\\/www.food4animals.nl\\\/en\\\/#\\\/schema\\\/logo\\\/image\\\/\"},\"sameAs\":[\"https:\\\/\\\/www.facebook.com\\\/p\\\/Food4animals-100063861676074\\\/\",\"https:\\\/\\\/x.com\\\/food4animals\"]}]}<\/script>\n<!-- \/ Yoast SEO plugin. -->","yoast_head_json":{"title":"Maximus Fun Play Ball Pink - Food4animals","robots":{"index":"index","follow":"follow","max-snippet":"max-snippet:-1","max-image-preview":"max-image-preview:large","max-video-preview":"max-video-preview:-1"},"canonical":"https:\/\/www.food4animals.nl\/de\/produkt\/maximus-fun-play-ball-pink\/","og_locale":"de_DE","og_type":"article","og_title":"Maximus Fun Play Ball Pink - Food4animals","og_description":"D\u00e9 oplossing voor verveling op stal of in de wei!","og_url":"https:\/\/www.food4animals.nl\/de\/produkt\/maximus-fun-play-ball-pink\/","og_site_name":"Food4animals","article_publisher":"https:\/\/www.facebook.com\/p\/Food4animals-100063861676074\/","article_modified_time":"2026-04-19T00:42:29+00:00","og_image":[{"width":1024,"height":1023,"url":"https:\/\/www.food4animals.nl\/wp-content\/uploads\/2025\/11\/MAXI5300.png","type":"image\/png"}],"twitter_card":"summary_large_image","twitter_site":"@food4animals","twitter_misc":{"Gesch\u00e4tzte Lesezeit":"1\u00a0Minute"},"schema":{"@context":"https:\/\/schema.org","@graph":[{"@type":"WebPage","@id":"https:\/\/www.food4animals.nl\/product\/maximus-fun-play-ball-pink\/","url":"https:\/\/www.food4animals.nl\/product\/maximus-fun-play-ball-pink\/","name":"Maximus Fun Play Ball Pink - Food4animals","isPartOf":{"@id":"https:\/\/www.food4animals.nl\/en\/#website"},"primaryImageOfPage":{"@id":"https:\/\/www.food4animals.nl\/product\/maximus-fun-play-ball-pink\/#primaryimage"},"image":{"@id":"https:\/\/www.food4animals.nl\/product\/maximus-fun-play-ball-pink\/#primaryimage"},"thumbnailUrl":"https:\/\/www.food4animals.nl\/wp-content\/uploads\/2025\/11\/MAXI5300.png","datePublished":"2023-12-13T13:45:26+00:00","dateModified":"2026-04-19T00:42:29+00:00","breadcrumb":{"@id":"https:\/\/www.food4animals.nl\/product\/maximus-fun-play-ball-pink\/#breadcrumb"},"inLanguage":"de","potentialAction":[{"@type":"ReadAction","target":["https:\/\/www.food4animals.nl\/product\/maximus-fun-play-ball-pink\/"]}]},{"@type":"ImageObject","inLanguage":"de","@id":"https:\/\/www.food4animals.nl\/product\/maximus-fun-play-ball-pink\/#primaryimage","url":"https:\/\/www.food4animals.nl\/wp-content\/uploads\/2025\/11\/MAXI5300.png","contentUrl":"https:\/\/www.food4animals.nl\/wp-content\/uploads\/2025\/11\/MAXI5300.png","width":1024,"height":1023},{"@type":"BreadcrumbList","@id":"https:\/\/www.food4animals.nl\/product\/maximus-fun-play-ball-pink\/#breadcrumb","itemListElement":[{"@type":"ListItem","position":1,"name":"Home","item":"https:\/\/www.food4animals.nl\/"},{"@type":"ListItem","position":2,"name":"Winkel","item":"https:\/\/www.food4animals.nl\/winkel\/"},{"@type":"ListItem","position":3,"name":"Maximus Fun Play Ball Pink"}]},{"@type":"WebSite","@id":"https:\/\/www.food4animals.nl\/en\/#website","url":"https:\/\/www.food4animals.nl\/en\/","name":"Lebensmittel4Tiere","description":"Alles f\u00fcr Reiter und Tier","publisher":{"@id":"https:\/\/www.food4animals.nl\/en\/#organization"},"potentialAction":[{"@type":"SearchAction","target":{"@type":"EntryPoint","urlTemplate":"https:\/\/www.food4animals.nl\/en\/?s={search_term_string}"},"query-input":{"@type":"PropertyValueSpecification","valueRequired":true,"valueName":"search_term_string"}}],"inLanguage":"de"},{"@type":"Organization","@id":"https:\/\/www.food4animals.nl\/en\/#organization","name":"Lebensmittel4Tiere","url":"https:\/\/www.food4animals.nl\/en\/","logo":{"@type":"ImageObject","inLanguage":"de","@id":"https:\/\/www.food4animals.nl\/en\/#\/schema\/logo\/image\/","url":"https:\/\/www.food4animals.nl\/wp-content\/uploads\/2023\/10\/Logo.svg","contentUrl":"https:\/\/www.food4animals.nl\/wp-content\/uploads\/2023\/10\/Logo.svg","width":1,"height":1,"caption":"Food4animals"},"image":{"@id":"https:\/\/www.food4animals.nl\/en\/#\/schema\/logo\/image\/"},"sameAs":["https:\/\/www.facebook.com\/p\/Food4animals-100063861676074\/","https:\/\/x.com\/food4animals"]}]}},"_links":{"self":[{"href":"https:\/\/www.food4animals.nl\/de\/wp-json\/wp\/v2\/product\/14711","targetHints":{"allow":["GET"]}}],"collection":[{"href":"https:\/\/www.food4animals.nl\/de\/wp-json\/wp\/v2\/product"}],"about":[{"href":"https:\/\/www.food4animals.nl\/de\/wp-json\/wp\/v2\/types\/product"}],"wp:featuredmedia":[{"embeddable":true,"href":"https:\/\/www.food4animals.nl\/de\/wp-json\/wp\/v2\/media\/39375"}],"wp:attachment":[{"href":"https:\/\/www.food4animals.nl\/de\/wp-json\/wp\/v2\/media?parent=14711"}],"wp:term":[{"taxonomy":"product_brand","embeddable":true,"href":"https:\/\/www.food4animals.nl\/de\/wp-json\/wp\/v2\/product_brand?post=14711"},{"taxonomy":"product_cat","embeddable":true,"href":"https:\/\/www.food4animals.nl\/de\/wp-json\/wp\/v2\/product_cat?post=14711"},{"taxonomy":"product_tag","embeddable":true,"href":"https:\/\/www.food4animals.nl\/de\/wp-json\/wp\/v2\/product_tag?post=14711"}],"curies":[{"name":"wp","href":"https:\/\/api.w.org\/{rel}","templated":true}]}}