{"id":14787,"date":"2023-12-14T15:21:22","date_gmt":"2023-12-14T15:21:22","guid":{"rendered":"https:\/\/food4animals.nl\/product\/mesto-flori-5-l\/"},"modified":"2026-04-11T01:32:17","modified_gmt":"2026-04-11T00:32:17","slug":"mesto-flori-5-l","status":"publish","type":"product","link":"https:\/\/www.food4animals.nl\/de\/produkt\/mesto-flori-5-l\/","title":{"rendered":"Mesto Flori 5 l"},"content":{"rendered":"<p><span style=\"font-size: 10pt;\"><strong>Mesto Flori\u00a0<\/strong><\/span><br \/><span style=\"font-size: 10pt;\">Vielseitiges Druckspr\u00fchger\u00e4t f\u00fcr den Einsatz im und am Haus. Geeignet f\u00fcr die Ausbringung von wasserl\u00f6slichen Pflanzenschutzmitteln oder Herbiziden*. Das ergonomische Revolverventil mit Schutzb\u00fcgel liegt perfekt in der Hand und sorgt f\u00fcr eine nat\u00fcrliche Haltung beim Spr\u00fchen. Gro\u00dfe Einf\u00fcll\u00f6ffnung und stabiler Fu\u00dfring f\u00fcr sauberes und sicheres Arbeiten. Der mitgelieferte Schultergurt sorgt f\u00fcr den richtigen Tragekomfort.<\/span><br \/><span style=\"font-size: 10pt;\">\u00a0<\/span><br \/><span style=\"font-size: 10pt;\"><strong>Lieferung<\/strong><\/span><br \/><span style=\"font-size: 10pt;\">Mit 50 cm Kunststoffspr\u00fchlanze und Hohlkegeld\u00fcse 1,1 mm. Die Spr\u00fchlanze kann einfach neben dem Tank geparkt werden.<\/span><br \/><span style=\"font-size: 10pt;\">\u00a0<\/span><br \/><span style=\"font-size: 10pt;\"><strong>Ausgestattet mit einem Saugmanometer mit eingebautem Sicherheitsventil.<\/strong><\/span><br \/><span style=\"font-size: 10pt;\">\u00a0<\/span><br \/><span style=\"font-size: 10pt;\"><strong>Einzelheiten<\/strong><\/span><br \/><span style=\"font-size: 10pt;\">Dichtungen: NBR<\/span><br \/><span style=\"font-size: 10pt;\">Volumen: 5 Liter<\/span><br \/><span style=\"font-size: 10pt;\">Arbeitsdruck: 3 bar<\/span><br \/><span style=\"font-size: 10pt;\">\u00a0<\/span><br \/><span style=\"font-size: 10pt;\">*) Konsultieren Sie immer die Gebrauchsanweisung des Spr\u00fchger\u00e4ts und die Produktinformationen des Produkts, das Sie verarbeiten wollen.<\/span><br \/><span style=\"font-size: 10pt;\">\u00a0<\/span><br \/><span style=\"font-size: 10pt;\"><strong>Made in Germany!<\/p>\n<p><\/strong><span style=\"color: #ffffff;\">mickriger Rabatt<\/span><strong><br \/><\/strong><\/span><\/p>","protected":false},"excerpt":{"rendered":"<p>Allround-Druckspr\u00fcher f\u00fcr den Einsatz im und um das Haus.<\/p>","protected":false},"featured_media":39483,"template":"","meta":{"_acf_changed":false},"product_brand":[],"product_cat":[1412,1247],"product_tag":[2749,2156,2746,2750,843,848,814,839,1211,844],"class_list":{"0":"post-14787","1":"product","2":"type-product","3":"status-publish","4":"has-post-thumbnail","6":"product_cat-ontsmetting-en-reiniging","7":"product_cat-stal-en-erf","8":"product_tag-drukspuiten","9":"product_tag-lage-drukspuit","10":"product_tag-mesto","11":"product_tag-mesto-sprayer","12":"product_tag-paard","13":"product_tag-reiniging-en-ontsmetting","14":"product_tag-rund","15":"product_tag-schaap-en-geit","16":"product_tag-spuitapparatuur-accessoires","17":"product_tag-varken","18":"tax_brand-mesto","20":"first","21":"instock","22":"taxable","23":"shipping-taxable","24":"purchasable","25":"product-type-simple"},"acf":[],"yoast_head":"<!-- This site is optimized with the Yoast SEO plugin v27.2 - https:\/\/yoast.com\/product\/yoast-seo-wordpress\/ -->\n<title>Mesto Flori 5 l - Food4animals<\/title>\n<meta name=\"robots\" content=\"index, follow, max-snippet:-1, max-image-preview:large, max-video-preview:-1\" \/>\n<link rel=\"canonical\" href=\"https:\/\/www.food4animals.nl\/de\/produkt\/mesto-flori-5-l\/\" \/>\n<meta property=\"og:locale\" content=\"de_DE\" \/>\n<meta property=\"og:type\" content=\"article\" \/>\n<meta property=\"og:title\" content=\"Mesto Flori 5 l - Food4animals\" \/>\n<meta property=\"og:description\" content=\"Allround drukspuit voor in en om het huis.\" \/>\n<meta property=\"og:url\" content=\"https:\/\/www.food4animals.nl\/de\/produkt\/mesto-flori-5-l\/\" \/>\n<meta property=\"og:site_name\" content=\"Food4animals\" \/>\n<meta property=\"article:publisher\" content=\"https:\/\/www.facebook.com\/p\/Food4animals-100063861676074\/\" \/>\n<meta property=\"article:modified_time\" content=\"2026-04-11T00:32:17+00:00\" \/>\n<meta property=\"og:image\" content=\"https:\/\/www.food4animals.nl\/wp-content\/uploads\/2025\/11\/MEST3232R.png\" \/>\n\t<meta property=\"og:image:width\" content=\"377\" \/>\n\t<meta property=\"og:image:height\" content=\"981\" \/>\n\t<meta property=\"og:image:type\" content=\"image\/png\" \/>\n<meta name=\"twitter:card\" content=\"summary_large_image\" \/>\n<meta name=\"twitter:site\" content=\"@food4animals\" \/>\n<meta name=\"twitter:label1\" content=\"Gesch\u00e4tzte Lesezeit\" \/>\n\t<meta name=\"twitter:data1\" content=\"1\u00a0Minute\" \/>\n<script type=\"application\/ld+json\" class=\"yoast-schema-graph\">{\"@context\":\"https:\/\/schema.org\",\"@graph\":[{\"@type\":\"WebPage\",\"@id\":\"https:\/\/www.food4animals.nl\/product\/mesto-flori-5-l\/\",\"url\":\"https:\/\/www.food4animals.nl\/product\/mesto-flori-5-l\/\",\"name\":\"Mesto Flori 5 l - Food4animals\",\"isPartOf\":{\"@id\":\"https:\/\/www.food4animals.nl\/en\/#website\"},\"primaryImageOfPage\":{\"@id\":\"https:\/\/www.food4animals.nl\/product\/mesto-flori-5-l\/#primaryimage\"},\"image\":{\"@id\":\"https:\/\/www.food4animals.nl\/product\/mesto-flori-5-l\/#primaryimage\"},\"thumbnailUrl\":\"https:\/\/www.food4animals.nl\/wp-content\/uploads\/2025\/11\/MEST3232R.png\",\"datePublished\":\"2023-12-14T15:21:22+00:00\",\"dateModified\":\"2026-04-11T00:32:17+00:00\",\"breadcrumb\":{\"@id\":\"https:\/\/www.food4animals.nl\/product\/mesto-flori-5-l\/#breadcrumb\"},\"inLanguage\":\"de\",\"potentialAction\":[{\"@type\":\"ReadAction\",\"target\":[\"https:\/\/www.food4animals.nl\/product\/mesto-flori-5-l\/\"]}]},{\"@type\":\"ImageObject\",\"inLanguage\":\"de\",\"@id\":\"https:\/\/www.food4animals.nl\/product\/mesto-flori-5-l\/#primaryimage\",\"url\":\"https:\/\/www.food4animals.nl\/wp-content\/uploads\/2025\/11\/MEST3232R.png\",\"contentUrl\":\"https:\/\/www.food4animals.nl\/wp-content\/uploads\/2025\/11\/MEST3232R.png\",\"width\":377,\"height\":981},{\"@type\":\"BreadcrumbList\",\"@id\":\"https:\/\/www.food4animals.nl\/product\/mesto-flori-5-l\/#breadcrumb\",\"itemListElement\":[{\"@type\":\"ListItem\",\"position\":1,\"name\":\"Home\",\"item\":\"https:\/\/www.food4animals.nl\/\"},{\"@type\":\"ListItem\",\"position\":2,\"name\":\"Winkel\",\"item\":\"https:\/\/www.food4animals.nl\/winkel\/\"},{\"@type\":\"ListItem\",\"position\":3,\"name\":\"Mesto Flori 5 l\"}]},{\"@type\":\"WebSite\",\"@id\":\"https:\/\/www.food4animals.nl\/en\/#website\",\"url\":\"https:\/\/www.food4animals.nl\/en\/\",\"name\":\"Food4animals\",\"description\":\"Alles voor Ruiter en Dier\",\"publisher\":{\"@id\":\"https:\/\/www.food4animals.nl\/en\/#organization\"},\"potentialAction\":[{\"@type\":\"SearchAction\",\"target\":{\"@type\":\"EntryPoint\",\"urlTemplate\":\"https:\/\/www.food4animals.nl\/en\/?s={search_term_string}\"},\"query-input\":{\"@type\":\"PropertyValueSpecification\",\"valueRequired\":true,\"valueName\":\"search_term_string\"}}],\"inLanguage\":\"de\"},{\"@type\":\"Organization\",\"@id\":\"https:\/\/www.food4animals.nl\/en\/#organization\",\"name\":\"Food4animals\",\"url\":\"https:\/\/www.food4animals.nl\/en\/\",\"logo\":{\"@type\":\"ImageObject\",\"inLanguage\":\"de\",\"@id\":\"https:\/\/www.food4animals.nl\/en\/#\/schema\/logo\/image\/\",\"url\":\"https:\/\/www.food4animals.nl\/wp-content\/uploads\/2023\/10\/Logo.svg\",\"contentUrl\":\"https:\/\/www.food4animals.nl\/wp-content\/uploads\/2023\/10\/Logo.svg\",\"width\":1,\"height\":1,\"caption\":\"Food4animals\"},\"image\":{\"@id\":\"https:\/\/www.food4animals.nl\/en\/#\/schema\/logo\/image\/\"},\"sameAs\":[\"https:\/\/www.facebook.com\/p\/Food4animals-100063861676074\/\",\"https:\/\/x.com\/food4animals\"]}]}<\/script>\n<!-- \/ Yoast SEO plugin. -->","yoast_head_json":{"title":"Mesto Flori 5 l - Food4animals","robots":{"index":"index","follow":"follow","max-snippet":"max-snippet:-1","max-image-preview":"max-image-preview:large","max-video-preview":"max-video-preview:-1"},"canonical":"https:\/\/www.food4animals.nl\/de\/produkt\/mesto-flori-5-l\/","og_locale":"de_DE","og_type":"article","og_title":"Mesto Flori 5 l - Food4animals","og_description":"Allround drukspuit voor in en om het huis.","og_url":"https:\/\/www.food4animals.nl\/de\/produkt\/mesto-flori-5-l\/","og_site_name":"Food4animals","article_publisher":"https:\/\/www.facebook.com\/p\/Food4animals-100063861676074\/","article_modified_time":"2026-04-11T00:32:17+00:00","og_image":[{"width":377,"height":981,"url":"https:\/\/www.food4animals.nl\/wp-content\/uploads\/2025\/11\/MEST3232R.png","type":"image\/png"}],"twitter_card":"summary_large_image","twitter_site":"@food4animals","twitter_misc":{"Gesch\u00e4tzte Lesezeit":"1\u00a0Minute"},"schema":{"@context":"https:\/\/schema.org","@graph":[{"@type":"WebPage","@id":"https:\/\/www.food4animals.nl\/product\/mesto-flori-5-l\/","url":"https:\/\/www.food4animals.nl\/product\/mesto-flori-5-l\/","name":"Mesto Flori 5 l - Food4animals","isPartOf":{"@id":"https:\/\/www.food4animals.nl\/en\/#website"},"primaryImageOfPage":{"@id":"https:\/\/www.food4animals.nl\/product\/mesto-flori-5-l\/#primaryimage"},"image":{"@id":"https:\/\/www.food4animals.nl\/product\/mesto-flori-5-l\/#primaryimage"},"thumbnailUrl":"https:\/\/www.food4animals.nl\/wp-content\/uploads\/2025\/11\/MEST3232R.png","datePublished":"2023-12-14T15:21:22+00:00","dateModified":"2026-04-11T00:32:17+00:00","breadcrumb":{"@id":"https:\/\/www.food4animals.nl\/product\/mesto-flori-5-l\/#breadcrumb"},"inLanguage":"de","potentialAction":[{"@type":"ReadAction","target":["https:\/\/www.food4animals.nl\/product\/mesto-flori-5-l\/"]}]},{"@type":"ImageObject","inLanguage":"de","@id":"https:\/\/www.food4animals.nl\/product\/mesto-flori-5-l\/#primaryimage","url":"https:\/\/www.food4animals.nl\/wp-content\/uploads\/2025\/11\/MEST3232R.png","contentUrl":"https:\/\/www.food4animals.nl\/wp-content\/uploads\/2025\/11\/MEST3232R.png","width":377,"height":981},{"@type":"BreadcrumbList","@id":"https:\/\/www.food4animals.nl\/product\/mesto-flori-5-l\/#breadcrumb","itemListElement":[{"@type":"ListItem","position":1,"name":"Home","item":"https:\/\/www.food4animals.nl\/"},{"@type":"ListItem","position":2,"name":"Winkel","item":"https:\/\/www.food4animals.nl\/winkel\/"},{"@type":"ListItem","position":3,"name":"Mesto Flori 5 l"}]},{"@type":"WebSite","@id":"https:\/\/www.food4animals.nl\/en\/#website","url":"https:\/\/www.food4animals.nl\/en\/","name":"Lebensmittel4Tiere","description":"Alles f\u00fcr Reiter und Tier","publisher":{"@id":"https:\/\/www.food4animals.nl\/en\/#organization"},"potentialAction":[{"@type":"SearchAction","target":{"@type":"EntryPoint","urlTemplate":"https:\/\/www.food4animals.nl\/en\/?s={search_term_string}"},"query-input":{"@type":"PropertyValueSpecification","valueRequired":true,"valueName":"search_term_string"}}],"inLanguage":"de"},{"@type":"Organization","@id":"https:\/\/www.food4animals.nl\/en\/#organization","name":"Lebensmittel4Tiere","url":"https:\/\/www.food4animals.nl\/en\/","logo":{"@type":"ImageObject","inLanguage":"de","@id":"https:\/\/www.food4animals.nl\/en\/#\/schema\/logo\/image\/","url":"https:\/\/www.food4animals.nl\/wp-content\/uploads\/2023\/10\/Logo.svg","contentUrl":"https:\/\/www.food4animals.nl\/wp-content\/uploads\/2023\/10\/Logo.svg","width":1,"height":1,"caption":"Food4animals"},"image":{"@id":"https:\/\/www.food4animals.nl\/en\/#\/schema\/logo\/image\/"},"sameAs":["https:\/\/www.facebook.com\/p\/Food4animals-100063861676074\/","https:\/\/x.com\/food4animals"]}]}},"_links":{"self":[{"href":"https:\/\/www.food4animals.nl\/de\/wp-json\/wp\/v2\/product\/14787","targetHints":{"allow":["GET"]}}],"collection":[{"href":"https:\/\/www.food4animals.nl\/de\/wp-json\/wp\/v2\/product"}],"about":[{"href":"https:\/\/www.food4animals.nl\/de\/wp-json\/wp\/v2\/types\/product"}],"wp:featuredmedia":[{"embeddable":true,"href":"https:\/\/www.food4animals.nl\/de\/wp-json\/wp\/v2\/media\/39483"}],"wp:attachment":[{"href":"https:\/\/www.food4animals.nl\/de\/wp-json\/wp\/v2\/media?parent=14787"}],"wp:term":[{"taxonomy":"product_brand","embeddable":true,"href":"https:\/\/www.food4animals.nl\/de\/wp-json\/wp\/v2\/product_brand?post=14787"},{"taxonomy":"product_cat","embeddable":true,"href":"https:\/\/www.food4animals.nl\/de\/wp-json\/wp\/v2\/product_cat?post=14787"},{"taxonomy":"product_tag","embeddable":true,"href":"https:\/\/www.food4animals.nl\/de\/wp-json\/wp\/v2\/product_tag?post=14787"}],"curies":[{"name":"wp","href":"https:\/\/api.w.org\/{rel}","templated":true}]}}