{"id":14804,"date":"2023-12-14T15:24:27","date_gmt":"2023-12-14T15:24:27","guid":{"rendered":"https:\/\/food4animals.nl\/product\/mesto-inox-plus-6-l\/"},"modified":"2026-04-12T01:32:12","modified_gmt":"2026-04-12T00:32:12","slug":"mesto-inox-plus-6-l","status":"publish","type":"product","link":"https:\/\/www.food4animals.nl\/de\/produkt\/mesto-inox-plus-6-l\/","title":{"rendered":"Mesto Inox Plus 6 l"},"content":{"rendered":"<p><strong>Mesto Inox Plus<\/strong><br \/>Sehr professioneller Hochdruckspr\u00fcher (6 bar) f\u00fcr schwerere Arbeiten. Geeignet f\u00fcr die Verarbeitung von Produkten auf L\u00f6sungsmittelbasis. Ideal f\u00fcr den professionellen Sch\u00e4dlingsbek\u00e4mpfer und andere Fachleute.<br \/>\u00a0<br \/><strong>Vorteile:<\/strong><br \/>- Edelstahltank<br \/>- Revolverventil mit Filter<br \/>- Pumpe aus Messing<br \/>- Spiralschlauch von 250 cm<br \/>- Manometer<br \/>- Robuster Fu\u00dfring<br \/>- Schultertr\u00e4ger<br \/>\u00a0<br \/><strong>Lieferung<\/strong><br \/>Mit 50 cm langer Messinglanze und Flachd\u00fcse mit Filter f\u00fcr die Oberfl\u00e4chenbehandlung. Die Trichterabdeckung verhindert Verunreinigungen im Tank. Ausgestattet mit abschlie\u00dfbarem Fach f\u00fcr die Lagerung und immer mit Zubeh\u00f6r zur Hand.<br \/>\u00a0<br \/><strong>Einzelheiten<\/strong><br \/>Dichtungen: FPM (Viton\u00ae)<br \/>Fassungsverm\u00f6gen: 6 Liter<br \/>Arbeitsdruck: 6 bar<br \/>Anwendung: pH 5 - 9*<br \/>\u00a0<br \/>* Konsultieren Sie immer die Gebrauchsanweisung des Spr\u00fchger\u00e4ts und die Produktinformationen des Produkts, das Sie verarbeiten wollen.<br \/>\u00a0<br \/><strong>Made in Germany!<\/p>\n<p><\/strong><span style=\"color: #ffffff;\">mickriger Rabatt<\/span><strong><br \/><\/strong><span style=\"color: #ffffff;\">beneluxpestoffer<\/span><\/p>","protected":false},"excerpt":{"rendered":"<p>Sehr professioneller Hochdruckspr\u00fcher (6 bar) f\u00fcr schwerere Arbeiten. Geeignet f\u00fcr die Verarbeitung von Produkten auf L\u00f6sungsmittelbasis. Ideal f\u00fcr den professionellen Sch\u00e4dlingsbek\u00e4mpfer und andere Fachleute.<\/p>","protected":false},"featured_media":39494,"template":"","meta":{"_acf_changed":false},"product_brand":[],"product_cat":[1412,1247],"product_tag":[2749,2746,843,848,814,839,1211,844],"class_list":{"0":"post-14804","1":"product","2":"type-product","3":"status-publish","4":"has-post-thumbnail","6":"product_cat-ontsmetting-en-reiniging","7":"product_cat-stal-en-erf","8":"product_tag-drukspuiten","9":"product_tag-mesto","10":"product_tag-paard","11":"product_tag-reiniging-en-ontsmetting","12":"product_tag-rund","13":"product_tag-schaap-en-geit","14":"product_tag-spuitapparatuur-accessoires","15":"product_tag-varken","16":"tax_brand-mesto","18":"first","19":"instock","20":"taxable","21":"shipping-taxable","22":"purchasable","23":"product-type-simple"},"acf":[],"yoast_head":"<!-- This site is optimized with the Yoast SEO plugin v27.2 - https:\/\/yoast.com\/product\/yoast-seo-wordpress\/ -->\n<title>Mesto Inox Plus 6 l - Food4animals<\/title>\n<meta name=\"robots\" content=\"index, follow, max-snippet:-1, max-image-preview:large, max-video-preview:-1\" \/>\n<link rel=\"canonical\" href=\"https:\/\/www.food4animals.nl\/de\/produkt\/mesto-inox-plus-6-l\/\" \/>\n<meta property=\"og:locale\" content=\"de_DE\" \/>\n<meta property=\"og:type\" content=\"article\" \/>\n<meta property=\"og:title\" content=\"Mesto Inox Plus 6 l - Food4animals\" \/>\n<meta property=\"og:description\" content=\"Zeer professionele hoge (6 bar) drukspuit voor het zwaardere werk. Geschikt om producten op basis van oplosmiddelen mee te verwerken. Ideaal voor de professionele pest control specialist en overige professionals.\" \/>\n<meta property=\"og:url\" content=\"https:\/\/www.food4animals.nl\/de\/produkt\/mesto-inox-plus-6-l\/\" \/>\n<meta property=\"og:site_name\" content=\"Food4animals\" \/>\n<meta property=\"article:publisher\" content=\"https:\/\/www.facebook.com\/p\/Food4animals-100063861676074\/\" \/>\n<meta property=\"article:modified_time\" content=\"2026-04-12T00:32:12+00:00\" \/>\n<meta property=\"og:image\" content=\"https:\/\/www.food4animals.nl\/wp-content\/uploads\/2025\/11\/MEST3595P.png\" \/>\n\t<meta property=\"og:image:width\" content=\"488\" \/>\n\t<meta property=\"og:image:height\" content=\"980\" \/>\n\t<meta property=\"og:image:type\" content=\"image\/png\" \/>\n<meta name=\"twitter:card\" content=\"summary_large_image\" \/>\n<meta name=\"twitter:site\" content=\"@food4animals\" \/>\n<meta name=\"twitter:label1\" content=\"Gesch\u00e4tzte Lesezeit\" \/>\n\t<meta name=\"twitter:data1\" content=\"1\u00a0Minute\" \/>\n<script type=\"application\/ld+json\" class=\"yoast-schema-graph\">{\"@context\":\"https:\/\/schema.org\",\"@graph\":[{\"@type\":\"WebPage\",\"@id\":\"https:\/\/www.food4animals.nl\/product\/mesto-inox-plus-6-l\/\",\"url\":\"https:\/\/www.food4animals.nl\/product\/mesto-inox-plus-6-l\/\",\"name\":\"Mesto Inox Plus 6 l - Food4animals\",\"isPartOf\":{\"@id\":\"https:\/\/www.food4animals.nl\/en\/#website\"},\"primaryImageOfPage\":{\"@id\":\"https:\/\/www.food4animals.nl\/product\/mesto-inox-plus-6-l\/#primaryimage\"},\"image\":{\"@id\":\"https:\/\/www.food4animals.nl\/product\/mesto-inox-plus-6-l\/#primaryimage\"},\"thumbnailUrl\":\"https:\/\/www.food4animals.nl\/wp-content\/uploads\/2025\/11\/MEST3595P.png\",\"datePublished\":\"2023-12-14T15:24:27+00:00\",\"dateModified\":\"2026-04-12T00:32:12+00:00\",\"breadcrumb\":{\"@id\":\"https:\/\/www.food4animals.nl\/product\/mesto-inox-plus-6-l\/#breadcrumb\"},\"inLanguage\":\"de\",\"potentialAction\":[{\"@type\":\"ReadAction\",\"target\":[\"https:\/\/www.food4animals.nl\/product\/mesto-inox-plus-6-l\/\"]}]},{\"@type\":\"ImageObject\",\"inLanguage\":\"de\",\"@id\":\"https:\/\/www.food4animals.nl\/product\/mesto-inox-plus-6-l\/#primaryimage\",\"url\":\"https:\/\/www.food4animals.nl\/wp-content\/uploads\/2025\/11\/MEST3595P.png\",\"contentUrl\":\"https:\/\/www.food4animals.nl\/wp-content\/uploads\/2025\/11\/MEST3595P.png\",\"width\":488,\"height\":980},{\"@type\":\"BreadcrumbList\",\"@id\":\"https:\/\/www.food4animals.nl\/product\/mesto-inox-plus-6-l\/#breadcrumb\",\"itemListElement\":[{\"@type\":\"ListItem\",\"position\":1,\"name\":\"Home\",\"item\":\"https:\/\/www.food4animals.nl\/\"},{\"@type\":\"ListItem\",\"position\":2,\"name\":\"Winkel\",\"item\":\"https:\/\/www.food4animals.nl\/winkel\/\"},{\"@type\":\"ListItem\",\"position\":3,\"name\":\"Mesto Inox Plus 6 l\"}]},{\"@type\":\"WebSite\",\"@id\":\"https:\/\/www.food4animals.nl\/en\/#website\",\"url\":\"https:\/\/www.food4animals.nl\/en\/\",\"name\":\"Food4animals\",\"description\":\"Alles voor Ruiter en Dier\",\"publisher\":{\"@id\":\"https:\/\/www.food4animals.nl\/en\/#organization\"},\"potentialAction\":[{\"@type\":\"SearchAction\",\"target\":{\"@type\":\"EntryPoint\",\"urlTemplate\":\"https:\/\/www.food4animals.nl\/en\/?s={search_term_string}\"},\"query-input\":{\"@type\":\"PropertyValueSpecification\",\"valueRequired\":true,\"valueName\":\"search_term_string\"}}],\"inLanguage\":\"de\"},{\"@type\":\"Organization\",\"@id\":\"https:\/\/www.food4animals.nl\/en\/#organization\",\"name\":\"Food4animals\",\"url\":\"https:\/\/www.food4animals.nl\/en\/\",\"logo\":{\"@type\":\"ImageObject\",\"inLanguage\":\"de\",\"@id\":\"https:\/\/www.food4animals.nl\/en\/#\/schema\/logo\/image\/\",\"url\":\"https:\/\/www.food4animals.nl\/wp-content\/uploads\/2023\/10\/Logo.svg\",\"contentUrl\":\"https:\/\/www.food4animals.nl\/wp-content\/uploads\/2023\/10\/Logo.svg\",\"width\":1,\"height\":1,\"caption\":\"Food4animals\"},\"image\":{\"@id\":\"https:\/\/www.food4animals.nl\/en\/#\/schema\/logo\/image\/\"},\"sameAs\":[\"https:\/\/www.facebook.com\/p\/Food4animals-100063861676074\/\",\"https:\/\/x.com\/food4animals\"]}]}<\/script>\n<!-- \/ Yoast SEO plugin. -->","yoast_head_json":{"title":"Mesto Inox Plus 6 l - Food4animals","robots":{"index":"index","follow":"follow","max-snippet":"max-snippet:-1","max-image-preview":"max-image-preview:large","max-video-preview":"max-video-preview:-1"},"canonical":"https:\/\/www.food4animals.nl\/de\/produkt\/mesto-inox-plus-6-l\/","og_locale":"de_DE","og_type":"article","og_title":"Mesto Inox Plus 6 l - Food4animals","og_description":"Zeer professionele hoge (6 bar) drukspuit voor het zwaardere werk. Geschikt om producten op basis van oplosmiddelen mee te verwerken. Ideaal voor de professionele pest control specialist en overige professionals.","og_url":"https:\/\/www.food4animals.nl\/de\/produkt\/mesto-inox-plus-6-l\/","og_site_name":"Food4animals","article_publisher":"https:\/\/www.facebook.com\/p\/Food4animals-100063861676074\/","article_modified_time":"2026-04-12T00:32:12+00:00","og_image":[{"width":488,"height":980,"url":"https:\/\/www.food4animals.nl\/wp-content\/uploads\/2025\/11\/MEST3595P.png","type":"image\/png"}],"twitter_card":"summary_large_image","twitter_site":"@food4animals","twitter_misc":{"Gesch\u00e4tzte Lesezeit":"1\u00a0Minute"},"schema":{"@context":"https:\/\/schema.org","@graph":[{"@type":"WebPage","@id":"https:\/\/www.food4animals.nl\/product\/mesto-inox-plus-6-l\/","url":"https:\/\/www.food4animals.nl\/product\/mesto-inox-plus-6-l\/","name":"Mesto Inox Plus 6 l - Food4animals","isPartOf":{"@id":"https:\/\/www.food4animals.nl\/en\/#website"},"primaryImageOfPage":{"@id":"https:\/\/www.food4animals.nl\/product\/mesto-inox-plus-6-l\/#primaryimage"},"image":{"@id":"https:\/\/www.food4animals.nl\/product\/mesto-inox-plus-6-l\/#primaryimage"},"thumbnailUrl":"https:\/\/www.food4animals.nl\/wp-content\/uploads\/2025\/11\/MEST3595P.png","datePublished":"2023-12-14T15:24:27+00:00","dateModified":"2026-04-12T00:32:12+00:00","breadcrumb":{"@id":"https:\/\/www.food4animals.nl\/product\/mesto-inox-plus-6-l\/#breadcrumb"},"inLanguage":"de","potentialAction":[{"@type":"ReadAction","target":["https:\/\/www.food4animals.nl\/product\/mesto-inox-plus-6-l\/"]}]},{"@type":"ImageObject","inLanguage":"de","@id":"https:\/\/www.food4animals.nl\/product\/mesto-inox-plus-6-l\/#primaryimage","url":"https:\/\/www.food4animals.nl\/wp-content\/uploads\/2025\/11\/MEST3595P.png","contentUrl":"https:\/\/www.food4animals.nl\/wp-content\/uploads\/2025\/11\/MEST3595P.png","width":488,"height":980},{"@type":"BreadcrumbList","@id":"https:\/\/www.food4animals.nl\/product\/mesto-inox-plus-6-l\/#breadcrumb","itemListElement":[{"@type":"ListItem","position":1,"name":"Home","item":"https:\/\/www.food4animals.nl\/"},{"@type":"ListItem","position":2,"name":"Winkel","item":"https:\/\/www.food4animals.nl\/winkel\/"},{"@type":"ListItem","position":3,"name":"Mesto Inox Plus 6 l"}]},{"@type":"WebSite","@id":"https:\/\/www.food4animals.nl\/en\/#website","url":"https:\/\/www.food4animals.nl\/en\/","name":"Lebensmittel4Tiere","description":"Alles f\u00fcr Reiter und Tier","publisher":{"@id":"https:\/\/www.food4animals.nl\/en\/#organization"},"potentialAction":[{"@type":"SearchAction","target":{"@type":"EntryPoint","urlTemplate":"https:\/\/www.food4animals.nl\/en\/?s={search_term_string}"},"query-input":{"@type":"PropertyValueSpecification","valueRequired":true,"valueName":"search_term_string"}}],"inLanguage":"de"},{"@type":"Organization","@id":"https:\/\/www.food4animals.nl\/en\/#organization","name":"Lebensmittel4Tiere","url":"https:\/\/www.food4animals.nl\/en\/","logo":{"@type":"ImageObject","inLanguage":"de","@id":"https:\/\/www.food4animals.nl\/en\/#\/schema\/logo\/image\/","url":"https:\/\/www.food4animals.nl\/wp-content\/uploads\/2023\/10\/Logo.svg","contentUrl":"https:\/\/www.food4animals.nl\/wp-content\/uploads\/2023\/10\/Logo.svg","width":1,"height":1,"caption":"Food4animals"},"image":{"@id":"https:\/\/www.food4animals.nl\/en\/#\/schema\/logo\/image\/"},"sameAs":["https:\/\/www.facebook.com\/p\/Food4animals-100063861676074\/","https:\/\/x.com\/food4animals"]}]}},"_links":{"self":[{"href":"https:\/\/www.food4animals.nl\/de\/wp-json\/wp\/v2\/product\/14804","targetHints":{"allow":["GET"]}}],"collection":[{"href":"https:\/\/www.food4animals.nl\/de\/wp-json\/wp\/v2\/product"}],"about":[{"href":"https:\/\/www.food4animals.nl\/de\/wp-json\/wp\/v2\/types\/product"}],"wp:featuredmedia":[{"embeddable":true,"href":"https:\/\/www.food4animals.nl\/de\/wp-json\/wp\/v2\/media\/39494"}],"wp:attachment":[{"href":"https:\/\/www.food4animals.nl\/de\/wp-json\/wp\/v2\/media?parent=14804"}],"wp:term":[{"taxonomy":"product_brand","embeddable":true,"href":"https:\/\/www.food4animals.nl\/de\/wp-json\/wp\/v2\/product_brand?post=14804"},{"taxonomy":"product_cat","embeddable":true,"href":"https:\/\/www.food4animals.nl\/de\/wp-json\/wp\/v2\/product_cat?post=14804"},{"taxonomy":"product_tag","embeddable":true,"href":"https:\/\/www.food4animals.nl\/de\/wp-json\/wp\/v2\/product_tag?post=14804"}],"curies":[{"name":"wp","href":"https:\/\/api.w.org\/{rel}","templated":true}]}}