{"id":15000,"date":"2023-12-14T16:01:43","date_gmt":"2023-12-14T16:01:43","guid":{"rendered":"https:\/\/food4animals.nl\/product\/milbemax-kauwtabletten-hond-klein-chewy-4-tabl\/"},"modified":"2026-04-28T01:28:53","modified_gmt":"2026-04-28T00:28:53","slug":"milbemax-kautabletten-hund-klein-kauen-4-tabl","status":"publish","type":"product","link":"https:\/\/www.food4animals.nl\/de\/produkt\/milbemax-kautabletten-hund-klein-kauen-4-tabl\/","title":{"rendered":"Milbemax Kautabletten Hund Kleines Kautabletten 4 tabl. <5kg"},"content":{"rendered":"<h2><span style=\"font-size: 10pt;\"><strong>Milbemax Kautabletten f\u00fcr kleine Hunde und Welpen<\/strong><\/span><\/h2>\n<p><span style=\"font-size: 10pt;\">Kauwtabletten met natuurlijk kippenaroma voor de behandeling van infecties veroorzaakt door haak-, rond-, oog-, long- en lintwormen en voor de preventie van hartwormen en angiostrongylosis bij kleine honden (&lt; 5 kg) en puppy\u2019s.<\/span><\/p>\n<p><span style=\"font-size: 10pt;\"><strong>Wichtigste Vorteile<\/strong><\/span><\/p>\n<ul>\n<li><span style=\"font-size: 10pt;\">Leckere Kautablette mit H\u00fchnergeschmack<\/span><\/li>\n<li><span style=\"font-size: 10pt;\">Orales Anthelminthikum mit breitem Wirkungsspektrum<\/span><\/li>\n<li><span style=\"font-size: 10pt;\">Zur Vorbeugung von Herzw\u00fcrmern<\/span><\/li>\n<li><span style=\"font-size: 10pt;\">Bek\u00e4mpft auch Lungenw\u00fcrmer<\/span><\/li>\n<li><span style=\"font-size: 10pt;\">Geeignet f\u00fcr Welpen ab 1 kg K\u00f6rpergewicht<\/span><\/li>\n<li><span style=\"font-size: 10pt;\">Kann bei tr\u00e4chtigen und s\u00e4ugenden H\u00fcndinnen verwendet werden<\/span><\/li>\n<\/ul>\n<p><span style=\"font-size: 10pt;\"><strong>Zielarten<br \/>\n<\/strong><\/span><span style=\"font-size: 10pt;\">Hunde<\/span><\/p>\n<p><span style=\"font-size: 10pt;\"><strong>Aktiver Inhaltsstoff<br \/>\n<\/strong><\/span><span style=\"font-size: 10pt;\">Pro Kautablette:<br \/>\n<\/span><span style=\"font-size: 10pt;\">Milbemycin-Oxim 2,5 mg<br \/>\n<\/span><span style=\"font-size: 10pt;\">Praziquantel 25 mg<\/span><\/p>\n<p><span style=\"font-size: 10pt;\"><strong>Anzeige<br \/>\n<\/strong><\/span><span style=\"font-size: 10pt;\">Das Tierarzneimittel kann bei Hunden zur Behandlung von Mischinfektionen mit erwachsenen Cestoden und Nematoden der folgenden Arten verwendet werden, die empfindlich auf Praziquantel und Mibemycinoxim reagieren:<\/span><\/p>\n<p><span style=\"font-size: 10pt;\"><u>Zestoden: <\/u><em>Dipylidium caninum<\/em>, <em>Taenia <\/em>spp.., <em>Echinococcus<\/em> spp.., <em>Mesocestoides <\/em>spp.<\/span><\/p>\n<p><span style=\"font-size: 10pt;\"><u>Nematoden: <\/u><em>Ancylostoma caninum<\/em>, <em>Toxocara canis<\/em>, <em>Toxascaris leonina<\/em>, <em>Trichuris vulpis<\/em>, <em>Thelazia callipaeda<\/em>, <em>Crenosoma vulpis<\/em>.<\/span><\/p>\n<p><span style=\"font-size: 10pt;\">Unter <em>Angiostrongylus vasorum<\/em>Verabreichung des Tierarzneimittels zur Verringerung des Infektionsniveaus der unreifen adulten (L5) und adulten Stadien des Parasiten.<\/span><\/p>\n<p><span style=\"font-size: 10pt;\">Das Tierarzneimittel kann auch zur Vorbeugung von Herzwurmerkrankungen eingesetzt werden (<em>Dirofilaria immitis<\/em>), wenn eine gleichzeitige Behandlung gegen Cestoden erforderlich ist.<\/span><\/p>\n<p><span style=\"font-size: 10pt;\"><strong>Kontraindikationen<br \/>\n<\/strong><\/span><span style=\"font-size: 10pt;\">Verabreichen Sie die Kautabletten f\u00fcr kleine Hunde und Welpen nicht an Hunde, die weniger als 1 kg wiegen.<br \/>\n<\/span><span style=\"font-size: 10pt;\">Nicht anwenden bei \u00dcberempfindlichkeit gegen die Wirkstoffe oder einen der Hilfsstoffe.<\/span><\/p>\n<p><span style=\"font-size: 10pt;\"><strong>Dosierung und Verabreichung<br \/>\n<\/strong><\/span><span style=\"font-size: 10pt;\">Verabreichen Sie das Tierarzneimittel in einer empfohlenen Mindestdosis von 0,5 mg Milbemycinoxim und 5 mg Praziquantel pro kg K\u00f6rpergewicht.<\/span><\/p>\n<p><span style=\"font-size: 10pt;\"><u>Gewicht des Hundes Dosierung<br \/>\n<\/u><\/span><span style=\"font-size: 10pt;\">1 - 5 kg 1 Kautablette<\/span><\/p>\n<p><span style=\"font-size: 10pt;\">Lesen Sie vor der Anwendung die Packungsbeilage.<\/span><\/p>\n<p><span style=\"font-size: 10pt;\"><strong>Hinweise zur korrekten Anwendung<br \/>\n<\/strong><\/span><span style=\"font-size: 10pt;\">Verabreichen Sie die Kautablette einmal oral (\u00fcber den Mund) mit oder nach einer Mahlzeit.<\/span><\/p>\n<p><span style=\"font-size: 10pt;\"><strong>Besondere Warnhinweise und sonstige Informationen<br \/>\n<\/strong><\/span><span style=\"font-size: 10pt;\">Lesen Sie vor der Anwendung die Packungsbeilage.<\/span><\/p>\n<p><span style=\"font-size: 10pt;\"><strong>Inhalt<br \/>\n<\/strong><\/span><span style=\"font-size: 10pt;\">4 Kautabletten<\/span><\/p>\n<p><span style=\"font-size: 10pt;\">Voor honden &gt; 5 kg: zie <a href=\"https:\/\/www.food4animals.nl\/de\/produkt\/milbemax-kautabletten-hund-gros-kauen-4-tabl-5-75kg\/\" rel=\"noopener\">MILB002<\/a>.<\/span><\/p>\n<p><span style=\"font-size: 10pt;\"><a href=\"https:\/\/www.diergeneesmiddeleninformatiebank.nl\/ords\/f?p=111:3::SEARCH:NO::P0_DOMAIN,P0_LANG,P3_RVG1:V,NL,105573\" target=\"_blank\" rel=\"noopener\">REG EN 105573<\/a><\/span><\/p>\n<p><span style=\"font-size: 10pt;\">Nur f\u00fcr den tier\u00e4rztlichen Gebrauch - KOSTENLOS<\/span><\/p>\n<p><span style=\"font-size: 10pt;\"><img decoding=\"async\" class=\"preview\" style=\"max-width: 100%;\" src=\"..\/imagestream\/stream\/270690\/Carroussel.png\" alt=\"\" \/><\/span><\/p>\n<a href=\"https:\/\/www.cbg-meb.nl\/onderwerpen\/bd-internethandel-diergeneesmiddelen\" target=\"_blank\" rel=\"noopener\"><img decoding=\"async\" class=\"preview\" style=\"max-width: 90px; float: right;\" src=\"imagestream\/stream\/279197\/2209-logo-internethandel.jpg\" alt=\"\" \/><\/a>","protected":false},"excerpt":{"rendered":"<p>Milbemax Kauwtabletten Hond Klein Chewy 4 tabl. tot 5kg zijn supersmakelijke ontworm kauwtabletten met kipsmaak.<\/p>\n<p>Die Tabletten t\u00f6ten Rundw\u00fcrmer, Hakenw\u00fcrmer, Peitschenw\u00fcrmer und Bandw\u00fcrmer.<\/p>","protected":false},"featured_media":30677,"template":"","meta":{"_acf_changed":false},"product_brand":[],"product_cat":[821,1787],"product_tag":[875,876,823,2768,926,2769,971],"class_list":{"0":"post-15000","1":"product","2":"type-product","3":"status-publish","4":"has-post-thumbnail","6":"product_cat-hond","7":"product_cat-ontworming-hond","8":"product_tag-elanco","9":"product_tag-elancovet","10":"product_tag-hond","11":"product_tag-milbemax","12":"product_tag-rood","13":"product_tag-tabletten","14":"product_tag-wit","15":"tax_brand-milbemax","17":"first","18":"outofstock","19":"taxable","20":"shipping-taxable","21":"purchasable","22":"product-type-simple"},"acf":[],"yoast_head":"<!-- This site is optimized with the Yoast SEO plugin v27.4 - https:\/\/yoast.com\/product\/yoast-seo-wordpress\/ -->\n<title>Milbemax Kauwtabletten Hond Klein Chewy 4 tabl.<\/title>\n<meta name=\"robots\" content=\"index, follow, max-snippet:-1, max-image-preview:large, max-video-preview:-1\" \/>\n<link rel=\"canonical\" href=\"https:\/\/www.food4animals.nl\/de\/produkt\/milbemax-kautabletten-hund-klein-kauen-4-tabl\/\" \/>\n<meta property=\"og:locale\" content=\"de_DE\" \/>\n<meta property=\"og:type\" content=\"article\" \/>\n<meta property=\"og:title\" content=\"Milbemax Kauwtabletten Hond Klein Chewy 4 tabl.\" \/>\n<meta property=\"og:description\" content=\"Milbemax Kauwtabletten Hond Klein Chewy 4 tabl. tot 5kg zijn supersmakelijke ontworm kauwtabletten met kipsmaak.  De tabletten doden rondwormen, haakwormen, zweepwormen en lintwormen.\" \/>\n<meta property=\"og:url\" content=\"https:\/\/www.food4animals.nl\/de\/produkt\/milbemax-kautabletten-hund-klein-kauen-4-tabl\/\" \/>\n<meta property=\"og:site_name\" content=\"Food4animals\" \/>\n<meta property=\"article:publisher\" content=\"https:\/\/www.facebook.com\/p\/Food4animals-100063861676074\/\" \/>\n<meta property=\"article:modified_time\" content=\"2026-04-28T00:28:53+00:00\" \/>\n<meta property=\"og:image\" content=\"https:\/\/www.food4animals.nl\/wp-content\/uploads\/2023\/12\/Milbemax-Kauwtabletten-Hond-Klein-Chewy-4-tabl.-tot-5kg.jpg\" \/>\n\t<meta property=\"og:image:width\" content=\"1024\" \/>\n\t<meta property=\"og:image:height\" content=\"1098\" \/>\n\t<meta property=\"og:image:type\" content=\"image\/jpeg\" \/>\n<meta name=\"twitter:card\" content=\"summary_large_image\" \/>\n<meta name=\"twitter:site\" content=\"@food4animals\" \/>\n<meta name=\"twitter:label1\" content=\"Gesch\u00e4tzte Lesezeit\" \/>\n\t<meta name=\"twitter:data1\" content=\"3\u00a0Minuten\" \/>\n<script type=\"application\/ld+json\" class=\"yoast-schema-graph\">{\"@context\":\"https:\\\/\\\/schema.org\",\"@graph\":[{\"@type\":\"WebPage\",\"@id\":\"https:\\\/\\\/www.food4animals.nl\\\/product\\\/milbemax-kauwtabletten-hond-klein-chewy-4-tabl\\\/\",\"url\":\"https:\\\/\\\/www.food4animals.nl\\\/product\\\/milbemax-kauwtabletten-hond-klein-chewy-4-tabl\\\/\",\"name\":\"Milbemax Kauwtabletten Hond Klein Chewy 4 tabl.\",\"isPartOf\":{\"@id\":\"https:\\\/\\\/www.food4animals.nl\\\/en\\\/#website\"},\"primaryImageOfPage\":{\"@id\":\"https:\\\/\\\/www.food4animals.nl\\\/product\\\/milbemax-kauwtabletten-hond-klein-chewy-4-tabl\\\/#primaryimage\"},\"image\":{\"@id\":\"https:\\\/\\\/www.food4animals.nl\\\/product\\\/milbemax-kauwtabletten-hond-klein-chewy-4-tabl\\\/#primaryimage\"},\"thumbnailUrl\":\"https:\\\/\\\/www.food4animals.nl\\\/wp-content\\\/uploads\\\/2023\\\/12\\\/Milbemax-Kauwtabletten-Hond-Klein-Chewy-4-tabl.-tot-5kg.jpg\",\"datePublished\":\"2023-12-14T16:01:43+00:00\",\"dateModified\":\"2026-04-28T00:28:53+00:00\",\"breadcrumb\":{\"@id\":\"https:\\\/\\\/www.food4animals.nl\\\/product\\\/milbemax-kauwtabletten-hond-klein-chewy-4-tabl\\\/#breadcrumb\"},\"inLanguage\":\"de\",\"potentialAction\":[{\"@type\":\"ReadAction\",\"target\":[\"https:\\\/\\\/www.food4animals.nl\\\/product\\\/milbemax-kauwtabletten-hond-klein-chewy-4-tabl\\\/\"]}]},{\"@type\":\"ImageObject\",\"inLanguage\":\"de\",\"@id\":\"https:\\\/\\\/www.food4animals.nl\\\/product\\\/milbemax-kauwtabletten-hond-klein-chewy-4-tabl\\\/#primaryimage\",\"url\":\"https:\\\/\\\/www.food4animals.nl\\\/wp-content\\\/uploads\\\/2023\\\/12\\\/Milbemax-Kauwtabletten-Hond-Klein-Chewy-4-tabl.-tot-5kg.jpg\",\"contentUrl\":\"https:\\\/\\\/www.food4animals.nl\\\/wp-content\\\/uploads\\\/2023\\\/12\\\/Milbemax-Kauwtabletten-Hond-Klein-Chewy-4-tabl.-tot-5kg.jpg\",\"width\":1024,\"height\":1098,\"caption\":\"Milbemax Kauwtabletten Hond Klein Chewy 4 tabl. tot 5kg zijn supersmakelijke ontworming kauwtabletten met kipsmaak.\"},{\"@type\":\"BreadcrumbList\",\"@id\":\"https:\\\/\\\/www.food4animals.nl\\\/product\\\/milbemax-kauwtabletten-hond-klein-chewy-4-tabl\\\/#breadcrumb\",\"itemListElement\":[{\"@type\":\"ListItem\",\"position\":1,\"name\":\"Home\",\"item\":\"https:\\\/\\\/www.food4animals.nl\\\/\"},{\"@type\":\"ListItem\",\"position\":2,\"name\":\"Winkel\",\"item\":\"https:\\\/\\\/www.food4animals.nl\\\/winkel\\\/\"},{\"@type\":\"ListItem\",\"position\":3,\"name\":\"Milbemax Kauwtabletten Hond Klein Chewy 4 tabl.\"}]},{\"@type\":\"WebSite\",\"@id\":\"https:\\\/\\\/www.food4animals.nl\\\/en\\\/#website\",\"url\":\"https:\\\/\\\/www.food4animals.nl\\\/en\\\/\",\"name\":\"Food4animals\",\"description\":\"Alles voor Ruiter en Dier\",\"publisher\":{\"@id\":\"https:\\\/\\\/www.food4animals.nl\\\/en\\\/#organization\"},\"potentialAction\":[{\"@type\":\"SearchAction\",\"target\":{\"@type\":\"EntryPoint\",\"urlTemplate\":\"https:\\\/\\\/www.food4animals.nl\\\/en\\\/?s={search_term_string}\"},\"query-input\":{\"@type\":\"PropertyValueSpecification\",\"valueRequired\":true,\"valueName\":\"search_term_string\"}}],\"inLanguage\":\"de\"},{\"@type\":\"Organization\",\"@id\":\"https:\\\/\\\/www.food4animals.nl\\\/en\\\/#organization\",\"name\":\"Food4animals\",\"url\":\"https:\\\/\\\/www.food4animals.nl\\\/en\\\/\",\"logo\":{\"@type\":\"ImageObject\",\"inLanguage\":\"de\",\"@id\":\"https:\\\/\\\/www.food4animals.nl\\\/en\\\/#\\\/schema\\\/logo\\\/image\\\/\",\"url\":\"https:\\\/\\\/www.food4animals.nl\\\/wp-content\\\/uploads\\\/2023\\\/10\\\/Logo.svg\",\"contentUrl\":\"https:\\\/\\\/www.food4animals.nl\\\/wp-content\\\/uploads\\\/2023\\\/10\\\/Logo.svg\",\"width\":1,\"height\":1,\"caption\":\"Food4animals\"},\"image\":{\"@id\":\"https:\\\/\\\/www.food4animals.nl\\\/en\\\/#\\\/schema\\\/logo\\\/image\\\/\"},\"sameAs\":[\"https:\\\/\\\/www.facebook.com\\\/p\\\/Food4animals-100063861676074\\\/\",\"https:\\\/\\\/x.com\\\/food4animals\"]}]}<\/script>\n<!-- \/ Yoast SEO plugin. -->","yoast_head_json":{"title":"Milbemax Kautabletten Hund Kleines Kautabletten 4 tabl.","robots":{"index":"index","follow":"follow","max-snippet":"max-snippet:-1","max-image-preview":"max-image-preview:large","max-video-preview":"max-video-preview:-1"},"canonical":"https:\/\/www.food4animals.nl\/de\/produkt\/milbemax-kautabletten-hund-klein-kauen-4-tabl\/","og_locale":"de_DE","og_type":"article","og_title":"Milbemax Kauwtabletten Hond Klein Chewy 4 tabl.","og_description":"Milbemax Kauwtabletten Hond Klein Chewy 4 tabl. tot 5kg zijn supersmakelijke ontworm kauwtabletten met kipsmaak.  De tabletten doden rondwormen, haakwormen, zweepwormen en lintwormen.","og_url":"https:\/\/www.food4animals.nl\/de\/produkt\/milbemax-kautabletten-hund-klein-kauen-4-tabl\/","og_site_name":"Food4animals","article_publisher":"https:\/\/www.facebook.com\/p\/Food4animals-100063861676074\/","article_modified_time":"2026-04-28T00:28:53+00:00","og_image":[{"width":1024,"height":1098,"url":"https:\/\/www.food4animals.nl\/wp-content\/uploads\/2023\/12\/Milbemax-Kauwtabletten-Hond-Klein-Chewy-4-tabl.-tot-5kg.jpg","type":"image\/jpeg"}],"twitter_card":"summary_large_image","twitter_site":"@food4animals","twitter_misc":{"Gesch\u00e4tzte Lesezeit":"3\u00a0Minuten"},"schema":{"@context":"https:\/\/schema.org","@graph":[{"@type":"WebPage","@id":"https:\/\/www.food4animals.nl\/product\/milbemax-kauwtabletten-hond-klein-chewy-4-tabl\/","url":"https:\/\/www.food4animals.nl\/product\/milbemax-kauwtabletten-hond-klein-chewy-4-tabl\/","name":"Milbemax Kautabletten Hund Kleines Kautabletten 4 tabl.","isPartOf":{"@id":"https:\/\/www.food4animals.nl\/en\/#website"},"primaryImageOfPage":{"@id":"https:\/\/www.food4animals.nl\/product\/milbemax-kauwtabletten-hond-klein-chewy-4-tabl\/#primaryimage"},"image":{"@id":"https:\/\/www.food4animals.nl\/product\/milbemax-kauwtabletten-hond-klein-chewy-4-tabl\/#primaryimage"},"thumbnailUrl":"https:\/\/www.food4animals.nl\/wp-content\/uploads\/2023\/12\/Milbemax-Kauwtabletten-Hond-Klein-Chewy-4-tabl.-tot-5kg.jpg","datePublished":"2023-12-14T16:01:43+00:00","dateModified":"2026-04-28T00:28:53+00:00","breadcrumb":{"@id":"https:\/\/www.food4animals.nl\/product\/milbemax-kauwtabletten-hond-klein-chewy-4-tabl\/#breadcrumb"},"inLanguage":"de","potentialAction":[{"@type":"ReadAction","target":["https:\/\/www.food4animals.nl\/product\/milbemax-kauwtabletten-hond-klein-chewy-4-tabl\/"]}]},{"@type":"ImageObject","inLanguage":"de","@id":"https:\/\/www.food4animals.nl\/product\/milbemax-kauwtabletten-hond-klein-chewy-4-tabl\/#primaryimage","url":"https:\/\/www.food4animals.nl\/wp-content\/uploads\/2023\/12\/Milbemax-Kauwtabletten-Hond-Klein-Chewy-4-tabl.-tot-5kg.jpg","contentUrl":"https:\/\/www.food4animals.nl\/wp-content\/uploads\/2023\/12\/Milbemax-Kauwtabletten-Hond-Klein-Chewy-4-tabl.-tot-5kg.jpg","width":1024,"height":1098,"caption":"Milbemax Kauwtabletten Hond Klein Chewy 4 tabl. tot 5kg zijn supersmakelijke ontworming kauwtabletten met kipsmaak."},{"@type":"BreadcrumbList","@id":"https:\/\/www.food4animals.nl\/product\/milbemax-kauwtabletten-hond-klein-chewy-4-tabl\/#breadcrumb","itemListElement":[{"@type":"ListItem","position":1,"name":"Home","item":"https:\/\/www.food4animals.nl\/"},{"@type":"ListItem","position":2,"name":"Winkel","item":"https:\/\/www.food4animals.nl\/winkel\/"},{"@type":"ListItem","position":3,"name":"Milbemax Kauwtabletten Hond Klein Chewy 4 tabl."}]},{"@type":"WebSite","@id":"https:\/\/www.food4animals.nl\/en\/#website","url":"https:\/\/www.food4animals.nl\/en\/","name":"Lebensmittel4Tiere","description":"Alles f\u00fcr Reiter und Tier","publisher":{"@id":"https:\/\/www.food4animals.nl\/en\/#organization"},"potentialAction":[{"@type":"SearchAction","target":{"@type":"EntryPoint","urlTemplate":"https:\/\/www.food4animals.nl\/en\/?s={search_term_string}"},"query-input":{"@type":"PropertyValueSpecification","valueRequired":true,"valueName":"search_term_string"}}],"inLanguage":"de"},{"@type":"Organization","@id":"https:\/\/www.food4animals.nl\/en\/#organization","name":"Lebensmittel4Tiere","url":"https:\/\/www.food4animals.nl\/en\/","logo":{"@type":"ImageObject","inLanguage":"de","@id":"https:\/\/www.food4animals.nl\/en\/#\/schema\/logo\/image\/","url":"https:\/\/www.food4animals.nl\/wp-content\/uploads\/2023\/10\/Logo.svg","contentUrl":"https:\/\/www.food4animals.nl\/wp-content\/uploads\/2023\/10\/Logo.svg","width":1,"height":1,"caption":"Food4animals"},"image":{"@id":"https:\/\/www.food4animals.nl\/en\/#\/schema\/logo\/image\/"},"sameAs":["https:\/\/www.facebook.com\/p\/Food4animals-100063861676074\/","https:\/\/x.com\/food4animals"]}]}},"_links":{"self":[{"href":"https:\/\/www.food4animals.nl\/de\/wp-json\/wp\/v2\/product\/15000","targetHints":{"allow":["GET"]}}],"collection":[{"href":"https:\/\/www.food4animals.nl\/de\/wp-json\/wp\/v2\/product"}],"about":[{"href":"https:\/\/www.food4animals.nl\/de\/wp-json\/wp\/v2\/types\/product"}],"wp:featuredmedia":[{"embeddable":true,"href":"https:\/\/www.food4animals.nl\/de\/wp-json\/wp\/v2\/media\/30677"}],"wp:attachment":[{"href":"https:\/\/www.food4animals.nl\/de\/wp-json\/wp\/v2\/media?parent=15000"}],"wp:term":[{"taxonomy":"product_brand","embeddable":true,"href":"https:\/\/www.food4animals.nl\/de\/wp-json\/wp\/v2\/product_brand?post=15000"},{"taxonomy":"product_cat","embeddable":true,"href":"https:\/\/www.food4animals.nl\/de\/wp-json\/wp\/v2\/product_cat?post=15000"},{"taxonomy":"product_tag","embeddable":true,"href":"https:\/\/www.food4animals.nl\/de\/wp-json\/wp\/v2\/product_tag?post=15000"}],"curies":[{"name":"wp","href":"https:\/\/api.w.org\/{rel}","templated":true}]}}