{"id":15004,"date":"2023-12-14T16:02:48","date_gmt":"2023-12-14T16:02:48","guid":{"rendered":"https:\/\/food4animals.nl\/product\/milbemax-tabletten-hond-groot-2-tabl-5-75kg\/"},"modified":"2026-04-21T01:28:50","modified_gmt":"2026-04-21T00:28:50","slug":"milbemax-tabletten-hund-gros-2-tabletten-5-75kg","status":"publish","type":"product","link":"https:\/\/www.food4animals.nl\/de\/produkt\/milbemax-tabletten-hund-gros-2-tabletten-5-75kg\/","title":{"rendered":"Milbemax Tabletten Hund Large 2 Tabletten 5-75kg"},"content":{"rendered":"<h2><span style=\"font-size: 10pt;\"><strong>Milbemax tabletten voor honden (&gt; 5 kg)<\/strong><\/span><\/h2>\n<p><span style=\"font-size: 10pt;\">Runde, wei\u00dfe Tabletten zur Behandlung von Infektionen durch Haken-, Rund-, Augen-, Lungen- und Bandw\u00fcrmer sowie zur Vorbeugung von Herzw\u00fcrmern und Angiostrongylose bei Hunden \u00fcber 5 kg K\u00f6rpergewicht.<\/span><\/p>\n<p><span style=\"font-size: 10pt;\"><strong>Vorteile<\/strong><\/span><\/p>\n<ul>\n<li><span style=\"font-size: 10pt;\">Breitspektrum-Anthelminthikum<\/span><\/li>\n<li><span style=\"font-size: 10pt;\">Pr\u00e4vention des Herzwurms<\/span><\/li>\n<li><span style=\"font-size: 10pt;\">Geeignet f\u00fcr Hunde ab 5 kg K\u00f6rpergewicht<\/span><\/li>\n<li><span style=\"font-size: 10pt;\">Geeignet f\u00fcr tr\u00e4chtige und s\u00e4ugende H\u00fcndinnen<\/span><\/li>\n<\/ul>\n<p><span style=\"font-size: 10pt;\"><strong>Zielarten<br \/>\n<\/strong><\/span><span style=\"font-size: 10pt;\">Hund<\/span><\/p>\n<p><span style=\"font-size: 10pt;\"><strong>Aktiver Inhaltsstoff<br \/>\n<\/strong><\/span><span style=\"font-size: 10pt;\">Pro Tablette:<br \/>\n<\/span><span style=\"font-size: 10pt;\">Milbemycin-Oxim 12,5 mg<br \/>\n<\/span><span style=\"font-size: 10pt;\">Praziquantel 125 mg<\/span><\/p>\n<p><span style=\"font-size: 10pt;\"><strong>Anzeige<br \/>\n<\/strong><\/span><span style=\"font-size: 10pt;\">Das Tierarzneimittel kann bei Hunden zur Behandlung von Mischinfektionen mit erwachsenen Cestoden und Nematoden der folgenden Arten verwendet werden:<\/span><\/p>\n<p><span style=\"font-size: 10pt;\"><u>Zestoden:<\/u> <em>Dipylidum caninum<\/em>, <em>Taenia <\/em>spp.., <em>Echinococcus<\/em> spp.., <em>Mesocestoides<\/em> spp.<\/span><\/p>\n<p><span style=\"font-size: 10pt;\"><u>Nematoden:<\/u> <em>Ancylostoma caninum<\/em>, <em>Toxocara canis<\/em>, <em>Toxascaris leonina<\/em>, <em>Trichuris vulpis<\/em>, <em>Thelazia callipaeda<\/em>.<\/span><\/p>\n<p><span style=\"font-size: 10pt;\">Unter <em>Crenosoma vulpis<\/em>: Verabreichung zur Verringerung der Infektionsrate.<br \/>\n<\/span><span style=\"font-size: 10pt;\">Unter <em>Angiostrongylus vasorum<\/em>: Verabreichung zur Verringerung der Infektionsrate bei unreifen adulten (L5) und adulten Stadien des Parasiten.<\/span><\/p>\n<p><span style=\"font-size: 10pt;\">Das Tierarzneimittel kann auch zur Vorbeugung von Herzwurmerkrankungen eingesetzt werden (<em>Dirofilariose immitis<\/em>), wenn eine gleichzeitige Behandlung gegen Cestoden erforderlich ist.<\/span><\/p>\n<p><span style=\"font-size: 10pt;\"><strong>Kontraindikationen<br \/>\n<\/strong><\/span><span style=\"font-size: 10pt;\">Nicht an Hunde mit einem Gewicht von weniger als 5 kg verabreichen.<br \/>\n<\/span><span style=\"font-size: 10pt;\">Nicht anwenden bei \u00dcberempfindlichkeit gegen die Wirkstoffe oder einen der Hilfsstoffe.<\/span><\/p>\n<p><span style=\"font-size: 10pt;\"><strong>Dosierung und Verabreichung<br \/>\n<\/strong><\/span><span style=\"font-size: 10pt;\">Verabreichen Sie eine Mindestdosis von 0,5 mg Milbemycinoxim und 5 mg Praziquantel pro kg K\u00f6rpergewicht.<\/span><\/p>\n<p><span style=\"font-size: 10pt;\"><u>Gewicht des Hundes Dosierung<br \/>\n<\/u><\/span><span style=\"font-size: 10pt;\">5 - 25 kg 1 Tablette<br \/>\n<\/span><span style=\"font-size: 10pt;\">&gt;25 \u2013 50 kg\u00a0\u00a0\u00a0\u00a0\u00a0\u00a0\u00a0\u00a0\u00a0\u00a0\u00a0\u00a0\u00a0\u00a0\u00a0\u00a0\u00a0\u00a0\u00a0\u00a0\u00a0\u00a0\u00a0\u00a0\u00a0\u00a0\u00a0\u00a0\u00a0\u00a0\u00a0\u00a0\u00a0\u00a0\u00a0\u00a0\u00a0\u00a0\u00a0 2 tabletten<br \/>\n<\/span><span style=\"font-size: 10pt;\">&gt;50 \u2013 75 kg\u00a0\u00a0\u00a0\u00a0\u00a0\u00a0\u00a0\u00a0\u00a0\u00a0\u00a0\u00a0\u00a0\u00a0\u00a0\u00a0\u00a0\u00a0\u00a0\u00a0\u00a0\u00a0\u00a0\u00a0\u00a0\u00a0\u00a0\u00a0\u00a0\u00a0\u00a0\u00a0\u00a0\u00a0\u00a0\u00a0\u00a0\u00a0\u00a0 3 tabletten<\/span><\/p>\n<p><span style=\"font-size: 10pt;\">Lesen Sie vor der Anwendung die Packungsbeilage.<br \/>\n<\/span><\/p>\n<p><span style=\"font-size: 10pt;\"><strong>Hinweise zur korrekten Anwendung<br \/>\n<\/strong><\/span><span style=\"font-size: 10pt;\">Verabreichen Sie das Tierarzneimittel einmalig oral (\u00fcber den Mund) mit oder nach dem Essen.<\/span><\/p>\n<p><span style=\"font-size: 10pt;\"><strong>Besondere Warnhinweise und sonstige Informationen<br \/>\n<\/strong><\/span><span style=\"font-size: 10pt;\">Lesen Sie vor der Anwendung die Packungsbeilage.<\/span><\/p>\n<p><span style=\"font-size: 10pt;\"><strong>Inhalt<br \/>\n<\/strong><\/span><span style=\"font-size: 10pt;\">MILB005X - 2 Tabletten<br \/>\n<\/span><span style=\"font-size: 10pt;\">MILB006 - 4 Tabletten<br \/>\n<\/span><span style=\"font-size: 10pt;\">MILB006G - 50 Tabletten<\/span><\/p>\n<p><span style=\"font-size: 10pt;\">Voor puppy\u2019s en kleine honden (&lt; 5 kg): zie <a href=\"https:\/\/www.food4animals.nl\/de\/produkt\/milbemax-tabletten-welpe-kleiner-hund-2-tabletten\/\" rel=\"noopener\">MILB004G<\/a> (2 Tabletten) oder <a href=\"https:\/\/www.food4animals.nl\/de\/produkt\/https-www-food4animals-nl-product-milbemax-tabletten-puppy-kleine-hond-4-tabl\/\" rel=\"noopener\">MILB005<\/a> (4 Tabletten).<\/span><\/p>\n<p><span style=\"font-size: 10pt;\">REG DE<a href=\"https:\/\/www.diergeneesmiddeleninformatiebank.nl\/ords\/f?p=111:3::SEARCH:::P0_DOMAIN,P0_LANG,P3_RVG1:V,NL,10091\" target=\"_blank\" rel=\"noopener\"> 10091<\/a>\u00a0<\/span><\/p>\n<p><span style=\"font-size: 10pt;\">Nur f\u00fcr den tier\u00e4rztlichen Gebrauch - KOSTENLOS<\/span><\/p>\n<p><span style=\"font-size: 10pt;\"><img decoding=\"async\" class=\"preview\" style=\"max-width: 100%;\" src=\"..\/..\/..\/imagestream\/stream\/270690\/Carroussel.png\" alt=\"\" \/><\/span><\/p>\n<a href=\"https:\/\/www.cbg-meb.nl\/onderwerpen\/bd-internethandel-diergeneesmiddelen\" target=\"_blank\" rel=\"noopener\"><img decoding=\"async\" class=\"preview\" style=\"max-width: 90px; float: right;\" src=\"imagestream\/stream\/279197\/2209-logo-internethandel.jpg\" alt=\"\" \/><\/a>","protected":false},"excerpt":{"rendered":"<p>Milbemax Tabletten Hond Groot 2 tabletten voor honden van 5 tot 75kg doden rondwormen, haakwormen, zweepwormen en lintwormen. Tevens inzetbaar bij dragende en lacterende teven.<\/p>","protected":false},"featured_media":30680,"template":"","meta":{"_acf_changed":false},"product_brand":[],"product_cat":[821,1787],"product_tag":[875,876,823,2768,2769],"class_list":{"0":"post-15004","1":"product","2":"type-product","3":"status-publish","4":"has-post-thumbnail","6":"product_cat-hond","7":"product_cat-ontworming-hond","8":"product_tag-elanco","9":"product_tag-elancovet","10":"product_tag-hond","11":"product_tag-milbemax","12":"product_tag-tabletten","13":"tax_brand-milbemax","15":"first","16":"instock","17":"taxable","18":"shipping-taxable","19":"purchasable","20":"product-type-simple"},"acf":[],"yoast_head":"<!-- This site is optimized with the Yoast SEO plugin v27.4 - https:\/\/yoast.com\/product\/yoast-seo-wordpress\/ -->\n<title>Milbemax Tabletten Hond Groot 2 tabl. 5-75kg - Food4animals<\/title>\n<meta name=\"description\" content=\"Milbemax Tabletten Hond Groot 2 tabletten voor honden van 5 tot 75kg doden rondwormen, haakwormen, zweepwormen en lintwormen. Tevens inzetbaar bij dragende en lacterende teven.\" \/>\n<meta name=\"robots\" content=\"index, follow, max-snippet:-1, max-image-preview:large, max-video-preview:-1\" \/>\n<link rel=\"canonical\" href=\"https:\/\/www.food4animals.nl\/de\/produkt\/milbemax-tabletten-hund-gros-2-tabletten-5-75kg\/\" \/>\n<meta property=\"og:locale\" content=\"de_DE\" \/>\n<meta property=\"og:type\" content=\"article\" \/>\n<meta property=\"og:title\" content=\"Milbemax Tabletten Hond Groot 2 tabl. 5-75kg - Food4animals\" \/>\n<meta property=\"og:description\" content=\"Milbemax Tabletten Hond Groot 2 tabletten voor honden van 5 tot 75kg doden rondwormen, haakwormen, zweepwormen en lintwormen. Tevens inzetbaar bij dragende en lacterende teven.\" \/>\n<meta property=\"og:url\" content=\"https:\/\/www.food4animals.nl\/de\/produkt\/milbemax-tabletten-hund-gros-2-tabletten-5-75kg\/\" \/>\n<meta property=\"og:site_name\" content=\"Food4animals\" \/>\n<meta property=\"article:publisher\" content=\"https:\/\/www.facebook.com\/p\/Food4animals-100063861676074\/\" \/>\n<meta property=\"article:modified_time\" content=\"2026-04-21T00:28:50+00:00\" \/>\n<meta property=\"og:image\" content=\"https:\/\/www.food4animals.nl\/wp-content\/uploads\/2023\/12\/Milbemax-Tabletten-Hond-Groot-2-tabl.-van-5-tot-75kg.jpg\" \/>\n\t<meta property=\"og:image:width\" content=\"1024\" \/>\n\t<meta property=\"og:image:height\" content=\"1098\" \/>\n\t<meta property=\"og:image:type\" content=\"image\/jpeg\" \/>\n<meta name=\"twitter:card\" content=\"summary_large_image\" \/>\n<meta name=\"twitter:site\" content=\"@food4animals\" \/>\n<meta name=\"twitter:label1\" content=\"Gesch\u00e4tzte Lesezeit\" \/>\n\t<meta name=\"twitter:data1\" content=\"3\u00a0Minuten\" \/>\n<script type=\"application\/ld+json\" class=\"yoast-schema-graph\">{\"@context\":\"https:\\\/\\\/schema.org\",\"@graph\":[{\"@type\":\"WebPage\",\"@id\":\"https:\\\/\\\/www.food4animals.nl\\\/product\\\/milbemax-tabletten-hond-groot-2-tabl-5-75kg\\\/\",\"url\":\"https:\\\/\\\/www.food4animals.nl\\\/product\\\/milbemax-tabletten-hond-groot-2-tabl-5-75kg\\\/\",\"name\":\"Milbemax Tabletten Hond Groot 2 tabl. 5-75kg - Food4animals\",\"isPartOf\":{\"@id\":\"https:\\\/\\\/www.food4animals.nl\\\/en\\\/#website\"},\"primaryImageOfPage\":{\"@id\":\"https:\\\/\\\/www.food4animals.nl\\\/product\\\/milbemax-tabletten-hond-groot-2-tabl-5-75kg\\\/#primaryimage\"},\"image\":{\"@id\":\"https:\\\/\\\/www.food4animals.nl\\\/product\\\/milbemax-tabletten-hond-groot-2-tabl-5-75kg\\\/#primaryimage\"},\"thumbnailUrl\":\"https:\\\/\\\/www.food4animals.nl\\\/wp-content\\\/uploads\\\/2023\\\/12\\\/Milbemax-Tabletten-Hond-Groot-2-tabl.-van-5-tot-75kg.jpg\",\"datePublished\":\"2023-12-14T16:02:48+00:00\",\"dateModified\":\"2026-04-21T00:28:50+00:00\",\"description\":\"Milbemax Tabletten Hond Groot 2 tabletten voor honden van 5 tot 75kg doden rondwormen, haakwormen, zweepwormen en lintwormen. Tevens inzetbaar bij dragende en lacterende teven.\",\"breadcrumb\":{\"@id\":\"https:\\\/\\\/www.food4animals.nl\\\/product\\\/milbemax-tabletten-hond-groot-2-tabl-5-75kg\\\/#breadcrumb\"},\"inLanguage\":\"de\",\"potentialAction\":[{\"@type\":\"ReadAction\",\"target\":[\"https:\\\/\\\/www.food4animals.nl\\\/product\\\/milbemax-tabletten-hond-groot-2-tabl-5-75kg\\\/\"]}]},{\"@type\":\"ImageObject\",\"inLanguage\":\"de\",\"@id\":\"https:\\\/\\\/www.food4animals.nl\\\/product\\\/milbemax-tabletten-hond-groot-2-tabl-5-75kg\\\/#primaryimage\",\"url\":\"https:\\\/\\\/www.food4animals.nl\\\/wp-content\\\/uploads\\\/2023\\\/12\\\/Milbemax-Tabletten-Hond-Groot-2-tabl.-van-5-tot-75kg.jpg\",\"contentUrl\":\"https:\\\/\\\/www.food4animals.nl\\\/wp-content\\\/uploads\\\/2023\\\/12\\\/Milbemax-Tabletten-Hond-Groot-2-tabl.-van-5-tot-75kg.jpg\",\"width\":1024,\"height\":1098,\"caption\":\"Milbemax Tabletten Hond Groot 2 tabl. van 5 tot 75kg doden rondwormen, haakwormen, zweepwormen en lintwormen. Tevens inzetbaar bij dragende en lacterende teven.\"},{\"@type\":\"BreadcrumbList\",\"@id\":\"https:\\\/\\\/www.food4animals.nl\\\/product\\\/milbemax-tabletten-hond-groot-2-tabl-5-75kg\\\/#breadcrumb\",\"itemListElement\":[{\"@type\":\"ListItem\",\"position\":1,\"name\":\"Home\",\"item\":\"https:\\\/\\\/www.food4animals.nl\\\/\"},{\"@type\":\"ListItem\",\"position\":2,\"name\":\"Winkel\",\"item\":\"https:\\\/\\\/www.food4animals.nl\\\/winkel\\\/\"},{\"@type\":\"ListItem\",\"position\":3,\"name\":\"Milbemax Tabletten Hond Groot 2 tabl. 5-75kg\"}]},{\"@type\":\"WebSite\",\"@id\":\"https:\\\/\\\/www.food4animals.nl\\\/en\\\/#website\",\"url\":\"https:\\\/\\\/www.food4animals.nl\\\/en\\\/\",\"name\":\"Food4animals\",\"description\":\"Alles voor Ruiter en Dier\",\"publisher\":{\"@id\":\"https:\\\/\\\/www.food4animals.nl\\\/en\\\/#organization\"},\"potentialAction\":[{\"@type\":\"SearchAction\",\"target\":{\"@type\":\"EntryPoint\",\"urlTemplate\":\"https:\\\/\\\/www.food4animals.nl\\\/en\\\/?s={search_term_string}\"},\"query-input\":{\"@type\":\"PropertyValueSpecification\",\"valueRequired\":true,\"valueName\":\"search_term_string\"}}],\"inLanguage\":\"de\"},{\"@type\":\"Organization\",\"@id\":\"https:\\\/\\\/www.food4animals.nl\\\/en\\\/#organization\",\"name\":\"Food4animals\",\"url\":\"https:\\\/\\\/www.food4animals.nl\\\/en\\\/\",\"logo\":{\"@type\":\"ImageObject\",\"inLanguage\":\"de\",\"@id\":\"https:\\\/\\\/www.food4animals.nl\\\/en\\\/#\\\/schema\\\/logo\\\/image\\\/\",\"url\":\"https:\\\/\\\/www.food4animals.nl\\\/wp-content\\\/uploads\\\/2023\\\/10\\\/Logo.svg\",\"contentUrl\":\"https:\\\/\\\/www.food4animals.nl\\\/wp-content\\\/uploads\\\/2023\\\/10\\\/Logo.svg\",\"width\":1,\"height\":1,\"caption\":\"Food4animals\"},\"image\":{\"@id\":\"https:\\\/\\\/www.food4animals.nl\\\/en\\\/#\\\/schema\\\/logo\\\/image\\\/\"},\"sameAs\":[\"https:\\\/\\\/www.facebook.com\\\/p\\\/Food4animals-100063861676074\\\/\",\"https:\\\/\\\/x.com\\\/food4animals\"]}]}<\/script>\n<!-- \/ Yoast SEO plugin. -->","yoast_head_json":{"title":"Milbemax Tabletten Hund Large 2 Tabletten 5-75kg - Food4animals","description":"Milbemax Tabletten Hond Groot 2 tabletten voor honden van 5 tot 75kg doden rondwormen, haakwormen, zweepwormen en lintwormen. Tevens inzetbaar bij dragende en lacterende teven.","robots":{"index":"index","follow":"follow","max-snippet":"max-snippet:-1","max-image-preview":"max-image-preview:large","max-video-preview":"max-video-preview:-1"},"canonical":"https:\/\/www.food4animals.nl\/de\/produkt\/milbemax-tabletten-hund-gros-2-tabletten-5-75kg\/","og_locale":"de_DE","og_type":"article","og_title":"Milbemax Tabletten Hond Groot 2 tabl. 5-75kg - Food4animals","og_description":"Milbemax Tabletten Hond Groot 2 tabletten voor honden van 5 tot 75kg doden rondwormen, haakwormen, zweepwormen en lintwormen. Tevens inzetbaar bij dragende en lacterende teven.","og_url":"https:\/\/www.food4animals.nl\/de\/produkt\/milbemax-tabletten-hund-gros-2-tabletten-5-75kg\/","og_site_name":"Food4animals","article_publisher":"https:\/\/www.facebook.com\/p\/Food4animals-100063861676074\/","article_modified_time":"2026-04-21T00:28:50+00:00","og_image":[{"width":1024,"height":1098,"url":"https:\/\/www.food4animals.nl\/wp-content\/uploads\/2023\/12\/Milbemax-Tabletten-Hond-Groot-2-tabl.-van-5-tot-75kg.jpg","type":"image\/jpeg"}],"twitter_card":"summary_large_image","twitter_site":"@food4animals","twitter_misc":{"Gesch\u00e4tzte Lesezeit":"3\u00a0Minuten"},"schema":{"@context":"https:\/\/schema.org","@graph":[{"@type":"WebPage","@id":"https:\/\/www.food4animals.nl\/product\/milbemax-tabletten-hond-groot-2-tabl-5-75kg\/","url":"https:\/\/www.food4animals.nl\/product\/milbemax-tabletten-hond-groot-2-tabl-5-75kg\/","name":"Milbemax Tabletten Hund Large 2 Tabletten 5-75kg - Food4animals","isPartOf":{"@id":"https:\/\/www.food4animals.nl\/en\/#website"},"primaryImageOfPage":{"@id":"https:\/\/www.food4animals.nl\/product\/milbemax-tabletten-hond-groot-2-tabl-5-75kg\/#primaryimage"},"image":{"@id":"https:\/\/www.food4animals.nl\/product\/milbemax-tabletten-hond-groot-2-tabl-5-75kg\/#primaryimage"},"thumbnailUrl":"https:\/\/www.food4animals.nl\/wp-content\/uploads\/2023\/12\/Milbemax-Tabletten-Hond-Groot-2-tabl.-van-5-tot-75kg.jpg","datePublished":"2023-12-14T16:02:48+00:00","dateModified":"2026-04-21T00:28:50+00:00","description":"Milbemax Tabletten Hond Groot 2 tabletten voor honden van 5 tot 75kg doden rondwormen, haakwormen, zweepwormen en lintwormen. Tevens inzetbaar bij dragende en lacterende teven.","breadcrumb":{"@id":"https:\/\/www.food4animals.nl\/product\/milbemax-tabletten-hond-groot-2-tabl-5-75kg\/#breadcrumb"},"inLanguage":"de","potentialAction":[{"@type":"ReadAction","target":["https:\/\/www.food4animals.nl\/product\/milbemax-tabletten-hond-groot-2-tabl-5-75kg\/"]}]},{"@type":"ImageObject","inLanguage":"de","@id":"https:\/\/www.food4animals.nl\/product\/milbemax-tabletten-hond-groot-2-tabl-5-75kg\/#primaryimage","url":"https:\/\/www.food4animals.nl\/wp-content\/uploads\/2023\/12\/Milbemax-Tabletten-Hond-Groot-2-tabl.-van-5-tot-75kg.jpg","contentUrl":"https:\/\/www.food4animals.nl\/wp-content\/uploads\/2023\/12\/Milbemax-Tabletten-Hond-Groot-2-tabl.-van-5-tot-75kg.jpg","width":1024,"height":1098,"caption":"Milbemax Tabletten Hond Groot 2 tabl. van 5 tot 75kg doden rondwormen, haakwormen, zweepwormen en lintwormen. Tevens inzetbaar bij dragende en lacterende teven."},{"@type":"BreadcrumbList","@id":"https:\/\/www.food4animals.nl\/product\/milbemax-tabletten-hond-groot-2-tabl-5-75kg\/#breadcrumb","itemListElement":[{"@type":"ListItem","position":1,"name":"Home","item":"https:\/\/www.food4animals.nl\/"},{"@type":"ListItem","position":2,"name":"Winkel","item":"https:\/\/www.food4animals.nl\/winkel\/"},{"@type":"ListItem","position":3,"name":"Milbemax Tabletten Hond Groot 2 tabl. 5-75kg"}]},{"@type":"WebSite","@id":"https:\/\/www.food4animals.nl\/en\/#website","url":"https:\/\/www.food4animals.nl\/en\/","name":"Lebensmittel4Tiere","description":"Alles f\u00fcr Reiter und Tier","publisher":{"@id":"https:\/\/www.food4animals.nl\/en\/#organization"},"potentialAction":[{"@type":"SearchAction","target":{"@type":"EntryPoint","urlTemplate":"https:\/\/www.food4animals.nl\/en\/?s={search_term_string}"},"query-input":{"@type":"PropertyValueSpecification","valueRequired":true,"valueName":"search_term_string"}}],"inLanguage":"de"},{"@type":"Organization","@id":"https:\/\/www.food4animals.nl\/en\/#organization","name":"Lebensmittel4Tiere","url":"https:\/\/www.food4animals.nl\/en\/","logo":{"@type":"ImageObject","inLanguage":"de","@id":"https:\/\/www.food4animals.nl\/en\/#\/schema\/logo\/image\/","url":"https:\/\/www.food4animals.nl\/wp-content\/uploads\/2023\/10\/Logo.svg","contentUrl":"https:\/\/www.food4animals.nl\/wp-content\/uploads\/2023\/10\/Logo.svg","width":1,"height":1,"caption":"Food4animals"},"image":{"@id":"https:\/\/www.food4animals.nl\/en\/#\/schema\/logo\/image\/"},"sameAs":["https:\/\/www.facebook.com\/p\/Food4animals-100063861676074\/","https:\/\/x.com\/food4animals"]}]}},"_links":{"self":[{"href":"https:\/\/www.food4animals.nl\/de\/wp-json\/wp\/v2\/product\/15004","targetHints":{"allow":["GET"]}}],"collection":[{"href":"https:\/\/www.food4animals.nl\/de\/wp-json\/wp\/v2\/product"}],"about":[{"href":"https:\/\/www.food4animals.nl\/de\/wp-json\/wp\/v2\/types\/product"}],"wp:featuredmedia":[{"embeddable":true,"href":"https:\/\/www.food4animals.nl\/de\/wp-json\/wp\/v2\/media\/30680"}],"wp:attachment":[{"href":"https:\/\/www.food4animals.nl\/de\/wp-json\/wp\/v2\/media?parent=15004"}],"wp:term":[{"taxonomy":"product_brand","embeddable":true,"href":"https:\/\/www.food4animals.nl\/de\/wp-json\/wp\/v2\/product_brand?post=15004"},{"taxonomy":"product_cat","embeddable":true,"href":"https:\/\/www.food4animals.nl\/de\/wp-json\/wp\/v2\/product_cat?post=15004"},{"taxonomy":"product_tag","embeddable":true,"href":"https:\/\/www.food4animals.nl\/de\/wp-json\/wp\/v2\/product_tag?post=15004"}],"curies":[{"name":"wp","href":"https:\/\/api.w.org\/{rel}","templated":true}]}}