{"id":15009,"date":"2023-12-14T16:04:28","date_gmt":"2023-12-14T16:04:28","guid":{"rendered":"https:\/\/food4animals.nl\/product\/milbemax-tabletten-kat-groot-2-tabl-2kg\/"},"modified":"2026-04-13T01:40:52","modified_gmt":"2026-04-13T00:40:52","slug":"milbemax-tabletten-katze-gros-2-tabletten-2kg","status":"publish","type":"product","link":"https:\/\/www.food4animals.nl\/de\/produkt\/milbemax-tabletten-katze-gros-2-tabletten-2kg\/","title":{"rendered":"Milbemax Tabletten Katze Large 2 Tabletten &gt;2kg"},"content":{"rendered":"<h2><span style=\"font-size: 10pt;\"><strong>Milbemax filmomhulde voor katten (&gt; 2 kg)<\/strong><\/span><\/h2>\n<p><span style=\"font-size: 10pt;\">Teilbare Filmtabletten zur Behandlung von Infektionen durch Haken-, Rund- und Bandw\u00fcrmer und zur Vorbeugung von Herzw\u00fcrmern bei Katzen mit einem K\u00f6rpergewicht von 2 kg oder mehr.<\/span><\/p>\n<p><span style=\"font-size: 10pt;\"><strong>Vorteile<\/strong><\/span><\/p>\n<ul>\n<li><span style=\"font-size: 10pt;\">Breitspektrum-Anthelminthikum<\/span><\/li>\n<li><span style=\"font-size: 10pt;\">Pr\u00e4vention des Herzwurms<\/span><\/li>\n<li><span style=\"font-size: 10pt;\">Geeignet f\u00fcr Katzen \u00fcber 2 kg K\u00f6rpergewicht<\/span><\/li>\n<li><span style=\"font-size: 10pt;\">Geeignet f\u00fcr tr\u00e4chtige und s\u00e4ugende Katzen<\/span><\/li>\n<\/ul>\n<p><span style=\"font-size: 10pt;\"><strong>Zielarten<br \/>\n<\/strong><\/span><span style=\"font-size: 10pt;\">Katze<\/span><\/p>\n<p><span style=\"font-size: 10pt;\"><strong>Aktiver Inhaltsstoff<br \/>\n<\/strong><\/span><span style=\"font-size: 10pt;\">Pro Tablette:<br \/>\n<\/span><span style=\"font-size: 10pt;\">Milbemycin-Oxim 16 mg<br \/>\n<\/span><span style=\"font-size: 10pt;\">Praziquantel 40 mg<\/span><\/p>\n<p><span style=\"font-size: 10pt;\"><strong>Anzeige<br \/>\n<\/strong><\/span><span style=\"font-size: 10pt;\">Behandlung von Mischinfektionen mit unreifen und erwachsenen Zestoden und Nematoden der folgenden Arten:<\/span><\/p>\n<p><span style=\"font-size: 10pt;\"><u>Zestoden:<\/u> <em>Dipylidium caninum<\/em>, <em>Taenia <\/em>spp.., <em>Echinococcus multilocularis<\/em>.<\/span><\/p>\n<p><span style=\"font-size: 10pt;\"><u>Nematoden:<\/u> <em>Ancylostoma tubaeforme<\/em>, <em>Toxocara cati<\/em>.<\/span><\/p>\n<p><span style=\"font-size: 10pt;\">Das Tierarzneimittel kann auch zur Vorbeugung von Herzwurmerkrankungen eingesetzt werden (<em>Dirofilariose immitis<\/em>), wenn eine gleichzeitige Behandlung gegen Cestoden erforderlich ist.<\/span><\/p>\n<p><span style=\"font-size: 10pt;\"><strong>Kontraindikationen<br \/>\n<\/strong><\/span><span style=\"font-size: 10pt;\">Nicht bei Katzen mit einem Gewicht von weniger als 2 kg anwenden.<\/span><\/p>\n<p><span style=\"font-size: 10pt;\"><strong>Dosierung und Verabreichung<br \/>\n<\/strong><\/span><span style=\"font-size: 10pt;\">Verabreichung einer Mindestdosis von 2 mg Milbemycinoxim und 5 mg Praziquantel pro kg K\u00f6rpergewicht.<\/span><\/p>\n<p><span style=\"font-size: 10pt;\"><u>Gewicht der Katze Dosierung<br \/>\n<\/u><\/span><span style=\"font-size: 10pt;\">2 - 4 kg \u00bd Tablette<br \/>\n<\/span><span style=\"font-size: 10pt;\">&gt;4 \u2013 8 kg\u00a0\u00a0\u00a0\u00a0\u00a0\u00a0\u00a0\u00a0\u00a0\u00a0\u00a0\u00a0\u00a0\u00a0\u00a0\u00a0\u00a0\u00a0\u00a0\u00a0\u00a0\u00a0\u00a0\u00a0\u00a0\u00a0\u00a0\u00a0\u00a0\u00a0\u00a0\u00a0\u00a0\u00a0\u00a0\u00a0\u00a0\u00a0\u00a0\u00a0\u00a0\u00a0\u00a0\u00a0 1 tablet<br \/>\n<\/span><span style=\"font-size: 10pt;\">&gt;8 \u2013 12 kg\u00a0\u00a0\u00a0\u00a0\u00a0\u00a0\u00a0\u00a0\u00a0\u00a0\u00a0\u00a0\u00a0\u00a0\u00a0\u00a0\u00a0\u00a0\u00a0\u00a0\u00a0\u00a0\u00a0\u00a0\u00a0\u00a0\u00a0\u00a0\u00a0\u00a0\u00a0\u00a0\u00a0\u00a0\u00a0\u00a0\u00a0\u00a0\u00a0\u00a0\u00a0\u00a0 1\u00bd tablet<\/span><\/p>\n<p><span style=\"font-size: 10pt;\">Lesen Sie vor der Anwendung die Packungsbeilage.<\/span><\/p>\n<p><span style=\"font-size: 10pt;\"><strong>Hinweise zur korrekten Anwendung<br \/>\n<\/strong><\/span><span style=\"font-size: 10pt;\">Verabreichen Sie das Tierarzneimittel einmalig oral (\u00fcber den Mund), mit oder nach dem Essen.<\/span><\/p>\n<p><span style=\"font-size: 10pt;\"><strong>Besondere Warnhinweise und sonstige Informationen<br \/>\n<\/strong><\/span><span style=\"font-size: 10pt;\">Lesen Sie vor der Anwendung die Packungsbeilage.<\/span><\/p>\n<p><span style=\"font-size: 10pt;\"><strong>Inhalt<br \/>\n<\/strong><\/span><span style=\"font-size: 10pt;\">MILB009R - 2 Tabletten<br \/>\n<\/span><span style=\"font-size: 10pt;\">MILB010 - 4 Tabletten<\/span><\/p>\n<p><span style=\"font-size: 10pt;\">Voor kittens en kleine katten (&lt; 2 kg): zie <a href=\"https:\/\/www.food4animals.nl\/de\/produkt\/milbemax-tabletten-katzchen-katze-klein-r-2-tabl-05-2kg\/\" target=\"_blank\" rel=\"noopener\">MILB009B<\/a> (2 tabletten)\u00a0<\/span><\/p>\n<p><span style=\"font-size: 10pt;\"><a href=\"https:\/\/www.diergeneesmiddeleninformatiebank.nl\/ords\/f?p=111:3::SEARCH:::P0_DOMAIN,P0_LANG,P3_RVG1:V,NL,10093%20\" target=\"_blank\" rel=\"noopener\">REG EN 10093<\/a><\/span><\/p>\n<p><span style=\"font-size: 10pt;\">Nur f\u00fcr den tier\u00e4rztlichen Gebrauch - KOSTENLOS<\/span><\/p>\n<p><span style=\"font-size: 10pt;\"><img decoding=\"async\" class=\"preview\" style=\"max-width: 100%;\" src=\"..\/..\/..\/imagestream\/stream\/270690\/Carroussel.png\" alt=\"\" \/><\/span><\/p>\n<a href=\"https:\/\/www.cbg-meb.nl\/onderwerpen\/bd-internethandel-diergeneesmiddelen\" target=\"_blank\" rel=\"noopener\"><img decoding=\"async\" class=\"preview\" style=\"max-width: 90px; float: right;\" src=\"imagestream\/stream\/279197\/2209-logo-internethandel.jpg\" alt=\"\" \/><\/a>","protected":false},"excerpt":{"rendered":"<p>Milbemax Entwurmungstabletten bieten eine Vorbeugung gegen Lungen- und Herzwurminfektionen.<\/p>","protected":false},"featured_media":30641,"template":"","meta":{"_acf_changed":false},"product_brand":[],"product_cat":[863,2771],"product_tag":[875,876,842,2768,2769],"class_list":{"0":"post-15009","1":"product","2":"type-product","3":"status-publish","4":"has-post-thumbnail","6":"product_cat-kat","7":"product_cat-ontworming-kat","8":"product_tag-elanco","9":"product_tag-elancovet","10":"product_tag-kat","11":"product_tag-milbemax","12":"product_tag-tabletten","13":"tax_brand-milbemax","15":"first","16":"instock","17":"taxable","18":"shipping-taxable","19":"purchasable","20":"product-type-simple"},"acf":[],"yoast_head":"<!-- This site is optimized with the Yoast SEO plugin v27.2 - https:\/\/yoast.com\/product\/yoast-seo-wordpress\/ -->\n<title>Milbemax Tabletten Kat Groot 2 tabl. &gt;2kg - Food4animals<\/title>\n<meta name=\"robots\" content=\"index, follow, max-snippet:-1, max-image-preview:large, max-video-preview:-1\" \/>\n<link rel=\"canonical\" href=\"https:\/\/www.food4animals.nl\/de\/produkt\/milbemax-tabletten-katze-gros-2-tabletten-2kg\/\" \/>\n<meta property=\"og:locale\" content=\"de_DE\" \/>\n<meta property=\"og:type\" content=\"article\" \/>\n<meta property=\"og:title\" content=\"Milbemax Tabletten Kat Groot 2 tabl. &gt;2kg - Food4animals\" \/>\n<meta property=\"og:description\" content=\"Milbemax ontwormingstabletten bieden preventie tegen long- en hartworminfecties.\" \/>\n<meta property=\"og:url\" content=\"https:\/\/www.food4animals.nl\/de\/produkt\/milbemax-tabletten-katze-gros-2-tabletten-2kg\/\" \/>\n<meta property=\"og:site_name\" content=\"Food4animals\" \/>\n<meta property=\"article:publisher\" content=\"https:\/\/www.facebook.com\/p\/Food4animals-100063861676074\/\" \/>\n<meta property=\"article:modified_time\" content=\"2026-04-13T00:40:52+00:00\" \/>\n<meta property=\"og:image\" content=\"https:\/\/www.food4animals.nl\/wp-content\/uploads\/2023\/12\/Milbemax-Tabletten-Kat-Groot.jpg\" \/>\n\t<meta property=\"og:image:width\" content=\"1024\" \/>\n\t<meta property=\"og:image:height\" content=\"1024\" \/>\n\t<meta property=\"og:image:type\" content=\"image\/jpeg\" \/>\n<meta name=\"twitter:card\" content=\"summary_large_image\" \/>\n<meta name=\"twitter:site\" content=\"@food4animals\" \/>\n<meta name=\"twitter:label1\" content=\"Gesch\u00e4tzte Lesezeit\" \/>\n\t<meta name=\"twitter:data1\" content=\"2\u00a0Minuten\" \/>\n<script type=\"application\/ld+json\" class=\"yoast-schema-graph\">{\"@context\":\"https:\/\/schema.org\",\"@graph\":[{\"@type\":\"WebPage\",\"@id\":\"https:\/\/www.food4animals.nl\/product\/milbemax-tabletten-kat-groot-2-tabl-2kg\/\",\"url\":\"https:\/\/www.food4animals.nl\/product\/milbemax-tabletten-kat-groot-2-tabl-2kg\/\",\"name\":\"Milbemax Tabletten Kat Groot 2 tabl. >2kg - Food4animals\",\"isPartOf\":{\"@id\":\"https:\/\/www.food4animals.nl\/en\/#website\"},\"primaryImageOfPage\":{\"@id\":\"https:\/\/www.food4animals.nl\/product\/milbemax-tabletten-kat-groot-2-tabl-2kg\/#primaryimage\"},\"image\":{\"@id\":\"https:\/\/www.food4animals.nl\/product\/milbemax-tabletten-kat-groot-2-tabl-2kg\/#primaryimage\"},\"thumbnailUrl\":\"https:\/\/www.food4animals.nl\/wp-content\/uploads\/2023\/12\/Milbemax-Tabletten-Kat-Groot.jpg\",\"datePublished\":\"2023-12-14T16:04:28+00:00\",\"dateModified\":\"2026-04-13T00:40:52+00:00\",\"breadcrumb\":{\"@id\":\"https:\/\/www.food4animals.nl\/product\/milbemax-tabletten-kat-groot-2-tabl-2kg\/#breadcrumb\"},\"inLanguage\":\"de\",\"potentialAction\":[{\"@type\":\"ReadAction\",\"target\":[\"https:\/\/www.food4animals.nl\/product\/milbemax-tabletten-kat-groot-2-tabl-2kg\/\"]}]},{\"@type\":\"ImageObject\",\"inLanguage\":\"de\",\"@id\":\"https:\/\/www.food4animals.nl\/product\/milbemax-tabletten-kat-groot-2-tabl-2kg\/#primaryimage\",\"url\":\"https:\/\/www.food4animals.nl\/wp-content\/uploads\/2023\/12\/Milbemax-Tabletten-Kat-Groot.jpg\",\"contentUrl\":\"https:\/\/www.food4animals.nl\/wp-content\/uploads\/2023\/12\/Milbemax-Tabletten-Kat-Groot.jpg\",\"width\":1024,\"height\":1024,\"caption\":\"Milbemax ontwormingstabletten Kat Groot bieden preventie tegen long- en hartworminfecties.\"},{\"@type\":\"BreadcrumbList\",\"@id\":\"https:\/\/www.food4animals.nl\/product\/milbemax-tabletten-kat-groot-2-tabl-2kg\/#breadcrumb\",\"itemListElement\":[{\"@type\":\"ListItem\",\"position\":1,\"name\":\"Home\",\"item\":\"https:\/\/www.food4animals.nl\/\"},{\"@type\":\"ListItem\",\"position\":2,\"name\":\"Winkel\",\"item\":\"https:\/\/www.food4animals.nl\/winkel\/\"},{\"@type\":\"ListItem\",\"position\":3,\"name\":\"Milbemax Tabletten Kat Groot 2 tabl. >2kg\"}]},{\"@type\":\"WebSite\",\"@id\":\"https:\/\/www.food4animals.nl\/en\/#website\",\"url\":\"https:\/\/www.food4animals.nl\/en\/\",\"name\":\"Food4animals\",\"description\":\"Alles voor Ruiter en Dier\",\"publisher\":{\"@id\":\"https:\/\/www.food4animals.nl\/en\/#organization\"},\"potentialAction\":[{\"@type\":\"SearchAction\",\"target\":{\"@type\":\"EntryPoint\",\"urlTemplate\":\"https:\/\/www.food4animals.nl\/en\/?s={search_term_string}\"},\"query-input\":{\"@type\":\"PropertyValueSpecification\",\"valueRequired\":true,\"valueName\":\"search_term_string\"}}],\"inLanguage\":\"de\"},{\"@type\":\"Organization\",\"@id\":\"https:\/\/www.food4animals.nl\/en\/#organization\",\"name\":\"Food4animals\",\"url\":\"https:\/\/www.food4animals.nl\/en\/\",\"logo\":{\"@type\":\"ImageObject\",\"inLanguage\":\"de\",\"@id\":\"https:\/\/www.food4animals.nl\/en\/#\/schema\/logo\/image\/\",\"url\":\"https:\/\/www.food4animals.nl\/wp-content\/uploads\/2023\/10\/Logo.svg\",\"contentUrl\":\"https:\/\/www.food4animals.nl\/wp-content\/uploads\/2023\/10\/Logo.svg\",\"width\":1,\"height\":1,\"caption\":\"Food4animals\"},\"image\":{\"@id\":\"https:\/\/www.food4animals.nl\/en\/#\/schema\/logo\/image\/\"},\"sameAs\":[\"https:\/\/www.facebook.com\/p\/Food4animals-100063861676074\/\",\"https:\/\/x.com\/food4animals\"]}]}<\/script>\n<!-- \/ Yoast SEO plugin. -->","yoast_head_json":{"title":"Milbemax Tabletten Katze Large 2 Tabletten &gt;2kg - Food4animals","robots":{"index":"index","follow":"follow","max-snippet":"max-snippet:-1","max-image-preview":"max-image-preview:large","max-video-preview":"max-video-preview:-1"},"canonical":"https:\/\/www.food4animals.nl\/de\/produkt\/milbemax-tabletten-katze-gros-2-tabletten-2kg\/","og_locale":"de_DE","og_type":"article","og_title":"Milbemax Tabletten Kat Groot 2 tabl. >2kg - Food4animals","og_description":"Milbemax ontwormingstabletten bieden preventie tegen long- en hartworminfecties.","og_url":"https:\/\/www.food4animals.nl\/de\/produkt\/milbemax-tabletten-katze-gros-2-tabletten-2kg\/","og_site_name":"Food4animals","article_publisher":"https:\/\/www.facebook.com\/p\/Food4animals-100063861676074\/","article_modified_time":"2026-04-13T00:40:52+00:00","og_image":[{"width":1024,"height":1024,"url":"https:\/\/www.food4animals.nl\/wp-content\/uploads\/2023\/12\/Milbemax-Tabletten-Kat-Groot.jpg","type":"image\/jpeg"}],"twitter_card":"summary_large_image","twitter_site":"@food4animals","twitter_misc":{"Gesch\u00e4tzte Lesezeit":"2\u00a0Minuten"},"schema":{"@context":"https:\/\/schema.org","@graph":[{"@type":"WebPage","@id":"https:\/\/www.food4animals.nl\/product\/milbemax-tabletten-kat-groot-2-tabl-2kg\/","url":"https:\/\/www.food4animals.nl\/product\/milbemax-tabletten-kat-groot-2-tabl-2kg\/","name":"Milbemax Tabletten Katze Large 2 Tabletten &gt;2kg - Food4animals","isPartOf":{"@id":"https:\/\/www.food4animals.nl\/en\/#website"},"primaryImageOfPage":{"@id":"https:\/\/www.food4animals.nl\/product\/milbemax-tabletten-kat-groot-2-tabl-2kg\/#primaryimage"},"image":{"@id":"https:\/\/www.food4animals.nl\/product\/milbemax-tabletten-kat-groot-2-tabl-2kg\/#primaryimage"},"thumbnailUrl":"https:\/\/www.food4animals.nl\/wp-content\/uploads\/2023\/12\/Milbemax-Tabletten-Kat-Groot.jpg","datePublished":"2023-12-14T16:04:28+00:00","dateModified":"2026-04-13T00:40:52+00:00","breadcrumb":{"@id":"https:\/\/www.food4animals.nl\/product\/milbemax-tabletten-kat-groot-2-tabl-2kg\/#breadcrumb"},"inLanguage":"de","potentialAction":[{"@type":"ReadAction","target":["https:\/\/www.food4animals.nl\/product\/milbemax-tabletten-kat-groot-2-tabl-2kg\/"]}]},{"@type":"ImageObject","inLanguage":"de","@id":"https:\/\/www.food4animals.nl\/product\/milbemax-tabletten-kat-groot-2-tabl-2kg\/#primaryimage","url":"https:\/\/www.food4animals.nl\/wp-content\/uploads\/2023\/12\/Milbemax-Tabletten-Kat-Groot.jpg","contentUrl":"https:\/\/www.food4animals.nl\/wp-content\/uploads\/2023\/12\/Milbemax-Tabletten-Kat-Groot.jpg","width":1024,"height":1024,"caption":"Milbemax ontwormingstabletten Kat Groot bieden preventie tegen long- en hartworminfecties."},{"@type":"BreadcrumbList","@id":"https:\/\/www.food4animals.nl\/product\/milbemax-tabletten-kat-groot-2-tabl-2kg\/#breadcrumb","itemListElement":[{"@type":"ListItem","position":1,"name":"Home","item":"https:\/\/www.food4animals.nl\/"},{"@type":"ListItem","position":2,"name":"Winkel","item":"https:\/\/www.food4animals.nl\/winkel\/"},{"@type":"ListItem","position":3,"name":"Milbemax Tabletten Kat Groot 2 tabl. >2kg"}]},{"@type":"WebSite","@id":"https:\/\/www.food4animals.nl\/en\/#website","url":"https:\/\/www.food4animals.nl\/en\/","name":"Lebensmittel4Tiere","description":"Alles f\u00fcr Reiter und Tier","publisher":{"@id":"https:\/\/www.food4animals.nl\/en\/#organization"},"potentialAction":[{"@type":"SearchAction","target":{"@type":"EntryPoint","urlTemplate":"https:\/\/www.food4animals.nl\/en\/?s={search_term_string}"},"query-input":{"@type":"PropertyValueSpecification","valueRequired":true,"valueName":"search_term_string"}}],"inLanguage":"de"},{"@type":"Organization","@id":"https:\/\/www.food4animals.nl\/en\/#organization","name":"Lebensmittel4Tiere","url":"https:\/\/www.food4animals.nl\/en\/","logo":{"@type":"ImageObject","inLanguage":"de","@id":"https:\/\/www.food4animals.nl\/en\/#\/schema\/logo\/image\/","url":"https:\/\/www.food4animals.nl\/wp-content\/uploads\/2023\/10\/Logo.svg","contentUrl":"https:\/\/www.food4animals.nl\/wp-content\/uploads\/2023\/10\/Logo.svg","width":1,"height":1,"caption":"Food4animals"},"image":{"@id":"https:\/\/www.food4animals.nl\/en\/#\/schema\/logo\/image\/"},"sameAs":["https:\/\/www.facebook.com\/p\/Food4animals-100063861676074\/","https:\/\/x.com\/food4animals"]}]}},"_links":{"self":[{"href":"https:\/\/www.food4animals.nl\/de\/wp-json\/wp\/v2\/product\/15009","targetHints":{"allow":["GET"]}}],"collection":[{"href":"https:\/\/www.food4animals.nl\/de\/wp-json\/wp\/v2\/product"}],"about":[{"href":"https:\/\/www.food4animals.nl\/de\/wp-json\/wp\/v2\/types\/product"}],"wp:featuredmedia":[{"embeddable":true,"href":"https:\/\/www.food4animals.nl\/de\/wp-json\/wp\/v2\/media\/30641"}],"wp:attachment":[{"href":"https:\/\/www.food4animals.nl\/de\/wp-json\/wp\/v2\/media?parent=15009"}],"wp:term":[{"taxonomy":"product_brand","embeddable":true,"href":"https:\/\/www.food4animals.nl\/de\/wp-json\/wp\/v2\/product_brand?post=15009"},{"taxonomy":"product_cat","embeddable":true,"href":"https:\/\/www.food4animals.nl\/de\/wp-json\/wp\/v2\/product_cat?post=15009"},{"taxonomy":"product_tag","embeddable":true,"href":"https:\/\/www.food4animals.nl\/de\/wp-json\/wp\/v2\/product_tag?post=15009"}],"curies":[{"name":"wp","href":"https:\/\/api.w.org\/{rel}","templated":true}]}}