{"id":15125,"date":"2023-12-14T16:21:48","date_gmt":"2023-12-14T16:21:48","guid":{"rendered":"https:\/\/food4animals.nl\/product\/mollenklem-farmer-super\/"},"modified":"2026-04-19T01:44:56","modified_gmt":"2026-04-19T00:44:56","slug":"mollenklem-farmer-super","status":"publish","type":"product","link":"https:\/\/www.food4animals.nl\/de\/produkt\/mollenklem-farmer-super\/","title":{"rendered":"Maulwurfklemme Farmer Super"},"content":{"rendered":"<p><span style=\"font-size: 10pt;\"><strong>Mollenklem Farmer Super met ketting<br \/><\/strong>Vangt de mol in zowel de gang als in de molshoop!<\/span><span style=\"font-size: 10pt;\"><strong><br \/><\/strong><\/span><\/p>\n<p><span style=\"font-size: 10pt;\">De Mollenklem Farmer is de allround mollenklem die zowel in\u00a0de molshoop als in het gangenstelsel kan worden geplaatst.\u00a0Hierdoor is het mogelijk om in alle situaties mollen te vangen. Wanneer de mollenklem in een gangenstelsel wordt toegepast is het aan te bevelen om twee exemplaren te plaatsen.<\/span><\/p>\n<p><span style=\"font-size: 10pt;\">Sie ist sehr leicht zu spannen und bietet dank ihrer starken Feder hervorragende Fangergebnisse.<\/span><\/p>\n<p><span style=\"font-size: 10pt;\">Die Verriegelungsplatte ist an einer Kette befestigt, so dass Verirrungen der Vergangenheit angeh\u00f6ren.<\/span><\/p>\n<p><span style=\"font-size: 10pt;\">Die Maulwurfklammer ist f\u00fcr eine l\u00e4ngere Lebensdauer vollst\u00e4ndig verzinkt.<\/span><\/p>\n<p><span style=\"font-size: 10pt;\"><strong>Plaatsen<br \/><\/strong><\/span><span style=\"font-size: 10pt;\">Verwijder eerst de molshoop voordat de klem geplaatst wordt. Wanneer een verticaal gat ontstaat, de klem gesloten in het gat plaatsen totdat het knikpunt van de spanarmen aan de grond komt. Span de klem en beweeg tegelijkertijd een beetje heen en weer zodat de tanden vrij kunnen bewegen. Hou de klem op spanning en sluit de mollengang alleen aan de bovenzijde af met gras of grond. Leg het vergrendelingsplaatje zo dicht mogelijk bij de ronde ogen op de spanarmen. De mollenklem staat op scherp voor vangst.<\/span><\/p>\n<p><span style=\"font-size: 10pt;\">Wanneer bij het verwijderen van de molshoop geen gat ontstaat is er sprake van een horizontale gang. Graaf een stukje grond uit totdat de gang zichtbaar is. In deze situatie worden 2 klemmen gebruikt. Schuif 1 klem zover mogelijk in de linkergang, zet de klem op spanning, dicht de gang af met wat grond en plaats het vergrendelingsplaatje. Herhaal deze handeling voor de rechtergang. Voorkom dat er grond voor de beide vergrendelingsplaatjes ligt, want anders gaat dit ten koste van een goede werking.<\/span><\/p>\n<p><span style=\"font-size: 10pt;\"><strong>Format<br \/><\/strong><\/span><span style=\"font-size: 10pt;\">15,5 x 16 cm<\/span><\/p>\n<p><span style=\"color: #ffffff; font-size: 10pt;\">olmail<\/span><\/p>","protected":false},"excerpt":{"rendered":"<p>Vangt de mol in zowel de gang als in de molshoop!<\/p>","protected":false},"featured_media":39626,"template":"","meta":{"_acf_changed":false},"product_brand":[],"product_cat":[2471,1196],"product_tag":[2778,917,1739,1252,2777],"class_list":{"0":"post-15125","1":"product","2":"type-product","3":"status-publish","4":"has-post-thumbnail","6":"product_cat-mollen","7":"product_cat-ongedierte","8":"product_tag-farmer","9":"product_tag-grijs","10":"product_tag-metaal","11":"product_tag-mol","12":"product_tag-mollenklem","13":"tax_brand-holland-animal-care","15":"first","16":"instock","17":"taxable","18":"shipping-taxable","19":"purchasable","20":"product-type-simple"},"acf":[],"yoast_head":"<!-- This site is optimized with the Yoast SEO plugin v27.4 - https:\/\/yoast.com\/product\/yoast-seo-wordpress\/ -->\n<title>Mollenklem Farmer Super - Food4animals<\/title>\n<meta name=\"robots\" content=\"index, follow, max-snippet:-1, max-image-preview:large, max-video-preview:-1\" \/>\n<link rel=\"canonical\" href=\"https:\/\/www.food4animals.nl\/de\/produkt\/mollenklem-farmer-super\/\" \/>\n<meta property=\"og:locale\" content=\"de_DE\" \/>\n<meta property=\"og:type\" content=\"article\" \/>\n<meta property=\"og:title\" content=\"Mollenklem Farmer Super - Food4animals\" \/>\n<meta property=\"og:description\" content=\"Vangt de mol in zowel de gang als in de molshoop!\" \/>\n<meta property=\"og:url\" content=\"https:\/\/www.food4animals.nl\/de\/produkt\/mollenklem-farmer-super\/\" \/>\n<meta property=\"og:site_name\" content=\"Food4animals\" \/>\n<meta property=\"article:publisher\" content=\"https:\/\/www.facebook.com\/p\/Food4animals-100063861676074\/\" \/>\n<meta property=\"article:modified_time\" content=\"2026-04-19T00:44:56+00:00\" \/>\n<meta property=\"og:image\" content=\"https:\/\/www.food4animals.nl\/wp-content\/uploads\/2025\/11\/MOLL0005.png\" \/>\n\t<meta property=\"og:image:width\" content=\"671\" \/>\n\t<meta property=\"og:image:height\" content=\"980\" \/>\n\t<meta property=\"og:image:type\" content=\"image\/png\" \/>\n<meta name=\"twitter:card\" content=\"summary_large_image\" \/>\n<meta name=\"twitter:site\" content=\"@food4animals\" \/>\n<meta name=\"twitter:label1\" content=\"Gesch\u00e4tzte Lesezeit\" \/>\n\t<meta name=\"twitter:data1\" content=\"1\u00a0Minute\" \/>\n<script type=\"application\/ld+json\" class=\"yoast-schema-graph\">{\"@context\":\"https:\\\/\\\/schema.org\",\"@graph\":[{\"@type\":\"WebPage\",\"@id\":\"https:\\\/\\\/www.food4animals.nl\\\/product\\\/mollenklem-farmer-super\\\/\",\"url\":\"https:\\\/\\\/www.food4animals.nl\\\/product\\\/mollenklem-farmer-super\\\/\",\"name\":\"Mollenklem Farmer Super - Food4animals\",\"isPartOf\":{\"@id\":\"https:\\\/\\\/www.food4animals.nl\\\/en\\\/#website\"},\"primaryImageOfPage\":{\"@id\":\"https:\\\/\\\/www.food4animals.nl\\\/product\\\/mollenklem-farmer-super\\\/#primaryimage\"},\"image\":{\"@id\":\"https:\\\/\\\/www.food4animals.nl\\\/product\\\/mollenklem-farmer-super\\\/#primaryimage\"},\"thumbnailUrl\":\"https:\\\/\\\/www.food4animals.nl\\\/wp-content\\\/uploads\\\/2025\\\/11\\\/MOLL0005.png\",\"datePublished\":\"2023-12-14T16:21:48+00:00\",\"dateModified\":\"2026-04-19T00:44:56+00:00\",\"breadcrumb\":{\"@id\":\"https:\\\/\\\/www.food4animals.nl\\\/product\\\/mollenklem-farmer-super\\\/#breadcrumb\"},\"inLanguage\":\"de\",\"potentialAction\":[{\"@type\":\"ReadAction\",\"target\":[\"https:\\\/\\\/www.food4animals.nl\\\/product\\\/mollenklem-farmer-super\\\/\"]}]},{\"@type\":\"ImageObject\",\"inLanguage\":\"de\",\"@id\":\"https:\\\/\\\/www.food4animals.nl\\\/product\\\/mollenklem-farmer-super\\\/#primaryimage\",\"url\":\"https:\\\/\\\/www.food4animals.nl\\\/wp-content\\\/uploads\\\/2025\\\/11\\\/MOLL0005.png\",\"contentUrl\":\"https:\\\/\\\/www.food4animals.nl\\\/wp-content\\\/uploads\\\/2025\\\/11\\\/MOLL0005.png\",\"width\":671,\"height\":980},{\"@type\":\"BreadcrumbList\",\"@id\":\"https:\\\/\\\/www.food4animals.nl\\\/product\\\/mollenklem-farmer-super\\\/#breadcrumb\",\"itemListElement\":[{\"@type\":\"ListItem\",\"position\":1,\"name\":\"Home\",\"item\":\"https:\\\/\\\/www.food4animals.nl\\\/\"},{\"@type\":\"ListItem\",\"position\":2,\"name\":\"Winkel\",\"item\":\"https:\\\/\\\/www.food4animals.nl\\\/winkel\\\/\"},{\"@type\":\"ListItem\",\"position\":3,\"name\":\"Mollenklem Farmer Super\"}]},{\"@type\":\"WebSite\",\"@id\":\"https:\\\/\\\/www.food4animals.nl\\\/en\\\/#website\",\"url\":\"https:\\\/\\\/www.food4animals.nl\\\/en\\\/\",\"name\":\"Food4animals\",\"description\":\"Alles voor Ruiter en Dier\",\"publisher\":{\"@id\":\"https:\\\/\\\/www.food4animals.nl\\\/en\\\/#organization\"},\"potentialAction\":[{\"@type\":\"SearchAction\",\"target\":{\"@type\":\"EntryPoint\",\"urlTemplate\":\"https:\\\/\\\/www.food4animals.nl\\\/en\\\/?s={search_term_string}\"},\"query-input\":{\"@type\":\"PropertyValueSpecification\",\"valueRequired\":true,\"valueName\":\"search_term_string\"}}],\"inLanguage\":\"de\"},{\"@type\":\"Organization\",\"@id\":\"https:\\\/\\\/www.food4animals.nl\\\/en\\\/#organization\",\"name\":\"Food4animals\",\"url\":\"https:\\\/\\\/www.food4animals.nl\\\/en\\\/\",\"logo\":{\"@type\":\"ImageObject\",\"inLanguage\":\"de\",\"@id\":\"https:\\\/\\\/www.food4animals.nl\\\/en\\\/#\\\/schema\\\/logo\\\/image\\\/\",\"url\":\"https:\\\/\\\/www.food4animals.nl\\\/wp-content\\\/uploads\\\/2023\\\/10\\\/Logo.svg\",\"contentUrl\":\"https:\\\/\\\/www.food4animals.nl\\\/wp-content\\\/uploads\\\/2023\\\/10\\\/Logo.svg\",\"width\":1,\"height\":1,\"caption\":\"Food4animals\"},\"image\":{\"@id\":\"https:\\\/\\\/www.food4animals.nl\\\/en\\\/#\\\/schema\\\/logo\\\/image\\\/\"},\"sameAs\":[\"https:\\\/\\\/www.facebook.com\\\/p\\\/Food4animals-100063861676074\\\/\",\"https:\\\/\\\/x.com\\\/food4animals\"]}]}<\/script>\n<!-- \/ Yoast SEO plugin. -->","yoast_head_json":{"title":"Mollenklem Farmer Super - Food4animals","robots":{"index":"index","follow":"follow","max-snippet":"max-snippet:-1","max-image-preview":"max-image-preview:large","max-video-preview":"max-video-preview:-1"},"canonical":"https:\/\/www.food4animals.nl\/de\/produkt\/mollenklem-farmer-super\/","og_locale":"de_DE","og_type":"article","og_title":"Mollenklem Farmer Super - Food4animals","og_description":"Vangt de mol in zowel de gang als in de molshoop!","og_url":"https:\/\/www.food4animals.nl\/de\/produkt\/mollenklem-farmer-super\/","og_site_name":"Food4animals","article_publisher":"https:\/\/www.facebook.com\/p\/Food4animals-100063861676074\/","article_modified_time":"2026-04-19T00:44:56+00:00","og_image":[{"width":671,"height":980,"url":"https:\/\/www.food4animals.nl\/wp-content\/uploads\/2025\/11\/MOLL0005.png","type":"image\/png"}],"twitter_card":"summary_large_image","twitter_site":"@food4animals","twitter_misc":{"Gesch\u00e4tzte Lesezeit":"1\u00a0Minute"},"schema":{"@context":"https:\/\/schema.org","@graph":[{"@type":"WebPage","@id":"https:\/\/www.food4animals.nl\/product\/mollenklem-farmer-super\/","url":"https:\/\/www.food4animals.nl\/product\/mollenklem-farmer-super\/","name":"Mollenklem Farmer Super - Food4animals","isPartOf":{"@id":"https:\/\/www.food4animals.nl\/en\/#website"},"primaryImageOfPage":{"@id":"https:\/\/www.food4animals.nl\/product\/mollenklem-farmer-super\/#primaryimage"},"image":{"@id":"https:\/\/www.food4animals.nl\/product\/mollenklem-farmer-super\/#primaryimage"},"thumbnailUrl":"https:\/\/www.food4animals.nl\/wp-content\/uploads\/2025\/11\/MOLL0005.png","datePublished":"2023-12-14T16:21:48+00:00","dateModified":"2026-04-19T00:44:56+00:00","breadcrumb":{"@id":"https:\/\/www.food4animals.nl\/product\/mollenklem-farmer-super\/#breadcrumb"},"inLanguage":"de","potentialAction":[{"@type":"ReadAction","target":["https:\/\/www.food4animals.nl\/product\/mollenklem-farmer-super\/"]}]},{"@type":"ImageObject","inLanguage":"de","@id":"https:\/\/www.food4animals.nl\/product\/mollenklem-farmer-super\/#primaryimage","url":"https:\/\/www.food4animals.nl\/wp-content\/uploads\/2025\/11\/MOLL0005.png","contentUrl":"https:\/\/www.food4animals.nl\/wp-content\/uploads\/2025\/11\/MOLL0005.png","width":671,"height":980},{"@type":"BreadcrumbList","@id":"https:\/\/www.food4animals.nl\/product\/mollenklem-farmer-super\/#breadcrumb","itemListElement":[{"@type":"ListItem","position":1,"name":"Home","item":"https:\/\/www.food4animals.nl\/"},{"@type":"ListItem","position":2,"name":"Winkel","item":"https:\/\/www.food4animals.nl\/winkel\/"},{"@type":"ListItem","position":3,"name":"Mollenklem Farmer Super"}]},{"@type":"WebSite","@id":"https:\/\/www.food4animals.nl\/en\/#website","url":"https:\/\/www.food4animals.nl\/en\/","name":"Lebensmittel4Tiere","description":"Alles f\u00fcr Reiter und Tier","publisher":{"@id":"https:\/\/www.food4animals.nl\/en\/#organization"},"potentialAction":[{"@type":"SearchAction","target":{"@type":"EntryPoint","urlTemplate":"https:\/\/www.food4animals.nl\/en\/?s={search_term_string}"},"query-input":{"@type":"PropertyValueSpecification","valueRequired":true,"valueName":"search_term_string"}}],"inLanguage":"de"},{"@type":"Organization","@id":"https:\/\/www.food4animals.nl\/en\/#organization","name":"Lebensmittel4Tiere","url":"https:\/\/www.food4animals.nl\/en\/","logo":{"@type":"ImageObject","inLanguage":"de","@id":"https:\/\/www.food4animals.nl\/en\/#\/schema\/logo\/image\/","url":"https:\/\/www.food4animals.nl\/wp-content\/uploads\/2023\/10\/Logo.svg","contentUrl":"https:\/\/www.food4animals.nl\/wp-content\/uploads\/2023\/10\/Logo.svg","width":1,"height":1,"caption":"Food4animals"},"image":{"@id":"https:\/\/www.food4animals.nl\/en\/#\/schema\/logo\/image\/"},"sameAs":["https:\/\/www.facebook.com\/p\/Food4animals-100063861676074\/","https:\/\/x.com\/food4animals"]}]}},"_links":{"self":[{"href":"https:\/\/www.food4animals.nl\/de\/wp-json\/wp\/v2\/product\/15125","targetHints":{"allow":["GET"]}}],"collection":[{"href":"https:\/\/www.food4animals.nl\/de\/wp-json\/wp\/v2\/product"}],"about":[{"href":"https:\/\/www.food4animals.nl\/de\/wp-json\/wp\/v2\/types\/product"}],"wp:featuredmedia":[{"embeddable":true,"href":"https:\/\/www.food4animals.nl\/de\/wp-json\/wp\/v2\/media\/39626"}],"wp:attachment":[{"href":"https:\/\/www.food4animals.nl\/de\/wp-json\/wp\/v2\/media?parent=15125"}],"wp:term":[{"taxonomy":"product_brand","embeddable":true,"href":"https:\/\/www.food4animals.nl\/de\/wp-json\/wp\/v2\/product_brand?post=15125"},{"taxonomy":"product_cat","embeddable":true,"href":"https:\/\/www.food4animals.nl\/de\/wp-json\/wp\/v2\/product_cat?post=15125"},{"taxonomy":"product_tag","embeddable":true,"href":"https:\/\/www.food4animals.nl\/de\/wp-json\/wp\/v2\/product_tag?post=15125"}],"curies":[{"name":"wp","href":"https:\/\/api.w.org\/{rel}","templated":true}]}}