{"id":15230,"date":"2023-12-14T16:41:21","date_gmt":"2023-12-14T16:41:21","guid":{"rendered":"https:\/\/food4animals.nl\/product\/muizenklem-snap-a-mouse\/"},"modified":"2026-04-06T01:28:08","modified_gmt":"2026-04-06T00:28:08","slug":"mausklammer-schnappt-eine-maus","status":"publish","type":"product","link":"https:\/\/www.food4animals.nl\/de\/produkt\/mausklammer-schnappt-eine-maus\/","title":{"rendered":"Mausklammer Snap-A-Mouse"},"content":{"rendered":"<p><span style=\"font-size: 10pt;\">Diese starke Mausefalle hat einen effektiven Fangmechanismus und ist sehr einfach zu bedienen. Die gefangenen M\u00e4use k\u00f6nnen aus der Falle entfernt werden, ohne dass sie ber\u00fchrt werden m\u00fcssen. Ideal f\u00fcr Situationen, in denen eine schnelle Reduzierung der Population erforderlich ist.\u00a0<\/span><br \/>\n<span style=\"font-size: 10pt;\">\u00a0<\/span><br \/>\n<span style=\"font-size: 10pt;\">Robust und aus langlebigem Kunststoff!\u00a0<\/span><\/p>\n<p><span style=\"font-size: 10pt;\"><strong>Am besten erprobt!<\/strong><br \/>\n<em><em><br \/>\n<\/em><\/em><strong>Format<\/strong><\/span><br \/>\n<span style=\"font-size: 10pt;\">9,7 x 4,7 cm\u00a0<\/span><\/p>\n<p><span style=\"font-size: 10pt;\"><strong>Verwenden Sie <a href=\"https:\/\/www.food4animals.nl\/de\/produkt\/knock-pest-traktatie-pellets-voor-muis-rat-2\/\">Knock Pest Reward Pellets<\/a>\u00a0K\u00f6der f\u00fcr optimale Fangergebnisse!<br \/>\n<\/strong>Legen Sie die Knock Pest Reward Pellets in das Loch der Rattenfalle, um optimale Fangergebnisse zu erzielen.<\/span><\/p>\n<p><em>\u00a0<\/em><\/p>","protected":false},"excerpt":{"rendered":"<p><span style=\"font-size: 10pt;\">Diese starke Mausefalle hat einen effektiven Fangmechanismus und ist sehr einfach zu bedienen. Die gefangenen M\u00e4use k\u00f6nnen aus der Falle entfernt werden, ohne dass sie ber\u00fchrt werden m\u00fcssen. Ideal f\u00fcr Situationen, in denen eine schnelle Reduzierung der Population erforderlich ist.<\/span><\/p>","protected":false},"featured_media":39692,"template":"","meta":{"_acf_changed":false},"product_brand":[],"product_cat":[2128,1196],"product_tag":[1265,2169,918,1739,1076,871],"class_list":{"0":"post-15230","1":"product","2":"type-product","3":"status-publish","4":"has-post-thumbnail","6":"product_cat-muis","7":"product_cat-ongedierte","8":"product_tag-hpc","9":"product_tag-klemmen","10":"product_tag-kunststof","11":"product_tag-metaal","12":"product_tag-muis","13":"product_tag-rat","14":"tax_brand-hpc","16":"first","17":"instock","18":"taxable","19":"shipping-taxable","20":"purchasable","21":"product-type-simple"},"acf":[],"yoast_head":"<!-- This site is optimized with the Yoast SEO plugin v27.2 - https:\/\/yoast.com\/product\/yoast-seo-wordpress\/ -->\n<title>Muizenklem Snap-A-Mouse - Food4animals<\/title>\n<meta name=\"description\" content=\"Deze sterke muizenval heeft een effectief vangmechanisme en is zeer eenvoudig in gebruik. Door de gebruikte materialen gaat deze muizenklem lang mee.\" \/>\n<meta name=\"robots\" content=\"index, follow, max-snippet:-1, max-image-preview:large, max-video-preview:-1\" \/>\n<link rel=\"canonical\" href=\"https:\/\/www.food4animals.nl\/de\/produkt\/mausklammer-schnappt-eine-maus\/\" \/>\n<meta property=\"og:locale\" content=\"de_DE\" \/>\n<meta property=\"og:type\" content=\"article\" \/>\n<meta property=\"og:title\" content=\"Muizenklem Snap-A-Mouse - Food4animals\" \/>\n<meta property=\"og:description\" content=\"Deze sterke muizenval heeft een effectief vangmechanisme en is zeer eenvoudig in gebruik. Door de gebruikte materialen gaat deze muizenklem lang mee.\" \/>\n<meta property=\"og:url\" content=\"https:\/\/www.food4animals.nl\/de\/produkt\/mausklammer-schnappt-eine-maus\/\" \/>\n<meta property=\"og:site_name\" content=\"Food4animals\" \/>\n<meta property=\"article:publisher\" content=\"https:\/\/www.facebook.com\/p\/Food4animals-100063861676074\/\" \/>\n<meta property=\"article:modified_time\" content=\"2026-04-06T00:28:08+00:00\" \/>\n<meta property=\"og:image\" content=\"https:\/\/www.food4animals.nl\/wp-content\/uploads\/2025\/11\/MUIS005.png\" \/>\n\t<meta property=\"og:image:width\" content=\"980\" \/>\n\t<meta property=\"og:image:height\" content=\"980\" \/>\n\t<meta property=\"og:image:type\" content=\"image\/png\" \/>\n<meta name=\"twitter:card\" content=\"summary_large_image\" \/>\n<meta name=\"twitter:site\" content=\"@food4animals\" \/>\n<meta name=\"twitter:label1\" content=\"Gesch\u00e4tzte Lesezeit\" \/>\n\t<meta name=\"twitter:data1\" content=\"1\u00a0Minute\" \/>\n<script type=\"application\/ld+json\" class=\"yoast-schema-graph\">{\"@context\":\"https:\/\/schema.org\",\"@graph\":[{\"@type\":\"WebPage\",\"@id\":\"https:\/\/www.food4animals.nl\/product\/muizenklem-snap-a-mouse\/\",\"url\":\"https:\/\/www.food4animals.nl\/product\/muizenklem-snap-a-mouse\/\",\"name\":\"Muizenklem Snap-A-Mouse - Food4animals\",\"isPartOf\":{\"@id\":\"https:\/\/www.food4animals.nl\/en\/#website\"},\"primaryImageOfPage\":{\"@id\":\"https:\/\/www.food4animals.nl\/product\/muizenklem-snap-a-mouse\/#primaryimage\"},\"image\":{\"@id\":\"https:\/\/www.food4animals.nl\/product\/muizenklem-snap-a-mouse\/#primaryimage\"},\"thumbnailUrl\":\"https:\/\/www.food4animals.nl\/wp-content\/uploads\/2025\/11\/MUIS005.png\",\"datePublished\":\"2023-12-14T16:41:21+00:00\",\"dateModified\":\"2026-04-06T00:28:08+00:00\",\"description\":\"Deze sterke muizenval heeft een effectief vangmechanisme en is zeer eenvoudig in gebruik. Door de gebruikte materialen gaat deze muizenklem lang mee.\",\"breadcrumb\":{\"@id\":\"https:\/\/www.food4animals.nl\/product\/muizenklem-snap-a-mouse\/#breadcrumb\"},\"inLanguage\":\"de\",\"potentialAction\":[{\"@type\":\"ReadAction\",\"target\":[\"https:\/\/www.food4animals.nl\/product\/muizenklem-snap-a-mouse\/\"]}]},{\"@type\":\"ImageObject\",\"inLanguage\":\"de\",\"@id\":\"https:\/\/www.food4animals.nl\/product\/muizenklem-snap-a-mouse\/#primaryimage\",\"url\":\"https:\/\/www.food4animals.nl\/wp-content\/uploads\/2025\/11\/MUIS005.png\",\"contentUrl\":\"https:\/\/www.food4animals.nl\/wp-content\/uploads\/2025\/11\/MUIS005.png\",\"width\":980,\"height\":980,\"caption\":\"Deze sterke muizenval kent een zeer verfijnd vangmechanisme en is zeer eenvoudig in gebruik.\"},{\"@type\":\"BreadcrumbList\",\"@id\":\"https:\/\/www.food4animals.nl\/product\/muizenklem-snap-a-mouse\/#breadcrumb\",\"itemListElement\":[{\"@type\":\"ListItem\",\"position\":1,\"name\":\"Home\",\"item\":\"https:\/\/www.food4animals.nl\/\"},{\"@type\":\"ListItem\",\"position\":2,\"name\":\"Winkel\",\"item\":\"https:\/\/www.food4animals.nl\/winkel\/\"},{\"@type\":\"ListItem\",\"position\":3,\"name\":\"Muizenklem Snap-A-Mouse\"}]},{\"@type\":\"WebSite\",\"@id\":\"https:\/\/www.food4animals.nl\/en\/#website\",\"url\":\"https:\/\/www.food4animals.nl\/en\/\",\"name\":\"Food4animals\",\"description\":\"Alles voor Ruiter en Dier\",\"publisher\":{\"@id\":\"https:\/\/www.food4animals.nl\/en\/#organization\"},\"potentialAction\":[{\"@type\":\"SearchAction\",\"target\":{\"@type\":\"EntryPoint\",\"urlTemplate\":\"https:\/\/www.food4animals.nl\/en\/?s={search_term_string}\"},\"query-input\":{\"@type\":\"PropertyValueSpecification\",\"valueRequired\":true,\"valueName\":\"search_term_string\"}}],\"inLanguage\":\"de\"},{\"@type\":\"Organization\",\"@id\":\"https:\/\/www.food4animals.nl\/en\/#organization\",\"name\":\"Food4animals\",\"url\":\"https:\/\/www.food4animals.nl\/en\/\",\"logo\":{\"@type\":\"ImageObject\",\"inLanguage\":\"de\",\"@id\":\"https:\/\/www.food4animals.nl\/en\/#\/schema\/logo\/image\/\",\"url\":\"https:\/\/www.food4animals.nl\/wp-content\/uploads\/2023\/10\/Logo.svg\",\"contentUrl\":\"https:\/\/www.food4animals.nl\/wp-content\/uploads\/2023\/10\/Logo.svg\",\"width\":1,\"height\":1,\"caption\":\"Food4animals\"},\"image\":{\"@id\":\"https:\/\/www.food4animals.nl\/en\/#\/schema\/logo\/image\/\"},\"sameAs\":[\"https:\/\/www.facebook.com\/p\/Food4animals-100063861676074\/\",\"https:\/\/x.com\/food4animals\"]}]}<\/script>\n<!-- \/ Yoast SEO plugin. -->","yoast_head_json":{"title":"Mausklammer Snap-A-Mouse - Food4animals","description":"Deze sterke muizenval heeft een effectief vangmechanisme en is zeer eenvoudig in gebruik. Door de gebruikte materialen gaat deze muizenklem lang mee.","robots":{"index":"index","follow":"follow","max-snippet":"max-snippet:-1","max-image-preview":"max-image-preview:large","max-video-preview":"max-video-preview:-1"},"canonical":"https:\/\/www.food4animals.nl\/de\/produkt\/mausklammer-schnappt-eine-maus\/","og_locale":"de_DE","og_type":"article","og_title":"Muizenklem Snap-A-Mouse - Food4animals","og_description":"Deze sterke muizenval heeft een effectief vangmechanisme en is zeer eenvoudig in gebruik. Door de gebruikte materialen gaat deze muizenklem lang mee.","og_url":"https:\/\/www.food4animals.nl\/de\/produkt\/mausklammer-schnappt-eine-maus\/","og_site_name":"Food4animals","article_publisher":"https:\/\/www.facebook.com\/p\/Food4animals-100063861676074\/","article_modified_time":"2026-04-06T00:28:08+00:00","og_image":[{"width":980,"height":980,"url":"https:\/\/www.food4animals.nl\/wp-content\/uploads\/2025\/11\/MUIS005.png","type":"image\/png"}],"twitter_card":"summary_large_image","twitter_site":"@food4animals","twitter_misc":{"Gesch\u00e4tzte Lesezeit":"1\u00a0Minute"},"schema":{"@context":"https:\/\/schema.org","@graph":[{"@type":"WebPage","@id":"https:\/\/www.food4animals.nl\/product\/muizenklem-snap-a-mouse\/","url":"https:\/\/www.food4animals.nl\/product\/muizenklem-snap-a-mouse\/","name":"Mausklammer Snap-A-Mouse - Food4animals","isPartOf":{"@id":"https:\/\/www.food4animals.nl\/en\/#website"},"primaryImageOfPage":{"@id":"https:\/\/www.food4animals.nl\/product\/muizenklem-snap-a-mouse\/#primaryimage"},"image":{"@id":"https:\/\/www.food4animals.nl\/product\/muizenklem-snap-a-mouse\/#primaryimage"},"thumbnailUrl":"https:\/\/www.food4animals.nl\/wp-content\/uploads\/2025\/11\/MUIS005.png","datePublished":"2023-12-14T16:41:21+00:00","dateModified":"2026-04-06T00:28:08+00:00","description":"Deze sterke muizenval heeft een effectief vangmechanisme en is zeer eenvoudig in gebruik. Door de gebruikte materialen gaat deze muizenklem lang mee.","breadcrumb":{"@id":"https:\/\/www.food4animals.nl\/product\/muizenklem-snap-a-mouse\/#breadcrumb"},"inLanguage":"de","potentialAction":[{"@type":"ReadAction","target":["https:\/\/www.food4animals.nl\/product\/muizenklem-snap-a-mouse\/"]}]},{"@type":"ImageObject","inLanguage":"de","@id":"https:\/\/www.food4animals.nl\/product\/muizenklem-snap-a-mouse\/#primaryimage","url":"https:\/\/www.food4animals.nl\/wp-content\/uploads\/2025\/11\/MUIS005.png","contentUrl":"https:\/\/www.food4animals.nl\/wp-content\/uploads\/2025\/11\/MUIS005.png","width":980,"height":980,"caption":"Deze sterke muizenval kent een zeer verfijnd vangmechanisme en is zeer eenvoudig in gebruik."},{"@type":"BreadcrumbList","@id":"https:\/\/www.food4animals.nl\/product\/muizenklem-snap-a-mouse\/#breadcrumb","itemListElement":[{"@type":"ListItem","position":1,"name":"Home","item":"https:\/\/www.food4animals.nl\/"},{"@type":"ListItem","position":2,"name":"Winkel","item":"https:\/\/www.food4animals.nl\/winkel\/"},{"@type":"ListItem","position":3,"name":"Muizenklem Snap-A-Mouse"}]},{"@type":"WebSite","@id":"https:\/\/www.food4animals.nl\/en\/#website","url":"https:\/\/www.food4animals.nl\/en\/","name":"Lebensmittel4Tiere","description":"Alles f\u00fcr Reiter und Tier","publisher":{"@id":"https:\/\/www.food4animals.nl\/en\/#organization"},"potentialAction":[{"@type":"SearchAction","target":{"@type":"EntryPoint","urlTemplate":"https:\/\/www.food4animals.nl\/en\/?s={search_term_string}"},"query-input":{"@type":"PropertyValueSpecification","valueRequired":true,"valueName":"search_term_string"}}],"inLanguage":"de"},{"@type":"Organization","@id":"https:\/\/www.food4animals.nl\/en\/#organization","name":"Lebensmittel4Tiere","url":"https:\/\/www.food4animals.nl\/en\/","logo":{"@type":"ImageObject","inLanguage":"de","@id":"https:\/\/www.food4animals.nl\/en\/#\/schema\/logo\/image\/","url":"https:\/\/www.food4animals.nl\/wp-content\/uploads\/2023\/10\/Logo.svg","contentUrl":"https:\/\/www.food4animals.nl\/wp-content\/uploads\/2023\/10\/Logo.svg","width":1,"height":1,"caption":"Food4animals"},"image":{"@id":"https:\/\/www.food4animals.nl\/en\/#\/schema\/logo\/image\/"},"sameAs":["https:\/\/www.facebook.com\/p\/Food4animals-100063861676074\/","https:\/\/x.com\/food4animals"]}]}},"_links":{"self":[{"href":"https:\/\/www.food4animals.nl\/de\/wp-json\/wp\/v2\/product\/15230","targetHints":{"allow":["GET"]}}],"collection":[{"href":"https:\/\/www.food4animals.nl\/de\/wp-json\/wp\/v2\/product"}],"about":[{"href":"https:\/\/www.food4animals.nl\/de\/wp-json\/wp\/v2\/types\/product"}],"wp:featuredmedia":[{"embeddable":true,"href":"https:\/\/www.food4animals.nl\/de\/wp-json\/wp\/v2\/media\/39692"}],"wp:attachment":[{"href":"https:\/\/www.food4animals.nl\/de\/wp-json\/wp\/v2\/media?parent=15230"}],"wp:term":[{"taxonomy":"product_brand","embeddable":true,"href":"https:\/\/www.food4animals.nl\/de\/wp-json\/wp\/v2\/product_brand?post=15230"},{"taxonomy":"product_cat","embeddable":true,"href":"https:\/\/www.food4animals.nl\/de\/wp-json\/wp\/v2\/product_cat?post=15230"},{"taxonomy":"product_tag","embeddable":true,"href":"https:\/\/www.food4animals.nl\/de\/wp-json\/wp\/v2\/product_tag?post=15230"}],"curies":[{"name":"wp","href":"https:\/\/api.w.org\/{rel}","templated":true}]}}