{"id":15246,"date":"2023-12-14T16:45:05","date_gmt":"2023-12-14T16:45:05","guid":{"rendered":"https:\/\/food4animals.nl\/product\/mustolet-spray\/"},"modified":"2026-04-21T01:29:04","modified_gmt":"2026-04-21T00:29:04","slug":"schnupfenspray","status":"publish","type":"product","link":"https:\/\/www.food4animals.nl\/de\/produkt\/schnupfenspray\/","title":{"rendered":"Mustolet Spray"},"content":{"rendered":"<p><span style=\"font-size: 10pt;\"><strong>Mustolet Protect Spray<\/strong><\/span><br \/>\n<span style=\"font-size: 10pt;\">Sch\u00fctzen Sie die Verkabelung vor Besch\u00e4digungen und machen Sie Standorte unattraktiv, indem Sie dieses Spray verwenden. Mustolet Protect Spray bietet hervorragenden Schutz. <\/span><br \/>\n<span style=\"font-size: 10pt;\">\u00a0<\/span><br \/>\n<span style=\"font-size: 10pt;\"><strong>Ideal f\u00fcr<\/strong><\/span><br \/>\n<span style=\"font-size: 10pt;\">Autokabel, Scheunen, H\u00e4user, Tierst\u00e4lle, usw.<\/span><br \/>\n<span style=\"font-size: 10pt;\">\u00a0\u00a0<\/span><br \/>\n<span style=\"font-size: 10pt;\"><strong>Empfehlungen zur Sicherheit<\/strong><\/span><br \/>\n<span style=\"font-size: 10pt;\">Mustolet Protect Spray enth\u00e4lt sehr geringe Konzentrationen an aktiven Duftstoffen und ist daher f\u00fcr Mensch und Tier unbedenklich. Vermeiden Sie unn\u00f6tiges Ber\u00fchren, Verschlucken oder Einatmen.\u00a0<\/span><br \/>\n<span style=\"font-size: 10pt;\">\u00a0<\/span><br \/>\n<span style=\"font-size: 10pt;\"><strong>Inhaltsstoffe<\/strong><\/span><br \/>\n<span style=\"font-size: 10pt;\">Wasser, nat\u00fcrliche Duftstoffe.<\/span><br \/>\n<span style=\"font-size: 10pt;\">\u00a0<\/span><br \/>\n<span style=\"font-size: 10pt;\"><strong>Verwendung allgemein<\/strong><\/span><br \/>\n<span style=\"font-size: 10pt;\">Spr\u00fchen Sie den Inhalt aus etwa 20 cm Entfernung auf die zu behandelnde Fl\u00e4che. Verteilen Sie das Spray gleichm\u00e4\u00dfig. Etwa 10 Spr\u00fchst\u00f6\u00dfe pro Quadratmeter sind ausreichend. Wiederholen Sie den Vorgang regelm\u00e4\u00dfig. Spr\u00fchen Sie immer von sich weg, damit Sie das Spray nicht auf Ihre Haut bekommen oder einatmen.<\/span><br \/>\n<span style=\"font-size: 10pt;\">\u00a0<\/span><br \/>\n<span style=\"font-size: 10pt;\"><strong>Pkw-Nutzung<\/strong><\/span><br \/>\n<span style=\"font-size: 10pt;\">Tragen Sie das Spray auf die Kabel unter der Motorhaube auf.<\/span><br \/>\n<span style=\"font-size: 10pt;\">Behandeln Sie auch das D\u00e4mmmaterial, alle Arten von Hohlr\u00e4umen und Ecken.<\/span><br \/>\n<span style=\"font-size: 10pt;\">Wiederholen Sie dies alle 1.000 km oder einmal im Monat.<\/span><br \/>\n<span style=\"font-size: 10pt;\">\u00a0<\/span><br \/>\n<span style=\"font-size: 10pt;\"><strong>Nutzung von Scheunen, H\u00e4usern und St\u00e4llen<\/strong><\/span><br \/>\n<span style=\"font-size: 10pt;\">Tierst\u00e4lle, Scheunen und H\u00e4user sollten von innen nach au\u00dfen behandelt werden. Bespr\u00fchen Sie zuerst Hohlr\u00e4ume und Ecken im Inneren der R\u00e4ume und arbeiten Sie dann nach au\u00dfen.\u00a0<\/span><br \/>\n<span style=\"font-size: 10pt;\">\u00a0<\/span><br \/>\n<span style=\"font-size: 10pt;\"><strong>Verwendung im Freien<\/strong><\/span><br \/>\n<span style=\"font-size: 10pt;\">In gesch\u00fctzten Bereichen ausbringen, um Regen zu vermeiden.<\/span><br \/>\n<span style=\"font-size: 10pt;\">\u00a0<span style=\"color: #ffffff;\">Anti-Marter<\/span><\/span><br \/>\n<span style=\"font-size: 10pt;\"><strong><br \/>\n<\/strong><\/span><\/p>","protected":false},"excerpt":{"rendered":"<p>Sch\u00fctzen Sie Kabel vor Besch\u00e4digungen und machen Sie Standorte unattraktiv, indem Sie dieses Spray verwenden.<\/p>","protected":false},"featured_media":39699,"template":"","meta":{"_acf_changed":false},"product_brand":[],"product_cat":[1594,1196],"product_tag":[1798,2811,2134],"class_list":{"0":"post-15246","1":"product","2":"type-product","3":"status-publish","4":"has-post-thumbnail","6":"product_cat-marters","7":"product_cat-ongedierte","8":"product_tag-marter","9":"product_tag-mustolet","10":"product_tag-wering","11":"tax_brand-mustolet","13":"first","14":"instock","15":"sale","16":"taxable","17":"shipping-taxable","18":"purchasable","19":"product-type-simple"},"acf":[],"yoast_head":"<!-- This site is optimized with the Yoast SEO plugin v27.4 - https:\/\/yoast.com\/product\/yoast-seo-wordpress\/ -->\n<title>Mustolet Spray - Food4animals<\/title>\n<meta name=\"robots\" content=\"index, follow, max-snippet:-1, max-image-preview:large, max-video-preview:-1\" \/>\n<link rel=\"canonical\" href=\"https:\/\/www.food4animals.nl\/de\/produkt\/schnupfenspray\/\" \/>\n<meta property=\"og:locale\" content=\"de_DE\" \/>\n<meta property=\"og:type\" content=\"article\" \/>\n<meta property=\"og:title\" content=\"Mustolet Spray - Food4animals\" \/>\n<meta property=\"og:description\" content=\"Bescherm bekabeling tegen beschadigingen en maak locaties onaantrekkelijk door het gebruik van deze spray.\" \/>\n<meta property=\"og:url\" content=\"https:\/\/www.food4animals.nl\/de\/produkt\/schnupfenspray\/\" \/>\n<meta property=\"og:site_name\" content=\"Food4animals\" \/>\n<meta property=\"article:publisher\" content=\"https:\/\/www.facebook.com\/p\/Food4animals-100063861676074\/\" \/>\n<meta property=\"article:modified_time\" content=\"2026-04-21T00:29:04+00:00\" \/>\n<meta property=\"og:image\" content=\"https:\/\/www.food4animals.nl\/wp-content\/uploads\/2025\/11\/MUST0100-2.png\" \/>\n\t<meta property=\"og:image:width\" content=\"268\" \/>\n\t<meta property=\"og:image:height\" content=\"980\" \/>\n\t<meta property=\"og:image:type\" content=\"image\/png\" \/>\n<meta name=\"twitter:card\" content=\"summary_large_image\" \/>\n<meta name=\"twitter:site\" content=\"@food4animals\" \/>\n<meta name=\"twitter:label1\" content=\"Gesch\u00e4tzte Lesezeit\" \/>\n\t<meta name=\"twitter:data1\" content=\"1\u00a0Minute\" \/>\n<script type=\"application\/ld+json\" class=\"yoast-schema-graph\">{\"@context\":\"https:\\\/\\\/schema.org\",\"@graph\":[{\"@type\":\"WebPage\",\"@id\":\"https:\\\/\\\/www.food4animals.nl\\\/product\\\/mustolet-spray\\\/\",\"url\":\"https:\\\/\\\/www.food4animals.nl\\\/product\\\/mustolet-spray\\\/\",\"name\":\"Mustolet Spray - Food4animals\",\"isPartOf\":{\"@id\":\"https:\\\/\\\/www.food4animals.nl\\\/en\\\/#website\"},\"primaryImageOfPage\":{\"@id\":\"https:\\\/\\\/www.food4animals.nl\\\/product\\\/mustolet-spray\\\/#primaryimage\"},\"image\":{\"@id\":\"https:\\\/\\\/www.food4animals.nl\\\/product\\\/mustolet-spray\\\/#primaryimage\"},\"thumbnailUrl\":\"https:\\\/\\\/www.food4animals.nl\\\/wp-content\\\/uploads\\\/2025\\\/11\\\/MUST0100-2.png\",\"datePublished\":\"2023-12-14T16:45:05+00:00\",\"dateModified\":\"2026-04-21T00:29:04+00:00\",\"breadcrumb\":{\"@id\":\"https:\\\/\\\/www.food4animals.nl\\\/product\\\/mustolet-spray\\\/#breadcrumb\"},\"inLanguage\":\"de\",\"potentialAction\":[{\"@type\":\"ReadAction\",\"target\":[\"https:\\\/\\\/www.food4animals.nl\\\/product\\\/mustolet-spray\\\/\"]}]},{\"@type\":\"ImageObject\",\"inLanguage\":\"de\",\"@id\":\"https:\\\/\\\/www.food4animals.nl\\\/product\\\/mustolet-spray\\\/#primaryimage\",\"url\":\"https:\\\/\\\/www.food4animals.nl\\\/wp-content\\\/uploads\\\/2025\\\/11\\\/MUST0100-2.png\",\"contentUrl\":\"https:\\\/\\\/www.food4animals.nl\\\/wp-content\\\/uploads\\\/2025\\\/11\\\/MUST0100-2.png\",\"width\":268,\"height\":980},{\"@type\":\"BreadcrumbList\",\"@id\":\"https:\\\/\\\/www.food4animals.nl\\\/product\\\/mustolet-spray\\\/#breadcrumb\",\"itemListElement\":[{\"@type\":\"ListItem\",\"position\":1,\"name\":\"Home\",\"item\":\"https:\\\/\\\/www.food4animals.nl\\\/\"},{\"@type\":\"ListItem\",\"position\":2,\"name\":\"Winkel\",\"item\":\"https:\\\/\\\/www.food4animals.nl\\\/winkel\\\/\"},{\"@type\":\"ListItem\",\"position\":3,\"name\":\"Mustolet Spray\"}]},{\"@type\":\"WebSite\",\"@id\":\"https:\\\/\\\/www.food4animals.nl\\\/en\\\/#website\",\"url\":\"https:\\\/\\\/www.food4animals.nl\\\/en\\\/\",\"name\":\"Food4animals\",\"description\":\"Alles voor Ruiter en Dier\",\"publisher\":{\"@id\":\"https:\\\/\\\/www.food4animals.nl\\\/en\\\/#organization\"},\"potentialAction\":[{\"@type\":\"SearchAction\",\"target\":{\"@type\":\"EntryPoint\",\"urlTemplate\":\"https:\\\/\\\/www.food4animals.nl\\\/en\\\/?s={search_term_string}\"},\"query-input\":{\"@type\":\"PropertyValueSpecification\",\"valueRequired\":true,\"valueName\":\"search_term_string\"}}],\"inLanguage\":\"de\"},{\"@type\":\"Organization\",\"@id\":\"https:\\\/\\\/www.food4animals.nl\\\/en\\\/#organization\",\"name\":\"Food4animals\",\"url\":\"https:\\\/\\\/www.food4animals.nl\\\/en\\\/\",\"logo\":{\"@type\":\"ImageObject\",\"inLanguage\":\"de\",\"@id\":\"https:\\\/\\\/www.food4animals.nl\\\/en\\\/#\\\/schema\\\/logo\\\/image\\\/\",\"url\":\"https:\\\/\\\/www.food4animals.nl\\\/wp-content\\\/uploads\\\/2023\\\/10\\\/Logo.svg\",\"contentUrl\":\"https:\\\/\\\/www.food4animals.nl\\\/wp-content\\\/uploads\\\/2023\\\/10\\\/Logo.svg\",\"width\":1,\"height\":1,\"caption\":\"Food4animals\"},\"image\":{\"@id\":\"https:\\\/\\\/www.food4animals.nl\\\/en\\\/#\\\/schema\\\/logo\\\/image\\\/\"},\"sameAs\":[\"https:\\\/\\\/www.facebook.com\\\/p\\\/Food4animals-100063861676074\\\/\",\"https:\\\/\\\/x.com\\\/food4animals\"]}]}<\/script>\n<!-- \/ Yoast SEO plugin. -->","yoast_head_json":{"title":"Mustolet Spray - Food4animals","robots":{"index":"index","follow":"follow","max-snippet":"max-snippet:-1","max-image-preview":"max-image-preview:large","max-video-preview":"max-video-preview:-1"},"canonical":"https:\/\/www.food4animals.nl\/de\/produkt\/schnupfenspray\/","og_locale":"de_DE","og_type":"article","og_title":"Mustolet Spray - Food4animals","og_description":"Bescherm bekabeling tegen beschadigingen en maak locaties onaantrekkelijk door het gebruik van deze spray.","og_url":"https:\/\/www.food4animals.nl\/de\/produkt\/schnupfenspray\/","og_site_name":"Food4animals","article_publisher":"https:\/\/www.facebook.com\/p\/Food4animals-100063861676074\/","article_modified_time":"2026-04-21T00:29:04+00:00","og_image":[{"width":268,"height":980,"url":"https:\/\/www.food4animals.nl\/wp-content\/uploads\/2025\/11\/MUST0100-2.png","type":"image\/png"}],"twitter_card":"summary_large_image","twitter_site":"@food4animals","twitter_misc":{"Gesch\u00e4tzte Lesezeit":"1\u00a0Minute"},"schema":{"@context":"https:\/\/schema.org","@graph":[{"@type":"WebPage","@id":"https:\/\/www.food4animals.nl\/product\/mustolet-spray\/","url":"https:\/\/www.food4animals.nl\/product\/mustolet-spray\/","name":"Mustolet Spray - Food4animals","isPartOf":{"@id":"https:\/\/www.food4animals.nl\/en\/#website"},"primaryImageOfPage":{"@id":"https:\/\/www.food4animals.nl\/product\/mustolet-spray\/#primaryimage"},"image":{"@id":"https:\/\/www.food4animals.nl\/product\/mustolet-spray\/#primaryimage"},"thumbnailUrl":"https:\/\/www.food4animals.nl\/wp-content\/uploads\/2025\/11\/MUST0100-2.png","datePublished":"2023-12-14T16:45:05+00:00","dateModified":"2026-04-21T00:29:04+00:00","breadcrumb":{"@id":"https:\/\/www.food4animals.nl\/product\/mustolet-spray\/#breadcrumb"},"inLanguage":"de","potentialAction":[{"@type":"ReadAction","target":["https:\/\/www.food4animals.nl\/product\/mustolet-spray\/"]}]},{"@type":"ImageObject","inLanguage":"de","@id":"https:\/\/www.food4animals.nl\/product\/mustolet-spray\/#primaryimage","url":"https:\/\/www.food4animals.nl\/wp-content\/uploads\/2025\/11\/MUST0100-2.png","contentUrl":"https:\/\/www.food4animals.nl\/wp-content\/uploads\/2025\/11\/MUST0100-2.png","width":268,"height":980},{"@type":"BreadcrumbList","@id":"https:\/\/www.food4animals.nl\/product\/mustolet-spray\/#breadcrumb","itemListElement":[{"@type":"ListItem","position":1,"name":"Home","item":"https:\/\/www.food4animals.nl\/"},{"@type":"ListItem","position":2,"name":"Winkel","item":"https:\/\/www.food4animals.nl\/winkel\/"},{"@type":"ListItem","position":3,"name":"Mustolet Spray"}]},{"@type":"WebSite","@id":"https:\/\/www.food4animals.nl\/en\/#website","url":"https:\/\/www.food4animals.nl\/en\/","name":"Lebensmittel4Tiere","description":"Alles f\u00fcr Reiter und Tier","publisher":{"@id":"https:\/\/www.food4animals.nl\/en\/#organization"},"potentialAction":[{"@type":"SearchAction","target":{"@type":"EntryPoint","urlTemplate":"https:\/\/www.food4animals.nl\/en\/?s={search_term_string}"},"query-input":{"@type":"PropertyValueSpecification","valueRequired":true,"valueName":"search_term_string"}}],"inLanguage":"de"},{"@type":"Organization","@id":"https:\/\/www.food4animals.nl\/en\/#organization","name":"Lebensmittel4Tiere","url":"https:\/\/www.food4animals.nl\/en\/","logo":{"@type":"ImageObject","inLanguage":"de","@id":"https:\/\/www.food4animals.nl\/en\/#\/schema\/logo\/image\/","url":"https:\/\/www.food4animals.nl\/wp-content\/uploads\/2023\/10\/Logo.svg","contentUrl":"https:\/\/www.food4animals.nl\/wp-content\/uploads\/2023\/10\/Logo.svg","width":1,"height":1,"caption":"Food4animals"},"image":{"@id":"https:\/\/www.food4animals.nl\/en\/#\/schema\/logo\/image\/"},"sameAs":["https:\/\/www.facebook.com\/p\/Food4animals-100063861676074\/","https:\/\/x.com\/food4animals"]}]}},"_links":{"self":[{"href":"https:\/\/www.food4animals.nl\/de\/wp-json\/wp\/v2\/product\/15246","targetHints":{"allow":["GET"]}}],"collection":[{"href":"https:\/\/www.food4animals.nl\/de\/wp-json\/wp\/v2\/product"}],"about":[{"href":"https:\/\/www.food4animals.nl\/de\/wp-json\/wp\/v2\/types\/product"}],"wp:featuredmedia":[{"embeddable":true,"href":"https:\/\/www.food4animals.nl\/de\/wp-json\/wp\/v2\/media\/39699"}],"wp:attachment":[{"href":"https:\/\/www.food4animals.nl\/de\/wp-json\/wp\/v2\/media?parent=15246"}],"wp:term":[{"taxonomy":"product_brand","embeddable":true,"href":"https:\/\/www.food4animals.nl\/de\/wp-json\/wp\/v2\/product_brand?post=15246"},{"taxonomy":"product_cat","embeddable":true,"href":"https:\/\/www.food4animals.nl\/de\/wp-json\/wp\/v2\/product_cat?post=15246"},{"taxonomy":"product_tag","embeddable":true,"href":"https:\/\/www.food4animals.nl\/de\/wp-json\/wp\/v2\/product_tag?post=15246"}],"curies":[{"name":"wp","href":"https:\/\/api.w.org\/{rel}","templated":true}]}}