{"id":15318,"date":"2023-12-14T16:55:53","date_gmt":"2023-12-14T16:55:53","guid":{"rendered":"https:\/\/food4animals.nl\/product\/nematel-p-439-mg-g-reg-nl-ura\/"},"modified":"2026-04-13T01:42:17","modified_gmt":"2026-04-13T00:42:17","slug":"nematel-p-439-mg-g-reg-nl-ura","status":"publish","type":"product","link":"https:\/\/www.food4animals.nl\/de\/produkt\/nematel-p-439-mg-g-reg-nl-ura\/","title":{"rendered":"Nematel-P 439 mg\/g REG DE URA"},"content":{"rendered":"<p><span style=\"color: #ff0000;\">Erh\u00e4ltlich nur bei einem Tierarzt oder auf tier\u00e4rztliche Verschreibung in einer zugelassenen Apotheke oder bei einem zugelassenen Lieferanten.<\/span><\/p>\n<p><strong>Nematel-P 439 mg\/g<\/strong><\/p>\n<p>Orale Paste zur Bek\u00e4mpfung von Wurminfektionen.<\/p>\n<p><strong>Zielarten<\/strong><\/p>\n<p>Pferde (ab einem Alter von 8 Wochen).<\/p>\n<p><strong>Wirkstoff<\/strong><\/p>\n<p>Pyrantelembonat 439 mg\/g<\/p>\n<p>(entspricht 152,2 mg\/g Pyrantel)<\/p>\n<p><strong>Anzeige<\/strong><\/p>\n<p>Wurmbefall mit erwachsenen Stadien von Spulw\u00fcrmern, insbesondere Ascariden (<em>Parascaris equorum<\/em>), kleine Strongyliden (<em>Cyastomum <\/em>spp.., <em>Triodontophorus<\/em> spp.) und gro\u00dfe Strongyliden (<em>Strongylus edentatus<\/em>, <em>S. equinus<\/em>, <em>S. vulgaris<\/em>), Oxyuride (<em>Oxyuris equi<\/em>) und Bandw\u00fcrmer (<em>Anoplocephala perfoliata<\/em>). Die Wirksamkeit gegen <em>Anoplocephala perfoliata<\/em> ist variabel.<\/p>\n<p>Kann w\u00e4hrend der Tr\u00e4chtigkeit und Stillzeit verwendet werden.<\/p>\n<p><strong>Kontraindikationen<\/strong><\/p>\n<p>Nicht anwenden bei \u00dcberempfindlichkeit gegen den Wirkstoff oder einen der Hilfsstoffe.<\/p>\n<p><strong>Dosierung<\/strong><\/p>\n<p>Das Tierarzneimittel ist zur einmaligen oralen Verabreichung an Pferde bestimmt.<\/p>\n<ol>\n<li><span style=\"font-size: 10pt;\">Zur Behandlung von Ascariden, kleinen und gro\u00dfen Strongyliden und Oxyuriden betr\u00e4gt die empfohlene Dosis 19 mg Pyrantelembonat pro kg K\u00f6rpergewicht. Ein Injektor ist f\u00fcr die Behandlung von 600 kg K\u00f6rpergewicht bestimmt (siehe Skala auf dem Injektor) und jeder Injektor ist in markierte Teile unterteilt. Die Menge eines Teils reicht f\u00fcr die Behandlung von 50 kg K\u00f6rpergewicht aus.<\/span><\/li>\n<li><span style=\"font-size: 10pt;\">F\u00fcr die Behandlung von Bandw\u00fcrmern betr\u00e4gt die empfohlene Dosis 38 mg Pyrantelembonat pro kg K\u00f6rpergewicht. Ein Injektor ist f\u00fcr die Behandlung von 350 kg K\u00f6rpergewicht bestimmt (siehe Skala auf dem Injektor) und jeder Injektor ist in markierte Portionen unterteilt. Die Menge von zwei Teilen ist ausreichend f\u00fcr die Behandlung von 50 kg K\u00f6rpergewicht.<\/span><\/li>\n<\/ol>\n<p>F\u00fcr eine korrekte Dosierung sollte das Gewicht so genau wie m\u00f6glich bestimmt werden; die Genauigkeit des Dosierger\u00e4ts sollte \u00fcberpr\u00fcft werden.<\/p>\n<p>Die berechnete und verabreichte Menge der Paste kann mit der Einstellschraube am Stab des Injektors eingestellt und fixiert werden. Dann die Schutzkappe vom Injektor entfernen, das Maul des Pferdes \u00f6ffnen und das Gel so weit wie m\u00f6glich auf den Zungenr\u00fccken spr\u00fchen und das Tier schlucken lassen. Das Schlucken kann angeregt werden, indem man eine Hand unter das Kinn legt und den Kopf anhebt.<\/p>\n<p><strong>Besondere Warnhinweise<\/strong><\/p>\n<p>Lesen Sie vor der Anwendung die Packungsbeilage.<\/p>\n<p><strong>Wartezeit<\/strong><\/p>\n<p>Fleisch und Schlachtnebenerzeugnisse: 0 Tage.<\/p>\n<p>Nicht zugelassen zur Verwendung bei Tieren, die Milch f\u00fcr den menschlichen Verzehr erzeugen.<\/p>\n<p><strong>Inhalt<\/strong><\/p>\n<p>Multidosis-Injektor mit 33,3 g Paste.<\/p>\n<p><a href=\"https:\/\/www.diergeneesmiddeleninformatiebank.nl\/ords\/f?p=111:3::SEARCH:NO::P0_DOMAIN,P0_LANG,P3_RVG1:V,NL,111739\" target=\"_blank\" rel=\"noopener\"><strong>REG DE 111739<\/strong><\/a><\/p>\n<p>Nur f\u00fcr den tier\u00e4rztlichen Gebrauch - URA<\/p>\n<a href=\"https:\/\/www.cbg-meb.nl\/onderwerpen\/bd-internethandel-diergeneesmiddelen\" target=\"_blank\" rel=\"noopener\"><img decoding=\"async\" class=\"preview\" style=\"max-width: 90px; float: right;\" src=\"\/imagestream\/stream\/279197\/2209-logo-internethandel.jpg\" alt=\"\" \/><\/a>","protected":false},"excerpt":{"rendered":"<p>Orale Paste zur Wurmbek\u00e4mpfung bei Pferden, Ponys und Fohlen.<\/p>\n<h4><span style=\"color: #ff0000;\"><em>Verfahren Worm Abhilfema\u00dfnahmen \"URA Abhilfema\u00dfnahmen\"<\/em><\/span><\/h4>\n<p><em>\u00a0<\/em><em>-nur auf Originalrezept mit \"feuchter\" Unterschrift erh\u00e4ltlich<\/em><\/p>\n<p><em>\u00a0<\/em><em>-Gescannte Rezepte sind nicht erlaubt.<\/em><\/p>\n<p><em>\u00a0<\/em><em>-Schicken Sie das Originalrezept per Post an: Food4animals, Zwanenveld 6, 6852LX, Huissen, die Niederlande<\/em><\/p>\n<p><em>\u00a0<\/em><em>-Bestellen Sie per Mail (info@food4animals.nl), was Sie brauchen, wir sorgen daf\u00fcr, dass es auf Lager ist, wenn es abgeholt wird.<\/em><\/p>\n<p><em>\u00a0<\/em><em>-Sie werden benachrichtigt, wenn Ihre Bestellung zur Abholung bereit ist.<\/em><\/p>\n<p><span style=\"color: #ff0000;\"><em>\u00a0<\/em><em>Also ohne Rezept keine Lieferung<\/em><\/span><\/p>\n<h3><span style=\"color: #ff0000;\"><a style=\"color: #ff0000;\" href=\"http:\/\/food4animals.nl\/wp-content\/uploads\/2024\/01\/Recept-origineel-2024-December.pdf\" target=\"_blank\" rel=\"noopener\">Download Muster Rezept Pferd<\/a><\/span><\/h3>\n<p><a href=\"https:\/\/www.cbg-meb.nl\/onderwerpen\/bd-internethandel-diergeneesmiddelen\" target=\"_blank\" rel=\"noopener\"><img loading=\"lazy\" decoding=\"async\" class=\"alignnone wp-image-18895 size-full\" src=\"http:\/\/food4animals.nl\/wp-content\/uploads\/2024\/01\/NVWA-logo.jpg\" alt=\"\" width=\"141\" height=\"117\" srcset=\"https:\/\/www.food4animals.nl\/wp-content\/uploads\/2024\/01\/NVWA-logo.jpg 141w, https:\/\/www.food4animals.nl\/wp-content\/uploads\/2024\/01\/NVWA-logo-14x12.jpg 14w, https:\/\/www.food4animals.nl\/wp-content\/uploads\/2024\/01\/NVWA-logo-106x88.jpg 106w, https:\/\/www.food4animals.nl\/wp-content\/uploads\/2024\/01\/NVWA-logo-80x66.jpg 80w\" sizes=\"auto, (max-width: 141px) 100vw, 141px\" \/><\/a><\/p>","protected":false},"featured_media":29913,"template":"","meta":{"_acf_changed":false},"product_brand":[],"product_cat":[993,996],"product_tag":[2820,843,3217],"class_list":{"0":"post-15318","1":"product","2":"type-product","3":"status-publish","4":"has-post-thumbnail","6":"product_cat-apotheek","7":"product_cat-medicatie-op-recept","8":"product_tag-nematel","9":"product_tag-paard","10":"product_tag-pyrantelembonaat","11":"tax_brand-nematel","13":"first","14":"instock","15":"taxable","16":"shipping-taxable","17":"product-type-simple"},"acf":[],"yoast_head":"<!-- This site is optimized with the Yoast SEO plugin v27.2 - https:\/\/yoast.com\/product\/yoast-seo-wordpress\/ -->\n<title>Nematel-P 439 mg\/g REG NL URA - Food4animals<\/title>\n<meta name=\"robots\" content=\"index, follow, max-snippet:-1, max-image-preview:large, max-video-preview:-1\" \/>\n<link rel=\"canonical\" href=\"https:\/\/www.food4animals.nl\/de\/produkt\/nematel-p-439-mg-g-reg-nl-ura\/\" \/>\n<meta property=\"og:locale\" content=\"de_DE\" \/>\n<meta property=\"og:type\" content=\"article\" \/>\n<meta property=\"og:title\" content=\"Nematel-P 439 mg\/g REG NL URA - Food4animals\" \/>\n<meta property=\"og:description\" content=\"Orale pasta voor wormbestrijding bij paarden,\u00a0pony\u2019s en veulens. Procedure Wormmiddelen \u201cURA middelen\u201d \u00a0-Alleen verkrijgbaar op origineel recept met \u201cnatte\u201d handtekening  \u00a0-Gescande recepten zijn niet toegestaan.  \u00a0-Stuur het Origineel recept per post naar: Food4animals, Zwanenveld 6, 6852LX, Huissen, Nederland  \u00a0-Bestel per mail (info@food4animals.nl) wat u nodig heeft, wij zorgen dat het op voorraad is als het opgehaald wordt.  \u00a0-U ontvangt bericht als uw bestelling klaar staat voor afhalen.  \u00a0Dus zonder\u00a0recept\u00a0geen levering Download voorbeeld Recept Paard\" \/>\n<meta property=\"og:url\" content=\"https:\/\/www.food4animals.nl\/de\/produkt\/nematel-p-439-mg-g-reg-nl-ura\/\" \/>\n<meta property=\"og:site_name\" content=\"Food4animals\" \/>\n<meta property=\"article:publisher\" content=\"https:\/\/www.facebook.com\/p\/Food4animals-100063861676074\/\" \/>\n<meta property=\"article:modified_time\" content=\"2026-04-13T00:42:17+00:00\" \/>\n<meta property=\"og:image\" content=\"https:\/\/www.food4animals.nl\/wp-content\/uploads\/2023\/12\/Nematel-P.jpg\" \/>\n\t<meta property=\"og:image:width\" content=\"1024\" \/>\n\t<meta property=\"og:image:height\" content=\"1098\" \/>\n\t<meta property=\"og:image:type\" content=\"image\/jpeg\" \/>\n<meta name=\"twitter:card\" content=\"summary_large_image\" \/>\n<meta name=\"twitter:site\" content=\"@food4animals\" \/>\n<meta name=\"twitter:label1\" content=\"Gesch\u00e4tzte Lesezeit\" \/>\n\t<meta name=\"twitter:data1\" content=\"3\u00a0Minuten\" \/>\n<script type=\"application\/ld+json\" class=\"yoast-schema-graph\">{\"@context\":\"https:\/\/schema.org\",\"@graph\":[{\"@type\":\"WebPage\",\"@id\":\"https:\/\/www.food4animals.nl\/product\/nematel-p-439-mg-g-reg-nl-ura\/\",\"url\":\"https:\/\/www.food4animals.nl\/product\/nematel-p-439-mg-g-reg-nl-ura\/\",\"name\":\"Nematel-P 439 mg\/g REG NL URA - Food4animals\",\"isPartOf\":{\"@id\":\"https:\/\/www.food4animals.nl\/en\/#website\"},\"primaryImageOfPage\":{\"@id\":\"https:\/\/www.food4animals.nl\/product\/nematel-p-439-mg-g-reg-nl-ura\/#primaryimage\"},\"image\":{\"@id\":\"https:\/\/www.food4animals.nl\/product\/nematel-p-439-mg-g-reg-nl-ura\/#primaryimage\"},\"thumbnailUrl\":\"https:\/\/www.food4animals.nl\/wp-content\/uploads\/2023\/12\/Nematel-P.jpg\",\"datePublished\":\"2023-12-14T16:55:53+00:00\",\"dateModified\":\"2026-04-13T00:42:17+00:00\",\"breadcrumb\":{\"@id\":\"https:\/\/www.food4animals.nl\/product\/nematel-p-439-mg-g-reg-nl-ura\/#breadcrumb\"},\"inLanguage\":\"de\",\"potentialAction\":[{\"@type\":\"ReadAction\",\"target\":[\"https:\/\/www.food4animals.nl\/product\/nematel-p-439-mg-g-reg-nl-ura\/\"]}]},{\"@type\":\"ImageObject\",\"inLanguage\":\"de\",\"@id\":\"https:\/\/www.food4animals.nl\/product\/nematel-p-439-mg-g-reg-nl-ura\/#primaryimage\",\"url\":\"https:\/\/www.food4animals.nl\/wp-content\/uploads\/2023\/12\/Nematel-P.jpg\",\"contentUrl\":\"https:\/\/www.food4animals.nl\/wp-content\/uploads\/2023\/12\/Nematel-P.jpg\",\"width\":1024,\"height\":1098},{\"@type\":\"BreadcrumbList\",\"@id\":\"https:\/\/www.food4animals.nl\/product\/nematel-p-439-mg-g-reg-nl-ura\/#breadcrumb\",\"itemListElement\":[{\"@type\":\"ListItem\",\"position\":1,\"name\":\"Home\",\"item\":\"https:\/\/www.food4animals.nl\/\"},{\"@type\":\"ListItem\",\"position\":2,\"name\":\"Winkel\",\"item\":\"https:\/\/www.food4animals.nl\/winkel\/\"},{\"@type\":\"ListItem\",\"position\":3,\"name\":\"Nematel-P 439 mg\/g REG NL URA\"}]},{\"@type\":\"WebSite\",\"@id\":\"https:\/\/www.food4animals.nl\/en\/#website\",\"url\":\"https:\/\/www.food4animals.nl\/en\/\",\"name\":\"Food4animals\",\"description\":\"Alles voor Ruiter en Dier\",\"publisher\":{\"@id\":\"https:\/\/www.food4animals.nl\/en\/#organization\"},\"potentialAction\":[{\"@type\":\"SearchAction\",\"target\":{\"@type\":\"EntryPoint\",\"urlTemplate\":\"https:\/\/www.food4animals.nl\/en\/?s={search_term_string}\"},\"query-input\":{\"@type\":\"PropertyValueSpecification\",\"valueRequired\":true,\"valueName\":\"search_term_string\"}}],\"inLanguage\":\"de\"},{\"@type\":\"Organization\",\"@id\":\"https:\/\/www.food4animals.nl\/en\/#organization\",\"name\":\"Food4animals\",\"url\":\"https:\/\/www.food4animals.nl\/en\/\",\"logo\":{\"@type\":\"ImageObject\",\"inLanguage\":\"de\",\"@id\":\"https:\/\/www.food4animals.nl\/en\/#\/schema\/logo\/image\/\",\"url\":\"https:\/\/www.food4animals.nl\/wp-content\/uploads\/2023\/10\/Logo.svg\",\"contentUrl\":\"https:\/\/www.food4animals.nl\/wp-content\/uploads\/2023\/10\/Logo.svg\",\"width\":1,\"height\":1,\"caption\":\"Food4animals\"},\"image\":{\"@id\":\"https:\/\/www.food4animals.nl\/en\/#\/schema\/logo\/image\/\"},\"sameAs\":[\"https:\/\/www.facebook.com\/p\/Food4animals-100063861676074\/\",\"https:\/\/x.com\/food4animals\"]}]}<\/script>\n<!-- \/ Yoast SEO plugin. -->","yoast_head_json":{"title":"Nematel-P 439 mg\/g REG DE URA - Food4animals","robots":{"index":"index","follow":"follow","max-snippet":"max-snippet:-1","max-image-preview":"max-image-preview:large","max-video-preview":"max-video-preview:-1"},"canonical":"https:\/\/www.food4animals.nl\/de\/produkt\/nematel-p-439-mg-g-reg-nl-ura\/","og_locale":"de_DE","og_type":"article","og_title":"Nematel-P 439 mg\/g REG NL URA - Food4animals","og_description":"Orale pasta voor wormbestrijding bij paarden,\u00a0pony\u2019s en veulens. Procedure Wormmiddelen \u201cURA middelen\u201d \u00a0-Alleen verkrijgbaar op origineel recept met \u201cnatte\u201d handtekening  \u00a0-Gescande recepten zijn niet toegestaan.  \u00a0-Stuur het Origineel recept per post naar: Food4animals, Zwanenveld 6, 6852LX, Huissen, Nederland  \u00a0-Bestel per mail (info@food4animals.nl) wat u nodig heeft, wij zorgen dat het op voorraad is als het opgehaald wordt.  \u00a0-U ontvangt bericht als uw bestelling klaar staat voor afhalen.  \u00a0Dus zonder\u00a0recept\u00a0geen levering Download voorbeeld Recept Paard","og_url":"https:\/\/www.food4animals.nl\/de\/produkt\/nematel-p-439-mg-g-reg-nl-ura\/","og_site_name":"Food4animals","article_publisher":"https:\/\/www.facebook.com\/p\/Food4animals-100063861676074\/","article_modified_time":"2026-04-13T00:42:17+00:00","og_image":[{"width":1024,"height":1098,"url":"https:\/\/www.food4animals.nl\/wp-content\/uploads\/2023\/12\/Nematel-P.jpg","type":"image\/jpeg"}],"twitter_card":"summary_large_image","twitter_site":"@food4animals","twitter_misc":{"Gesch\u00e4tzte Lesezeit":"3\u00a0Minuten"},"schema":{"@context":"https:\/\/schema.org","@graph":[{"@type":"WebPage","@id":"https:\/\/www.food4animals.nl\/product\/nematel-p-439-mg-g-reg-nl-ura\/","url":"https:\/\/www.food4animals.nl\/product\/nematel-p-439-mg-g-reg-nl-ura\/","name":"Nematel-P 439 mg\/g REG DE URA - Food4animals","isPartOf":{"@id":"https:\/\/www.food4animals.nl\/en\/#website"},"primaryImageOfPage":{"@id":"https:\/\/www.food4animals.nl\/product\/nematel-p-439-mg-g-reg-nl-ura\/#primaryimage"},"image":{"@id":"https:\/\/www.food4animals.nl\/product\/nematel-p-439-mg-g-reg-nl-ura\/#primaryimage"},"thumbnailUrl":"https:\/\/www.food4animals.nl\/wp-content\/uploads\/2023\/12\/Nematel-P.jpg","datePublished":"2023-12-14T16:55:53+00:00","dateModified":"2026-04-13T00:42:17+00:00","breadcrumb":{"@id":"https:\/\/www.food4animals.nl\/product\/nematel-p-439-mg-g-reg-nl-ura\/#breadcrumb"},"inLanguage":"de","potentialAction":[{"@type":"ReadAction","target":["https:\/\/www.food4animals.nl\/product\/nematel-p-439-mg-g-reg-nl-ura\/"]}]},{"@type":"ImageObject","inLanguage":"de","@id":"https:\/\/www.food4animals.nl\/product\/nematel-p-439-mg-g-reg-nl-ura\/#primaryimage","url":"https:\/\/www.food4animals.nl\/wp-content\/uploads\/2023\/12\/Nematel-P.jpg","contentUrl":"https:\/\/www.food4animals.nl\/wp-content\/uploads\/2023\/12\/Nematel-P.jpg","width":1024,"height":1098},{"@type":"BreadcrumbList","@id":"https:\/\/www.food4animals.nl\/product\/nematel-p-439-mg-g-reg-nl-ura\/#breadcrumb","itemListElement":[{"@type":"ListItem","position":1,"name":"Home","item":"https:\/\/www.food4animals.nl\/"},{"@type":"ListItem","position":2,"name":"Winkel","item":"https:\/\/www.food4animals.nl\/winkel\/"},{"@type":"ListItem","position":3,"name":"Nematel-P 439 mg\/g REG NL URA"}]},{"@type":"WebSite","@id":"https:\/\/www.food4animals.nl\/en\/#website","url":"https:\/\/www.food4animals.nl\/en\/","name":"Lebensmittel4Tiere","description":"Alles f\u00fcr Reiter und Tier","publisher":{"@id":"https:\/\/www.food4animals.nl\/en\/#organization"},"potentialAction":[{"@type":"SearchAction","target":{"@type":"EntryPoint","urlTemplate":"https:\/\/www.food4animals.nl\/en\/?s={search_term_string}"},"query-input":{"@type":"PropertyValueSpecification","valueRequired":true,"valueName":"search_term_string"}}],"inLanguage":"de"},{"@type":"Organization","@id":"https:\/\/www.food4animals.nl\/en\/#organization","name":"Lebensmittel4Tiere","url":"https:\/\/www.food4animals.nl\/en\/","logo":{"@type":"ImageObject","inLanguage":"de","@id":"https:\/\/www.food4animals.nl\/en\/#\/schema\/logo\/image\/","url":"https:\/\/www.food4animals.nl\/wp-content\/uploads\/2023\/10\/Logo.svg","contentUrl":"https:\/\/www.food4animals.nl\/wp-content\/uploads\/2023\/10\/Logo.svg","width":1,"height":1,"caption":"Food4animals"},"image":{"@id":"https:\/\/www.food4animals.nl\/en\/#\/schema\/logo\/image\/"},"sameAs":["https:\/\/www.facebook.com\/p\/Food4animals-100063861676074\/","https:\/\/x.com\/food4animals"]}]}},"_links":{"self":[{"href":"https:\/\/www.food4animals.nl\/de\/wp-json\/wp\/v2\/product\/15318","targetHints":{"allow":["GET"]}}],"collection":[{"href":"https:\/\/www.food4animals.nl\/de\/wp-json\/wp\/v2\/product"}],"about":[{"href":"https:\/\/www.food4animals.nl\/de\/wp-json\/wp\/v2\/types\/product"}],"wp:featuredmedia":[{"embeddable":true,"href":"https:\/\/www.food4animals.nl\/de\/wp-json\/wp\/v2\/media\/29913"}],"wp:attachment":[{"href":"https:\/\/www.food4animals.nl\/de\/wp-json\/wp\/v2\/media?parent=15318"}],"wp:term":[{"taxonomy":"product_brand","embeddable":true,"href":"https:\/\/www.food4animals.nl\/de\/wp-json\/wp\/v2\/product_brand?post=15318"},{"taxonomy":"product_cat","embeddable":true,"href":"https:\/\/www.food4animals.nl\/de\/wp-json\/wp\/v2\/product_cat?post=15318"},{"taxonomy":"product_tag","embeddable":true,"href":"https:\/\/www.food4animals.nl\/de\/wp-json\/wp\/v2\/product_tag?post=15318"}],"curies":[{"name":"wp","href":"https:\/\/api.w.org\/{rel}","templated":true}]}}