{"id":15361,"date":"2023-12-14T17:03:23","date_gmt":"2023-12-14T17:03:23","guid":{"rendered":"https:\/\/food4animals.nl\/product\/nightwalk-dog-safety-vest-yellow-medium\/"},"modified":"2026-04-06T01:28:17","modified_gmt":"2026-04-06T00:28:17","slug":"nightwalk-dog-safety-vest-yellow-medium","status":"publish","type":"product","link":"https:\/\/www.food4animals.nl\/de\/produkt\/nightwalk-dog-safety-vest-yellow-medium\/","title":{"rendered":"Nightwalk Hundesicherheitsweste Gelb Medium"},"content":{"rendered":"<h2>Sicherheitsweste Nightwalk<\/h2>\n<p>Diese Sicherheitsjacke sorgt daf\u00fcr, dass Ihr Hund bei Spazierg\u00e4ngen in der Dunkelheit oder an grauen Wintertagen gut sichtbar ist. Die reflektierenden Details sind auch aus der Ferne gut sichtbar. Die Sicherheitsweste ist dank des Klettverschlusses leicht an- und auszuziehen und l\u00e4sst sich daher gut um den Hals und den Bauch legen. So k\u00f6nnen Sie auch im Dunkeln mit Ihrem Hund mit einem sicheren Gef\u00fchl spazieren gehen!<\/p>\n<h3>Varianten<\/h3>\n<ul>\n<li>NIGH055 - Gelb S<\/li>\n<li>NIGH056 - Gelb M<\/li>\n<li>NIGH057 - Gelb L<\/li>\n<li>NIGH060 - Orange S<\/li>\n<li>NIGH061 - Orange M<\/li>\n<li>NIGH062 - Orange L<\/li>\n<\/ul>\n<table style=\"border-collapse: collapse; width: 50%; height: 76px;\" border=\"1\">\n<tbody>\n<tr style=\"height: 16px;\">\n<td style=\"width: 10%; height: 16px;\"><strong>Gr\u00f6\u00dfe<\/strong><\/td>\n<td style=\"width: 10%; height: 16px;\"><strong>Gr\u00f6\u00dfe des Halses<\/strong><\/td>\n<td style=\"width: 10%; height: 16px;\"><strong>Umfang der Taille<\/strong><\/td>\n<td style=\"width: 10%; height: 16px;\"><strong>L\u00e4nge des R\u00fcckens<\/strong><\/td>\n<\/tr>\n<tr style=\"height: 20px;\">\n<td style=\"width: 10%; height: 20px;\">S<\/td>\n<td style=\"width: 10%; height: 20px;\">34-42 cm<\/td>\n<td style=\"width: 10%; height: 20px;\">49-55 cm<\/td>\n<td style=\"width: 10%; height: 20px;\">25 cm<\/td>\n<\/tr>\n<tr style=\"height: 20px;\">\n<td style=\"width: 10%; height: 20px;\">M<\/td>\n<td style=\"width: 10%; height: 20px;\">43-50 cm<\/td>\n<td style=\"width: 10%; height: 20px;\">56-65 cm<\/td>\n<td style=\"width: 10%; height: 20px;\">35 cm<\/td>\n<\/tr>\n<tr style=\"height: 20px;\">\n<td style=\"width: 10%; height: 20px;\">L<\/td>\n<td style=\"width: 10%; height: 20px;\">48-55 cm<\/td>\n<td style=\"width: 10%; height: 20px;\">66-73 cm<\/td>\n<td style=\"width: 10%; height: 20px;\">45 cm<\/td>\n<\/tr>\n<\/tbody>\n<\/table>","protected":false},"excerpt":{"rendered":"<p>Reflektierende Sicherheitsweste speziell f\u00fcr Ihren Hund!<\/p>","protected":false},"featured_media":39785,"template":"","meta":{"_acf_changed":false},"product_brand":[],"product_cat":[1023,959],"product_tag":[895,2837,2838],"class_list":{"0":"post-15361","1":"product","2":"type-product","3":"status-publish","4":"has-post-thumbnail","6":"product_cat-nieuw","7":"product_cat-shop","8":"product_tag-m","9":"product_tag-nightwalk","10":"product_tag-nightwalk-dog-safety-vest","12":"first","13":"instock","14":"taxable","15":"shipping-taxable","16":"purchasable","17":"product-type-simple"},"acf":[],"yoast_head":"<!-- This site is optimized with the Yoast SEO plugin v27.2 - https:\/\/yoast.com\/product\/yoast-seo-wordpress\/ -->\n<title>Nightwalk Dog Safety Vest Yellow Medium - Food4animals<\/title>\n<meta name=\"robots\" content=\"index, follow, max-snippet:-1, max-image-preview:large, max-video-preview:-1\" \/>\n<link rel=\"canonical\" href=\"https:\/\/www.food4animals.nl\/de\/produkt\/nightwalk-dog-safety-vest-yellow-medium\/\" \/>\n<meta property=\"og:locale\" content=\"de_DE\" \/>\n<meta property=\"og:type\" content=\"article\" \/>\n<meta property=\"og:title\" content=\"Nightwalk Dog Safety Vest Yellow Medium - Food4animals\" \/>\n<meta property=\"og:description\" content=\"Reflecterend veiligheidsvest speciaal voor je hond!\" \/>\n<meta property=\"og:url\" content=\"https:\/\/www.food4animals.nl\/de\/produkt\/nightwalk-dog-safety-vest-yellow-medium\/\" \/>\n<meta property=\"og:site_name\" content=\"Food4animals\" \/>\n<meta property=\"article:publisher\" content=\"https:\/\/www.facebook.com\/p\/Food4animals-100063861676074\/\" \/>\n<meta property=\"article:modified_time\" content=\"2026-04-06T00:28:17+00:00\" \/>\n<meta property=\"og:image\" content=\"https:\/\/www.food4animals.nl\/wp-content\/uploads\/2025\/11\/NIGH056.png\" \/>\n\t<meta property=\"og:image:width\" content=\"1024\" \/>\n\t<meta property=\"og:image:height\" content=\"1024\" \/>\n\t<meta property=\"og:image:type\" content=\"image\/png\" \/>\n<meta name=\"twitter:card\" content=\"summary_large_image\" \/>\n<meta name=\"twitter:site\" content=\"@food4animals\" \/>\n<meta name=\"twitter:label1\" content=\"Gesch\u00e4tzte Lesezeit\" \/>\n\t<meta name=\"twitter:data1\" content=\"1\u00a0Minute\" \/>\n<script type=\"application\/ld+json\" class=\"yoast-schema-graph\">{\"@context\":\"https:\/\/schema.org\",\"@graph\":[{\"@type\":\"WebPage\",\"@id\":\"https:\/\/www.food4animals.nl\/product\/nightwalk-dog-safety-vest-yellow-medium\/\",\"url\":\"https:\/\/www.food4animals.nl\/product\/nightwalk-dog-safety-vest-yellow-medium\/\",\"name\":\"Nightwalk Dog Safety Vest Yellow Medium - Food4animals\",\"isPartOf\":{\"@id\":\"https:\/\/www.food4animals.nl\/en\/#website\"},\"primaryImageOfPage\":{\"@id\":\"https:\/\/www.food4animals.nl\/product\/nightwalk-dog-safety-vest-yellow-medium\/#primaryimage\"},\"image\":{\"@id\":\"https:\/\/www.food4animals.nl\/product\/nightwalk-dog-safety-vest-yellow-medium\/#primaryimage\"},\"thumbnailUrl\":\"https:\/\/www.food4animals.nl\/wp-content\/uploads\/2025\/11\/NIGH056.png\",\"datePublished\":\"2023-12-14T17:03:23+00:00\",\"dateModified\":\"2026-04-06T00:28:17+00:00\",\"breadcrumb\":{\"@id\":\"https:\/\/www.food4animals.nl\/product\/nightwalk-dog-safety-vest-yellow-medium\/#breadcrumb\"},\"inLanguage\":\"de\",\"potentialAction\":[{\"@type\":\"ReadAction\",\"target\":[\"https:\/\/www.food4animals.nl\/product\/nightwalk-dog-safety-vest-yellow-medium\/\"]}]},{\"@type\":\"ImageObject\",\"inLanguage\":\"de\",\"@id\":\"https:\/\/www.food4animals.nl\/product\/nightwalk-dog-safety-vest-yellow-medium\/#primaryimage\",\"url\":\"https:\/\/www.food4animals.nl\/wp-content\/uploads\/2025\/11\/NIGH056.png\",\"contentUrl\":\"https:\/\/www.food4animals.nl\/wp-content\/uploads\/2025\/11\/NIGH056.png\",\"width\":1024,\"height\":1024},{\"@type\":\"BreadcrumbList\",\"@id\":\"https:\/\/www.food4animals.nl\/product\/nightwalk-dog-safety-vest-yellow-medium\/#breadcrumb\",\"itemListElement\":[{\"@type\":\"ListItem\",\"position\":1,\"name\":\"Home\",\"item\":\"https:\/\/www.food4animals.nl\/\"},{\"@type\":\"ListItem\",\"position\":2,\"name\":\"Winkel\",\"item\":\"https:\/\/www.food4animals.nl\/winkel\/\"},{\"@type\":\"ListItem\",\"position\":3,\"name\":\"Nightwalk Dog Safety Vest Yellow Medium\"}]},{\"@type\":\"WebSite\",\"@id\":\"https:\/\/www.food4animals.nl\/en\/#website\",\"url\":\"https:\/\/www.food4animals.nl\/en\/\",\"name\":\"Food4animals\",\"description\":\"Alles voor Ruiter en Dier\",\"publisher\":{\"@id\":\"https:\/\/www.food4animals.nl\/en\/#organization\"},\"potentialAction\":[{\"@type\":\"SearchAction\",\"target\":{\"@type\":\"EntryPoint\",\"urlTemplate\":\"https:\/\/www.food4animals.nl\/en\/?s={search_term_string}\"},\"query-input\":{\"@type\":\"PropertyValueSpecification\",\"valueRequired\":true,\"valueName\":\"search_term_string\"}}],\"inLanguage\":\"de\"},{\"@type\":\"Organization\",\"@id\":\"https:\/\/www.food4animals.nl\/en\/#organization\",\"name\":\"Food4animals\",\"url\":\"https:\/\/www.food4animals.nl\/en\/\",\"logo\":{\"@type\":\"ImageObject\",\"inLanguage\":\"de\",\"@id\":\"https:\/\/www.food4animals.nl\/en\/#\/schema\/logo\/image\/\",\"url\":\"https:\/\/www.food4animals.nl\/wp-content\/uploads\/2023\/10\/Logo.svg\",\"contentUrl\":\"https:\/\/www.food4animals.nl\/wp-content\/uploads\/2023\/10\/Logo.svg\",\"width\":1,\"height\":1,\"caption\":\"Food4animals\"},\"image\":{\"@id\":\"https:\/\/www.food4animals.nl\/en\/#\/schema\/logo\/image\/\"},\"sameAs\":[\"https:\/\/www.facebook.com\/p\/Food4animals-100063861676074\/\",\"https:\/\/x.com\/food4animals\"]}]}<\/script>\n<!-- \/ Yoast SEO plugin. -->","yoast_head_json":{"title":"Nightwalk Dog Safety Vest Yellow Medium - Food4animals","robots":{"index":"index","follow":"follow","max-snippet":"max-snippet:-1","max-image-preview":"max-image-preview:large","max-video-preview":"max-video-preview:-1"},"canonical":"https:\/\/www.food4animals.nl\/de\/produkt\/nightwalk-dog-safety-vest-yellow-medium\/","og_locale":"de_DE","og_type":"article","og_title":"Nightwalk Dog Safety Vest Yellow Medium - Food4animals","og_description":"Reflecterend veiligheidsvest speciaal voor je hond!","og_url":"https:\/\/www.food4animals.nl\/de\/produkt\/nightwalk-dog-safety-vest-yellow-medium\/","og_site_name":"Food4animals","article_publisher":"https:\/\/www.facebook.com\/p\/Food4animals-100063861676074\/","article_modified_time":"2026-04-06T00:28:17+00:00","og_image":[{"width":1024,"height":1024,"url":"https:\/\/www.food4animals.nl\/wp-content\/uploads\/2025\/11\/NIGH056.png","type":"image\/png"}],"twitter_card":"summary_large_image","twitter_site":"@food4animals","twitter_misc":{"Gesch\u00e4tzte Lesezeit":"1\u00a0Minute"},"schema":{"@context":"https:\/\/schema.org","@graph":[{"@type":"WebPage","@id":"https:\/\/www.food4animals.nl\/product\/nightwalk-dog-safety-vest-yellow-medium\/","url":"https:\/\/www.food4animals.nl\/product\/nightwalk-dog-safety-vest-yellow-medium\/","name":"Nightwalk Dog Safety Vest Yellow Medium - Food4animals","isPartOf":{"@id":"https:\/\/www.food4animals.nl\/en\/#website"},"primaryImageOfPage":{"@id":"https:\/\/www.food4animals.nl\/product\/nightwalk-dog-safety-vest-yellow-medium\/#primaryimage"},"image":{"@id":"https:\/\/www.food4animals.nl\/product\/nightwalk-dog-safety-vest-yellow-medium\/#primaryimage"},"thumbnailUrl":"https:\/\/www.food4animals.nl\/wp-content\/uploads\/2025\/11\/NIGH056.png","datePublished":"2023-12-14T17:03:23+00:00","dateModified":"2026-04-06T00:28:17+00:00","breadcrumb":{"@id":"https:\/\/www.food4animals.nl\/product\/nightwalk-dog-safety-vest-yellow-medium\/#breadcrumb"},"inLanguage":"de","potentialAction":[{"@type":"ReadAction","target":["https:\/\/www.food4animals.nl\/product\/nightwalk-dog-safety-vest-yellow-medium\/"]}]},{"@type":"ImageObject","inLanguage":"de","@id":"https:\/\/www.food4animals.nl\/product\/nightwalk-dog-safety-vest-yellow-medium\/#primaryimage","url":"https:\/\/www.food4animals.nl\/wp-content\/uploads\/2025\/11\/NIGH056.png","contentUrl":"https:\/\/www.food4animals.nl\/wp-content\/uploads\/2025\/11\/NIGH056.png","width":1024,"height":1024},{"@type":"BreadcrumbList","@id":"https:\/\/www.food4animals.nl\/product\/nightwalk-dog-safety-vest-yellow-medium\/#breadcrumb","itemListElement":[{"@type":"ListItem","position":1,"name":"Home","item":"https:\/\/www.food4animals.nl\/"},{"@type":"ListItem","position":2,"name":"Winkel","item":"https:\/\/www.food4animals.nl\/winkel\/"},{"@type":"ListItem","position":3,"name":"Nightwalk Dog Safety Vest Yellow Medium"}]},{"@type":"WebSite","@id":"https:\/\/www.food4animals.nl\/en\/#website","url":"https:\/\/www.food4animals.nl\/en\/","name":"Lebensmittel4Tiere","description":"Alles f\u00fcr Reiter und Tier","publisher":{"@id":"https:\/\/www.food4animals.nl\/en\/#organization"},"potentialAction":[{"@type":"SearchAction","target":{"@type":"EntryPoint","urlTemplate":"https:\/\/www.food4animals.nl\/en\/?s={search_term_string}"},"query-input":{"@type":"PropertyValueSpecification","valueRequired":true,"valueName":"search_term_string"}}],"inLanguage":"de"},{"@type":"Organization","@id":"https:\/\/www.food4animals.nl\/en\/#organization","name":"Lebensmittel4Tiere","url":"https:\/\/www.food4animals.nl\/en\/","logo":{"@type":"ImageObject","inLanguage":"de","@id":"https:\/\/www.food4animals.nl\/en\/#\/schema\/logo\/image\/","url":"https:\/\/www.food4animals.nl\/wp-content\/uploads\/2023\/10\/Logo.svg","contentUrl":"https:\/\/www.food4animals.nl\/wp-content\/uploads\/2023\/10\/Logo.svg","width":1,"height":1,"caption":"Food4animals"},"image":{"@id":"https:\/\/www.food4animals.nl\/en\/#\/schema\/logo\/image\/"},"sameAs":["https:\/\/www.facebook.com\/p\/Food4animals-100063861676074\/","https:\/\/x.com\/food4animals"]}]}},"_links":{"self":[{"href":"https:\/\/www.food4animals.nl\/de\/wp-json\/wp\/v2\/product\/15361","targetHints":{"allow":["GET"]}}],"collection":[{"href":"https:\/\/www.food4animals.nl\/de\/wp-json\/wp\/v2\/product"}],"about":[{"href":"https:\/\/www.food4animals.nl\/de\/wp-json\/wp\/v2\/types\/product"}],"wp:featuredmedia":[{"embeddable":true,"href":"https:\/\/www.food4animals.nl\/de\/wp-json\/wp\/v2\/media\/39785"}],"wp:attachment":[{"href":"https:\/\/www.food4animals.nl\/de\/wp-json\/wp\/v2\/media?parent=15361"}],"wp:term":[{"taxonomy":"product_brand","embeddable":true,"href":"https:\/\/www.food4animals.nl\/de\/wp-json\/wp\/v2\/product_brand?post=15361"},{"taxonomy":"product_cat","embeddable":true,"href":"https:\/\/www.food4animals.nl\/de\/wp-json\/wp\/v2\/product_cat?post=15361"},{"taxonomy":"product_tag","embeddable":true,"href":"https:\/\/www.food4animals.nl\/de\/wp-json\/wp\/v2\/product_tag?post=15361"}],"curies":[{"name":"wp","href":"https:\/\/api.w.org\/{rel}","templated":true}]}}