{"id":15391,"date":"2023-12-14T17:08:22","date_gmt":"2023-12-14T17:08:22","guid":{"rendered":"https:\/\/food4animals.nl\/product\/no-stress-paste-horse\/"},"modified":"2026-04-12T01:34:04","modified_gmt":"2026-04-12T00:34:04","slug":"kein-stress-paste-pferd","status":"publish","type":"product","link":"https:\/\/www.food4animals.nl\/de\/produkt\/kein-stress-paste-pferd\/","title":{"rendered":"No Stress Paste Pferd"},"content":{"rendered":"<h2><span style=\"font-size: 10pt;\"><strong>No Stress Paste ist eine schmackhafte Paste auf der Basis des nat\u00fcrlichen Inhaltsstoffs L-Tryptophan.<\/strong><\/span><\/h2>\n<p><span style=\"font-size: 10pt;\">Erg\u00e4nzungsfuttermittel f\u00fcr Pferde zur Unterst\u00fctzung bei Stress und Anspannung.<\/span><br \/><span style=\"font-size: 10pt;\"><strong><br \/>No Stress Paste<\/strong>\u00a0Enth\u00e4lt einen hohen Anteil an nat\u00fcrlichem L-Tryptophan mit Zusatz von Magnesium.\u00a0<\/span><br \/><span style=\"font-size: 10pt;\">L-Tryptophan und Magnesium sind wichtig f\u00fcr eine optimale Nerven- und Muskelfunktion.<\/span><br \/><span style=\"font-size: 10pt;\"><strong>No Stress Paste<\/strong>\u00a0hat eine beruhigende Wirkung auf den Gem\u00fctszustand des Pferdes. Es unterst\u00fctzt bei Stress und Anspannung.<\/span><br \/><span style=\"font-size: 10pt;\"><strong>No Stress Paste<\/strong>\u00a0ist leicht \u00fcber das Maul des Pferdes zu verabreichen. Die schmackhafte Paste wird vom Pferd gut aufgenommen. Die Wirkungsdauer betr\u00e4gt etwa 3 Stunden.<\/span><br \/><span style=\"font-size: 10pt;\">\u00a0<\/span><br \/><span style=\"font-size: 10pt;\"><strong>Ideal bei<\/strong><\/span><\/p>\n<ul>\n<li><span style=\"font-size: 10pt;\">Transport (Anh\u00e4nger)<\/span><\/li>\n<li><span style=\"font-size: 10pt;\">Rasieren<\/span><\/li>\n<li><span style=\"font-size: 10pt;\">Besuch beim Hufschmied<\/span><\/li>\n<li><span style=\"font-size: 10pt;\">Besuch beim Tierarzt<\/span><span style=\"font-size: 10pt;\">\u00a0<\/span><\/li>\n<\/ul>\n<p><span style=\"font-size: 10pt;\"><strong>Leicht anwendbar und ideal f\u00fcr den Einsatz in Stresssituationen.<\/strong><strong><br \/>40 Minuten vor einer stressigen Situation verabreichen. Die Wirkungsdauer betr\u00e4gt etwa 3 Stunden.<br \/><\/strong><\/span><\/p>\n<p><span style=\"font-size: 10pt;\"><strong>Ausf\u00fchrliche Informationen<\/strong><br \/>L-Tryptophan und Magnesium spielen eine wichtige Rolle bei der Regulierung der Stimmung des Pferdes und k\u00f6nnen als nat\u00fcrliche Beruhigungsmittel wirken.<\/span><\/p>\n<p><span style=\"font-size: 10pt;\">L-Tryptophan ist eine essentielle Aminos\u00e4ure, die zur Bildung von Serotonin verwendet wird. Serotonin ist ein chemischer Stoff im Gehirn, der f\u00fcr Wohlbefinden und Gelassenheit verantwortlich ist. Die Verabreichung von L-Tryptophan-haltigen Nahrungserg\u00e4nzungsmitteln an Pferde kann die Serotoninproduktion erh\u00f6hen, was eine entspannende Wirkung hat.<\/span><\/p>\n<p><span style=\"font-size: 10pt;\">Magnesium hingegen ist ein Mineral, das nat\u00fcrlich im K\u00f6rper vorkommt und zur Regulierung von Muskeln und Nerven beitr\u00e4gt. Die Gabe von Magnesiumerg\u00e4nzungen an ein Pferd kann das Nervensystem unterst\u00fctzen und beruhigend wirken.<\/span><\/p>\n<p><span style=\"font-size: 10pt;\">L-Tryptophan und Magnesium sind besonders n\u00fctzlich in Situationen, in denen Pferde zus\u00e4tzlichem Stress ausgesetzt sind, wie z. B. beim Transport. Pferde k\u00f6nnen durch den Wechsel der Umgebung und der Routine w\u00e4hrend des Transports gestresst werden, wobei Magnesium die Muskelspannung unterst\u00fctzt und L-Tryptophan dem Pferd hilft, sich zu entspannen.<br \/><\/span><span style=\"font-size: 10pt;\">Dar\u00fcber hinaus kann die Kombination von L-Tryptophan und Magnesium auch in unerwarteten Situationen wie Tierarzt- oder Hufschmiedbesuchen n\u00fctzlich sein.<br \/><\/span><span style=\"font-size: 10pt;\">\u00a0<\/span><br \/><span style=\"font-size: 10pt;\"><strong>F\u00fctterungshinweise<\/strong><\/span><br \/><span style=\"font-size: 10pt;\">1 Injektor pro Pferd (350 - 700 kg).<\/span><\/p>\n<p><span style=\"font-size: 10pt;\"><strong>\u00a0<\/strong><\/span><\/p>","protected":false},"excerpt":{"rendered":"<p>Leckere Paste auf Tryptophanbasis zur Unterst\u00fctzung bei Stress und Anspannung.<\/p>","protected":false},"featured_media":39801,"template":"","meta":{"_acf_changed":false},"product_brand":[],"product_cat":[829,1316],"product_tag":[883,1368,1370,843,908,1954],"class_list":{"0":"post-15391","1":"product","2":"type-product","3":"status-publish","4":"has-post-thumbnail","6":"product_cat-paard","7":"product_cat-supplementen-paard","8":"product_tag-excellent","9":"product_tag-excellent-horse","10":"product_tag-kleurloos","11":"product_tag-paard","12":"product_tag-stress","13":"product_tag-stress-situaties","14":"tax_brand-excellent-horse","16":"first","17":"outofstock","18":"taxable","19":"shipping-taxable","20":"purchasable","21":"product-type-simple"},"acf":[],"yoast_head":"<!-- This site is optimized with the Yoast SEO plugin v27.2 - https:\/\/yoast.com\/product\/yoast-seo-wordpress\/ -->\n<title>No Stress Paste Horse - Food4animals<\/title>\n<meta name=\"robots\" content=\"index, follow, max-snippet:-1, max-image-preview:large, max-video-preview:-1\" \/>\n<link rel=\"canonical\" href=\"https:\/\/www.food4animals.nl\/de\/produkt\/kein-stress-paste-pferd\/\" \/>\n<meta property=\"og:locale\" content=\"de_DE\" \/>\n<meta property=\"og:type\" content=\"article\" \/>\n<meta property=\"og:title\" content=\"No Stress Paste Horse - Food4animals\" \/>\n<meta property=\"og:description\" content=\"Smakelijke pasta op basis van tryptofaan ter ondersteuning bij stress en spanning.\" \/>\n<meta property=\"og:url\" content=\"https:\/\/www.food4animals.nl\/de\/produkt\/kein-stress-paste-pferd\/\" \/>\n<meta property=\"og:site_name\" content=\"Food4animals\" \/>\n<meta property=\"article:publisher\" content=\"https:\/\/www.facebook.com\/p\/Food4animals-100063861676074\/\" \/>\n<meta property=\"article:modified_time\" content=\"2026-04-12T00:34:04+00:00\" \/>\n<meta property=\"og:image\" content=\"https:\/\/www.food4animals.nl\/wp-content\/uploads\/2025\/11\/NOST001.png\" \/>\n\t<meta property=\"og:image:width\" content=\"980\" \/>\n\t<meta property=\"og:image:height\" content=\"980\" \/>\n\t<meta property=\"og:image:type\" content=\"image\/png\" \/>\n<meta name=\"twitter:card\" content=\"summary_large_image\" \/>\n<meta name=\"twitter:site\" content=\"@food4animals\" \/>\n<meta name=\"twitter:label1\" content=\"Gesch\u00e4tzte Lesezeit\" \/>\n\t<meta name=\"twitter:data1\" content=\"2\u00a0Minuten\" \/>\n<script type=\"application\/ld+json\" class=\"yoast-schema-graph\">{\"@context\":\"https:\/\/schema.org\",\"@graph\":[{\"@type\":\"WebPage\",\"@id\":\"https:\/\/www.food4animals.nl\/product\/no-stress-paste-horse\/\",\"url\":\"https:\/\/www.food4animals.nl\/product\/no-stress-paste-horse\/\",\"name\":\"No Stress Paste Horse - Food4animals\",\"isPartOf\":{\"@id\":\"https:\/\/www.food4animals.nl\/en\/#website\"},\"primaryImageOfPage\":{\"@id\":\"https:\/\/www.food4animals.nl\/product\/no-stress-paste-horse\/#primaryimage\"},\"image\":{\"@id\":\"https:\/\/www.food4animals.nl\/product\/no-stress-paste-horse\/#primaryimage\"},\"thumbnailUrl\":\"https:\/\/www.food4animals.nl\/wp-content\/uploads\/2025\/11\/NOST001.png\",\"datePublished\":\"2023-12-14T17:08:22+00:00\",\"dateModified\":\"2026-04-12T00:34:04+00:00\",\"breadcrumb\":{\"@id\":\"https:\/\/www.food4animals.nl\/product\/no-stress-paste-horse\/#breadcrumb\"},\"inLanguage\":\"de\",\"potentialAction\":[{\"@type\":\"ReadAction\",\"target\":[\"https:\/\/www.food4animals.nl\/product\/no-stress-paste-horse\/\"]}]},{\"@type\":\"ImageObject\",\"inLanguage\":\"de\",\"@id\":\"https:\/\/www.food4animals.nl\/product\/no-stress-paste-horse\/#primaryimage\",\"url\":\"https:\/\/www.food4animals.nl\/wp-content\/uploads\/2025\/11\/NOST001.png\",\"contentUrl\":\"https:\/\/www.food4animals.nl\/wp-content\/uploads\/2025\/11\/NOST001.png\",\"width\":980,\"height\":980},{\"@type\":\"BreadcrumbList\",\"@id\":\"https:\/\/www.food4animals.nl\/product\/no-stress-paste-horse\/#breadcrumb\",\"itemListElement\":[{\"@type\":\"ListItem\",\"position\":1,\"name\":\"Home\",\"item\":\"https:\/\/www.food4animals.nl\/\"},{\"@type\":\"ListItem\",\"position\":2,\"name\":\"Winkel\",\"item\":\"https:\/\/www.food4animals.nl\/winkel\/\"},{\"@type\":\"ListItem\",\"position\":3,\"name\":\"No Stress Paste Horse\"}]},{\"@type\":\"WebSite\",\"@id\":\"https:\/\/www.food4animals.nl\/en\/#website\",\"url\":\"https:\/\/www.food4animals.nl\/en\/\",\"name\":\"Food4animals\",\"description\":\"Alles voor Ruiter en Dier\",\"publisher\":{\"@id\":\"https:\/\/www.food4animals.nl\/en\/#organization\"},\"potentialAction\":[{\"@type\":\"SearchAction\",\"target\":{\"@type\":\"EntryPoint\",\"urlTemplate\":\"https:\/\/www.food4animals.nl\/en\/?s={search_term_string}\"},\"query-input\":{\"@type\":\"PropertyValueSpecification\",\"valueRequired\":true,\"valueName\":\"search_term_string\"}}],\"inLanguage\":\"de\"},{\"@type\":\"Organization\",\"@id\":\"https:\/\/www.food4animals.nl\/en\/#organization\",\"name\":\"Food4animals\",\"url\":\"https:\/\/www.food4animals.nl\/en\/\",\"logo\":{\"@type\":\"ImageObject\",\"inLanguage\":\"de\",\"@id\":\"https:\/\/www.food4animals.nl\/en\/#\/schema\/logo\/image\/\",\"url\":\"https:\/\/www.food4animals.nl\/wp-content\/uploads\/2023\/10\/Logo.svg\",\"contentUrl\":\"https:\/\/www.food4animals.nl\/wp-content\/uploads\/2023\/10\/Logo.svg\",\"width\":1,\"height\":1,\"caption\":\"Food4animals\"},\"image\":{\"@id\":\"https:\/\/www.food4animals.nl\/en\/#\/schema\/logo\/image\/\"},\"sameAs\":[\"https:\/\/www.facebook.com\/p\/Food4animals-100063861676074\/\",\"https:\/\/x.com\/food4animals\"]}]}<\/script>\n<!-- \/ Yoast SEO plugin. -->","yoast_head_json":{"title":"No Stress Paste Pferd - Food4animals","robots":{"index":"index","follow":"follow","max-snippet":"max-snippet:-1","max-image-preview":"max-image-preview:large","max-video-preview":"max-video-preview:-1"},"canonical":"https:\/\/www.food4animals.nl\/de\/produkt\/kein-stress-paste-pferd\/","og_locale":"de_DE","og_type":"article","og_title":"No Stress Paste Horse - Food4animals","og_description":"Smakelijke pasta op basis van tryptofaan ter ondersteuning bij stress en spanning.","og_url":"https:\/\/www.food4animals.nl\/de\/produkt\/kein-stress-paste-pferd\/","og_site_name":"Food4animals","article_publisher":"https:\/\/www.facebook.com\/p\/Food4animals-100063861676074\/","article_modified_time":"2026-04-12T00:34:04+00:00","og_image":[{"width":980,"height":980,"url":"https:\/\/www.food4animals.nl\/wp-content\/uploads\/2025\/11\/NOST001.png","type":"image\/png"}],"twitter_card":"summary_large_image","twitter_site":"@food4animals","twitter_misc":{"Gesch\u00e4tzte Lesezeit":"2\u00a0Minuten"},"schema":{"@context":"https:\/\/schema.org","@graph":[{"@type":"WebPage","@id":"https:\/\/www.food4animals.nl\/product\/no-stress-paste-horse\/","url":"https:\/\/www.food4animals.nl\/product\/no-stress-paste-horse\/","name":"No Stress Paste Pferd - Food4animals","isPartOf":{"@id":"https:\/\/www.food4animals.nl\/en\/#website"},"primaryImageOfPage":{"@id":"https:\/\/www.food4animals.nl\/product\/no-stress-paste-horse\/#primaryimage"},"image":{"@id":"https:\/\/www.food4animals.nl\/product\/no-stress-paste-horse\/#primaryimage"},"thumbnailUrl":"https:\/\/www.food4animals.nl\/wp-content\/uploads\/2025\/11\/NOST001.png","datePublished":"2023-12-14T17:08:22+00:00","dateModified":"2026-04-12T00:34:04+00:00","breadcrumb":{"@id":"https:\/\/www.food4animals.nl\/product\/no-stress-paste-horse\/#breadcrumb"},"inLanguage":"de","potentialAction":[{"@type":"ReadAction","target":["https:\/\/www.food4animals.nl\/product\/no-stress-paste-horse\/"]}]},{"@type":"ImageObject","inLanguage":"de","@id":"https:\/\/www.food4animals.nl\/product\/no-stress-paste-horse\/#primaryimage","url":"https:\/\/www.food4animals.nl\/wp-content\/uploads\/2025\/11\/NOST001.png","contentUrl":"https:\/\/www.food4animals.nl\/wp-content\/uploads\/2025\/11\/NOST001.png","width":980,"height":980},{"@type":"BreadcrumbList","@id":"https:\/\/www.food4animals.nl\/product\/no-stress-paste-horse\/#breadcrumb","itemListElement":[{"@type":"ListItem","position":1,"name":"Home","item":"https:\/\/www.food4animals.nl\/"},{"@type":"ListItem","position":2,"name":"Winkel","item":"https:\/\/www.food4animals.nl\/winkel\/"},{"@type":"ListItem","position":3,"name":"No Stress Paste Horse"}]},{"@type":"WebSite","@id":"https:\/\/www.food4animals.nl\/en\/#website","url":"https:\/\/www.food4animals.nl\/en\/","name":"Lebensmittel4Tiere","description":"Alles f\u00fcr Reiter und Tier","publisher":{"@id":"https:\/\/www.food4animals.nl\/en\/#organization"},"potentialAction":[{"@type":"SearchAction","target":{"@type":"EntryPoint","urlTemplate":"https:\/\/www.food4animals.nl\/en\/?s={search_term_string}"},"query-input":{"@type":"PropertyValueSpecification","valueRequired":true,"valueName":"search_term_string"}}],"inLanguage":"de"},{"@type":"Organization","@id":"https:\/\/www.food4animals.nl\/en\/#organization","name":"Lebensmittel4Tiere","url":"https:\/\/www.food4animals.nl\/en\/","logo":{"@type":"ImageObject","inLanguage":"de","@id":"https:\/\/www.food4animals.nl\/en\/#\/schema\/logo\/image\/","url":"https:\/\/www.food4animals.nl\/wp-content\/uploads\/2023\/10\/Logo.svg","contentUrl":"https:\/\/www.food4animals.nl\/wp-content\/uploads\/2023\/10\/Logo.svg","width":1,"height":1,"caption":"Food4animals"},"image":{"@id":"https:\/\/www.food4animals.nl\/en\/#\/schema\/logo\/image\/"},"sameAs":["https:\/\/www.facebook.com\/p\/Food4animals-100063861676074\/","https:\/\/x.com\/food4animals"]}]}},"_links":{"self":[{"href":"https:\/\/www.food4animals.nl\/de\/wp-json\/wp\/v2\/product\/15391","targetHints":{"allow":["GET"]}}],"collection":[{"href":"https:\/\/www.food4animals.nl\/de\/wp-json\/wp\/v2\/product"}],"about":[{"href":"https:\/\/www.food4animals.nl\/de\/wp-json\/wp\/v2\/types\/product"}],"wp:featuredmedia":[{"embeddable":true,"href":"https:\/\/www.food4animals.nl\/de\/wp-json\/wp\/v2\/media\/39801"}],"wp:attachment":[{"href":"https:\/\/www.food4animals.nl\/de\/wp-json\/wp\/v2\/media?parent=15391"}],"wp:term":[{"taxonomy":"product_brand","embeddable":true,"href":"https:\/\/www.food4animals.nl\/de\/wp-json\/wp\/v2\/product_brand?post=15391"},{"taxonomy":"product_cat","embeddable":true,"href":"https:\/\/www.food4animals.nl\/de\/wp-json\/wp\/v2\/product_cat?post=15391"},{"taxonomy":"product_tag","embeddable":true,"href":"https:\/\/www.food4animals.nl\/de\/wp-json\/wp\/v2\/product_tag?post=15391"}],"curies":[{"name":"wp","href":"https:\/\/api.w.org\/{rel}","templated":true}]}}