{"id":15409,"date":"2023-12-14T17:10:57","date_gmt":"2023-12-14T17:10:57","guid":{"rendered":"https:\/\/food4animals.nl\/product\/no-worm-pasta-25-ml\/"},"modified":"2026-04-13T01:42:26","modified_gmt":"2026-04-13T00:42:26","slug":"keine-wurm-paste-25-ml","status":"publish","type":"product","link":"https:\/\/www.food4animals.nl\/de\/produkt\/keine-wurm-paste-25-ml\/","title":{"rendered":"Nudeln ohne Wurm 25 ml"},"content":{"rendered":"<p><strong>Nudeln ohne Wurm<br \/>\n<\/strong>Geeignet f\u00fcr Hunde und Katzen jeden Alters. Paste zur oralen Anwendung zur Bek\u00e4mpfung von Wurminfektionen. Einfach \u00fcber das Futter oder direkt ins Maul zu verabreichen.<\/p>\n<p><strong>Zielarten<br \/>\n<\/strong>Hund und Katze.<\/p>\n<p><strong>Wirkstoffe<br \/>\n<\/strong>Niclosamid 240 mg\/ml<br \/>\nOxibendazol 30 mg\/ml<\/p>\n<p><strong>Anzeige<br \/>\n<\/strong><span style=\"text-decoration: underline;\">Verwendung bei Wurminfektionen bei Hunden durch:<\/span><\/p>\n<ul>\n<li>Rundw\u00fcrmer: <em>Toxocara canis<\/em> und <em>Toxascaris leonina<\/em>.<\/li>\n<li>Peitschenw\u00fcrmer: <em>Trichuris vulpis<\/em>.<\/li>\n<li>Hakenw\u00fcrmer: <em>Ancylostoma caninum<\/em> und <em>Uncinaria stenocephala<\/em>.<\/li>\n<li>Bandw\u00fcrmer: <em>Dipylidium <\/em>spp. und <em>Taenia <\/em>spp.<\/li>\n<\/ul>\n<p><span style=\"text-decoration: underline;\">Verwendung bei Wurminfektionen bei Katzen durch:<\/span><\/p>\n<ul>\n<li>Rundw\u00fcrmer: <em>Toxocara cati<\/em> und <em>Toxascaris leonina<\/em>.<\/li>\n<li>Hakenw\u00fcrmer: <em>Ancylostoma tubaeforme <\/em>und <em>Uncinaria stenocephala<\/em>.<\/li>\n<li>Bandw\u00fcrmer: <em>Dipylidium<\/em> spp. und <em>Taenia<\/em> spp.<\/li>\n<\/ul>\n<p><strong>Kontraindikationen<br \/>\n<\/strong>Nicht anwenden bei \u00dcberempfindlichkeit gegen die Wirkstoffe oder einen der Hilfsstoffe.<\/p>\n<p><strong>Dosierung<br \/>\n<\/strong>Einmalige orale Anwendung. Die empfohlene Dosierung betr\u00e4gt: 120 mg\/kg K\u00f6rpergewicht Niclosamid und 15 mg\/kg K\u00f6rpergewicht Oxibendazol. Dies entspricht 0,5 ml des Tierarzneimittels pro kg K\u00f6rpergewicht.<\/p>\n<p><strong>Besondere Warnhinweise<br \/>\n<\/strong>Lesen Sie vor der Anwendung die Packungsbeilage.<\/p>\n<p><strong>Inhalt<br \/>\n<\/strong><a href=\"https:\/\/www.food4animals.nl\/de\/produkt\/keine-wurm-paste-10-ml\/\">10 ml (NOWOE502; ausreichend f\u00fcr bis zu 20 kg K\u00f6rpergewicht)<\/a><br \/>\n25 ml (NOWOE503; ausreichend f\u00fcr bis zu 40 kg K\u00f6rpergewicht)<\/p>\n<p><strong><a href=\"https:\/\/www.cbg-meb.nl\/onderwerpen\/bd-wetgeving-diergeneesmiddelen\/overgangsbepalingen\" target=\"_blank\" rel=\"noopener\">REG EN 7997<\/a>\u00a0<\/strong>Nur f\u00fcr den tier\u00e4rztlichen Gebrauch - KOSTENLOS<\/p>\n<a href=\"https:\/\/www.cbg-meb.nl\/onderwerpen\/bd-internethandel-diergeneesmiddelen\" target=\"_blank\" rel=\"noopener\"><img decoding=\"async\" class=\"preview\" style=\"max-width: 90px; float: right;\" src=\"imagestream\/stream\/279197\/2209-logo-internethandel.jpg\" alt=\"\" \/><\/a>","protected":false},"excerpt":{"rendered":"<p><strong>No Worm Pasta is g<\/strong>eschikt voor honden en katten van alle leeftijden. Pasta voor oraal gebruik ter bestrijding van worminfecties. Makkelijk toe te dienen over het voer of rechtstreeks in de bek.<\/p>","protected":false},"featured_media":30701,"template":"","meta":{"_acf_changed":false},"product_brand":[],"product_cat":[821,1787],"product_tag":[2841,1079],"class_list":{"0":"post-15409","1":"product","2":"type-product","3":"status-publish","4":"has-post-thumbnail","6":"product_cat-hond","7":"product_cat-ontworming-hond","8":"product_tag-no-worm","9":"product_tag-pasta","10":"tax_brand-no-worm","12":"first","13":"outofstock","14":"taxable","15":"shipping-taxable","16":"purchasable","17":"product-type-simple"},"acf":[],"yoast_head":"<!-- This site is optimized with the Yoast SEO plugin v27.2 - https:\/\/yoast.com\/product\/yoast-seo-wordpress\/ -->\n<title>No Worm Pasta 25 ml - Food4animals<\/title>\n<meta name=\"description\" content=\"No Worm Pasta is geschikt voor honden en katten van alle leeftijden. Pasta voor oraal gebruik ter bestrijding van worminfecties. Makkelijk toe te dienen over het voer of rechtstreeks in de bek.\" \/>\n<meta name=\"robots\" content=\"index, follow, max-snippet:-1, max-image-preview:large, max-video-preview:-1\" \/>\n<link rel=\"canonical\" href=\"https:\/\/www.food4animals.nl\/de\/produkt\/keine-wurm-paste-25-ml\/\" \/>\n<meta property=\"og:locale\" content=\"de_DE\" \/>\n<meta property=\"og:type\" content=\"article\" \/>\n<meta property=\"og:title\" content=\"No Worm Pasta 25 ml - Food4animals\" \/>\n<meta property=\"og:description\" content=\"No Worm Pasta is geschikt voor honden en katten van alle leeftijden. Pasta voor oraal gebruik ter bestrijding van worminfecties. Makkelijk toe te dienen over het voer of rechtstreeks in de bek.\" \/>\n<meta property=\"og:url\" content=\"https:\/\/www.food4animals.nl\/de\/produkt\/keine-wurm-paste-25-ml\/\" \/>\n<meta property=\"og:site_name\" content=\"Food4animals\" \/>\n<meta property=\"article:publisher\" content=\"https:\/\/www.facebook.com\/p\/Food4animals-100063861676074\/\" \/>\n<meta property=\"article:modified_time\" content=\"2026-04-13T00:42:26+00:00\" \/>\n<meta property=\"og:image\" content=\"https:\/\/www.food4animals.nl\/wp-content\/uploads\/2023\/12\/No-Worm-Pasta-25-ml.png\" \/>\n\t<meta property=\"og:image:width\" content=\"648\" \/>\n\t<meta property=\"og:image:height\" content=\"344\" \/>\n\t<meta property=\"og:image:type\" content=\"image\/png\" \/>\n<meta name=\"twitter:card\" content=\"summary_large_image\" \/>\n<meta name=\"twitter:site\" content=\"@food4animals\" \/>\n<meta name=\"twitter:label1\" content=\"Gesch\u00e4tzte Lesezeit\" \/>\n\t<meta name=\"twitter:data1\" content=\"2\u00a0Minuten\" \/>\n<script type=\"application\/ld+json\" class=\"yoast-schema-graph\">{\"@context\":\"https:\/\/schema.org\",\"@graph\":[{\"@type\":\"WebPage\",\"@id\":\"https:\/\/www.food4animals.nl\/product\/no-worm-pasta-25-ml\/\",\"url\":\"https:\/\/www.food4animals.nl\/product\/no-worm-pasta-25-ml\/\",\"name\":\"No Worm Pasta 25 ml - Food4animals\",\"isPartOf\":{\"@id\":\"https:\/\/www.food4animals.nl\/en\/#website\"},\"primaryImageOfPage\":{\"@id\":\"https:\/\/www.food4animals.nl\/product\/no-worm-pasta-25-ml\/#primaryimage\"},\"image\":{\"@id\":\"https:\/\/www.food4animals.nl\/product\/no-worm-pasta-25-ml\/#primaryimage\"},\"thumbnailUrl\":\"https:\/\/www.food4animals.nl\/wp-content\/uploads\/2023\/12\/No-Worm-Pasta-25-ml.png\",\"datePublished\":\"2023-12-14T17:10:57+00:00\",\"dateModified\":\"2026-04-13T00:42:26+00:00\",\"description\":\"No Worm Pasta is geschikt voor honden en katten van alle leeftijden. Pasta voor oraal gebruik ter bestrijding van worminfecties. Makkelijk toe te dienen over het voer of rechtstreeks in de bek.\",\"breadcrumb\":{\"@id\":\"https:\/\/www.food4animals.nl\/product\/no-worm-pasta-25-ml\/#breadcrumb\"},\"inLanguage\":\"de\",\"potentialAction\":[{\"@type\":\"ReadAction\",\"target\":[\"https:\/\/www.food4animals.nl\/product\/no-worm-pasta-25-ml\/\"]}]},{\"@type\":\"ImageObject\",\"inLanguage\":\"de\",\"@id\":\"https:\/\/www.food4animals.nl\/product\/no-worm-pasta-25-ml\/#primaryimage\",\"url\":\"https:\/\/www.food4animals.nl\/wp-content\/uploads\/2023\/12\/No-Worm-Pasta-25-ml.png\",\"contentUrl\":\"https:\/\/www.food4animals.nl\/wp-content\/uploads\/2023\/12\/No-Worm-Pasta-25-ml.png\",\"width\":648,\"height\":344,\"caption\":\"No Worm Pasta 25 ml is makkelijk toe te dienen over het voer of rechtstreeks in de bek.\"},{\"@type\":\"BreadcrumbList\",\"@id\":\"https:\/\/www.food4animals.nl\/product\/no-worm-pasta-25-ml\/#breadcrumb\",\"itemListElement\":[{\"@type\":\"ListItem\",\"position\":1,\"name\":\"Home\",\"item\":\"https:\/\/www.food4animals.nl\/\"},{\"@type\":\"ListItem\",\"position\":2,\"name\":\"Winkel\",\"item\":\"https:\/\/www.food4animals.nl\/winkel\/\"},{\"@type\":\"ListItem\",\"position\":3,\"name\":\"No Worm Pasta 25 ml\"}]},{\"@type\":\"WebSite\",\"@id\":\"https:\/\/www.food4animals.nl\/en\/#website\",\"url\":\"https:\/\/www.food4animals.nl\/en\/\",\"name\":\"Food4animals\",\"description\":\"Alles voor Ruiter en Dier\",\"publisher\":{\"@id\":\"https:\/\/www.food4animals.nl\/en\/#organization\"},\"potentialAction\":[{\"@type\":\"SearchAction\",\"target\":{\"@type\":\"EntryPoint\",\"urlTemplate\":\"https:\/\/www.food4animals.nl\/en\/?s={search_term_string}\"},\"query-input\":{\"@type\":\"PropertyValueSpecification\",\"valueRequired\":true,\"valueName\":\"search_term_string\"}}],\"inLanguage\":\"de\"},{\"@type\":\"Organization\",\"@id\":\"https:\/\/www.food4animals.nl\/en\/#organization\",\"name\":\"Food4animals\",\"url\":\"https:\/\/www.food4animals.nl\/en\/\",\"logo\":{\"@type\":\"ImageObject\",\"inLanguage\":\"de\",\"@id\":\"https:\/\/www.food4animals.nl\/en\/#\/schema\/logo\/image\/\",\"url\":\"https:\/\/www.food4animals.nl\/wp-content\/uploads\/2023\/10\/Logo.svg\",\"contentUrl\":\"https:\/\/www.food4animals.nl\/wp-content\/uploads\/2023\/10\/Logo.svg\",\"width\":1,\"height\":1,\"caption\":\"Food4animals\"},\"image\":{\"@id\":\"https:\/\/www.food4animals.nl\/en\/#\/schema\/logo\/image\/\"},\"sameAs\":[\"https:\/\/www.facebook.com\/p\/Food4animals-100063861676074\/\",\"https:\/\/x.com\/food4animals\"]}]}<\/script>\n<!-- \/ Yoast SEO plugin. -->","yoast_head_json":{"title":"Nudeln ohne Wurm 25 ml - Food4animals","description":"No Worm Pasta is geschikt voor honden en katten van alle leeftijden. Pasta voor oraal gebruik ter bestrijding van worminfecties. Makkelijk toe te dienen over het voer of rechtstreeks in de bek.","robots":{"index":"index","follow":"follow","max-snippet":"max-snippet:-1","max-image-preview":"max-image-preview:large","max-video-preview":"max-video-preview:-1"},"canonical":"https:\/\/www.food4animals.nl\/de\/produkt\/keine-wurm-paste-25-ml\/","og_locale":"de_DE","og_type":"article","og_title":"No Worm Pasta 25 ml - Food4animals","og_description":"No Worm Pasta is geschikt voor honden en katten van alle leeftijden. Pasta voor oraal gebruik ter bestrijding van worminfecties. Makkelijk toe te dienen over het voer of rechtstreeks in de bek.","og_url":"https:\/\/www.food4animals.nl\/de\/produkt\/keine-wurm-paste-25-ml\/","og_site_name":"Food4animals","article_publisher":"https:\/\/www.facebook.com\/p\/Food4animals-100063861676074\/","article_modified_time":"2026-04-13T00:42:26+00:00","og_image":[{"width":648,"height":344,"url":"https:\/\/www.food4animals.nl\/wp-content\/uploads\/2023\/12\/No-Worm-Pasta-25-ml.png","type":"image\/png"}],"twitter_card":"summary_large_image","twitter_site":"@food4animals","twitter_misc":{"Gesch\u00e4tzte Lesezeit":"2\u00a0Minuten"},"schema":{"@context":"https:\/\/schema.org","@graph":[{"@type":"WebPage","@id":"https:\/\/www.food4animals.nl\/product\/no-worm-pasta-25-ml\/","url":"https:\/\/www.food4animals.nl\/product\/no-worm-pasta-25-ml\/","name":"Nudeln ohne Wurm 25 ml - Food4animals","isPartOf":{"@id":"https:\/\/www.food4animals.nl\/en\/#website"},"primaryImageOfPage":{"@id":"https:\/\/www.food4animals.nl\/product\/no-worm-pasta-25-ml\/#primaryimage"},"image":{"@id":"https:\/\/www.food4animals.nl\/product\/no-worm-pasta-25-ml\/#primaryimage"},"thumbnailUrl":"https:\/\/www.food4animals.nl\/wp-content\/uploads\/2023\/12\/No-Worm-Pasta-25-ml.png","datePublished":"2023-12-14T17:10:57+00:00","dateModified":"2026-04-13T00:42:26+00:00","description":"No Worm Pasta is geschikt voor honden en katten van alle leeftijden. Pasta voor oraal gebruik ter bestrijding van worminfecties. Makkelijk toe te dienen over het voer of rechtstreeks in de bek.","breadcrumb":{"@id":"https:\/\/www.food4animals.nl\/product\/no-worm-pasta-25-ml\/#breadcrumb"},"inLanguage":"de","potentialAction":[{"@type":"ReadAction","target":["https:\/\/www.food4animals.nl\/product\/no-worm-pasta-25-ml\/"]}]},{"@type":"ImageObject","inLanguage":"de","@id":"https:\/\/www.food4animals.nl\/product\/no-worm-pasta-25-ml\/#primaryimage","url":"https:\/\/www.food4animals.nl\/wp-content\/uploads\/2023\/12\/No-Worm-Pasta-25-ml.png","contentUrl":"https:\/\/www.food4animals.nl\/wp-content\/uploads\/2023\/12\/No-Worm-Pasta-25-ml.png","width":648,"height":344,"caption":"No Worm Pasta 25 ml is makkelijk toe te dienen over het voer of rechtstreeks in de bek."},{"@type":"BreadcrumbList","@id":"https:\/\/www.food4animals.nl\/product\/no-worm-pasta-25-ml\/#breadcrumb","itemListElement":[{"@type":"ListItem","position":1,"name":"Home","item":"https:\/\/www.food4animals.nl\/"},{"@type":"ListItem","position":2,"name":"Winkel","item":"https:\/\/www.food4animals.nl\/winkel\/"},{"@type":"ListItem","position":3,"name":"No Worm Pasta 25 ml"}]},{"@type":"WebSite","@id":"https:\/\/www.food4animals.nl\/en\/#website","url":"https:\/\/www.food4animals.nl\/en\/","name":"Lebensmittel4Tiere","description":"Alles f\u00fcr Reiter und Tier","publisher":{"@id":"https:\/\/www.food4animals.nl\/en\/#organization"},"potentialAction":[{"@type":"SearchAction","target":{"@type":"EntryPoint","urlTemplate":"https:\/\/www.food4animals.nl\/en\/?s={search_term_string}"},"query-input":{"@type":"PropertyValueSpecification","valueRequired":true,"valueName":"search_term_string"}}],"inLanguage":"de"},{"@type":"Organization","@id":"https:\/\/www.food4animals.nl\/en\/#organization","name":"Lebensmittel4Tiere","url":"https:\/\/www.food4animals.nl\/en\/","logo":{"@type":"ImageObject","inLanguage":"de","@id":"https:\/\/www.food4animals.nl\/en\/#\/schema\/logo\/image\/","url":"https:\/\/www.food4animals.nl\/wp-content\/uploads\/2023\/10\/Logo.svg","contentUrl":"https:\/\/www.food4animals.nl\/wp-content\/uploads\/2023\/10\/Logo.svg","width":1,"height":1,"caption":"Food4animals"},"image":{"@id":"https:\/\/www.food4animals.nl\/en\/#\/schema\/logo\/image\/"},"sameAs":["https:\/\/www.facebook.com\/p\/Food4animals-100063861676074\/","https:\/\/x.com\/food4animals"]}]}},"_links":{"self":[{"href":"https:\/\/www.food4animals.nl\/de\/wp-json\/wp\/v2\/product\/15409","targetHints":{"allow":["GET"]}}],"collection":[{"href":"https:\/\/www.food4animals.nl\/de\/wp-json\/wp\/v2\/product"}],"about":[{"href":"https:\/\/www.food4animals.nl\/de\/wp-json\/wp\/v2\/types\/product"}],"wp:featuredmedia":[{"embeddable":true,"href":"https:\/\/www.food4animals.nl\/de\/wp-json\/wp\/v2\/media\/30701"}],"wp:attachment":[{"href":"https:\/\/www.food4animals.nl\/de\/wp-json\/wp\/v2\/media?parent=15409"}],"wp:term":[{"taxonomy":"product_brand","embeddable":true,"href":"https:\/\/www.food4animals.nl\/de\/wp-json\/wp\/v2\/product_brand?post=15409"},{"taxonomy":"product_cat","embeddable":true,"href":"https:\/\/www.food4animals.nl\/de\/wp-json\/wp\/v2\/product_cat?post=15409"},{"taxonomy":"product_tag","embeddable":true,"href":"https:\/\/www.food4animals.nl\/de\/wp-json\/wp\/v2\/product_tag?post=15409"}],"curies":[{"name":"wp","href":"https:\/\/api.w.org\/{rel}","templated":true}]}}