{"id":15428,"date":"2023-12-14T17:17:57","date_gmt":"2023-12-14T17:17:57","guid":{"rendered":"https:\/\/food4animals.nl\/product\/spotted-pro-dog-medium\/"},"modified":"2026-04-07T01:36:05","modified_gmt":"2026-04-07T00:36:05","slug":"spotted-pro-dog-medium","status":"publish","type":"product","link":"https:\/\/www.food4animals.nl\/de\/produkt\/spotted-pro-dog-medium\/","title":{"rendered":"Spotted! Pro Dog Medium"},"content":{"rendered":"<p><span style=\"font-size: 10pt;\">Wir sind wahnsinnig verliebt in unsere Haustiere. Sie sind ein Teil unserer Familie und immer dabei.... Sie begr\u00fc\u00dfen uns freudig, wenn wir nach Hause kommen; wir k\u00f6nnen ohne sie einfach nicht leben. Der Verlust ist daher gro\u00df, wenn ein Haustier spurlos verschwindet. <img loading=\"lazy\" decoding=\"async\" style=\"float: right;\" src=\"\/imagestream\/stream\/55233\/150\/185\/NP_winner_logo.jpg\" width=\"150\" height=\"185\" \/><\/span><\/p>\n<p><span style=\"font-size: 10pt;\">Mit <strong>Gesichtet! Pro <\/strong>Jeder k\u00fcmmert sich um sie, und das Problem ist im Handumdrehen gel\u00f6st.\u00a0<\/span><\/p>\n<p><span style=\"font-size: 10pt;\"><strong>Vorteile entdeckt! Profi-Tag<\/strong><\/span><\/p>\n<ul>\n<li><span style=\"font-size: 10pt;\">Kostenlose App<\/span><\/li>\n<li><span style=\"font-size: 10pt;\">Keine monatlichen Geb\u00fchren<\/span><\/li>\n<li><span style=\"font-size: 10pt;\">Schnelle Registrierung<\/span><\/li>\n<li><span style=\"font-size: 10pt;\">Keine Batterien<\/span><\/li>\n<li><span style=\"font-size: 10pt;\">Globale Reichweite<\/span><\/li>\n<li><span style=\"font-size: 10pt;\">1-Klick-Navigation<\/span><\/li>\n<li><span style=\"font-size: 10pt;\">Mehrere Sprachen<\/span><\/li>\n<li><span style=\"font-size: 10pt;\">Wasserdicht<\/span><\/li>\n<\/ul>\n<p><span style=\"font-size: 10pt;\"><strong>Gesichtet!<\/strong> Finden Sie zur\u00fcck, was Sie lieben!<\/span><\/p>\n<a href=\"https:\/\/spottedpro.com\/\" target=\"_blank\" rel=\"noopener\"><img decoding=\"async\" class=\"preview\" style=\"max-width: 50%;\" src=\"\/imagestream\/stream\/260489\/visit_spotted_pro_nl.png\" alt=\"\" \/><\/a>\n<p><strong><span style=\"font-size: 10pt;\">Varianten<br \/><\/span><\/strong><span style=\"font-size: 10pt;\">SPOT0007 - SpottedPro! Hund Medium<br \/>SPOT0009 - SpottedPro! Hund und Katze klein<\/span><\/p>","protected":false},"excerpt":{"rendered":"<p>Finden Sie zur\u00fcck, was Sie lieben!<\/p>","protected":false},"featured_media":41316,"template":"","meta":{"_acf_changed":false},"product_brand":[],"product_cat":[937,821],"product_tag":[823,1890,895,2845,938],"class_list":{"0":"post-15428","1":"product","2":"type-product","3":"status-publish","4":"has-post-thumbnail","6":"product_cat-accessoires","7":"product_cat-hond","8":"product_tag-hond","9":"product_tag-lijnen-en-tuigjes","10":"product_tag-m","11":"product_tag-spotted-pro","12":"product_tag-veiligheid-en-vastleggen","13":"tax_brand-spotted-pro","15":"first","16":"instock","17":"taxable","18":"shipping-taxable","19":"purchasable","20":"product-type-simple"},"acf":[],"yoast_head":"<!-- This site is optimized with the Yoast SEO plugin v27.2 - https:\/\/yoast.com\/product\/yoast-seo-wordpress\/ -->\n<title>Spotted! Pro Dog Medium - Food4animals<\/title>\n<meta name=\"robots\" content=\"index, follow, max-snippet:-1, max-image-preview:large, max-video-preview:-1\" \/>\n<link rel=\"canonical\" href=\"https:\/\/www.food4animals.nl\/de\/produkt\/spotted-pro-dog-medium\/\" \/>\n<meta property=\"og:locale\" content=\"de_DE\" \/>\n<meta property=\"og:type\" content=\"article\" \/>\n<meta property=\"og:title\" content=\"Spotted! Pro Dog Medium - Food4animals\" \/>\n<meta property=\"og:description\" content=\"Vind terug wat je lief is!\" \/>\n<meta property=\"og:url\" content=\"https:\/\/www.food4animals.nl\/de\/produkt\/spotted-pro-dog-medium\/\" \/>\n<meta property=\"og:site_name\" content=\"Food4animals\" \/>\n<meta property=\"article:publisher\" content=\"https:\/\/www.facebook.com\/p\/Food4animals-100063861676074\/\" \/>\n<meta property=\"article:modified_time\" content=\"2026-04-07T00:36:05+00:00\" \/>\n<meta property=\"og:image\" content=\"https:\/\/www.food4animals.nl\/wp-content\/uploads\/2025\/11\/SPOT0007.png\" \/>\n\t<meta property=\"og:image:width\" content=\"980\" \/>\n\t<meta property=\"og:image:height\" content=\"980\" \/>\n\t<meta property=\"og:image:type\" content=\"image\/png\" \/>\n<meta name=\"twitter:card\" content=\"summary_large_image\" \/>\n<meta name=\"twitter:site\" content=\"@food4animals\" \/>\n<script type=\"application\/ld+json\" class=\"yoast-schema-graph\">{\"@context\":\"https:\/\/schema.org\",\"@graph\":[{\"@type\":\"WebPage\",\"@id\":\"https:\/\/www.food4animals.nl\/product\/spotted-pro-dog-medium\/\",\"url\":\"https:\/\/www.food4animals.nl\/product\/spotted-pro-dog-medium\/\",\"name\":\"Spotted! Pro Dog Medium - Food4animals\",\"isPartOf\":{\"@id\":\"https:\/\/www.food4animals.nl\/en\/#website\"},\"primaryImageOfPage\":{\"@id\":\"https:\/\/www.food4animals.nl\/product\/spotted-pro-dog-medium\/#primaryimage\"},\"image\":{\"@id\":\"https:\/\/www.food4animals.nl\/product\/spotted-pro-dog-medium\/#primaryimage\"},\"thumbnailUrl\":\"https:\/\/www.food4animals.nl\/wp-content\/uploads\/2025\/11\/SPOT0007.png\",\"datePublished\":\"2023-12-14T17:17:57+00:00\",\"dateModified\":\"2026-04-07T00:36:05+00:00\",\"breadcrumb\":{\"@id\":\"https:\/\/www.food4animals.nl\/product\/spotted-pro-dog-medium\/#breadcrumb\"},\"inLanguage\":\"de\",\"potentialAction\":[{\"@type\":\"ReadAction\",\"target\":[\"https:\/\/www.food4animals.nl\/product\/spotted-pro-dog-medium\/\"]}]},{\"@type\":\"ImageObject\",\"inLanguage\":\"de\",\"@id\":\"https:\/\/www.food4animals.nl\/product\/spotted-pro-dog-medium\/#primaryimage\",\"url\":\"https:\/\/www.food4animals.nl\/wp-content\/uploads\/2025\/11\/SPOT0007.png\",\"contentUrl\":\"https:\/\/www.food4animals.nl\/wp-content\/uploads\/2025\/11\/SPOT0007.png\",\"width\":980,\"height\":980},{\"@type\":\"BreadcrumbList\",\"@id\":\"https:\/\/www.food4animals.nl\/product\/spotted-pro-dog-medium\/#breadcrumb\",\"itemListElement\":[{\"@type\":\"ListItem\",\"position\":1,\"name\":\"Home\",\"item\":\"https:\/\/www.food4animals.nl\/\"},{\"@type\":\"ListItem\",\"position\":2,\"name\":\"Winkel\",\"item\":\"https:\/\/www.food4animals.nl\/winkel\/\"},{\"@type\":\"ListItem\",\"position\":3,\"name\":\"Spotted! Pro Dog Medium\"}]},{\"@type\":\"WebSite\",\"@id\":\"https:\/\/www.food4animals.nl\/en\/#website\",\"url\":\"https:\/\/www.food4animals.nl\/en\/\",\"name\":\"Food4animals\",\"description\":\"Alles voor Ruiter en Dier\",\"publisher\":{\"@id\":\"https:\/\/www.food4animals.nl\/en\/#organization\"},\"potentialAction\":[{\"@type\":\"SearchAction\",\"target\":{\"@type\":\"EntryPoint\",\"urlTemplate\":\"https:\/\/www.food4animals.nl\/en\/?s={search_term_string}\"},\"query-input\":{\"@type\":\"PropertyValueSpecification\",\"valueRequired\":true,\"valueName\":\"search_term_string\"}}],\"inLanguage\":\"de\"},{\"@type\":\"Organization\",\"@id\":\"https:\/\/www.food4animals.nl\/en\/#organization\",\"name\":\"Food4animals\",\"url\":\"https:\/\/www.food4animals.nl\/en\/\",\"logo\":{\"@type\":\"ImageObject\",\"inLanguage\":\"de\",\"@id\":\"https:\/\/www.food4animals.nl\/en\/#\/schema\/logo\/image\/\",\"url\":\"https:\/\/www.food4animals.nl\/wp-content\/uploads\/2023\/10\/Logo.svg\",\"contentUrl\":\"https:\/\/www.food4animals.nl\/wp-content\/uploads\/2023\/10\/Logo.svg\",\"width\":1,\"height\":1,\"caption\":\"Food4animals\"},\"image\":{\"@id\":\"https:\/\/www.food4animals.nl\/en\/#\/schema\/logo\/image\/\"},\"sameAs\":[\"https:\/\/www.facebook.com\/p\/Food4animals-100063861676074\/\",\"https:\/\/x.com\/food4animals\"]}]}<\/script>\n<!-- \/ Yoast SEO plugin. -->","yoast_head_json":{"title":"Spotted! Pro Dog Medium - Food4animals","robots":{"index":"index","follow":"follow","max-snippet":"max-snippet:-1","max-image-preview":"max-image-preview:large","max-video-preview":"max-video-preview:-1"},"canonical":"https:\/\/www.food4animals.nl\/de\/produkt\/spotted-pro-dog-medium\/","og_locale":"de_DE","og_type":"article","og_title":"Spotted! Pro Dog Medium - Food4animals","og_description":"Vind terug wat je lief is!","og_url":"https:\/\/www.food4animals.nl\/de\/produkt\/spotted-pro-dog-medium\/","og_site_name":"Food4animals","article_publisher":"https:\/\/www.facebook.com\/p\/Food4animals-100063861676074\/","article_modified_time":"2026-04-07T00:36:05+00:00","og_image":[{"width":980,"height":980,"url":"https:\/\/www.food4animals.nl\/wp-content\/uploads\/2025\/11\/SPOT0007.png","type":"image\/png"}],"twitter_card":"summary_large_image","twitter_site":"@food4animals","schema":{"@context":"https:\/\/schema.org","@graph":[{"@type":"WebPage","@id":"https:\/\/www.food4animals.nl\/product\/spotted-pro-dog-medium\/","url":"https:\/\/www.food4animals.nl\/product\/spotted-pro-dog-medium\/","name":"Spotted! Pro Dog Medium - Food4animals","isPartOf":{"@id":"https:\/\/www.food4animals.nl\/en\/#website"},"primaryImageOfPage":{"@id":"https:\/\/www.food4animals.nl\/product\/spotted-pro-dog-medium\/#primaryimage"},"image":{"@id":"https:\/\/www.food4animals.nl\/product\/spotted-pro-dog-medium\/#primaryimage"},"thumbnailUrl":"https:\/\/www.food4animals.nl\/wp-content\/uploads\/2025\/11\/SPOT0007.png","datePublished":"2023-12-14T17:17:57+00:00","dateModified":"2026-04-07T00:36:05+00:00","breadcrumb":{"@id":"https:\/\/www.food4animals.nl\/product\/spotted-pro-dog-medium\/#breadcrumb"},"inLanguage":"de","potentialAction":[{"@type":"ReadAction","target":["https:\/\/www.food4animals.nl\/product\/spotted-pro-dog-medium\/"]}]},{"@type":"ImageObject","inLanguage":"de","@id":"https:\/\/www.food4animals.nl\/product\/spotted-pro-dog-medium\/#primaryimage","url":"https:\/\/www.food4animals.nl\/wp-content\/uploads\/2025\/11\/SPOT0007.png","contentUrl":"https:\/\/www.food4animals.nl\/wp-content\/uploads\/2025\/11\/SPOT0007.png","width":980,"height":980},{"@type":"BreadcrumbList","@id":"https:\/\/www.food4animals.nl\/product\/spotted-pro-dog-medium\/#breadcrumb","itemListElement":[{"@type":"ListItem","position":1,"name":"Home","item":"https:\/\/www.food4animals.nl\/"},{"@type":"ListItem","position":2,"name":"Winkel","item":"https:\/\/www.food4animals.nl\/winkel\/"},{"@type":"ListItem","position":3,"name":"Spotted! Pro Dog Medium"}]},{"@type":"WebSite","@id":"https:\/\/www.food4animals.nl\/en\/#website","url":"https:\/\/www.food4animals.nl\/en\/","name":"Lebensmittel4Tiere","description":"Alles f\u00fcr Reiter und Tier","publisher":{"@id":"https:\/\/www.food4animals.nl\/en\/#organization"},"potentialAction":[{"@type":"SearchAction","target":{"@type":"EntryPoint","urlTemplate":"https:\/\/www.food4animals.nl\/en\/?s={search_term_string}"},"query-input":{"@type":"PropertyValueSpecification","valueRequired":true,"valueName":"search_term_string"}}],"inLanguage":"de"},{"@type":"Organization","@id":"https:\/\/www.food4animals.nl\/en\/#organization","name":"Lebensmittel4Tiere","url":"https:\/\/www.food4animals.nl\/en\/","logo":{"@type":"ImageObject","inLanguage":"de","@id":"https:\/\/www.food4animals.nl\/en\/#\/schema\/logo\/image\/","url":"https:\/\/www.food4animals.nl\/wp-content\/uploads\/2023\/10\/Logo.svg","contentUrl":"https:\/\/www.food4animals.nl\/wp-content\/uploads\/2023\/10\/Logo.svg","width":1,"height":1,"caption":"Food4animals"},"image":{"@id":"https:\/\/www.food4animals.nl\/en\/#\/schema\/logo\/image\/"},"sameAs":["https:\/\/www.facebook.com\/p\/Food4animals-100063861676074\/","https:\/\/x.com\/food4animals"]}]}},"_links":{"self":[{"href":"https:\/\/www.food4animals.nl\/de\/wp-json\/wp\/v2\/product\/15428","targetHints":{"allow":["GET"]}}],"collection":[{"href":"https:\/\/www.food4animals.nl\/de\/wp-json\/wp\/v2\/product"}],"about":[{"href":"https:\/\/www.food4animals.nl\/de\/wp-json\/wp\/v2\/types\/product"}],"wp:featuredmedia":[{"embeddable":true,"href":"https:\/\/www.food4animals.nl\/de\/wp-json\/wp\/v2\/media\/41316"}],"wp:attachment":[{"href":"https:\/\/www.food4animals.nl\/de\/wp-json\/wp\/v2\/media?parent=15428"}],"wp:term":[{"taxonomy":"product_brand","embeddable":true,"href":"https:\/\/www.food4animals.nl\/de\/wp-json\/wp\/v2\/product_brand?post=15428"},{"taxonomy":"product_cat","embeddable":true,"href":"https:\/\/www.food4animals.nl\/de\/wp-json\/wp\/v2\/product_cat?post=15428"},{"taxonomy":"product_tag","embeddable":true,"href":"https:\/\/www.food4animals.nl\/de\/wp-json\/wp\/v2\/product_tag?post=15428"}],"curies":[{"name":"wp","href":"https:\/\/api.w.org\/{rel}","templated":true}]}}