{"id":15485,"date":"2023-12-14T17:25:03","date_gmt":"2023-12-14T17:25:03","guid":{"rendered":"https:\/\/food4animals.nl\/product\/spotted-pro-harnas-antraciet-xs\/"},"modified":"2026-04-05T01:34:39","modified_gmt":"2026-04-05T00:34:39","slug":"spotted-pro-harnas-antraciet-xs","status":"publish","type":"product","link":"https:\/\/www.food4animals.nl\/de\/produkt\/spotted-pro-harnas-antraciet-xs\/","title":{"rendered":"Spotted! PRO Harnas Antraciet XS"},"content":{"rendered":"<p><span style=\"font-size: 10pt;\">Dieses Hundegeschirr wurde speziell in Zusammenarbeit mit Fachleuten entwickelt. Das NO-Pull (Anti-Pull) Geschirr ist aus hochwertigen Materialien hergestellt und wurde speziell entwickelt, um den Druck auf den K\u00f6rper des Hundes zu verteilen und so optimalen Komfort zu gew\u00e4hrleisten. Das Geschirr ist an 4 Punkten verstellbar, um einen perfekten Sitz zu gew\u00e4hrleisten. Durch die Verwendung von Materialien, die normalerweise f\u00fcr Rettungseins\u00e4tze oder beim Bergsteigen verwendet werden, ist die Qualit\u00e4t des Geschirrs garantiert. Es sind 2 Metallringe vorhanden, an denen Sie Ihre Hundeleine leicht befestigen k\u00f6nnen. Der obere Ring ist f\u00fcr Hunde geeignet, die wenig oder gar nicht ziehen, und f\u00fcr ziehende Hunde k\u00f6nnen Sie den Ring an der Brustseite verwenden. Dadurch wird der Brustkorb des Hundes st\u00e4rker belastet und der Hund zieht weniger, weshalb dieses Geschirr auch als NO PULL-Geschirr bezeichnet wird. Dies ist eine viel schonendere Art, ziehenden Hunden entgegenzuwirken als eine Schlupfkette oder ein normales Halsband. Das Geschirr verf\u00fcgt au\u00dferdem \u00fcber einen Griff, mit dem Sie Ihren Hund in \u00fcberf\u00fcllten oder stressigen Situationen leicht kontrollieren k\u00f6nnen. Reflektierende Elemente sorgen f\u00fcr optimale Sichtbarkeit in der D\u00e4mmerung oder im Dunkeln, so dass Sie Ihren Hund sicher ausf\u00fchren k\u00f6nnen. Durch sein einzigartiges Design l\u00e4sst sich das Spotted Pro-Geschirr sowohl bei jungen als auch bei \u00e4lteren Hunden leicht abnehmen.<\/span><\/p>\n<p><span style=\"font-size: 10pt;\">Durch sein einzigartiges Design l\u00e4sst sich das Spotted Pro Harness leicht von jungen und alten Hunden entfernen.<\/span><\/p>\n<p><span style=\"font-size: 10pt;\">Dieses Geschirr ist mit dem Spotted Pro Tag ausgestattet, einem innovativen Identifikationssystem f\u00fcr Hunde. Der Spotted Pro Tag ist eine digitale Hundemarke, die einfach \u00fcber einen QR-Code oder NFC-Chip gescannt werden kann. Mit der kostenlosen App k\u00f6nnen Sie alle Ihre Daten und die Ihres Hundes eingeben, z. B. Kontaktdaten und Informationen \u00fcber Ihren Hund. Wenn Ihr Hund entlaufen ist und gefunden wird, erhalten Sie eine Benachrichtigung, dass der Hund gescannt wurde. Der Finder sieht dann Ihre Kontaktdaten und die Informationen \u00fcber Ihren Hund, die Sie ihm mitteilen m\u00f6chten. So kann der Finder mit Ihnen Kontakt aufnehmen und Ihnen Ihren Hund zur\u00fcckgeben.<\/span><\/p>\n<p><span style=\"font-size: 10pt;\"><strong>Vorteile entdeckt! Profi-Tag<\/strong><\/span><\/p>\n<ul>\n<li><span style=\"font-size: 10pt;\">Kostenlose App.<\/span><\/li>\n<li><span style=\"font-size: 10pt;\">Keine monatlichen Geb\u00fchren.<\/span><\/li>\n<li><span style=\"font-size: 10pt;\">Schnelle Anmeldung.<\/span><\/li>\n<li><span style=\"font-size: 10pt;\">Keine Batterien erforderlich, funktioniert immer!<\/span><\/li>\n<li><span style=\"font-size: 10pt;\">Globale Reichweite.<\/span><\/li>\n<li><span style=\"font-size: 10pt;\">1-Klick-Navigation.<\/span><\/li>\n<li><span style=\"font-size: 10pt;\">Mehrere Sprachen.<\/span><\/li>\n<li><span style=\"font-size: 10pt;\">Wasserdicht.<\/span><\/li>\n<\/ul>\n<p><span style=\"font-size: 10pt;\"><strong>Mit dem Spotted Pro Tag k\u00f6nnen Sie sicher sein, dass Ihr Hund immer sicher und registriert ist, was die Chancen, Ihren Hund zu finden, erheblich erh\u00f6ht.<\/strong><\/span><\/p>\n<p><span style=\"font-size: 10pt;\">Mehr Informationen \u00fcber Spotted Pro? Besuchen Sie <a href=\"https:\/\/www.spottedpro.com\">www.spottedpro.com<\/a><\/span><\/p>\n<p><strong><span style=\"font-size: 10pt;\">Maten:<\/span><\/strong><\/p>\n<table style=\"border-collapse: collapse; width: 50%; height: 71px;\" border=\"1\">\n<tbody>\n<tr style=\"height: 21px;\">\n<td style=\"text-align: center; height: 21px;\">\u00a0<\/td>\n<td style=\"text-align: center; height: 21px;\">XXS<\/td>\n<td style=\"text-align: center; height: 21px;\">XS<\/td>\n<td style=\"text-align: center; height: 21px;\">S<\/td>\n<td style=\"text-align: center; height: 21px;\">M<\/td>\n<td style=\"text-align: center; height: 21px;\">L<\/td>\n<td style=\"text-align: center; height: 21px;\">XL<\/td>\n<\/tr>\n<tr style=\"height: 21px;\">\n<td style=\"text-align: center; height: 21px;\">Nek<\/td>\n<td style=\"text-align: center; height: 21px;\">25-30 cm<\/td>\n<td style=\"text-align: center; height: 21px;\">30-45 cm<\/td>\n<td style=\"text-align: center; height: 21px;\">38-50 cm<\/td>\n<td style=\"text-align: center; height: 21px;\">46-60 cm<\/td>\n<td style=\"text-align: center; height: 21px;\">50-65 cm<\/td>\n<td style=\"text-align: center; height: 21px;\">58-75 cm<\/td>\n<\/tr>\n<tr style=\"height: 21px;\">\n<td style=\"text-align: center; height: 21px;\">Borst<\/td>\n<td style=\"text-align: center; height: 21px;\">42-50 cm<\/td>\n<td style=\"text-align: center; height: 21px;\">48-55 cm<\/td>\n<td style=\"text-align: center; height: 21px;\">48-58 cm<\/td>\n<td style=\"text-align: center; height: 21px;\">52-70 cm<\/td>\n<td style=\"text-align: center; height: 21px;\">62-84 cm<\/td>\n<td style=\"text-align: center; height: 21px;\">72-100 cm<\/td>\n<\/tr>\n<\/tbody>\n<\/table>","protected":false},"excerpt":{"rendered":"<p>Super comfortable NO-PULL harnas inclusief Spotted Pro Tag<\/p>","protected":false},"featured_media":41339,"template":"","meta":{"_acf_changed":false},"product_brand":[],"product_cat":[937,821],"product_tag":[2845,2851],"class_list":{"0":"post-15485","1":"product","2":"type-product","3":"status-publish","4":"has-post-thumbnail","6":"product_cat-accessoires","7":"product_cat-hond","8":"product_tag-spotted-pro","9":"product_tag-spotted-pro-harnas","10":"tax_brand-spotted-pro","12":"first","13":"outofstock","14":"taxable","15":"shipping-taxable","16":"purchasable","17":"product-type-simple"},"acf":[],"yoast_head":"<!-- This site is optimized with the Yoast SEO plugin v27.2 - https:\/\/yoast.com\/product\/yoast-seo-wordpress\/ -->\n<title>Spotted! PRO Harnas Antraciet XS - Food4animals<\/title>\n<meta name=\"robots\" content=\"index, follow, max-snippet:-1, max-image-preview:large, max-video-preview:-1\" \/>\n<link rel=\"canonical\" href=\"https:\/\/www.food4animals.nl\/de\/produkt\/spotted-pro-harnas-antraciet-xs\/\" \/>\n<meta property=\"og:locale\" content=\"de_DE\" \/>\n<meta property=\"og:type\" content=\"article\" \/>\n<meta property=\"og:title\" content=\"Spotted! PRO Harnas Antraciet XS - Food4animals\" \/>\n<meta property=\"og:description\" content=\"Super comfortable NO-PULL harnas inclusief Spotted Pro Tag\" \/>\n<meta property=\"og:url\" content=\"https:\/\/www.food4animals.nl\/de\/produkt\/spotted-pro-harnas-antraciet-xs\/\" \/>\n<meta property=\"og:site_name\" content=\"Food4animals\" \/>\n<meta property=\"article:publisher\" content=\"https:\/\/www.facebook.com\/p\/Food4animals-100063861676074\/\" \/>\n<meta property=\"article:modified_time\" content=\"2026-04-05T00:34:39+00:00\" \/>\n<meta property=\"og:image\" content=\"https:\/\/www.food4animals.nl\/wp-content\/uploads\/2025\/11\/SPOT0015A.png\" \/>\n\t<meta property=\"og:image:width\" content=\"1024\" \/>\n\t<meta property=\"og:image:height\" content=\"1024\" \/>\n\t<meta property=\"og:image:type\" content=\"image\/png\" \/>\n<meta name=\"twitter:card\" content=\"summary_large_image\" \/>\n<meta name=\"twitter:site\" content=\"@food4animals\" \/>\n<meta name=\"twitter:label1\" content=\"Gesch\u00e4tzte Lesezeit\" \/>\n\t<meta name=\"twitter:data1\" content=\"2\u00a0Minuten\" \/>\n<script type=\"application\/ld+json\" class=\"yoast-schema-graph\">{\"@context\":\"https:\/\/schema.org\",\"@graph\":[{\"@type\":\"WebPage\",\"@id\":\"https:\/\/www.food4animals.nl\/product\/spotted-pro-harnas-antraciet-xs\/\",\"url\":\"https:\/\/www.food4animals.nl\/product\/spotted-pro-harnas-antraciet-xs\/\",\"name\":\"Spotted! PRO Harnas Antraciet XS - Food4animals\",\"isPartOf\":{\"@id\":\"https:\/\/www.food4animals.nl\/en\/#website\"},\"primaryImageOfPage\":{\"@id\":\"https:\/\/www.food4animals.nl\/product\/spotted-pro-harnas-antraciet-xs\/#primaryimage\"},\"image\":{\"@id\":\"https:\/\/www.food4animals.nl\/product\/spotted-pro-harnas-antraciet-xs\/#primaryimage\"},\"thumbnailUrl\":\"https:\/\/www.food4animals.nl\/wp-content\/uploads\/2025\/11\/SPOT0015A.png\",\"datePublished\":\"2023-12-14T17:25:03+00:00\",\"dateModified\":\"2026-04-05T00:34:39+00:00\",\"breadcrumb\":{\"@id\":\"https:\/\/www.food4animals.nl\/product\/spotted-pro-harnas-antraciet-xs\/#breadcrumb\"},\"inLanguage\":\"de\",\"potentialAction\":[{\"@type\":\"ReadAction\",\"target\":[\"https:\/\/www.food4animals.nl\/product\/spotted-pro-harnas-antraciet-xs\/\"]}]},{\"@type\":\"ImageObject\",\"inLanguage\":\"de\",\"@id\":\"https:\/\/www.food4animals.nl\/product\/spotted-pro-harnas-antraciet-xs\/#primaryimage\",\"url\":\"https:\/\/www.food4animals.nl\/wp-content\/uploads\/2025\/11\/SPOT0015A.png\",\"contentUrl\":\"https:\/\/www.food4animals.nl\/wp-content\/uploads\/2025\/11\/SPOT0015A.png\",\"width\":1024,\"height\":1024},{\"@type\":\"BreadcrumbList\",\"@id\":\"https:\/\/www.food4animals.nl\/product\/spotted-pro-harnas-antraciet-xs\/#breadcrumb\",\"itemListElement\":[{\"@type\":\"ListItem\",\"position\":1,\"name\":\"Home\",\"item\":\"https:\/\/www.food4animals.nl\/\"},{\"@type\":\"ListItem\",\"position\":2,\"name\":\"Winkel\",\"item\":\"https:\/\/www.food4animals.nl\/winkel\/\"},{\"@type\":\"ListItem\",\"position\":3,\"name\":\"Spotted! PRO Harnas Antraciet XS\"}]},{\"@type\":\"WebSite\",\"@id\":\"https:\/\/www.food4animals.nl\/en\/#website\",\"url\":\"https:\/\/www.food4animals.nl\/en\/\",\"name\":\"Food4animals\",\"description\":\"Alles voor Ruiter en Dier\",\"publisher\":{\"@id\":\"https:\/\/www.food4animals.nl\/en\/#organization\"},\"potentialAction\":[{\"@type\":\"SearchAction\",\"target\":{\"@type\":\"EntryPoint\",\"urlTemplate\":\"https:\/\/www.food4animals.nl\/en\/?s={search_term_string}\"},\"query-input\":{\"@type\":\"PropertyValueSpecification\",\"valueRequired\":true,\"valueName\":\"search_term_string\"}}],\"inLanguage\":\"de\"},{\"@type\":\"Organization\",\"@id\":\"https:\/\/www.food4animals.nl\/en\/#organization\",\"name\":\"Food4animals\",\"url\":\"https:\/\/www.food4animals.nl\/en\/\",\"logo\":{\"@type\":\"ImageObject\",\"inLanguage\":\"de\",\"@id\":\"https:\/\/www.food4animals.nl\/en\/#\/schema\/logo\/image\/\",\"url\":\"https:\/\/www.food4animals.nl\/wp-content\/uploads\/2023\/10\/Logo.svg\",\"contentUrl\":\"https:\/\/www.food4animals.nl\/wp-content\/uploads\/2023\/10\/Logo.svg\",\"width\":1,\"height\":1,\"caption\":\"Food4animals\"},\"image\":{\"@id\":\"https:\/\/www.food4animals.nl\/en\/#\/schema\/logo\/image\/\"},\"sameAs\":[\"https:\/\/www.facebook.com\/p\/Food4animals-100063861676074\/\",\"https:\/\/x.com\/food4animals\"]}]}<\/script>\n<!-- \/ Yoast SEO plugin. -->","yoast_head_json":{"title":"Spotted! PRO Harnas Antraciet XS - Food4animals","robots":{"index":"index","follow":"follow","max-snippet":"max-snippet:-1","max-image-preview":"max-image-preview:large","max-video-preview":"max-video-preview:-1"},"canonical":"https:\/\/www.food4animals.nl\/de\/produkt\/spotted-pro-harnas-antraciet-xs\/","og_locale":"de_DE","og_type":"article","og_title":"Spotted! PRO Harnas Antraciet XS - Food4animals","og_description":"Super comfortable NO-PULL harnas inclusief Spotted Pro Tag","og_url":"https:\/\/www.food4animals.nl\/de\/produkt\/spotted-pro-harnas-antraciet-xs\/","og_site_name":"Food4animals","article_publisher":"https:\/\/www.facebook.com\/p\/Food4animals-100063861676074\/","article_modified_time":"2026-04-05T00:34:39+00:00","og_image":[{"width":1024,"height":1024,"url":"https:\/\/www.food4animals.nl\/wp-content\/uploads\/2025\/11\/SPOT0015A.png","type":"image\/png"}],"twitter_card":"summary_large_image","twitter_site":"@food4animals","twitter_misc":{"Gesch\u00e4tzte Lesezeit":"2\u00a0Minuten"},"schema":{"@context":"https:\/\/schema.org","@graph":[{"@type":"WebPage","@id":"https:\/\/www.food4animals.nl\/product\/spotted-pro-harnas-antraciet-xs\/","url":"https:\/\/www.food4animals.nl\/product\/spotted-pro-harnas-antraciet-xs\/","name":"Spotted! PRO Harnas Antraciet XS - Food4animals","isPartOf":{"@id":"https:\/\/www.food4animals.nl\/en\/#website"},"primaryImageOfPage":{"@id":"https:\/\/www.food4animals.nl\/product\/spotted-pro-harnas-antraciet-xs\/#primaryimage"},"image":{"@id":"https:\/\/www.food4animals.nl\/product\/spotted-pro-harnas-antraciet-xs\/#primaryimage"},"thumbnailUrl":"https:\/\/www.food4animals.nl\/wp-content\/uploads\/2025\/11\/SPOT0015A.png","datePublished":"2023-12-14T17:25:03+00:00","dateModified":"2026-04-05T00:34:39+00:00","breadcrumb":{"@id":"https:\/\/www.food4animals.nl\/product\/spotted-pro-harnas-antraciet-xs\/#breadcrumb"},"inLanguage":"de","potentialAction":[{"@type":"ReadAction","target":["https:\/\/www.food4animals.nl\/product\/spotted-pro-harnas-antraciet-xs\/"]}]},{"@type":"ImageObject","inLanguage":"de","@id":"https:\/\/www.food4animals.nl\/product\/spotted-pro-harnas-antraciet-xs\/#primaryimage","url":"https:\/\/www.food4animals.nl\/wp-content\/uploads\/2025\/11\/SPOT0015A.png","contentUrl":"https:\/\/www.food4animals.nl\/wp-content\/uploads\/2025\/11\/SPOT0015A.png","width":1024,"height":1024},{"@type":"BreadcrumbList","@id":"https:\/\/www.food4animals.nl\/product\/spotted-pro-harnas-antraciet-xs\/#breadcrumb","itemListElement":[{"@type":"ListItem","position":1,"name":"Home","item":"https:\/\/www.food4animals.nl\/"},{"@type":"ListItem","position":2,"name":"Winkel","item":"https:\/\/www.food4animals.nl\/winkel\/"},{"@type":"ListItem","position":3,"name":"Spotted! PRO Harnas Antraciet XS"}]},{"@type":"WebSite","@id":"https:\/\/www.food4animals.nl\/en\/#website","url":"https:\/\/www.food4animals.nl\/en\/","name":"Lebensmittel4Tiere","description":"Alles f\u00fcr Reiter und Tier","publisher":{"@id":"https:\/\/www.food4animals.nl\/en\/#organization"},"potentialAction":[{"@type":"SearchAction","target":{"@type":"EntryPoint","urlTemplate":"https:\/\/www.food4animals.nl\/en\/?s={search_term_string}"},"query-input":{"@type":"PropertyValueSpecification","valueRequired":true,"valueName":"search_term_string"}}],"inLanguage":"de"},{"@type":"Organization","@id":"https:\/\/www.food4animals.nl\/en\/#organization","name":"Lebensmittel4Tiere","url":"https:\/\/www.food4animals.nl\/en\/","logo":{"@type":"ImageObject","inLanguage":"de","@id":"https:\/\/www.food4animals.nl\/en\/#\/schema\/logo\/image\/","url":"https:\/\/www.food4animals.nl\/wp-content\/uploads\/2023\/10\/Logo.svg","contentUrl":"https:\/\/www.food4animals.nl\/wp-content\/uploads\/2023\/10\/Logo.svg","width":1,"height":1,"caption":"Food4animals"},"image":{"@id":"https:\/\/www.food4animals.nl\/en\/#\/schema\/logo\/image\/"},"sameAs":["https:\/\/www.facebook.com\/p\/Food4animals-100063861676074\/","https:\/\/x.com\/food4animals"]}]}},"_links":{"self":[{"href":"https:\/\/www.food4animals.nl\/de\/wp-json\/wp\/v2\/product\/15485","targetHints":{"allow":["GET"]}}],"collection":[{"href":"https:\/\/www.food4animals.nl\/de\/wp-json\/wp\/v2\/product"}],"about":[{"href":"https:\/\/www.food4animals.nl\/de\/wp-json\/wp\/v2\/types\/product"}],"wp:featuredmedia":[{"embeddable":true,"href":"https:\/\/www.food4animals.nl\/de\/wp-json\/wp\/v2\/media\/41339"}],"wp:attachment":[{"href":"https:\/\/www.food4animals.nl\/de\/wp-json\/wp\/v2\/media?parent=15485"}],"wp:term":[{"taxonomy":"product_brand","embeddable":true,"href":"https:\/\/www.food4animals.nl\/de\/wp-json\/wp\/v2\/product_brand?post=15485"},{"taxonomy":"product_cat","embeddable":true,"href":"https:\/\/www.food4animals.nl\/de\/wp-json\/wp\/v2\/product_cat?post=15485"},{"taxonomy":"product_tag","embeddable":true,"href":"https:\/\/www.food4animals.nl\/de\/wp-json\/wp\/v2\/product_tag?post=15485"}],"curies":[{"name":"wp","href":"https:\/\/api.w.org\/{rel}","templated":true}]}}