{"id":15561,"date":"2023-12-14T17:35:47","date_gmt":"2023-12-14T17:35:47","guid":{"rendered":"https:\/\/food4animals.nl\/product\/spotted-pro-leren-halsband-grijs-25x45cm\/"},"modified":"2026-04-05T01:34:47","modified_gmt":"2026-04-05T00:34:47","slug":"spotted-pro-leren-halsband-grijs-25x45cm","status":"publish","type":"product","link":"https:\/\/www.food4animals.nl\/de\/produkt\/spotted-pro-leren-halsband-grijs-25x45cm\/","title":{"rendered":"Spotted! Pro Leren Halsband Grijs 2,5x45cm"},"content":{"rendered":"<p><span style=\"font-size: 10pt;\">Bei der Entwicklung dieses Kragens wurden drei Grundwerte ber\u00fccksichtigt:<\/span><\/p>\n<ul>\n<li><span style=\"font-size: 10pt;\">Qualit\u00e4t<\/span><\/li>\n<li><span style=\"font-size: 10pt;\">Nachhaltigkeit<\/span><\/li>\n<li><span style=\"font-size: 10pt;\">Tragekomfort<\/span><\/li>\n<\/ul>\n<p><span style=\"font-size: 10pt;\">Wir w\u00e4hlen nur das Oberleder der Kuh aus und achten darauf, dass es vollst\u00e4ndig durchgegerbt ist. Dadurch ist die Struktur der Haut noch sichtbar. Da wir dieses hochwertige Leder mit nat\u00fcrlichem \u00d6l zubereiten, ist es \u00e4u\u00dferst geschmeidig. Dieses Leder, das auch \"Schmalzleder\" genannt wird, zeichnet sich durch die folgenden Eigenschaften aus:<\/span><\/p>\n<ul>\n<li><span style=\"font-size: 10pt;\">Eignung f\u00fcr den t\u00e4glichen Gebrauch<\/span><\/li>\n<li><span style=\"font-size: 10pt;\">Widerstandsf\u00e4hig gegen \u00e4u\u00dfere Einfl\u00fcsse wie Licht, Schmutz und Staub<\/span><\/li>\n<\/ul>\n<p><span style=\"font-size: 10pt;\">De metalen delen van de riem zijn afgewerkt in oud zilver voor een prachtige, landelijke uitstraling. Verder is deze riem voorzien van bijpassende kleur stiksel. De dubbele laag leder voelt als een kussen aan en zorgt voor een optimaal draagcomfort! Hiermee worden schuurplekken tegengegaan die soms voorkomen bij het dragen van halsbanden. Uiteraard is dit alles van de hoogste kwaliteit zodat u en uw hond hier jarenlang maximaal plezier van zullen beleven!<\/span><\/p>\n<p><span style=\"font-size: 10pt;\">Selbstverst\u00e4ndlich wurde das Rindsleder auf nachhaltig verantwortungsvolle Weise gewonnen. Das Spotted! Pro Halsband wurde speziell nach unseren W\u00fcnschen in den Niederlanden gefertigt.<\/span><\/p>\n<p><span style=\"font-size: 10pt;\"><em>Lassen Sie Ihren Hund strahlen mit dem Spotted! Pro Halsband!<\/em><\/span><\/p>\n<p><span style=\"font-size: 10pt;\"><strong>Entdeckt! Pro Tag: Die n\u00e4chste Stufe des Schutzes f\u00fcr Ihren Hund!<\/strong><\/span><\/p>\n<p><span style=\"font-size: 10pt;\">Dieses Halsband ist von h\u00f6chster Qualit\u00e4t und verf\u00fcgt \u00fcber eine <em>digitale Hundemarke<\/em>und zwar die Spotted! Pro Tag! Dieser Token ist leicht zu durchschauen:<\/span><\/p>\n<ul>\n<li><span style=\"font-size: 10pt;\">QR-Code<\/span><\/li>\n<li><span style=\"font-size: 10pt;\">NFC-Chip<\/span><\/li>\n<\/ul>\n<p><span style=\"font-size: 10pt;\">In der beiliegenden <em>kostenlos<\/em> App k\u00f6nnen Sie alle Ihre Daten und die Ihres Hundes registrieren. Wenn Ihr Hund wegl\u00e4uft und beim Auffinden gescannt wird, werden Sie benachrichtigt. Der Finder erh\u00e4lt eine Benachrichtigung mit Ihren Kontaktdaten und relevanten Informationen \u00fcber Ihren Hund.<\/span><\/p>\n<p><span style=\"font-size: 10pt;\"><strong>Warum Spotted! Pro Tag?<\/strong><\/span><\/p>\n<ul>\n<li><span style=\"font-size: 10pt;\">Kostenlose App<\/span><\/li>\n<li><span style=\"font-size: 10pt;\">Keine monatlichen Geb\u00fchren<\/span><\/li>\n<li><span style=\"font-size: 10pt;\">Schnelle Registrierung<\/span><\/li>\n<li><span style=\"font-size: 10pt;\">Keine Batterien<\/span><\/li>\n<li><span style=\"font-size: 10pt;\">Globale Reichweite<\/span><\/li>\n<li><span style=\"font-size: 10pt;\">1-Klick-Navigation<\/span><\/li>\n<li><span style=\"font-size: 10pt;\">Mehrere Sprachen<\/span><\/li>\n<li><span style=\"font-size: 10pt;\">Wasserdicht<\/span><\/li>\n<\/ul>\n<p><span style=\"font-size: 10pt;\"><strong>Deshalb Spotted! Pro Tag!<\/strong><\/span><\/p>\n<p><span style=\"font-size: 10pt;\">Weitere Informationen finden Sie unter <a href=\"http:\/\/www.spottedpro.com\">www.spottedpro.com<\/a><\/span><\/p>\n<p>\u00a0<\/p>","protected":false},"excerpt":{"rendered":"<p>Gesichtet! Hochwertiges Profi-Lederhalsband<\/p>","protected":false},"featured_media":41390,"template":"","meta":{"_acf_changed":false},"product_brand":[],"product_cat":[937,821],"product_tag":[2845],"class_list":{"0":"post-15561","1":"product","2":"type-product","3":"status-publish","4":"has-post-thumbnail","6":"product_cat-accessoires","7":"product_cat-hond","8":"product_tag-spotted-pro","9":"tax_brand-spotted-pro","11":"first","12":"instock","13":"taxable","14":"shipping-taxable","15":"purchasable","16":"product-type-simple"},"acf":[],"yoast_head":"<!-- This site is optimized with the Yoast SEO plugin v27.2 - https:\/\/yoast.com\/product\/yoast-seo-wordpress\/ -->\n<title>Spotted! Pro Leren Halsband Grijs 2,5x45cm - Food4animals<\/title>\n<meta name=\"robots\" content=\"index, follow, max-snippet:-1, max-image-preview:large, max-video-preview:-1\" \/>\n<link rel=\"canonical\" href=\"https:\/\/www.food4animals.nl\/de\/produkt\/spotted-pro-leren-halsband-grijs-25x45cm\/\" \/>\n<meta property=\"og:locale\" content=\"de_DE\" \/>\n<meta property=\"og:type\" content=\"article\" \/>\n<meta property=\"og:title\" content=\"Spotted! Pro Leren Halsband Grijs 2,5x45cm - Food4animals\" \/>\n<meta property=\"og:description\" content=\"Spotted! Pro leren halsband van hoogwaardige kwaliteit\" \/>\n<meta property=\"og:url\" content=\"https:\/\/www.food4animals.nl\/de\/produkt\/spotted-pro-leren-halsband-grijs-25x45cm\/\" \/>\n<meta property=\"og:site_name\" content=\"Food4animals\" \/>\n<meta property=\"article:publisher\" content=\"https:\/\/www.facebook.com\/p\/Food4animals-100063861676074\/\" \/>\n<meta property=\"article:modified_time\" content=\"2026-04-05T00:34:47+00:00\" \/>\n<meta property=\"og:image\" content=\"https:\/\/www.food4animals.nl\/wp-content\/uploads\/2025\/11\/SPOT0030B-1.png\" \/>\n\t<meta property=\"og:image:width\" content=\"1024\" \/>\n\t<meta property=\"og:image:height\" content=\"1024\" \/>\n\t<meta property=\"og:image:type\" content=\"image\/png\" \/>\n<meta name=\"twitter:card\" content=\"summary_large_image\" \/>\n<meta name=\"twitter:site\" content=\"@food4animals\" \/>\n<meta name=\"twitter:label1\" content=\"Gesch\u00e4tzte Lesezeit\" \/>\n\t<meta name=\"twitter:data1\" content=\"1\u00a0Minute\" \/>\n<script type=\"application\/ld+json\" class=\"yoast-schema-graph\">{\"@context\":\"https:\/\/schema.org\",\"@graph\":[{\"@type\":\"WebPage\",\"@id\":\"https:\/\/www.food4animals.nl\/product\/spotted-pro-leren-halsband-grijs-25x45cm\/\",\"url\":\"https:\/\/www.food4animals.nl\/product\/spotted-pro-leren-halsband-grijs-25x45cm\/\",\"name\":\"Spotted! Pro Leren Halsband Grijs 2,5x45cm - Food4animals\",\"isPartOf\":{\"@id\":\"https:\/\/www.food4animals.nl\/en\/#website\"},\"primaryImageOfPage\":{\"@id\":\"https:\/\/www.food4animals.nl\/product\/spotted-pro-leren-halsband-grijs-25x45cm\/#primaryimage\"},\"image\":{\"@id\":\"https:\/\/www.food4animals.nl\/product\/spotted-pro-leren-halsband-grijs-25x45cm\/#primaryimage\"},\"thumbnailUrl\":\"https:\/\/www.food4animals.nl\/wp-content\/uploads\/2025\/11\/SPOT0030B-1.png\",\"datePublished\":\"2023-12-14T17:35:47+00:00\",\"dateModified\":\"2026-04-05T00:34:47+00:00\",\"breadcrumb\":{\"@id\":\"https:\/\/www.food4animals.nl\/product\/spotted-pro-leren-halsband-grijs-25x45cm\/#breadcrumb\"},\"inLanguage\":\"de\",\"potentialAction\":[{\"@type\":\"ReadAction\",\"target\":[\"https:\/\/www.food4animals.nl\/product\/spotted-pro-leren-halsband-grijs-25x45cm\/\"]}]},{\"@type\":\"ImageObject\",\"inLanguage\":\"de\",\"@id\":\"https:\/\/www.food4animals.nl\/product\/spotted-pro-leren-halsband-grijs-25x45cm\/#primaryimage\",\"url\":\"https:\/\/www.food4animals.nl\/wp-content\/uploads\/2025\/11\/SPOT0030B-1.png\",\"contentUrl\":\"https:\/\/www.food4animals.nl\/wp-content\/uploads\/2025\/11\/SPOT0030B-1.png\",\"width\":1024,\"height\":1024},{\"@type\":\"BreadcrumbList\",\"@id\":\"https:\/\/www.food4animals.nl\/product\/spotted-pro-leren-halsband-grijs-25x45cm\/#breadcrumb\",\"itemListElement\":[{\"@type\":\"ListItem\",\"position\":1,\"name\":\"Home\",\"item\":\"https:\/\/www.food4animals.nl\/\"},{\"@type\":\"ListItem\",\"position\":2,\"name\":\"Winkel\",\"item\":\"https:\/\/www.food4animals.nl\/winkel\/\"},{\"@type\":\"ListItem\",\"position\":3,\"name\":\"Spotted! Pro Leren Halsband Grijs 2,5x45cm\"}]},{\"@type\":\"WebSite\",\"@id\":\"https:\/\/www.food4animals.nl\/en\/#website\",\"url\":\"https:\/\/www.food4animals.nl\/en\/\",\"name\":\"Food4animals\",\"description\":\"Alles voor Ruiter en Dier\",\"publisher\":{\"@id\":\"https:\/\/www.food4animals.nl\/en\/#organization\"},\"potentialAction\":[{\"@type\":\"SearchAction\",\"target\":{\"@type\":\"EntryPoint\",\"urlTemplate\":\"https:\/\/www.food4animals.nl\/en\/?s={search_term_string}\"},\"query-input\":{\"@type\":\"PropertyValueSpecification\",\"valueRequired\":true,\"valueName\":\"search_term_string\"}}],\"inLanguage\":\"de\"},{\"@type\":\"Organization\",\"@id\":\"https:\/\/www.food4animals.nl\/en\/#organization\",\"name\":\"Food4animals\",\"url\":\"https:\/\/www.food4animals.nl\/en\/\",\"logo\":{\"@type\":\"ImageObject\",\"inLanguage\":\"de\",\"@id\":\"https:\/\/www.food4animals.nl\/en\/#\/schema\/logo\/image\/\",\"url\":\"https:\/\/www.food4animals.nl\/wp-content\/uploads\/2023\/10\/Logo.svg\",\"contentUrl\":\"https:\/\/www.food4animals.nl\/wp-content\/uploads\/2023\/10\/Logo.svg\",\"width\":1,\"height\":1,\"caption\":\"Food4animals\"},\"image\":{\"@id\":\"https:\/\/www.food4animals.nl\/en\/#\/schema\/logo\/image\/\"},\"sameAs\":[\"https:\/\/www.facebook.com\/p\/Food4animals-100063861676074\/\",\"https:\/\/x.com\/food4animals\"]}]}<\/script>\n<!-- \/ Yoast SEO plugin. -->","yoast_head_json":{"title":"Spotted! Pro Leren Halsband Grijs 2,5x45cm - Food4animals","robots":{"index":"index","follow":"follow","max-snippet":"max-snippet:-1","max-image-preview":"max-image-preview:large","max-video-preview":"max-video-preview:-1"},"canonical":"https:\/\/www.food4animals.nl\/de\/produkt\/spotted-pro-leren-halsband-grijs-25x45cm\/","og_locale":"de_DE","og_type":"article","og_title":"Spotted! Pro Leren Halsband Grijs 2,5x45cm - Food4animals","og_description":"Spotted! Pro leren halsband van hoogwaardige kwaliteit","og_url":"https:\/\/www.food4animals.nl\/de\/produkt\/spotted-pro-leren-halsband-grijs-25x45cm\/","og_site_name":"Food4animals","article_publisher":"https:\/\/www.facebook.com\/p\/Food4animals-100063861676074\/","article_modified_time":"2026-04-05T00:34:47+00:00","og_image":[{"width":1024,"height":1024,"url":"https:\/\/www.food4animals.nl\/wp-content\/uploads\/2025\/11\/SPOT0030B-1.png","type":"image\/png"}],"twitter_card":"summary_large_image","twitter_site":"@food4animals","twitter_misc":{"Gesch\u00e4tzte Lesezeit":"1\u00a0Minute"},"schema":{"@context":"https:\/\/schema.org","@graph":[{"@type":"WebPage","@id":"https:\/\/www.food4animals.nl\/product\/spotted-pro-leren-halsband-grijs-25x45cm\/","url":"https:\/\/www.food4animals.nl\/product\/spotted-pro-leren-halsband-grijs-25x45cm\/","name":"Spotted! Pro Leren Halsband Grijs 2,5x45cm - Food4animals","isPartOf":{"@id":"https:\/\/www.food4animals.nl\/en\/#website"},"primaryImageOfPage":{"@id":"https:\/\/www.food4animals.nl\/product\/spotted-pro-leren-halsband-grijs-25x45cm\/#primaryimage"},"image":{"@id":"https:\/\/www.food4animals.nl\/product\/spotted-pro-leren-halsband-grijs-25x45cm\/#primaryimage"},"thumbnailUrl":"https:\/\/www.food4animals.nl\/wp-content\/uploads\/2025\/11\/SPOT0030B-1.png","datePublished":"2023-12-14T17:35:47+00:00","dateModified":"2026-04-05T00:34:47+00:00","breadcrumb":{"@id":"https:\/\/www.food4animals.nl\/product\/spotted-pro-leren-halsband-grijs-25x45cm\/#breadcrumb"},"inLanguage":"de","potentialAction":[{"@type":"ReadAction","target":["https:\/\/www.food4animals.nl\/product\/spotted-pro-leren-halsband-grijs-25x45cm\/"]}]},{"@type":"ImageObject","inLanguage":"de","@id":"https:\/\/www.food4animals.nl\/product\/spotted-pro-leren-halsband-grijs-25x45cm\/#primaryimage","url":"https:\/\/www.food4animals.nl\/wp-content\/uploads\/2025\/11\/SPOT0030B-1.png","contentUrl":"https:\/\/www.food4animals.nl\/wp-content\/uploads\/2025\/11\/SPOT0030B-1.png","width":1024,"height":1024},{"@type":"BreadcrumbList","@id":"https:\/\/www.food4animals.nl\/product\/spotted-pro-leren-halsband-grijs-25x45cm\/#breadcrumb","itemListElement":[{"@type":"ListItem","position":1,"name":"Home","item":"https:\/\/www.food4animals.nl\/"},{"@type":"ListItem","position":2,"name":"Winkel","item":"https:\/\/www.food4animals.nl\/winkel\/"},{"@type":"ListItem","position":3,"name":"Spotted! Pro Leren Halsband Grijs 2,5x45cm"}]},{"@type":"WebSite","@id":"https:\/\/www.food4animals.nl\/en\/#website","url":"https:\/\/www.food4animals.nl\/en\/","name":"Lebensmittel4Tiere","description":"Alles f\u00fcr Reiter und Tier","publisher":{"@id":"https:\/\/www.food4animals.nl\/en\/#organization"},"potentialAction":[{"@type":"SearchAction","target":{"@type":"EntryPoint","urlTemplate":"https:\/\/www.food4animals.nl\/en\/?s={search_term_string}"},"query-input":{"@type":"PropertyValueSpecification","valueRequired":true,"valueName":"search_term_string"}}],"inLanguage":"de"},{"@type":"Organization","@id":"https:\/\/www.food4animals.nl\/en\/#organization","name":"Lebensmittel4Tiere","url":"https:\/\/www.food4animals.nl\/en\/","logo":{"@type":"ImageObject","inLanguage":"de","@id":"https:\/\/www.food4animals.nl\/en\/#\/schema\/logo\/image\/","url":"https:\/\/www.food4animals.nl\/wp-content\/uploads\/2023\/10\/Logo.svg","contentUrl":"https:\/\/www.food4animals.nl\/wp-content\/uploads\/2023\/10\/Logo.svg","width":1,"height":1,"caption":"Food4animals"},"image":{"@id":"https:\/\/www.food4animals.nl\/en\/#\/schema\/logo\/image\/"},"sameAs":["https:\/\/www.facebook.com\/p\/Food4animals-100063861676074\/","https:\/\/x.com\/food4animals"]}]}},"_links":{"self":[{"href":"https:\/\/www.food4animals.nl\/de\/wp-json\/wp\/v2\/product\/15561","targetHints":{"allow":["GET"]}}],"collection":[{"href":"https:\/\/www.food4animals.nl\/de\/wp-json\/wp\/v2\/product"}],"about":[{"href":"https:\/\/www.food4animals.nl\/de\/wp-json\/wp\/v2\/types\/product"}],"wp:featuredmedia":[{"embeddable":true,"href":"https:\/\/www.food4animals.nl\/de\/wp-json\/wp\/v2\/media\/41390"}],"wp:attachment":[{"href":"https:\/\/www.food4animals.nl\/de\/wp-json\/wp\/v2\/media?parent=15561"}],"wp:term":[{"taxonomy":"product_brand","embeddable":true,"href":"https:\/\/www.food4animals.nl\/de\/wp-json\/wp\/v2\/product_brand?post=15561"},{"taxonomy":"product_cat","embeddable":true,"href":"https:\/\/www.food4animals.nl\/de\/wp-json\/wp\/v2\/product_cat?post=15561"},{"taxonomy":"product_tag","embeddable":true,"href":"https:\/\/www.food4animals.nl\/de\/wp-json\/wp\/v2\/product_tag?post=15561"}],"curies":[{"name":"wp","href":"https:\/\/api.w.org\/{rel}","templated":true}]}}