{"id":15629,"date":"2023-12-14T17:44:46","date_gmt":"2023-12-14T17:44:46","guid":{"rendered":"https:\/\/food4animals.nl\/product\/spotted-pro-leren-trainingslijn-bruin-16x250cm\/"},"modified":"2026-04-10T01:44:26","modified_gmt":"2026-04-10T00:44:26","slug":"spotted-pro-leren-trainingslijn-bruin-16x250cm","status":"publish","type":"product","link":"https:\/\/www.food4animals.nl\/de\/produkt\/spotted-pro-leren-trainingslijn-bruin-16x250cm\/","title":{"rendered":"Spotted! Pro Leren Trainingslijn Bruin 1,6x250cm"},"content":{"rendered":"<p><span style=\"font-size: 10pt;\">G\u00f6nnen Sie sich und Ihrem Hund das Beste mit dieser hochwertigen Trainingsleine aus Leder! Diese Leine ist extra lang und daher sehr gut f\u00fcr Trainingszwecke geeignet. Hergestellt aus Oberleder vom Rind. Dieses ist vollst\u00e4ndig gegerbt und daher weich und geschmeidig. Dank dieses Gerbungsprozesses ist die Hautstruktur noch sichtbar, was f\u00fcr ein sch\u00f6nes, nat\u00fcrliches Aussehen sorgt. Dieses Leder wird mit nat\u00fcrlichem \u00d6l gefinisht, was seine Geschmeidigkeit noch erh\u00f6ht! Die Metallteile der Linie sind in stilvollem und rustikalem Altsilber ausgef\u00fchrt. Somit k\u00f6nnen Sie von diesem Produkt die folgenden Eigenschaften erwarten:<\/span><\/p>\n<ul>\n<li><span style=\"font-size: 10pt;\">Qualit\u00e4t<\/span><\/li>\n<li><span style=\"font-size: 10pt;\">Nachhaltigkeit<\/span><\/li>\n<li><span style=\"font-size: 10pt;\">Flexibilit\u00e4t<\/span><\/li>\n<li><span style=\"font-size: 10pt;\">Eignung f\u00fcr den t\u00e4glichen Gebrauch<\/span><\/li>\n<li><span style=\"font-size: 10pt;\">Widerstandsf\u00e4hig gegen \u00e4u\u00dfere Einfl\u00fcsse wie Licht, Schmutz und Staub<\/span><\/li>\n<li><span style=\"font-size: 10pt;\">Extra L\u00e4nge f\u00fcr Ausbildungszwecke<\/span><\/li>\n<\/ul>\n<p><span style=\"font-size: 10pt;\">Nachstehend finden Sie eine \u00dcbersicht der Produktcodes f\u00fcr Gr\u00f6\u00dfe und Farbe.<\/span><\/p>\n<p><span style=\"font-size: 10pt;\">Gr\u00f6\u00dfenordnung:<\/span><\/p>\n<ul>\n<li><span style=\"font-size: 10pt;\">SPOT0042 = 1,6 cm x 250 cm<\/span><\/li>\n<li><span style=\"font-size: 10pt;\">SPOT0044 = 2 cm x 250 cm<\/span><\/li>\n<\/ul>\n<p><span style=\"font-size: 10pt;\">Farbe:<\/span><\/p>\n<ul>\n<li><span style=\"font-size: 10pt;\">A = Schwarz<\/span><\/li>\n<li><span style=\"font-size: 10pt;\">B = Grau<\/span><\/li>\n<li><span style=\"font-size: 10pt;\">C = Braun<\/span><\/li>\n<li><span style=\"font-size: 10pt;\">D = Cognac\u00a0\u00a0\u00a0\u00a0\u00a0\u00a0\u00a0\u00a0 <em>(also z.B. SPOT0044D = 2 cm x 250 cm in Cognacfarbe)<\/em><\/span><\/li>\n<\/ul>\n<p><span style=\"font-size: 10pt;\">Tun Sie sich und Ihrem Hund einen gro\u00dfen Gefallen und machen Sie jeden Spaziergang zu einem Fest mit dieser fantastischen Spotted! Pro Trainingsleine!<\/span><\/p>\n<p>\u00a0<\/p>\n<p>\u00a0<\/p>\n<p>\u00a0<\/p>","protected":false},"excerpt":{"rendered":"<p>Gesichtet! Pro Hochwertige Leder-Trainingsleine<\/p>","protected":false},"featured_media":41459,"template":"","meta":{"_acf_changed":false},"product_brand":[],"product_cat":[937,821],"product_tag":[2845,2865],"class_list":{"0":"post-15629","1":"product","2":"type-product","3":"status-publish","4":"has-post-thumbnail","6":"product_cat-accessoires","7":"product_cat-hond","8":"product_tag-spotted-pro","9":"product_tag-spotted-pro-leren-trainingslijn","10":"tax_brand-spotted-pro","12":"first","13":"instock","14":"taxable","15":"shipping-taxable","16":"purchasable","17":"product-type-simple"},"acf":[],"yoast_head":"<!-- This site is optimized with the Yoast SEO plugin v27.2 - https:\/\/yoast.com\/product\/yoast-seo-wordpress\/ -->\n<title>Spotted! Pro Leren Trainingslijn Bruin 1,6x250cm - Food4animals<\/title>\n<meta name=\"robots\" content=\"index, follow, max-snippet:-1, max-image-preview:large, max-video-preview:-1\" \/>\n<link rel=\"canonical\" href=\"https:\/\/www.food4animals.nl\/de\/produkt\/spotted-pro-leren-trainingslijn-bruin-16x250cm\/\" \/>\n<meta property=\"og:locale\" content=\"de_DE\" \/>\n<meta property=\"og:type\" content=\"article\" \/>\n<meta property=\"og:title\" content=\"Spotted! Pro Leren Trainingslijn Bruin 1,6x250cm - Food4animals\" \/>\n<meta property=\"og:description\" content=\"Spotted! Pro Hoogwaardige kwaliteit lederen trainingslijn\" \/>\n<meta property=\"og:url\" content=\"https:\/\/www.food4animals.nl\/de\/produkt\/spotted-pro-leren-trainingslijn-bruin-16x250cm\/\" \/>\n<meta property=\"og:site_name\" content=\"Food4animals\" \/>\n<meta property=\"article:publisher\" content=\"https:\/\/www.facebook.com\/p\/Food4animals-100063861676074\/\" \/>\n<meta property=\"article:modified_time\" content=\"2026-04-10T00:44:26+00:00\" \/>\n<meta property=\"og:image\" content=\"https:\/\/www.food4animals.nl\/wp-content\/uploads\/2025\/11\/SPOT0042C.png\" \/>\n\t<meta property=\"og:image:width\" content=\"1024\" \/>\n\t<meta property=\"og:image:height\" content=\"1024\" \/>\n\t<meta property=\"og:image:type\" content=\"image\/png\" \/>\n<meta name=\"twitter:card\" content=\"summary_large_image\" \/>\n<meta name=\"twitter:site\" content=\"@food4animals\" \/>\n<meta name=\"twitter:label1\" content=\"Gesch\u00e4tzte Lesezeit\" \/>\n\t<meta name=\"twitter:data1\" content=\"1\u00a0Minute\" \/>\n<script type=\"application\/ld+json\" class=\"yoast-schema-graph\">{\"@context\":\"https:\/\/schema.org\",\"@graph\":[{\"@type\":\"WebPage\",\"@id\":\"https:\/\/www.food4animals.nl\/product\/spotted-pro-leren-trainingslijn-bruin-16x250cm\/\",\"url\":\"https:\/\/www.food4animals.nl\/product\/spotted-pro-leren-trainingslijn-bruin-16x250cm\/\",\"name\":\"Spotted! Pro Leren Trainingslijn Bruin 1,6x250cm - Food4animals\",\"isPartOf\":{\"@id\":\"https:\/\/www.food4animals.nl\/en\/#website\"},\"primaryImageOfPage\":{\"@id\":\"https:\/\/www.food4animals.nl\/product\/spotted-pro-leren-trainingslijn-bruin-16x250cm\/#primaryimage\"},\"image\":{\"@id\":\"https:\/\/www.food4animals.nl\/product\/spotted-pro-leren-trainingslijn-bruin-16x250cm\/#primaryimage\"},\"thumbnailUrl\":\"https:\/\/www.food4animals.nl\/wp-content\/uploads\/2025\/11\/SPOT0042C.png\",\"datePublished\":\"2023-12-14T17:44:46+00:00\",\"dateModified\":\"2026-04-10T00:44:26+00:00\",\"breadcrumb\":{\"@id\":\"https:\/\/www.food4animals.nl\/product\/spotted-pro-leren-trainingslijn-bruin-16x250cm\/#breadcrumb\"},\"inLanguage\":\"de\",\"potentialAction\":[{\"@type\":\"ReadAction\",\"target\":[\"https:\/\/www.food4animals.nl\/product\/spotted-pro-leren-trainingslijn-bruin-16x250cm\/\"]}]},{\"@type\":\"ImageObject\",\"inLanguage\":\"de\",\"@id\":\"https:\/\/www.food4animals.nl\/product\/spotted-pro-leren-trainingslijn-bruin-16x250cm\/#primaryimage\",\"url\":\"https:\/\/www.food4animals.nl\/wp-content\/uploads\/2025\/11\/SPOT0042C.png\",\"contentUrl\":\"https:\/\/www.food4animals.nl\/wp-content\/uploads\/2025\/11\/SPOT0042C.png\",\"width\":1024,\"height\":1024},{\"@type\":\"BreadcrumbList\",\"@id\":\"https:\/\/www.food4animals.nl\/product\/spotted-pro-leren-trainingslijn-bruin-16x250cm\/#breadcrumb\",\"itemListElement\":[{\"@type\":\"ListItem\",\"position\":1,\"name\":\"Home\",\"item\":\"https:\/\/www.food4animals.nl\/\"},{\"@type\":\"ListItem\",\"position\":2,\"name\":\"Winkel\",\"item\":\"https:\/\/www.food4animals.nl\/winkel\/\"},{\"@type\":\"ListItem\",\"position\":3,\"name\":\"Spotted! Pro Leren Trainingslijn Bruin 1,6x250cm\"}]},{\"@type\":\"WebSite\",\"@id\":\"https:\/\/www.food4animals.nl\/en\/#website\",\"url\":\"https:\/\/www.food4animals.nl\/en\/\",\"name\":\"Food4animals\",\"description\":\"Alles voor Ruiter en Dier\",\"publisher\":{\"@id\":\"https:\/\/www.food4animals.nl\/en\/#organization\"},\"potentialAction\":[{\"@type\":\"SearchAction\",\"target\":{\"@type\":\"EntryPoint\",\"urlTemplate\":\"https:\/\/www.food4animals.nl\/en\/?s={search_term_string}\"},\"query-input\":{\"@type\":\"PropertyValueSpecification\",\"valueRequired\":true,\"valueName\":\"search_term_string\"}}],\"inLanguage\":\"de\"},{\"@type\":\"Organization\",\"@id\":\"https:\/\/www.food4animals.nl\/en\/#organization\",\"name\":\"Food4animals\",\"url\":\"https:\/\/www.food4animals.nl\/en\/\",\"logo\":{\"@type\":\"ImageObject\",\"inLanguage\":\"de\",\"@id\":\"https:\/\/www.food4animals.nl\/en\/#\/schema\/logo\/image\/\",\"url\":\"https:\/\/www.food4animals.nl\/wp-content\/uploads\/2023\/10\/Logo.svg\",\"contentUrl\":\"https:\/\/www.food4animals.nl\/wp-content\/uploads\/2023\/10\/Logo.svg\",\"width\":1,\"height\":1,\"caption\":\"Food4animals\"},\"image\":{\"@id\":\"https:\/\/www.food4animals.nl\/en\/#\/schema\/logo\/image\/\"},\"sameAs\":[\"https:\/\/www.facebook.com\/p\/Food4animals-100063861676074\/\",\"https:\/\/x.com\/food4animals\"]}]}<\/script>\n<!-- \/ Yoast SEO plugin. -->","yoast_head_json":{"title":"Spotted! Pro Leren Trainingslijn Bruin 1,6x250cm - Food4animals","robots":{"index":"index","follow":"follow","max-snippet":"max-snippet:-1","max-image-preview":"max-image-preview:large","max-video-preview":"max-video-preview:-1"},"canonical":"https:\/\/www.food4animals.nl\/de\/produkt\/spotted-pro-leren-trainingslijn-bruin-16x250cm\/","og_locale":"de_DE","og_type":"article","og_title":"Spotted! Pro Leren Trainingslijn Bruin 1,6x250cm - Food4animals","og_description":"Spotted! Pro Hoogwaardige kwaliteit lederen trainingslijn","og_url":"https:\/\/www.food4animals.nl\/de\/produkt\/spotted-pro-leren-trainingslijn-bruin-16x250cm\/","og_site_name":"Food4animals","article_publisher":"https:\/\/www.facebook.com\/p\/Food4animals-100063861676074\/","article_modified_time":"2026-04-10T00:44:26+00:00","og_image":[{"width":1024,"height":1024,"url":"https:\/\/www.food4animals.nl\/wp-content\/uploads\/2025\/11\/SPOT0042C.png","type":"image\/png"}],"twitter_card":"summary_large_image","twitter_site":"@food4animals","twitter_misc":{"Gesch\u00e4tzte Lesezeit":"1\u00a0Minute"},"schema":{"@context":"https:\/\/schema.org","@graph":[{"@type":"WebPage","@id":"https:\/\/www.food4animals.nl\/product\/spotted-pro-leren-trainingslijn-bruin-16x250cm\/","url":"https:\/\/www.food4animals.nl\/product\/spotted-pro-leren-trainingslijn-bruin-16x250cm\/","name":"Spotted! Pro Leren Trainingslijn Bruin 1,6x250cm - Food4animals","isPartOf":{"@id":"https:\/\/www.food4animals.nl\/en\/#website"},"primaryImageOfPage":{"@id":"https:\/\/www.food4animals.nl\/product\/spotted-pro-leren-trainingslijn-bruin-16x250cm\/#primaryimage"},"image":{"@id":"https:\/\/www.food4animals.nl\/product\/spotted-pro-leren-trainingslijn-bruin-16x250cm\/#primaryimage"},"thumbnailUrl":"https:\/\/www.food4animals.nl\/wp-content\/uploads\/2025\/11\/SPOT0042C.png","datePublished":"2023-12-14T17:44:46+00:00","dateModified":"2026-04-10T00:44:26+00:00","breadcrumb":{"@id":"https:\/\/www.food4animals.nl\/product\/spotted-pro-leren-trainingslijn-bruin-16x250cm\/#breadcrumb"},"inLanguage":"de","potentialAction":[{"@type":"ReadAction","target":["https:\/\/www.food4animals.nl\/product\/spotted-pro-leren-trainingslijn-bruin-16x250cm\/"]}]},{"@type":"ImageObject","inLanguage":"de","@id":"https:\/\/www.food4animals.nl\/product\/spotted-pro-leren-trainingslijn-bruin-16x250cm\/#primaryimage","url":"https:\/\/www.food4animals.nl\/wp-content\/uploads\/2025\/11\/SPOT0042C.png","contentUrl":"https:\/\/www.food4animals.nl\/wp-content\/uploads\/2025\/11\/SPOT0042C.png","width":1024,"height":1024},{"@type":"BreadcrumbList","@id":"https:\/\/www.food4animals.nl\/product\/spotted-pro-leren-trainingslijn-bruin-16x250cm\/#breadcrumb","itemListElement":[{"@type":"ListItem","position":1,"name":"Home","item":"https:\/\/www.food4animals.nl\/"},{"@type":"ListItem","position":2,"name":"Winkel","item":"https:\/\/www.food4animals.nl\/winkel\/"},{"@type":"ListItem","position":3,"name":"Spotted! Pro Leren Trainingslijn Bruin 1,6x250cm"}]},{"@type":"WebSite","@id":"https:\/\/www.food4animals.nl\/en\/#website","url":"https:\/\/www.food4animals.nl\/en\/","name":"Lebensmittel4Tiere","description":"Alles f\u00fcr Reiter und Tier","publisher":{"@id":"https:\/\/www.food4animals.nl\/en\/#organization"},"potentialAction":[{"@type":"SearchAction","target":{"@type":"EntryPoint","urlTemplate":"https:\/\/www.food4animals.nl\/en\/?s={search_term_string}"},"query-input":{"@type":"PropertyValueSpecification","valueRequired":true,"valueName":"search_term_string"}}],"inLanguage":"de"},{"@type":"Organization","@id":"https:\/\/www.food4animals.nl\/en\/#organization","name":"Lebensmittel4Tiere","url":"https:\/\/www.food4animals.nl\/en\/","logo":{"@type":"ImageObject","inLanguage":"de","@id":"https:\/\/www.food4animals.nl\/en\/#\/schema\/logo\/image\/","url":"https:\/\/www.food4animals.nl\/wp-content\/uploads\/2023\/10\/Logo.svg","contentUrl":"https:\/\/www.food4animals.nl\/wp-content\/uploads\/2023\/10\/Logo.svg","width":1,"height":1,"caption":"Food4animals"},"image":{"@id":"https:\/\/www.food4animals.nl\/en\/#\/schema\/logo\/image\/"},"sameAs":["https:\/\/www.facebook.com\/p\/Food4animals-100063861676074\/","https:\/\/x.com\/food4animals"]}]}},"_links":{"self":[{"href":"https:\/\/www.food4animals.nl\/de\/wp-json\/wp\/v2\/product\/15629","targetHints":{"allow":["GET"]}}],"collection":[{"href":"https:\/\/www.food4animals.nl\/de\/wp-json\/wp\/v2\/product"}],"about":[{"href":"https:\/\/www.food4animals.nl\/de\/wp-json\/wp\/v2\/types\/product"}],"wp:featuredmedia":[{"embeddable":true,"href":"https:\/\/www.food4animals.nl\/de\/wp-json\/wp\/v2\/media\/41459"}],"wp:attachment":[{"href":"https:\/\/www.food4animals.nl\/de\/wp-json\/wp\/v2\/media?parent=15629"}],"wp:term":[{"taxonomy":"product_brand","embeddable":true,"href":"https:\/\/www.food4animals.nl\/de\/wp-json\/wp\/v2\/product_brand?post=15629"},{"taxonomy":"product_cat","embeddable":true,"href":"https:\/\/www.food4animals.nl\/de\/wp-json\/wp\/v2\/product_cat?post=15629"},{"taxonomy":"product_tag","embeddable":true,"href":"https:\/\/www.food4animals.nl\/de\/wp-json\/wp\/v2\/product_tag?post=15629"}],"curies":[{"name":"wp","href":"https:\/\/api.w.org\/{rel}","templated":true}]}}